{"id":47829,"date":"2024-01-16T09:00:29","date_gmt":"2024-01-16T08:00:29","guid":{"rendered":"https:\/\/pistonaddict.com\/product\/morgan-roadster-v6-3-0\/"},"modified":"2024-03-20T09:43:44","modified_gmt":"2024-03-20T08:43:44","slug":"morgan-roadster-v6-3-0","status":"publish","type":"product","link":"https:\/\/pistonaddict.com\/fr\/product\/morgan-roadster-v6-3-0\/","title":{"rendered":"Morgan Roadster V6 3.0"},"content":{"rendered":"<p><strong>Histoire de l&#8217;automobile<\/strong><\/p>\n<p>L&#8217;actuel propri\u00e9taire de cet \u00e9l\u00e9gant roadster l&#8217;a acquis en 2010 alors qu&#8217;il n&#8217;avait que trois ans. Elle a \u00e9t\u00e9 livr\u00e9e neuve et a pass\u00e9 toute sa vie en Espagne, o\u00f9 elle a \u00e9t\u00e9 utilis\u00e9e pour des promenades relaxantes le long de la c\u00f4te. Cette g\u00e9n\u00e9ration du v\u00e9n\u00e9rable roadster de Morgan a \u00e9t\u00e9 introduite en 2004, et bien qu&#8217;elle soit presque indiscernable de l&#8217;ext\u00e9rieur, elle pr\u00e9sente une am\u00e9lioration tr\u00e8s appr\u00e9ci\u00e9e sous son long capot &#8211; le V6 Duratec de 3,0 litres de Ford. Avec ses 24 soupapes, sa construction moderne et sa fiabilit\u00e9 in\u00e9gal\u00e9e, le V6 de Ford est meilleur que l&#8217;ancien Rover V8 utilis\u00e9 par Morgan, et ce \u00e0 tous points de vue. Ce moteur d\u00e9livre une puissance respectable de 223 ch, et comme le V6 est plus court que le V8, il est situ\u00e9 plus au centre de la voiture, ce qui lui conf\u00e8re une meilleure maniabilit\u00e9. Comme vous le savez sans doute, l&#8217;un des secrets de la dynamique de conduite unique de la Morgan est son ch\u00e2ssis, partiellement en bois. Ainsi, lorsque vous avez un roadster qui p\u00e8se \u00e0 peine une tonne, vous vivez une exp\u00e9rience de conduite intense et vous remarquez chaque d\u00e9tail de la conduite, de l&#8217;acc\u00e9l\u00e9ration et de la maniabilit\u00e9. En outre, elle peut atteindre 100 km\/h en 5,5 secondes, ce qui la rend tr\u00e8s excitante \u00e0 conduire.<\/p>\n<p><strong>Condition<\/strong><\/p>\n<p>Cette Morgan Roadster a parcouru un peu plus de 41 000 kilom\u00e8tres et a eu deux propri\u00e9taires depuis sa cr\u00e9ation. L&#8217;\u00e9tat g\u00e9n\u00e9ral est tr\u00e8s bon, sans dommages, ni accidents, ni r\u00e9parations ext\u00e9rieures. Il a \u00e9t\u00e9 r\u00e9guli\u00e8rement entretenu sans aucune modification du moteur, de la carrosserie ou de la suspension. Le propri\u00e9taire a r\u00e9cemment r\u00e9vis\u00e9 les freins et effectu\u00e9 une analyse d&#8217;huile qui s&#8217;est r\u00e9v\u00e9l\u00e9e n\u00e9gative, ce qui signifie que le moteur est en parfait \u00e9tat. On s&#8217;y attendait puisque le V6 3,0 litres de Ford est r\u00e9put\u00e9 pour sa durabilit\u00e9 et sa long\u00e9vit\u00e9.<\/p>\n<p><strong>Int\u00e9rieur<\/strong><\/p>\n<p>L&#8217;une des meilleures caract\u00e9ristiques de la Morgan Roadster \u00e9tait son int\u00e9rieur classique mais \u00e9l\u00e9gant, et, dans ce cas, il a \u00e9t\u00e9 am\u00e9lior\u00e9 avec le l\u00e9gendaire volant en bois Moto-Lita. Le tableau de bord en bois comporte une instrumentation compl\u00e8te, un syst\u00e8me audio et une horloge. Par ailleurs, les si\u00e8ges sont rev\u00eatus d&#8217;un magnifique cuir beige, en parfait \u00e9tat et parfaitement assorti \u00e0 la couleur ext\u00e9rieure. La capote noire est \u00e9galement en tr\u00e8s bon \u00e9tat et n&#8217;a \u00e9t\u00e9 que rarement utilis\u00e9e, le v\u00e9hicule ayant \u00e9t\u00e9 stock\u00e9 dans le garage et conduit par beau temps. La couverture int\u00e9rieure originale de Morgan est \u00e9galement incluse.<\/p>\n<p><strong>Ext\u00e9rieur et roues<\/strong><\/p>\n<p>Officiellement appel\u00e9e Connaught Green, mais plus connue sous le nom de BRG (British Racing Green), cette Morgan arbore la couleur la plus recherch\u00e9e de toutes. Une teinte sombre classique qui s&#8217;harmonise parfaitement avec l&#8217;int\u00e9rieur beige est la sp\u00e9cification ultime pour tout roadster britannique classique. La carrosserie est en parfait \u00e9tat, sans rayures ni d\u00e9coloration, avec des d\u00e9tails int\u00e9ressants comme les phares antibrouillard, les \u00e9cussons et les ceintures en cuir qui maintiennent le capot en place (l&#8217;autocollant sur le capot peut facilement \u00eatre enlev\u00e9). Le look est compl\u00e9t\u00e9 par des jantes en fil de fer de 18 pouces chauss\u00e9es de pneus Yokohama, ainsi que par une roue de secours de grande taille mont\u00e9e \u00e0 l&#8217;arri\u00e8re. Les roues peuvent sembler dater des ann\u00e9es 40, mais il s&#8217;agit de pi\u00e8ces neuves et recr\u00e9\u00e9es avec amour, con\u00e7ues pour accueillir des gommes modernes.<\/p>\n<p><strong>Documentation<\/strong><\/p>\n<p>Il s&#8217;agit d&#8217;un v\u00e9hicule priv\u00e9 avec la documentation appropri\u00e9e situ\u00e9 \u00e0 Palma de Mallorca, en Espagne. Les rapports sont clairs ; il n&#8217;existe aucune preuve d&#8217;accident, de r\u00e9paration d&#8217;accident, de propri\u00e9t\u00e9 ou de probl\u00e8mes juridiques. Il existe des documents attestant d&#8217;un entretien r\u00e9gulier depuis 2020.<br \/>\nVous pouvez consulter le CarFax de cette Morgan Roadster V6 convertible <a href=\"https:\/\/pistonaddict.com\/wp-content\/uploads\/2023\/08\/CARFAX-Vehicle-History-Report-MORGAN-ROADSTER-Convertible-2007.pdf\">ici<\/a>. Le <strong>contr\u00f4le technique espagnol (ITV) est pass\u00e9 et valide jusqu&#8217;au 4 ao\u00fbt 2024<\/strong>.<\/p>\n<p><strong>\u00c9quipements et extras<\/strong><\/p>\n<p>&#8211; Volant classique en bois Motolita<br \/>\n&#8211; Tableau de bord en bois<br \/>\n&#8211; Pommeau de levier de vitesse en acier<br \/>\n&#8211; Poches lat\u00e9rales dans les portes en cuir<br \/>\n&#8211; Garnitures de barre transversale du bouclier Morgan<br \/>\n&#8211; Garnitures de serrure int\u00e9rieure avec bouclier Morgan<br \/>\n&#8211; Horloge<br \/>\n&#8211; Radio CD\/MP3 Blaupunkt<br \/>\n&#8211; 2 feux avant suppl\u00e9mentaires<br \/>\n&#8211; Ceinture int\u00e9rieure en cuir doubl\u00e9e de peau de mouton sur le dessus du capot<br \/>\n&#8211; Parasols en cuir noir<br \/>\n&#8211; D\u00e9connecteur de batterie antivol<br \/>\n&#8211; Barre avant pour badges\/\u00e9crans<br \/>\n&#8211; Couvre-capot en cuir noir avec bouclier Morgan<br \/>\n&#8211; 2 housses en cuir noir pour les vitres en m\u00e9thacrylate avec bouclier Morgan<br \/>\n&#8211; Housse de protection int\u00e9rieure pour la voiture (tissu bleu) avec bouclier Morgan<\/p>\n<p><strong>D\u00e9couvrez la vid\u00e9o du d\u00e9marrage \u00e0 froid de ce magnifique cabriolet Morgan Roadster V6 :<\/strong><\/p>\n<p><iframe title=\"Cold Start : Morgan Roadster V6 3.0 on PistonAddict.com\" width=\"1200\" height=\"675\" src=\"https:\/\/www.youtube.com\/embed\/yLSfe-ePOFg?start=29&#038;feature=oembed\" frameborder=\"0\" allow=\"accelerometer; autoplay; clipboard-write; encrypted-media; gyroscope; picture-in-picture; web-share\" allowfullscreen><\/iframe><\/p>\n","protected":false},"excerpt":{"rendered":"<p>Parmi les nombreux classiques britanniques, la Morgan Roadster est ind\u00e9niablement et essentiellement l&#8217;incarnation du charme britannique sous forme d&#8217;automobile. Avec un design intemporel qui remonte aux premiers jours des roadsters et une lign\u00e9e de mod\u00e8les ininterrompue depuis 1950, la Morgan Plus Six moderne est une combinaison irr\u00e9sistible de construction unique, de production sur mesure et \u00e0 la main, et d&#8217;un puissant V6 qui transforme ce v\u00e9ritable classique en une voiture de sport d\u00e9capotable performante.<\/p>\n","protected":false},"featured_media":46730,"comment_status":"open","ping_status":"closed","template":"","meta":{"inline_featured_image":false},"product_cat":[754],"product_tag":[2013,2011,2007,2009,950],"acf":[],"yoast_head":"<!-- This site is optimized with the Yoast SEO plugin v22.5 - https:\/\/yoast.com\/wordpress\/plugins\/seo\/ -->\n<title>Morgan Roadster V6 3.0 auction - Piston Addict.<\/title>\n<meta name=\"description\" content=\"Superbe Morgan Roadster V6 3.0 de 2007 en excellent \u00e9tat en vente aux ench\u00e8res sur PistonAddict.com\" \/>\n<meta name=\"robots\" content=\"index, follow, max-snippet:-1, max-image-preview:large, max-video-preview:-1\" \/>\n<link rel=\"canonical\" href=\"https:\/\/pistonaddict.com\/fr\/product\/morgan-roadster-v6-3-0\/\" \/>\n<meta property=\"og:locale\" content=\"fr_FR\" \/>\n<meta property=\"og:type\" content=\"article\" \/>\n<meta property=\"og:title\" content=\"Morgan Roadster V6 3.0 auction - Piston Addict.\" \/>\n<meta property=\"og:description\" content=\"Superbe Morgan Roadster V6 3.0 de 2007 en excellent \u00e9tat en vente aux ench\u00e8res sur PistonAddict.com\" \/>\n<meta property=\"og:url\" content=\"https:\/\/pistonaddict.com\/fr\/product\/morgan-roadster-v6-3-0\/\" \/>\n<meta property=\"og:site_name\" content=\"Piston Addict\" \/>\n<meta property=\"article:modified_time\" content=\"2024-03-20T08:43:44+00:00\" \/>\n<meta property=\"og:image\" content=\"https:\/\/pistonaddict.com\/wp-content\/uploads\/2023\/08\/DSC0169-scaled.jpg\" \/>\n\t<meta property=\"og:image:width\" content=\"2560\" \/>\n\t<meta property=\"og:image:height\" content=\"1707\" \/>\n\t<meta property=\"og:image:type\" content=\"image\/jpeg\" \/>\n<meta name=\"twitter:card\" content=\"summary_large_image\" \/>\n<meta name=\"twitter:label1\" content=\"Dur\u00e9e de lecture estim\u00e9e\" \/>\n\t<meta name=\"twitter:data1\" content=\"4 minutes\" \/>\n<script type=\"application\/ld+json\" class=\"yoast-schema-graph\">{\"@context\":\"https:\/\/schema.org\",\"@graph\":[{\"@type\":\"WebPage\",\"@id\":\"https:\/\/pistonaddict.com\/fr\/product\/morgan-roadster-v6-3-0\/\",\"url\":\"https:\/\/pistonaddict.com\/fr\/product\/morgan-roadster-v6-3-0\/\",\"name\":\"Morgan Roadster V6 3.0 auction - Piston Addict.\",\"isPartOf\":{\"@id\":\"https:\/\/pistonaddict.com\/fr\/#website\"},\"primaryImageOfPage\":{\"@id\":\"https:\/\/pistonaddict.com\/fr\/product\/morgan-roadster-v6-3-0\/#primaryimage\"},\"image\":{\"@id\":\"https:\/\/pistonaddict.com\/fr\/product\/morgan-roadster-v6-3-0\/#primaryimage\"},\"thumbnailUrl\":\"https:\/\/pistonaddict.com\/wp-content\/uploads\/2023\/08\/DSC0169-scaled.jpg\",\"datePublished\":\"2024-01-16T08:00:29+00:00\",\"dateModified\":\"2024-03-20T08:43:44+00:00\",\"description\":\"Superbe Morgan Roadster V6 3.0 de 2007 en excellent \u00e9tat en vente aux ench\u00e8res sur PistonAddict.com\",\"breadcrumb\":{\"@id\":\"https:\/\/pistonaddict.com\/fr\/product\/morgan-roadster-v6-3-0\/#breadcrumb\"},\"inLanguage\":\"fr-FR\",\"potentialAction\":[{\"@type\":\"ReadAction\",\"target\":[\"https:\/\/pistonaddict.com\/fr\/product\/morgan-roadster-v6-3-0\/\"]}]},{\"@type\":\"ImageObject\",\"inLanguage\":\"fr-FR\",\"@id\":\"https:\/\/pistonaddict.com\/fr\/product\/morgan-roadster-v6-3-0\/#primaryimage\",\"url\":\"https:\/\/pistonaddict.com\/wp-content\/uploads\/2023\/08\/DSC0169-scaled.jpg\",\"contentUrl\":\"https:\/\/pistonaddict.com\/wp-content\/uploads\/2023\/08\/DSC0169-scaled.jpg\",\"width\":2560,\"height\":1707},{\"@type\":\"BreadcrumbList\",\"@id\":\"https:\/\/pistonaddict.com\/fr\/product\/morgan-roadster-v6-3-0\/#breadcrumb\",\"itemListElement\":[{\"@type\":\"ListItem\",\"position\":1,\"name\":\"Homepage\",\"item\":\"https:\/\/pistonaddict.com\/fr\/page-daccueil\/\"},{\"@type\":\"ListItem\",\"position\":2,\"name\":\"Auctions\",\"item\":\"https:\/\/pistonaddict.com\/auctions-listing\/\"},{\"@type\":\"ListItem\",\"position\":3,\"name\":\"Morgan Roadster V6 3.0\"}]},{\"@type\":\"WebSite\",\"@id\":\"https:\/\/pistonaddict.com\/fr\/#website\",\"url\":\"https:\/\/pistonaddict.com\/fr\/\",\"name\":\"Piston Addict\",\"description\":\"Only interesting vehicles\",\"publisher\":{\"@id\":\"https:\/\/pistonaddict.com\/fr\/#organization\"},\"potentialAction\":[{\"@type\":\"SearchAction\",\"target\":{\"@type\":\"EntryPoint\",\"urlTemplate\":\"https:\/\/pistonaddict.com\/fr\/?s={search_term_string}\"},\"query-input\":\"required name=search_term_string\"}],\"inLanguage\":\"fr-FR\"},{\"@type\":\"Organization\",\"@id\":\"https:\/\/pistonaddict.com\/fr\/#organization\",\"name\":\"Piston Addict\",\"url\":\"https:\/\/pistonaddict.com\/fr\/\",\"logo\":{\"@type\":\"ImageObject\",\"inLanguage\":\"fr-FR\",\"@id\":\"https:\/\/pistonaddict.com\/fr\/#\/schema\/logo\/image\/\",\"url\":\"https:\/\/pistonaddict.com\/wp-content\/uploads\/2022\/07\/logo-6.png\",\"contentUrl\":\"https:\/\/pistonaddict.com\/wp-content\/uploads\/2022\/07\/logo-6.png\",\"width\":970,\"height\":200,\"caption\":\"Piston Addict\"},\"image\":{\"@id\":\"https:\/\/pistonaddict.com\/fr\/#\/schema\/logo\/image\/\"}}]}<\/script>\n<!-- \/ Yoast SEO plugin. -->","yoast_head_json":{"title":"Morgan Roadster V6 3.0 auction - Piston Addict.","description":"Superbe Morgan Roadster V6 3.0 de 2007 en excellent \u00e9tat en vente aux ench\u00e8res sur PistonAddict.com","robots":{"index":"index","follow":"follow","max-snippet":"max-snippet:-1","max-image-preview":"max-image-preview:large","max-video-preview":"max-video-preview:-1"},"canonical":"https:\/\/pistonaddict.com\/fr\/product\/morgan-roadster-v6-3-0\/","og_locale":"fr_FR","og_type":"article","og_title":"Morgan Roadster V6 3.0 auction - Piston Addict.","og_description":"Superbe Morgan Roadster V6 3.0 de 2007 en excellent \u00e9tat en vente aux ench\u00e8res sur PistonAddict.com","og_url":"https:\/\/pistonaddict.com\/fr\/product\/morgan-roadster-v6-3-0\/","og_site_name":"Piston Addict","article_modified_time":"2024-03-20T08:43:44+00:00","og_image":[{"width":2560,"height":1707,"url":"https:\/\/pistonaddict.com\/wp-content\/uploads\/2023\/08\/DSC0169-scaled.jpg","type":"image\/jpeg"}],"twitter_card":"summary_large_image","twitter_misc":{"Dur\u00e9e de lecture estim\u00e9e":"4 minutes"},"schema":{"@context":"https:\/\/schema.org","@graph":[{"@type":"WebPage","@id":"https:\/\/pistonaddict.com\/fr\/product\/morgan-roadster-v6-3-0\/","url":"https:\/\/pistonaddict.com\/fr\/product\/morgan-roadster-v6-3-0\/","name":"Morgan Roadster V6 3.0 auction - Piston Addict.","isPartOf":{"@id":"https:\/\/pistonaddict.com\/fr\/#website"},"primaryImageOfPage":{"@id":"https:\/\/pistonaddict.com\/fr\/product\/morgan-roadster-v6-3-0\/#primaryimage"},"image":{"@id":"https:\/\/pistonaddict.com\/fr\/product\/morgan-roadster-v6-3-0\/#primaryimage"},"thumbnailUrl":"https:\/\/pistonaddict.com\/wp-content\/uploads\/2023\/08\/DSC0169-scaled.jpg","datePublished":"2024-01-16T08:00:29+00:00","dateModified":"2024-03-20T08:43:44+00:00","description":"Superbe Morgan Roadster V6 3.0 de 2007 en excellent \u00e9tat en vente aux ench\u00e8res sur PistonAddict.com","breadcrumb":{"@id":"https:\/\/pistonaddict.com\/fr\/product\/morgan-roadster-v6-3-0\/#breadcrumb"},"inLanguage":"fr-FR","potentialAction":[{"@type":"ReadAction","target":["https:\/\/pistonaddict.com\/fr\/product\/morgan-roadster-v6-3-0\/"]}]},{"@type":"ImageObject","inLanguage":"fr-FR","@id":"https:\/\/pistonaddict.com\/fr\/product\/morgan-roadster-v6-3-0\/#primaryimage","url":"https:\/\/pistonaddict.com\/wp-content\/uploads\/2023\/08\/DSC0169-scaled.jpg","contentUrl":"https:\/\/pistonaddict.com\/wp-content\/uploads\/2023\/08\/DSC0169-scaled.jpg","width":2560,"height":1707},{"@type":"BreadcrumbList","@id":"https:\/\/pistonaddict.com\/fr\/product\/morgan-roadster-v6-3-0\/#breadcrumb","itemListElement":[{"@type":"ListItem","position":1,"name":"Homepage","item":"https:\/\/pistonaddict.com\/fr\/page-daccueil\/"},{"@type":"ListItem","position":2,"name":"Auctions","item":"https:\/\/pistonaddict.com\/auctions-listing\/"},{"@type":"ListItem","position":3,"name":"Morgan Roadster V6 3.0"}]},{"@type":"WebSite","@id":"https:\/\/pistonaddict.com\/fr\/#website","url":"https:\/\/pistonaddict.com\/fr\/","name":"Piston Addict","description":"Only interesting vehicles","publisher":{"@id":"https:\/\/pistonaddict.com\/fr\/#organization"},"potentialAction":[{"@type":"SearchAction","target":{"@type":"EntryPoint","urlTemplate":"https:\/\/pistonaddict.com\/fr\/?s={search_term_string}"},"query-input":"required name=search_term_string"}],"inLanguage":"fr-FR"},{"@type":"Organization","@id":"https:\/\/pistonaddict.com\/fr\/#organization","name":"Piston Addict","url":"https:\/\/pistonaddict.com\/fr\/","logo":{"@type":"ImageObject","inLanguage":"fr-FR","@id":"https:\/\/pistonaddict.com\/fr\/#\/schema\/logo\/image\/","url":"https:\/\/pistonaddict.com\/wp-content\/uploads\/2022\/07\/logo-6.png","contentUrl":"https:\/\/pistonaddict.com\/wp-content\/uploads\/2022\/07\/logo-6.png","width":970,"height":200,"caption":"Piston Addict"},"image":{"@id":"https:\/\/pistonaddict.com\/fr\/#\/schema\/logo\/image\/"}}]}},"_links":{"self":[{"href":"https:\/\/pistonaddict.com\/fr\/wp-json\/wp\/v2\/product\/47829"}],"collection":[{"href":"https:\/\/pistonaddict.com\/fr\/wp-json\/wp\/v2\/product"}],"about":[{"href":"https:\/\/pistonaddict.com\/fr\/wp-json\/wp\/v2\/types\/product"}],"replies":[{"embeddable":true,"href":"https:\/\/pistonaddict.com\/fr\/wp-json\/wp\/v2\/comments?post=47829"}],"wp:featuredmedia":[{"embeddable":true,"href":"https:\/\/pistonaddict.com\/fr\/wp-json\/wp\/v2\/media\/46730"}],"wp:attachment":[{"href":"https:\/\/pistonaddict.com\/fr\/wp-json\/wp\/v2\/media?parent=47829"}],"wp:term":[{"taxonomy":"product_cat","embeddable":true,"href":"https:\/\/pistonaddict.com\/fr\/wp-json\/wp\/v2\/product_cat?post=47829"},{"taxonomy":"product_tag","embeddable":true,"href":"https:\/\/pistonaddict.com\/fr\/wp-json\/wp\/v2\/product_tag?post=47829"}],"curies":[{"name":"wp","href":"https:\/\/api.w.org\/{rel}","templated":true}]}}