{"id":45998,"date":"2023-06-16T15:02:15","date_gmt":"2023-06-16T13:02:15","guid":{"rendered":"https:\/\/pistonaddict.com\/product\/audi-r8-v10-red-dynamite\/"},"modified":"2023-12-20T09:46:35","modified_gmt":"2023-12-20T08:46:35","slug":"audi-r8-v10-red-dynamite","status":"publish","type":"product","link":"https:\/\/pistonaddict.com\/fr\/product\/audi-r8-v10-red-dynamite\/","title":{"rendered":"Audi R8 V10 Red Dynamite"},"content":{"rendered":"<h2>Ext\u00e9rieur<\/h2>\n<p>Avec une finition rouge vif et des d\u00e9tails noirs, cette Audi R8 peinte en rouge vif ne passera pas inaper\u00e7ue o\u00f9 qu&#8217;elle se trouve. En outre, des \u00e9l\u00e9ments tels que la calandre chrom\u00e9e et les coques de r\u00e9troviseurs en fibre de carbone ne font que renforcer son apparence. Mais, franchement, la R8 est une voiture \u00e9blouissante dans toutes les couleurs et ind\u00e9pendamment de la pr\u00e9sence de ces d\u00e9tails.<\/p>\n<p>En d\u00e9finitive, avec la R8, les concepteurs allemands sont parvenus \u00e0 un m\u00e9lange presque parfait d&#8217;agressivit\u00e9 et de subtilit\u00e9. Il est difficile de croire qu&#8217;il s&#8217;agit plus ou moins d&#8217;une Lamborgini Aventador en dessous, qui est bien plus tape-\u00e0-l&#8217;\u0153il et flamboyante. Par cons\u00e9quent, si vous recherchez une voiture de sport performante mais que vous ne voulez pas avoir l&#8217;air d&#8217;un frimeur, la R8 est l&#8217;une des meilleures options. Parmi les autres d\u00e9tails dignes d&#8217;int\u00e9r\u00eat de cette voiture \u00e0 deux places, citons un \u00e9norme aileron arri\u00e8re et des jantes de 20 pouces mont\u00e9es d&#8217;origine avec des pneus Good Year Eagle flambant neufs.<\/p>\n<h2>Int\u00e9rieur<\/h2>\n<p>L&#8217;int\u00e9rieur de cette R8 est domin\u00e9 par une combinaison de cuir noir, de surpiq\u00fbres rouges et de garnitures en fibre de carbone. Les si\u00e8ges, qui semblent sortir tout juste de l&#8217;usine, sont \u00e0 la fois souples et confortables. Le volant \u00e0 trois branches gain\u00e9 de cuir est dot\u00e9 de boutons de commande pour toutes les fonctions essentielles. Outre les boutons habituels, tels que ceux de la cha\u00eene st\u00e9r\u00e9o ou de l&#8217;ordinateur de bord, on y trouve le bouton de s\u00e9lection du mode de conduite, de contr\u00f4le du lancement et de r\u00e9glage du syst\u00e8me d&#8217;\u00e9chappement.<\/p>\n<p>Derri\u00e8re le volant se trouve un combin\u00e9 d&#8217;instruments num\u00e9rique qui, outre les informations de base, peut afficher bien d&#8217;autres choses. Cela comprend la navigation, la cam\u00e9ra de recul et la cha\u00eene st\u00e9r\u00e9o, qui, soit dit en passant, est fabriqu\u00e9e par le c\u00e9l\u00e8bre Bang&amp;Olufsen.<\/p>\n<h2>M\u00e9canique<\/h2>\n<p>Sous sa peau subtile et \u00e9l\u00e9gante, cette R8 de deuxi\u00e8me g\u00e9n\u00e9ration est dot\u00e9e d&#8217;un ch\u00e2ssis plus rigide et plus l\u00e9ger en aluminium et en fibre de carbone. Mais la partie la plus importante de cette voiture est, comme on peut s&#8217;y attendre, son moteur, un puissant V10 de 5,2 litres. Et comme il s&#8217;agit de ce qu&#8217;Audi appelle un mod\u00e8le Plus, il produit 610 chevaux et 560 Nm de couple, qui sont transmis \u00e0 toutes les roues par le biais d&#8217;un syst\u00e8me Quattro et d&#8217;une bo\u00eete de vitesses automatique \u00e0 7 rapports. Avec tout cela, cette R8 passera de 0 \u00e0 100 en environ 3 secondes et atteindra une vitesse maximale de 329 km\/h. Et pour garantir une puissance de freinage \u00e0 la hauteur de cette vitesse, les freins sont massifs tout autour.<\/p>\n<h2>Historique du v\u00e9hicule<\/h2>\n<p>Selon le vendeur, la derni\u00e8re r\u00e9vision de cette Audi R8 date d&#8217;octobre 2022, tandis que les freins ont \u00e9t\u00e9 r\u00e9vis\u00e9s il y a quelques jours. En outre, le tableau de bord ne pr\u00e9sente aucun d\u00e9faut ou avertissement connu. Enfin, \u00e0 en juger par les photos fournies, aucune imperfection de carrosserie n&#8217;est \u00e0 signaler.<\/p>\n<p>&nbsp;<\/p>\n<p><strong>Une empreinte de carte de cr\u00e9dit est n\u00e9cessaire pour acc\u00e9der \u00e0 la vente aux ench\u00e8res de ce v\u00e9hicule haut de gamme.<\/strong><\/p>\n","protected":false},"excerpt":{"rendered":"<p>La voiture mise en vente ici est sans doute l&#8217;un des mod\u00e8les les plus performants de sa cat\u00e9gorie : l&#8217;embl\u00e9matique Audi R8. C&#8217;\u00e9tait, et c&#8217;est toujours, la premi\u00e8re tentative du constructeur d&#8217;Ingolstadt sur le march\u00e9 des supercars, qui s&#8217;est av\u00e9r\u00e9e \u00eatre un \u00e9norme succ\u00e8s. Selon le vendeur, ce v\u00e9hicule a \u00e9t\u00e9 enti\u00e8rement r\u00e9vis\u00e9 et n&#8217;a pas eu d&#8217;accident, avec un rapport CarVertical correspondant qui le confirme. De plus, elle a parcouru moins de 50 000 km jusqu&#8217;\u00e0 pr\u00e9sent, ce qui est peu pour une voiture de ce type. Enfin, cette <strong>Audi R8 V10 plus Quattro <\/strong>de 2015 est actuellement situ\u00e9e en Belgique, o\u00f9 elle est immatricul\u00e9e depuis qu&#8217;elle est neuve. Vous pouvez faire une offre sur cette voiture en <a href=\"https:\/\/pistonaddict.com\/contact-us\/\">nous contactant<\/a>.<\/p>\n","protected":false},"featured_media":43348,"comment_status":"open","ping_status":"closed","template":"","meta":{"inline_featured_image":false},"product_cat":[754],"product_tag":[1944,1946,921],"acf":[],"yoast_head":"<!-- This site is optimized with the Yoast SEO plugin v22.5 - https:\/\/yoast.com\/wordpress\/plugins\/seo\/ -->\n<title>Audi R8 V10 Red Dynamite auction - Piston Addict.<\/title>\n<meta name=\"description\" content=\"La voiture mise aux ench\u00e8res ici est sans doute l&#039;un des mod\u00e8les les plus performants de sa cat\u00e9gorie : l&#039;embl\u00e9matique Audi R8 V10.\" \/>\n<meta name=\"robots\" content=\"index, follow, max-snippet:-1, max-image-preview:large, max-video-preview:-1\" \/>\n<link rel=\"canonical\" href=\"https:\/\/pistonaddict.com\/fr\/product\/audi-r8-v10-red-dynamite\/\" \/>\n<meta property=\"og:locale\" content=\"fr_FR\" \/>\n<meta property=\"og:type\" content=\"article\" \/>\n<meta property=\"og:title\" content=\"Audi R8 V10 Red Dynamite auction - Piston Addict.\" \/>\n<meta property=\"og:description\" content=\"La voiture mise aux ench\u00e8res ici est sans doute l&#039;un des mod\u00e8les les plus performants de sa cat\u00e9gorie : l&#039;embl\u00e9matique Audi R8 V10.\" \/>\n<meta property=\"og:url\" content=\"https:\/\/pistonaddict.com\/fr\/product\/audi-r8-v10-red-dynamite\/\" \/>\n<meta property=\"og:site_name\" content=\"Piston Addict\" \/>\n<meta property=\"article:modified_time\" content=\"2023-12-20T08:46:35+00:00\" \/>\n<meta property=\"og:image\" content=\"https:\/\/pistonaddict.com\/wp-content\/uploads\/2023\/06\/DSC_0412.jpg\" \/>\n\t<meta property=\"og:image:width\" content=\"2048\" \/>\n\t<meta property=\"og:image:height\" content=\"1365\" \/>\n\t<meta property=\"og:image:type\" content=\"image\/jpeg\" \/>\n<meta name=\"twitter:card\" content=\"summary_large_image\" \/>\n<meta name=\"twitter:label1\" content=\"Dur\u00e9e de lecture estim\u00e9e\" \/>\n\t<meta name=\"twitter:data1\" content=\"3 minutes\" \/>\n<script type=\"application\/ld+json\" class=\"yoast-schema-graph\">{\"@context\":\"https:\/\/schema.org\",\"@graph\":[{\"@type\":\"WebPage\",\"@id\":\"https:\/\/pistonaddict.com\/fr\/product\/audi-r8-v10-red-dynamite\/\",\"url\":\"https:\/\/pistonaddict.com\/fr\/product\/audi-r8-v10-red-dynamite\/\",\"name\":\"Audi R8 V10 Red Dynamite auction - Piston Addict.\",\"isPartOf\":{\"@id\":\"https:\/\/pistonaddict.com\/fr\/#website\"},\"primaryImageOfPage\":{\"@id\":\"https:\/\/pistonaddict.com\/fr\/product\/audi-r8-v10-red-dynamite\/#primaryimage\"},\"image\":{\"@id\":\"https:\/\/pistonaddict.com\/fr\/product\/audi-r8-v10-red-dynamite\/#primaryimage\"},\"thumbnailUrl\":\"https:\/\/pistonaddict.com\/wp-content\/uploads\/2023\/06\/DSC_0412.jpg\",\"datePublished\":\"2023-06-16T13:02:15+00:00\",\"dateModified\":\"2023-12-20T08:46:35+00:00\",\"description\":\"La voiture mise aux ench\u00e8res ici est sans doute l'un des mod\u00e8les les plus performants de sa cat\u00e9gorie : l'embl\u00e9matique Audi R8 V10.\",\"breadcrumb\":{\"@id\":\"https:\/\/pistonaddict.com\/fr\/product\/audi-r8-v10-red-dynamite\/#breadcrumb\"},\"inLanguage\":\"fr-FR\",\"potentialAction\":[{\"@type\":\"ReadAction\",\"target\":[\"https:\/\/pistonaddict.com\/fr\/product\/audi-r8-v10-red-dynamite\/\"]}]},{\"@type\":\"ImageObject\",\"inLanguage\":\"fr-FR\",\"@id\":\"https:\/\/pistonaddict.com\/fr\/product\/audi-r8-v10-red-dynamite\/#primaryimage\",\"url\":\"https:\/\/pistonaddict.com\/wp-content\/uploads\/2023\/06\/DSC_0412.jpg\",\"contentUrl\":\"https:\/\/pistonaddict.com\/wp-content\/uploads\/2023\/06\/DSC_0412.jpg\",\"width\":2048,\"height\":1365},{\"@type\":\"BreadcrumbList\",\"@id\":\"https:\/\/pistonaddict.com\/fr\/product\/audi-r8-v10-red-dynamite\/#breadcrumb\",\"itemListElement\":[{\"@type\":\"ListItem\",\"position\":1,\"name\":\"Homepage\",\"item\":\"https:\/\/pistonaddict.com\/fr\/page-daccueil\/\"},{\"@type\":\"ListItem\",\"position\":2,\"name\":\"Auctions\",\"item\":\"https:\/\/pistonaddict.com\/auctions-listing\/\"},{\"@type\":\"ListItem\",\"position\":3,\"name\":\"Audi R8 V10 Red Dynamite\"}]},{\"@type\":\"WebSite\",\"@id\":\"https:\/\/pistonaddict.com\/fr\/#website\",\"url\":\"https:\/\/pistonaddict.com\/fr\/\",\"name\":\"Piston Addict\",\"description\":\"Only interesting vehicles\",\"publisher\":{\"@id\":\"https:\/\/pistonaddict.com\/fr\/#organization\"},\"potentialAction\":[{\"@type\":\"SearchAction\",\"target\":{\"@type\":\"EntryPoint\",\"urlTemplate\":\"https:\/\/pistonaddict.com\/fr\/?s={search_term_string}\"},\"query-input\":\"required name=search_term_string\"}],\"inLanguage\":\"fr-FR\"},{\"@type\":\"Organization\",\"@id\":\"https:\/\/pistonaddict.com\/fr\/#organization\",\"name\":\"Piston Addict\",\"url\":\"https:\/\/pistonaddict.com\/fr\/\",\"logo\":{\"@type\":\"ImageObject\",\"inLanguage\":\"fr-FR\",\"@id\":\"https:\/\/pistonaddict.com\/fr\/#\/schema\/logo\/image\/\",\"url\":\"https:\/\/pistonaddict.com\/wp-content\/uploads\/2022\/07\/logo-6.png\",\"contentUrl\":\"https:\/\/pistonaddict.com\/wp-content\/uploads\/2022\/07\/logo-6.png\",\"width\":970,\"height\":200,\"caption\":\"Piston Addict\"},\"image\":{\"@id\":\"https:\/\/pistonaddict.com\/fr\/#\/schema\/logo\/image\/\"}}]}<\/script>\n<!-- \/ Yoast SEO plugin. -->","yoast_head_json":{"title":"Audi R8 V10 Red Dynamite auction - Piston Addict.","description":"La voiture mise aux ench\u00e8res ici est sans doute l'un des mod\u00e8les les plus performants de sa cat\u00e9gorie : l'embl\u00e9matique Audi R8 V10.","robots":{"index":"index","follow":"follow","max-snippet":"max-snippet:-1","max-image-preview":"max-image-preview:large","max-video-preview":"max-video-preview:-1"},"canonical":"https:\/\/pistonaddict.com\/fr\/product\/audi-r8-v10-red-dynamite\/","og_locale":"fr_FR","og_type":"article","og_title":"Audi R8 V10 Red Dynamite auction - Piston Addict.","og_description":"La voiture mise aux ench\u00e8res ici est sans doute l'un des mod\u00e8les les plus performants de sa cat\u00e9gorie : l'embl\u00e9matique Audi R8 V10.","og_url":"https:\/\/pistonaddict.com\/fr\/product\/audi-r8-v10-red-dynamite\/","og_site_name":"Piston Addict","article_modified_time":"2023-12-20T08:46:35+00:00","og_image":[{"width":2048,"height":1365,"url":"https:\/\/pistonaddict.com\/wp-content\/uploads\/2023\/06\/DSC_0412.jpg","type":"image\/jpeg"}],"twitter_card":"summary_large_image","twitter_misc":{"Dur\u00e9e de lecture estim\u00e9e":"3 minutes"},"schema":{"@context":"https:\/\/schema.org","@graph":[{"@type":"WebPage","@id":"https:\/\/pistonaddict.com\/fr\/product\/audi-r8-v10-red-dynamite\/","url":"https:\/\/pistonaddict.com\/fr\/product\/audi-r8-v10-red-dynamite\/","name":"Audi R8 V10 Red Dynamite auction - Piston Addict.","isPartOf":{"@id":"https:\/\/pistonaddict.com\/fr\/#website"},"primaryImageOfPage":{"@id":"https:\/\/pistonaddict.com\/fr\/product\/audi-r8-v10-red-dynamite\/#primaryimage"},"image":{"@id":"https:\/\/pistonaddict.com\/fr\/product\/audi-r8-v10-red-dynamite\/#primaryimage"},"thumbnailUrl":"https:\/\/pistonaddict.com\/wp-content\/uploads\/2023\/06\/DSC_0412.jpg","datePublished":"2023-06-16T13:02:15+00:00","dateModified":"2023-12-20T08:46:35+00:00","description":"La voiture mise aux ench\u00e8res ici est sans doute l'un des mod\u00e8les les plus performants de sa cat\u00e9gorie : l'embl\u00e9matique Audi R8 V10.","breadcrumb":{"@id":"https:\/\/pistonaddict.com\/fr\/product\/audi-r8-v10-red-dynamite\/#breadcrumb"},"inLanguage":"fr-FR","potentialAction":[{"@type":"ReadAction","target":["https:\/\/pistonaddict.com\/fr\/product\/audi-r8-v10-red-dynamite\/"]}]},{"@type":"ImageObject","inLanguage":"fr-FR","@id":"https:\/\/pistonaddict.com\/fr\/product\/audi-r8-v10-red-dynamite\/#primaryimage","url":"https:\/\/pistonaddict.com\/wp-content\/uploads\/2023\/06\/DSC_0412.jpg","contentUrl":"https:\/\/pistonaddict.com\/wp-content\/uploads\/2023\/06\/DSC_0412.jpg","width":2048,"height":1365},{"@type":"BreadcrumbList","@id":"https:\/\/pistonaddict.com\/fr\/product\/audi-r8-v10-red-dynamite\/#breadcrumb","itemListElement":[{"@type":"ListItem","position":1,"name":"Homepage","item":"https:\/\/pistonaddict.com\/fr\/page-daccueil\/"},{"@type":"ListItem","position":2,"name":"Auctions","item":"https:\/\/pistonaddict.com\/auctions-listing\/"},{"@type":"ListItem","position":3,"name":"Audi R8 V10 Red Dynamite"}]},{"@type":"WebSite","@id":"https:\/\/pistonaddict.com\/fr\/#website","url":"https:\/\/pistonaddict.com\/fr\/","name":"Piston Addict","description":"Only interesting vehicles","publisher":{"@id":"https:\/\/pistonaddict.com\/fr\/#organization"},"potentialAction":[{"@type":"SearchAction","target":{"@type":"EntryPoint","urlTemplate":"https:\/\/pistonaddict.com\/fr\/?s={search_term_string}"},"query-input":"required name=search_term_string"}],"inLanguage":"fr-FR"},{"@type":"Organization","@id":"https:\/\/pistonaddict.com\/fr\/#organization","name":"Piston Addict","url":"https:\/\/pistonaddict.com\/fr\/","logo":{"@type":"ImageObject","inLanguage":"fr-FR","@id":"https:\/\/pistonaddict.com\/fr\/#\/schema\/logo\/image\/","url":"https:\/\/pistonaddict.com\/wp-content\/uploads\/2022\/07\/logo-6.png","contentUrl":"https:\/\/pistonaddict.com\/wp-content\/uploads\/2022\/07\/logo-6.png","width":970,"height":200,"caption":"Piston Addict"},"image":{"@id":"https:\/\/pistonaddict.com\/fr\/#\/schema\/logo\/image\/"}}]}},"_links":{"self":[{"href":"https:\/\/pistonaddict.com\/fr\/wp-json\/wp\/v2\/product\/45998"}],"collection":[{"href":"https:\/\/pistonaddict.com\/fr\/wp-json\/wp\/v2\/product"}],"about":[{"href":"https:\/\/pistonaddict.com\/fr\/wp-json\/wp\/v2\/types\/product"}],"replies":[{"embeddable":true,"href":"https:\/\/pistonaddict.com\/fr\/wp-json\/wp\/v2\/comments?post=45998"}],"wp:featuredmedia":[{"embeddable":true,"href":"https:\/\/pistonaddict.com\/fr\/wp-json\/wp\/v2\/media\/43348"}],"wp:attachment":[{"href":"https:\/\/pistonaddict.com\/fr\/wp-json\/wp\/v2\/media?parent=45998"}],"wp:term":[{"taxonomy":"product_cat","embeddable":true,"href":"https:\/\/pistonaddict.com\/fr\/wp-json\/wp\/v2\/product_cat?post=45998"},{"taxonomy":"product_tag","embeddable":true,"href":"https:\/\/pistonaddict.com\/fr\/wp-json\/wp\/v2\/product_tag?post=45998"}],"curies":[{"name":"wp","href":"https:\/\/api.w.org\/{rel}","templated":true}]}}