{"id":41968,"date":"2023-06-12T14:22:37","date_gmt":"2023-06-12T12:22:37","guid":{"rendered":"https:\/\/pistonaddict.com\/product\/audi-r8-4-2-fsi-v8\/"},"modified":"2024-03-20T09:15:26","modified_gmt":"2024-03-20T08:15:26","slug":"audi-r8-4-2-fsi-v8","status":"publish","type":"product","link":"https:\/\/pistonaddict.com\/fr\/product\/audi-r8-4-2-fsi-v8\/","title":{"rendered":"Audi R8 4.2 FSI V8"},"content":{"rendered":"<p><strong>Historique du mod\u00e8le<\/strong><\/p>\n<p>La R8 a fait sensation lors de sa sortie en 2007. Il s&#8217;agissait non seulement de la premi\u00e8re supercar d&#8217;Audi, mais elle a \u00e9galement connu un succ\u00e8s incroyable gr\u00e2ce \u00e0 son design intemporel et \u00e0 son fantastique groupe motopropulseur compos\u00e9 d&#8217;un V8 \u00e0 haut r\u00e9gime (plus tard V10) et du c\u00e9l\u00e8bre syst\u00e8me de transmission int\u00e9grale Quattro. L&#8217;apparition de la R8 a rendu les concurrents tr\u00e8s nerveux, car les clients avaient enfin la possibilit\u00e9 d&#8217;acheter une machine tr\u00e8s performante dot\u00e9e d&#8217;une traction int\u00e9grale et de la qualit\u00e9 Audi. C&#8217;est pourquoi la premi\u00e8re g\u00e9n\u00e9ration de la R8 a connu un \u00e9norme succ\u00e8s, avec pr\u00e8s de 30 000 exemplaires fabriqu\u00e9s. Cet exemple particulier est le mod\u00e8le 2014, ce qui signifie qu&#8217;il s&#8217;agit d&#8217;une version plus tardive et plus d\u00e9sirable qui a b\u00e9n\u00e9fici\u00e9 d&#8217;un l\u00e9ger restylage, de meilleures caract\u00e9ristiques et d&#8217;une m\u00e9canique raffin\u00e9e. La puissance est fournie par un moteur V8 FSI de 4,2 litres, qui d\u00e9livre 430 ch et les transmet aux quatre roues par l&#8217;interm\u00e9diaire d&#8217;une bo\u00eete automatique \u00e0 double embrayage S Tronic \u00e0 7 rapports. Cette combinaison est capable de passer de 0 \u00e0 100 km\/h en 4,2 secondes et d&#8217;atteindre une vitesse de pointe d&#8217;un peu plus de 300 km\/h, ce qui place la R8 dans la cat\u00e9gorie des supercars.<\/p>\n<p><strong>Condition<\/strong><\/p>\n<p>Avec seulement 43 649 km au compteur, cette R8 est en parfait \u00e9tat. Elle a \u00e9t\u00e9 livr\u00e9 pour la premi\u00e8re fois fin 2014 \u00e0 son propri\u00e9taire initial aux Pays-Bas, et les propri\u00e9taires actuels l&#8217;ont acquis en 2021. Cette Audi R8 n&#8217;a jamais \u00e9t\u00e9 utilis\u00e9e sur circuit, et a \u00e9t\u00e9 r\u00e9guli\u00e8rement entretenue avec les carnets d&#8217;entretien fournis par le vendeur. De plus, cet exemple est enti\u00e8rement stock\u00e9, sans aucune modification ou ajout inutile. Tous les \u00e9quipements et caract\u00e9ristiques d&#8217;usine sont pr\u00e9sents et fonctionnels. Le dernier entretien, ainsi que la vidange, ont \u00e9t\u00e9 effectu\u00e9s fin octobre 2022, et les freins ont \u00e9t\u00e9 r\u00e9vis\u00e9s en juin 2023. Le service dit &#8220;long life&#8221; a \u00e9t\u00e9 effectu\u00e9 et les bougies d&#8217;allumage ont \u00e9t\u00e9 remplac\u00e9es. <strong>Cette R8 est couverte par une garantie Bovag de 6 mois<\/strong>, ce qui montre bien qu&#8217;elle est dans un \u00e9tat impeccable.<\/p>\n<p><strong>Ext\u00e9rieur et roues<\/strong><\/p>\n<p>Peinte dans l&#8217;\u00e9l\u00e9gante couleur Panther Black, cette R8 b\u00e9n\u00e9ficie d&#8217;un pack carbone en option avec des inserts ext\u00e9rieurs et int\u00e9rieurs en fibre de carbone. La carrosserie de la voiture ne pr\u00e9sente pas de dommages, de rayures ou de d\u00e9colorations, et la peinture est en parfait \u00e9tat. La seule chose qui a \u00e9t\u00e9 touch\u00e9e \u00e0 l&#8217;ext\u00e9rieur de cette R8 est la r\u00e9paration de la trappe du r\u00e9servoir (trappe du bouchon du r\u00e9servoir) qui a \u00e9t\u00e9 effectu\u00e9e par un concessionnaire certifi\u00e9 (facture du 5 mai 2021). Le look est rehauss\u00e9 par des jantes de 20 pouces en option, chauss\u00e9es de pneus Pirelli P Zero.<\/p>\n<p><strong>Int\u00e9rieur<\/strong><\/p>\n<p>Recouvert d&#8217;une combinaison de cuir noir et d&#8217;Alcantara assortie, l&#8217;int\u00e9rieur ne montre aucun signe d&#8217;usure et comporte des inserts en fibre de carbone faisant partie de l&#8217;ensemble des garnitures d&#8217;usine. Les si\u00e8ges sont dot\u00e9s d&#8217;une fonction chauffante en option et tous les syst\u00e8mes (audio, infotainment, HVAC) sont en parfait \u00e9tat de fonctionnement. Dans la liste des \u00e9quipements, il convient de mentionner que cette R8 dispose d&#8217;un r\u00e9gulateur de vitesse, d&#8217;essuie-glaces \u00e0 d\u00e9tecteur de pluie, d&#8217;un syst\u00e8me audio Bang and Olufsen, de r\u00e9troviseurs \u00e0 att\u00e9nuation automatique, d&#8217;un syst\u00e8me de navigation, d&#8217;un \u00e9clairage \u00e0 LED, et bien d&#8217;autres choses encore.<\/p>\n<p><strong>Documentation<\/strong><\/p>\n<p>Ce v\u00e9hicule d&#8217;occasion avec la documentation appropri\u00e9e est situ\u00e9 aux Pays-Bas. Le rapport CarFax est vierge, il n&#8217;y a pas de probl\u00e8me juridique. Il existe des documents attestant d&#8217;un entretien r\u00e9gulier et de quelques r\u00e9parations mineures. Il est tr\u00e8s important de mentionner que cette Audi R8 b\u00e9n\u00e9ficie d&#8217;un remboursement BPM. Le remboursement BPM est un remboursement de la taxe de luxe n\u00e9erlandaise \u00e0 l&#8217;exportation. <strong> Cela signifie que si l&#8217;acheteur se trouve dans un autre pays de l&#8217;Union europ\u00e9enne (\u00e0 l&#8217;exception des Pays-Bas) et qu&#8217;il immatricule ce v\u00e9hicule dans son pays d&#8217;origine dans les 13 semaines suivant l&#8217;achat, il recevra 5 967 euros<\/strong>, ce qui est tr\u00e8s pratique.<br \/>\nVoir le <a href=\"https:\/\/pistonaddict.com\/wp-content\/uploads\/2023\/06\/CARFAX-Vehicle-History-Report-AUDI-R8.pdf\">CarFax de cette Audi R8<\/a>.<\/p>\n<p><strong>Une empreinte de carte de cr\u00e9dit (automatiquement lib\u00e9r\u00e9e) est requise pour pouvoir acc\u00e9der \u00e0 la vente aux ench\u00e8res de ce v\u00e9hicule haut de gamme.<\/strong><\/p>\n<p>D\u00e9couvrez la vid\u00e9o du d\u00e9marrage \u00e0 froid de cette magnifique Audi R8 ici :<\/p>\n<p><iframe title=\"Cold Start video of the Audi R8 4.2 FSI V8 on auction sale\" width=\"1200\" height=\"675\" src=\"https:\/\/www.youtube.com\/embed\/GyBid0aFEiA?feature=oembed\" frameborder=\"0\" allow=\"accelerometer; autoplay; clipboard-write; encrypted-media; gyroscope; picture-in-picture; web-share\" allowfullscreen><\/iframe><\/p>\n","protected":false},"excerpt":{"rendered":"<p>Vous entendrez souvent parler de &#8220;supercar de tous les jours&#8221; ; cependant, tr\u00e8s peu de voitures offrent r\u00e9ellement des performances, une facilit\u00e9 d&#8217;utilisation et une fiabilit\u00e9 convaincantes dans un usage quotidien. L&#8217;Audi R8 2014 est un v\u00e9ritable bijou. Avec son puissant V8 de 4,2 litres, son int\u00e9rieur bien \u00e9quip\u00e9 et sa dynamique de conduite parfaite, c&#8217;est la voiture que vous pouvez appr\u00e9cier au quotidien tout en b\u00e9n\u00e9ficiant de tous les avantages de la conduite d&#8217;une supercar pur-sang. Vous pouvez faire une offre sur cette voiture en <a href=\"https:\/\/pistonaddict.com\/contact-us\/\">nous contactant<\/a>.<\/p>\n","protected":false},"featured_media":41837,"comment_status":"open","ping_status":"closed","template":"","meta":{"inline_featured_image":false},"product_cat":[754],"product_tag":[1881,1880,921],"acf":[],"yoast_head":"<!-- This site is optimized with the Yoast SEO plugin v22.5 - https:\/\/yoast.com\/wordpress\/plugins\/seo\/ -->\n<title>Audi R8 4.2 FSI V8 auction - Piston Addict.<\/title>\n<meta name=\"description\" content=\"Cette Audi R8 est le mod\u00e8le 2014, ce qui signifie qu&#039;il s&#039;agit d&#039;une version plus tardive et plus d\u00e9sirable qui a b\u00e9n\u00e9fici\u00e9 d&#039;un l\u00e9ger restylage, de meilleures caract\u00e9ristiques et d&#039;une m\u00e9canique raffin\u00e9e. La puissance est fournie par un moteur V8 FSI de 4,2 litres, qui d\u00e9livre 430 ch et les transmet aux quatre roues par l&#039;interm\u00e9diaire d&#039;une bo\u00eete automatique \u00e0 double embrayage S Tronic \u00e0 7 rapports.\" \/>\n<meta name=\"robots\" content=\"index, follow, max-snippet:-1, max-image-preview:large, max-video-preview:-1\" \/>\n<link rel=\"canonical\" href=\"https:\/\/pistonaddict.com\/fr\/product\/audi-r8-4-2-fsi-v8\/\" \/>\n<meta property=\"og:locale\" content=\"fr_FR\" \/>\n<meta property=\"og:type\" content=\"article\" \/>\n<meta property=\"og:title\" content=\"Audi R8 4.2 FSI V8 auction - Piston Addict.\" \/>\n<meta property=\"og:description\" content=\"Cette Audi R8 est le mod\u00e8le 2014, ce qui signifie qu&#039;il s&#039;agit d&#039;une version plus tardive et plus d\u00e9sirable qui a b\u00e9n\u00e9fici\u00e9 d&#039;un l\u00e9ger restylage, de meilleures caract\u00e9ristiques et d&#039;une m\u00e9canique raffin\u00e9e. La puissance est fournie par un moteur V8 FSI de 4,2 litres, qui d\u00e9livre 430 ch et les transmet aux quatre roues par l&#039;interm\u00e9diaire d&#039;une bo\u00eete automatique \u00e0 double embrayage S Tronic \u00e0 7 rapports.\" \/>\n<meta property=\"og:url\" content=\"https:\/\/pistonaddict.com\/fr\/product\/audi-r8-4-2-fsi-v8\/\" \/>\n<meta property=\"og:site_name\" content=\"Piston Addict\" \/>\n<meta property=\"article:modified_time\" content=\"2024-03-20T08:15:26+00:00\" \/>\n<meta property=\"og:image\" content=\"https:\/\/pistonaddict.com\/wp-content\/uploads\/2023\/06\/foto-5.jpg\" \/>\n\t<meta property=\"og:image:width\" content=\"1024\" \/>\n\t<meta property=\"og:image:height\" content=\"683\" \/>\n\t<meta property=\"og:image:type\" content=\"image\/jpeg\" \/>\n<meta name=\"twitter:card\" content=\"summary_large_image\" \/>\n<meta name=\"twitter:label1\" content=\"Dur\u00e9e de lecture estim\u00e9e\" \/>\n\t<meta name=\"twitter:data1\" content=\"3 minutes\" \/>\n<script type=\"application\/ld+json\" class=\"yoast-schema-graph\">{\"@context\":\"https:\/\/schema.org\",\"@graph\":[{\"@type\":\"WebPage\",\"@id\":\"https:\/\/pistonaddict.com\/fr\/product\/audi-r8-4-2-fsi-v8\/\",\"url\":\"https:\/\/pistonaddict.com\/fr\/product\/audi-r8-4-2-fsi-v8\/\",\"name\":\"Audi R8 4.2 FSI V8 auction - Piston Addict.\",\"isPartOf\":{\"@id\":\"https:\/\/pistonaddict.com\/fr\/#website\"},\"primaryImageOfPage\":{\"@id\":\"https:\/\/pistonaddict.com\/fr\/product\/audi-r8-4-2-fsi-v8\/#primaryimage\"},\"image\":{\"@id\":\"https:\/\/pistonaddict.com\/fr\/product\/audi-r8-4-2-fsi-v8\/#primaryimage\"},\"thumbnailUrl\":\"https:\/\/pistonaddict.com\/wp-content\/uploads\/2023\/06\/foto-5.jpg\",\"datePublished\":\"2023-06-12T12:22:37+00:00\",\"dateModified\":\"2024-03-20T08:15:26+00:00\",\"description\":\"Cette Audi R8 est le mod\u00e8le 2014, ce qui signifie qu'il s'agit d'une version plus tardive et plus d\u00e9sirable qui a b\u00e9n\u00e9fici\u00e9 d'un l\u00e9ger restylage, de meilleures caract\u00e9ristiques et d'une m\u00e9canique raffin\u00e9e. La puissance est fournie par un moteur V8 FSI de 4,2 litres, qui d\u00e9livre 430 ch et les transmet aux quatre roues par l'interm\u00e9diaire d'une bo\u00eete automatique \u00e0 double embrayage S Tronic \u00e0 7 rapports.\",\"breadcrumb\":{\"@id\":\"https:\/\/pistonaddict.com\/fr\/product\/audi-r8-4-2-fsi-v8\/#breadcrumb\"},\"inLanguage\":\"fr-FR\",\"potentialAction\":[{\"@type\":\"ReadAction\",\"target\":[\"https:\/\/pistonaddict.com\/fr\/product\/audi-r8-4-2-fsi-v8\/\"]}]},{\"@type\":\"ImageObject\",\"inLanguage\":\"fr-FR\",\"@id\":\"https:\/\/pistonaddict.com\/fr\/product\/audi-r8-4-2-fsi-v8\/#primaryimage\",\"url\":\"https:\/\/pistonaddict.com\/wp-content\/uploads\/2023\/06\/foto-5.jpg\",\"contentUrl\":\"https:\/\/pistonaddict.com\/wp-content\/uploads\/2023\/06\/foto-5.jpg\",\"width\":1024,\"height\":683},{\"@type\":\"BreadcrumbList\",\"@id\":\"https:\/\/pistonaddict.com\/fr\/product\/audi-r8-4-2-fsi-v8\/#breadcrumb\",\"itemListElement\":[{\"@type\":\"ListItem\",\"position\":1,\"name\":\"Homepage\",\"item\":\"https:\/\/pistonaddict.com\/fr\/page-daccueil\/\"},{\"@type\":\"ListItem\",\"position\":2,\"name\":\"Auctions\",\"item\":\"https:\/\/pistonaddict.com\/auctions-listing\/\"},{\"@type\":\"ListItem\",\"position\":3,\"name\":\"Audi R8 4.2 FSI V8\"}]},{\"@type\":\"WebSite\",\"@id\":\"https:\/\/pistonaddict.com\/fr\/#website\",\"url\":\"https:\/\/pistonaddict.com\/fr\/\",\"name\":\"Piston Addict\",\"description\":\"Only interesting vehicles\",\"publisher\":{\"@id\":\"https:\/\/pistonaddict.com\/fr\/#organization\"},\"potentialAction\":[{\"@type\":\"SearchAction\",\"target\":{\"@type\":\"EntryPoint\",\"urlTemplate\":\"https:\/\/pistonaddict.com\/fr\/?s={search_term_string}\"},\"query-input\":\"required name=search_term_string\"}],\"inLanguage\":\"fr-FR\"},{\"@type\":\"Organization\",\"@id\":\"https:\/\/pistonaddict.com\/fr\/#organization\",\"name\":\"Piston Addict\",\"url\":\"https:\/\/pistonaddict.com\/fr\/\",\"logo\":{\"@type\":\"ImageObject\",\"inLanguage\":\"fr-FR\",\"@id\":\"https:\/\/pistonaddict.com\/fr\/#\/schema\/logo\/image\/\",\"url\":\"https:\/\/pistonaddict.com\/wp-content\/uploads\/2022\/07\/logo-6.png\",\"contentUrl\":\"https:\/\/pistonaddict.com\/wp-content\/uploads\/2022\/07\/logo-6.png\",\"width\":970,\"height\":200,\"caption\":\"Piston Addict\"},\"image\":{\"@id\":\"https:\/\/pistonaddict.com\/fr\/#\/schema\/logo\/image\/\"}}]}<\/script>\n<!-- \/ Yoast SEO plugin. -->","yoast_head_json":{"title":"Audi R8 4.2 FSI V8 auction - Piston Addict.","description":"Cette Audi R8 est le mod\u00e8le 2014, ce qui signifie qu'il s'agit d'une version plus tardive et plus d\u00e9sirable qui a b\u00e9n\u00e9fici\u00e9 d'un l\u00e9ger restylage, de meilleures caract\u00e9ristiques et d'une m\u00e9canique raffin\u00e9e. La puissance est fournie par un moteur V8 FSI de 4,2 litres, qui d\u00e9livre 430 ch et les transmet aux quatre roues par l'interm\u00e9diaire d'une bo\u00eete automatique \u00e0 double embrayage S Tronic \u00e0 7 rapports.","robots":{"index":"index","follow":"follow","max-snippet":"max-snippet:-1","max-image-preview":"max-image-preview:large","max-video-preview":"max-video-preview:-1"},"canonical":"https:\/\/pistonaddict.com\/fr\/product\/audi-r8-4-2-fsi-v8\/","og_locale":"fr_FR","og_type":"article","og_title":"Audi R8 4.2 FSI V8 auction - Piston Addict.","og_description":"Cette Audi R8 est le mod\u00e8le 2014, ce qui signifie qu'il s'agit d'une version plus tardive et plus d\u00e9sirable qui a b\u00e9n\u00e9fici\u00e9 d'un l\u00e9ger restylage, de meilleures caract\u00e9ristiques et d'une m\u00e9canique raffin\u00e9e. La puissance est fournie par un moteur V8 FSI de 4,2 litres, qui d\u00e9livre 430 ch et les transmet aux quatre roues par l'interm\u00e9diaire d'une bo\u00eete automatique \u00e0 double embrayage S Tronic \u00e0 7 rapports.","og_url":"https:\/\/pistonaddict.com\/fr\/product\/audi-r8-4-2-fsi-v8\/","og_site_name":"Piston Addict","article_modified_time":"2024-03-20T08:15:26+00:00","og_image":[{"width":1024,"height":683,"url":"https:\/\/pistonaddict.com\/wp-content\/uploads\/2023\/06\/foto-5.jpg","type":"image\/jpeg"}],"twitter_card":"summary_large_image","twitter_misc":{"Dur\u00e9e de lecture estim\u00e9e":"3 minutes"},"schema":{"@context":"https:\/\/schema.org","@graph":[{"@type":"WebPage","@id":"https:\/\/pistonaddict.com\/fr\/product\/audi-r8-4-2-fsi-v8\/","url":"https:\/\/pistonaddict.com\/fr\/product\/audi-r8-4-2-fsi-v8\/","name":"Audi R8 4.2 FSI V8 auction - Piston Addict.","isPartOf":{"@id":"https:\/\/pistonaddict.com\/fr\/#website"},"primaryImageOfPage":{"@id":"https:\/\/pistonaddict.com\/fr\/product\/audi-r8-4-2-fsi-v8\/#primaryimage"},"image":{"@id":"https:\/\/pistonaddict.com\/fr\/product\/audi-r8-4-2-fsi-v8\/#primaryimage"},"thumbnailUrl":"https:\/\/pistonaddict.com\/wp-content\/uploads\/2023\/06\/foto-5.jpg","datePublished":"2023-06-12T12:22:37+00:00","dateModified":"2024-03-20T08:15:26+00:00","description":"Cette Audi R8 est le mod\u00e8le 2014, ce qui signifie qu'il s'agit d'une version plus tardive et plus d\u00e9sirable qui a b\u00e9n\u00e9fici\u00e9 d'un l\u00e9ger restylage, de meilleures caract\u00e9ristiques et d'une m\u00e9canique raffin\u00e9e. La puissance est fournie par un moteur V8 FSI de 4,2 litres, qui d\u00e9livre 430 ch et les transmet aux quatre roues par l'interm\u00e9diaire d'une bo\u00eete automatique \u00e0 double embrayage S Tronic \u00e0 7 rapports.","breadcrumb":{"@id":"https:\/\/pistonaddict.com\/fr\/product\/audi-r8-4-2-fsi-v8\/#breadcrumb"},"inLanguage":"fr-FR","potentialAction":[{"@type":"ReadAction","target":["https:\/\/pistonaddict.com\/fr\/product\/audi-r8-4-2-fsi-v8\/"]}]},{"@type":"ImageObject","inLanguage":"fr-FR","@id":"https:\/\/pistonaddict.com\/fr\/product\/audi-r8-4-2-fsi-v8\/#primaryimage","url":"https:\/\/pistonaddict.com\/wp-content\/uploads\/2023\/06\/foto-5.jpg","contentUrl":"https:\/\/pistonaddict.com\/wp-content\/uploads\/2023\/06\/foto-5.jpg","width":1024,"height":683},{"@type":"BreadcrumbList","@id":"https:\/\/pistonaddict.com\/fr\/product\/audi-r8-4-2-fsi-v8\/#breadcrumb","itemListElement":[{"@type":"ListItem","position":1,"name":"Homepage","item":"https:\/\/pistonaddict.com\/fr\/page-daccueil\/"},{"@type":"ListItem","position":2,"name":"Auctions","item":"https:\/\/pistonaddict.com\/auctions-listing\/"},{"@type":"ListItem","position":3,"name":"Audi R8 4.2 FSI V8"}]},{"@type":"WebSite","@id":"https:\/\/pistonaddict.com\/fr\/#website","url":"https:\/\/pistonaddict.com\/fr\/","name":"Piston Addict","description":"Only interesting vehicles","publisher":{"@id":"https:\/\/pistonaddict.com\/fr\/#organization"},"potentialAction":[{"@type":"SearchAction","target":{"@type":"EntryPoint","urlTemplate":"https:\/\/pistonaddict.com\/fr\/?s={search_term_string}"},"query-input":"required name=search_term_string"}],"inLanguage":"fr-FR"},{"@type":"Organization","@id":"https:\/\/pistonaddict.com\/fr\/#organization","name":"Piston Addict","url":"https:\/\/pistonaddict.com\/fr\/","logo":{"@type":"ImageObject","inLanguage":"fr-FR","@id":"https:\/\/pistonaddict.com\/fr\/#\/schema\/logo\/image\/","url":"https:\/\/pistonaddict.com\/wp-content\/uploads\/2022\/07\/logo-6.png","contentUrl":"https:\/\/pistonaddict.com\/wp-content\/uploads\/2022\/07\/logo-6.png","width":970,"height":200,"caption":"Piston Addict"},"image":{"@id":"https:\/\/pistonaddict.com\/fr\/#\/schema\/logo\/image\/"}}]}},"_links":{"self":[{"href":"https:\/\/pistonaddict.com\/fr\/wp-json\/wp\/v2\/product\/41968"}],"collection":[{"href":"https:\/\/pistonaddict.com\/fr\/wp-json\/wp\/v2\/product"}],"about":[{"href":"https:\/\/pistonaddict.com\/fr\/wp-json\/wp\/v2\/types\/product"}],"replies":[{"embeddable":true,"href":"https:\/\/pistonaddict.com\/fr\/wp-json\/wp\/v2\/comments?post=41968"}],"wp:featuredmedia":[{"embeddable":true,"href":"https:\/\/pistonaddict.com\/fr\/wp-json\/wp\/v2\/media\/41837"}],"wp:attachment":[{"href":"https:\/\/pistonaddict.com\/fr\/wp-json\/wp\/v2\/media?parent=41968"}],"wp:term":[{"taxonomy":"product_cat","embeddable":true,"href":"https:\/\/pistonaddict.com\/fr\/wp-json\/wp\/v2\/product_cat?post=41968"},{"taxonomy":"product_tag","embeddable":true,"href":"https:\/\/pistonaddict.com\/fr\/wp-json\/wp\/v2\/product_tag?post=41968"}],"curies":[{"name":"wp","href":"https:\/\/api.w.org\/{rel}","templated":true}]}}