{"id":39982,"date":"2023-04-19T17:58:30","date_gmt":"2023-04-19T15:58:30","guid":{"rendered":"https:\/\/pistonaddict.com\/product\/nissan-gtr\/"},"modified":"2024-03-19T17:51:56","modified_gmt":"2024-03-19T16:51:56","slug":"nissan-gtr","status":"publish","type":"product","link":"https:\/\/pistonaddict.com\/fr\/product\/nissan-gtr\/","title":{"rendered":"Nissan GT-R Nismo"},"content":{"rendered":"<h2>Ext\u00e9rieur<\/h2>\n<p>De l&#8217;ext\u00e9rieur, ce coup\u00e9 2 portes de couleur noire \u00e9quilibre une apparence apparemment subtile avec des d\u00e9tails agressifs, laissant entrevoir son v\u00e9ritable caract\u00e8re. L&#8217;avant est caract\u00e9ris\u00e9 par une grande calandre et des phares de forme triangulaire, ce qui lui conf\u00e8re une formidable pr\u00e9sence sur la route. La silhouette de la GT-R est d\u00e9finie par son long capot, sa ligne de toit inclin\u00e9e et son \u00e9norme aileron arri\u00e8re. Enfin, l&#8217;arri\u00e8re est domin\u00e9 par les feux arri\u00e8re ronds caract\u00e9ristiques de Nissan. Construite par Nismo, cette GT-R particuli\u00e8re diff\u00e8re des mod\u00e8les standard sur plusieurs points. Outre l&#8217;\u00e9cusson mont\u00e9 sur la calandre, il comprend un s\u00e9parateur d&#8217;air avant \u00e9largi et un couvercle de coffre en fibre de carbone. La voiture est chauss\u00e9e de pneus Michelin Super Sport Cup 2, mont\u00e9s sur des jantes en bronze de 20 pouces fabriqu\u00e9es par Volk Racking.<\/p>\n<h2>Int\u00e9rieur<\/h2>\n<p>L&#8217;int\u00e9rieur de la GT-R, avec une disposition des si\u00e8ges 2+2, r\u00e9v\u00e8le son caract\u00e8re pratique. Il est clair que les si\u00e8ges arri\u00e8re n&#8217;offrent qu&#8217;un espace limit\u00e9 et ne conviennent que pour de courtes distances. Mais, m\u00eame en tant que tels, il est agr\u00e9able de les avoir. Les si\u00e8ges avant, en revanche, sont une autre histoire. Habill\u00e9s de cuir noir avec des accents rouges, ils offrent un soutien pratiquement illimit\u00e9, maintenant le conducteur fermement en place m\u00eame dans les virages les plus serr\u00e9s. Le tout est n\u00e9goci\u00e9 avec un volant \u00e0 trois branches recouvert de cuir bross\u00e9 avec des surpiq\u00fbres rouges. Derri\u00e8re, le combin\u00e9 d&#8217;instruments est domin\u00e9 par un compte-tours qui va jusqu&#8217;\u00e0 8 000 tr\/min. Les autres cadrans sont le compteur de vitesse et les jauges de temp\u00e9rature du moteur et de niveau de carburant. Il y a \u00e9galement un \u00e9cran central qui affiche des param\u00e8tres de type course, tels que l&#8217;acc\u00e9l\u00e9ration ou les forces lat\u00e9rales.<\/p>\n<h2>M\u00e9canique<\/h2>\n<p>Aussi \u00e9tonnante soit-elle, la Nissan GT-R est en r\u00e9alit\u00e9 plus fascinante en raison de la m\u00e9canique qui se cache sous sa carrosserie. Le premier est le moteur, un V6 biturbo de 3,8 litres construit \u00e0 la main avec la plus grande pr\u00e9cision imaginable par les meilleurs techniciens de Nissan. De plus, chacun d&#8217;entre eux est r\u00e9gl\u00e9 au maximum, ce qui se traduit par des puissances diff\u00e9rentes d&#8217;une voiture \u00e0 l&#8217;autre. Avec ses 750 chevaux, la GT-R ne manque pas de puissance. Ensuite, il y a une bo\u00eete de vitesses automatique \u00e0 double embrayage \u00e0 six rapports qui, pour am\u00e9liorer la r\u00e9partition du poids, est mont\u00e9e \u00e0 l&#8217;arri\u00e8re. Il est \u00e9galement fabriqu\u00e9 \u00e0 la main et associ\u00e9 au moteur afin de rendre les changements de vitesse aussi rapides que possible. Enfin, toute cette immense puissance est efficacement transf\u00e9r\u00e9e au sol gr\u00e2ce \u00e0 un syst\u00e8me \u00e9labor\u00e9 de transmission int\u00e9grale. En outre, cette Nissan GT-R acc\u00e9l\u00e8re de 0 \u00e0 60 en seulement 2,5 secondes et atteint une vitesse de pointe de 205 MPH.<\/p>\n<h2>Historique du v\u00e9hicule<\/h2>\n<p>Si chaque Nissan GT-R, avec sa m\u00e9canique construite \u00e0 la main et ses r\u00e9glages sur mesure, est unique en son genre, ce mod\u00e8le particulier l&#8217;est encore plus. Il s&#8217;agit en fait du premier mod\u00e8le avec conduite \u00e0 gauche construit par Nismo, la division de course interne de Nissan, fabriqu\u00e9 personnellement pour le pr\u00e9sident de l&#8217;\u00e9quipe de Formule 1 de Renault de l&#8217;\u00e9poque. Selon le vendeur, cette voiture est comme neuve, a parcouru 2 703 miles et se trouve actuellement au Royaume-Uni.<\/p>\n","protected":false},"excerpt":{"rendered":"<p>La l\u00e9gendaire Nissan GT-R est l&#8217;une des voitures les plus embl\u00e9matiques et les plus recherch\u00e9es du pays du Soleil-Levant. Avec son puissant moteur V6 turbocompress\u00e9 et ses quatre roues motrices, ce monstre de la route impressionne les conducteurs par sa vitesse et sa maniabilit\u00e9 qui semblent d\u00e9fier les lois de la physique. Mais ce mod\u00e8le 2016, mis en vente par un vendeur professionnel, n&#8217;est pas une GT-R ordinaire. Il s&#8217;agit plut\u00f4t de la GT-R Nismo, orient\u00e9e vers la piste et qui a battu des records. Jusqu&#8217;\u00e0 pr\u00e9sent, il n&#8217;a parcouru que 2 700 miles et n&#8217;attend pas son nouveau propri\u00e9taire.<\/p>\n","protected":false},"featured_media":39375,"comment_status":"open","ping_status":"closed","template":"","meta":{"inline_featured_image":false},"product_cat":[754],"product_tag":[1751,1750,1749,921],"acf":[],"yoast_head":"<!-- This site is optimized with the Yoast SEO plugin v22.5 - https:\/\/yoast.com\/wordpress\/plugins\/seo\/ -->\n<title>Nissan GT-R Nismo auction - Piston Addict.<\/title>\n<meta name=\"description\" content=\"D\u00e9couvrez cette Nissan GT-R Nismo en vente aux ench\u00e8res sur PistonAddict.com\" \/>\n<meta name=\"robots\" content=\"index, follow, max-snippet:-1, max-image-preview:large, max-video-preview:-1\" \/>\n<link rel=\"canonical\" href=\"https:\/\/pistonaddict.com\/fr\/product\/nissan-gtr\/\" \/>\n<meta property=\"og:locale\" content=\"fr_FR\" \/>\n<meta property=\"og:type\" content=\"article\" \/>\n<meta property=\"og:title\" content=\"Nissan GT-R Nismo auction - Piston Addict.\" \/>\n<meta property=\"og:description\" content=\"D\u00e9couvrez cette Nissan GT-R Nismo en vente aux ench\u00e8res sur PistonAddict.com\" \/>\n<meta property=\"og:url\" content=\"https:\/\/pistonaddict.com\/fr\/product\/nissan-gtr\/\" \/>\n<meta property=\"og:site_name\" content=\"Piston Addict\" \/>\n<meta property=\"article:modified_time\" content=\"2024-03-19T16:51:56+00:00\" \/>\n<meta property=\"og:image\" content=\"https:\/\/pistonaddict.com\/wp-content\/uploads\/2023\/04\/LuxurycarLondonApril11PistonAddict_0497-scaled.jpg\" \/>\n\t<meta property=\"og:image:width\" content=\"2560\" \/>\n\t<meta property=\"og:image:height\" content=\"1972\" \/>\n\t<meta property=\"og:image:type\" content=\"image\/jpeg\" \/>\n<meta name=\"twitter:card\" content=\"summary_large_image\" \/>\n<meta name=\"twitter:label1\" content=\"Dur\u00e9e de lecture estim\u00e9e\" \/>\n\t<meta name=\"twitter:data1\" content=\"3 minutes\" \/>\n<script type=\"application\/ld+json\" class=\"yoast-schema-graph\">{\"@context\":\"https:\/\/schema.org\",\"@graph\":[{\"@type\":\"WebPage\",\"@id\":\"https:\/\/pistonaddict.com\/fr\/product\/nissan-gtr\/\",\"url\":\"https:\/\/pistonaddict.com\/fr\/product\/nissan-gtr\/\",\"name\":\"Nissan GT-R Nismo auction - Piston Addict.\",\"isPartOf\":{\"@id\":\"https:\/\/pistonaddict.com\/fr\/#website\"},\"primaryImageOfPage\":{\"@id\":\"https:\/\/pistonaddict.com\/fr\/product\/nissan-gtr\/#primaryimage\"},\"image\":{\"@id\":\"https:\/\/pistonaddict.com\/fr\/product\/nissan-gtr\/#primaryimage\"},\"thumbnailUrl\":\"https:\/\/pistonaddict.com\/wp-content\/uploads\/2023\/04\/LuxurycarLondonApril11PistonAddict_0497-scaled.jpg\",\"datePublished\":\"2023-04-19T15:58:30+00:00\",\"dateModified\":\"2024-03-19T16:51:56+00:00\",\"description\":\"D\u00e9couvrez cette Nissan GT-R Nismo en vente aux ench\u00e8res sur PistonAddict.com\",\"breadcrumb\":{\"@id\":\"https:\/\/pistonaddict.com\/fr\/product\/nissan-gtr\/#breadcrumb\"},\"inLanguage\":\"fr-FR\",\"potentialAction\":[{\"@type\":\"ReadAction\",\"target\":[\"https:\/\/pistonaddict.com\/fr\/product\/nissan-gtr\/\"]}]},{\"@type\":\"ImageObject\",\"inLanguage\":\"fr-FR\",\"@id\":\"https:\/\/pistonaddict.com\/fr\/product\/nissan-gtr\/#primaryimage\",\"url\":\"https:\/\/pistonaddict.com\/wp-content\/uploads\/2023\/04\/LuxurycarLondonApril11PistonAddict_0497-scaled.jpg\",\"contentUrl\":\"https:\/\/pistonaddict.com\/wp-content\/uploads\/2023\/04\/LuxurycarLondonApril11PistonAddict_0497-scaled.jpg\",\"width\":2560,\"height\":1972},{\"@type\":\"BreadcrumbList\",\"@id\":\"https:\/\/pistonaddict.com\/fr\/product\/nissan-gtr\/#breadcrumb\",\"itemListElement\":[{\"@type\":\"ListItem\",\"position\":1,\"name\":\"Homepage\",\"item\":\"https:\/\/pistonaddict.com\/fr\/page-daccueil\/\"},{\"@type\":\"ListItem\",\"position\":2,\"name\":\"Auctions\",\"item\":\"https:\/\/pistonaddict.com\/auctions-listing\/\"},{\"@type\":\"ListItem\",\"position\":3,\"name\":\"Nissan GT-R Nismo\"}]},{\"@type\":\"WebSite\",\"@id\":\"https:\/\/pistonaddict.com\/fr\/#website\",\"url\":\"https:\/\/pistonaddict.com\/fr\/\",\"name\":\"Piston Addict\",\"description\":\"Only interesting vehicles\",\"publisher\":{\"@id\":\"https:\/\/pistonaddict.com\/fr\/#organization\"},\"potentialAction\":[{\"@type\":\"SearchAction\",\"target\":{\"@type\":\"EntryPoint\",\"urlTemplate\":\"https:\/\/pistonaddict.com\/fr\/?s={search_term_string}\"},\"query-input\":\"required name=search_term_string\"}],\"inLanguage\":\"fr-FR\"},{\"@type\":\"Organization\",\"@id\":\"https:\/\/pistonaddict.com\/fr\/#organization\",\"name\":\"Piston Addict\",\"url\":\"https:\/\/pistonaddict.com\/fr\/\",\"logo\":{\"@type\":\"ImageObject\",\"inLanguage\":\"fr-FR\",\"@id\":\"https:\/\/pistonaddict.com\/fr\/#\/schema\/logo\/image\/\",\"url\":\"https:\/\/pistonaddict.com\/wp-content\/uploads\/2022\/07\/logo-6.png\",\"contentUrl\":\"https:\/\/pistonaddict.com\/wp-content\/uploads\/2022\/07\/logo-6.png\",\"width\":970,\"height\":200,\"caption\":\"Piston Addict\"},\"image\":{\"@id\":\"https:\/\/pistonaddict.com\/fr\/#\/schema\/logo\/image\/\"}}]}<\/script>\n<!-- \/ Yoast SEO plugin. -->","yoast_head_json":{"title":"Nissan GT-R Nismo auction - Piston Addict.","description":"D\u00e9couvrez cette Nissan GT-R Nismo en vente aux ench\u00e8res sur PistonAddict.com","robots":{"index":"index","follow":"follow","max-snippet":"max-snippet:-1","max-image-preview":"max-image-preview:large","max-video-preview":"max-video-preview:-1"},"canonical":"https:\/\/pistonaddict.com\/fr\/product\/nissan-gtr\/","og_locale":"fr_FR","og_type":"article","og_title":"Nissan GT-R Nismo auction - Piston Addict.","og_description":"D\u00e9couvrez cette Nissan GT-R Nismo en vente aux ench\u00e8res sur PistonAddict.com","og_url":"https:\/\/pistonaddict.com\/fr\/product\/nissan-gtr\/","og_site_name":"Piston Addict","article_modified_time":"2024-03-19T16:51:56+00:00","og_image":[{"width":2560,"height":1972,"url":"https:\/\/pistonaddict.com\/wp-content\/uploads\/2023\/04\/LuxurycarLondonApril11PistonAddict_0497-scaled.jpg","type":"image\/jpeg"}],"twitter_card":"summary_large_image","twitter_misc":{"Dur\u00e9e de lecture estim\u00e9e":"3 minutes"},"schema":{"@context":"https:\/\/schema.org","@graph":[{"@type":"WebPage","@id":"https:\/\/pistonaddict.com\/fr\/product\/nissan-gtr\/","url":"https:\/\/pistonaddict.com\/fr\/product\/nissan-gtr\/","name":"Nissan GT-R Nismo auction - Piston Addict.","isPartOf":{"@id":"https:\/\/pistonaddict.com\/fr\/#website"},"primaryImageOfPage":{"@id":"https:\/\/pistonaddict.com\/fr\/product\/nissan-gtr\/#primaryimage"},"image":{"@id":"https:\/\/pistonaddict.com\/fr\/product\/nissan-gtr\/#primaryimage"},"thumbnailUrl":"https:\/\/pistonaddict.com\/wp-content\/uploads\/2023\/04\/LuxurycarLondonApril11PistonAddict_0497-scaled.jpg","datePublished":"2023-04-19T15:58:30+00:00","dateModified":"2024-03-19T16:51:56+00:00","description":"D\u00e9couvrez cette Nissan GT-R Nismo en vente aux ench\u00e8res sur PistonAddict.com","breadcrumb":{"@id":"https:\/\/pistonaddict.com\/fr\/product\/nissan-gtr\/#breadcrumb"},"inLanguage":"fr-FR","potentialAction":[{"@type":"ReadAction","target":["https:\/\/pistonaddict.com\/fr\/product\/nissan-gtr\/"]}]},{"@type":"ImageObject","inLanguage":"fr-FR","@id":"https:\/\/pistonaddict.com\/fr\/product\/nissan-gtr\/#primaryimage","url":"https:\/\/pistonaddict.com\/wp-content\/uploads\/2023\/04\/LuxurycarLondonApril11PistonAddict_0497-scaled.jpg","contentUrl":"https:\/\/pistonaddict.com\/wp-content\/uploads\/2023\/04\/LuxurycarLondonApril11PistonAddict_0497-scaled.jpg","width":2560,"height":1972},{"@type":"BreadcrumbList","@id":"https:\/\/pistonaddict.com\/fr\/product\/nissan-gtr\/#breadcrumb","itemListElement":[{"@type":"ListItem","position":1,"name":"Homepage","item":"https:\/\/pistonaddict.com\/fr\/page-daccueil\/"},{"@type":"ListItem","position":2,"name":"Auctions","item":"https:\/\/pistonaddict.com\/auctions-listing\/"},{"@type":"ListItem","position":3,"name":"Nissan GT-R Nismo"}]},{"@type":"WebSite","@id":"https:\/\/pistonaddict.com\/fr\/#website","url":"https:\/\/pistonaddict.com\/fr\/","name":"Piston Addict","description":"Only interesting vehicles","publisher":{"@id":"https:\/\/pistonaddict.com\/fr\/#organization"},"potentialAction":[{"@type":"SearchAction","target":{"@type":"EntryPoint","urlTemplate":"https:\/\/pistonaddict.com\/fr\/?s={search_term_string}"},"query-input":"required name=search_term_string"}],"inLanguage":"fr-FR"},{"@type":"Organization","@id":"https:\/\/pistonaddict.com\/fr\/#organization","name":"Piston Addict","url":"https:\/\/pistonaddict.com\/fr\/","logo":{"@type":"ImageObject","inLanguage":"fr-FR","@id":"https:\/\/pistonaddict.com\/fr\/#\/schema\/logo\/image\/","url":"https:\/\/pistonaddict.com\/wp-content\/uploads\/2022\/07\/logo-6.png","contentUrl":"https:\/\/pistonaddict.com\/wp-content\/uploads\/2022\/07\/logo-6.png","width":970,"height":200,"caption":"Piston Addict"},"image":{"@id":"https:\/\/pistonaddict.com\/fr\/#\/schema\/logo\/image\/"}}]}},"_links":{"self":[{"href":"https:\/\/pistonaddict.com\/fr\/wp-json\/wp\/v2\/product\/39982"}],"collection":[{"href":"https:\/\/pistonaddict.com\/fr\/wp-json\/wp\/v2\/product"}],"about":[{"href":"https:\/\/pistonaddict.com\/fr\/wp-json\/wp\/v2\/types\/product"}],"replies":[{"embeddable":true,"href":"https:\/\/pistonaddict.com\/fr\/wp-json\/wp\/v2\/comments?post=39982"}],"wp:featuredmedia":[{"embeddable":true,"href":"https:\/\/pistonaddict.com\/fr\/wp-json\/wp\/v2\/media\/39375"}],"wp:attachment":[{"href":"https:\/\/pistonaddict.com\/fr\/wp-json\/wp\/v2\/media?parent=39982"}],"wp:term":[{"taxonomy":"product_cat","embeddable":true,"href":"https:\/\/pistonaddict.com\/fr\/wp-json\/wp\/v2\/product_cat?post=39982"},{"taxonomy":"product_tag","embeddable":true,"href":"https:\/\/pistonaddict.com\/fr\/wp-json\/wp\/v2\/product_tag?post=39982"}],"curies":[{"name":"wp","href":"https:\/\/api.w.org\/{rel}","templated":true}]}}