{"id":39231,"date":"2023-04-19T17:31:19","date_gmt":"2023-04-19T15:31:19","guid":{"rendered":"https:\/\/pistonaddict.com\/product\/mclaren-720s\/"},"modified":"2024-03-19T17:52:54","modified_gmt":"2024-03-19T16:52:54","slug":"mclaren-720s","status":"publish","type":"product","link":"https:\/\/pistonaddict.com\/fr\/product\/mclaren-720s\/","title":{"rendered":"McLaren 720S"},"content":{"rendered":"<h2>Ext\u00e9rieur<\/h2>\n<p>Peinte en orange vif, la McLaren 720S pr\u00e9sent\u00e9e ici ne manquera pas de faire tourner les t\u00eates o\u00f9 qu&#8217;elle se trouve. Mais il en serait de m\u00eame dans n&#8217;importe quelle autre couleur, gr\u00e2ce \u00e0 son design \u00e9poustouflant inspir\u00e9 des requins. Avec son bouclier avant agressif, sa silhouette profil\u00e9e et ses portes papillon \u00e0 la fois pratiques et amusantes, il est impressionnant sous tous les angles. Il s&#8217;agit notamment d&#8217;\u00e9normes prises d&#8217;air sur les c\u00f4t\u00e9s, d&#8217;un compartiment moteur recouvert d&#8217;un filet qui s&#8217;illumine lorsque le contact est mis, et d&#8217;un aileron arri\u00e8re qui se soul\u00e8ve lors d&#8217;un freinage brusque. Le freinage est assur\u00e9 par des disques en c\u00e9ramique massifs plac\u00e9s derri\u00e8re les jantes noires de 19 pouces de la voiture, chauss\u00e9es de pneus Pirelli P Zero.<\/p>\n<p>Pourtant, cette voiture \u00e0 deux places n&#8217;a pas l&#8217;air d&#8217;\u00eatre l\u00e0 uniquement pour le spectacle, car la plupart des formes de sa carrosserie ont \u00e9t\u00e9 sculpt\u00e9es pour am\u00e9liorer l&#8217;a\u00e9rodynamisme et g\u00e9n\u00e9rer de la force d&#8217;appui. Ainsi, la McLaren 720S montre que la forme et la fonction peuvent \u00eatre en parfaite harmonie.<\/p>\n<h2>Int\u00e9rieur<\/h2>\n<p>L&#8217;int\u00e9rieur de la McLaren, habill\u00e9 d&#8217;Alcantara et de fibre de carbone, r\u00e9v\u00e8le une fois de plus \u00e0 quel point cette voiture est orient\u00e9e vers la piste. Le premier est une paire de si\u00e8ges sportifs con\u00e7us pour maintenir le conducteur et le passager fermement attach\u00e9s dans les virages serr\u00e9s. Le volant \u00e0 trois branches recouvert de cuir encadre un tableau de bord num\u00e9rique. En mode standard, il affiche divers param\u00e8tres du moteur et du v\u00e9hicule, tels que la vitesse et la temp\u00e9rature du moteur. Mais lorsque le mode Track est activ\u00e9, l&#8217;ensemble du tableau de bord s&#8217;incline vers le bas, r\u00e9v\u00e9lant un petit \u00e9cran au sommet, qui n&#8217;affiche que le compte-tours, la vitesse et le rapport s\u00e9lectionn\u00e9. Enfin, la console centrale est clairsem\u00e9e mais fonctionnelle, avec des boutons et des molettes essentiels, accompagn\u00e9s d&#8217;un \u00e9cran tactile central orient\u00e9 vers le conducteur.<\/p>\n<h2>M\u00e9canique<\/h2>\n<p>Sous sa carrosserie \u00e9l\u00e9gante et a\u00e9rodynamique, la 720S est dot\u00e9e d&#8217;un ch\u00e2ssis monocoque en fibre de carbone, que McLaren appelle MonoCage. Cette structure inspir\u00e9e de la F1 n&#8217;est pas seulement l\u00e9g\u00e8re, elle est aussi extr\u00eamement rigide, ce qui r\u00e9duit la flexion de la carrosserie dans les virages serr\u00e9s.<\/p>\n<p>Le c\u0153ur de toute voiture de super-sport est le moteur, qui, chez McLaren, est install\u00e9 juste derri\u00e8re les si\u00e8ges. En version d&#8217;usine, le V8 biturbo qui s&#8217;y cache d\u00e9veloppe 720 chevaux, chiffre auquel la voiture doit son nom, et un couple \u00e9tonnant de 770 Nm. La puissance est transmise aux roues arri\u00e8re par l&#8217;interm\u00e9diaire d&#8217;une bo\u00eete de vitesses \u00e0 double embrayage \u00e0 7 rapports.<\/p>\n<p>Et tout cela dans une voiture qui ne p\u00e8se que 1 400 kg, ce qui est plus que suffisant pour une maniabilit\u00e9 et des performances sup\u00e9rieures. En termes de chiffres, cela se traduit par une acc\u00e9l\u00e9ration de 0 \u00e0 60 en 2,9 secondes et une vitesse maximale de 212 miles par heure. Mais il ne s&#8217;agit pas d&#8217;une McLaren 720S ordinaire, r\u00e9gl\u00e9e en usine. Au lieu de cela, son propri\u00e9taire l&#8217;a \u00e9quip\u00e9 d&#8217;un Litchfield Custom Tune qui porte la puissance du moteur \u00e0 800 chevaux.<\/p>\n<h2>Historique du v\u00e9hicule<\/h2>\n<p>Le vendeur indique que tous les travaux d&#8217;entretien ont \u00e9t\u00e9 effectu\u00e9s r\u00e9guli\u00e8rement, la derni\u00e8re r\u00e9vision ayant eu lieu en octobre 2022. Actuellement, le tableau de bord ne pr\u00e9sente aucun d\u00e9faut ou avertissement connu. De plus, \u00e0 en juger par les photos fournies, aucune imperfection de carrosserie n&#8217;est \u00e0 signaler.<\/p>\n","protected":false},"excerpt":{"rendered":"<p>La McLaren 720S, sans doute l&#8217;une des voitures les plus performantes de sa cat\u00e9gorie, est en vente ici. Avec son moteur V8 turbocompress\u00e9 et sa suspension de pointe, ce coup\u00e9 est d&#8217;une rapidit\u00e9 foudroyante en ligne droite et dans les virages. Selon le vendeur professionnel qui la met aux ench\u00e8res, cette McLaren 720S 2017 est impeccable, enti\u00e8rement r\u00e9vis\u00e9e et n&#8217;a \u00e9t\u00e9 impliqu\u00e9e dans aucun accident. Jusqu&#8217;\u00e0 pr\u00e9sent, il a parcouru un peu plus de 4 000 miles et se trouve actuellement au Royaume-Uni.<\/p>\n","protected":false},"featured_media":39155,"comment_status":"open","ping_status":"closed","template":"","meta":{"inline_featured_image":false},"product_cat":[754],"product_tag":[1680,1677,1675,921],"acf":[],"yoast_head":"<!-- This site is optimized with the Yoast SEO plugin v22.5 - https:\/\/yoast.com\/wordpress\/plugins\/seo\/ -->\n<title>McLaren 720S auction - Piston Addict.<\/title>\n<meta name=\"description\" content=\"D\u00e9couvrez cette McLaren 720S en vente aux ench\u00e8res sur PistonAddict.com\" \/>\n<meta name=\"robots\" content=\"index, follow, max-snippet:-1, max-image-preview:large, max-video-preview:-1\" \/>\n<link rel=\"canonical\" href=\"https:\/\/pistonaddict.com\/fr\/product\/mclaren-720s\/\" \/>\n<meta property=\"og:locale\" content=\"fr_FR\" \/>\n<meta property=\"og:type\" content=\"article\" \/>\n<meta property=\"og:title\" content=\"McLaren 720S auction - Piston Addict.\" \/>\n<meta property=\"og:description\" content=\"D\u00e9couvrez cette McLaren 720S en vente aux ench\u00e8res sur PistonAddict.com\" \/>\n<meta property=\"og:url\" content=\"https:\/\/pistonaddict.com\/fr\/product\/mclaren-720s\/\" \/>\n<meta property=\"og:site_name\" content=\"Piston Addict\" \/>\n<meta property=\"article:modified_time\" content=\"2024-03-19T16:52:54+00:00\" \/>\n<meta property=\"og:image\" content=\"https:\/\/pistonaddict.com\/wp-content\/uploads\/2023\/04\/LuxurycarLondonApril11PistonAddict_0851-scaled.jpg\" \/>\n\t<meta property=\"og:image:width\" content=\"2560\" \/>\n\t<meta property=\"og:image:height\" content=\"1534\" \/>\n\t<meta property=\"og:image:type\" content=\"image\/jpeg\" \/>\n<meta name=\"twitter:card\" content=\"summary_large_image\" \/>\n<meta name=\"twitter:label1\" content=\"Dur\u00e9e de lecture estim\u00e9e\" \/>\n\t<meta name=\"twitter:data1\" content=\"3 minutes\" \/>\n<script type=\"application\/ld+json\" class=\"yoast-schema-graph\">{\"@context\":\"https:\/\/schema.org\",\"@graph\":[{\"@type\":\"WebPage\",\"@id\":\"https:\/\/pistonaddict.com\/fr\/product\/mclaren-720s\/\",\"url\":\"https:\/\/pistonaddict.com\/fr\/product\/mclaren-720s\/\",\"name\":\"McLaren 720S auction - Piston Addict.\",\"isPartOf\":{\"@id\":\"https:\/\/pistonaddict.com\/fr\/#website\"},\"primaryImageOfPage\":{\"@id\":\"https:\/\/pistonaddict.com\/fr\/product\/mclaren-720s\/#primaryimage\"},\"image\":{\"@id\":\"https:\/\/pistonaddict.com\/fr\/product\/mclaren-720s\/#primaryimage\"},\"thumbnailUrl\":\"https:\/\/pistonaddict.com\/wp-content\/uploads\/2023\/04\/LuxurycarLondonApril11PistonAddict_0851-scaled.jpg\",\"datePublished\":\"2023-04-19T15:31:19+00:00\",\"dateModified\":\"2024-03-19T16:52:54+00:00\",\"description\":\"D\u00e9couvrez cette McLaren 720S en vente aux ench\u00e8res sur PistonAddict.com\",\"breadcrumb\":{\"@id\":\"https:\/\/pistonaddict.com\/fr\/product\/mclaren-720s\/#breadcrumb\"},\"inLanguage\":\"fr-FR\",\"potentialAction\":[{\"@type\":\"ReadAction\",\"target\":[\"https:\/\/pistonaddict.com\/fr\/product\/mclaren-720s\/\"]}]},{\"@type\":\"ImageObject\",\"inLanguage\":\"fr-FR\",\"@id\":\"https:\/\/pistonaddict.com\/fr\/product\/mclaren-720s\/#primaryimage\",\"url\":\"https:\/\/pistonaddict.com\/wp-content\/uploads\/2023\/04\/LuxurycarLondonApril11PistonAddict_0851-scaled.jpg\",\"contentUrl\":\"https:\/\/pistonaddict.com\/wp-content\/uploads\/2023\/04\/LuxurycarLondonApril11PistonAddict_0851-scaled.jpg\",\"width\":2560,\"height\":1534},{\"@type\":\"BreadcrumbList\",\"@id\":\"https:\/\/pistonaddict.com\/fr\/product\/mclaren-720s\/#breadcrumb\",\"itemListElement\":[{\"@type\":\"ListItem\",\"position\":1,\"name\":\"Homepage\",\"item\":\"https:\/\/pistonaddict.com\/fr\/page-daccueil\/\"},{\"@type\":\"ListItem\",\"position\":2,\"name\":\"Auctions\",\"item\":\"https:\/\/pistonaddict.com\/auctions-listing\/\"},{\"@type\":\"ListItem\",\"position\":3,\"name\":\"McLaren 720S\"}]},{\"@type\":\"WebSite\",\"@id\":\"https:\/\/pistonaddict.com\/fr\/#website\",\"url\":\"https:\/\/pistonaddict.com\/fr\/\",\"name\":\"Piston Addict\",\"description\":\"Only interesting vehicles\",\"publisher\":{\"@id\":\"https:\/\/pistonaddict.com\/fr\/#organization\"},\"potentialAction\":[{\"@type\":\"SearchAction\",\"target\":{\"@type\":\"EntryPoint\",\"urlTemplate\":\"https:\/\/pistonaddict.com\/fr\/?s={search_term_string}\"},\"query-input\":\"required name=search_term_string\"}],\"inLanguage\":\"fr-FR\"},{\"@type\":\"Organization\",\"@id\":\"https:\/\/pistonaddict.com\/fr\/#organization\",\"name\":\"Piston Addict\",\"url\":\"https:\/\/pistonaddict.com\/fr\/\",\"logo\":{\"@type\":\"ImageObject\",\"inLanguage\":\"fr-FR\",\"@id\":\"https:\/\/pistonaddict.com\/fr\/#\/schema\/logo\/image\/\",\"url\":\"https:\/\/pistonaddict.com\/wp-content\/uploads\/2022\/07\/logo-6.png\",\"contentUrl\":\"https:\/\/pistonaddict.com\/wp-content\/uploads\/2022\/07\/logo-6.png\",\"width\":970,\"height\":200,\"caption\":\"Piston Addict\"},\"image\":{\"@id\":\"https:\/\/pistonaddict.com\/fr\/#\/schema\/logo\/image\/\"}}]}<\/script>\n<!-- \/ Yoast SEO plugin. -->","yoast_head_json":{"title":"McLaren 720S auction - Piston Addict.","description":"D\u00e9couvrez cette McLaren 720S en vente aux ench\u00e8res sur PistonAddict.com","robots":{"index":"index","follow":"follow","max-snippet":"max-snippet:-1","max-image-preview":"max-image-preview:large","max-video-preview":"max-video-preview:-1"},"canonical":"https:\/\/pistonaddict.com\/fr\/product\/mclaren-720s\/","og_locale":"fr_FR","og_type":"article","og_title":"McLaren 720S auction - Piston Addict.","og_description":"D\u00e9couvrez cette McLaren 720S en vente aux ench\u00e8res sur PistonAddict.com","og_url":"https:\/\/pistonaddict.com\/fr\/product\/mclaren-720s\/","og_site_name":"Piston Addict","article_modified_time":"2024-03-19T16:52:54+00:00","og_image":[{"width":2560,"height":1534,"url":"https:\/\/pistonaddict.com\/wp-content\/uploads\/2023\/04\/LuxurycarLondonApril11PistonAddict_0851-scaled.jpg","type":"image\/jpeg"}],"twitter_card":"summary_large_image","twitter_misc":{"Dur\u00e9e de lecture estim\u00e9e":"3 minutes"},"schema":{"@context":"https:\/\/schema.org","@graph":[{"@type":"WebPage","@id":"https:\/\/pistonaddict.com\/fr\/product\/mclaren-720s\/","url":"https:\/\/pistonaddict.com\/fr\/product\/mclaren-720s\/","name":"McLaren 720S auction - Piston Addict.","isPartOf":{"@id":"https:\/\/pistonaddict.com\/fr\/#website"},"primaryImageOfPage":{"@id":"https:\/\/pistonaddict.com\/fr\/product\/mclaren-720s\/#primaryimage"},"image":{"@id":"https:\/\/pistonaddict.com\/fr\/product\/mclaren-720s\/#primaryimage"},"thumbnailUrl":"https:\/\/pistonaddict.com\/wp-content\/uploads\/2023\/04\/LuxurycarLondonApril11PistonAddict_0851-scaled.jpg","datePublished":"2023-04-19T15:31:19+00:00","dateModified":"2024-03-19T16:52:54+00:00","description":"D\u00e9couvrez cette McLaren 720S en vente aux ench\u00e8res sur PistonAddict.com","breadcrumb":{"@id":"https:\/\/pistonaddict.com\/fr\/product\/mclaren-720s\/#breadcrumb"},"inLanguage":"fr-FR","potentialAction":[{"@type":"ReadAction","target":["https:\/\/pistonaddict.com\/fr\/product\/mclaren-720s\/"]}]},{"@type":"ImageObject","inLanguage":"fr-FR","@id":"https:\/\/pistonaddict.com\/fr\/product\/mclaren-720s\/#primaryimage","url":"https:\/\/pistonaddict.com\/wp-content\/uploads\/2023\/04\/LuxurycarLondonApril11PistonAddict_0851-scaled.jpg","contentUrl":"https:\/\/pistonaddict.com\/wp-content\/uploads\/2023\/04\/LuxurycarLondonApril11PistonAddict_0851-scaled.jpg","width":2560,"height":1534},{"@type":"BreadcrumbList","@id":"https:\/\/pistonaddict.com\/fr\/product\/mclaren-720s\/#breadcrumb","itemListElement":[{"@type":"ListItem","position":1,"name":"Homepage","item":"https:\/\/pistonaddict.com\/fr\/page-daccueil\/"},{"@type":"ListItem","position":2,"name":"Auctions","item":"https:\/\/pistonaddict.com\/auctions-listing\/"},{"@type":"ListItem","position":3,"name":"McLaren 720S"}]},{"@type":"WebSite","@id":"https:\/\/pistonaddict.com\/fr\/#website","url":"https:\/\/pistonaddict.com\/fr\/","name":"Piston Addict","description":"Only interesting vehicles","publisher":{"@id":"https:\/\/pistonaddict.com\/fr\/#organization"},"potentialAction":[{"@type":"SearchAction","target":{"@type":"EntryPoint","urlTemplate":"https:\/\/pistonaddict.com\/fr\/?s={search_term_string}"},"query-input":"required name=search_term_string"}],"inLanguage":"fr-FR"},{"@type":"Organization","@id":"https:\/\/pistonaddict.com\/fr\/#organization","name":"Piston Addict","url":"https:\/\/pistonaddict.com\/fr\/","logo":{"@type":"ImageObject","inLanguage":"fr-FR","@id":"https:\/\/pistonaddict.com\/fr\/#\/schema\/logo\/image\/","url":"https:\/\/pistonaddict.com\/wp-content\/uploads\/2022\/07\/logo-6.png","contentUrl":"https:\/\/pistonaddict.com\/wp-content\/uploads\/2022\/07\/logo-6.png","width":970,"height":200,"caption":"Piston Addict"},"image":{"@id":"https:\/\/pistonaddict.com\/fr\/#\/schema\/logo\/image\/"}}]}},"_links":{"self":[{"href":"https:\/\/pistonaddict.com\/fr\/wp-json\/wp\/v2\/product\/39231"}],"collection":[{"href":"https:\/\/pistonaddict.com\/fr\/wp-json\/wp\/v2\/product"}],"about":[{"href":"https:\/\/pistonaddict.com\/fr\/wp-json\/wp\/v2\/types\/product"}],"replies":[{"embeddable":true,"href":"https:\/\/pistonaddict.com\/fr\/wp-json\/wp\/v2\/comments?post=39231"}],"wp:featuredmedia":[{"embeddable":true,"href":"https:\/\/pistonaddict.com\/fr\/wp-json\/wp\/v2\/media\/39155"}],"wp:attachment":[{"href":"https:\/\/pistonaddict.com\/fr\/wp-json\/wp\/v2\/media?parent=39231"}],"wp:term":[{"taxonomy":"product_cat","embeddable":true,"href":"https:\/\/pistonaddict.com\/fr\/wp-json\/wp\/v2\/product_cat?post=39231"},{"taxonomy":"product_tag","embeddable":true,"href":"https:\/\/pistonaddict.com\/fr\/wp-json\/wp\/v2\/product_tag?post=39231"}],"curies":[{"name":"wp","href":"https:\/\/api.w.org\/{rel}","templated":true}]}}