{"id":37954,"date":"2023-04-19T16:55:04","date_gmt":"2023-04-19T14:55:04","guid":{"rendered":"https:\/\/pistonaddict.com\/product\/ferrari-412\/"},"modified":"2024-03-19T17:52:12","modified_gmt":"2024-03-19T16:52:12","slug":"ferrari-412","status":"publish","type":"product","link":"https:\/\/pistonaddict.com\/fr\/product\/ferrari-412\/","title":{"rendered":"Ferrari 412"},"content":{"rendered":"<p><strong>Histoire de l&#8217;automobile<\/strong><\/p>\n<p>La Ferrari 412 a \u00e9t\u00e9 lanc\u00e9e en 1985 en tant que produit GT haut de gamme de la soci\u00e9t\u00e9. Elle offre de la place pour quatre passagers et un coffre spacieux. Anim\u00e9e par le moteur V12 Colombo classique, d&#8217;une cylindr\u00e9e de 4,9 litres, elle repr\u00e9sente l&#8217;une des derni\u00e8res it\u00e9rations de l&#8217;\u00e8re classique de la Ferrari GT. Avec 340 ch, alimentant les roues arri\u00e8re par l&#8217;interm\u00e9diaire d&#8217;une bo\u00eete de vitesses automatique Borg-Warner, cette Ferrari 412 peut atteindre 100 km\/h en seulement 6,5 secondes et acc\u00e9l\u00e9rer jusqu&#8217;\u00e0 260 km\/h en vitesse de pointe. Cet exemple particulier est l&#8217;un des derniers produits, livr\u00e9 au premier propri\u00e9taire en novembre 1988. La production s&#8217;est achev\u00e9e en 1989 apr\u00e8s la livraison de 576 voitures, dont seulement 306 avec une transmission automatique. Le dernier entretien a \u00e9t\u00e9 effectu\u00e9 en avril 2021, et la voiture n&#8217;a pratiquement pas \u00e9t\u00e9 utilis\u00e9e depuis.<\/p>\n<p><strong>\u00c9tat de la voiture<\/strong><\/p>\n<p>Ce qui rend cette \u00e9l\u00e9gante GT si attrayante, c&#8217;est son \u00e9tat. Avec moins de 37 000 kilom\u00e8tres au compteur, c&#8217;est un exemple parfaitement pr\u00e9serv\u00e9 de l&#8217;\u00e9l\u00e9gance des Ferrari des ann\u00e9es 80. Cette voiture n&#8217;a jamais \u00e9t\u00e9 restaur\u00e9e, et elle est dans son remarquable \u00e9tat d&#8217;origine, jusqu&#8217;aux roues d&#8217;origine, \u00e0 la trousse \u00e0 outils (d\u00e9tail appr\u00e9ci\u00e9 des collectionneurs de Ferrari), et aux pneus d&#8217;usine, ce qui est assez rare de nos jours. Cette Ferrari 412 a fait l&#8217;objet d&#8217;un entretien ad\u00e9quat et a \u00e9t\u00e9 gar\u00e9e dans un garage, ce qui explique en partie son aspect neuf. Il n&#8217;y a pas de fuites d&#8217;huile dans le train d&#8217;atterrissage, le compartiment moteur est bien rang\u00e9 et tous les tampons et marquages d&#8217;origine sont pr\u00e9sents.<\/p>\n<p><strong>Int\u00e9rieur<\/strong><\/p>\n<p>Comme pr\u00e9vu, l&#8217;int\u00e9rieur de cette Ferrari 412 de 1988 est recouvert de cuir, et la combinaison de couleur de l&#8217;ext\u00e9rieur noir avec les si\u00e8ges tan est particuli\u00e8rement attrayante. Il n&#8217;y a pas de dommages visibles, et les si\u00e8ges, les cartes de porte et le tableau de bord sont dans un \u00e9tat impeccable. Bien s\u00fbr, en tant que GT luxueuse, ce que cette Ferrari 412 est certainement, l&#8217;int\u00e9rieur est plein de confort, d&#8217;accessoires \u00e9lectriques et d&#8217;un syst\u00e8me de climatisation fonctionnel. La seule chose qui n&#8217;est pas d&#8217;origine est l&#8217;unit\u00e9 de t\u00eate du syst\u00e8me audio, qui a \u00e9t\u00e9 remplac\u00e9e par une unit\u00e9 moderne.<\/p>\n<p><strong>Ext\u00e9rieur et roues<\/strong><\/p>\n<p>Toutes les garnitures ext\u00e9rieures, les moulures et les \u00e9l\u00e9ments en plastique sont en parfait \u00e9tat et il n&#8217;y a pas de rouille, comme on peut s&#8217;y attendre d&#8217;un v\u00e9hicule qui a \u00e9t\u00e9 bien entretenu. Il n&#8217;y a pas de rayures ni de bosses, et la peinture est en parfait \u00e9tat. Il est int\u00e9ressant de noter que la voiture conserve les roues et les pneus TRX d&#8217;origine, dont elle \u00e9tait \u00e9quip\u00e9e lorsqu&#8217;elle \u00e9tait neuve. Certains propri\u00e9taires de Ferrari 412 ont chang\u00e9 les roues pour des roues plus modernes car les pneus TRX sont difficiles \u00e0 trouver, mais le propri\u00e9taire de cet exemplaire est rest\u00e9 fid\u00e8le aux sp\u00e9cifications d&#8217;origine, ce qui est une bonne chose et montre \u00e0 quel point la voiture a \u00e9t\u00e9 bien entretenue.<\/p>\n<p><strong>Documentation<\/strong><\/p>\n<p>Il s&#8217;agit d&#8217;un v\u00e9hicule priv\u00e9 avec la documentation appropri\u00e9e situ\u00e9 \u00e0 Londres, au Royaume-Uni. Le rapport CarVertical est vierge; il n&#8217;existe aucune preuve d&#8217;accident, de r\u00e9paration d&#8217;accident ou de probl\u00e8me juridique. Il existe des documents attestant d&#8217;un entretien r\u00e9gulier.<\/p>\n","protected":false},"excerpt":{"rendered":"<p>Les V12 GT de Ferrari ont toujours \u00e9t\u00e9 de sublimes machines \u00e0 conduire, capables de sauter des continents \u00e0 grande vitesse et d&#8217;offrir un confort impressionnant, et cette 412 de 1988 ne d\u00e9roge pas \u00e0 la r\u00e8gle. Ce mod\u00e8le tardif tr\u00e8s recherch\u00e9 pr\u00e9sente tous les ingr\u00e9dients d&#8217;un excellent investissement Ferrari avec un puissant moteur V12, une combinaison de couleurs parfaite et un \u00e9tat impeccable avec seulement 37 000 kilom\u00e8tres depuis l&#8217;achat.<\/p>\n","protected":false},"featured_media":37876,"comment_status":"open","ping_status":"closed","template":"","meta":{"inline_featured_image":false},"product_cat":[754],"product_tag":[1596,1598,1597,921],"acf":[],"yoast_head":"<!-- This site is optimized with the Yoast SEO plugin v22.5 - https:\/\/yoast.com\/wordpress\/plugins\/seo\/ -->\n<title>Ferrari 412 auction - Piston Addict.<\/title>\n<meta name=\"description\" content=\"D\u00e9couvrez cette Ferrari 412 en vente aux ench\u00e8res sur PistonAddict.com avec transmission automatique et seulement 36 971 km.\" \/>\n<meta name=\"robots\" content=\"index, follow, max-snippet:-1, max-image-preview:large, max-video-preview:-1\" \/>\n<link rel=\"canonical\" href=\"https:\/\/pistonaddict.com\/fr\/product\/ferrari-412\/\" \/>\n<meta property=\"og:locale\" content=\"fr_FR\" \/>\n<meta property=\"og:type\" content=\"article\" \/>\n<meta property=\"og:title\" content=\"Ferrari 412 auction - Piston Addict.\" \/>\n<meta property=\"og:description\" content=\"D\u00e9couvrez cette Ferrari 412 en vente aux ench\u00e8res sur PistonAddict.com avec transmission automatique et seulement 36 971 km.\" \/>\n<meta property=\"og:url\" content=\"https:\/\/pistonaddict.com\/fr\/product\/ferrari-412\/\" \/>\n<meta property=\"og:site_name\" content=\"Piston Addict\" \/>\n<meta property=\"article:modified_time\" content=\"2024-03-19T16:52:12+00:00\" \/>\n<meta property=\"og:image\" content=\"https:\/\/pistonaddict.com\/wp-content\/uploads\/2023\/04\/LuxurycarLondonApril11PistonAddict_0358-scaled.jpg\" \/>\n\t<meta property=\"og:image:width\" content=\"2560\" \/>\n\t<meta property=\"og:image:height\" content=\"1737\" \/>\n\t<meta property=\"og:image:type\" content=\"image\/jpeg\" \/>\n<meta name=\"twitter:card\" content=\"summary_large_image\" \/>\n<meta name=\"twitter:label1\" content=\"Dur\u00e9e de lecture estim\u00e9e\" \/>\n\t<meta name=\"twitter:data1\" content=\"3 minutes\" \/>\n<script type=\"application\/ld+json\" class=\"yoast-schema-graph\">{\"@context\":\"https:\/\/schema.org\",\"@graph\":[{\"@type\":\"WebPage\",\"@id\":\"https:\/\/pistonaddict.com\/fr\/product\/ferrari-412\/\",\"url\":\"https:\/\/pistonaddict.com\/fr\/product\/ferrari-412\/\",\"name\":\"Ferrari 412 auction - Piston Addict.\",\"isPartOf\":{\"@id\":\"https:\/\/pistonaddict.com\/fr\/#website\"},\"primaryImageOfPage\":{\"@id\":\"https:\/\/pistonaddict.com\/fr\/product\/ferrari-412\/#primaryimage\"},\"image\":{\"@id\":\"https:\/\/pistonaddict.com\/fr\/product\/ferrari-412\/#primaryimage\"},\"thumbnailUrl\":\"https:\/\/pistonaddict.com\/wp-content\/uploads\/2023\/04\/LuxurycarLondonApril11PistonAddict_0358-scaled.jpg\",\"datePublished\":\"2023-04-19T14:55:04+00:00\",\"dateModified\":\"2024-03-19T16:52:12+00:00\",\"description\":\"D\u00e9couvrez cette Ferrari 412 en vente aux ench\u00e8res sur PistonAddict.com avec transmission automatique et seulement 36 971 km.\",\"breadcrumb\":{\"@id\":\"https:\/\/pistonaddict.com\/fr\/product\/ferrari-412\/#breadcrumb\"},\"inLanguage\":\"fr-FR\",\"potentialAction\":[{\"@type\":\"ReadAction\",\"target\":[\"https:\/\/pistonaddict.com\/fr\/product\/ferrari-412\/\"]}]},{\"@type\":\"ImageObject\",\"inLanguage\":\"fr-FR\",\"@id\":\"https:\/\/pistonaddict.com\/fr\/product\/ferrari-412\/#primaryimage\",\"url\":\"https:\/\/pistonaddict.com\/wp-content\/uploads\/2023\/04\/LuxurycarLondonApril11PistonAddict_0358-scaled.jpg\",\"contentUrl\":\"https:\/\/pistonaddict.com\/wp-content\/uploads\/2023\/04\/LuxurycarLondonApril11PistonAddict_0358-scaled.jpg\",\"width\":2560,\"height\":1737},{\"@type\":\"BreadcrumbList\",\"@id\":\"https:\/\/pistonaddict.com\/fr\/product\/ferrari-412\/#breadcrumb\",\"itemListElement\":[{\"@type\":\"ListItem\",\"position\":1,\"name\":\"Homepage\",\"item\":\"https:\/\/pistonaddict.com\/fr\/page-daccueil\/\"},{\"@type\":\"ListItem\",\"position\":2,\"name\":\"Auctions\",\"item\":\"https:\/\/pistonaddict.com\/auctions-listing\/\"},{\"@type\":\"ListItem\",\"position\":3,\"name\":\"Ferrari 412\"}]},{\"@type\":\"WebSite\",\"@id\":\"https:\/\/pistonaddict.com\/fr\/#website\",\"url\":\"https:\/\/pistonaddict.com\/fr\/\",\"name\":\"Piston Addict\",\"description\":\"Only interesting vehicles\",\"publisher\":{\"@id\":\"https:\/\/pistonaddict.com\/fr\/#organization\"},\"potentialAction\":[{\"@type\":\"SearchAction\",\"target\":{\"@type\":\"EntryPoint\",\"urlTemplate\":\"https:\/\/pistonaddict.com\/fr\/?s={search_term_string}\"},\"query-input\":\"required name=search_term_string\"}],\"inLanguage\":\"fr-FR\"},{\"@type\":\"Organization\",\"@id\":\"https:\/\/pistonaddict.com\/fr\/#organization\",\"name\":\"Piston Addict\",\"url\":\"https:\/\/pistonaddict.com\/fr\/\",\"logo\":{\"@type\":\"ImageObject\",\"inLanguage\":\"fr-FR\",\"@id\":\"https:\/\/pistonaddict.com\/fr\/#\/schema\/logo\/image\/\",\"url\":\"https:\/\/pistonaddict.com\/wp-content\/uploads\/2022\/07\/logo-6.png\",\"contentUrl\":\"https:\/\/pistonaddict.com\/wp-content\/uploads\/2022\/07\/logo-6.png\",\"width\":970,\"height\":200,\"caption\":\"Piston Addict\"},\"image\":{\"@id\":\"https:\/\/pistonaddict.com\/fr\/#\/schema\/logo\/image\/\"}}]}<\/script>\n<!-- \/ Yoast SEO plugin. -->","yoast_head_json":{"title":"Ferrari 412 auction - Piston Addict.","description":"D\u00e9couvrez cette Ferrari 412 en vente aux ench\u00e8res sur PistonAddict.com avec transmission automatique et seulement 36 971 km.","robots":{"index":"index","follow":"follow","max-snippet":"max-snippet:-1","max-image-preview":"max-image-preview:large","max-video-preview":"max-video-preview:-1"},"canonical":"https:\/\/pistonaddict.com\/fr\/product\/ferrari-412\/","og_locale":"fr_FR","og_type":"article","og_title":"Ferrari 412 auction - Piston Addict.","og_description":"D\u00e9couvrez cette Ferrari 412 en vente aux ench\u00e8res sur PistonAddict.com avec transmission automatique et seulement 36 971 km.","og_url":"https:\/\/pistonaddict.com\/fr\/product\/ferrari-412\/","og_site_name":"Piston Addict","article_modified_time":"2024-03-19T16:52:12+00:00","og_image":[{"width":2560,"height":1737,"url":"https:\/\/pistonaddict.com\/wp-content\/uploads\/2023\/04\/LuxurycarLondonApril11PistonAddict_0358-scaled.jpg","type":"image\/jpeg"}],"twitter_card":"summary_large_image","twitter_misc":{"Dur\u00e9e de lecture estim\u00e9e":"3 minutes"},"schema":{"@context":"https:\/\/schema.org","@graph":[{"@type":"WebPage","@id":"https:\/\/pistonaddict.com\/fr\/product\/ferrari-412\/","url":"https:\/\/pistonaddict.com\/fr\/product\/ferrari-412\/","name":"Ferrari 412 auction - Piston Addict.","isPartOf":{"@id":"https:\/\/pistonaddict.com\/fr\/#website"},"primaryImageOfPage":{"@id":"https:\/\/pistonaddict.com\/fr\/product\/ferrari-412\/#primaryimage"},"image":{"@id":"https:\/\/pistonaddict.com\/fr\/product\/ferrari-412\/#primaryimage"},"thumbnailUrl":"https:\/\/pistonaddict.com\/wp-content\/uploads\/2023\/04\/LuxurycarLondonApril11PistonAddict_0358-scaled.jpg","datePublished":"2023-04-19T14:55:04+00:00","dateModified":"2024-03-19T16:52:12+00:00","description":"D\u00e9couvrez cette Ferrari 412 en vente aux ench\u00e8res sur PistonAddict.com avec transmission automatique et seulement 36 971 km.","breadcrumb":{"@id":"https:\/\/pistonaddict.com\/fr\/product\/ferrari-412\/#breadcrumb"},"inLanguage":"fr-FR","potentialAction":[{"@type":"ReadAction","target":["https:\/\/pistonaddict.com\/fr\/product\/ferrari-412\/"]}]},{"@type":"ImageObject","inLanguage":"fr-FR","@id":"https:\/\/pistonaddict.com\/fr\/product\/ferrari-412\/#primaryimage","url":"https:\/\/pistonaddict.com\/wp-content\/uploads\/2023\/04\/LuxurycarLondonApril11PistonAddict_0358-scaled.jpg","contentUrl":"https:\/\/pistonaddict.com\/wp-content\/uploads\/2023\/04\/LuxurycarLondonApril11PistonAddict_0358-scaled.jpg","width":2560,"height":1737},{"@type":"BreadcrumbList","@id":"https:\/\/pistonaddict.com\/fr\/product\/ferrari-412\/#breadcrumb","itemListElement":[{"@type":"ListItem","position":1,"name":"Homepage","item":"https:\/\/pistonaddict.com\/fr\/page-daccueil\/"},{"@type":"ListItem","position":2,"name":"Auctions","item":"https:\/\/pistonaddict.com\/auctions-listing\/"},{"@type":"ListItem","position":3,"name":"Ferrari 412"}]},{"@type":"WebSite","@id":"https:\/\/pistonaddict.com\/fr\/#website","url":"https:\/\/pistonaddict.com\/fr\/","name":"Piston Addict","description":"Only interesting vehicles","publisher":{"@id":"https:\/\/pistonaddict.com\/fr\/#organization"},"potentialAction":[{"@type":"SearchAction","target":{"@type":"EntryPoint","urlTemplate":"https:\/\/pistonaddict.com\/fr\/?s={search_term_string}"},"query-input":"required name=search_term_string"}],"inLanguage":"fr-FR"},{"@type":"Organization","@id":"https:\/\/pistonaddict.com\/fr\/#organization","name":"Piston Addict","url":"https:\/\/pistonaddict.com\/fr\/","logo":{"@type":"ImageObject","inLanguage":"fr-FR","@id":"https:\/\/pistonaddict.com\/fr\/#\/schema\/logo\/image\/","url":"https:\/\/pistonaddict.com\/wp-content\/uploads\/2022\/07\/logo-6.png","contentUrl":"https:\/\/pistonaddict.com\/wp-content\/uploads\/2022\/07\/logo-6.png","width":970,"height":200,"caption":"Piston Addict"},"image":{"@id":"https:\/\/pistonaddict.com\/fr\/#\/schema\/logo\/image\/"}}]}},"_links":{"self":[{"href":"https:\/\/pistonaddict.com\/fr\/wp-json\/wp\/v2\/product\/37954"}],"collection":[{"href":"https:\/\/pistonaddict.com\/fr\/wp-json\/wp\/v2\/product"}],"about":[{"href":"https:\/\/pistonaddict.com\/fr\/wp-json\/wp\/v2\/types\/product"}],"replies":[{"embeddable":true,"href":"https:\/\/pistonaddict.com\/fr\/wp-json\/wp\/v2\/comments?post=37954"}],"wp:featuredmedia":[{"embeddable":true,"href":"https:\/\/pistonaddict.com\/fr\/wp-json\/wp\/v2\/media\/37876"}],"wp:attachment":[{"href":"https:\/\/pistonaddict.com\/fr\/wp-json\/wp\/v2\/media?parent=37954"}],"wp:term":[{"taxonomy":"product_cat","embeddable":true,"href":"https:\/\/pistonaddict.com\/fr\/wp-json\/wp\/v2\/product_cat?post=37954"},{"taxonomy":"product_tag","embeddable":true,"href":"https:\/\/pistonaddict.com\/fr\/wp-json\/wp\/v2\/product_tag?post=37954"}],"curies":[{"name":"wp","href":"https:\/\/api.w.org\/{rel}","templated":true}]}}