{"id":35648,"date":"2023-04-19T15:45:16","date_gmt":"2023-04-19T13:45:16","guid":{"rendered":"https:\/\/pistonaddict.com\/product\/bmw-m4\/"},"modified":"2024-03-19T17:50:33","modified_gmt":"2024-03-19T16:50:33","slug":"bmw-m4","status":"publish","type":"product","link":"https:\/\/pistonaddict.com\/fr\/product\/bmw-m4\/","title":{"rendered":"BMW M4"},"content":{"rendered":"<p><strong>Histoire de l&#8217;automobile<\/strong><\/p>\n<p>La M4 de la s\u00e9rie F82 a constitu\u00e9 une \u00e9tape importante pour BMW lorsqu&#8217;elle a fait ses d\u00e9buts en 2014. C&#8217;est le premier produit M \u00e0 \u00eatre \u00e9quip\u00e9 d&#8217;un moteur six cylindres turbocompress\u00e9, d&#8217;une direction assist\u00e9e \u00e9lectrique et d&#8217;une large utilisation de la fibre de carbone dans la construction de la voiture. Le r\u00e9sultat est une fantastique machine \u00e0 conduire, avec 425 ch en version standard, une suspension \u00e9quilibr\u00e9e et des performances sublimes. La F82 a \u00e9galement \u00e9t\u00e9 le premier mod\u00e8le \u00e0 porter le nom de M4, qui d\u00e9signait la version coup\u00e9 de la M3. Cet exemple particulier a \u00e9t\u00e9 produit en 2017 et il s&#8217;agit d&#8217;un mod\u00e8le plus d\u00e9sirable et am\u00e9lior\u00e9. Cependant, ce qui est le plus int\u00e9ressant \u00e0 propos de cette voiture, ce sont ses sp\u00e9cifications, son \u00e9tat et son kilom\u00e9trage. Avec un peu plus de 3 500 km au compteur, il s&#8217;agit pratiquement d&#8217;une voiture neuve, ce qui en fait un v\u00e9hicule de qualit\u00e9. Mais cette M4 est \u00e9galement dot\u00e9e de nombreuses options et modifi\u00e9e avec go\u00fbt pour offrir plus de puissance, une meilleure tenue de route et une dynamique de conduite globale impressionnante. Elle a \u00e9t\u00e9 command\u00e9e neuve par un client VIP de BMW, qui savait exactement comment choisir la M4 parfaite.<\/p>\n<p><strong> <\/strong><strong>Condition<\/strong><\/p>\n<p>Le kilom\u00e9trage minimal garantit que cette M4 est en parfait \u00e9tat, sans d\u00e9faillance m\u00e9canique, sans dommages dus \u00e0 un accident et avec une r\u00e9vision r\u00e9cente effectu\u00e9e en f\u00e9vrier 2022. Cependant, outre la liste impressionnante des \u00e9quipements d&#8217;usine, ce v\u00e9hicule particulier a \u00e9t\u00e9 modifi\u00e9 au niveau de la suspension et se trouve plus bas que le v\u00e9hicule d&#8217;origine, ce qui lui conf\u00e8re une maniabilit\u00e9 et une sensation de conduite encore meilleures. Mais ce n&#8217;est que le d\u00e9but, et le propri\u00e9taire d&#8217;origine de cette voiture a install\u00e9 un syst\u00e8me d&#8217;\u00e9chappement en titane Akrapovi\u010d avec des embouts en carbone am\u00e9liorant le son de ce fameux moteur \u00e0 six cylindres en ligne. L&#8217;am\u00e9lioration de l&#8217;ext\u00e9rieur a \u00e9t\u00e9 compl\u00e9t\u00e9e par un splitter avant en carbone, un spoiler arri\u00e8re et des jantes de rechange. Il est int\u00e9ressant de noter que, m\u00eame si les 425 ch sont assez \u00e9lev\u00e9s, le propri\u00e9taire d&#8217;origine a am\u00e9lior\u00e9 les performances, et le moteur d\u00e9livre maintenant 510 ch, ce qui fait de cette M4 une voiture tr\u00e8s comp\u00e9tente. La bo\u00eete de vitesses est la bo\u00eete automatique DCT \u00e0 7 rapports de BMW, un choix intelligent qui allie confort et performance. Ce v\u00e9hicule est \u00e9quip\u00e9 en option de disques de frein en c\u00e9ramique.<\/p>\n<p><strong>Int\u00e9rieur<\/strong><\/p>\n<p>Habill\u00e9 de cuir noir avec des si\u00e8ges sp\u00e9cifiques M et des touches de carbone, l&#8217;int\u00e9rieur ne montre aucun signe d&#8217;utilisation. Avec une position assise parfaite, un syst\u00e8me audio haut de gamme et le c\u00e9l\u00e8bre syst\u00e8me d&#8217;infodivertissement iDrive de BMW, passer du temps dans cette M4 sera un plaisir tout en parcourant des kilom\u00e8tres \u00e0 une vitesse stup\u00e9fiante. L&#8217;int\u00e9rieur n&#8217;a subi aucune modification et la liste des options et des \u00e9quipements de confort est tr\u00e8s longue.<\/p>\n<p><strong>Ext\u00e9rieur et roues<\/strong><\/p>\n<p>Finie dans une teinte frappante de jaune Austin m\u00e9tallis\u00e9, cette M4 a un ext\u00e9rieur impeccable, avec toutes les pi\u00e8ces de garniture pr\u00e9sentes et non marqu\u00e9es. Les embouts en carbone font partie du catalogue M Performance Accessories et s&#8217;adaptent parfaitement. Les jantes HRE, assorties \u00e0 la carrosserie, sont plus l\u00e9g\u00e8res et plus r\u00e9sistantes que les jantes d&#8217;origine.<\/p>\n<p><strong>Documentation<\/strong><\/p>\n<p>Il s&#8217;agit d&#8217;un v\u00e9hicule priv\u00e9 avec la documentation appropri\u00e9e situ\u00e9 \u00e0 Londres, au Royaume-Uni. Le rapport CarVertical est vierge; il n&#8217;existe aucune preuve d&#8217;accident, de r\u00e9paration d&#8217;accident ou de probl\u00e8me juridique. Il existe des documents attestant d&#8217;un entretien r\u00e9gulier.<\/p>\n","protected":false},"excerpt":{"rendered":"<p>Ce n&#8217;est pas pour rien que la BMW M4 est si respect\u00e9e par les amateurs de voitures performantes. Aucune autre voiture de sa cat\u00e9gorie ne peut offrir une dynamique de voiture de sport impressionnante et une facilit\u00e9 d&#8217;utilisation au quotidien comme la M4 de la s\u00e9rie F82. Cette voiture est un exemple parfait, l\u00e9g\u00e8rement modifi\u00e9e pour la rendre encore plus agr\u00e9able \u00e0 conduire, avec un kilom\u00e9trage minimal, bien entretenue et pr\u00eate pour le prochain propri\u00e9taire.<\/p>\n","protected":false},"featured_media":35429,"comment_status":"open","ping_status":"closed","template":"","meta":{"inline_featured_image":false},"product_cat":[754],"product_tag":[1414,1412,1413,921],"acf":[],"yoast_head":"<!-- This site is optimized with the Yoast SEO plugin v22.5 - https:\/\/yoast.com\/wordpress\/plugins\/seo\/ -->\n<title>BMW M4 auction - Piston Addict.<\/title>\n<meta name=\"description\" content=\"D\u00e9couvrez cette BMW M4 en vente aux ench\u00e8res sur PistonAddict.com avec une transmission automatique et seulement 2053 miles.\" \/>\n<meta name=\"robots\" content=\"index, follow, max-snippet:-1, max-image-preview:large, max-video-preview:-1\" \/>\n<link rel=\"canonical\" href=\"https:\/\/pistonaddict.com\/fr\/product\/bmw-m4\/\" \/>\n<meta property=\"og:locale\" content=\"fr_FR\" \/>\n<meta property=\"og:type\" content=\"article\" \/>\n<meta property=\"og:title\" content=\"BMW M4 auction - Piston Addict.\" \/>\n<meta property=\"og:description\" content=\"D\u00e9couvrez cette BMW M4 en vente aux ench\u00e8res sur PistonAddict.com avec une transmission automatique et seulement 2053 miles.\" \/>\n<meta property=\"og:url\" content=\"https:\/\/pistonaddict.com\/fr\/product\/bmw-m4\/\" \/>\n<meta property=\"og:site_name\" content=\"Piston Addict\" \/>\n<meta property=\"article:modified_time\" content=\"2024-03-19T16:50:33+00:00\" \/>\n<meta property=\"og:image\" content=\"https:\/\/pistonaddict.com\/wp-content\/uploads\/2023\/04\/LuxurycarLondonApril11PistonAddict_0647-scaled.jpg\" \/>\n\t<meta property=\"og:image:width\" content=\"2560\" \/>\n\t<meta property=\"og:image:height\" content=\"1708\" \/>\n\t<meta property=\"og:image:type\" content=\"image\/jpeg\" \/>\n<meta name=\"twitter:card\" content=\"summary_large_image\" \/>\n<meta name=\"twitter:label1\" content=\"Dur\u00e9e de lecture estim\u00e9e\" \/>\n\t<meta name=\"twitter:data1\" content=\"3 minutes\" \/>\n<script type=\"application\/ld+json\" class=\"yoast-schema-graph\">{\"@context\":\"https:\/\/schema.org\",\"@graph\":[{\"@type\":\"WebPage\",\"@id\":\"https:\/\/pistonaddict.com\/fr\/product\/bmw-m4\/\",\"url\":\"https:\/\/pistonaddict.com\/fr\/product\/bmw-m4\/\",\"name\":\"BMW M4 auction - Piston Addict.\",\"isPartOf\":{\"@id\":\"https:\/\/pistonaddict.com\/fr\/#website\"},\"primaryImageOfPage\":{\"@id\":\"https:\/\/pistonaddict.com\/fr\/product\/bmw-m4\/#primaryimage\"},\"image\":{\"@id\":\"https:\/\/pistonaddict.com\/fr\/product\/bmw-m4\/#primaryimage\"},\"thumbnailUrl\":\"https:\/\/pistonaddict.com\/wp-content\/uploads\/2023\/04\/LuxurycarLondonApril11PistonAddict_0647-scaled.jpg\",\"datePublished\":\"2023-04-19T13:45:16+00:00\",\"dateModified\":\"2024-03-19T16:50:33+00:00\",\"description\":\"D\u00e9couvrez cette BMW M4 en vente aux ench\u00e8res sur PistonAddict.com avec une transmission automatique et seulement 2053 miles.\",\"breadcrumb\":{\"@id\":\"https:\/\/pistonaddict.com\/fr\/product\/bmw-m4\/#breadcrumb\"},\"inLanguage\":\"fr-FR\",\"potentialAction\":[{\"@type\":\"ReadAction\",\"target\":[\"https:\/\/pistonaddict.com\/fr\/product\/bmw-m4\/\"]}]},{\"@type\":\"ImageObject\",\"inLanguage\":\"fr-FR\",\"@id\":\"https:\/\/pistonaddict.com\/fr\/product\/bmw-m4\/#primaryimage\",\"url\":\"https:\/\/pistonaddict.com\/wp-content\/uploads\/2023\/04\/LuxurycarLondonApril11PistonAddict_0647-scaled.jpg\",\"contentUrl\":\"https:\/\/pistonaddict.com\/wp-content\/uploads\/2023\/04\/LuxurycarLondonApril11PistonAddict_0647-scaled.jpg\",\"width\":2560,\"height\":1708},{\"@type\":\"BreadcrumbList\",\"@id\":\"https:\/\/pistonaddict.com\/fr\/product\/bmw-m4\/#breadcrumb\",\"itemListElement\":[{\"@type\":\"ListItem\",\"position\":1,\"name\":\"Homepage\",\"item\":\"https:\/\/pistonaddict.com\/fr\/page-daccueil\/\"},{\"@type\":\"ListItem\",\"position\":2,\"name\":\"Auctions\",\"item\":\"https:\/\/pistonaddict.com\/auctions-listing\/\"},{\"@type\":\"ListItem\",\"position\":3,\"name\":\"BMW M4\"}]},{\"@type\":\"WebSite\",\"@id\":\"https:\/\/pistonaddict.com\/fr\/#website\",\"url\":\"https:\/\/pistonaddict.com\/fr\/\",\"name\":\"Piston Addict\",\"description\":\"Only interesting vehicles\",\"publisher\":{\"@id\":\"https:\/\/pistonaddict.com\/fr\/#organization\"},\"potentialAction\":[{\"@type\":\"SearchAction\",\"target\":{\"@type\":\"EntryPoint\",\"urlTemplate\":\"https:\/\/pistonaddict.com\/fr\/?s={search_term_string}\"},\"query-input\":\"required name=search_term_string\"}],\"inLanguage\":\"fr-FR\"},{\"@type\":\"Organization\",\"@id\":\"https:\/\/pistonaddict.com\/fr\/#organization\",\"name\":\"Piston Addict\",\"url\":\"https:\/\/pistonaddict.com\/fr\/\",\"logo\":{\"@type\":\"ImageObject\",\"inLanguage\":\"fr-FR\",\"@id\":\"https:\/\/pistonaddict.com\/fr\/#\/schema\/logo\/image\/\",\"url\":\"https:\/\/pistonaddict.com\/wp-content\/uploads\/2022\/07\/logo-6.png\",\"contentUrl\":\"https:\/\/pistonaddict.com\/wp-content\/uploads\/2022\/07\/logo-6.png\",\"width\":970,\"height\":200,\"caption\":\"Piston Addict\"},\"image\":{\"@id\":\"https:\/\/pistonaddict.com\/fr\/#\/schema\/logo\/image\/\"}}]}<\/script>\n<!-- \/ Yoast SEO plugin. -->","yoast_head_json":{"title":"BMW M4 auction - Piston Addict.","description":"D\u00e9couvrez cette BMW M4 en vente aux ench\u00e8res sur PistonAddict.com avec une transmission automatique et seulement 2053 miles.","robots":{"index":"index","follow":"follow","max-snippet":"max-snippet:-1","max-image-preview":"max-image-preview:large","max-video-preview":"max-video-preview:-1"},"canonical":"https:\/\/pistonaddict.com\/fr\/product\/bmw-m4\/","og_locale":"fr_FR","og_type":"article","og_title":"BMW M4 auction - Piston Addict.","og_description":"D\u00e9couvrez cette BMW M4 en vente aux ench\u00e8res sur PistonAddict.com avec une transmission automatique et seulement 2053 miles.","og_url":"https:\/\/pistonaddict.com\/fr\/product\/bmw-m4\/","og_site_name":"Piston Addict","article_modified_time":"2024-03-19T16:50:33+00:00","og_image":[{"width":2560,"height":1708,"url":"https:\/\/pistonaddict.com\/wp-content\/uploads\/2023\/04\/LuxurycarLondonApril11PistonAddict_0647-scaled.jpg","type":"image\/jpeg"}],"twitter_card":"summary_large_image","twitter_misc":{"Dur\u00e9e de lecture estim\u00e9e":"3 minutes"},"schema":{"@context":"https:\/\/schema.org","@graph":[{"@type":"WebPage","@id":"https:\/\/pistonaddict.com\/fr\/product\/bmw-m4\/","url":"https:\/\/pistonaddict.com\/fr\/product\/bmw-m4\/","name":"BMW M4 auction - Piston Addict.","isPartOf":{"@id":"https:\/\/pistonaddict.com\/fr\/#website"},"primaryImageOfPage":{"@id":"https:\/\/pistonaddict.com\/fr\/product\/bmw-m4\/#primaryimage"},"image":{"@id":"https:\/\/pistonaddict.com\/fr\/product\/bmw-m4\/#primaryimage"},"thumbnailUrl":"https:\/\/pistonaddict.com\/wp-content\/uploads\/2023\/04\/LuxurycarLondonApril11PistonAddict_0647-scaled.jpg","datePublished":"2023-04-19T13:45:16+00:00","dateModified":"2024-03-19T16:50:33+00:00","description":"D\u00e9couvrez cette BMW M4 en vente aux ench\u00e8res sur PistonAddict.com avec une transmission automatique et seulement 2053 miles.","breadcrumb":{"@id":"https:\/\/pistonaddict.com\/fr\/product\/bmw-m4\/#breadcrumb"},"inLanguage":"fr-FR","potentialAction":[{"@type":"ReadAction","target":["https:\/\/pistonaddict.com\/fr\/product\/bmw-m4\/"]}]},{"@type":"ImageObject","inLanguage":"fr-FR","@id":"https:\/\/pistonaddict.com\/fr\/product\/bmw-m4\/#primaryimage","url":"https:\/\/pistonaddict.com\/wp-content\/uploads\/2023\/04\/LuxurycarLondonApril11PistonAddict_0647-scaled.jpg","contentUrl":"https:\/\/pistonaddict.com\/wp-content\/uploads\/2023\/04\/LuxurycarLondonApril11PistonAddict_0647-scaled.jpg","width":2560,"height":1708},{"@type":"BreadcrumbList","@id":"https:\/\/pistonaddict.com\/fr\/product\/bmw-m4\/#breadcrumb","itemListElement":[{"@type":"ListItem","position":1,"name":"Homepage","item":"https:\/\/pistonaddict.com\/fr\/page-daccueil\/"},{"@type":"ListItem","position":2,"name":"Auctions","item":"https:\/\/pistonaddict.com\/auctions-listing\/"},{"@type":"ListItem","position":3,"name":"BMW M4"}]},{"@type":"WebSite","@id":"https:\/\/pistonaddict.com\/fr\/#website","url":"https:\/\/pistonaddict.com\/fr\/","name":"Piston Addict","description":"Only interesting vehicles","publisher":{"@id":"https:\/\/pistonaddict.com\/fr\/#organization"},"potentialAction":[{"@type":"SearchAction","target":{"@type":"EntryPoint","urlTemplate":"https:\/\/pistonaddict.com\/fr\/?s={search_term_string}"},"query-input":"required name=search_term_string"}],"inLanguage":"fr-FR"},{"@type":"Organization","@id":"https:\/\/pistonaddict.com\/fr\/#organization","name":"Piston Addict","url":"https:\/\/pistonaddict.com\/fr\/","logo":{"@type":"ImageObject","inLanguage":"fr-FR","@id":"https:\/\/pistonaddict.com\/fr\/#\/schema\/logo\/image\/","url":"https:\/\/pistonaddict.com\/wp-content\/uploads\/2022\/07\/logo-6.png","contentUrl":"https:\/\/pistonaddict.com\/wp-content\/uploads\/2022\/07\/logo-6.png","width":970,"height":200,"caption":"Piston Addict"},"image":{"@id":"https:\/\/pistonaddict.com\/fr\/#\/schema\/logo\/image\/"}}]}},"_links":{"self":[{"href":"https:\/\/pistonaddict.com\/fr\/wp-json\/wp\/v2\/product\/35648"}],"collection":[{"href":"https:\/\/pistonaddict.com\/fr\/wp-json\/wp\/v2\/product"}],"about":[{"href":"https:\/\/pistonaddict.com\/fr\/wp-json\/wp\/v2\/types\/product"}],"replies":[{"embeddable":true,"href":"https:\/\/pistonaddict.com\/fr\/wp-json\/wp\/v2\/comments?post=35648"}],"wp:featuredmedia":[{"embeddable":true,"href":"https:\/\/pistonaddict.com\/fr\/wp-json\/wp\/v2\/media\/35429"}],"wp:attachment":[{"href":"https:\/\/pistonaddict.com\/fr\/wp-json\/wp\/v2\/media?parent=35648"}],"wp:term":[{"taxonomy":"product_cat","embeddable":true,"href":"https:\/\/pistonaddict.com\/fr\/wp-json\/wp\/v2\/product_cat?post=35648"},{"taxonomy":"product_tag","embeddable":true,"href":"https:\/\/pistonaddict.com\/fr\/wp-json\/wp\/v2\/product_tag?post=35648"}],"curies":[{"name":"wp","href":"https:\/\/api.w.org\/{rel}","templated":true}]}}