{"id":34600,"date":"2023-04-19T15:06:28","date_gmt":"2023-04-19T13:06:28","guid":{"rendered":"https:\/\/pistonaddict.com\/product\/bentley-flying-spur\/"},"modified":"2024-03-19T17:47:59","modified_gmt":"2024-03-19T16:47:59","slug":"bentley-flying-spur","status":"publish","type":"product","link":"https:\/\/pistonaddict.com\/fr\/product\/bentley-flying-spur\/","title":{"rendered":"Bentley Flying Spur"},"content":{"rendered":"<p><strong>Histoire de l&#8217;automobile<\/strong><\/p>\n<p>Cette Flying Spur est l&#8217;une des premi\u00e8res voitures de ce type livr\u00e9es fin 2020 \u00e0 des clients VIP de Bentley bien connus. Il s&#8217;agit d&#8217;une voiture \u00e0 propri\u00e9taire unique, qui n&#8217;a parcouru que 8359 km. Cette Flying Spur a b\u00e9n\u00e9fici\u00e9 d&#8217;un ensemble de garnitures ext\u00e9rieures noires et est un mod\u00e8le de premi\u00e8re \u00e9dition. Dans l&#8217;univers de Bentley, les mod\u00e8les First Edition sont toujours les plus recherch\u00e9s en raison de leurs choix de couleurs sp\u00e9cifiques et uniques, de leurs d\u00e9tails raffin\u00e9s et de leurs \u00e9quipements qui sont souvent en option sur les voitures de s\u00e9rie.<\/p>\n<p><strong>\u00c9tat de la voiture<\/strong><\/p>\n<p>Comme il s&#8217;agit de l&#8217;une des Bentley Flying Spur les plus sophistiqu\u00e9es, le propri\u00e9taire original et actuel a non seulement achet\u00e9 le pack First Edition, mais il a \u00e9galement ajout\u00e9 de nombreuses caract\u00e9ristiques et \u00e9quipements \u00e0 la fiche technique d\u00e9j\u00e0 impressionnante. Le moteur W12 de 6,0 litres, disponible en option, d\u00e9livre 626 ch et permet \u00e0 cette berline de luxe d&#8217;atteindre le 0 \u00e0 100 km\/h en 3,5 secondes. Ce qui est encore plus fascinant, c&#8217;est la vitesse de pointe. Si vous vous trouvez sur le tron\u00e7on non limit\u00e9 de l&#8217;Autobahn, vous pouvez atteindre 333 km\/h ! Nous sommes certains que m\u00eame \u00e0 cette vitesse, cette Flying Spur sera stable et confortable.<\/p>\n<p><strong>Ext\u00e9rieur et roues<\/strong><\/p>\n<p>Gr\u00e2ce \u00e0 un entretien m\u00e9ticuleux, un garage climatis\u00e9 et un faible kilom\u00e9trage, cette Flying Spur est vendue avec une peinture en parfait \u00e9tat, sans aucun dommage \u00e0 l&#8217;ext\u00e9rieur (ou \u00e0 l&#8217;int\u00e9rieur), et avec les roues d&#8217;origine. L&#8217;un des petits d\u00e9tails int\u00e9ressants est le toit noir qui s&#8217;harmonise parfaitement avec les garnitures ext\u00e9rieures noires et renforce encore le caract\u00e8re sportif de cette \u00e9l\u00e9gante berline.<\/p>\n<p><strong>Int\u00e9rieur<\/strong><\/p>\n<p>L&#8217;une des parties les plus fascinantes de cette voiture est l&#8217;int\u00e9rieur. Con\u00e7ue comme l&#8217;alliance parfaite de la technologie moderne et de l&#8217;approche classique du luxe, cette Flying Spur est recouverte d&#8217;un \u00e9l\u00e9gant cuir fauve avec des inserts contrast\u00e9s en cuir vert et en bois. Dot\u00e9e de tout le confort n\u00e9cessaire, la feuille de protection se trouve sur certaines pi\u00e8ces chrom\u00e9es, ce qui montre que cette voiture n&#8217;a pratiquement pas \u00e9t\u00e9 utilis\u00e9e.<\/p>\n<p><strong>Documentation<\/strong><\/p>\n<p>Il s&#8217;agit d&#8217;un v\u00e9hicule priv\u00e9 avec la documentation appropri\u00e9e situ\u00e9 \u00e0 Londres, au Royaume-Uni. Le rapport CarVertical est vierge; il n&#8217;existe aucune preuve d&#8217;accident, de r\u00e9paration d&#8217;accident ou de probl\u00e8me juridique. Il existe des documents attestant d&#8217;un entretien r\u00e9gulier.<\/p>\n","protected":false},"excerpt":{"rendered":"<p>Comme beaucoup de ses concurrents, Bentley se tourne vers les mod\u00e8les EV dans un avenir proche. Cela signifie qu&#8217;il s&#8217;agit peut-\u00eatre de la derni\u00e8re chance d&#8217;acqu\u00e9rir une majestueuse voiture de luxe \u00e0 moteur \u00e0 combustion interne comme cette Flying Spur, dans des conditions tr\u00e8s recherch\u00e9es et \u00e0 l&#8217;\u00e9tat neuf. Propuls\u00e9 par le moteur W12 embl\u00e9matique, cet exemplaire unique est parfait pour les connaisseurs de Bentley.<\/p>\n","protected":false},"featured_media":34084,"comment_status":"open","ping_status":"closed","template":"","meta":{"inline_featured_image":false},"product_cat":[754],"product_tag":[1376,1371,1373,921],"acf":[],"yoast_head":"<!-- This site is optimized with the Yoast SEO plugin v22.5 - https:\/\/yoast.com\/wordpress\/plugins\/seo\/ -->\n<title>Bentley Flying Spur auction - Piston Addict.<\/title>\n<meta name=\"description\" content=\"D\u00e9couvrez cette Bentley Flying Spur en vente aux ench\u00e8res sur PistonAddict.com avec transmission automatique et seulement 8359 km.\" \/>\n<meta name=\"robots\" content=\"index, follow, max-snippet:-1, max-image-preview:large, max-video-preview:-1\" \/>\n<link rel=\"canonical\" href=\"https:\/\/pistonaddict.com\/fr\/product\/bentley-flying-spur\/\" \/>\n<meta property=\"og:locale\" content=\"fr_FR\" \/>\n<meta property=\"og:type\" content=\"article\" \/>\n<meta property=\"og:title\" content=\"Bentley Flying Spur auction - Piston Addict.\" \/>\n<meta property=\"og:description\" content=\"D\u00e9couvrez cette Bentley Flying Spur en vente aux ench\u00e8res sur PistonAddict.com avec transmission automatique et seulement 8359 km.\" \/>\n<meta property=\"og:url\" content=\"https:\/\/pistonaddict.com\/fr\/product\/bentley-flying-spur\/\" \/>\n<meta property=\"og:site_name\" content=\"Piston Addict\" \/>\n<meta property=\"article:modified_time\" content=\"2024-03-19T16:47:59+00:00\" \/>\n<meta property=\"og:image\" content=\"https:\/\/pistonaddict.com\/wp-content\/uploads\/2023\/04\/LuxurycarLondonApril11PistonAddict_0433-scaled.jpg\" \/>\n\t<meta property=\"og:image:width\" content=\"2560\" \/>\n\t<meta property=\"og:image:height\" content=\"1505\" \/>\n\t<meta property=\"og:image:type\" content=\"image\/jpeg\" \/>\n<meta name=\"twitter:card\" content=\"summary_large_image\" \/>\n<meta name=\"twitter:label1\" content=\"Dur\u00e9e de lecture estim\u00e9e\" \/>\n\t<meta name=\"twitter:data1\" content=\"2 minutes\" \/>\n<script type=\"application\/ld+json\" class=\"yoast-schema-graph\">{\"@context\":\"https:\/\/schema.org\",\"@graph\":[{\"@type\":\"WebPage\",\"@id\":\"https:\/\/pistonaddict.com\/fr\/product\/bentley-flying-spur\/\",\"url\":\"https:\/\/pistonaddict.com\/fr\/product\/bentley-flying-spur\/\",\"name\":\"Bentley Flying Spur auction - Piston Addict.\",\"isPartOf\":{\"@id\":\"https:\/\/pistonaddict.com\/fr\/#website\"},\"primaryImageOfPage\":{\"@id\":\"https:\/\/pistonaddict.com\/fr\/product\/bentley-flying-spur\/#primaryimage\"},\"image\":{\"@id\":\"https:\/\/pistonaddict.com\/fr\/product\/bentley-flying-spur\/#primaryimage\"},\"thumbnailUrl\":\"https:\/\/pistonaddict.com\/wp-content\/uploads\/2023\/04\/LuxurycarLondonApril11PistonAddict_0433-scaled.jpg\",\"datePublished\":\"2023-04-19T13:06:28+00:00\",\"dateModified\":\"2024-03-19T16:47:59+00:00\",\"description\":\"D\u00e9couvrez cette Bentley Flying Spur en vente aux ench\u00e8res sur PistonAddict.com avec transmission automatique et seulement 8359 km.\",\"breadcrumb\":{\"@id\":\"https:\/\/pistonaddict.com\/fr\/product\/bentley-flying-spur\/#breadcrumb\"},\"inLanguage\":\"fr-FR\",\"potentialAction\":[{\"@type\":\"ReadAction\",\"target\":[\"https:\/\/pistonaddict.com\/fr\/product\/bentley-flying-spur\/\"]}]},{\"@type\":\"ImageObject\",\"inLanguage\":\"fr-FR\",\"@id\":\"https:\/\/pistonaddict.com\/fr\/product\/bentley-flying-spur\/#primaryimage\",\"url\":\"https:\/\/pistonaddict.com\/wp-content\/uploads\/2023\/04\/LuxurycarLondonApril11PistonAddict_0433-scaled.jpg\",\"contentUrl\":\"https:\/\/pistonaddict.com\/wp-content\/uploads\/2023\/04\/LuxurycarLondonApril11PistonAddict_0433-scaled.jpg\",\"width\":2560,\"height\":1505},{\"@type\":\"BreadcrumbList\",\"@id\":\"https:\/\/pistonaddict.com\/fr\/product\/bentley-flying-spur\/#breadcrumb\",\"itemListElement\":[{\"@type\":\"ListItem\",\"position\":1,\"name\":\"Homepage\",\"item\":\"https:\/\/pistonaddict.com\/fr\/page-daccueil\/\"},{\"@type\":\"ListItem\",\"position\":2,\"name\":\"Auctions\",\"item\":\"https:\/\/pistonaddict.com\/auctions-listing\/\"},{\"@type\":\"ListItem\",\"position\":3,\"name\":\"Bentley Flying Spur\"}]},{\"@type\":\"WebSite\",\"@id\":\"https:\/\/pistonaddict.com\/fr\/#website\",\"url\":\"https:\/\/pistonaddict.com\/fr\/\",\"name\":\"Piston Addict\",\"description\":\"Only interesting vehicles\",\"publisher\":{\"@id\":\"https:\/\/pistonaddict.com\/fr\/#organization\"},\"potentialAction\":[{\"@type\":\"SearchAction\",\"target\":{\"@type\":\"EntryPoint\",\"urlTemplate\":\"https:\/\/pistonaddict.com\/fr\/?s={search_term_string}\"},\"query-input\":\"required name=search_term_string\"}],\"inLanguage\":\"fr-FR\"},{\"@type\":\"Organization\",\"@id\":\"https:\/\/pistonaddict.com\/fr\/#organization\",\"name\":\"Piston Addict\",\"url\":\"https:\/\/pistonaddict.com\/fr\/\",\"logo\":{\"@type\":\"ImageObject\",\"inLanguage\":\"fr-FR\",\"@id\":\"https:\/\/pistonaddict.com\/fr\/#\/schema\/logo\/image\/\",\"url\":\"https:\/\/pistonaddict.com\/wp-content\/uploads\/2022\/07\/logo-6.png\",\"contentUrl\":\"https:\/\/pistonaddict.com\/wp-content\/uploads\/2022\/07\/logo-6.png\",\"width\":970,\"height\":200,\"caption\":\"Piston Addict\"},\"image\":{\"@id\":\"https:\/\/pistonaddict.com\/fr\/#\/schema\/logo\/image\/\"}}]}<\/script>\n<!-- \/ Yoast SEO plugin. -->","yoast_head_json":{"title":"Bentley Flying Spur auction - Piston Addict.","description":"D\u00e9couvrez cette Bentley Flying Spur en vente aux ench\u00e8res sur PistonAddict.com avec transmission automatique et seulement 8359 km.","robots":{"index":"index","follow":"follow","max-snippet":"max-snippet:-1","max-image-preview":"max-image-preview:large","max-video-preview":"max-video-preview:-1"},"canonical":"https:\/\/pistonaddict.com\/fr\/product\/bentley-flying-spur\/","og_locale":"fr_FR","og_type":"article","og_title":"Bentley Flying Spur auction - Piston Addict.","og_description":"D\u00e9couvrez cette Bentley Flying Spur en vente aux ench\u00e8res sur PistonAddict.com avec transmission automatique et seulement 8359 km.","og_url":"https:\/\/pistonaddict.com\/fr\/product\/bentley-flying-spur\/","og_site_name":"Piston Addict","article_modified_time":"2024-03-19T16:47:59+00:00","og_image":[{"width":2560,"height":1505,"url":"https:\/\/pistonaddict.com\/wp-content\/uploads\/2023\/04\/LuxurycarLondonApril11PistonAddict_0433-scaled.jpg","type":"image\/jpeg"}],"twitter_card":"summary_large_image","twitter_misc":{"Dur\u00e9e de lecture estim\u00e9e":"2 minutes"},"schema":{"@context":"https:\/\/schema.org","@graph":[{"@type":"WebPage","@id":"https:\/\/pistonaddict.com\/fr\/product\/bentley-flying-spur\/","url":"https:\/\/pistonaddict.com\/fr\/product\/bentley-flying-spur\/","name":"Bentley Flying Spur auction - Piston Addict.","isPartOf":{"@id":"https:\/\/pistonaddict.com\/fr\/#website"},"primaryImageOfPage":{"@id":"https:\/\/pistonaddict.com\/fr\/product\/bentley-flying-spur\/#primaryimage"},"image":{"@id":"https:\/\/pistonaddict.com\/fr\/product\/bentley-flying-spur\/#primaryimage"},"thumbnailUrl":"https:\/\/pistonaddict.com\/wp-content\/uploads\/2023\/04\/LuxurycarLondonApril11PistonAddict_0433-scaled.jpg","datePublished":"2023-04-19T13:06:28+00:00","dateModified":"2024-03-19T16:47:59+00:00","description":"D\u00e9couvrez cette Bentley Flying Spur en vente aux ench\u00e8res sur PistonAddict.com avec transmission automatique et seulement 8359 km.","breadcrumb":{"@id":"https:\/\/pistonaddict.com\/fr\/product\/bentley-flying-spur\/#breadcrumb"},"inLanguage":"fr-FR","potentialAction":[{"@type":"ReadAction","target":["https:\/\/pistonaddict.com\/fr\/product\/bentley-flying-spur\/"]}]},{"@type":"ImageObject","inLanguage":"fr-FR","@id":"https:\/\/pistonaddict.com\/fr\/product\/bentley-flying-spur\/#primaryimage","url":"https:\/\/pistonaddict.com\/wp-content\/uploads\/2023\/04\/LuxurycarLondonApril11PistonAddict_0433-scaled.jpg","contentUrl":"https:\/\/pistonaddict.com\/wp-content\/uploads\/2023\/04\/LuxurycarLondonApril11PistonAddict_0433-scaled.jpg","width":2560,"height":1505},{"@type":"BreadcrumbList","@id":"https:\/\/pistonaddict.com\/fr\/product\/bentley-flying-spur\/#breadcrumb","itemListElement":[{"@type":"ListItem","position":1,"name":"Homepage","item":"https:\/\/pistonaddict.com\/fr\/page-daccueil\/"},{"@type":"ListItem","position":2,"name":"Auctions","item":"https:\/\/pistonaddict.com\/auctions-listing\/"},{"@type":"ListItem","position":3,"name":"Bentley Flying Spur"}]},{"@type":"WebSite","@id":"https:\/\/pistonaddict.com\/fr\/#website","url":"https:\/\/pistonaddict.com\/fr\/","name":"Piston Addict","description":"Only interesting vehicles","publisher":{"@id":"https:\/\/pistonaddict.com\/fr\/#organization"},"potentialAction":[{"@type":"SearchAction","target":{"@type":"EntryPoint","urlTemplate":"https:\/\/pistonaddict.com\/fr\/?s={search_term_string}"},"query-input":"required name=search_term_string"}],"inLanguage":"fr-FR"},{"@type":"Organization","@id":"https:\/\/pistonaddict.com\/fr\/#organization","name":"Piston Addict","url":"https:\/\/pistonaddict.com\/fr\/","logo":{"@type":"ImageObject","inLanguage":"fr-FR","@id":"https:\/\/pistonaddict.com\/fr\/#\/schema\/logo\/image\/","url":"https:\/\/pistonaddict.com\/wp-content\/uploads\/2022\/07\/logo-6.png","contentUrl":"https:\/\/pistonaddict.com\/wp-content\/uploads\/2022\/07\/logo-6.png","width":970,"height":200,"caption":"Piston Addict"},"image":{"@id":"https:\/\/pistonaddict.com\/fr\/#\/schema\/logo\/image\/"}}]}},"_links":{"self":[{"href":"https:\/\/pistonaddict.com\/fr\/wp-json\/wp\/v2\/product\/34600"}],"collection":[{"href":"https:\/\/pistonaddict.com\/fr\/wp-json\/wp\/v2\/product"}],"about":[{"href":"https:\/\/pistonaddict.com\/fr\/wp-json\/wp\/v2\/types\/product"}],"replies":[{"embeddable":true,"href":"https:\/\/pistonaddict.com\/fr\/wp-json\/wp\/v2\/comments?post=34600"}],"wp:featuredmedia":[{"embeddable":true,"href":"https:\/\/pistonaddict.com\/fr\/wp-json\/wp\/v2\/media\/34084"}],"wp:attachment":[{"href":"https:\/\/pistonaddict.com\/fr\/wp-json\/wp\/v2\/media?parent=34600"}],"wp:term":[{"taxonomy":"product_cat","embeddable":true,"href":"https:\/\/pistonaddict.com\/fr\/wp-json\/wp\/v2\/product_cat?post=34600"},{"taxonomy":"product_tag","embeddable":true,"href":"https:\/\/pistonaddict.com\/fr\/wp-json\/wp\/v2\/product_tag?post=34600"}],"curies":[{"name":"wp","href":"https:\/\/api.w.org\/{rel}","templated":true}]}}