{"id":34047,"date":"2023-04-19T10:37:02","date_gmt":"2023-04-19T08:37:02","guid":{"rendered":"https:\/\/pistonaddict.com\/product\/porsche-gt3-touring\/"},"modified":"2024-03-19T17:27:33","modified_gmt":"2024-03-19T16:27:33","slug":"porsche-gt3-touring","status":"publish","type":"product","link":"https:\/\/pistonaddict.com\/fr\/product\/porsche-gt3-touring\/","title":{"rendered":"Porsche GT3 Touring"},"content":{"rendered":"<h2>Ext\u00e9rieur<\/h2>\n<p>\u00c0 l&#8217;ext\u00e9rieur, ce mod\u00e8le Touring de couleur grise partage la plupart des d\u00e9tails de conception avec la 911 RS3 sur laquelle il est bas\u00e9. Il s&#8217;agit notamment de phares au x\u00e9non avec halos LED, de grandes prises d&#8217;air \u00e0 l&#8217;avant, de panneaux de carrosserie et de pare-chocs \u00e9largis. Mais ce qui diff\u00e9rencie ces deux voitures, c&#8217;est l&#8217;aile massive \u00e0 l&#8217;arri\u00e8re, ou l&#8217;absence apparente d&#8217;aile, sur la Touring. En revanche, ce mod\u00e8le est dot\u00e9 d&#8217;un aileron arri\u00e8re r\u00e9tractable, qui se d\u00e9ploie \u00e0 partir de 75 km\/h pour accro\u00eetre la force d&#8217;appui. Toutefois, le becquet est r\u00e9tract\u00e9 et affleure la silhouette de la voiture \u00e0 faible vitesse, ce qui lui conf\u00e8re une allure \u00e9l\u00e9gante et a\u00e9rodynamique. Cette Porsche est \u00e9quip\u00e9e de jantes 19 pouces d&#8217;origine et de pneus Dunlop Sport Maxx Race 2, qui lui conviennent parfaitement.<\/p>\n<h2>Int\u00e9rieur<\/h2>\n<p>A l&#8217;int\u00e9rieur, cette Porsche est \u00e9quip\u00e9e d&#8217;une paire de si\u00e8ges baquets l\u00e9gers habill\u00e9s de cuir noir avec des inserts en tissu gris fonc\u00e9. Les ceintures de s\u00e9curit\u00e9 jaunes sont une touche agr\u00e9able qui donne \u00e0 l&#8217;int\u00e9rieur un aspect plus vivant. Contrairement \u00e0 la 911 <em>ordinaire<\/em>, il n&#8217;y a pas de si\u00e8ges \u00e0 l&#8217;arri\u00e8re. Une fois \u00e0 l&#8217;int\u00e9rieur, le conducteur trouvera un volant en cuir \u00e0 trois branches, derri\u00e8re lequel se trouve le combin\u00e9 d&#8217;instruments sign\u00e9 Porsche. Il comprend un compte-tours central allant jusqu&#8217;\u00e0 10 000 tr\/min, un compteur de vitesse et plusieurs autres indicateurs. La console centrale est domin\u00e9e par un grand \u00e9cran tactile avec st\u00e9r\u00e9o int\u00e9gr\u00e9e, cam\u00e9ra de recul et navigation. Enfin, comme la plupart des autres mod\u00e8les GT3, cette Porsche dispose d&#8217;un chronom\u00e8tre en haut du tableau de bord, ce qui est utile pour effectuer des tours chronom\u00e9tr\u00e9s.<\/p>\n<h2>M\u00e9canique<\/h2>\n<p>Bien qu&#8217;il s&#8217;agisse d&#8217;un mod\u00e8le de loisir, ce Touring fait partie de la prestigieuse gamme GT3. Cela signifie qu&#8217;elle est \u00e9quip\u00e9e du m\u00eame moteur flat-six de 4,0 litres \u00e0 aspiration naturelle, qui d\u00e9veloppe 500 chevaux et 469 Nm de couple. Mais contrairement \u00e0 la plupart des mod\u00e8les de la gamme GT3, qui utilisent des transmissions automatiques \u00e0 double embrayage, cette voiture est \u00e9quip\u00e9e d&#8217;une bo\u00eete de vitesses manuelle \u00e0 six rapports plus traditionnelle. La puissance est transmise aux roues arri\u00e8re par l&#8217;interm\u00e9diaire d&#8217;un diff\u00e9rentiel \u00e0 glissement limit\u00e9, qui am\u00e9liore la traction, en particulier dans des conditions glissantes. En outre, cette Porsche passe de 0 \u00e0 60 en seulement 3,4 secondes et atteint une vitesse maximale de 196 MPH. Et lorsqu&#8217;il doit s&#8217;arr\u00eater, ses \u00e9normes freins lui permettent de le faire sur la distance la plus courte possible.<\/p>\n<h2>Historique du v\u00e9hicule<\/h2>\n<p>Cette 911 GT3 Touring particuli\u00e8re a \u00e9t\u00e9 fabriqu\u00e9e sur mesure par Porsche pour l&#8217;un de ses clients VIP, qui l&#8217;a command\u00e9e dans le cadre d&#8217;une collection plus large. Bien que se trouvant au Royaume-Uni, il s&#8217;agit d&#8217;un mod\u00e8le \u00e0 conduite \u00e0 gauche avec des plaques d&#8217;immatriculation luxembourgeoises. Il a subi son dernier entretien il y a quelques mois seulement, en f\u00e9vrier, et il est maintenant tout \u00e0 fait pr\u00eat \u00e0 prendre la route.<\/p>\n","protected":false},"excerpt":{"rendered":"<p>Cette Porsche 911 GT3 Touring conviendra parfaitement \u00e0 une personne \u00e0 la recherche d&#8217;une voiture \u00e9l\u00e9gante et souple, capable de performances fulgurantes. Bien qu&#8217;il paraisse subtil, voire discret, \u00e0 l&#8217;ext\u00e9rieur, ce coup\u00e9 2 portes est un v\u00e9ritable pur-sang de course. Il est donc tout aussi agr\u00e9able \u00e0 utiliser sur l&#8217;autoroute que sur circuit. Fabriqu\u00e9e en 2018 comme l&#8217;une des derni\u00e8res voitures de la gamme 991.2, cette Porsche n&#8217;a parcouru que 1 400 miles. De plus, le vendeur indique qu&#8217;il a \u00e9t\u00e9 r\u00e9vis\u00e9 r\u00e9cemment et le d\u00e9crit <em>comme neuf<\/em>.<\/p>\n","protected":false},"featured_media":33485,"comment_status":"open","ping_status":"closed","template":"","meta":{"inline_featured_image":false},"product_cat":[754],"product_tag":[1292,1181,821,921],"acf":[],"yoast_head":"<!-- This site is optimized with the Yoast SEO plugin v22.5 - https:\/\/yoast.com\/wordpress\/plugins\/seo\/ -->\n<title>Porsche GT3 Touring auction - Piston Addict.<\/title>\n<meta name=\"description\" content=\"D\u00e9couvrez cette Porsche GT3 Touring en vente aux ench\u00e8res sur PistonAddict.com avec une transmission automatique et seulement 1414 miles.\" \/>\n<meta name=\"robots\" content=\"index, follow, max-snippet:-1, max-image-preview:large, max-video-preview:-1\" \/>\n<link rel=\"canonical\" href=\"https:\/\/pistonaddict.com\/fr\/product\/porsche-gt3-touring\/\" \/>\n<meta property=\"og:locale\" content=\"fr_FR\" \/>\n<meta property=\"og:type\" content=\"article\" \/>\n<meta property=\"og:title\" content=\"Porsche GT3 Touring auction - Piston Addict.\" \/>\n<meta property=\"og:description\" content=\"D\u00e9couvrez cette Porsche GT3 Touring en vente aux ench\u00e8res sur PistonAddict.com avec une transmission automatique et seulement 1414 miles.\" \/>\n<meta property=\"og:url\" content=\"https:\/\/pistonaddict.com\/fr\/product\/porsche-gt3-touring\/\" \/>\n<meta property=\"og:site_name\" content=\"Piston Addict\" \/>\n<meta property=\"article:modified_time\" content=\"2024-03-19T16:27:33+00:00\" \/>\n<meta property=\"og:image\" content=\"https:\/\/pistonaddict.com\/wp-content\/uploads\/2023\/04\/LuxurycarLondonApril11PistonAddict_0868-2-scaled.jpg\" \/>\n\t<meta property=\"og:image:width\" content=\"2560\" \/>\n\t<meta property=\"og:image:height\" content=\"1673\" \/>\n\t<meta property=\"og:image:type\" content=\"image\/jpeg\" \/>\n<meta name=\"twitter:card\" content=\"summary_large_image\" \/>\n<meta name=\"twitter:label1\" content=\"Dur\u00e9e de lecture estim\u00e9e\" \/>\n\t<meta name=\"twitter:data1\" content=\"3 minutes\" \/>\n<script type=\"application\/ld+json\" class=\"yoast-schema-graph\">{\"@context\":\"https:\/\/schema.org\",\"@graph\":[{\"@type\":\"WebPage\",\"@id\":\"https:\/\/pistonaddict.com\/fr\/product\/porsche-gt3-touring\/\",\"url\":\"https:\/\/pistonaddict.com\/fr\/product\/porsche-gt3-touring\/\",\"name\":\"Porsche GT3 Touring auction - Piston Addict.\",\"isPartOf\":{\"@id\":\"https:\/\/pistonaddict.com\/fr\/#website\"},\"primaryImageOfPage\":{\"@id\":\"https:\/\/pistonaddict.com\/fr\/product\/porsche-gt3-touring\/#primaryimage\"},\"image\":{\"@id\":\"https:\/\/pistonaddict.com\/fr\/product\/porsche-gt3-touring\/#primaryimage\"},\"thumbnailUrl\":\"https:\/\/pistonaddict.com\/wp-content\/uploads\/2023\/04\/LuxurycarLondonApril11PistonAddict_0868-2-scaled.jpg\",\"datePublished\":\"2023-04-19T08:37:02+00:00\",\"dateModified\":\"2024-03-19T16:27:33+00:00\",\"description\":\"D\u00e9couvrez cette Porsche GT3 Touring en vente aux ench\u00e8res sur PistonAddict.com avec une transmission automatique et seulement 1414 miles.\",\"breadcrumb\":{\"@id\":\"https:\/\/pistonaddict.com\/fr\/product\/porsche-gt3-touring\/#breadcrumb\"},\"inLanguage\":\"fr-FR\",\"potentialAction\":[{\"@type\":\"ReadAction\",\"target\":[\"https:\/\/pistonaddict.com\/fr\/product\/porsche-gt3-touring\/\"]}]},{\"@type\":\"ImageObject\",\"inLanguage\":\"fr-FR\",\"@id\":\"https:\/\/pistonaddict.com\/fr\/product\/porsche-gt3-touring\/#primaryimage\",\"url\":\"https:\/\/pistonaddict.com\/wp-content\/uploads\/2023\/04\/LuxurycarLondonApril11PistonAddict_0868-2-scaled.jpg\",\"contentUrl\":\"https:\/\/pistonaddict.com\/wp-content\/uploads\/2023\/04\/LuxurycarLondonApril11PistonAddict_0868-2-scaled.jpg\",\"width\":2560,\"height\":1673},{\"@type\":\"BreadcrumbList\",\"@id\":\"https:\/\/pistonaddict.com\/fr\/product\/porsche-gt3-touring\/#breadcrumb\",\"itemListElement\":[{\"@type\":\"ListItem\",\"position\":1,\"name\":\"Homepage\",\"item\":\"https:\/\/pistonaddict.com\/fr\/page-daccueil\/\"},{\"@type\":\"ListItem\",\"position\":2,\"name\":\"Auctions\",\"item\":\"https:\/\/pistonaddict.com\/auctions-listing\/\"},{\"@type\":\"ListItem\",\"position\":3,\"name\":\"Porsche GT3 Touring\"}]},{\"@type\":\"WebSite\",\"@id\":\"https:\/\/pistonaddict.com\/fr\/#website\",\"url\":\"https:\/\/pistonaddict.com\/fr\/\",\"name\":\"Piston Addict\",\"description\":\"Only interesting vehicles\",\"publisher\":{\"@id\":\"https:\/\/pistonaddict.com\/fr\/#organization\"},\"potentialAction\":[{\"@type\":\"SearchAction\",\"target\":{\"@type\":\"EntryPoint\",\"urlTemplate\":\"https:\/\/pistonaddict.com\/fr\/?s={search_term_string}\"},\"query-input\":\"required name=search_term_string\"}],\"inLanguage\":\"fr-FR\"},{\"@type\":\"Organization\",\"@id\":\"https:\/\/pistonaddict.com\/fr\/#organization\",\"name\":\"Piston Addict\",\"url\":\"https:\/\/pistonaddict.com\/fr\/\",\"logo\":{\"@type\":\"ImageObject\",\"inLanguage\":\"fr-FR\",\"@id\":\"https:\/\/pistonaddict.com\/fr\/#\/schema\/logo\/image\/\",\"url\":\"https:\/\/pistonaddict.com\/wp-content\/uploads\/2022\/07\/logo-6.png\",\"contentUrl\":\"https:\/\/pistonaddict.com\/wp-content\/uploads\/2022\/07\/logo-6.png\",\"width\":970,\"height\":200,\"caption\":\"Piston Addict\"},\"image\":{\"@id\":\"https:\/\/pistonaddict.com\/fr\/#\/schema\/logo\/image\/\"}}]}<\/script>\n<!-- \/ Yoast SEO plugin. -->","yoast_head_json":{"title":"Porsche GT3 Touring auction - Piston Addict.","description":"D\u00e9couvrez cette Porsche GT3 Touring en vente aux ench\u00e8res sur PistonAddict.com avec une transmission automatique et seulement 1414 miles.","robots":{"index":"index","follow":"follow","max-snippet":"max-snippet:-1","max-image-preview":"max-image-preview:large","max-video-preview":"max-video-preview:-1"},"canonical":"https:\/\/pistonaddict.com\/fr\/product\/porsche-gt3-touring\/","og_locale":"fr_FR","og_type":"article","og_title":"Porsche GT3 Touring auction - Piston Addict.","og_description":"D\u00e9couvrez cette Porsche GT3 Touring en vente aux ench\u00e8res sur PistonAddict.com avec une transmission automatique et seulement 1414 miles.","og_url":"https:\/\/pistonaddict.com\/fr\/product\/porsche-gt3-touring\/","og_site_name":"Piston Addict","article_modified_time":"2024-03-19T16:27:33+00:00","og_image":[{"width":2560,"height":1673,"url":"https:\/\/pistonaddict.com\/wp-content\/uploads\/2023\/04\/LuxurycarLondonApril11PistonAddict_0868-2-scaled.jpg","type":"image\/jpeg"}],"twitter_card":"summary_large_image","twitter_misc":{"Dur\u00e9e de lecture estim\u00e9e":"3 minutes"},"schema":{"@context":"https:\/\/schema.org","@graph":[{"@type":"WebPage","@id":"https:\/\/pistonaddict.com\/fr\/product\/porsche-gt3-touring\/","url":"https:\/\/pistonaddict.com\/fr\/product\/porsche-gt3-touring\/","name":"Porsche GT3 Touring auction - Piston Addict.","isPartOf":{"@id":"https:\/\/pistonaddict.com\/fr\/#website"},"primaryImageOfPage":{"@id":"https:\/\/pistonaddict.com\/fr\/product\/porsche-gt3-touring\/#primaryimage"},"image":{"@id":"https:\/\/pistonaddict.com\/fr\/product\/porsche-gt3-touring\/#primaryimage"},"thumbnailUrl":"https:\/\/pistonaddict.com\/wp-content\/uploads\/2023\/04\/LuxurycarLondonApril11PistonAddict_0868-2-scaled.jpg","datePublished":"2023-04-19T08:37:02+00:00","dateModified":"2024-03-19T16:27:33+00:00","description":"D\u00e9couvrez cette Porsche GT3 Touring en vente aux ench\u00e8res sur PistonAddict.com avec une transmission automatique et seulement 1414 miles.","breadcrumb":{"@id":"https:\/\/pistonaddict.com\/fr\/product\/porsche-gt3-touring\/#breadcrumb"},"inLanguage":"fr-FR","potentialAction":[{"@type":"ReadAction","target":["https:\/\/pistonaddict.com\/fr\/product\/porsche-gt3-touring\/"]}]},{"@type":"ImageObject","inLanguage":"fr-FR","@id":"https:\/\/pistonaddict.com\/fr\/product\/porsche-gt3-touring\/#primaryimage","url":"https:\/\/pistonaddict.com\/wp-content\/uploads\/2023\/04\/LuxurycarLondonApril11PistonAddict_0868-2-scaled.jpg","contentUrl":"https:\/\/pistonaddict.com\/wp-content\/uploads\/2023\/04\/LuxurycarLondonApril11PistonAddict_0868-2-scaled.jpg","width":2560,"height":1673},{"@type":"BreadcrumbList","@id":"https:\/\/pistonaddict.com\/fr\/product\/porsche-gt3-touring\/#breadcrumb","itemListElement":[{"@type":"ListItem","position":1,"name":"Homepage","item":"https:\/\/pistonaddict.com\/fr\/page-daccueil\/"},{"@type":"ListItem","position":2,"name":"Auctions","item":"https:\/\/pistonaddict.com\/auctions-listing\/"},{"@type":"ListItem","position":3,"name":"Porsche GT3 Touring"}]},{"@type":"WebSite","@id":"https:\/\/pistonaddict.com\/fr\/#website","url":"https:\/\/pistonaddict.com\/fr\/","name":"Piston Addict","description":"Only interesting vehicles","publisher":{"@id":"https:\/\/pistonaddict.com\/fr\/#organization"},"potentialAction":[{"@type":"SearchAction","target":{"@type":"EntryPoint","urlTemplate":"https:\/\/pistonaddict.com\/fr\/?s={search_term_string}"},"query-input":"required name=search_term_string"}],"inLanguage":"fr-FR"},{"@type":"Organization","@id":"https:\/\/pistonaddict.com\/fr\/#organization","name":"Piston Addict","url":"https:\/\/pistonaddict.com\/fr\/","logo":{"@type":"ImageObject","inLanguage":"fr-FR","@id":"https:\/\/pistonaddict.com\/fr\/#\/schema\/logo\/image\/","url":"https:\/\/pistonaddict.com\/wp-content\/uploads\/2022\/07\/logo-6.png","contentUrl":"https:\/\/pistonaddict.com\/wp-content\/uploads\/2022\/07\/logo-6.png","width":970,"height":200,"caption":"Piston Addict"},"image":{"@id":"https:\/\/pistonaddict.com\/fr\/#\/schema\/logo\/image\/"}}]}},"_links":{"self":[{"href":"https:\/\/pistonaddict.com\/fr\/wp-json\/wp\/v2\/product\/34047"}],"collection":[{"href":"https:\/\/pistonaddict.com\/fr\/wp-json\/wp\/v2\/product"}],"about":[{"href":"https:\/\/pistonaddict.com\/fr\/wp-json\/wp\/v2\/types\/product"}],"replies":[{"embeddable":true,"href":"https:\/\/pistonaddict.com\/fr\/wp-json\/wp\/v2\/comments?post=34047"}],"wp:featuredmedia":[{"embeddable":true,"href":"https:\/\/pistonaddict.com\/fr\/wp-json\/wp\/v2\/media\/33485"}],"wp:attachment":[{"href":"https:\/\/pistonaddict.com\/fr\/wp-json\/wp\/v2\/media?parent=34047"}],"wp:term":[{"taxonomy":"product_cat","embeddable":true,"href":"https:\/\/pistonaddict.com\/fr\/wp-json\/wp\/v2\/product_cat?post=34047"},{"taxonomy":"product_tag","embeddable":true,"href":"https:\/\/pistonaddict.com\/fr\/wp-json\/wp\/v2\/product_tag?post=34047"}],"curies":[{"name":"wp","href":"https:\/\/api.w.org\/{rel}","templated":true}]}}