{"id":33341,"date":"2023-04-19T09:41:30","date_gmt":"2023-04-19T07:41:30","guid":{"rendered":"https:\/\/pistonaddict.com\/product\/jensen-interceptor\/"},"modified":"2024-03-19T17:49:05","modified_gmt":"2024-03-19T16:49:05","slug":"jensen-intercepteur","status":"publish","type":"product","link":"https:\/\/pistonaddict.com\/fr\/product\/jensen-intercepteur\/","title":{"rendered":"Jensen Interceptor R Mk3"},"content":{"rendered":"<p><strong>Histoire de l&#8217;automobile<\/strong><\/p>\n<p>Cette Jensen Interceptor particuli\u00e8re a \u00e9t\u00e9 livr\u00e9e \u00e0 son propri\u00e9taire d&#8217;origine en mars 1972. Elle \u00e9tait \u00e9quip\u00e9e d&#8217;un \u00e9norme moteur V8 Chrysler 440 CID ne d\u00e9veloppant que 280 ch en raison du durcissement des normes antipollution de l&#8217;\u00e9poque. Les mod\u00e8les Mk3 (introduits en 1971) \u00e9taient r\u00e9put\u00e9s pour leur int\u00e9rieur luxueux, leur longue liste d&#8217;\u00e9quipements de s\u00e9rie et leur conduite souple. Cependant, comme la plupart des Interceptors ont continu\u00e9 \u00e0 vivre leur vie dans le cadre de collections de voitures classiques, cet exemplaire a b\u00e9n\u00e9fici\u00e9 d&#8217;une refonte compl\u00e8te, d&#8217;une nouvelle vie et d&#8217;une mise \u00e0 niveau massive de la puissance. La transformation d&#8217;un cruiser des ann\u00e9es 70 en une machine muscl\u00e9e du 21e si\u00e8cle, pr\u00eate \u00e0 surprendre les propri\u00e9taires de Porsche sur l&#8217;autoroute. La soci\u00e9t\u00e9 britannique JIR a effectu\u00e9 une transformation compl\u00e8te en conservant les lignes d&#8217;origine mais en am\u00e9liorant consid\u00e9rablement la m\u00e9canique.<\/p>\n<p><strong>\u00c9tat de la voiture<\/strong><\/p>\n<p>Avec moins de 10 000 miles depuis qu&#8217;elle a \u00e9t\u00e9 enti\u00e8rement reconstruite, cette Jensen Interceptor R est dans un \u00e9tat impeccable. Comme il s&#8217;agit d&#8217;un excellent exemple de restomod r\u00e9ussi, les sp\u00e9cifications sont particuli\u00e8rement int\u00e9ressantes. Le co\u00fbt de construction de cette voiture a d\u00e9pass\u00e9 les 200 000 livres. La liste des modifications, des composants personnalis\u00e9s et des pi\u00e8ces uniques est donc tr\u00e8s longue. Cette Interceptor R exacte est largement consid\u00e9r\u00e9e comme la Jensen la plus d\u00e9velopp\u00e9e au monde. Sous le capot se trouve un V8 de 6,2 litres de la Corvette ZR1, qui d\u00e9veloppe plus de 600 ch et transmet la puissance aux roues arri\u00e8re par l&#8217;interm\u00e9diaire d&#8217;une transmission automatique \u00e0 6 rapports. Une telle puissance a n\u00e9cessit\u00e9 un jeu de freins AP, une suspension r\u00e9vis\u00e9e et bien d&#8217;autres choses encore. Le r\u00e9sultat est une machine fantastique qui peut atteindre 100 km en un peu plus de 4 secondes et rouler confortablement \u00e0 grande vitesse.<\/p>\n<p><strong>Int\u00e9rieur<\/strong><\/p>\n<p>Dans l&#8217;habitacle, la sobri\u00e9t\u00e9 est de mise avec un tableau de bord et des garnitures classiques, mais avec des si\u00e8ges am\u00e9lior\u00e9s, de la technologie et une sellerie en cuir de qualit\u00e9 sup\u00e9rieure. La couleur bordeaux s&#8217;accorde parfaitement avec un ext\u00e9rieur bicolore. Les propri\u00e9taires de Jensen classiques vous diront que ces voitures \u00e9taient dot\u00e9es d&#8217;une \u00e9lectronique d\u00e9licate et de syst\u00e8mes souvent complexes lorsqu&#8217;elles \u00e9taient neuves. Heureusement, cet exemplaire a b\u00e9n\u00e9fici\u00e9 d&#8217;une r\u00e9novation compl\u00e8te, de composants et d&#8217;\u00e9quipements modernes, d&#8217;une climatisation fonctionnelle et d&#8217;un syst\u00e8me audio haut de gamme.<\/p>\n<p><strong>Ext\u00e9rieur et roues<\/strong><\/p>\n<p>Cette Interceptor R de 1972 a l&#8217;air d&#8217;\u00eatre une voiture de s\u00e9rie, mais d\u00e8s que l&#8217;on regarde les d\u00e9tails, on se rend compte qu&#8217;elle est tout sauf une voiture de s\u00e9rie. Les roues sont fabriqu\u00e9es sur mesure et ressemblent beaucoup au mod\u00e8le original, mais elles sont plus larges et plus grandes. La prise d&#8217;air lat\u00e9rale a \u00e9t\u00e9 ajout\u00e9e pour aider \u00e0 refroidir le puissant moteur, et une calandre et des badges diff\u00e9rents ont \u00e9t\u00e9 discr\u00e8tement ajout\u00e9s. Ceux qui connaissent un peu les Interceptors classiques savent que ces voitures \u00e9taient sujettes \u00e0 la rouille, mais cet exemplaire, apr\u00e8s tous les travaux effectu\u00e9s, est pratiquement un v\u00e9hicule neuf sans aucun probl\u00e8me de ce type.<\/p>\n<p><strong>  Documentation<\/strong><\/p>\n<p>Il s&#8217;agit d&#8217;un v\u00e9hicule priv\u00e9 avec la documentation appropri\u00e9e situ\u00e9 \u00e0 Londres, au Royaume-Uni. Le rapport CarVertical est vierge; il n&#8217;existe aucune preuve d&#8217;accident, de r\u00e9paration d&#8217;accident ou de probl\u00e8me juridique. Il existe des documents attestant d&#8217;un entretien r\u00e9gulier. Les futurs propri\u00e9taires aimeraient savoir que cet exemplaire particulier est une voiture de c\u00e9l\u00e9brit\u00e9, ayant \u00e9t\u00e9 test\u00e9e par le c\u00e9l\u00e8bre Jeremy Clarkson et pr\u00e9sent\u00e9e dans Top Gear en 2011\/2012.<\/p>\n","protected":false},"excerpt":{"rendered":"<p>Bien que cette magnifique Interceptor ait l&#8217;air plut\u00f4t ordinaire de l&#8217;ext\u00e9rieur, elle renferme un secret passionnant. Un moteur V8 suraliment\u00e9 de 600 ch et des performances \u00e9poustouflantes, le tout envelopp\u00e9 dans l&#8217;un des plus beaux designs des ann\u00e9es 70. Il s&#8217;agit d&#8217;une v\u00e9ritable GT restomod britannique avec un c\u0153ur am\u00e9ricain, pr\u00eate \u00e0 d\u00e9passer tout ce qui se trouve sur son chemin.<\/p>\n","protected":false},"featured_media":32667,"comment_status":"open","ping_status":"closed","template":"","meta":{"inline_featured_image":false},"product_cat":[754],"product_tag":[1262,1100,1099,921],"acf":[],"yoast_head":"<!-- This site is optimized with the Yoast SEO plugin v22.5 - https:\/\/yoast.com\/wordpress\/plugins\/seo\/ -->\n<title>Jensen Interceptor R Mk3 auction - Piston Addict.<\/title>\n<meta name=\"description\" content=\"D\u00e9couvrez cette Jensen Interceptor R MK3 mise aux ench\u00e8res sur PistonAddict.com\" \/>\n<meta name=\"robots\" content=\"index, follow, max-snippet:-1, max-image-preview:large, max-video-preview:-1\" \/>\n<link rel=\"canonical\" href=\"https:\/\/pistonaddict.com\/fr\/product\/jensen-intercepteur\/\" \/>\n<meta property=\"og:locale\" content=\"fr_FR\" \/>\n<meta property=\"og:type\" content=\"article\" \/>\n<meta property=\"og:title\" content=\"Jensen Interceptor R Mk3 auction - Piston Addict.\" \/>\n<meta property=\"og:description\" content=\"D\u00e9couvrez cette Jensen Interceptor R MK3 mise aux ench\u00e8res sur PistonAddict.com\" \/>\n<meta property=\"og:url\" content=\"https:\/\/pistonaddict.com\/fr\/product\/jensen-intercepteur\/\" \/>\n<meta property=\"og:site_name\" content=\"Piston Addict\" \/>\n<meta property=\"article:modified_time\" content=\"2024-03-19T16:49:05+00:00\" \/>\n<meta property=\"og:image\" content=\"https:\/\/pistonaddict.com\/wp-content\/uploads\/2023\/04\/LuxurycarLondonApril11PistonAddict_0906-scaled.jpg\" \/>\n\t<meta property=\"og:image:width\" content=\"2560\" \/>\n\t<meta property=\"og:image:height\" content=\"1505\" \/>\n\t<meta property=\"og:image:type\" content=\"image\/jpeg\" \/>\n<meta name=\"twitter:card\" content=\"summary_large_image\" \/>\n<meta name=\"twitter:label1\" content=\"Dur\u00e9e de lecture estim\u00e9e\" \/>\n\t<meta name=\"twitter:data1\" content=\"3 minutes\" \/>\n<script type=\"application\/ld+json\" class=\"yoast-schema-graph\">{\"@context\":\"https:\/\/schema.org\",\"@graph\":[{\"@type\":\"WebPage\",\"@id\":\"https:\/\/pistonaddict.com\/fr\/product\/jensen-intercepteur\/\",\"url\":\"https:\/\/pistonaddict.com\/fr\/product\/jensen-intercepteur\/\",\"name\":\"Jensen Interceptor R Mk3 auction - Piston Addict.\",\"isPartOf\":{\"@id\":\"https:\/\/pistonaddict.com\/fr\/#website\"},\"primaryImageOfPage\":{\"@id\":\"https:\/\/pistonaddict.com\/fr\/product\/jensen-intercepteur\/#primaryimage\"},\"image\":{\"@id\":\"https:\/\/pistonaddict.com\/fr\/product\/jensen-intercepteur\/#primaryimage\"},\"thumbnailUrl\":\"https:\/\/pistonaddict.com\/wp-content\/uploads\/2023\/04\/LuxurycarLondonApril11PistonAddict_0906-scaled.jpg\",\"datePublished\":\"2023-04-19T07:41:30+00:00\",\"dateModified\":\"2024-03-19T16:49:05+00:00\",\"description\":\"D\u00e9couvrez cette Jensen Interceptor R MK3 mise aux ench\u00e8res sur PistonAddict.com\",\"breadcrumb\":{\"@id\":\"https:\/\/pistonaddict.com\/fr\/product\/jensen-intercepteur\/#breadcrumb\"},\"inLanguage\":\"fr-FR\",\"potentialAction\":[{\"@type\":\"ReadAction\",\"target\":[\"https:\/\/pistonaddict.com\/fr\/product\/jensen-intercepteur\/\"]}]},{\"@type\":\"ImageObject\",\"inLanguage\":\"fr-FR\",\"@id\":\"https:\/\/pistonaddict.com\/fr\/product\/jensen-intercepteur\/#primaryimage\",\"url\":\"https:\/\/pistonaddict.com\/wp-content\/uploads\/2023\/04\/LuxurycarLondonApril11PistonAddict_0906-scaled.jpg\",\"contentUrl\":\"https:\/\/pistonaddict.com\/wp-content\/uploads\/2023\/04\/LuxurycarLondonApril11PistonAddict_0906-scaled.jpg\",\"width\":2560,\"height\":1505},{\"@type\":\"BreadcrumbList\",\"@id\":\"https:\/\/pistonaddict.com\/fr\/product\/jensen-intercepteur\/#breadcrumb\",\"itemListElement\":[{\"@type\":\"ListItem\",\"position\":1,\"name\":\"Homepage\",\"item\":\"https:\/\/pistonaddict.com\/fr\/page-daccueil\/\"},{\"@type\":\"ListItem\",\"position\":2,\"name\":\"Auctions\",\"item\":\"https:\/\/pistonaddict.com\/auctions-listing\/\"},{\"@type\":\"ListItem\",\"position\":3,\"name\":\"Jensen Interceptor R Mk3\"}]},{\"@type\":\"WebSite\",\"@id\":\"https:\/\/pistonaddict.com\/fr\/#website\",\"url\":\"https:\/\/pistonaddict.com\/fr\/\",\"name\":\"Piston Addict\",\"description\":\"Only interesting vehicles\",\"publisher\":{\"@id\":\"https:\/\/pistonaddict.com\/fr\/#organization\"},\"potentialAction\":[{\"@type\":\"SearchAction\",\"target\":{\"@type\":\"EntryPoint\",\"urlTemplate\":\"https:\/\/pistonaddict.com\/fr\/?s={search_term_string}\"},\"query-input\":\"required name=search_term_string\"}],\"inLanguage\":\"fr-FR\"},{\"@type\":\"Organization\",\"@id\":\"https:\/\/pistonaddict.com\/fr\/#organization\",\"name\":\"Piston Addict\",\"url\":\"https:\/\/pistonaddict.com\/fr\/\",\"logo\":{\"@type\":\"ImageObject\",\"inLanguage\":\"fr-FR\",\"@id\":\"https:\/\/pistonaddict.com\/fr\/#\/schema\/logo\/image\/\",\"url\":\"https:\/\/pistonaddict.com\/wp-content\/uploads\/2022\/07\/logo-6.png\",\"contentUrl\":\"https:\/\/pistonaddict.com\/wp-content\/uploads\/2022\/07\/logo-6.png\",\"width\":970,\"height\":200,\"caption\":\"Piston Addict\"},\"image\":{\"@id\":\"https:\/\/pistonaddict.com\/fr\/#\/schema\/logo\/image\/\"}}]}<\/script>\n<!-- \/ Yoast SEO plugin. -->","yoast_head_json":{"title":"Jensen Interceptor R Mk3 auction - Piston Addict.","description":"D\u00e9couvrez cette Jensen Interceptor R MK3 mise aux ench\u00e8res sur PistonAddict.com","robots":{"index":"index","follow":"follow","max-snippet":"max-snippet:-1","max-image-preview":"max-image-preview:large","max-video-preview":"max-video-preview:-1"},"canonical":"https:\/\/pistonaddict.com\/fr\/product\/jensen-intercepteur\/","og_locale":"fr_FR","og_type":"article","og_title":"Jensen Interceptor R Mk3 auction - Piston Addict.","og_description":"D\u00e9couvrez cette Jensen Interceptor R MK3 mise aux ench\u00e8res sur PistonAddict.com","og_url":"https:\/\/pistonaddict.com\/fr\/product\/jensen-intercepteur\/","og_site_name":"Piston Addict","article_modified_time":"2024-03-19T16:49:05+00:00","og_image":[{"width":2560,"height":1505,"url":"https:\/\/pistonaddict.com\/wp-content\/uploads\/2023\/04\/LuxurycarLondonApril11PistonAddict_0906-scaled.jpg","type":"image\/jpeg"}],"twitter_card":"summary_large_image","twitter_misc":{"Dur\u00e9e de lecture estim\u00e9e":"3 minutes"},"schema":{"@context":"https:\/\/schema.org","@graph":[{"@type":"WebPage","@id":"https:\/\/pistonaddict.com\/fr\/product\/jensen-intercepteur\/","url":"https:\/\/pistonaddict.com\/fr\/product\/jensen-intercepteur\/","name":"Jensen Interceptor R Mk3 auction - Piston Addict.","isPartOf":{"@id":"https:\/\/pistonaddict.com\/fr\/#website"},"primaryImageOfPage":{"@id":"https:\/\/pistonaddict.com\/fr\/product\/jensen-intercepteur\/#primaryimage"},"image":{"@id":"https:\/\/pistonaddict.com\/fr\/product\/jensen-intercepteur\/#primaryimage"},"thumbnailUrl":"https:\/\/pistonaddict.com\/wp-content\/uploads\/2023\/04\/LuxurycarLondonApril11PistonAddict_0906-scaled.jpg","datePublished":"2023-04-19T07:41:30+00:00","dateModified":"2024-03-19T16:49:05+00:00","description":"D\u00e9couvrez cette Jensen Interceptor R MK3 mise aux ench\u00e8res sur PistonAddict.com","breadcrumb":{"@id":"https:\/\/pistonaddict.com\/fr\/product\/jensen-intercepteur\/#breadcrumb"},"inLanguage":"fr-FR","potentialAction":[{"@type":"ReadAction","target":["https:\/\/pistonaddict.com\/fr\/product\/jensen-intercepteur\/"]}]},{"@type":"ImageObject","inLanguage":"fr-FR","@id":"https:\/\/pistonaddict.com\/fr\/product\/jensen-intercepteur\/#primaryimage","url":"https:\/\/pistonaddict.com\/wp-content\/uploads\/2023\/04\/LuxurycarLondonApril11PistonAddict_0906-scaled.jpg","contentUrl":"https:\/\/pistonaddict.com\/wp-content\/uploads\/2023\/04\/LuxurycarLondonApril11PistonAddict_0906-scaled.jpg","width":2560,"height":1505},{"@type":"BreadcrumbList","@id":"https:\/\/pistonaddict.com\/fr\/product\/jensen-intercepteur\/#breadcrumb","itemListElement":[{"@type":"ListItem","position":1,"name":"Homepage","item":"https:\/\/pistonaddict.com\/fr\/page-daccueil\/"},{"@type":"ListItem","position":2,"name":"Auctions","item":"https:\/\/pistonaddict.com\/auctions-listing\/"},{"@type":"ListItem","position":3,"name":"Jensen Interceptor R Mk3"}]},{"@type":"WebSite","@id":"https:\/\/pistonaddict.com\/fr\/#website","url":"https:\/\/pistonaddict.com\/fr\/","name":"Piston Addict","description":"Only interesting vehicles","publisher":{"@id":"https:\/\/pistonaddict.com\/fr\/#organization"},"potentialAction":[{"@type":"SearchAction","target":{"@type":"EntryPoint","urlTemplate":"https:\/\/pistonaddict.com\/fr\/?s={search_term_string}"},"query-input":"required name=search_term_string"}],"inLanguage":"fr-FR"},{"@type":"Organization","@id":"https:\/\/pistonaddict.com\/fr\/#organization","name":"Piston Addict","url":"https:\/\/pistonaddict.com\/fr\/","logo":{"@type":"ImageObject","inLanguage":"fr-FR","@id":"https:\/\/pistonaddict.com\/fr\/#\/schema\/logo\/image\/","url":"https:\/\/pistonaddict.com\/wp-content\/uploads\/2022\/07\/logo-6.png","contentUrl":"https:\/\/pistonaddict.com\/wp-content\/uploads\/2022\/07\/logo-6.png","width":970,"height":200,"caption":"Piston Addict"},"image":{"@id":"https:\/\/pistonaddict.com\/fr\/#\/schema\/logo\/image\/"}}]}},"_links":{"self":[{"href":"https:\/\/pistonaddict.com\/fr\/wp-json\/wp\/v2\/product\/33341"}],"collection":[{"href":"https:\/\/pistonaddict.com\/fr\/wp-json\/wp\/v2\/product"}],"about":[{"href":"https:\/\/pistonaddict.com\/fr\/wp-json\/wp\/v2\/types\/product"}],"replies":[{"embeddable":true,"href":"https:\/\/pistonaddict.com\/fr\/wp-json\/wp\/v2\/comments?post=33341"}],"wp:featuredmedia":[{"embeddable":true,"href":"https:\/\/pistonaddict.com\/fr\/wp-json\/wp\/v2\/media\/32667"}],"wp:attachment":[{"href":"https:\/\/pistonaddict.com\/fr\/wp-json\/wp\/v2\/media?parent=33341"}],"wp:term":[{"taxonomy":"product_cat","embeddable":true,"href":"https:\/\/pistonaddict.com\/fr\/wp-json\/wp\/v2\/product_cat?post=33341"},{"taxonomy":"product_tag","embeddable":true,"href":"https:\/\/pistonaddict.com\/fr\/wp-json\/wp\/v2\/product_tag?post=33341"}],"curies":[{"name":"wp","href":"https:\/\/api.w.org\/{rel}","templated":true}]}}