{"id":32594,"date":"2023-04-18T18:05:14","date_gmt":"2023-04-18T16:05:14","guid":{"rendered":"https:\/\/pistonaddict.com\/product\/maserati-ghibli-ss-49-litres\/"},"modified":"2024-03-19T17:37:49","modified_gmt":"2024-03-19T16:37:49","slug":"maserati-ghibli-ss-49-litres","status":"publish","type":"product","link":"https:\/\/pistonaddict.com\/fr\/product\/maserati-ghibli-ss-49-litres\/","title":{"rendered":"Maserati Ghibli SS 4,9 litres"},"content":{"rendered":"<h2>Ext\u00e9rieur<\/h2>\n<p>La voiture vendue lors de cette vente aux ench\u00e8res est de couleur bleue et poss\u00e8de de jolis phares escamotables \u00e0 l&#8217;avant. Mais ce qui rend ce Sypder si attrayant et accrocheur, c&#8217;est sa silhouette \u00e9l\u00e9gante. Con\u00e7u par l&#8217;un des plus grands noms de l&#8217;industrie, Giorgetto Giugiaro, ce roadster \u00e0 deux portes pr\u00e9sente un nez bas, semblable \u00e0 celui d&#8217;un requin, des passages de roues muscl\u00e9s et un arri\u00e8re inclin\u00e9. Elle est donc id\u00e9ale pour les balades d\u00e9contract\u00e9es sur les boulevards ou les routes c\u00f4ti\u00e8res pittoresques. Et par mauvais temps, une capote repliable cach\u00e9e sous un couvre-tonneau \u00e0 code couleur sera tr\u00e8s utile. La voiture est \u00e9quip\u00e9e de jantes en fil de fer de 15 pouces fabriqu\u00e9es par Ruote Borrani et de pneus Michelin Radial X d&#8217;\u00e9poque. Parmi les autres d\u00e9tails dignes d&#8217;int\u00e9r\u00eat, citons les pare-chocs chrom\u00e9s et les bouches d&#8217;a\u00e9ration fonctionnelles sur le capot et les ailes.<\/p>\n<h2>Int\u00e9rieur<\/h2>\n<p>\u00c0 l&#8217;int\u00e9rieur de cette Maserati particuli\u00e8re, on trouve deux si\u00e8ges confortables mais soutenus, recouverts d&#8217;un cuir souple de couleur marron clair. Le m\u00eame mat\u00e9riau agr\u00e9able \u00e0 l&#8217;\u0153il est utilis\u00e9 pour le rev\u00eatement de la majeure partie de l&#8217;int\u00e9rieur, \u00e0 l&#8217;exception de la partie sup\u00e9rieure du tableau de bord, qui est recouverte de daim noir. A en juger par les photos fournies par le vendeur, l&#8217;int\u00e9rieur est dans un \u00e9tat impeccable. Une fois \u00e0 l&#8217;int\u00e9rieur, le conducteur prend le contr\u00f4le d&#8217;un magnifique volant en bois avec trois rayons en acier inoxydable au milieu. Derri\u00e8re se trouve le tableau de bord avec un compte-tours \u00e0 5 555 tr\/min et un compteur de vitesse dont le chiffre final est de 300 km\/h. En outre, cette Ghibli dispose de cinq jauges centrales indiquant des param\u00e8tres vitaux, tels que la pression d&#8217;huile, la temp\u00e9rature et le niveau de carburant. \u00c0 l&#8217;heure actuelle, le compteur kilom\u00e9trique affiche environ 13 000 km.<\/p>\n<h2>M\u00e9canique<\/h2>\n<p>La voiture en vente est le mod\u00e8le SS, ce qui signifie qu&#8217;elle est \u00e9quip\u00e9e d&#8217;un moteur V8 de 4,9 litres plus grand et plus puissant. Aliment\u00e9 par quatre carburateurs Weber \u00e0 double branche, il d\u00e9veloppe 335 chevaux et un peu plus de 480 Nm de couple, qui sont transmis aux roues arri\u00e8re par une bo\u00eete de vitesses manuelle \u00e0 cinq rapports. Cela suffit \u00e0 pousser ce roadster Ghibli SS \u00e0 sa vitesse maximale de 280 MPH, ce qui en fait la Maserati la plus rapide de l&#8217;\u00e9poque. Outre la m\u00e9canique, la voiture est dot\u00e9e d&#8217;un ch\u00e2ssis tubulaire en acier, qui garantit la l\u00e9g\u00e8ret\u00e9 et la rigidit\u00e9 de la structure.<\/p>\n<h2>Historique du v\u00e9hicule<\/h2>\n<p>La conversion dudit Spyder a \u00e9t\u00e9 r\u00e9alis\u00e9e par un atelier sp\u00e9cialis\u00e9 \u00e0 Mondena, garantissant la qualit\u00e9 du travail. Il s&#8217;agit d&#8217;une modification populaire parmi les propri\u00e9taires de Ghibli, car Maserati a construit moins de 50 Spyder d&#8217;usine. En outre, la voiture a fait l&#8217;objet d&#8217;une restauration approfondie, r\u00e9alis\u00e9e par Furlonger Cars, un restaurateur r\u00e9put\u00e9 bas\u00e9 \u00e0 Ashford et sp\u00e9cialis\u00e9 dans les supercars italiennes.<\/p>\n<p>Selon le propri\u00e9taire, tous les travaux d&#8217;entretien ont \u00e9t\u00e9 effectu\u00e9s r\u00e9guli\u00e8rement, la derni\u00e8re r\u00e9vision ayant eu lieu en juin 2021. Il n&#8217;y a actuellement aucun d\u00e9faut ou probl\u00e8me connu concernant l&#8217;un de ses composants. En outre, il n&#8217;y a pas de rayures, de bosses ou d&#8217;autres imperfections visibles de la carrosserie.<\/p>\n","protected":false},"excerpt":{"rendered":"<p>Cette Maserati Ghibli SS open-top roadster de 1971, qui a parcouru un peu plus de 13 000 kilom\u00e8tres, est vendue \u00e0 titre priv\u00e9 par son propri\u00e9taire. Il est propuls\u00e9 par un moteur V8 coupl\u00e9 \u00e0 une bo\u00eete de vitesses manuelle \u00e0 cinq rapports. Bien que visuellement identique \u00e0 l&#8217;embl\u00e9matique mod\u00e8le Spyder, cette voiture a d&#8217;abord \u00e9t\u00e9 un coup\u00e9, avant d&#8217;\u00eatre convertie \u00e0 sa forme actuelle par la suite. En plus d&#8217;\u00eatre dans un \u00e9tat presque impeccable, cette voiture est \u00e9galement enti\u00e8rement r\u00e9vis\u00e9e et &#8211; selon le propri\u00e9taire &#8211; n&#8217;a \u00e9t\u00e9 impliqu\u00e9e dans aucun accident et se trouve actuellement au Royaume-Uni.<\/p>\n","protected":false},"featured_media":32149,"comment_status":"open","ping_status":"closed","template":"","meta":{"inline_featured_image":false},"product_cat":[754],"product_tag":[1248,1092,1091,950],"acf":[],"yoast_head":"<!-- This site is optimized with the Yoast SEO plugin v22.5 - https:\/\/yoast.com\/wordpress\/plugins\/seo\/ -->\n<title>Maserati Ghibli SS 4,9 litres auction - Piston Addict.<\/title>\n<meta name=\"description\" content=\"D\u00e9couvrez cette Maserati Ghibli SS 4.9 litres en vente aux ench\u00e8res sur PistonAddict.com avec transmission manuelle et seulement 13 220 km.\" \/>\n<meta name=\"robots\" content=\"index, follow, max-snippet:-1, max-image-preview:large, max-video-preview:-1\" \/>\n<link rel=\"canonical\" href=\"https:\/\/pistonaddict.com\/fr\/product\/maserati-ghibli-ss-49-litres\/\" \/>\n<meta property=\"og:locale\" content=\"fr_FR\" \/>\n<meta property=\"og:type\" content=\"article\" \/>\n<meta property=\"og:title\" content=\"Maserati Ghibli SS 4,9 litres auction - Piston Addict.\" \/>\n<meta property=\"og:description\" content=\"D\u00e9couvrez cette Maserati Ghibli SS 4.9 litres en vente aux ench\u00e8res sur PistonAddict.com avec transmission manuelle et seulement 13 220 km.\" \/>\n<meta property=\"og:url\" content=\"https:\/\/pistonaddict.com\/fr\/product\/maserati-ghibli-ss-49-litres\/\" \/>\n<meta property=\"og:site_name\" content=\"Piston Addict\" \/>\n<meta property=\"article:modified_time\" content=\"2024-03-19T16:37:49+00:00\" \/>\n<meta property=\"og:image\" content=\"https:\/\/pistonaddict.com\/wp-content\/uploads\/2023\/04\/Maserati13-scaled.jpg\" \/>\n\t<meta property=\"og:image:width\" content=\"2560\" \/>\n\t<meta property=\"og:image:height\" content=\"1609\" \/>\n\t<meta property=\"og:image:type\" content=\"image\/jpeg\" \/>\n<meta name=\"twitter:card\" content=\"summary_large_image\" \/>\n<meta name=\"twitter:label1\" content=\"Dur\u00e9e de lecture estim\u00e9e\" \/>\n\t<meta name=\"twitter:data1\" content=\"3 minutes\" \/>\n<script type=\"application\/ld+json\" class=\"yoast-schema-graph\">{\"@context\":\"https:\/\/schema.org\",\"@graph\":[{\"@type\":\"WebPage\",\"@id\":\"https:\/\/pistonaddict.com\/fr\/product\/maserati-ghibli-ss-49-litres\/\",\"url\":\"https:\/\/pistonaddict.com\/fr\/product\/maserati-ghibli-ss-49-litres\/\",\"name\":\"Maserati Ghibli SS 4,9 litres auction - Piston Addict.\",\"isPartOf\":{\"@id\":\"https:\/\/pistonaddict.com\/fr\/#website\"},\"primaryImageOfPage\":{\"@id\":\"https:\/\/pistonaddict.com\/fr\/product\/maserati-ghibli-ss-49-litres\/#primaryimage\"},\"image\":{\"@id\":\"https:\/\/pistonaddict.com\/fr\/product\/maserati-ghibli-ss-49-litres\/#primaryimage\"},\"thumbnailUrl\":\"https:\/\/pistonaddict.com\/wp-content\/uploads\/2023\/04\/Maserati13-scaled.jpg\",\"datePublished\":\"2023-04-18T16:05:14+00:00\",\"dateModified\":\"2024-03-19T16:37:49+00:00\",\"description\":\"D\u00e9couvrez cette Maserati Ghibli SS 4.9 litres en vente aux ench\u00e8res sur PistonAddict.com avec transmission manuelle et seulement 13 220 km.\",\"breadcrumb\":{\"@id\":\"https:\/\/pistonaddict.com\/fr\/product\/maserati-ghibli-ss-49-litres\/#breadcrumb\"},\"inLanguage\":\"fr-FR\",\"potentialAction\":[{\"@type\":\"ReadAction\",\"target\":[\"https:\/\/pistonaddict.com\/fr\/product\/maserati-ghibli-ss-49-litres\/\"]}]},{\"@type\":\"ImageObject\",\"inLanguage\":\"fr-FR\",\"@id\":\"https:\/\/pistonaddict.com\/fr\/product\/maserati-ghibli-ss-49-litres\/#primaryimage\",\"url\":\"https:\/\/pistonaddict.com\/wp-content\/uploads\/2023\/04\/Maserati13-scaled.jpg\",\"contentUrl\":\"https:\/\/pistonaddict.com\/wp-content\/uploads\/2023\/04\/Maserati13-scaled.jpg\",\"width\":2560,\"height\":1609},{\"@type\":\"BreadcrumbList\",\"@id\":\"https:\/\/pistonaddict.com\/fr\/product\/maserati-ghibli-ss-49-litres\/#breadcrumb\",\"itemListElement\":[{\"@type\":\"ListItem\",\"position\":1,\"name\":\"Homepage\",\"item\":\"https:\/\/pistonaddict.com\/fr\/page-daccueil\/\"},{\"@type\":\"ListItem\",\"position\":2,\"name\":\"Auctions\",\"item\":\"https:\/\/pistonaddict.com\/auctions-listing\/\"},{\"@type\":\"ListItem\",\"position\":3,\"name\":\"Maserati Ghibli SS 4,9 litres\"}]},{\"@type\":\"WebSite\",\"@id\":\"https:\/\/pistonaddict.com\/fr\/#website\",\"url\":\"https:\/\/pistonaddict.com\/fr\/\",\"name\":\"Piston Addict\",\"description\":\"Only interesting vehicles\",\"publisher\":{\"@id\":\"https:\/\/pistonaddict.com\/fr\/#organization\"},\"potentialAction\":[{\"@type\":\"SearchAction\",\"target\":{\"@type\":\"EntryPoint\",\"urlTemplate\":\"https:\/\/pistonaddict.com\/fr\/?s={search_term_string}\"},\"query-input\":\"required name=search_term_string\"}],\"inLanguage\":\"fr-FR\"},{\"@type\":\"Organization\",\"@id\":\"https:\/\/pistonaddict.com\/fr\/#organization\",\"name\":\"Piston Addict\",\"url\":\"https:\/\/pistonaddict.com\/fr\/\",\"logo\":{\"@type\":\"ImageObject\",\"inLanguage\":\"fr-FR\",\"@id\":\"https:\/\/pistonaddict.com\/fr\/#\/schema\/logo\/image\/\",\"url\":\"https:\/\/pistonaddict.com\/wp-content\/uploads\/2022\/07\/logo-6.png\",\"contentUrl\":\"https:\/\/pistonaddict.com\/wp-content\/uploads\/2022\/07\/logo-6.png\",\"width\":970,\"height\":200,\"caption\":\"Piston Addict\"},\"image\":{\"@id\":\"https:\/\/pistonaddict.com\/fr\/#\/schema\/logo\/image\/\"}}]}<\/script>\n<!-- \/ Yoast SEO plugin. -->","yoast_head_json":{"title":"Maserati Ghibli SS 4,9 litres auction - Piston Addict.","description":"D\u00e9couvrez cette Maserati Ghibli SS 4.9 litres en vente aux ench\u00e8res sur PistonAddict.com avec transmission manuelle et seulement 13 220 km.","robots":{"index":"index","follow":"follow","max-snippet":"max-snippet:-1","max-image-preview":"max-image-preview:large","max-video-preview":"max-video-preview:-1"},"canonical":"https:\/\/pistonaddict.com\/fr\/product\/maserati-ghibli-ss-49-litres\/","og_locale":"fr_FR","og_type":"article","og_title":"Maserati Ghibli SS 4,9 litres auction - Piston Addict.","og_description":"D\u00e9couvrez cette Maserati Ghibli SS 4.9 litres en vente aux ench\u00e8res sur PistonAddict.com avec transmission manuelle et seulement 13 220 km.","og_url":"https:\/\/pistonaddict.com\/fr\/product\/maserati-ghibli-ss-49-litres\/","og_site_name":"Piston Addict","article_modified_time":"2024-03-19T16:37:49+00:00","og_image":[{"width":2560,"height":1609,"url":"https:\/\/pistonaddict.com\/wp-content\/uploads\/2023\/04\/Maserati13-scaled.jpg","type":"image\/jpeg"}],"twitter_card":"summary_large_image","twitter_misc":{"Dur\u00e9e de lecture estim\u00e9e":"3 minutes"},"schema":{"@context":"https:\/\/schema.org","@graph":[{"@type":"WebPage","@id":"https:\/\/pistonaddict.com\/fr\/product\/maserati-ghibli-ss-49-litres\/","url":"https:\/\/pistonaddict.com\/fr\/product\/maserati-ghibli-ss-49-litres\/","name":"Maserati Ghibli SS 4,9 litres auction - Piston Addict.","isPartOf":{"@id":"https:\/\/pistonaddict.com\/fr\/#website"},"primaryImageOfPage":{"@id":"https:\/\/pistonaddict.com\/fr\/product\/maserati-ghibli-ss-49-litres\/#primaryimage"},"image":{"@id":"https:\/\/pistonaddict.com\/fr\/product\/maserati-ghibli-ss-49-litres\/#primaryimage"},"thumbnailUrl":"https:\/\/pistonaddict.com\/wp-content\/uploads\/2023\/04\/Maserati13-scaled.jpg","datePublished":"2023-04-18T16:05:14+00:00","dateModified":"2024-03-19T16:37:49+00:00","description":"D\u00e9couvrez cette Maserati Ghibli SS 4.9 litres en vente aux ench\u00e8res sur PistonAddict.com avec transmission manuelle et seulement 13 220 km.","breadcrumb":{"@id":"https:\/\/pistonaddict.com\/fr\/product\/maserati-ghibli-ss-49-litres\/#breadcrumb"},"inLanguage":"fr-FR","potentialAction":[{"@type":"ReadAction","target":["https:\/\/pistonaddict.com\/fr\/product\/maserati-ghibli-ss-49-litres\/"]}]},{"@type":"ImageObject","inLanguage":"fr-FR","@id":"https:\/\/pistonaddict.com\/fr\/product\/maserati-ghibli-ss-49-litres\/#primaryimage","url":"https:\/\/pistonaddict.com\/wp-content\/uploads\/2023\/04\/Maserati13-scaled.jpg","contentUrl":"https:\/\/pistonaddict.com\/wp-content\/uploads\/2023\/04\/Maserati13-scaled.jpg","width":2560,"height":1609},{"@type":"BreadcrumbList","@id":"https:\/\/pistonaddict.com\/fr\/product\/maserati-ghibli-ss-49-litres\/#breadcrumb","itemListElement":[{"@type":"ListItem","position":1,"name":"Homepage","item":"https:\/\/pistonaddict.com\/fr\/page-daccueil\/"},{"@type":"ListItem","position":2,"name":"Auctions","item":"https:\/\/pistonaddict.com\/auctions-listing\/"},{"@type":"ListItem","position":3,"name":"Maserati Ghibli SS 4,9 litres"}]},{"@type":"WebSite","@id":"https:\/\/pistonaddict.com\/fr\/#website","url":"https:\/\/pistonaddict.com\/fr\/","name":"Piston Addict","description":"Only interesting vehicles","publisher":{"@id":"https:\/\/pistonaddict.com\/fr\/#organization"},"potentialAction":[{"@type":"SearchAction","target":{"@type":"EntryPoint","urlTemplate":"https:\/\/pistonaddict.com\/fr\/?s={search_term_string}"},"query-input":"required name=search_term_string"}],"inLanguage":"fr-FR"},{"@type":"Organization","@id":"https:\/\/pistonaddict.com\/fr\/#organization","name":"Piston Addict","url":"https:\/\/pistonaddict.com\/fr\/","logo":{"@type":"ImageObject","inLanguage":"fr-FR","@id":"https:\/\/pistonaddict.com\/fr\/#\/schema\/logo\/image\/","url":"https:\/\/pistonaddict.com\/wp-content\/uploads\/2022\/07\/logo-6.png","contentUrl":"https:\/\/pistonaddict.com\/wp-content\/uploads\/2022\/07\/logo-6.png","width":970,"height":200,"caption":"Piston Addict"},"image":{"@id":"https:\/\/pistonaddict.com\/fr\/#\/schema\/logo\/image\/"}}]}},"_links":{"self":[{"href":"https:\/\/pistonaddict.com\/fr\/wp-json\/wp\/v2\/product\/32594"}],"collection":[{"href":"https:\/\/pistonaddict.com\/fr\/wp-json\/wp\/v2\/product"}],"about":[{"href":"https:\/\/pistonaddict.com\/fr\/wp-json\/wp\/v2\/types\/product"}],"replies":[{"embeddable":true,"href":"https:\/\/pistonaddict.com\/fr\/wp-json\/wp\/v2\/comments?post=32594"}],"wp:featuredmedia":[{"embeddable":true,"href":"https:\/\/pistonaddict.com\/fr\/wp-json\/wp\/v2\/media\/32149"}],"wp:attachment":[{"href":"https:\/\/pistonaddict.com\/fr\/wp-json\/wp\/v2\/media?parent=32594"}],"wp:term":[{"taxonomy":"product_cat","embeddable":true,"href":"https:\/\/pistonaddict.com\/fr\/wp-json\/wp\/v2\/product_cat?post=32594"},{"taxonomy":"product_tag","embeddable":true,"href":"https:\/\/pistonaddict.com\/fr\/wp-json\/wp\/v2\/product_tag?post=32594"}],"curies":[{"name":"wp","href":"https:\/\/api.w.org\/{rel}","templated":true}]}}