{"id":29719,"date":"2023-03-02T21:25:19","date_gmt":"2023-03-02T20:25:19","guid":{"rendered":"https:\/\/pistonaddict.com\/product\/1985-porsche-911-carrera-3-2-a-vendre\/"},"modified":"2024-03-22T16:10:54","modified_gmt":"2024-03-22T15:10:54","slug":"1985-porsche-911-carrera-3-2-for-sale","status":"publish","type":"product","link":"https:\/\/pistonaddict.com\/fr\/product\/1985-porsche-911-carrera-3-2-for-sale\/","title":{"rendered":"Vente aux ench\u00e8res d&#8217;une Porsche 911 Carrera 3.2 de 1985"},"content":{"rendered":"<p><strong>Histoire de l&#8217;automobile<\/strong><\/p>\n<p>Le vendeur a acquis ce bel exemple de magie du milieu des ann\u00e9es 80 en 1997 au Luxembourg et l&#8217;a import\u00e9 en Suisse. Cette Carrera a \u00e9t\u00e9 \u00e9quip\u00e9e d&#8217;un moteur standard de 3,2 litres \u00e0 six cylindres \u00e0 plat, d\u00e9livrant 231 ch aux roues arri\u00e8re par l&#8217;interm\u00e9diaire d&#8217;une bo\u00eete manuelle \u00e0 5 vitesses. Le moteur est \u00e0 injection de carburant et capable de lancer cette l\u00e9gendaire voiture de sport \u00e0 5,9 secondes de 0 \u00e0 100 km\/h et \u00e0 un sommet, toujours respectable, de 245 km\/h (150 mph). Il n&#8217;existe aucune trace de modifications apport\u00e9es au moteur, mais la voiture a \u00e9t\u00e9 r\u00e9guli\u00e8rement entretenue, le dernier service document\u00e9 ayant \u00e9t\u00e9 effectu\u00e9 fin mars 2022. Jusqu&#8217;\u00e0 pr\u00e9sent, cette Porsche noire a parcouru 168 000 km.<\/p>\n<p><strong>Condition<\/strong><\/p>\n<p>Le v\u00e9hicule a b\u00e9n\u00e9fici\u00e9 d&#8217;une peinture professionnelle compl\u00e8te de la carrosserie et d&#8217;une remise \u00e0 neuf du moteur, en utilisant des pi\u00e8ces et des composants d&#8217;origine. Elle a pass\u00e9 le contr\u00f4le technique suisse, et sa route est l\u00e9gale et enregistr\u00e9e. Les acheteurs potentiels veulent savoir que l&#8217;analyse de l&#8217;huile a \u00e9t\u00e9 effectu\u00e9e et que les r\u00e9sultats sont en ordre. Dans les vid\u00e9os, vous pouvez voir que la pression d&#8217;huile et toutes les jauges fonctionnent correctement. Il n&#8217;y a pas de fuites d&#8217;huile dans le train d&#8217;atterrissage, le compartiment moteur est bien rang\u00e9 et tous les tampons et marquages d&#8217;origine sont pr\u00e9sents.<\/p>\n<p><strong>Int\u00e9rieur<\/strong><\/p>\n<p>L&#8217;int\u00e9rieur de cette Porsche 911 Carrera 3.2 de 1985 est d&#8217;origine, avec les si\u00e8ges et les panneaux de porte recouverts de cuir. Compar\u00e9 \u00e0 d&#8217;autres voitures similaires, ce triple exemplaire noir (carrosserie, int\u00e9rieur et tapis &#8211; tous noirs) poss\u00e8de certaines options souhaitables que les collectionneurs recherchent. La premi\u00e8re d&#8217;entre elles est celle des si\u00e8ges en cuir avec options \u00e9lectriques. Deuxi\u00e8mement, cet exemple est \u00e9quip\u00e9 de la climatisation, ce qui est un ajout bienvenu, surtout pendant les chaudes journ\u00e9es d&#8217;\u00e9t\u00e9. Enfin, cette Carrera 1985 est \u00e9galement \u00e9quip\u00e9e d&#8217;un toit ouvrant, de r\u00e9troviseurs \u00e9lectriques et de lave-phares, autant d&#8217;\u00e9l\u00e9ments qui contribuent \u00e0 am\u00e9liorer l&#8217;exp\u00e9rience. La vitre arri\u00e8re est chauff\u00e9e, et il y a une unit\u00e9 de t\u00eate st\u00e9r\u00e9o de rechange pour vos chansons pr\u00e9f\u00e9r\u00e9es des ann\u00e9es 80. Cependant, le pommeau de levier de vitesse n&#8217;est pas l&#8217;\u00e9l\u00e9ment d&#8217;origine.<\/p>\n<p><strong>Ext\u00e9rieur et roues<\/strong><\/p>\n<p>Toutes les garnitures ext\u00e9rieures, les moulures et les composants en plastique semblent en parfait \u00e9tat, et il n&#8217;y a pas de rouille visible autour de l&#8217;ouverture du toit ouvrant, un ph\u00e9nom\u00e8ne courant sur ces voitures. Cela signifie que le v\u00e9hicule est bien entretenu et qu&#8217;il n&#8217;est utilis\u00e9 que sporadiquement. Il est int\u00e9ressant de noter que le propri\u00e9taire a choisi d&#8217;am\u00e9liorer le mat\u00e9riel roulant de cette Porsche 911 Carrera 1985. Au lieu des roues de 15 pouces correctes en usine, cette voiture est \u00e9quip\u00e9e de roues originales Fuchs de 16 pouces envelopp\u00e9es de pneus Pirelli P Zero. Bien s\u00fbr, celles de l&#8217;arri\u00e8re sont plus larges que celles de l&#8217;avant. Il s&#8217;agit d&#8217;une modification courante qui contribue \u00e0 l&#8217;esth\u00e9tique et \u00e0 la dynamique de conduite. Les pneus ont \u00e9t\u00e9 install\u00e9s \u00e0 la mi-2021. La voiture est livr\u00e9e avec une trousse \u00e0 outils et une roue de secours d&#8217;origine, montrant le niveau d&#8217;originalit\u00e9 favorable aux collectionneurs.<\/p>\n<p><strong>Documentation<\/strong><\/p>\n<p>Il s&#8217;agit d&#8217;un v\u00e9hicule priv\u00e9 avec les documents appropri\u00e9s situ\u00e9 \u00e0 Gen\u00e8ve, en Suisse. Le rapport CarVertical est propre ; il n&#8217;existe aucune preuve d&#8217;accident, de r\u00e9paration d&#8217;accident ou de propri\u00e9t\u00e9, ni de probl\u00e8me juridique. Il existe des registres d&#8217;entretien r\u00e9gulier remontant \u00e0 2015.<\/p>\n","protected":false},"excerpt":{"rendered":"<p>Finie dans une \u00e9l\u00e9gante teinte de noir Porsche avec un int\u00e9rieur assorti, cette Carrera 3.2 de 1985 est un parfait exemple de 911 classique de qualit\u00e9 conducteur, pr\u00eate \u00e0 \u00eatre appr\u00e9ci\u00e9e par son nouveau propri\u00e9taire. Avec un ext\u00e9rieur non marqu\u00e9, plusieurs options souhaitables et un int\u00e9rieur bien am\u00e9nag\u00e9, cette Carrera est un classique bien entretenu et fiable avec beaucoup de performances, pr\u00eat \u00e0 \u00eatre emmen\u00e9 pour un voyage d&#8217;\u00e9t\u00e9 \u00e0 travers l&#8217;Europe en toute confiance.<\/p>\n","protected":false},"featured_media":29663,"comment_status":"open","ping_status":"closed","template":"","meta":{"inline_featured_image":false},"product_cat":[754],"product_tag":[952,822,894,821,950],"acf":[],"yoast_head":"<!-- This site is optimized with the Yoast SEO plugin v22.5 - https:\/\/yoast.com\/wordpress\/plugins\/seo\/ -->\n<title>Vente aux ench\u00e8res d&#039;une Porsche 911 Carrera 3.2 de 1985 - Piston Addict<\/title>\n<meta name=\"description\" content=\"D\u00e9couvrez cette magnifique Porsche 911 Carrera 3.2 de 1985 vendue aux ench\u00e8res sur PistonAddict.com.\" \/>\n<meta name=\"robots\" content=\"index, follow, max-snippet:-1, max-image-preview:large, max-video-preview:-1\" \/>\n<link rel=\"canonical\" href=\"https:\/\/pistonaddict.com\/fr\/product\/1985-porsche-911-carrera-3-2-for-sale\/\" \/>\n<meta property=\"og:locale\" content=\"fr_FR\" \/>\n<meta property=\"og:type\" content=\"article\" \/>\n<meta property=\"og:title\" content=\"Vente aux ench\u00e8res d&#039;une Porsche 911 Carrera 3.2 de 1985 - Piston Addict\" \/>\n<meta property=\"og:description\" content=\"D\u00e9couvrez cette magnifique Porsche 911 Carrera 3.2 de 1985 vendue aux ench\u00e8res sur PistonAddict.com.\" \/>\n<meta property=\"og:url\" content=\"https:\/\/pistonaddict.com\/fr\/product\/1985-porsche-911-carrera-3-2-for-sale\/\" \/>\n<meta property=\"og:site_name\" content=\"Piston Addict\" \/>\n<meta property=\"article:modified_time\" content=\"2024-03-22T15:10:54+00:00\" \/>\n<meta property=\"og:image\" content=\"https:\/\/pistonaddict.com\/wp-content\/uploads\/2023\/03\/IMG_2519-scaled.jpeg\" \/>\n\t<meta property=\"og:image:width\" content=\"2560\" \/>\n\t<meta property=\"og:image:height\" content=\"1920\" \/>\n\t<meta property=\"og:image:type\" content=\"image\/jpeg\" \/>\n<meta name=\"twitter:card\" content=\"summary_large_image\" \/>\n<meta name=\"twitter:label1\" content=\"Dur\u00e9e de lecture estim\u00e9e\" \/>\n\t<meta name=\"twitter:data1\" content=\"3 minutes\" \/>\n<script type=\"application\/ld+json\" class=\"yoast-schema-graph\">{\"@context\":\"https:\/\/schema.org\",\"@graph\":[{\"@type\":\"WebPage\",\"@id\":\"https:\/\/pistonaddict.com\/fr\/product\/1985-porsche-911-carrera-3-2-for-sale\/\",\"url\":\"https:\/\/pistonaddict.com\/fr\/product\/1985-porsche-911-carrera-3-2-for-sale\/\",\"name\":\"Vente aux ench\u00e8res d'une Porsche 911 Carrera 3.2 de 1985 - Piston Addict\",\"isPartOf\":{\"@id\":\"https:\/\/pistonaddict.com\/fr\/#website\"},\"primaryImageOfPage\":{\"@id\":\"https:\/\/pistonaddict.com\/fr\/product\/1985-porsche-911-carrera-3-2-for-sale\/#primaryimage\"},\"image\":{\"@id\":\"https:\/\/pistonaddict.com\/fr\/product\/1985-porsche-911-carrera-3-2-for-sale\/#primaryimage\"},\"thumbnailUrl\":\"https:\/\/pistonaddict.com\/wp-content\/uploads\/2023\/03\/IMG_2519-scaled.jpeg\",\"datePublished\":\"2023-03-02T20:25:19+00:00\",\"dateModified\":\"2024-03-22T15:10:54+00:00\",\"description\":\"D\u00e9couvrez cette magnifique Porsche 911 Carrera 3.2 de 1985 vendue aux ench\u00e8res sur PistonAddict.com.\",\"breadcrumb\":{\"@id\":\"https:\/\/pistonaddict.com\/fr\/product\/1985-porsche-911-carrera-3-2-for-sale\/#breadcrumb\"},\"inLanguage\":\"fr-FR\",\"potentialAction\":[{\"@type\":\"ReadAction\",\"target\":[\"https:\/\/pistonaddict.com\/fr\/product\/1985-porsche-911-carrera-3-2-for-sale\/\"]}]},{\"@type\":\"ImageObject\",\"inLanguage\":\"fr-FR\",\"@id\":\"https:\/\/pistonaddict.com\/fr\/product\/1985-porsche-911-carrera-3-2-for-sale\/#primaryimage\",\"url\":\"https:\/\/pistonaddict.com\/wp-content\/uploads\/2023\/03\/IMG_2519-scaled.jpeg\",\"contentUrl\":\"https:\/\/pistonaddict.com\/wp-content\/uploads\/2023\/03\/IMG_2519-scaled.jpeg\",\"width\":2560,\"height\":1920},{\"@type\":\"BreadcrumbList\",\"@id\":\"https:\/\/pistonaddict.com\/fr\/product\/1985-porsche-911-carrera-3-2-for-sale\/#breadcrumb\",\"itemListElement\":[{\"@type\":\"ListItem\",\"position\":1,\"name\":\"Homepage\",\"item\":\"https:\/\/pistonaddict.com\/fr\/page-daccueil\/\"},{\"@type\":\"ListItem\",\"position\":2,\"name\":\"Auctions\",\"item\":\"https:\/\/pistonaddict.com\/auctions-listing\/\"},{\"@type\":\"ListItem\",\"position\":3,\"name\":\"Vente aux ench\u00e8res d&#8217;une Porsche 911 Carrera 3.2 de 1985\"}]},{\"@type\":\"WebSite\",\"@id\":\"https:\/\/pistonaddict.com\/fr\/#website\",\"url\":\"https:\/\/pistonaddict.com\/fr\/\",\"name\":\"Piston Addict\",\"description\":\"Only interesting vehicles\",\"publisher\":{\"@id\":\"https:\/\/pistonaddict.com\/fr\/#organization\"},\"potentialAction\":[{\"@type\":\"SearchAction\",\"target\":{\"@type\":\"EntryPoint\",\"urlTemplate\":\"https:\/\/pistonaddict.com\/fr\/?s={search_term_string}\"},\"query-input\":\"required name=search_term_string\"}],\"inLanguage\":\"fr-FR\"},{\"@type\":\"Organization\",\"@id\":\"https:\/\/pistonaddict.com\/fr\/#organization\",\"name\":\"Piston Addict\",\"url\":\"https:\/\/pistonaddict.com\/fr\/\",\"logo\":{\"@type\":\"ImageObject\",\"inLanguage\":\"fr-FR\",\"@id\":\"https:\/\/pistonaddict.com\/fr\/#\/schema\/logo\/image\/\",\"url\":\"https:\/\/pistonaddict.com\/wp-content\/uploads\/2022\/07\/logo-6.png\",\"contentUrl\":\"https:\/\/pistonaddict.com\/wp-content\/uploads\/2022\/07\/logo-6.png\",\"width\":970,\"height\":200,\"caption\":\"Piston Addict\"},\"image\":{\"@id\":\"https:\/\/pistonaddict.com\/fr\/#\/schema\/logo\/image\/\"}}]}<\/script>\n<!-- \/ Yoast SEO plugin. -->","yoast_head_json":{"title":"Vente aux ench\u00e8res d'une Porsche 911 Carrera 3.2 de 1985 - Piston Addict","description":"D\u00e9couvrez cette magnifique Porsche 911 Carrera 3.2 de 1985 vendue aux ench\u00e8res sur PistonAddict.com.","robots":{"index":"index","follow":"follow","max-snippet":"max-snippet:-1","max-image-preview":"max-image-preview:large","max-video-preview":"max-video-preview:-1"},"canonical":"https:\/\/pistonaddict.com\/fr\/product\/1985-porsche-911-carrera-3-2-for-sale\/","og_locale":"fr_FR","og_type":"article","og_title":"Vente aux ench\u00e8res d'une Porsche 911 Carrera 3.2 de 1985 - Piston Addict","og_description":"D\u00e9couvrez cette magnifique Porsche 911 Carrera 3.2 de 1985 vendue aux ench\u00e8res sur PistonAddict.com.","og_url":"https:\/\/pistonaddict.com\/fr\/product\/1985-porsche-911-carrera-3-2-for-sale\/","og_site_name":"Piston Addict","article_modified_time":"2024-03-22T15:10:54+00:00","og_image":[{"width":2560,"height":1920,"url":"https:\/\/pistonaddict.com\/wp-content\/uploads\/2023\/03\/IMG_2519-scaled.jpeg","type":"image\/jpeg"}],"twitter_card":"summary_large_image","twitter_misc":{"Dur\u00e9e de lecture estim\u00e9e":"3 minutes"},"schema":{"@context":"https:\/\/schema.org","@graph":[{"@type":"WebPage","@id":"https:\/\/pistonaddict.com\/fr\/product\/1985-porsche-911-carrera-3-2-for-sale\/","url":"https:\/\/pistonaddict.com\/fr\/product\/1985-porsche-911-carrera-3-2-for-sale\/","name":"Vente aux ench\u00e8res d'une Porsche 911 Carrera 3.2 de 1985 - Piston Addict","isPartOf":{"@id":"https:\/\/pistonaddict.com\/fr\/#website"},"primaryImageOfPage":{"@id":"https:\/\/pistonaddict.com\/fr\/product\/1985-porsche-911-carrera-3-2-for-sale\/#primaryimage"},"image":{"@id":"https:\/\/pistonaddict.com\/fr\/product\/1985-porsche-911-carrera-3-2-for-sale\/#primaryimage"},"thumbnailUrl":"https:\/\/pistonaddict.com\/wp-content\/uploads\/2023\/03\/IMG_2519-scaled.jpeg","datePublished":"2023-03-02T20:25:19+00:00","dateModified":"2024-03-22T15:10:54+00:00","description":"D\u00e9couvrez cette magnifique Porsche 911 Carrera 3.2 de 1985 vendue aux ench\u00e8res sur PistonAddict.com.","breadcrumb":{"@id":"https:\/\/pistonaddict.com\/fr\/product\/1985-porsche-911-carrera-3-2-for-sale\/#breadcrumb"},"inLanguage":"fr-FR","potentialAction":[{"@type":"ReadAction","target":["https:\/\/pistonaddict.com\/fr\/product\/1985-porsche-911-carrera-3-2-for-sale\/"]}]},{"@type":"ImageObject","inLanguage":"fr-FR","@id":"https:\/\/pistonaddict.com\/fr\/product\/1985-porsche-911-carrera-3-2-for-sale\/#primaryimage","url":"https:\/\/pistonaddict.com\/wp-content\/uploads\/2023\/03\/IMG_2519-scaled.jpeg","contentUrl":"https:\/\/pistonaddict.com\/wp-content\/uploads\/2023\/03\/IMG_2519-scaled.jpeg","width":2560,"height":1920},{"@type":"BreadcrumbList","@id":"https:\/\/pistonaddict.com\/fr\/product\/1985-porsche-911-carrera-3-2-for-sale\/#breadcrumb","itemListElement":[{"@type":"ListItem","position":1,"name":"Homepage","item":"https:\/\/pistonaddict.com\/fr\/page-daccueil\/"},{"@type":"ListItem","position":2,"name":"Auctions","item":"https:\/\/pistonaddict.com\/auctions-listing\/"},{"@type":"ListItem","position":3,"name":"Vente aux ench\u00e8res d&#8217;une Porsche 911 Carrera 3.2 de 1985"}]},{"@type":"WebSite","@id":"https:\/\/pistonaddict.com\/fr\/#website","url":"https:\/\/pistonaddict.com\/fr\/","name":"Piston Addict","description":"Only interesting vehicles","publisher":{"@id":"https:\/\/pistonaddict.com\/fr\/#organization"},"potentialAction":[{"@type":"SearchAction","target":{"@type":"EntryPoint","urlTemplate":"https:\/\/pistonaddict.com\/fr\/?s={search_term_string}"},"query-input":"required name=search_term_string"}],"inLanguage":"fr-FR"},{"@type":"Organization","@id":"https:\/\/pistonaddict.com\/fr\/#organization","name":"Piston Addict","url":"https:\/\/pistonaddict.com\/fr\/","logo":{"@type":"ImageObject","inLanguage":"fr-FR","@id":"https:\/\/pistonaddict.com\/fr\/#\/schema\/logo\/image\/","url":"https:\/\/pistonaddict.com\/wp-content\/uploads\/2022\/07\/logo-6.png","contentUrl":"https:\/\/pistonaddict.com\/wp-content\/uploads\/2022\/07\/logo-6.png","width":970,"height":200,"caption":"Piston Addict"},"image":{"@id":"https:\/\/pistonaddict.com\/fr\/#\/schema\/logo\/image\/"}}]}},"_links":{"self":[{"href":"https:\/\/pistonaddict.com\/fr\/wp-json\/wp\/v2\/product\/29719"}],"collection":[{"href":"https:\/\/pistonaddict.com\/fr\/wp-json\/wp\/v2\/product"}],"about":[{"href":"https:\/\/pistonaddict.com\/fr\/wp-json\/wp\/v2\/types\/product"}],"replies":[{"embeddable":true,"href":"https:\/\/pistonaddict.com\/fr\/wp-json\/wp\/v2\/comments?post=29719"}],"wp:featuredmedia":[{"embeddable":true,"href":"https:\/\/pistonaddict.com\/fr\/wp-json\/wp\/v2\/media\/29663"}],"wp:attachment":[{"href":"https:\/\/pistonaddict.com\/fr\/wp-json\/wp\/v2\/media?parent=29719"}],"wp:term":[{"taxonomy":"product_cat","embeddable":true,"href":"https:\/\/pistonaddict.com\/fr\/wp-json\/wp\/v2\/product_cat?post=29719"},{"taxonomy":"product_tag","embeddable":true,"href":"https:\/\/pistonaddict.com\/fr\/wp-json\/wp\/v2\/product_tag?post=29719"}],"curies":[{"name":"wp","href":"https:\/\/api.w.org\/{rel}","templated":true}]}}