{"id":28009,"date":"2023-03-02T16:24:00","date_gmt":"2023-03-02T15:24:00","guid":{"rendered":"https:\/\/pistonaddict.com\/product\/porsche-911-gt2-2008\/"},"modified":"2024-03-22T16:08:16","modified_gmt":"2024-03-22T15:08:16","slug":"2008-porsche-911-gt2","status":"publish","type":"product","link":"https:\/\/pistonaddict.com\/fr\/product\/2008-porsche-911-gt2\/","title":{"rendered":"Vente aux ench\u00e8res d&#8217;une Porsche 911 GT2 2008"},"content":{"rendered":"<h2>Ext\u00e9rieur<\/h2>\n<p>La voiture en question est peinte en noir et poss\u00e8de des phares Bi-Xenon. Mais ce qui frappe le plus dans cette Porsche, c&#8217;est son allure agressive. Par rapport \u00e0 une 911 standard, cette GT2 pr\u00e9sente des panneaux de carrosserie et des pare-chocs \u00e9largis, avec des \u00e9vents suppl\u00e9mentaires pour un meilleur refroidissement. Les embouts d&#8217;\u00e9chappement en titane brillant sont un autre d\u00e9tail notable qui le s\u00e9pare des autres mod\u00e8les. Enfin, un grand spoiler noir \u00e0 l&#8217;arri\u00e8re ajoute une apparence plus agressive et am\u00e9liore l&#8217;a\u00e9rodynamisme. La voiture repose sur des jantes d&#8217;usine de 19 pouces \u00e9quip\u00e9es de pneus Michelin Pilot Sport Cup2. Ces pneus ont \u00e9t\u00e9 install\u00e9s sur le v\u00e9hicule en juillet 2022 et sont parfaitement adapt\u00e9s \u00e0 l&#8217;application.<\/p>\n<h2>Int\u00e9rieur<\/h2>\n<p>\u00c0 l&#8217;int\u00e9rieur, on trouve deux si\u00e8ges baquets l\u00e9gers \u00e0 r\u00e9glage manuel, recouverts de tissu ignifug\u00e9 et coupl\u00e9s \u00e0 des harnais de course rouges. Le propri\u00e9taire les d\u00e9crit <em>comme neufs<\/em>, avec des photos qui racontent la m\u00eame histoire. \u00c0 l&#8217;arri\u00e8re, il y a un arceau de s\u00e9curit\u00e9 install\u00e9 en usine, qui rigidifie le ch\u00e2ssis et am\u00e9liore la s\u00e9curit\u00e9. Le reste de l&#8217;int\u00e9rieur de la voiture est garni de tissu noir. Une fois assis, le conducteur se retrouve derri\u00e8re un volant \u00e0 quatre branches gain\u00e9 de cuir Alcantara. Comme dans la plupart des Porsche, le groupe d&#8217;instruments est domin\u00e9 par un compte-tours, dont la ligne rouge est de 7 000 tr\/min. En outre, il dispose d&#8217;un compteur de vitesse pouvant atteindre 350 KPM et de plusieurs jauges indiquant les param\u00e8tres de fonctionnement essentiels. Cela inclut la temp\u00e9rature du moteur, la pression d&#8217;huile et le niveau de carburant, entre autres. Le compteur kilom\u00e9trique actuel est r\u00e9gl\u00e9 sur environ 12 000 kilom\u00e8tres. Enfin, mont\u00e9 au centre du tableau de bord, on trouve un chronom\u00e8tre, utile pour faire des tours de piste chronom\u00e9tr\u00e9s.<\/p>\n<h2>M\u00e9canique<\/h2>\n<p>C&#8217;est dans la m\u00e9canique sous la peau que le caract\u00e8re de la GT2 se r\u00e9v\u00e8le pleinement. Pour commencer, elle dispose d&#8217;un flat-six de 3,6 litres, utilis\u00e9 dans la plupart des mod\u00e8les de la gamme 997. Mais pour une application en GT2, ce moteur est \u00e9quip\u00e9 d&#8217;une paire de turbocompresseurs \u00e0 g\u00e9om\u00e9trie variable et d&#8217;une injection directe de carburant. Ces am\u00e9liorations ont permis de porter sa puissance \u00e0 530 chevaux. Elle est transmise aux roues arri\u00e8re par une bo\u00eete de vitesses traditionnelle \u00e0 6 rapports. Porsche a d\u00e9cid\u00e9 de gagner du poids en renon\u00e7ant \u00e0 un syst\u00e8me de transmission int\u00e9grale ou \u00e0 la complexe transmission \u00e0 double embrayage PDK. Enfin, un jeu de freins en c\u00e9ramique mont\u00e9s d&#8217;usine permet \u00e0 la GT2 de s&#8217;arr\u00eater de mani\u00e8re aussi impressionnante que ses performances.<\/p>\n<h2>Historique des services<\/h2>\n<p>Le propri\u00e9taire affirme que la voiture a \u00e9t\u00e9 r\u00e9guli\u00e8rement entretenue selon le calendrier du constructeur, le dernier service ayant \u00e9t\u00e9 effectu\u00e9 en juillet 2022. Actuellement, il n&#8217;y a pas de d\u00e9fauts connus ni de voyants d&#8217;avertissement sur le tableau de bord. En outre, il n&#8217;y a pas de rayures, de bosses ou d&#8217;autres imperfections visibles de la carrosserie. Enfin, ce v\u00e9hicule est enti\u00e8rement stock\u00e9, sans aucune modification d&#8217;apr\u00e8s-vente. Avec tout cela en t\u00eate, on peut dire que cette 911 GT2 est <em>en parfait \u00e9tat<\/em>, comme le propri\u00e9taire l&#8217;a d\u00e9crit.<\/p>\n","protected":false},"excerpt":{"rendered":"<p>Cette Porsche 911 GT2 2008, qui a fait un peu moins de 12 000 kilom\u00e8tres, est vendue \u00e0 titre priv\u00e9 par son propri\u00e9taire, qui l&#8217;a achet\u00e9e neuve. Il est propuls\u00e9 par un moteur turbo \u00e0 six cylindres \u00e0 plat de 530 chevaux, associ\u00e9 \u00e0 une bo\u00eete automatique \u00e0 six rapports. Les caract\u00e9ristiques comprennent des roues Porsche de 19 pouces, des phares Bi-X\u00e9non, des freins en c\u00e9ramique, des si\u00e8ges baquets l\u00e9gers avec harnais de course et un arceau de s\u00e9curit\u00e9 install\u00e9 en usine. La voiture se trouve actuellement en Suisse, o\u00f9 elle est enregistr\u00e9e depuis le premier jour. Elle a \u00e9t\u00e9 enti\u00e8rement r\u00e9vis\u00e9e r\u00e9cemment et poss\u00e8de maintenant un jeu de pneus presque neufs. \u00c0 l&#8217;exception d&#8217;une \u00e9raflure mineure sur le pare-chocs en 2013, qui a \u00e9t\u00e9 enti\u00e8rement r\u00e9par\u00e9e, cette GT2 est exempte de dommages, avec un rapport carVertical correspondant pour le confirmer.<\/p>\n","protected":false},"featured_media":27894,"comment_status":"open","ping_status":"closed","template":"","meta":{"inline_featured_image":false},"product_cat":[754],"product_tag":[999,822,823,821,921],"acf":[],"yoast_head":"<!-- This site is optimized with the Yoast SEO plugin v22.5 - https:\/\/yoast.com\/wordpress\/plugins\/seo\/ -->\n<title>Vente aux ench\u00e8res d&#039;une Porsche 911 GT2 2008 - Piston Addict<\/title>\n<meta name=\"description\" content=\"D\u00e9couvrez cette Porsche 911 GT2 2008 en vente aux ench\u00e8res sur PistonAddict.com\" \/>\n<meta name=\"robots\" content=\"index, follow, max-snippet:-1, max-image-preview:large, max-video-preview:-1\" \/>\n<link rel=\"canonical\" href=\"https:\/\/pistonaddict.com\/fr\/product\/2008-porsche-911-gt2\/\" \/>\n<meta property=\"og:locale\" content=\"fr_FR\" \/>\n<meta property=\"og:type\" content=\"article\" \/>\n<meta property=\"og:title\" content=\"Vente aux ench\u00e8res d&#039;une Porsche 911 GT2 2008 - Piston Addict\" \/>\n<meta property=\"og:description\" content=\"D\u00e9couvrez cette Porsche 911 GT2 2008 en vente aux ench\u00e8res sur PistonAddict.com\" \/>\n<meta property=\"og:url\" content=\"https:\/\/pistonaddict.com\/fr\/product\/2008-porsche-911-gt2\/\" \/>\n<meta property=\"og:site_name\" content=\"Piston Addict\" \/>\n<meta property=\"article:modified_time\" content=\"2024-03-22T15:08:16+00:00\" \/>\n<meta property=\"og:image\" content=\"https:\/\/pistonaddict.com\/wp-content\/uploads\/2023\/03\/MainGT22008.jpg\" \/>\n\t<meta property=\"og:image:width\" content=\"1200\" \/>\n\t<meta property=\"og:image:height\" content=\"798\" \/>\n\t<meta property=\"og:image:type\" content=\"image\/jpeg\" \/>\n<meta name=\"twitter:card\" content=\"summary_large_image\" \/>\n<meta name=\"twitter:label1\" content=\"Dur\u00e9e de lecture estim\u00e9e\" \/>\n\t<meta name=\"twitter:data1\" content=\"3 minutes\" \/>\n<script type=\"application\/ld+json\" class=\"yoast-schema-graph\">{\"@context\":\"https:\/\/schema.org\",\"@graph\":[{\"@type\":\"WebPage\",\"@id\":\"https:\/\/pistonaddict.com\/fr\/product\/2008-porsche-911-gt2\/\",\"url\":\"https:\/\/pistonaddict.com\/fr\/product\/2008-porsche-911-gt2\/\",\"name\":\"Vente aux ench\u00e8res d'une Porsche 911 GT2 2008 - Piston Addict\",\"isPartOf\":{\"@id\":\"https:\/\/pistonaddict.com\/fr\/#website\"},\"primaryImageOfPage\":{\"@id\":\"https:\/\/pistonaddict.com\/fr\/product\/2008-porsche-911-gt2\/#primaryimage\"},\"image\":{\"@id\":\"https:\/\/pistonaddict.com\/fr\/product\/2008-porsche-911-gt2\/#primaryimage\"},\"thumbnailUrl\":\"https:\/\/pistonaddict.com\/wp-content\/uploads\/2023\/03\/MainGT22008.jpg\",\"datePublished\":\"2023-03-02T15:24:00+00:00\",\"dateModified\":\"2024-03-22T15:08:16+00:00\",\"description\":\"D\u00e9couvrez cette Porsche 911 GT2 2008 en vente aux ench\u00e8res sur PistonAddict.com\",\"breadcrumb\":{\"@id\":\"https:\/\/pistonaddict.com\/fr\/product\/2008-porsche-911-gt2\/#breadcrumb\"},\"inLanguage\":\"fr-FR\",\"potentialAction\":[{\"@type\":\"ReadAction\",\"target\":[\"https:\/\/pistonaddict.com\/fr\/product\/2008-porsche-911-gt2\/\"]}]},{\"@type\":\"ImageObject\",\"inLanguage\":\"fr-FR\",\"@id\":\"https:\/\/pistonaddict.com\/fr\/product\/2008-porsche-911-gt2\/#primaryimage\",\"url\":\"https:\/\/pistonaddict.com\/wp-content\/uploads\/2023\/03\/MainGT22008.jpg\",\"contentUrl\":\"https:\/\/pistonaddict.com\/wp-content\/uploads\/2023\/03\/MainGT22008.jpg\",\"width\":1200,\"height\":798},{\"@type\":\"BreadcrumbList\",\"@id\":\"https:\/\/pistonaddict.com\/fr\/product\/2008-porsche-911-gt2\/#breadcrumb\",\"itemListElement\":[{\"@type\":\"ListItem\",\"position\":1,\"name\":\"Homepage\",\"item\":\"https:\/\/pistonaddict.com\/fr\/page-daccueil\/\"},{\"@type\":\"ListItem\",\"position\":2,\"name\":\"Auctions\",\"item\":\"https:\/\/pistonaddict.com\/auctions-listing\/\"},{\"@type\":\"ListItem\",\"position\":3,\"name\":\"Vente aux ench\u00e8res d&#8217;une Porsche 911 GT2 2008\"}]},{\"@type\":\"WebSite\",\"@id\":\"https:\/\/pistonaddict.com\/fr\/#website\",\"url\":\"https:\/\/pistonaddict.com\/fr\/\",\"name\":\"Piston Addict\",\"description\":\"Only interesting vehicles\",\"publisher\":{\"@id\":\"https:\/\/pistonaddict.com\/fr\/#organization\"},\"potentialAction\":[{\"@type\":\"SearchAction\",\"target\":{\"@type\":\"EntryPoint\",\"urlTemplate\":\"https:\/\/pistonaddict.com\/fr\/?s={search_term_string}\"},\"query-input\":\"required name=search_term_string\"}],\"inLanguage\":\"fr-FR\"},{\"@type\":\"Organization\",\"@id\":\"https:\/\/pistonaddict.com\/fr\/#organization\",\"name\":\"Piston Addict\",\"url\":\"https:\/\/pistonaddict.com\/fr\/\",\"logo\":{\"@type\":\"ImageObject\",\"inLanguage\":\"fr-FR\",\"@id\":\"https:\/\/pistonaddict.com\/fr\/#\/schema\/logo\/image\/\",\"url\":\"https:\/\/pistonaddict.com\/wp-content\/uploads\/2022\/07\/logo-6.png\",\"contentUrl\":\"https:\/\/pistonaddict.com\/wp-content\/uploads\/2022\/07\/logo-6.png\",\"width\":970,\"height\":200,\"caption\":\"Piston Addict\"},\"image\":{\"@id\":\"https:\/\/pistonaddict.com\/fr\/#\/schema\/logo\/image\/\"}}]}<\/script>\n<!-- \/ Yoast SEO plugin. -->","yoast_head_json":{"title":"Vente aux ench\u00e8res d'une Porsche 911 GT2 2008 - Piston Addict","description":"D\u00e9couvrez cette Porsche 911 GT2 2008 en vente aux ench\u00e8res sur PistonAddict.com","robots":{"index":"index","follow":"follow","max-snippet":"max-snippet:-1","max-image-preview":"max-image-preview:large","max-video-preview":"max-video-preview:-1"},"canonical":"https:\/\/pistonaddict.com\/fr\/product\/2008-porsche-911-gt2\/","og_locale":"fr_FR","og_type":"article","og_title":"Vente aux ench\u00e8res d'une Porsche 911 GT2 2008 - Piston Addict","og_description":"D\u00e9couvrez cette Porsche 911 GT2 2008 en vente aux ench\u00e8res sur PistonAddict.com","og_url":"https:\/\/pistonaddict.com\/fr\/product\/2008-porsche-911-gt2\/","og_site_name":"Piston Addict","article_modified_time":"2024-03-22T15:08:16+00:00","og_image":[{"width":1200,"height":798,"url":"https:\/\/pistonaddict.com\/wp-content\/uploads\/2023\/03\/MainGT22008.jpg","type":"image\/jpeg"}],"twitter_card":"summary_large_image","twitter_misc":{"Dur\u00e9e de lecture estim\u00e9e":"3 minutes"},"schema":{"@context":"https:\/\/schema.org","@graph":[{"@type":"WebPage","@id":"https:\/\/pistonaddict.com\/fr\/product\/2008-porsche-911-gt2\/","url":"https:\/\/pistonaddict.com\/fr\/product\/2008-porsche-911-gt2\/","name":"Vente aux ench\u00e8res d'une Porsche 911 GT2 2008 - Piston Addict","isPartOf":{"@id":"https:\/\/pistonaddict.com\/fr\/#website"},"primaryImageOfPage":{"@id":"https:\/\/pistonaddict.com\/fr\/product\/2008-porsche-911-gt2\/#primaryimage"},"image":{"@id":"https:\/\/pistonaddict.com\/fr\/product\/2008-porsche-911-gt2\/#primaryimage"},"thumbnailUrl":"https:\/\/pistonaddict.com\/wp-content\/uploads\/2023\/03\/MainGT22008.jpg","datePublished":"2023-03-02T15:24:00+00:00","dateModified":"2024-03-22T15:08:16+00:00","description":"D\u00e9couvrez cette Porsche 911 GT2 2008 en vente aux ench\u00e8res sur PistonAddict.com","breadcrumb":{"@id":"https:\/\/pistonaddict.com\/fr\/product\/2008-porsche-911-gt2\/#breadcrumb"},"inLanguage":"fr-FR","potentialAction":[{"@type":"ReadAction","target":["https:\/\/pistonaddict.com\/fr\/product\/2008-porsche-911-gt2\/"]}]},{"@type":"ImageObject","inLanguage":"fr-FR","@id":"https:\/\/pistonaddict.com\/fr\/product\/2008-porsche-911-gt2\/#primaryimage","url":"https:\/\/pistonaddict.com\/wp-content\/uploads\/2023\/03\/MainGT22008.jpg","contentUrl":"https:\/\/pistonaddict.com\/wp-content\/uploads\/2023\/03\/MainGT22008.jpg","width":1200,"height":798},{"@type":"BreadcrumbList","@id":"https:\/\/pistonaddict.com\/fr\/product\/2008-porsche-911-gt2\/#breadcrumb","itemListElement":[{"@type":"ListItem","position":1,"name":"Homepage","item":"https:\/\/pistonaddict.com\/fr\/page-daccueil\/"},{"@type":"ListItem","position":2,"name":"Auctions","item":"https:\/\/pistonaddict.com\/auctions-listing\/"},{"@type":"ListItem","position":3,"name":"Vente aux ench\u00e8res d&#8217;une Porsche 911 GT2 2008"}]},{"@type":"WebSite","@id":"https:\/\/pistonaddict.com\/fr\/#website","url":"https:\/\/pistonaddict.com\/fr\/","name":"Piston Addict","description":"Only interesting vehicles","publisher":{"@id":"https:\/\/pistonaddict.com\/fr\/#organization"},"potentialAction":[{"@type":"SearchAction","target":{"@type":"EntryPoint","urlTemplate":"https:\/\/pistonaddict.com\/fr\/?s={search_term_string}"},"query-input":"required name=search_term_string"}],"inLanguage":"fr-FR"},{"@type":"Organization","@id":"https:\/\/pistonaddict.com\/fr\/#organization","name":"Piston Addict","url":"https:\/\/pistonaddict.com\/fr\/","logo":{"@type":"ImageObject","inLanguage":"fr-FR","@id":"https:\/\/pistonaddict.com\/fr\/#\/schema\/logo\/image\/","url":"https:\/\/pistonaddict.com\/wp-content\/uploads\/2022\/07\/logo-6.png","contentUrl":"https:\/\/pistonaddict.com\/wp-content\/uploads\/2022\/07\/logo-6.png","width":970,"height":200,"caption":"Piston Addict"},"image":{"@id":"https:\/\/pistonaddict.com\/fr\/#\/schema\/logo\/image\/"}}]}},"_links":{"self":[{"href":"https:\/\/pistonaddict.com\/fr\/wp-json\/wp\/v2\/product\/28009"}],"collection":[{"href":"https:\/\/pistonaddict.com\/fr\/wp-json\/wp\/v2\/product"}],"about":[{"href":"https:\/\/pistonaddict.com\/fr\/wp-json\/wp\/v2\/types\/product"}],"replies":[{"embeddable":true,"href":"https:\/\/pistonaddict.com\/fr\/wp-json\/wp\/v2\/comments?post=28009"}],"wp:featuredmedia":[{"embeddable":true,"href":"https:\/\/pistonaddict.com\/fr\/wp-json\/wp\/v2\/media\/27894"}],"wp:attachment":[{"href":"https:\/\/pistonaddict.com\/fr\/wp-json\/wp\/v2\/media?parent=28009"}],"wp:term":[{"taxonomy":"product_cat","embeddable":true,"href":"https:\/\/pistonaddict.com\/fr\/wp-json\/wp\/v2\/product_cat?post=28009"},{"taxonomy":"product_tag","embeddable":true,"href":"https:\/\/pistonaddict.com\/fr\/wp-json\/wp\/v2\/product_tag?post=28009"}],"curies":[{"name":"wp","href":"https:\/\/api.w.org\/{rel}","templated":true}]}}