{"id":25086,"date":"2022-06-12T14:25:17","date_gmt":"2022-06-12T12:25:17","guid":{"rendered":"https:\/\/pistonaddict.com\/product\/prime\/"},"modified":"2023-07-12T09:41:37","modified_gmt":"2023-07-12T07:41:37","slug":"prime","status":"publish","type":"product","link":"https:\/\/pistonaddict.com\/fr\/product\/prime\/","title":{"rendered":"Prime"},"content":{"rendered":"<p><strong>Comment \u00e7a marche?<\/strong><\/p>\n<ol>\n<li>Vous vous abonnez pour 349\u20ac.<\/li>\n<li>Vous soumettez votre v\u00e9hicule<\/li>\n<li>Nous l&#8217;acceptons si cela correspond<\/li>\n<li>Nous r\u00e9digeons votre annonce<\/li>\n<li>Vous modifiez et approuvez votre annonce<\/li>\n<li>Votre annonce est en ligne<\/li>\n<li>Nous la relayons sur nos r\u00e9seaux sociaux, nos sites partenaires et nos newsletters<\/li>\n<\/ol>\n","protected":false},"excerpt":{"rendered":"<p>Le m\u00eame service de qualit\u00e9 que le service classique, mais avec votre annonce pr\u00e9sent\u00e9e sur nos m\u00e9dias sociaux, nos sites partenaires et nos bulletins d&#8217;information pour aider les acheteurs \u00e0 ench\u00e9rir en toute confiance et avec enthousiasme.<\/p>\n","protected":false},"featured_media":558,"comment_status":"closed","ping_status":"closed","template":"","meta":{"inline_featured_image":false},"product_cat":[],"product_tag":[],"acf":[],"yoast_head":"<!-- This site is optimized with the Yoast SEO plugin v22.5 - https:\/\/yoast.com\/wordpress\/plugins\/seo\/ -->\n<title>Prime - Piston Addict<\/title>\n<meta name=\"robots\" content=\"index, follow, max-snippet:-1, max-image-preview:large, max-video-preview:-1\" \/>\n<link rel=\"canonical\" href=\"https:\/\/pistonaddict.com\/fr\/product\/prime\/\" \/>\n<meta property=\"og:locale\" content=\"fr_FR\" \/>\n<meta property=\"og:type\" content=\"article\" \/>\n<meta property=\"og:title\" content=\"Prime - Piston Addict\" \/>\n<meta property=\"og:description\" content=\"Le m\u00eame service de qualit\u00e9 que le service classique, mais avec votre annonce pr\u00e9sent\u00e9e sur nos m\u00e9dias sociaux, nos sites partenaires et nos bulletins d&#039;information pour aider les acheteurs \u00e0 ench\u00e9rir en toute confiance et avec enthousiasme.\" \/>\n<meta property=\"og:url\" content=\"https:\/\/pistonaddict.com\/fr\/product\/prime\/\" \/>\n<meta property=\"og:site_name\" content=\"Piston Addict\" \/>\n<meta property=\"article:modified_time\" content=\"2023-07-12T07:41:37+00:00\" \/>\n<meta property=\"og:image\" content=\"https:\/\/pistonaddict.com\/wp-content\/uploads\/2022\/05\/cropped-PA-Favicon.png\" \/>\n\t<meta property=\"og:image:width\" content=\"512\" \/>\n\t<meta property=\"og:image:height\" content=\"512\" \/>\n\t<meta property=\"og:image:type\" content=\"image\/png\" \/>\n<meta name=\"twitter:card\" content=\"summary_large_image\" \/>\n<meta name=\"twitter:label1\" content=\"Dur\u00e9e de lecture estim\u00e9e\" \/>\n\t<meta name=\"twitter:data1\" content=\"1 minute\" \/>\n<script type=\"application\/ld+json\" class=\"yoast-schema-graph\">{\"@context\":\"https:\/\/schema.org\",\"@graph\":[{\"@type\":\"WebPage\",\"@id\":\"https:\/\/pistonaddict.com\/fr\/product\/prime\/\",\"url\":\"https:\/\/pistonaddict.com\/fr\/product\/prime\/\",\"name\":\"Prime - Piston Addict\",\"isPartOf\":{\"@id\":\"https:\/\/pistonaddict.com\/fr\/#website\"},\"primaryImageOfPage\":{\"@id\":\"https:\/\/pistonaddict.com\/fr\/product\/prime\/#primaryimage\"},\"image\":{\"@id\":\"https:\/\/pistonaddict.com\/fr\/product\/prime\/#primaryimage\"},\"thumbnailUrl\":\"https:\/\/pistonaddict.com\/wp-content\/uploads\/2022\/05\/cropped-PA-Favicon.png\",\"datePublished\":\"2022-06-12T12:25:17+00:00\",\"dateModified\":\"2023-07-12T07:41:37+00:00\",\"breadcrumb\":{\"@id\":\"https:\/\/pistonaddict.com\/fr\/product\/prime\/#breadcrumb\"},\"inLanguage\":\"fr-FR\",\"potentialAction\":[{\"@type\":\"ReadAction\",\"target\":[\"https:\/\/pistonaddict.com\/fr\/product\/prime\/\"]}]},{\"@type\":\"ImageObject\",\"inLanguage\":\"fr-FR\",\"@id\":\"https:\/\/pistonaddict.com\/fr\/product\/prime\/#primaryimage\",\"url\":\"https:\/\/pistonaddict.com\/wp-content\/uploads\/2022\/05\/cropped-PA-Favicon.png\",\"contentUrl\":\"https:\/\/pistonaddict.com\/wp-content\/uploads\/2022\/05\/cropped-PA-Favicon.png\",\"width\":512,\"height\":512},{\"@type\":\"BreadcrumbList\",\"@id\":\"https:\/\/pistonaddict.com\/fr\/product\/prime\/#breadcrumb\",\"itemListElement\":[{\"@type\":\"ListItem\",\"position\":1,\"name\":\"Homepage\",\"item\":\"https:\/\/pistonaddict.com\/fr\/page-daccueil\/\"},{\"@type\":\"ListItem\",\"position\":2,\"name\":\"Auctions\",\"item\":\"https:\/\/pistonaddict.com\/auctions-listing\/\"},{\"@type\":\"ListItem\",\"position\":3,\"name\":\"Prime\"}]},{\"@type\":\"WebSite\",\"@id\":\"https:\/\/pistonaddict.com\/fr\/#website\",\"url\":\"https:\/\/pistonaddict.com\/fr\/\",\"name\":\"Piston Addict\",\"description\":\"Only interesting vehicles\",\"publisher\":{\"@id\":\"https:\/\/pistonaddict.com\/fr\/#organization\"},\"potentialAction\":[{\"@type\":\"SearchAction\",\"target\":{\"@type\":\"EntryPoint\",\"urlTemplate\":\"https:\/\/pistonaddict.com\/fr\/?s={search_term_string}\"},\"query-input\":\"required name=search_term_string\"}],\"inLanguage\":\"fr-FR\"},{\"@type\":\"Organization\",\"@id\":\"https:\/\/pistonaddict.com\/fr\/#organization\",\"name\":\"Piston Addict\",\"url\":\"https:\/\/pistonaddict.com\/fr\/\",\"logo\":{\"@type\":\"ImageObject\",\"inLanguage\":\"fr-FR\",\"@id\":\"https:\/\/pistonaddict.com\/fr\/#\/schema\/logo\/image\/\",\"url\":\"https:\/\/pistonaddict.com\/wp-content\/uploads\/2022\/07\/logo-6.png\",\"contentUrl\":\"https:\/\/pistonaddict.com\/wp-content\/uploads\/2022\/07\/logo-6.png\",\"width\":970,\"height\":200,\"caption\":\"Piston Addict\"},\"image\":{\"@id\":\"https:\/\/pistonaddict.com\/fr\/#\/schema\/logo\/image\/\"}}]}<\/script>\n<!-- \/ Yoast SEO plugin. -->","yoast_head_json":{"title":"Prime - Piston Addict","robots":{"index":"index","follow":"follow","max-snippet":"max-snippet:-1","max-image-preview":"max-image-preview:large","max-video-preview":"max-video-preview:-1"},"canonical":"https:\/\/pistonaddict.com\/fr\/product\/prime\/","og_locale":"fr_FR","og_type":"article","og_title":"Prime - Piston Addict","og_description":"Le m\u00eame service de qualit\u00e9 que le service classique, mais avec votre annonce pr\u00e9sent\u00e9e sur nos m\u00e9dias sociaux, nos sites partenaires et nos bulletins d'information pour aider les acheteurs \u00e0 ench\u00e9rir en toute confiance et avec enthousiasme.","og_url":"https:\/\/pistonaddict.com\/fr\/product\/prime\/","og_site_name":"Piston Addict","article_modified_time":"2023-07-12T07:41:37+00:00","og_image":[{"width":512,"height":512,"url":"https:\/\/pistonaddict.com\/wp-content\/uploads\/2022\/05\/cropped-PA-Favicon.png","type":"image\/png"}],"twitter_card":"summary_large_image","twitter_misc":{"Dur\u00e9e de lecture estim\u00e9e":"1 minute"},"schema":{"@context":"https:\/\/schema.org","@graph":[{"@type":"WebPage","@id":"https:\/\/pistonaddict.com\/fr\/product\/prime\/","url":"https:\/\/pistonaddict.com\/fr\/product\/prime\/","name":"Prime - Piston Addict","isPartOf":{"@id":"https:\/\/pistonaddict.com\/fr\/#website"},"primaryImageOfPage":{"@id":"https:\/\/pistonaddict.com\/fr\/product\/prime\/#primaryimage"},"image":{"@id":"https:\/\/pistonaddict.com\/fr\/product\/prime\/#primaryimage"},"thumbnailUrl":"https:\/\/pistonaddict.com\/wp-content\/uploads\/2022\/05\/cropped-PA-Favicon.png","datePublished":"2022-06-12T12:25:17+00:00","dateModified":"2023-07-12T07:41:37+00:00","breadcrumb":{"@id":"https:\/\/pistonaddict.com\/fr\/product\/prime\/#breadcrumb"},"inLanguage":"fr-FR","potentialAction":[{"@type":"ReadAction","target":["https:\/\/pistonaddict.com\/fr\/product\/prime\/"]}]},{"@type":"ImageObject","inLanguage":"fr-FR","@id":"https:\/\/pistonaddict.com\/fr\/product\/prime\/#primaryimage","url":"https:\/\/pistonaddict.com\/wp-content\/uploads\/2022\/05\/cropped-PA-Favicon.png","contentUrl":"https:\/\/pistonaddict.com\/wp-content\/uploads\/2022\/05\/cropped-PA-Favicon.png","width":512,"height":512},{"@type":"BreadcrumbList","@id":"https:\/\/pistonaddict.com\/fr\/product\/prime\/#breadcrumb","itemListElement":[{"@type":"ListItem","position":1,"name":"Homepage","item":"https:\/\/pistonaddict.com\/fr\/page-daccueil\/"},{"@type":"ListItem","position":2,"name":"Auctions","item":"https:\/\/pistonaddict.com\/auctions-listing\/"},{"@type":"ListItem","position":3,"name":"Prime"}]},{"@type":"WebSite","@id":"https:\/\/pistonaddict.com\/fr\/#website","url":"https:\/\/pistonaddict.com\/fr\/","name":"Piston Addict","description":"Only interesting vehicles","publisher":{"@id":"https:\/\/pistonaddict.com\/fr\/#organization"},"potentialAction":[{"@type":"SearchAction","target":{"@type":"EntryPoint","urlTemplate":"https:\/\/pistonaddict.com\/fr\/?s={search_term_string}"},"query-input":"required name=search_term_string"}],"inLanguage":"fr-FR"},{"@type":"Organization","@id":"https:\/\/pistonaddict.com\/fr\/#organization","name":"Piston Addict","url":"https:\/\/pistonaddict.com\/fr\/","logo":{"@type":"ImageObject","inLanguage":"fr-FR","@id":"https:\/\/pistonaddict.com\/fr\/#\/schema\/logo\/image\/","url":"https:\/\/pistonaddict.com\/wp-content\/uploads\/2022\/07\/logo-6.png","contentUrl":"https:\/\/pistonaddict.com\/wp-content\/uploads\/2022\/07\/logo-6.png","width":970,"height":200,"caption":"Piston Addict"},"image":{"@id":"https:\/\/pistonaddict.com\/fr\/#\/schema\/logo\/image\/"}}]}},"_links":{"self":[{"href":"https:\/\/pistonaddict.com\/fr\/wp-json\/wp\/v2\/product\/25086"}],"collection":[{"href":"https:\/\/pistonaddict.com\/fr\/wp-json\/wp\/v2\/product"}],"about":[{"href":"https:\/\/pistonaddict.com\/fr\/wp-json\/wp\/v2\/types\/product"}],"replies":[{"embeddable":true,"href":"https:\/\/pistonaddict.com\/fr\/wp-json\/wp\/v2\/comments?post=25086"}],"wp:featuredmedia":[{"embeddable":true,"href":"https:\/\/pistonaddict.com\/fr\/wp-json\/wp\/v2\/media\/558"}],"wp:attachment":[{"href":"https:\/\/pistonaddict.com\/fr\/wp-json\/wp\/v2\/media?parent=25086"}],"wp:term":[{"taxonomy":"product_cat","embeddable":true,"href":"https:\/\/pistonaddict.com\/fr\/wp-json\/wp\/v2\/product_cat?post=25086"},{"taxonomy":"product_tag","embeddable":true,"href":"https:\/\/pistonaddict.com\/fr\/wp-json\/wp\/v2\/product_tag?post=25086"}],"curies":[{"name":"wp","href":"https:\/\/api.w.org\/{rel}","templated":true}]}}