{"id":108787,"date":"2024-06-11T17:05:07","date_gmt":"2024-06-11T15:05:07","guid":{"rendered":"https:\/\/pistonaddict.com\/product\/lamborghini-urraco-p250\/"},"modified":"2024-06-12T09:53:40","modified_gmt":"2024-06-12T07:53:40","slug":"lamborghini-urraco-p250","status":"publish","type":"product","link":"https:\/\/pistonaddict.com\/fr\/product\/lamborghini-urraco-p250\/","title":{"rendered":"Lamborghini Urraco P250"},"content":{"rendered":"<h2>Ext\u00e9rieur<\/h2>\n<p>\u00c0 l&#8217;ext\u00e9rieur, cette voiture italienne \u00e0 quatre places pr\u00e9sente une silhouette cun\u00e9iforme, caract\u00e9ristique de la plupart des supercars de l&#8217;\u00e9poque. L&#8217;avant est domin\u00e9 par les embl\u00e9matiques phares escamotables, qui sont une n\u00e9cessit\u00e9 absolue pour accommoder le capot plat et bas. Sur les c\u00f4t\u00e9s, les passages de roue muscl\u00e9s qui accueillent les jantes en alliage de 14 pouces d&#8217;origine chauss\u00e9es de pneus Michelin XWX d&#8217;\u00e9poque sont les plus visibles. En outre, un \u0153il attentif remarquera un double ANSA en acier inoxydable, fabriqu\u00e9 par le c\u00e9l\u00e8bre accordeur Abart, \u00e0 l&#8217;arri\u00e8re. Cette voiture particuli\u00e8re est peinte dans une \u00e9l\u00e9gante finition argent\u00e9e, ce qui donne une touche \u00e9l\u00e9gante \u00e0 son allure agressive.<\/p>\n<h2>Int\u00e9rieur<\/h2>\n<p>En ouvrant les portes, on d\u00e9couvre le somptueux int\u00e9rieur Nero de la Lambo, dont les si\u00e8ges avant baquets, dont l&#8217;\u00e9tat est d\u00e9crit par le vendeur comme &#8220;neuf&#8221;, sont les plus remarquables. La m\u00eame description s&#8217;applique \u00e0 la banquette arri\u00e8re, qui est suffisamment spacieuse pour accueillir deux personnes. Une fois assis, le conducteur se trouve face \u00e0 un volant en cuir \u00e0 quatre branches, derri\u00e8re lequel se trouve un tableau de bord \u00e9labor\u00e9. Outre le compteur de vitesse qui peut atteindre 280 km\/h et le compte-tours de 9 000 tr\/min, les cadrans indiquent la temp\u00e9rature du moteur, la pression d&#8217;huile et la tension de charge. Le tableau de bord est recouvert de cuir Alcantara gris fonc\u00e9, ce qui lui conf\u00e8re un toucher doux et un aspect plat qui ne refl\u00e8te pas les rayons du soleil.<\/p>\n<h2>M\u00e9canique<\/h2>\n<p>En tant que mod\u00e8le P250, cette Urraco est \u00e9quip\u00e9e d&#8217;un moteur V8 de 2,5 litres qui d\u00e9veloppe une puissance de 250 chevaux et un couple tout aussi impressionnant de 220 Nm. Cette puissance est transmise par une bo\u00eete de vitesses manuelle \u00e0 5 rapports, assurant un temps de 0 \u00e0 100 en un peu moins de 7 secondes et une vitesse maximale de 240 kilom\u00e8tres par heure. Ces performances, impressionnantes m\u00eame selon les normes actuelles, faisaient de l&#8217;Uracco l&#8217;une des voitures \u00e0 quatre places les plus rapides de l&#8217;\u00e9poque. La tenue de route est pr\u00e9cise, gr\u00e2ce \u00e0 une suspension ind\u00e9pendante, tandis que des freins \u00e0 disque performants et durables sur les quatre roues garantissent des arr\u00eats s\u00fbrs.<\/p>\n<h2>Historique du v\u00e9hicule<\/h2>\n<p>La Lamborghini Urraco P250 que nous vous proposons a \u00e9t\u00e9 fabriqu\u00e9e en 1975 et affiche actuellement 78 000 kilom\u00e8tres au compteur. Au fil des ans, la voiture n&#8217;a jamais \u00e9t\u00e9 utilis\u00e9e sur circuit ni impliqu\u00e9e dans un accident. En 2016, il a fait l&#8217;objet d&#8217;une r\u00e9vision compl\u00e8te, au cours de laquelle le moteur et la suspension ont \u00e9t\u00e9 enti\u00e8rement refaits, tandis que le soubassement a re\u00e7u une nouvelle couche de protection antirouille. Parall\u00e8lement, l&#8217;int\u00e9rieur a \u00e9t\u00e9 enti\u00e8rement retapiss\u00e9 et la voiture a \u00e9t\u00e9 repeinte. Les imperfections visuelles se limitent \u00e0 un l\u00e9ger dommage sur la porte du conducteur, qui sera r\u00e9par\u00e9 avant la livraison \u00e0 son futur propri\u00e9taire. Le v\u00e9hicule se trouve actuellement en Espagne, o\u00f9 il est immatricul\u00e9 depuis le premier jour.<\/p>\n<p><strong>D\u00e9couvrez la vid\u00e9o du d\u00e9marrage \u00e0 froid de cette incroyable<\/strong> <strong>Lamborghini Urraco P250<\/strong>:<\/p>\n<p><iframe title=\"Cold Start Video of the amazing Lamborghini Urraco P250\" width=\"1200\" height=\"675\" src=\"https:\/\/www.youtube.com\/embed\/wt_LCr8LgcQ?feature=oembed\" frameborder=\"0\" allow=\"accelerometer; autoplay; clipboard-write; encrypted-media; gyroscope; picture-in-picture; web-share\" referrerpolicy=\"strict-origin-when-cross-origin\" allowfullscreen><\/iframe><\/p>\n<p><strong>Et la visite vid\u00e9o :<\/strong><\/p>\n<p><iframe title=\"Video Tour of the Lamborghini Urraco P250\" width=\"1200\" height=\"675\" src=\"https:\/\/www.youtube.com\/embed\/azU8K1XDHOA?feature=oembed\" frameborder=\"0\" allow=\"accelerometer; autoplay; clipboard-write; encrypted-media; gyroscope; picture-in-picture; web-share\" referrerpolicy=\"strict-origin-when-cross-origin\" allowfullscreen><\/iframe><\/p>\n","protected":false},"excerpt":{"rendered":"<p>Nomm\u00e9e d&#8217;apr\u00e8s une race de taureaux de combat de Miura, l&#8217;Urraco est une voiture de sport fabriqu\u00e9e par Lamborghini entre 1972 et 1979. Cette voiture \u00e0 quatre places, con\u00e7ue par Bertone, \u00e9tait destin\u00e9e \u00e0 affronter des concurrentes comme la Ferrari 308 GT4 et la l\u00e9gendaire Porsche 911. Pourtant, en d\u00e9pit de sa beaut\u00e9 et de sa facilit\u00e9 de conduite, l&#8217;Urraco n&#8217;a pas connu un grand succ\u00e8s commercial, avec seulement 791 voitures produites au cours des sept ann\u00e9es de sa fabrication. N\u00e9anmoins, une production aussi limit\u00e9e garantit l&#8217;exclusivit\u00e9, et ceux qui ach\u00e8teront cette Lambo argent\u00e9e disposeront d&#8217;un objet peu courant.<\/p>\n","protected":false},"featured_media":108756,"comment_status":"open","ping_status":"closed","template":"","meta":{"inline_featured_image":false},"product_cat":[754],"product_tag":[4227,4230,4226,950],"acf":[],"yoast_head":"<!-- This site is optimized with the Yoast SEO plugin v22.5 - https:\/\/yoast.com\/wordpress\/plugins\/seo\/ -->\n<title>Lamborghini Urraco P250 - Piston Addict<\/title>\n<meta name=\"robots\" content=\"index, follow, max-snippet:-1, max-image-preview:large, max-video-preview:-1\" \/>\n<link rel=\"canonical\" href=\"https:\/\/pistonaddict.com\/fr\/product\/lamborghini-urraco-p250\/\" \/>\n<meta property=\"og:locale\" content=\"fr_FR\" \/>\n<meta property=\"og:type\" content=\"article\" \/>\n<meta property=\"og:title\" content=\"Lamborghini Urraco P250 - Piston Addict\" \/>\n<meta property=\"og:description\" content=\"Nomm\u00e9e d&#039;apr\u00e8s une race de taureaux de combat de Miura, l&#039;Urraco est une voiture de sport fabriqu\u00e9e par Lamborghini entre 1972 et 1979. Cette voiture \u00e0 quatre places, con\u00e7ue par Bertone, \u00e9tait destin\u00e9e \u00e0 affronter des concurrentes comme la Ferrari 308 GT4 et la l\u00e9gendaire Porsche 911. Pourtant, en d\u00e9pit de sa beaut\u00e9 et de sa facilit\u00e9 de conduite, l&#039;Urraco n&#039;a pas connu un grand succ\u00e8s commercial, avec seulement 791 voitures produites au cours des sept ann\u00e9es de sa fabrication. N\u00e9anmoins, une production aussi limit\u00e9e garantit l&#039;exclusivit\u00e9, et ceux qui ach\u00e8teront cette Lambo argent\u00e9e disposeront d&#039;un objet peu courant.\" \/>\n<meta property=\"og:url\" content=\"https:\/\/pistonaddict.com\/fr\/product\/lamborghini-urraco-p250\/\" \/>\n<meta property=\"og:site_name\" content=\"Piston Addict\" \/>\n<meta property=\"article:modified_time\" content=\"2024-06-12T07:53:40+00:00\" \/>\n<meta property=\"og:image\" content=\"https:\/\/pistonaddict.com\/wp-content\/uploads\/2024\/06\/IMG-20231121-WA0182.jpg\" \/>\n\t<meta property=\"og:image:width\" content=\"2048\" \/>\n\t<meta property=\"og:image:height\" content=\"1536\" \/>\n\t<meta property=\"og:image:type\" content=\"image\/jpeg\" \/>\n<meta name=\"twitter:card\" content=\"summary_large_image\" \/>\n<meta name=\"twitter:label1\" content=\"Dur\u00e9e de lecture estim\u00e9e\" \/>\n\t<meta name=\"twitter:data1\" content=\"3 minutes\" \/>\n<script type=\"application\/ld+json\" class=\"yoast-schema-graph\">{\"@context\":\"https:\/\/schema.org\",\"@graph\":[{\"@type\":\"WebPage\",\"@id\":\"https:\/\/pistonaddict.com\/fr\/product\/lamborghini-urraco-p250\/\",\"url\":\"https:\/\/pistonaddict.com\/fr\/product\/lamborghini-urraco-p250\/\",\"name\":\"Lamborghini Urraco P250 - Piston Addict\",\"isPartOf\":{\"@id\":\"https:\/\/pistonaddict.com\/fr\/#website\"},\"primaryImageOfPage\":{\"@id\":\"https:\/\/pistonaddict.com\/fr\/product\/lamborghini-urraco-p250\/#primaryimage\"},\"image\":{\"@id\":\"https:\/\/pistonaddict.com\/fr\/product\/lamborghini-urraco-p250\/#primaryimage\"},\"thumbnailUrl\":\"https:\/\/pistonaddict.com\/wp-content\/uploads\/2024\/06\/IMG-20231121-WA0182.jpg\",\"datePublished\":\"2024-06-11T15:05:07+00:00\",\"dateModified\":\"2024-06-12T07:53:40+00:00\",\"breadcrumb\":{\"@id\":\"https:\/\/pistonaddict.com\/fr\/product\/lamborghini-urraco-p250\/#breadcrumb\"},\"inLanguage\":\"fr-FR\",\"potentialAction\":[{\"@type\":\"ReadAction\",\"target\":[\"https:\/\/pistonaddict.com\/fr\/product\/lamborghini-urraco-p250\/\"]}]},{\"@type\":\"ImageObject\",\"inLanguage\":\"fr-FR\",\"@id\":\"https:\/\/pistonaddict.com\/fr\/product\/lamborghini-urraco-p250\/#primaryimage\",\"url\":\"https:\/\/pistonaddict.com\/wp-content\/uploads\/2024\/06\/IMG-20231121-WA0182.jpg\",\"contentUrl\":\"https:\/\/pistonaddict.com\/wp-content\/uploads\/2024\/06\/IMG-20231121-WA0182.jpg\",\"width\":2048,\"height\":1536},{\"@type\":\"BreadcrumbList\",\"@id\":\"https:\/\/pistonaddict.com\/fr\/product\/lamborghini-urraco-p250\/#breadcrumb\",\"itemListElement\":[{\"@type\":\"ListItem\",\"position\":1,\"name\":\"Homepage\",\"item\":\"https:\/\/pistonaddict.com\/fr\/page-daccueil\/\"},{\"@type\":\"ListItem\",\"position\":2,\"name\":\"Auctions\",\"item\":\"https:\/\/pistonaddict.com\/auctions-listing\/\"},{\"@type\":\"ListItem\",\"position\":3,\"name\":\"Lamborghini Urraco P250\"}]},{\"@type\":\"WebSite\",\"@id\":\"https:\/\/pistonaddict.com\/fr\/#website\",\"url\":\"https:\/\/pistonaddict.com\/fr\/\",\"name\":\"Piston Addict\",\"description\":\"Only interesting vehicles\",\"publisher\":{\"@id\":\"https:\/\/pistonaddict.com\/fr\/#organization\"},\"potentialAction\":[{\"@type\":\"SearchAction\",\"target\":{\"@type\":\"EntryPoint\",\"urlTemplate\":\"https:\/\/pistonaddict.com\/fr\/?s={search_term_string}\"},\"query-input\":\"required name=search_term_string\"}],\"inLanguage\":\"fr-FR\"},{\"@type\":\"Organization\",\"@id\":\"https:\/\/pistonaddict.com\/fr\/#organization\",\"name\":\"Piston Addict\",\"url\":\"https:\/\/pistonaddict.com\/fr\/\",\"logo\":{\"@type\":\"ImageObject\",\"inLanguage\":\"fr-FR\",\"@id\":\"https:\/\/pistonaddict.com\/fr\/#\/schema\/logo\/image\/\",\"url\":\"https:\/\/pistonaddict.com\/wp-content\/uploads\/2022\/07\/logo-6.png\",\"contentUrl\":\"https:\/\/pistonaddict.com\/wp-content\/uploads\/2022\/07\/logo-6.png\",\"width\":970,\"height\":200,\"caption\":\"Piston Addict\"},\"image\":{\"@id\":\"https:\/\/pistonaddict.com\/fr\/#\/schema\/logo\/image\/\"}}]}<\/script>\n<!-- \/ Yoast SEO plugin. -->","yoast_head_json":{"title":"Lamborghini Urraco P250 - Piston Addict","robots":{"index":"index","follow":"follow","max-snippet":"max-snippet:-1","max-image-preview":"max-image-preview:large","max-video-preview":"max-video-preview:-1"},"canonical":"https:\/\/pistonaddict.com\/fr\/product\/lamborghini-urraco-p250\/","og_locale":"fr_FR","og_type":"article","og_title":"Lamborghini Urraco P250 - Piston Addict","og_description":"Nomm\u00e9e d'apr\u00e8s une race de taureaux de combat de Miura, l'Urraco est une voiture de sport fabriqu\u00e9e par Lamborghini entre 1972 et 1979. Cette voiture \u00e0 quatre places, con\u00e7ue par Bertone, \u00e9tait destin\u00e9e \u00e0 affronter des concurrentes comme la Ferrari 308 GT4 et la l\u00e9gendaire Porsche 911. Pourtant, en d\u00e9pit de sa beaut\u00e9 et de sa facilit\u00e9 de conduite, l'Urraco n'a pas connu un grand succ\u00e8s commercial, avec seulement 791 voitures produites au cours des sept ann\u00e9es de sa fabrication. N\u00e9anmoins, une production aussi limit\u00e9e garantit l'exclusivit\u00e9, et ceux qui ach\u00e8teront cette Lambo argent\u00e9e disposeront d'un objet peu courant.","og_url":"https:\/\/pistonaddict.com\/fr\/product\/lamborghini-urraco-p250\/","og_site_name":"Piston Addict","article_modified_time":"2024-06-12T07:53:40+00:00","og_image":[{"width":2048,"height":1536,"url":"https:\/\/pistonaddict.com\/wp-content\/uploads\/2024\/06\/IMG-20231121-WA0182.jpg","type":"image\/jpeg"}],"twitter_card":"summary_large_image","twitter_misc":{"Dur\u00e9e de lecture estim\u00e9e":"3 minutes"},"schema":{"@context":"https:\/\/schema.org","@graph":[{"@type":"WebPage","@id":"https:\/\/pistonaddict.com\/fr\/product\/lamborghini-urraco-p250\/","url":"https:\/\/pistonaddict.com\/fr\/product\/lamborghini-urraco-p250\/","name":"Lamborghini Urraco P250 - Piston Addict","isPartOf":{"@id":"https:\/\/pistonaddict.com\/fr\/#website"},"primaryImageOfPage":{"@id":"https:\/\/pistonaddict.com\/fr\/product\/lamborghini-urraco-p250\/#primaryimage"},"image":{"@id":"https:\/\/pistonaddict.com\/fr\/product\/lamborghini-urraco-p250\/#primaryimage"},"thumbnailUrl":"https:\/\/pistonaddict.com\/wp-content\/uploads\/2024\/06\/IMG-20231121-WA0182.jpg","datePublished":"2024-06-11T15:05:07+00:00","dateModified":"2024-06-12T07:53:40+00:00","breadcrumb":{"@id":"https:\/\/pistonaddict.com\/fr\/product\/lamborghini-urraco-p250\/#breadcrumb"},"inLanguage":"fr-FR","potentialAction":[{"@type":"ReadAction","target":["https:\/\/pistonaddict.com\/fr\/product\/lamborghini-urraco-p250\/"]}]},{"@type":"ImageObject","inLanguage":"fr-FR","@id":"https:\/\/pistonaddict.com\/fr\/product\/lamborghini-urraco-p250\/#primaryimage","url":"https:\/\/pistonaddict.com\/wp-content\/uploads\/2024\/06\/IMG-20231121-WA0182.jpg","contentUrl":"https:\/\/pistonaddict.com\/wp-content\/uploads\/2024\/06\/IMG-20231121-WA0182.jpg","width":2048,"height":1536},{"@type":"BreadcrumbList","@id":"https:\/\/pistonaddict.com\/fr\/product\/lamborghini-urraco-p250\/#breadcrumb","itemListElement":[{"@type":"ListItem","position":1,"name":"Homepage","item":"https:\/\/pistonaddict.com\/fr\/page-daccueil\/"},{"@type":"ListItem","position":2,"name":"Auctions","item":"https:\/\/pistonaddict.com\/auctions-listing\/"},{"@type":"ListItem","position":3,"name":"Lamborghini Urraco P250"}]},{"@type":"WebSite","@id":"https:\/\/pistonaddict.com\/fr\/#website","url":"https:\/\/pistonaddict.com\/fr\/","name":"Piston Addict","description":"Only interesting vehicles","publisher":{"@id":"https:\/\/pistonaddict.com\/fr\/#organization"},"potentialAction":[{"@type":"SearchAction","target":{"@type":"EntryPoint","urlTemplate":"https:\/\/pistonaddict.com\/fr\/?s={search_term_string}"},"query-input":"required name=search_term_string"}],"inLanguage":"fr-FR"},{"@type":"Organization","@id":"https:\/\/pistonaddict.com\/fr\/#organization","name":"Piston Addict","url":"https:\/\/pistonaddict.com\/fr\/","logo":{"@type":"ImageObject","inLanguage":"fr-FR","@id":"https:\/\/pistonaddict.com\/fr\/#\/schema\/logo\/image\/","url":"https:\/\/pistonaddict.com\/wp-content\/uploads\/2022\/07\/logo-6.png","contentUrl":"https:\/\/pistonaddict.com\/wp-content\/uploads\/2022\/07\/logo-6.png","width":970,"height":200,"caption":"Piston Addict"},"image":{"@id":"https:\/\/pistonaddict.com\/fr\/#\/schema\/logo\/image\/"}}]}},"_links":{"self":[{"href":"https:\/\/pistonaddict.com\/fr\/wp-json\/wp\/v2\/product\/108787"}],"collection":[{"href":"https:\/\/pistonaddict.com\/fr\/wp-json\/wp\/v2\/product"}],"about":[{"href":"https:\/\/pistonaddict.com\/fr\/wp-json\/wp\/v2\/types\/product"}],"replies":[{"embeddable":true,"href":"https:\/\/pistonaddict.com\/fr\/wp-json\/wp\/v2\/comments?post=108787"}],"wp:featuredmedia":[{"embeddable":true,"href":"https:\/\/pistonaddict.com\/fr\/wp-json\/wp\/v2\/media\/108756"}],"wp:attachment":[{"href":"https:\/\/pistonaddict.com\/fr\/wp-json\/wp\/v2\/media?parent=108787"}],"wp:term":[{"taxonomy":"product_cat","embeddable":true,"href":"https:\/\/pistonaddict.com\/fr\/wp-json\/wp\/v2\/product_cat?post=108787"},{"taxonomy":"product_tag","embeddable":true,"href":"https:\/\/pistonaddict.com\/fr\/wp-json\/wp\/v2\/product_tag?post=108787"}],"curies":[{"name":"wp","href":"https:\/\/api.w.org\/{rel}","templated":true}]}}