{"id":104245,"date":"2024-05-17T11:16:20","date_gmt":"2024-05-17T09:16:20","guid":{"rendered":"https:\/\/pistonaddict.com\/product\/1979-pontiac-bonneville-brougham\/"},"modified":"2024-05-17T15:57:38","modified_gmt":"2024-05-17T13:57:38","slug":"1979-pontiac-bonneville-brougham","status":"publish","type":"product","link":"https:\/\/pistonaddict.com\/fr\/product\/1979-pontiac-bonneville-brougham\/","title":{"rendered":"1979 Pontiac Bonneville Brougham"},"content":{"rendered":"<p><strong>Histoire de l&#8217;automobile<\/strong><\/p>\n<p>Dans la nomenclature de GM, la Pontiac Bonneville occupe une place \u00e0 part. Bien qu&#8217;elle soit \u00e9troitement li\u00e9e aux Chevrolet Impala et Caprice plus banales, ses caract\u00e9ristiques de conception uniques, son luxe haut de gamme et ses performances la distinguent clairement du reste de la race. Depuis l&#8217;introduction du premier mod\u00e8le Bonneville en 1958, cette marque a toujours eu un attrait particulier pour les amateurs de voitures am\u00e9ricains. Bien que moins puissante que ses pr\u00e9d\u00e9cesseurs, la Bonneville 1979 \u00e9tait consid\u00e9r\u00e9e comme l&#8217;une des meilleures berlines du march\u00e9 et le premier choix pour les amateurs avertis qui recherchent un m\u00e9lange de luxe et de performance. Cette sixi\u00e8me g\u00e9n\u00e9ration a \u00e9t\u00e9 introduite en 1977 et vendue jusqu&#8217;en 1981 avant que GM ne la remplace par un mod\u00e8le plus petit et moins attrayant. C&#8217;est pourquoi cette Bonneville est si int\u00e9ressante. Il s&#8217;agit non seulement de l&#8217;une des derni\u00e8res vraies berlines Pontiac, mais aussi d&#8217;un exemplaire \u00e0 l&#8217;histoire unique et en parfait \u00e9tat. Comme il s&#8217;agit d&#8217;une Bonneville Brougham (mod\u00e8le haut de gamme), elle est \u00e9galement assez rare, et Pontiac n&#8217;en a produit qu&#8217;environ 17 300 exemplaires cette ann\u00e9e-l\u00e0. Sous le capot se trouve en option un V8 350 (5,7 litres) de 170 ch associ\u00e9 \u00e0 une transmission automatique \u00e0 4 rapports.<\/p>\n<p>Cet exemplaire particulier a \u00e9t\u00e9 vendu \u00e0 l&#8217;origine au Mexique en 1979 et import\u00e9 imm\u00e9diatement apr\u00e8s en Espagne. C&#8217;est pourquoi il dispose d&#8217;un compteur de vitesse en kilom\u00e8tres et d&#8217;autres d\u00e9tails sp\u00e9cifiques. Le propri\u00e9taire l&#8217;a import\u00e9e et l&#8217;a utilis\u00e9e sporadiquement, de sorte que la voiture n&#8217;a parcouru que 31 000 kilom\u00e8tres. Le propri\u00e9taire actuel l&#8217;a acquise en 2019 aupr\u00e8s de la famille du propri\u00e9taire d&#8217;origine et a restaur\u00e9 le v\u00e9hicule (peinture et quelques d\u00e9tails), ce qui a remis cette berline recherch\u00e9e dans un \u00e9tat neuf.<\/p>\n<p><strong>Int\u00e9rieur<\/strong><\/p>\n<p>Lorsque vous vous installez au volant d&#8217;une Pontiac Bonneville 1979, votre id\u00e9e de ce qu&#8217;est un int\u00e9rieur de luxe change imm\u00e9diatement. Les si\u00e8ges en velours massifs et confortables, l&#8217;espace int\u00e9rieur consid\u00e9rable, les d\u00e9tails chrom\u00e9s et le silence sont in\u00e9gal\u00e9s, m\u00eame par de nombreuses autres voitures. La sellerie et les tapis couleur caramel s&#8217;accordent parfaitement avec les inserts en bois et la couleur ext\u00e9rieure, et constituent un excellent exemple de l&#8217;esth\u00e9tique de D\u00e9troit \u00e0 la fin des ann\u00e9es 70. Il s&#8217;agit \u00e9galement d&#8217;un v\u00e9hicule bien \u00e9quip\u00e9, avec des vitres et des r\u00e9troviseurs \u00e9lectriques, une climatisation automatique convertie au gaz moderne, une cha\u00eene st\u00e9r\u00e9o et un r\u00e9gulateur de vitesse. Tout fonctionne parfaitement et n&#8217;est pas endommag\u00e9.<\/p>\n<p><strong>\u00c9tat de la voiture<\/strong><\/p>\n<p>Avec exactement 31 619 kilom\u00e8tres au compteur, cette Bonneville Brougham a toujours \u00e9t\u00e9 gard\u00e9e au garage et sous une couverture unique lorsqu&#8217;elle n&#8217;\u00e9tait pas utilis\u00e9e. Gr\u00e2ce \u00e0 la r\u00e9cente remise en peinture dans sa couleur d&#8217;origine, nous pouvons affirmer que le v\u00e9hicule est dans un \u00e9tat neuf. Les d\u00e9tails chrom\u00e9s sont brillants, toutes les garnitures sont en parfait \u00e9tat, les roues sont d&#8217;origine et les pneus sont d&#8217;\u00e9poque. La voiture a \u00e9t\u00e9 r\u00e9vis\u00e9e, l&#8217;huile a \u00e9t\u00e9 chang\u00e9e et les freins ont \u00e9t\u00e9 r\u00e9vis\u00e9s en avril 2024, tandis que certains travaux \u00e9lectriques ont \u00e9t\u00e9 effectu\u00e9s en 2021. Compte tenu du kilom\u00e9trage, de l&#8217;\u00e9tat et de la providence, il pourrait s&#8217;agir de la meilleure Bonneville Brougham de 1979. Cette voiture a pass\u00e9 le contr\u00f4le technique ITV qui est valable jusqu&#8217;en 2028.<\/p>\n<p><strong>Ext\u00e9rieur et roues<\/strong><\/p>\n<p>La carrosserie est impeccable apr\u00e8s une nouvelle peinture professionnelle et correcte dans la couleur d&#8217;origine. La peinture a \u00e9t\u00e9 r\u00e9ussie car la carrosserie \u00e9tait parfaitement conserv\u00e9e et ne pr\u00e9sentait aucune trace de corrosion, de dommages ou de r\u00e9parations. Avec les roues grillag\u00e9es d&#8217;origine, le propri\u00e9taire a mont\u00e9 les pneus caract\u00e9ristiques et d&#8217;origine \u00e0 flancs blancs en 2021.<\/p>\n<p><strong>Documentation<\/strong><\/p>\n<p>Le v\u00e9hicule est situ\u00e9 en Espagne et est accompagn\u00e9 d&#8217;un dossier de documentation complet, comprenant les re\u00e7us d&#8217;entretien, la documentation de l&#8217;inspection espagnole du v\u00e9hicule, l&#8217;approbation du statut de voiture de collection, etc. Il n&#8217;existe aucune trace de dommages, de r\u00e9cup\u00e9ration de vols ou de demandes d&#8217;indemnisation. La documentation couvre le v\u00e9hicule depuis le premier jour et est remplie de preuves de soins exceptionnels.<\/p>\n<p><strong>D\u00e9couvrez la vid\u00e9o du d\u00e9marrage \u00e0 froid de cette Pontiac Bonneville immacul\u00e9e de 1979 :<\/strong><\/p>\n<p><iframe title=\"Cold Start Video of the incredible 1979 Pontiac Bonneville\" width=\"1200\" height=\"675\" src=\"https:\/\/www.youtube.com\/embed\/6DKO8uhEkN8?feature=oembed\" frameborder=\"0\" allow=\"accelerometer; autoplay; clipboard-write; encrypted-media; gyroscope; picture-in-picture; web-share\" referrerpolicy=\"strict-origin-when-cross-origin\" allowfullscreen><\/iframe><\/p>\n","protected":false},"excerpt":{"rendered":"<p>Dans l&#8217;histoire de l&#8217;automobile, Pontiac restera comme la marque la plus excitante de GM, avec une gamme de muscle cars puissants, des formes \u00e9l\u00e9gantes et des designs innovants. La Bonneville 1979 se situe au sommet de la gamme et marque la fin d&#8217;une \u00e9poque pour les berlines de grande taille. Avec un style in\u00e9gal\u00e9, beaucoup d&#8217;espace et un \u00e9ventail de caract\u00e9ristiques de luxe, cette berline est un exemple parfait d&#8217;une automobile am\u00e9ricaine classique.<\/p>\n","protected":false},"featured_media":104287,"comment_status":"open","ping_status":"closed","template":"","meta":{"inline_featured_image":false},"product_cat":[754],"product_tag":[3987,4058,921],"acf":[],"yoast_head":"<!-- This site is optimized with the Yoast SEO plugin v22.5 - https:\/\/yoast.com\/wordpress\/plugins\/seo\/ -->\n<title>1979 Pontiac Bonneville Brougham - Piston Addict<\/title>\n<meta name=\"robots\" content=\"index, follow, max-snippet:-1, max-image-preview:large, max-video-preview:-1\" \/>\n<link rel=\"canonical\" href=\"https:\/\/pistonaddict.com\/fr\/product\/1979-pontiac-bonneville-brougham\/\" \/>\n<meta property=\"og:locale\" content=\"fr_FR\" \/>\n<meta property=\"og:type\" content=\"article\" \/>\n<meta property=\"og:title\" content=\"1979 Pontiac Bonneville Brougham - Piston Addict\" \/>\n<meta property=\"og:description\" content=\"Dans l&#039;histoire de l&#039;automobile, Pontiac restera comme la marque la plus excitante de GM, avec une gamme de muscle cars puissants, des formes \u00e9l\u00e9gantes et des designs innovants. La Bonneville 1979 se situe au sommet de la gamme et marque la fin d&#039;une \u00e9poque pour les berlines de grande taille. Avec un style in\u00e9gal\u00e9, beaucoup d&#039;espace et un \u00e9ventail de caract\u00e9ristiques de luxe, cette berline est un exemple parfait d&#039;une automobile am\u00e9ricaine classique.\" \/>\n<meta property=\"og:url\" content=\"https:\/\/pistonaddict.com\/fr\/product\/1979-pontiac-bonneville-brougham\/\" \/>\n<meta property=\"og:site_name\" content=\"Piston Addict\" \/>\n<meta property=\"article:modified_time\" content=\"2024-05-17T13:57:38+00:00\" \/>\n<meta property=\"og:image\" content=\"https:\/\/pistonaddict.com\/wp-content\/uploads\/2024\/05\/5a7bfe0d-cda7-49a4-89d2-85a67cfe2d90-1.jpg\" \/>\n\t<meta property=\"og:image:width\" content=\"2016\" \/>\n\t<meta property=\"og:image:height\" content=\"1134\" \/>\n\t<meta property=\"og:image:type\" content=\"image\/jpeg\" \/>\n<meta name=\"twitter:card\" content=\"summary_large_image\" \/>\n<meta name=\"twitter:label1\" content=\"Dur\u00e9e de lecture estim\u00e9e\" \/>\n\t<meta name=\"twitter:data1\" content=\"4 minutes\" \/>\n<script type=\"application\/ld+json\" class=\"yoast-schema-graph\">{\"@context\":\"https:\/\/schema.org\",\"@graph\":[{\"@type\":\"WebPage\",\"@id\":\"https:\/\/pistonaddict.com\/fr\/product\/1979-pontiac-bonneville-brougham\/\",\"url\":\"https:\/\/pistonaddict.com\/fr\/product\/1979-pontiac-bonneville-brougham\/\",\"name\":\"1979 Pontiac Bonneville Brougham - Piston Addict\",\"isPartOf\":{\"@id\":\"https:\/\/pistonaddict.com\/fr\/#website\"},\"primaryImageOfPage\":{\"@id\":\"https:\/\/pistonaddict.com\/fr\/product\/1979-pontiac-bonneville-brougham\/#primaryimage\"},\"image\":{\"@id\":\"https:\/\/pistonaddict.com\/fr\/product\/1979-pontiac-bonneville-brougham\/#primaryimage\"},\"thumbnailUrl\":\"https:\/\/pistonaddict.com\/wp-content\/uploads\/2024\/05\/5a7bfe0d-cda7-49a4-89d2-85a67cfe2d90-1.jpg\",\"datePublished\":\"2024-05-17T09:16:20+00:00\",\"dateModified\":\"2024-05-17T13:57:38+00:00\",\"breadcrumb\":{\"@id\":\"https:\/\/pistonaddict.com\/fr\/product\/1979-pontiac-bonneville-brougham\/#breadcrumb\"},\"inLanguage\":\"fr-FR\",\"potentialAction\":[{\"@type\":\"ReadAction\",\"target\":[\"https:\/\/pistonaddict.com\/fr\/product\/1979-pontiac-bonneville-brougham\/\"]}]},{\"@type\":\"ImageObject\",\"inLanguage\":\"fr-FR\",\"@id\":\"https:\/\/pistonaddict.com\/fr\/product\/1979-pontiac-bonneville-brougham\/#primaryimage\",\"url\":\"https:\/\/pistonaddict.com\/wp-content\/uploads\/2024\/05\/5a7bfe0d-cda7-49a4-89d2-85a67cfe2d90-1.jpg\",\"contentUrl\":\"https:\/\/pistonaddict.com\/wp-content\/uploads\/2024\/05\/5a7bfe0d-cda7-49a4-89d2-85a67cfe2d90-1.jpg\",\"width\":2016,\"height\":1134},{\"@type\":\"BreadcrumbList\",\"@id\":\"https:\/\/pistonaddict.com\/fr\/product\/1979-pontiac-bonneville-brougham\/#breadcrumb\",\"itemListElement\":[{\"@type\":\"ListItem\",\"position\":1,\"name\":\"Homepage\",\"item\":\"https:\/\/pistonaddict.com\/fr\/page-daccueil\/\"},{\"@type\":\"ListItem\",\"position\":2,\"name\":\"Auctions\",\"item\":\"https:\/\/pistonaddict.com\/auctions-listing\/\"},{\"@type\":\"ListItem\",\"position\":3,\"name\":\"1979 Pontiac Bonneville Brougham\"}]},{\"@type\":\"WebSite\",\"@id\":\"https:\/\/pistonaddict.com\/fr\/#website\",\"url\":\"https:\/\/pistonaddict.com\/fr\/\",\"name\":\"Piston Addict\",\"description\":\"Only interesting vehicles\",\"publisher\":{\"@id\":\"https:\/\/pistonaddict.com\/fr\/#organization\"},\"potentialAction\":[{\"@type\":\"SearchAction\",\"target\":{\"@type\":\"EntryPoint\",\"urlTemplate\":\"https:\/\/pistonaddict.com\/fr\/?s={search_term_string}\"},\"query-input\":\"required name=search_term_string\"}],\"inLanguage\":\"fr-FR\"},{\"@type\":\"Organization\",\"@id\":\"https:\/\/pistonaddict.com\/fr\/#organization\",\"name\":\"Piston Addict\",\"url\":\"https:\/\/pistonaddict.com\/fr\/\",\"logo\":{\"@type\":\"ImageObject\",\"inLanguage\":\"fr-FR\",\"@id\":\"https:\/\/pistonaddict.com\/fr\/#\/schema\/logo\/image\/\",\"url\":\"https:\/\/pistonaddict.com\/wp-content\/uploads\/2022\/07\/logo-6.png\",\"contentUrl\":\"https:\/\/pistonaddict.com\/wp-content\/uploads\/2022\/07\/logo-6.png\",\"width\":970,\"height\":200,\"caption\":\"Piston Addict\"},\"image\":{\"@id\":\"https:\/\/pistonaddict.com\/fr\/#\/schema\/logo\/image\/\"}}]}<\/script>\n<!-- \/ Yoast SEO plugin. -->","yoast_head_json":{"title":"1979 Pontiac Bonneville Brougham - Piston Addict","robots":{"index":"index","follow":"follow","max-snippet":"max-snippet:-1","max-image-preview":"max-image-preview:large","max-video-preview":"max-video-preview:-1"},"canonical":"https:\/\/pistonaddict.com\/fr\/product\/1979-pontiac-bonneville-brougham\/","og_locale":"fr_FR","og_type":"article","og_title":"1979 Pontiac Bonneville Brougham - Piston Addict","og_description":"Dans l'histoire de l'automobile, Pontiac restera comme la marque la plus excitante de GM, avec une gamme de muscle cars puissants, des formes \u00e9l\u00e9gantes et des designs innovants. La Bonneville 1979 se situe au sommet de la gamme et marque la fin d'une \u00e9poque pour les berlines de grande taille. Avec un style in\u00e9gal\u00e9, beaucoup d'espace et un \u00e9ventail de caract\u00e9ristiques de luxe, cette berline est un exemple parfait d'une automobile am\u00e9ricaine classique.","og_url":"https:\/\/pistonaddict.com\/fr\/product\/1979-pontiac-bonneville-brougham\/","og_site_name":"Piston Addict","article_modified_time":"2024-05-17T13:57:38+00:00","og_image":[{"width":2016,"height":1134,"url":"https:\/\/pistonaddict.com\/wp-content\/uploads\/2024\/05\/5a7bfe0d-cda7-49a4-89d2-85a67cfe2d90-1.jpg","type":"image\/jpeg"}],"twitter_card":"summary_large_image","twitter_misc":{"Dur\u00e9e de lecture estim\u00e9e":"4 minutes"},"schema":{"@context":"https:\/\/schema.org","@graph":[{"@type":"WebPage","@id":"https:\/\/pistonaddict.com\/fr\/product\/1979-pontiac-bonneville-brougham\/","url":"https:\/\/pistonaddict.com\/fr\/product\/1979-pontiac-bonneville-brougham\/","name":"1979 Pontiac Bonneville Brougham - Piston Addict","isPartOf":{"@id":"https:\/\/pistonaddict.com\/fr\/#website"},"primaryImageOfPage":{"@id":"https:\/\/pistonaddict.com\/fr\/product\/1979-pontiac-bonneville-brougham\/#primaryimage"},"image":{"@id":"https:\/\/pistonaddict.com\/fr\/product\/1979-pontiac-bonneville-brougham\/#primaryimage"},"thumbnailUrl":"https:\/\/pistonaddict.com\/wp-content\/uploads\/2024\/05\/5a7bfe0d-cda7-49a4-89d2-85a67cfe2d90-1.jpg","datePublished":"2024-05-17T09:16:20+00:00","dateModified":"2024-05-17T13:57:38+00:00","breadcrumb":{"@id":"https:\/\/pistonaddict.com\/fr\/product\/1979-pontiac-bonneville-brougham\/#breadcrumb"},"inLanguage":"fr-FR","potentialAction":[{"@type":"ReadAction","target":["https:\/\/pistonaddict.com\/fr\/product\/1979-pontiac-bonneville-brougham\/"]}]},{"@type":"ImageObject","inLanguage":"fr-FR","@id":"https:\/\/pistonaddict.com\/fr\/product\/1979-pontiac-bonneville-brougham\/#primaryimage","url":"https:\/\/pistonaddict.com\/wp-content\/uploads\/2024\/05\/5a7bfe0d-cda7-49a4-89d2-85a67cfe2d90-1.jpg","contentUrl":"https:\/\/pistonaddict.com\/wp-content\/uploads\/2024\/05\/5a7bfe0d-cda7-49a4-89d2-85a67cfe2d90-1.jpg","width":2016,"height":1134},{"@type":"BreadcrumbList","@id":"https:\/\/pistonaddict.com\/fr\/product\/1979-pontiac-bonneville-brougham\/#breadcrumb","itemListElement":[{"@type":"ListItem","position":1,"name":"Homepage","item":"https:\/\/pistonaddict.com\/fr\/page-daccueil\/"},{"@type":"ListItem","position":2,"name":"Auctions","item":"https:\/\/pistonaddict.com\/auctions-listing\/"},{"@type":"ListItem","position":3,"name":"1979 Pontiac Bonneville Brougham"}]},{"@type":"WebSite","@id":"https:\/\/pistonaddict.com\/fr\/#website","url":"https:\/\/pistonaddict.com\/fr\/","name":"Piston Addict","description":"Only interesting vehicles","publisher":{"@id":"https:\/\/pistonaddict.com\/fr\/#organization"},"potentialAction":[{"@type":"SearchAction","target":{"@type":"EntryPoint","urlTemplate":"https:\/\/pistonaddict.com\/fr\/?s={search_term_string}"},"query-input":"required name=search_term_string"}],"inLanguage":"fr-FR"},{"@type":"Organization","@id":"https:\/\/pistonaddict.com\/fr\/#organization","name":"Piston Addict","url":"https:\/\/pistonaddict.com\/fr\/","logo":{"@type":"ImageObject","inLanguage":"fr-FR","@id":"https:\/\/pistonaddict.com\/fr\/#\/schema\/logo\/image\/","url":"https:\/\/pistonaddict.com\/wp-content\/uploads\/2022\/07\/logo-6.png","contentUrl":"https:\/\/pistonaddict.com\/wp-content\/uploads\/2022\/07\/logo-6.png","width":970,"height":200,"caption":"Piston Addict"},"image":{"@id":"https:\/\/pistonaddict.com\/fr\/#\/schema\/logo\/image\/"}}]}},"_links":{"self":[{"href":"https:\/\/pistonaddict.com\/fr\/wp-json\/wp\/v2\/product\/104245"}],"collection":[{"href":"https:\/\/pistonaddict.com\/fr\/wp-json\/wp\/v2\/product"}],"about":[{"href":"https:\/\/pistonaddict.com\/fr\/wp-json\/wp\/v2\/types\/product"}],"replies":[{"embeddable":true,"href":"https:\/\/pistonaddict.com\/fr\/wp-json\/wp\/v2\/comments?post=104245"}],"wp:featuredmedia":[{"embeddable":true,"href":"https:\/\/pistonaddict.com\/fr\/wp-json\/wp\/v2\/media\/104287"}],"wp:attachment":[{"href":"https:\/\/pistonaddict.com\/fr\/wp-json\/wp\/v2\/media?parent=104245"}],"wp:term":[{"taxonomy":"product_cat","embeddable":true,"href":"https:\/\/pistonaddict.com\/fr\/wp-json\/wp\/v2\/product_cat?post=104245"},{"taxonomy":"product_tag","embeddable":true,"href":"https:\/\/pistonaddict.com\/fr\/wp-json\/wp\/v2\/product_tag?post=104245"}],"curies":[{"name":"wp","href":"https:\/\/api.w.org\/{rel}","templated":true}]}}