{"id":51257,"date":"2022-04-28T09:17:25","date_gmt":"2022-04-28T07:17:25","guid":{"rendered":"https:\/\/pistonaddict.com\/page-daccueil\/"},"modified":"2024-05-17T17:25:39","modified_gmt":"2024-05-17T15:25:39","slug":"page-daccueil","status":"publish","type":"page","link":"https:\/\/pistonaddict.com\/fr\/","title":{"rendered":"Page d&#8217;accueil"},"content":{"rendered":"","protected":false},"excerpt":{"rendered":"","protected":false},"author":1,"featured_media":0,"parent":0,"menu_order":0,"comment_status":"closed","ping_status":"closed","template":"template-parts\/tpl-accueil.php","meta":{"inline_featured_image":false,"footnotes":""},"acf":[],"yoast_head":"<!-- This site is optimized with the Yoast SEO plugin v22.5 - https:\/\/yoast.com\/wordpress\/plugins\/seo\/ -->\n<title>Piston Addict : March\u00e9 de l&#039;automobile aux ench\u00e8res en ligne<\/title>\n<meta name=\"description\" content=\"Piston Addict Auctions est la place de march\u00e9 internationale des v\u00e9hicules anciens et classiques. Vendez et achetez aux ench\u00e8res le v\u00e9hicule de vos r\u00eaves sur Piston Addict, uniquement des v\u00e9hicules int\u00e9ressants, de la moto vintage aux hypercars. Vous pouvez \u00e9galement vous informer sur votre prochain v\u00e9hicule gr\u00e2ce aux articles automobiles de Piston Addict r\u00e9dig\u00e9s par nos journalistes automobiles et poser des questions \u00e0 la communaut\u00e9 Piston Addict.\" \/>\n<meta name=\"robots\" content=\"index, follow, max-snippet:-1, max-image-preview:large, max-video-preview:-1\" \/>\n<link rel=\"canonical\" href=\"https:\/\/pistonaddict.com\/fr\/\" \/>\n<meta property=\"og:locale\" content=\"fr_FR\" \/>\n<meta property=\"og:type\" content=\"article\" \/>\n<meta property=\"og:title\" content=\"Piston Addict : March\u00e9 de l&#039;automobile aux ench\u00e8res en ligne\" \/>\n<meta property=\"og:description\" content=\"Piston Addict Auctions est la place de march\u00e9 internationale des v\u00e9hicules anciens et classiques. Vendez et achetez aux ench\u00e8res le v\u00e9hicule de vos r\u00eaves sur Piston Addict, uniquement des v\u00e9hicules int\u00e9ressants, de la moto vintage aux hypercars. Vous pouvez \u00e9galement vous informer sur votre prochain v\u00e9hicule gr\u00e2ce aux articles automobiles de Piston Addict r\u00e9dig\u00e9s par nos journalistes automobiles et poser des questions \u00e0 la communaut\u00e9 Piston Addict.\" \/>\n<meta property=\"og:url\" content=\"https:\/\/pistonaddict.com\/fr\/\" \/>\n<meta property=\"og:site_name\" content=\"Piston Addict\" \/>\n<meta property=\"article:modified_time\" content=\"2024-05-17T15:25:39+00:00\" \/>\n<meta name=\"twitter:card\" content=\"summary_large_image\" \/>\n<script type=\"application\/ld+json\" class=\"yoast-schema-graph\">{\"@context\":\"https:\/\/schema.org\",\"@graph\":[{\"@type\":\"WebPage\",\"@id\":\"https:\/\/pistonaddict.com\/fr\/\",\"url\":\"https:\/\/pistonaddict.com\/fr\/\",\"name\":\"Piston Addict : March\u00e9 de l'automobile aux ench\u00e8res en ligne\",\"isPartOf\":{\"@id\":\"https:\/\/pistonaddict.com\/fr\/#website\"},\"datePublished\":\"2022-04-28T07:17:25+00:00\",\"dateModified\":\"2024-05-17T15:25:39+00:00\",\"description\":\"Piston Addict Auctions est la place de march\u00e9 internationale des v\u00e9hicules anciens et classiques. Vendez et achetez aux ench\u00e8res le v\u00e9hicule de vos r\u00eaves sur Piston Addict, uniquement des v\u00e9hicules int\u00e9ressants, de la moto vintage aux hypercars. Vous pouvez \u00e9galement vous informer sur votre prochain v\u00e9hicule gr\u00e2ce aux articles automobiles de Piston Addict r\u00e9dig\u00e9s par nos journalistes automobiles et poser des questions \u00e0 la communaut\u00e9 Piston Addict.\",\"breadcrumb\":{\"@id\":\"https:\/\/pistonaddict.com\/fr\/#breadcrumb\"},\"inLanguage\":\"fr-FR\",\"potentialAction\":[{\"@type\":\"ReadAction\",\"target\":[\"https:\/\/pistonaddict.com\/fr\/\"]}]},{\"@type\":\"BreadcrumbList\",\"@id\":\"https:\/\/pistonaddict.com\/fr\/#breadcrumb\",\"itemListElement\":[{\"@type\":\"ListItem\",\"position\":1,\"name\":\"Homepage\",\"item\":\"https:\/\/pistonaddict.com\/fr\/page-daccueil\/\"},{\"@type\":\"ListItem\",\"position\":2,\"name\":\"Page d&#8217;accueil\"}]},{\"@type\":\"WebSite\",\"@id\":\"https:\/\/pistonaddict.com\/fr\/#website\",\"url\":\"https:\/\/pistonaddict.com\/fr\/\",\"name\":\"Piston Addict\",\"description\":\"Only interesting vehicles\",\"publisher\":{\"@id\":\"https:\/\/pistonaddict.com\/fr\/#organization\"},\"potentialAction\":[{\"@type\":\"SearchAction\",\"target\":{\"@type\":\"EntryPoint\",\"urlTemplate\":\"https:\/\/pistonaddict.com\/fr\/?s={search_term_string}\"},\"query-input\":\"required name=search_term_string\"}],\"inLanguage\":\"fr-FR\"},{\"@type\":\"Organization\",\"@id\":\"https:\/\/pistonaddict.com\/fr\/#organization\",\"name\":\"Piston Addict\",\"url\":\"https:\/\/pistonaddict.com\/fr\/\",\"logo\":{\"@type\":\"ImageObject\",\"inLanguage\":\"fr-FR\",\"@id\":\"https:\/\/pistonaddict.com\/fr\/#\/schema\/logo\/image\/\",\"url\":\"https:\/\/pistonaddict.com\/wp-content\/uploads\/2022\/07\/logo-6.png\",\"contentUrl\":\"https:\/\/pistonaddict.com\/wp-content\/uploads\/2022\/07\/logo-6.png\",\"width\":970,\"height\":200,\"caption\":\"Piston Addict\"},\"image\":{\"@id\":\"https:\/\/pistonaddict.com\/fr\/#\/schema\/logo\/image\/\"}}]}<\/script>\n<!-- \/ Yoast SEO plugin. -->","yoast_head_json":{"title":"Piston Addict : March\u00e9 de l'automobile aux ench\u00e8res en ligne","description":"Piston Addict Auctions est la place de march\u00e9 internationale des v\u00e9hicules anciens et classiques. Vendez et achetez aux ench\u00e8res le v\u00e9hicule de vos r\u00eaves sur Piston Addict, uniquement des v\u00e9hicules int\u00e9ressants, de la moto vintage aux hypercars. Vous pouvez \u00e9galement vous informer sur votre prochain v\u00e9hicule gr\u00e2ce aux articles automobiles de Piston Addict r\u00e9dig\u00e9s par nos journalistes automobiles et poser des questions \u00e0 la communaut\u00e9 Piston Addict.","robots":{"index":"index","follow":"follow","max-snippet":"max-snippet:-1","max-image-preview":"max-image-preview:large","max-video-preview":"max-video-preview:-1"},"canonical":"https:\/\/pistonaddict.com\/fr\/","og_locale":"fr_FR","og_type":"article","og_title":"Piston Addict : March\u00e9 de l'automobile aux ench\u00e8res en ligne","og_description":"Piston Addict Auctions est la place de march\u00e9 internationale des v\u00e9hicules anciens et classiques. Vendez et achetez aux ench\u00e8res le v\u00e9hicule de vos r\u00eaves sur Piston Addict, uniquement des v\u00e9hicules int\u00e9ressants, de la moto vintage aux hypercars. Vous pouvez \u00e9galement vous informer sur votre prochain v\u00e9hicule gr\u00e2ce aux articles automobiles de Piston Addict r\u00e9dig\u00e9s par nos journalistes automobiles et poser des questions \u00e0 la communaut\u00e9 Piston Addict.","og_url":"https:\/\/pistonaddict.com\/fr\/","og_site_name":"Piston Addict","article_modified_time":"2024-05-17T15:25:39+00:00","twitter_card":"summary_large_image","schema":{"@context":"https:\/\/schema.org","@graph":[{"@type":"WebPage","@id":"https:\/\/pistonaddict.com\/fr\/","url":"https:\/\/pistonaddict.com\/fr\/","name":"Piston Addict : March\u00e9 de l'automobile aux ench\u00e8res en ligne","isPartOf":{"@id":"https:\/\/pistonaddict.com\/fr\/#website"},"datePublished":"2022-04-28T07:17:25+00:00","dateModified":"2024-05-17T15:25:39+00:00","description":"Piston Addict Auctions est la place de march\u00e9 internationale des v\u00e9hicules anciens et classiques. Vendez et achetez aux ench\u00e8res le v\u00e9hicule de vos r\u00eaves sur Piston Addict, uniquement des v\u00e9hicules int\u00e9ressants, de la moto vintage aux hypercars. Vous pouvez \u00e9galement vous informer sur votre prochain v\u00e9hicule gr\u00e2ce aux articles automobiles de Piston Addict r\u00e9dig\u00e9s par nos journalistes automobiles et poser des questions \u00e0 la communaut\u00e9 Piston Addict.","breadcrumb":{"@id":"https:\/\/pistonaddict.com\/fr\/#breadcrumb"},"inLanguage":"fr-FR","potentialAction":[{"@type":"ReadAction","target":["https:\/\/pistonaddict.com\/fr\/"]}]},{"@type":"BreadcrumbList","@id":"https:\/\/pistonaddict.com\/fr\/#breadcrumb","itemListElement":[{"@type":"ListItem","position":1,"name":"Homepage","item":"https:\/\/pistonaddict.com\/fr\/page-daccueil\/"},{"@type":"ListItem","position":2,"name":"Page d&#8217;accueil"}]},{"@type":"WebSite","@id":"https:\/\/pistonaddict.com\/fr\/#website","url":"https:\/\/pistonaddict.com\/fr\/","name":"Piston Addict","description":"Only interesting vehicles","publisher":{"@id":"https:\/\/pistonaddict.com\/fr\/#organization"},"potentialAction":[{"@type":"SearchAction","target":{"@type":"EntryPoint","urlTemplate":"https:\/\/pistonaddict.com\/fr\/?s={search_term_string}"},"query-input":"required name=search_term_string"}],"inLanguage":"fr-FR"},{"@type":"Organization","@id":"https:\/\/pistonaddict.com\/fr\/#organization","name":"Piston Addict","url":"https:\/\/pistonaddict.com\/fr\/","logo":{"@type":"ImageObject","inLanguage":"fr-FR","@id":"https:\/\/pistonaddict.com\/fr\/#\/schema\/logo\/image\/","url":"https:\/\/pistonaddict.com\/wp-content\/uploads\/2022\/07\/logo-6.png","contentUrl":"https:\/\/pistonaddict.com\/wp-content\/uploads\/2022\/07\/logo-6.png","width":970,"height":200,"caption":"Piston Addict"},"image":{"@id":"https:\/\/pistonaddict.com\/fr\/#\/schema\/logo\/image\/"}}]}},"_links":{"self":[{"href":"https:\/\/pistonaddict.com\/fr\/wp-json\/wp\/v2\/pages\/51257"}],"collection":[{"href":"https:\/\/pistonaddict.com\/fr\/wp-json\/wp\/v2\/pages"}],"about":[{"href":"https:\/\/pistonaddict.com\/fr\/wp-json\/wp\/v2\/types\/page"}],"author":[{"embeddable":true,"href":"https:\/\/pistonaddict.com\/fr\/wp-json\/wp\/v2\/users\/1"}],"replies":[{"embeddable":true,"href":"https:\/\/pistonaddict.com\/fr\/wp-json\/wp\/v2\/comments?post=51257"}],"version-history":[{"count":1,"href":"https:\/\/pistonaddict.com\/fr\/wp-json\/wp\/v2\/pages\/51257\/revisions"}],"predecessor-version":[{"id":79337,"href":"https:\/\/pistonaddict.com\/fr\/wp-json\/wp\/v2\/pages\/51257\/revisions\/79337"}],"wp:attachment":[{"href":"https:\/\/pistonaddict.com\/fr\/wp-json\/wp\/v2\/media?parent=51257"}],"curies":[{"name":"wp","href":"https:\/\/api.w.org\/{rel}","templated":true}]}}