{"id":339,"date":"2022-04-29T11:19:54","date_gmt":"2022-04-29T09:19:54","guid":{"rendered":"https:\/\/pistonaddict.com\/?page_id=339"},"modified":"2022-05-05T14:38:46","modified_gmt":"2022-05-05T12:38:46","slug":"politique-de-confidentialite","status":"publish","type":"page","link":"https:\/\/pistonaddict.com\/fr\/politique-de-confidentialite\/","title":{"rendered":"Politique de confidentialit\u00e9"},"content":{"rendered":"\t\t<div data-elementor-type=\"wp-page\" data-elementor-id=\"339\" class=\"elementor elementor-339\">\n\t\t\t\t\t\t<section class=\"elementor-section elementor-top-section elementor-element elementor-element-82c15da elementor-section-boxed elementor-section-height-default elementor-section-height-default\" data-id=\"82c15da\" data-element_type=\"section\">\n\t\t\t\t\t\t<div class=\"elementor-container elementor-column-gap-default\">\n\t\t\t\t\t<div class=\"elementor-column elementor-col-100 elementor-top-column elementor-element elementor-element-ddaf1f1\" data-id=\"ddaf1f1\" data-element_type=\"column\">\n\t\t\t<div class=\"elementor-widget-wrap elementor-element-populated\">\n\t\t\t\t\t\t<div class=\"elementor-element elementor-element-25741e6 elementor-widget elementor-widget-text-editor\" data-id=\"25741e6\" data-element_type=\"widget\" data-widget_type=\"text-editor.default\">\n\t\t\t\t<div class=\"elementor-widget-container\">\n\t\t\t<style>\/*! elementor - v3.21.0 - 18-04-2024 *\/\n.elementor-widget-text-editor.elementor-drop-cap-view-stacked .elementor-drop-cap{background-color:#69727d;color:#fff}.elementor-widget-text-editor.elementor-drop-cap-view-framed .elementor-drop-cap{color:#69727d;border:3px solid;background-color:transparent}.elementor-widget-text-editor:not(.elementor-drop-cap-view-default) .elementor-drop-cap{margin-top:8px}.elementor-widget-text-editor:not(.elementor-drop-cap-view-default) .elementor-drop-cap-letter{width:1em;height:1em}.elementor-widget-text-editor .elementor-drop-cap{float:left;text-align:center;line-height:1;font-size:50px}.elementor-widget-text-editor .elementor-drop-cap-letter{display:inline-block}<\/style>\t\t\t\t<p> <\/p><p>La politique de confidentialit\u00e9 a pour objectif de vous pr\u00e9senter la fa\u00e7on dont <strong>Piston Addict<\/strong> utilise, g\u00e8re et prot\u00e8ge les informations personnelles que vous avez pu transmettre \u00e0 l&#8217;entreprise dans le cadre de l&#8217;utilisation de son site Internet : https:\/\/www.pistonaddict.com. Cette politique de confidentialit\u00e9 est bas\u00e9e sur les obligations de l&#8217;\u00e9diteur du site Internet, telles que d\u00e9finies par le R\u00e8glement G\u00e9n\u00e9ral sur la Protection des Donn\u00e9es (RGPD), pour tout ce qui concerne le consentement \u00e0 la collecte des donn\u00e9es personnelles, la protection et la s\u00e9curit\u00e9 des donn\u00e9es personnelles, le respect de vos droits en mati\u00e8re d&#8217;acc\u00e8s, de rectification, de traitement, de portabilit\u00e9 et de suppression de vos donn\u00e9es.<\/p><p>La politique de confidentialit\u00e9 de <strong>Piston Addict<\/strong> pourra \u00eatre modifi\u00e9e en fonction d&#8217;\u00e9ventuels changements dans les cadres l\u00e9gislatifs (RGPD), r\u00e9glementaires et jurisprudentiels qui d\u00e9terminent son \u00e9volution et sa mise en application.<\/p><div class=\"vc_row wpb_row vc_row-fluid row_bg_bottom vc_custom_1496737831361\"> <\/div><div class=\"wpb_column vc_column_container vc_col-sm-12\"><div class=\"vc_column-inner\"><div class=\"wpb_wrapper\"> <\/div><\/div><\/div><div class=\"cms-custom-heading-wrap heading2 text-left vc_custom_heading heading2_uppercase \"><h2 class=\"cmsc-custom-heading vc_custom_heading\">1\u00b0 LA COLLECTE DES DONN\u00c9ES PERSONNELLES<\/h2><\/div><div class=\"wpb_text_column wpb_content_element vc_custom_1621498045904 cms_text_block\"><div class=\"wpb_wrapper \"> <\/div><\/div><p>Il est tout \u00e0 fait possible de naviguer sur le site https:\/\/www.pistonaddict.com sans divulguer vos informations personnelles \u00e0 l&#8217;\u00e9diteur du site Internet, avec les limites que cela impose en mati\u00e8re d&#8217;acc\u00e8s \u00e0 une partie des informations et des services propos\u00e9s.<\/p><p>La fourniture d&#8217;informations personnelles (nom et pr\u00e9nom, nom de la soci\u00e9t\u00e9, fonction dans l&#8217;entreprise, adresse e-mail, num\u00e9ro de ligne t\u00e9l\u00e9phonique professionnelle\u2026) \u00e0 <strong>Piston Addict<\/strong> est une obligation si vous souhaitez recevoir un devis, prendre contact ou demandeur d&#8217;informations.<\/p><p>Vous d\u00e9clarez donc le principe de leur collecte aux fins d\u00e9crites dans les formulaires ainsi que dans le paragraphe \u00ab Les finalit\u00e9s du traitement des donn\u00e9es \u00bb. L&#8217;\u00e9diteur collecte \u00e9galement des donn\u00e9es \u00e0 caract\u00e8re personnel via le diffuseur de fichiers de connexion, dans le respect de la l\u00e9gislation en vigueur concernant l&#8217;utilisation des cookies.<\/p><div class=\"vc_row wpb_row vc_row-fluid row_bg_bottom vc_custom_1496737831361\"> <\/div><div class=\"wpb_column vc_column_container vc_col-sm-12\"><div class=\"vc_column-inner\"><div class=\"wpb_wrapper\"> <\/div><\/div><\/div><div class=\"cms-custom-heading-wrap heading2 text-left vc_custom_heading heading2_uppercase \"><h2 class=\"cmsc-custom-heading vc_custom_heading\">2\u00b0 LA S\u00c9CURISATION DES DONN\u00c9ES PERSONNELLES<\/h2><\/div><p><strong>Piston Addict<\/strong> met en \u0153uvre toute une vari\u00e9t\u00e9 de mesures de s\u00e9curit\u00e9 pour pr\u00e9server la s\u00e9curit\u00e9 de vos informations personnelles :<\/p><ul><li>utilisation d&#8217;un cryptage \u00e0 la pointe de la technologie pour prot\u00e9ger vos donn\u00e9es personnelles transmises en ligne,<\/li><li>les cookies analytiques permettent de comptabiliser les internautes tout en analysant leur comportement durant la visite du site Internet afin de g\u00e9n\u00e9rer des statistiques de fr\u00e9quentation,<\/li><li>utilisation d&#8217;ordinateurs et de serveurs dans un environnement s\u00e9curis\u00e9 pour stocker et traiter vos donn\u00e9es,<\/li><li>acc\u00e8s aux informations personnelles restreintes pour les employ\u00e9s ayant besoin d&#8217;effectuer un travail sp\u00e9cifique (facturation\u2026).<\/li><\/ul><div class=\"vc_row wpb_row vc_row-fluid row_bg_bottom vc_custom_1496737831361\"> <\/div><div class=\"wpb_column vc_column_container vc_col-sm-12\"><div class=\"vc_column-inner\"><div class=\"wpb_wrapper\"> <\/div><\/div><\/div><div class=\"cms-custom-heading-wrap heading2 text-left vc_custom_heading heading2_uppercase \"><h2 class=\"cmsc-custom-heading vc_custom_heading\">3\u00b0 LE TRAITEMENT DES DONN\u00c9ES PERSONNELLES<\/h2><\/div><div class=\"wpb_text_column wpb_content_element vc_custom_1621498045904 cms_text_block\"><div class=\"wpb_wrapper \"> <\/div><\/div><p><strong>Piston Addict<\/strong> a une politique tr\u00e8s stricte de traitement des donn\u00e9es personnelles consistant \u00e0 ne jamais les c\u00e9der, les pr\u00eater, les louer ou les revendre \u00e0 des organisations tierces.<\/p><p>Tous les traitements de vos donn\u00e9es \u00e0 caract\u00e8re personnel fournis sur le site Internet https:\/\/www.pistonaddict.com sont directement r\u00e9alis\u00e9s par les membres de l&#8217;\u00e9quipe d&#8217; <strong>Efficiency<\/strong> habilit\u00e9s \u00e0 cet effet.<\/p><p>Vous acceptez donc le principe du traitement de vos informations personnelles aux fins d\u00e9crites dans les formulaires de contact, de cr\u00e9ation\/gestion de compte ainsi que dans le paragraphe ci-dessous afin que nous comprenions au mieux vos besoins en mati\u00e8res de produits et de services.<\/p><div class=\"vc_row wpb_row vc_row-fluid row_bg_bottom vc_custom_1496737831361\"> <\/div><div class=\"wpb_column vc_column_container vc_col-sm-12\"><div class=\"vc_column-inner\"><div class=\"wpb_wrapper\"> <\/div><\/div><\/div><div class=\"cms-custom-heading-wrap heading2 text-left vc_custom_heading heading2_uppercase \"><h2 class=\"cmsc-custom-heading vc_custom_heading\">4\u00b0 LES FINALIT\u00c9S DU TRAITEMENT DES DONN\u00c9ES<\/h2><\/div><div class=\"wpb_text_column wpb_content_element vc_custom_1621498045904 cms_text_block\"><div class=\"wpb_wrapper \"> <\/div><\/div><p><strong>Piston Addict<\/strong> r\u00e9alise des traitements manuels ou automatis\u00e9s de vos donn\u00e9es personnelles en fonction de finalit\u00e9s pr\u00e9cises&nbsp;:<\/p><ul><li>Les donn\u00e9es fournies via les formulaires de saisie d&#8217;informations sur le site Internet (prise de contact, demande de devis, recrutement) sont utilis\u00e9es pour envoyer des devis, cr\u00e9er ou d\u00e9velopper une relation commerciale, recruter des stagiaires et\/ou des salari\u00e9s.<\/li><li>Les donn\u00e9es n\u00e9cessaires lors de la lecture de vid\u00e9os post\u00e9es sur des plateformes sp\u00e9cialis\u00e9es sont n\u00e9cessaires pour pouvoir acc\u00e9der \u00e0 ces sites tiers et en ex\u00e9cuter les demandes.<\/li><li>Les donn\u00e9es n\u00e9cessaires lors de l&#8217;utilisation des boutons d&#8217;acc\u00e8s aux r\u00e9seaux sociaux sont n\u00e9cessaires pour pouvoir ex\u00e9cuter les demandes de ces sites tiers.<\/li><\/ul><div class=\"vc_row wpb_row vc_row-fluid row_bg_bottom vc_custom_1496737831361\"> <\/div><div class=\"wpb_column vc_column_container vc_col-sm-12\"><div class=\"vc_column-inner\"><div class=\"wpb_wrapper\"> <\/div><\/div><\/div><div class=\"cms-custom-heading-wrap heading2 text-left vc_custom_heading heading2_uppercase \"><h2 class=\"cmsc-custom-heading vc_custom_heading\">5\u00b0 LE RECUEIL DU CONSENTEMENT \u00c0 LA COLLECTE DES DONN\u00c9ES<\/h2><\/div><div class=\"wpb_text_column wpb_content_element vc_custom_1621498045904 cms_text_block\"><div class=\"wpb_wrapper \"> <\/div><\/div><p>Pour tous les types de collectes de donn\u00e9es personnelles via son site Internet, <strong>Piston Addict<\/strong> utilise des dispositifs permettant de recevoir votre consentement de mani\u00e8re explicite :<\/p><ul><li>pour l&#8217;acceptation de la collecte de donn\u00e9es lors du remplissage des formulaires de contact,<\/li><li>pour l&#8217;acceptation des cookies lors de l&#8217;affichage du bandeau d&#8217;avertissement.<\/li><\/ul><p><strong>Piston Addict<\/strong> sauvegarde les recueils de consentement \u00e0 la collecte des donn\u00e9es personnelles afin de pouvoir les mettre \u00e0 disposition de la CNIL et de tout autre organisme de contr\u00f4le sur simple demande.<\/p><div class=\"vc_row wpb_row vc_row-fluid row_bg_bottom vc_custom_1496737831361\"> <\/div><div class=\"wpb_column vc_column_container vc_col-sm-12\"><div class=\"vc_column-inner\"><div class=\"wpb_wrapper\"> <\/div><\/div><\/div><div class=\"cms-custom-heading-wrap heading2 text-left vc_custom_heading heading2_uppercase \"><h2 class=\"cmsc-custom-heading vc_custom_heading\">6\u00b0 LA DUR\u00c9E DE CONSERVATION DES DONN\u00c9ES PERSONNELLES<\/h2><\/div><div class=\"wpb_text_column wpb_content_element vc_custom_1621498045904 cms_text_block\"><div class=\"wpb_wrapper \"> <\/div><\/div><p>La dur\u00e9e de conservation de vos donn\u00e9es personnelles varie en fonction de leur nature et de la technologie utilis\u00e9e pour leur collecte&nbsp;:<\/p><ul><li>pour toutes vos donn\u00e9es personnelles impos\u00e9es par cookies la dur\u00e9e de conservation est de 13 mois au maximum,<\/li><li>pour toutes vos donn\u00e9es requises par un formulaire la dur\u00e9e de conservation ne saurait exc\u00e9der 36 mois.<\/li><\/ul><div class=\"vc_row wpb_row vc_row-fluid row_bg_bottom vc_custom_1496737831361\"> <\/div><div class=\"wpb_column vc_column_container vc_col-sm-12\"><div class=\"vc_column-inner\"><div class=\"wpb_wrapper\"> <\/div><\/div><\/div><div class=\"cms-custom-heading-wrap heading2 text-left vc_custom_heading heading2_uppercase \"><h2 class=\"cmsc-custom-heading vc_custom_heading\">7\u00b0 LE TRANSFERT DES DONN\u00c9ES PERSONNELLES<\/h2><\/div><div class=\"wpb_text_column wpb_content_element vc_custom_1621498045904 cms_text_block\"><div class=\"wpb_wrapper \"> <\/div><\/div><p><strong>Piston Addict<\/strong> n&#8217;effectue pas de transfert de vos donn\u00e9es personnelles vers des pays tiers, qu&#8217;elles soient situ\u00e9es \u00e0 l&#8217;int\u00e9rieur ou \u00e0 l&#8217;ext\u00e9rieur de l&#8217;Union Europ\u00e9enne.<\/p><div class=\"vc_row wpb_row vc_row-fluid row_bg_bottom vc_custom_1496737831361\"> <\/div><div class=\"wpb_column vc_column_container vc_col-sm-12\"><div class=\"vc_column-inner\"><div class=\"wpb_wrapper\"> <\/div><\/div><\/div><div class=\"cms-custom-heading-wrap heading2 text-left vc_custom_heading heading2_uppercase \"><h2 class=\"cmsc-custom-heading vc_custom_heading\">8\u00b0 LES PRESTATAIRES HABILIT\u00c9S<\/h2><\/div><div class=\"wpb_text_column wpb_content_element vc_custom_1621498045904 cms_text_block\"><div class=\"wpb_wrapper \"> <\/div><\/div><p><strong>Piston Addict<\/strong> utilise les services de prestataires habilit\u00e9s pour faciliter le traitement des donn\u00e9es personnelles que vous utilisez sur le site Internet.<\/p><div class=\"wpb_column vc_column_container vc_col-sm-12\"><div class=\"vc_column-inner\"><div class=\"wpb_wrapper\"> <\/div><\/div><\/div><div class=\"cms-custom-heading-wrap heading2 text-left vc_custom_heading heading2_uppercase \"><h2 class=\"cmsc-custom-heading vc_custom_heading\">9\u00b0 L&#8217;EXERCICE DES DROITS DES INTERNAUTES<\/h2><\/div><div class=\"wpb_text_column wpb_content_element vc_custom_1621498045904 cms_text_block\"><div class=\"wpb_wrapper \"> <\/div><\/div><p>Conform\u00e9ment au R\u00e8glement G\u00e9n\u00e9ral sur la Protection des Donn\u00e9es adopt\u00e9 par le Parlement europ\u00e9en le 14 avril 2016, et \u00e0 la Loi Informatique et Libert\u00e9s du 6 janvier 1978 modifi\u00e9e, vous b\u00e9n\u00e9ficiez d&#8217;un ensemble de droits relatifs \u00e0 vos donn\u00e9es personnelles.<\/p><p>Vous pouvez exercer ces droits en vous adressant directement \u00e0 l&#8217;\u00e9diteur du site Internet :<\/p><ul><li>par courrier : <strong>Piston Addict<\/strong> \u2013 <\/li><li>par telephone : <\/li><li>par e-mail : <\/li><\/ul><h3>9.1\u00b0 Le droit d&#8217;acc\u00e8s aux donn\u00e9es<\/h3><p>Dans le cadre l\u00e9gal d\u00e9fini par le RGPD, vous pouvez \u00e0 tout moment effectuer une demande \u00e9crite de communication de vos donn\u00e9es personnelles.<\/p><p>Pour ce faire, vous pouvez utiliser le mod\u00e8le de courrier cr\u00e9\u00e9 par la Commission Nationale de l&#8217;Informatique et des Libert\u00e9s : https:\/\/www.cnil.fr\/fr\/modele\/courrier\/exercer-son-droit-dacces.<\/p><h3>9.2\u00b0 Le droit de rectification des donn\u00e9es<\/h3><p>La l\u00e9gislation relative aux donn\u00e9es personnelles vous permet de demander la modification ou la rectification d&#8217;informations incompl\u00e8tes, inexactes ou p\u00e9rim\u00e9es relatives \u00e0 vous m\u00eame ou \u00e0 une personne proche d\u00e9c\u00e9d\u00e9e.<\/p><p>Pour ce faire, vous pouvez utiliser le mod\u00e8le de courrier r\u00e9alis\u00e9 par la Commission Nationale de l&#8217;Informatique et des Libert\u00e9s : https:\/\/www.cnil.fr\/fr\/modele\/courrier\/rectifier-des-donnees-inexactes-obsoletes-ou -p\u00e9rim\u00e9es.<\/p><h3>9.3\u00b0 Le droit d&#8217;opposition pour motif l\u00e9gitime<\/h3><p>Dans le cadre l\u00e9gislatif d\u00e9fini par le RGPD, vous pouvez \u00e0 tout moment vous opposer au traitement de vos donn\u00e9es personnelles pour les motifs suivants&nbsp;:<\/p><ul><li>opposition \u00e0 l&#8217;utilisation des donn\u00e9es utilis\u00e9es dans le cadre d&#8217;op\u00e9rations de prospection commerciale,<\/li><li>opposition fond\u00e9e sur des motifs l\u00e9gitimes.<\/li><\/ul><p>Pour ce faire vous pouvez utiliser le mod\u00e8le de courrier r\u00e9dig\u00e9 par la Commission Nationale de l&#8217;Informatique et des Libert\u00e9s : https:\/\/www.cnil.fr\/fr\/modele\/courrier\/sopposer-lutilisation-commerciale-de-ses-coordonnees .<\/p><h3>9.4\u00b0 Le droit \u00e0 la portabilit\u00e9 des donn\u00e9es<\/h3><p>Dans le cadre l\u00e9gislatif d\u00e9fini par le RGPD, vous pouvez \u00e0 tous moment demander \u00e0 r\u00e9cup\u00e9rer vos donn\u00e9es personnelles dans un format ouvert et lisible par machine, afin de les stocker sur un autre support ou de les transmettre \u00e0 un autre syst\u00e8me d&#8217;information pour leur r\u00e9utilisation .<\/p><p>Pour ce faire, vous pouvez utiliser le mod\u00e8le de courrier propos\u00e9 par la Commission Nationale de l&#8217;Informatique et des Libert\u00e9s : https:\/\/www.cnil.fr\/fr\/modele\/courrier\/exercer-son-droit-dacces.<\/p><h3>9.5\u00b0 Le droit \u00e0 la suppression des donn\u00e9es<\/h3><p>La l\u00e9gislation relative aux donn\u00e9es personnelles vous permet de demander la suppression de toutes vos donn\u00e9es qui ont \u00e9t\u00e9 enregistr\u00e9es sur le site Internet de <strong>Piston Addict<\/strong> .<\/p><p>Pour ce faire, vous pouvez utiliser le mod\u00e8le de courrier propos\u00e9 par la Commission Nationale de l&#8217;Informatique et des Libert\u00e9s : https:\/\/www.cnil.fr\/fr\/modele\/courrier\/supprimer-des-informations-vous-concernant-dun -site-internet.<\/p><h3>9.6\u00b0 Le traitement de vos demandes<\/h3><p><strong>Piston Addict<\/strong> s&#8217;engage \u00e0 r\u00e9pondre \u00e0 vos demandes relatives aux donn\u00e9es personnelles dans un laps de temps raisonnable qui ne pourrait exc\u00e9der 1 mois \u00e0 compter de la r\u00e9ception de celles-ci.<\/p><p><strong>Piston Addict<\/strong> se r\u00e9serve le droit de refuser les demandes relatives aux donn\u00e9es se caract\u00e9risant soit par une intention manifestement malveillante, soit par un caract\u00e8re r\u00e9p\u00e9titif et abusif.<\/p><h3>9.7\u00b0 Le responsable des donn\u00e9es personnelles<\/h3><p><strong>M <\/strong><br>E-mail : <br>T\u00e9l\u00e9phone : <\/p>\t\t\t\t\t\t<\/div>\n\t\t\t\t<\/div>\n\t\t\t\t\t<\/div>\n\t\t<\/div>\n\t\t\t\t\t<\/div>\n\t\t<\/section>\n\t\t\t\t<\/div>\n\t\t","protected":false},"excerpt":{"rendered":"<p>La politique de confidentialit\u00e9 a pour objectif de vous pr\u00e9senter la fa\u00e7on dont Piston Addict utilise, g\u00e8re et prot\u00e8ge les informations personnelles que vous avez pu transmettre \u00e0 l&#8217;entreprise dans le cadre de l&#8217;utilisation de son site Internet : https:\/\/www.pistonaddict.com. Cette politique de confidentialit\u00e9 est bas\u00e9e sur les obligations de l&#8217;\u00e9diteur du site Internet, telles &#8230; <a title=\"Politique de confidentialit\u00e9\" class=\"read-more\" href=\"https:\/\/pistonaddict.com\/fr\/politique-de-confidentialite\/\">Lire la suite<span class=\"screen-reader-text\">Politique de confidentialit\u00e9<\/span><\/a><\/p>\n","protected":false},"author":1,"featured_media":0,"parent":0,"menu_order":0,"comment_status":"closed","ping_status":"closed","template":"","meta":{"inline_featured_image":false,"footnotes":""},"acf":[],"yoast_head":"<!-- This site is optimized with the Yoast SEO plugin v22.5 - https:\/\/yoast.com\/wordpress\/plugins\/seo\/ -->\n<title>Politique de confidentialit\u00e9 - Piston Addict<\/title>\n<meta name=\"robots\" content=\"index, follow, max-snippet:-1, max-image-preview:large, max-video-preview:-1\" \/>\n<link rel=\"canonical\" href=\"https:\/\/pistonaddict.com\/fr\/politique-de-confidentialite\/\" \/>\n<meta property=\"og:locale\" content=\"fr_FR\" \/>\n<meta property=\"og:type\" content=\"article\" \/>\n<meta property=\"og:title\" content=\"Politique de confidentialit\u00e9 - Piston Addict\" \/>\n<meta property=\"og:description\" content=\"La politique de confidentialit\u00e9 a pour objectif de vous pr\u00e9senter la fa\u00e7on dont Piston Addict utilise, g\u00e8re et prot\u00e8ge les informations personnelles que vous avez pu transmettre \u00e0 l&#8217;entreprise dans le cadre de l&#8217;utilisation de son site Internet : https:\/\/www.pistonaddict.com. Cette politique de confidentialit\u00e9 est bas\u00e9e sur les obligations de l&#8217;\u00e9diteur du site Internet, telles ... Lire la suitePolitique de confidentialit\u00e9\" \/>\n<meta property=\"og:url\" content=\"https:\/\/pistonaddict.com\/fr\/politique-de-confidentialite\/\" \/>\n<meta property=\"og:site_name\" content=\"Piston Addict\" \/>\n<meta property=\"article:modified_time\" content=\"2022-05-05T12:38:46+00:00\" \/>\n<meta name=\"twitter:card\" content=\"summary_large_image\" \/>\n<meta name=\"twitter:label1\" content=\"Dur\u00e9e de lecture estim\u00e9e\" \/>\n\t<meta name=\"twitter:data1\" content=\"7 minutes\" \/>\n<script type=\"application\/ld+json\" class=\"yoast-schema-graph\">{\"@context\":\"https:\/\/schema.org\",\"@graph\":[{\"@type\":\"WebPage\",\"@id\":\"https:\/\/pistonaddict.com\/fr\/politique-de-confidentialite\/\",\"url\":\"https:\/\/pistonaddict.com\/fr\/politique-de-confidentialite\/\",\"name\":\"Politique de confidentialit\u00e9 - Piston Addict\",\"isPartOf\":{\"@id\":\"https:\/\/pistonaddict.com\/fr\/#website\"},\"datePublished\":\"2022-04-29T09:19:54+00:00\",\"dateModified\":\"2022-05-05T12:38:46+00:00\",\"breadcrumb\":{\"@id\":\"https:\/\/pistonaddict.com\/fr\/politique-de-confidentialite\/#breadcrumb\"},\"inLanguage\":\"fr-FR\",\"potentialAction\":[{\"@type\":\"ReadAction\",\"target\":[\"https:\/\/pistonaddict.com\/fr\/politique-de-confidentialite\/\"]}]},{\"@type\":\"BreadcrumbList\",\"@id\":\"https:\/\/pistonaddict.com\/fr\/politique-de-confidentialite\/#breadcrumb\",\"itemListElement\":[{\"@type\":\"ListItem\",\"position\":1,\"name\":\"Homepage\",\"item\":\"https:\/\/pistonaddict.com\/fr\/page-daccueil\/\"},{\"@type\":\"ListItem\",\"position\":2,\"name\":\"Politique de confidentialit\u00e9\"}]},{\"@type\":\"WebSite\",\"@id\":\"https:\/\/pistonaddict.com\/fr\/#website\",\"url\":\"https:\/\/pistonaddict.com\/fr\/\",\"name\":\"Piston Addict\",\"description\":\"Only interesting vehicles\",\"publisher\":{\"@id\":\"https:\/\/pistonaddict.com\/fr\/#organization\"},\"potentialAction\":[{\"@type\":\"SearchAction\",\"target\":{\"@type\":\"EntryPoint\",\"urlTemplate\":\"https:\/\/pistonaddict.com\/fr\/?s={search_term_string}\"},\"query-input\":\"required name=search_term_string\"}],\"inLanguage\":\"fr-FR\"},{\"@type\":\"Organization\",\"@id\":\"https:\/\/pistonaddict.com\/fr\/#organization\",\"name\":\"Piston Addict\",\"url\":\"https:\/\/pistonaddict.com\/fr\/\",\"logo\":{\"@type\":\"ImageObject\",\"inLanguage\":\"fr-FR\",\"@id\":\"https:\/\/pistonaddict.com\/fr\/#\/schema\/logo\/image\/\",\"url\":\"https:\/\/pistonaddict.com\/wp-content\/uploads\/2022\/07\/logo-6.png\",\"contentUrl\":\"https:\/\/pistonaddict.com\/wp-content\/uploads\/2022\/07\/logo-6.png\",\"width\":970,\"height\":200,\"caption\":\"Piston Addict\"},\"image\":{\"@id\":\"https:\/\/pistonaddict.com\/fr\/#\/schema\/logo\/image\/\"}}]}<\/script>\n<!-- \/ Yoast SEO plugin. -->","yoast_head_json":{"title":"Politique de confidentialit\u00e9 - Piston Addict","robots":{"index":"index","follow":"follow","max-snippet":"max-snippet:-1","max-image-preview":"max-image-preview:large","max-video-preview":"max-video-preview:-1"},"canonical":"https:\/\/pistonaddict.com\/fr\/politique-de-confidentialite\/","og_locale":"fr_FR","og_type":"article","og_title":"Politique de confidentialit\u00e9 - Piston Addict","og_description":"La politique de confidentialit\u00e9 a pour objectif de vous pr\u00e9senter la fa\u00e7on dont Piston Addict utilise, g\u00e8re et prot\u00e8ge les informations personnelles que vous avez pu transmettre \u00e0 l&#8217;entreprise dans le cadre de l&#8217;utilisation de son site Internet : https:\/\/www.pistonaddict.com. Cette politique de confidentialit\u00e9 est bas\u00e9e sur les obligations de l&#8217;\u00e9diteur du site Internet, telles ... Lire la suitePolitique de confidentialit\u00e9","og_url":"https:\/\/pistonaddict.com\/fr\/politique-de-confidentialite\/","og_site_name":"Piston Addict","article_modified_time":"2022-05-05T12:38:46+00:00","twitter_card":"summary_large_image","twitter_misc":{"Dur\u00e9e de lecture estim\u00e9e":"7 minutes"},"schema":{"@context":"https:\/\/schema.org","@graph":[{"@type":"WebPage","@id":"https:\/\/pistonaddict.com\/fr\/politique-de-confidentialite\/","url":"https:\/\/pistonaddict.com\/fr\/politique-de-confidentialite\/","name":"Politique de confidentialit\u00e9 - Piston Addict","isPartOf":{"@id":"https:\/\/pistonaddict.com\/fr\/#website"},"datePublished":"2022-04-29T09:19:54+00:00","dateModified":"2022-05-05T12:38:46+00:00","breadcrumb":{"@id":"https:\/\/pistonaddict.com\/fr\/politique-de-confidentialite\/#breadcrumb"},"inLanguage":"fr-FR","potentialAction":[{"@type":"ReadAction","target":["https:\/\/pistonaddict.com\/fr\/politique-de-confidentialite\/"]}]},{"@type":"BreadcrumbList","@id":"https:\/\/pistonaddict.com\/fr\/politique-de-confidentialite\/#breadcrumb","itemListElement":[{"@type":"ListItem","position":1,"name":"Homepage","item":"https:\/\/pistonaddict.com\/fr\/page-daccueil\/"},{"@type":"ListItem","position":2,"name":"Politique de confidentialit\u00e9"}]},{"@type":"WebSite","@id":"https:\/\/pistonaddict.com\/fr\/#website","url":"https:\/\/pistonaddict.com\/fr\/","name":"Piston Addict","description":"Only interesting vehicles","publisher":{"@id":"https:\/\/pistonaddict.com\/fr\/#organization"},"potentialAction":[{"@type":"SearchAction","target":{"@type":"EntryPoint","urlTemplate":"https:\/\/pistonaddict.com\/fr\/?s={search_term_string}"},"query-input":"required name=search_term_string"}],"inLanguage":"fr-FR"},{"@type":"Organization","@id":"https:\/\/pistonaddict.com\/fr\/#organization","name":"Piston Addict","url":"https:\/\/pistonaddict.com\/fr\/","logo":{"@type":"ImageObject","inLanguage":"fr-FR","@id":"https:\/\/pistonaddict.com\/fr\/#\/schema\/logo\/image\/","url":"https:\/\/pistonaddict.com\/wp-content\/uploads\/2022\/07\/logo-6.png","contentUrl":"https:\/\/pistonaddict.com\/wp-content\/uploads\/2022\/07\/logo-6.png","width":970,"height":200,"caption":"Piston Addict"},"image":{"@id":"https:\/\/pistonaddict.com\/fr\/#\/schema\/logo\/image\/"}}]}},"_links":{"self":[{"href":"https:\/\/pistonaddict.com\/fr\/wp-json\/wp\/v2\/pages\/339"}],"collection":[{"href":"https:\/\/pistonaddict.com\/fr\/wp-json\/wp\/v2\/pages"}],"about":[{"href":"https:\/\/pistonaddict.com\/fr\/wp-json\/wp\/v2\/types\/page"}],"author":[{"embeddable":true,"href":"https:\/\/pistonaddict.com\/fr\/wp-json\/wp\/v2\/users\/1"}],"replies":[{"embeddable":true,"href":"https:\/\/pistonaddict.com\/fr\/wp-json\/wp\/v2\/comments?post=339"}],"version-history":[{"count":8,"href":"https:\/\/pistonaddict.com\/fr\/wp-json\/wp\/v2\/pages\/339\/revisions"}],"predecessor-version":[{"id":4681,"href":"https:\/\/pistonaddict.com\/fr\/wp-json\/wp\/v2\/pages\/339\/revisions\/4681"}],"wp:attachment":[{"href":"https:\/\/pistonaddict.com\/fr\/wp-json\/wp\/v2\/media?parent=339"}],"curies":[{"name":"wp","href":"https:\/\/api.w.org\/{rel}","templated":true}]}}