{"id":333,"date":"2022-04-29T11:18:49","date_gmt":"2022-04-29T09:18:49","guid":{"rendered":"https:\/\/pistonaddict.com\/?page_id=333"},"modified":"2022-05-05T14:37:10","modified_gmt":"2022-05-05T12:37:10","slug":"expedition","status":"publish","type":"page","link":"https:\/\/pistonaddict.com\/fr\/expedition\/","title":{"rendered":"Exp\u00e9dition"},"content":{"rendered":"\t\t<div data-elementor-type=\"wp-page\" data-elementor-id=\"333\" class=\"elementor elementor-333\">\n\t\t\t\t\t\t<section class=\"elementor-section elementor-top-section elementor-element elementor-element-eb8a04d elementor-section-boxed elementor-section-height-default elementor-section-height-default\" data-id=\"eb8a04d\" data-element_type=\"section\">\n\t\t\t\t\t\t<div class=\"elementor-container elementor-column-gap-default\">\n\t\t\t\t\t<div class=\"elementor-column elementor-col-100 elementor-top-column elementor-element elementor-element-43edc4e\" data-id=\"43edc4e\" data-element_type=\"column\">\n\t\t\t<div class=\"elementor-widget-wrap elementor-element-populated\">\n\t\t\t\t\t\t<div class=\"elementor-element elementor-element-d78828a elementor-widget elementor-widget-text-editor\" data-id=\"d78828a\" data-element_type=\"widget\" data-widget_type=\"text-editor.default\">\n\t\t\t\t<div class=\"elementor-widget-container\">\n\t\t\t<style>\/*! elementor - v3.21.0 - 18-04-2024 *\/\n.elementor-widget-text-editor.elementor-drop-cap-view-stacked .elementor-drop-cap{background-color:#69727d;color:#fff}.elementor-widget-text-editor.elementor-drop-cap-view-framed .elementor-drop-cap{color:#69727d;border:3px solid;background-color:transparent}.elementor-widget-text-editor:not(.elementor-drop-cap-view-default) .elementor-drop-cap{margin-top:8px}.elementor-widget-text-editor:not(.elementor-drop-cap-view-default) .elementor-drop-cap-letter{width:1em;height:1em}.elementor-widget-text-editor .elementor-drop-cap{float:left;text-align:center;line-height:1;font-size:50px}.elementor-widget-text-editor .elementor-drop-cap-letter{display:inline-block}<\/style>\t\t\t\t<h1><strong>L&#8217;EXP\u00c9DITION DE VOTRE V\u00c9HICULE<\/strong><\/h1><h2><strong>COMMENT PROCEDER POUR FAIRE TRANSPORTER VOTRE VEHICULE ?<\/strong><\/h2><p>Plusieurs solutions s&#8217;offrent \u00e0 vous si vous souhaitez faire transporter votre v\u00e9hicule.<\/p><p>Vous pouvez le faire par vos propres moyens ou utiliser des services de transports professionnels comme le remorquage, le convoyage, le transport par plateau ou par camion ou enfin le transport maritime.<\/p><h3><strong>1- Le remorquage de v\u00e9hicule<\/strong><\/h3><p>Ce type de transport est appropri\u00e9 pour de courtes distances, \u00e0 faible allure. Pour remorquer votre v\u00e9hicule, il faudra veiller \u00e0 :<\/p><ul><li>une Utiliser une barre de traction homologu\u00e9e pour une s\u00e9curit\u00e9 maximale ;<\/li><li>\u00catre accompagn\u00e9 d&#8217;un conducteur dans le v\u00e9hicule tract\u00e9&nbsp;;<\/li><li>Rouler au maximum \u00e0 50 km\/h et n&#8217;utiliser que les axes secondaires ;<\/li><li>Pr\u00e9voir un v\u00e9hicule tracteur plus lourd que le v\u00e9hicule tract\u00e9 ;<\/li><li>Utiliser les avertissements, \u00eatre prudent et adopter une conduite souple.<\/li><\/ul><h2> <\/h2><h3><strong>2- Transporter un v\u00e9hicule sur plateau<\/strong><\/h3><p>Cette option est appropri\u00e9e pour faire transporter son v\u00e9hicule sur de longues distances en toute s\u00e9curit\u00e9. Vous pouvez choisir de faire transporter votre v\u00e9hicule sur un camion plateau de pr\u00e9f\u00e9rence b\u00e2ch\u00e9 pour prot\u00e9ger la carrosserie durant le transport.<\/p><h3><strong>3- Le transport de v\u00e9hicule par camion<\/strong><\/h3><p>Il s&#8217;agit du m\u00eame principe que le transport par un camion plateau, mais dans ce cas, votre v\u00e9hicule est transport\u00e9 dans la remorque du camion. Cette alternative est possible m\u00eame si vous n&#8217;avez qu&#8217;un v\u00e9hicule \u00e0 transporter. Cette option est \u00e9conomique ; les meilleurs acteurs du march\u00e9 proposent des d\u00e9lais d&#8217;une \u00e0 deux semaines \u00e0 compter de la prise de commande jusqu&#8217;\u00e0 la livraison.<\/p><h3><strong>4- Le transport de v\u00e9hicule<\/strong><\/h3><p>Pour que le convoyage soit possible, le v\u00e9hicule doit \u00eatre roulant, en bon \u00e9tat de marche et bien entretenu. Un convoyeur est affect\u00e9 \u00e0 votre besoin et conduit le v\u00e9hicule du d\u00e9part jusqu&#8217;\u00e0 destination.<\/p><p>C&#8217;est une alternative rapide sans passer par diff\u00e9rentes plateformes de chargement ou de d\u00e9chargement mais plus cher.<\/p><h3><strong>5- Le transport maritime<\/strong><\/h3><p>Le transport de voitures en navire roulier (ou RO-RO) repr\u00e9sente une grande majorit\u00e9 du fret maritime de v\u00e9hicules. Les v\u00e9hicules y sont stationn\u00e9s pendant toute la dur\u00e9e du transport. Il s&#8217;agit du mode de transport maritime de voiture le plus \u00e9conomique et parfois le plus rapide.<\/p><p>Faire appel \u00e0 un agent maritime est souvent obligatoire pour pouvoir envoyer un v\u00e9hicule dans un pays \u00e9tranger. Celui-ci se chargera des d\u00e9marches administratives au niveau du port de d\u00e9part, mais aussi au port d&#8217;arriv\u00e9e.<\/p><h2><strong>QUELS SONT LES DOCUMENTS A FOURNIR POUR POUVOIR ENVOYER VOTRE VEHICULE A L&#8217;INTERNATIONAL ?<\/strong><\/h2><ul><li>La facture d&#8217;achat du v\u00e9hicule ;<\/li><li>La copie de votre pi\u00e8ce d&#8217;identit\u00e9 ;<\/li><li>La carte grise du v\u00e9hicule ;<\/li><li>Le certificat de cession ;<\/li><li>Le certificat de non-gage ;<\/li><li>L&#8217;attestation de valeur remplie et sign\u00e9e ( <strong><a href=\"https:\/\/pistonaddict.com\/wp-content\/uploads\/2022\/05\/Attestation-de-valeur-vehicule.pdf\" target=\"_blank\" rel=\"noopener\"><u>la t\u00e9l\u00e9charger<\/u><\/a><\/strong> ).<\/li><\/ul><p>En fonction du pays de destination, d&#8217;autres documents peuvent vous \u00eatre demand\u00e9s. N&#8217;oubliez pas de demander \u00e0 votre transporteur si les taxes, les droits et frais de d\u00e9douanements, sont inclus dans le devis pr\u00e9sent\u00e9.<\/p><h2><strong>COMBIEN COUTE L&#8217;ENVOI D&#8217;UN VEHICULE A L&#8217;INTERNATIONAL ?<\/strong><\/h2><p>Les tarifs varient naturellement d&#8217;un transporteur \u00e0 l&#8217;autre&nbsp;: plusieurs \u00e9l\u00e9ments sont pris en consid\u00e9ration par l&#8217;entreprise de transport de v\u00e9hicules pour calculer les frais de transport&nbsp;:<\/p><ul><li>Le type de v\u00e9hicule ;<\/li><li>Le moyen de transport ;<\/li><li>La distance s\u00e9parant les deux pays ;<\/li><li>Le d\u00e9lai d&#8217;envoi et la p\u00e9riode de l&#8217;ann\u00e9e.<\/li><\/ul><p>Il reste \u00e0 votre charge l&#8217;assurance transport, qui vous sera propos\u00e9e par le transport, ainsi que les frais de douanes et taxes \u00e0 payer obligatoirement.<\/p><p>Le transport par voie terrestre est le moyen le plus pratique pour envoyer un v\u00e9hicule, particuli\u00e8rement entre pays frontaliers. Le transport maritime a l&#8217;avantage d&#8217;\u00eatre \u00e9conomique mais moins rapide.<\/p><h2><strong>LES CONSEILS PISTON ADDICT<\/strong><\/h2><p>Maintenant que vous savez tout ce qu&#8217;il ya \u00e0 savoir sur le transport de v\u00e9hicules, voici quelques conseils qui sont toujours bons \u00e0 suivre, avant de confier votre v\u00e9hicule \u00e0 la compagnie de transport de votre choix&nbsp;:<\/p><ul><li>D\u00e9sactivez l&#8217;alarme s&#8217;il en a, pour \u00e9viter qu&#8217;elle ne se d\u00e9clenche durant le transport ;<\/li><li>Chargez la batterie au maximum, afin qu&#8217;elle ne se d\u00e9charge pas compl\u00e8tement durant le transport ;<\/li><li>Videz le r\u00e9servoir d&#8217;essence au maximum, par mesure de s\u00e9curit\u00e9 ;<\/li><li>s&#8217;abstenir de ne laisser aucun objet dans le v\u00e9hicule&nbsp;;<\/li><li>Gardez des preuves de l&#8217;\u00e9tat du v\u00e9hicule avant de le mettre entre les mains du transporteur&nbsp;;<\/li><li>Prenez une assurance pour avoir une garantie de remboursement en cas de probl\u00e8me durant le transport ;<\/li><li>Gardez les originaux du certificat d&#8217;enregistrement du v\u00e9hicule, du certificat de propri\u00e9t\u00e9, et l&#8217;attestation de non-gage&nbsp;;<\/li><li>Gardez un double des cl\u00e9s du v\u00e9hicule, avec vous. Et surtout, n&#8217;oubliez pas d&#8217;envoyer le double des cl\u00e9s une fois le v\u00e9hicule re\u00e7u par l&#8217;acheteur.<\/li><\/ul><p> <\/p><h2><strong>Nos recommandations par camion<\/strong><\/h2><ul><li><em><strong>Allemagne \u2013 Autriche \u2013 Belgique \u2013 Espagne \u2013 France &#8211; Italie \u2013 Pays Bas \u2013 Portugal \u2013 Suisse &#8211; UK<\/strong> :<\/em> International : <a href=\"https:\/\/www.eurosender.com\/en\/vt\/vehicle-transport\/car\" target=\"_blank\" rel=\"noopener\">Eurosender<\/a> , <a href=\"https:\/\/www.shiply.com\/vehicle-delivery\/car-transport-to-europe.php\" target=\"_blank\" rel=\"noopener\">Shiply<\/a><\/li><li><strong><em>France :<\/em><\/strong> Nationale : <a href=\"https:\/\/disposeo.com\/\" target=\"_blank\" rel=\"noopener\">Disposeo<\/a> , <a href=\"https:\/\/www.hiflow.com\/particulier\" target=\"_blank\" rel=\"noopener\">Hiflow<\/a><\/li><\/ul><h2><strong>Nos recommandations par voie maritime<\/strong><\/h2><ul><li><a href=\"https:\/\/cfrrinkens.com\/rate-request\/\" target=\"_blank\" rel=\"noopener\">CFR Rinkens<\/a> , <a href=\"https:\/\/www.carseurope.net\/international-car-transportation-quote\/\" target=\"_blank\" rel=\"noopener\">VOITURES<\/a><\/li><\/ul>\t\t\t\t\t\t<\/div>\n\t\t\t\t<\/div>\n\t\t\t\t\t<\/div>\n\t\t<\/div>\n\t\t\t\t\t<\/div>\n\t\t<\/section>\n\t\t\t\t<\/div>\n\t\t","protected":false},"excerpt":{"rendered":"<p>L&#8217;EXP\u00c9DITION DE VOTRE V\u00c9HICULE COMMENT PROCEDER POUR FAIRE TRANSPORTER VOTRE VEHICULE ? Plusieurs solutions s&#8217;offrent \u00e0 vous si vous souhaitez faire transporter votre v\u00e9hicule. Vous pouvez le faire par vos propres moyens ou utiliser des services de transports professionnels comme le remorquage, le convoyage, le transport par plateau ou par camion ou enfin le transport &#8230; <a title=\"Exp\u00e9dition\" class=\"read-more\" href=\"https:\/\/pistonaddict.com\/fr\/expedition\/\">Lire la suite<span class=\"screen-reader-text\">Exp\u00e9dition<\/span><\/a><\/p>\n","protected":false},"author":1,"featured_media":0,"parent":0,"menu_order":0,"comment_status":"closed","ping_status":"closed","template":"","meta":{"inline_featured_image":false,"footnotes":""},"acf":[],"yoast_head":"<!-- This site is optimized with the Yoast SEO plugin v22.5 - https:\/\/yoast.com\/wordpress\/plugins\/seo\/ -->\n<title>Exp\u00e9dition - Piston Addict<\/title>\n<meta name=\"robots\" content=\"index, follow, max-snippet:-1, max-image-preview:large, max-video-preview:-1\" \/>\n<link rel=\"canonical\" href=\"https:\/\/pistonaddict.com\/fr\/expedition\/\" \/>\n<meta property=\"og:locale\" content=\"fr_FR\" \/>\n<meta property=\"og:type\" content=\"article\" \/>\n<meta property=\"og:title\" content=\"Exp\u00e9dition - Piston Addict\" \/>\n<meta property=\"og:description\" content=\"L&#8217;EXP\u00c9DITION DE VOTRE V\u00c9HICULE COMMENT PROCEDER POUR FAIRE TRANSPORTER VOTRE VEHICULE ? Plusieurs solutions s&#8217;offrent \u00e0 vous si vous souhaitez faire transporter votre v\u00e9hicule. Vous pouvez le faire par vos propres moyens ou utiliser des services de transports professionnels comme le remorquage, le convoyage, le transport par plateau ou par camion ou enfin le transport ... Lire la suiteExp\u00e9dition\" \/>\n<meta property=\"og:url\" content=\"https:\/\/pistonaddict.com\/fr\/expedition\/\" \/>\n<meta property=\"og:site_name\" content=\"Piston Addict\" \/>\n<meta property=\"article:modified_time\" content=\"2022-05-05T12:37:10+00:00\" \/>\n<meta name=\"twitter:card\" content=\"summary_large_image\" \/>\n<meta name=\"twitter:label1\" content=\"Dur\u00e9e de lecture estim\u00e9e\" \/>\n\t<meta name=\"twitter:data1\" content=\"4 minutes\" \/>\n<script type=\"application\/ld+json\" class=\"yoast-schema-graph\">{\"@context\":\"https:\/\/schema.org\",\"@graph\":[{\"@type\":\"WebPage\",\"@id\":\"https:\/\/pistonaddict.com\/fr\/expedition\/\",\"url\":\"https:\/\/pistonaddict.com\/fr\/expedition\/\",\"name\":\"Exp\u00e9dition - Piston Addict\",\"isPartOf\":{\"@id\":\"https:\/\/pistonaddict.com\/fr\/#website\"},\"datePublished\":\"2022-04-29T09:18:49+00:00\",\"dateModified\":\"2022-05-05T12:37:10+00:00\",\"breadcrumb\":{\"@id\":\"https:\/\/pistonaddict.com\/fr\/expedition\/#breadcrumb\"},\"inLanguage\":\"fr-FR\",\"potentialAction\":[{\"@type\":\"ReadAction\",\"target\":[\"https:\/\/pistonaddict.com\/fr\/expedition\/\"]}]},{\"@type\":\"BreadcrumbList\",\"@id\":\"https:\/\/pistonaddict.com\/fr\/expedition\/#breadcrumb\",\"itemListElement\":[{\"@type\":\"ListItem\",\"position\":1,\"name\":\"Homepage\",\"item\":\"https:\/\/pistonaddict.com\/fr\/page-daccueil\/\"},{\"@type\":\"ListItem\",\"position\":2,\"name\":\"Exp\u00e9dition\"}]},{\"@type\":\"WebSite\",\"@id\":\"https:\/\/pistonaddict.com\/fr\/#website\",\"url\":\"https:\/\/pistonaddict.com\/fr\/\",\"name\":\"Piston Addict\",\"description\":\"Only interesting vehicles\",\"publisher\":{\"@id\":\"https:\/\/pistonaddict.com\/fr\/#organization\"},\"potentialAction\":[{\"@type\":\"SearchAction\",\"target\":{\"@type\":\"EntryPoint\",\"urlTemplate\":\"https:\/\/pistonaddict.com\/fr\/?s={search_term_string}\"},\"query-input\":\"required name=search_term_string\"}],\"inLanguage\":\"fr-FR\"},{\"@type\":\"Organization\",\"@id\":\"https:\/\/pistonaddict.com\/fr\/#organization\",\"name\":\"Piston Addict\",\"url\":\"https:\/\/pistonaddict.com\/fr\/\",\"logo\":{\"@type\":\"ImageObject\",\"inLanguage\":\"fr-FR\",\"@id\":\"https:\/\/pistonaddict.com\/fr\/#\/schema\/logo\/image\/\",\"url\":\"https:\/\/pistonaddict.com\/wp-content\/uploads\/2022\/07\/logo-6.png\",\"contentUrl\":\"https:\/\/pistonaddict.com\/wp-content\/uploads\/2022\/07\/logo-6.png\",\"width\":970,\"height\":200,\"caption\":\"Piston Addict\"},\"image\":{\"@id\":\"https:\/\/pistonaddict.com\/fr\/#\/schema\/logo\/image\/\"}}]}<\/script>\n<!-- \/ Yoast SEO plugin. -->","yoast_head_json":{"title":"Exp\u00e9dition - Piston Addict","robots":{"index":"index","follow":"follow","max-snippet":"max-snippet:-1","max-image-preview":"max-image-preview:large","max-video-preview":"max-video-preview:-1"},"canonical":"https:\/\/pistonaddict.com\/fr\/expedition\/","og_locale":"fr_FR","og_type":"article","og_title":"Exp\u00e9dition - Piston Addict","og_description":"L&#8217;EXP\u00c9DITION DE VOTRE V\u00c9HICULE COMMENT PROCEDER POUR FAIRE TRANSPORTER VOTRE VEHICULE ? Plusieurs solutions s&#8217;offrent \u00e0 vous si vous souhaitez faire transporter votre v\u00e9hicule. Vous pouvez le faire par vos propres moyens ou utiliser des services de transports professionnels comme le remorquage, le convoyage, le transport par plateau ou par camion ou enfin le transport ... Lire la suiteExp\u00e9dition","og_url":"https:\/\/pistonaddict.com\/fr\/expedition\/","og_site_name":"Piston Addict","article_modified_time":"2022-05-05T12:37:10+00:00","twitter_card":"summary_large_image","twitter_misc":{"Dur\u00e9e de lecture estim\u00e9e":"4 minutes"},"schema":{"@context":"https:\/\/schema.org","@graph":[{"@type":"WebPage","@id":"https:\/\/pistonaddict.com\/fr\/expedition\/","url":"https:\/\/pistonaddict.com\/fr\/expedition\/","name":"Exp\u00e9dition - Piston Addict","isPartOf":{"@id":"https:\/\/pistonaddict.com\/fr\/#website"},"datePublished":"2022-04-29T09:18:49+00:00","dateModified":"2022-05-05T12:37:10+00:00","breadcrumb":{"@id":"https:\/\/pistonaddict.com\/fr\/expedition\/#breadcrumb"},"inLanguage":"fr-FR","potentialAction":[{"@type":"ReadAction","target":["https:\/\/pistonaddict.com\/fr\/expedition\/"]}]},{"@type":"BreadcrumbList","@id":"https:\/\/pistonaddict.com\/fr\/expedition\/#breadcrumb","itemListElement":[{"@type":"ListItem","position":1,"name":"Homepage","item":"https:\/\/pistonaddict.com\/fr\/page-daccueil\/"},{"@type":"ListItem","position":2,"name":"Exp\u00e9dition"}]},{"@type":"WebSite","@id":"https:\/\/pistonaddict.com\/fr\/#website","url":"https:\/\/pistonaddict.com\/fr\/","name":"Piston Addict","description":"Only interesting vehicles","publisher":{"@id":"https:\/\/pistonaddict.com\/fr\/#organization"},"potentialAction":[{"@type":"SearchAction","target":{"@type":"EntryPoint","urlTemplate":"https:\/\/pistonaddict.com\/fr\/?s={search_term_string}"},"query-input":"required name=search_term_string"}],"inLanguage":"fr-FR"},{"@type":"Organization","@id":"https:\/\/pistonaddict.com\/fr\/#organization","name":"Piston Addict","url":"https:\/\/pistonaddict.com\/fr\/","logo":{"@type":"ImageObject","inLanguage":"fr-FR","@id":"https:\/\/pistonaddict.com\/fr\/#\/schema\/logo\/image\/","url":"https:\/\/pistonaddict.com\/wp-content\/uploads\/2022\/07\/logo-6.png","contentUrl":"https:\/\/pistonaddict.com\/wp-content\/uploads\/2022\/07\/logo-6.png","width":970,"height":200,"caption":"Piston Addict"},"image":{"@id":"https:\/\/pistonaddict.com\/fr\/#\/schema\/logo\/image\/"}}]}},"_links":{"self":[{"href":"https:\/\/pistonaddict.com\/fr\/wp-json\/wp\/v2\/pages\/333"}],"collection":[{"href":"https:\/\/pistonaddict.com\/fr\/wp-json\/wp\/v2\/pages"}],"about":[{"href":"https:\/\/pistonaddict.com\/fr\/wp-json\/wp\/v2\/types\/page"}],"author":[{"embeddable":true,"href":"https:\/\/pistonaddict.com\/fr\/wp-json\/wp\/v2\/users\/1"}],"replies":[{"embeddable":true,"href":"https:\/\/pistonaddict.com\/fr\/wp-json\/wp\/v2\/comments?post=333"}],"version-history":[{"count":16,"href":"https:\/\/pistonaddict.com\/fr\/wp-json\/wp\/v2\/pages\/333\/revisions"}],"predecessor-version":[{"id":4676,"href":"https:\/\/pistonaddict.com\/fr\/wp-json\/wp\/v2\/pages\/333\/revisions\/4676"}],"wp:attachment":[{"href":"https:\/\/pistonaddict.com\/fr\/wp-json\/wp\/v2\/media?parent=333"}],"curies":[{"name":"wp","href":"https:\/\/api.w.org\/{rel}","templated":true}]}}