{"id":331,"date":"2022-04-29T11:18:33","date_gmt":"2022-04-29T09:18:33","guid":{"rendered":"https:\/\/pistonaddict.com\/?page_id=331"},"modified":"2024-10-26T08:17:33","modified_gmt":"2024-10-26T06:17:33","slug":"mentions-legales","status":"publish","type":"page","link":"https:\/\/pistonaddict.com\/fr\/mentions-legales\/","title":{"rendered":"Mentions l\u00e9gales"},"content":{"rendered":"\t\t<div data-elementor-type=\"wp-page\" data-elementor-id=\"331\" class=\"elementor elementor-331 elementor-2848\">\n\t\t\t\t\t\t<section class=\"elementor-section elementor-top-section elementor-element elementor-element-4eb0e23 elementor-section-boxed elementor-section-height-default elementor-section-height-default\" data-id=\"4eb0e23\" data-element_type=\"section\">\n\t\t\t\t\t\t<div class=\"elementor-container elementor-column-gap-default\">\n\t\t\t\t\t<div class=\"elementor-column elementor-col-100 elementor-top-column elementor-element elementor-element-229cbe5\" data-id=\"229cbe5\" data-element_type=\"column\">\n\t\t\t<div class=\"elementor-widget-wrap elementor-element-populated\">\n\t\t\t\t\t\t<div class=\"elementor-element elementor-element-2af4966 elementor-widget elementor-widget-text-editor\" data-id=\"2af4966\" data-element_type=\"widget\" data-widget_type=\"text-editor.default\">\n\t\t\t\t<div class=\"elementor-widget-container\">\n\t\t\t<style>\/*! elementor - v3.21.0 - 18-04-2024 *\/\n.elementor-widget-text-editor.elementor-drop-cap-view-stacked .elementor-drop-cap{background-color:#69727d;color:#fff}.elementor-widget-text-editor.elementor-drop-cap-view-framed .elementor-drop-cap{color:#69727d;border:3px solid;background-color:transparent}.elementor-widget-text-editor:not(.elementor-drop-cap-view-default) .elementor-drop-cap{margin-top:8px}.elementor-widget-text-editor:not(.elementor-drop-cap-view-default) .elementor-drop-cap-letter{width:1em;height:1em}.elementor-widget-text-editor .elementor-drop-cap{float:left;text-align:center;line-height:1;font-size:50px}.elementor-widget-text-editor .elementor-drop-cap-letter{display:inline-block}<\/style>\t\t\t\t<h2><strong>PR\u00c9SENTATION DU SITE WEB<\/strong><\/h2>\n<p>En vertu de l&#8217;article 6 de la loi n\u00b0 2004-575 du 21 juin 2004 pour la confiance dans l&#8217;\u00e9conomie num\u00e9rique et en application du R\u00e8glement <strong>g\u00e9n\u00e9ral<\/strong> <strong>sur<\/strong> <strong>la protection des donn\u00e9es<\/strong> [R\u00e8glement (UE) 2016\/679], il est pr\u00e9cis\u00e9 aux utilisateurs du site : https:\/\/www.pistonaddict.com, l&#8217;identit\u00e9 des diff\u00e9rents intervenants dans le cadre de sa r\u00e9alisation et de son suivi.<\/p>\n<ul>\n<li><strong>Propri\u00e9taire :<\/strong> <strong>Piston Addict SA<\/strong><\/li>\n<li>SA au capital social de 400 000 CHF<\/li>\n<li>Num\u00e9ro IDE : CHE-354.351.695<\/li>\n<li>Num\u00e9ro de TVA : CHE-354.351.695TVA et EU528667635 (Num\u00e9ro OSS non UE)<\/li>\n<li>Bureau : Rue Alexandre Gavard 16, 1227 Carouge,&nbsp; Suisse<\/li>\n<li>T\u00e9l\u00e9phone : 00 41 22 342 03 55<\/li>\n<\/ul>\n<ul>\n<li><strong>Cr\u00e9ateur\/Webmaster : KUBIWEB<\/strong><\/li>\n<li>SAS avec un capital social de 21 320 \u20ac.<\/li>\n<li>Num\u00e9ro SIRET : 53018964600025<\/li>\n<li>Si\u00e8ge social : 46-48 Chemin de la Bruy\u00e8re &#8211; 69570 DARDILLY<\/li>\n<\/ul>\n<ul>\n<li><strong>H\u00f4te : HOSTINGER<\/strong><\/li>\n<li>Si\u00e8ge social : HOSTINGER INTERNATIONAL LTD, 61 Lordou Vironos Street, 6023 Larnaca, Chypre<\/li>\n<li>Contact <a href=\"https:\/\/www.hostinger.fr\/contact\" target=\"_blank\" rel=\"noopener\">: https:\/\/www.hostinger.fr\/contact<\/a><\/li>\n<\/ul>\n\n<ul>\n<li>E-mail : <a href=\"https:\/\/pistonaddict.com\/fr\/contactez-nous\/\">Formulaire de contact<\/a><\/li>\n<\/ul>\n<p>Les activit\u00e9s de Piston Addict se d\u00e9roulent dans le monde entier et se concentrent principalement sur l&#8217;Europe, \u00e0 l&#8217;exception du Royaume-Uni et de l&#8217;Irlande.&nbsp;<\/p>\n<p><\/p>\n<h2><strong>CONDITIONS G\u00c9N\u00c9RALES D&#8217;UTILISATION DU SITE ET DES SERVICES OFFERTS<\/strong><\/h2>\n<p>L&#8217;utilisation du site https:\/\/www.pistonaddict.com implique l&#8217;acceptation pleine et enti\u00e8re des conditions g\u00e9n\u00e9rales d&#8217;utilisation ci-apr\u00e8s d\u00e9crites. Ces conditions d&#8217;utilisation sont susceptibles d&#8217;\u00eatre modifi\u00e9es ou compl\u00e9t\u00e9es \u00e0 tout moment, les utilisateurs du site https:\/\/www.pistonaddict.com sont donc invit\u00e9s \u00e0 les consulter de mani\u00e8re r\u00e9guli\u00e8re.<\/p>\n<p>Ce site est normalement accessible aux utilisateurs \u00e0 tout moment. Une interruption pour raison de maintenance technique peut \u00eatre toutefois d\u00e9cid\u00e9e par <strong>Piston Addict<\/strong>, qui s&#8217;efforcera alors de communiquer pr\u00e9alablement aux utilisateurs les dates et heures de l&#8217;intervention.<\/p>\n<p>Le site https:\/\/www.pistonaddict.com est mis \u00e0 jour r\u00e9guli\u00e8rement par <strong>Piston Addict<\/strong>. De m\u00eame, les mentions l\u00e9gales peuvent \u00eatre modifi\u00e9es \u00e0 tout moment : elles s&#8217;imposent n\u00e9anmoins \u00e0 l&#8217;utilisateur qui est invit\u00e9 \u00e0 s&#8217;y r\u00e9f\u00e9rer le plus souvent possible afin d&#8217;en prendre connaissance.<\/p>\n<h2>&nbsp;<\/h2>\n<h2><strong>DESCRIPTION DES SERVICES FOURNIS<\/strong><\/h2>\n<p>Le site https:\/\/www.pistonaddict.com a pour objet de fournir une information concernant l&#8217;ensemble des activit\u00e9s de la soci\u00e9t\u00e9. <strong>Piston Addict<\/strong> s&#8217;efforce de fournir sur le site https:\/\/www.pistonaddict.com des informations aussi pr\u00e9cises que possible.<\/p>\n<p>Toutefois, elle ne peut \u00eatre tenue responsable des omissions, des inexactitudes et des lacunes dans la mise \u00e0 jour, que ce soit par elle-m\u00eame ou par les partenaires tiers qui lui fournissent ces informations.<\/p>\n<p>Tous les informations indiqu\u00e9es sur le site https:\/\/www.pistonaddict.com sont donn\u00e9es \u00e0 titre indicatif, et sont susceptibles d&#8217;\u00e9voluer. Par ailleurs, les renseignements figurant sur le site https:\/\/www.pistonaddict.com ne sont pas exhaustifs. Elles sont donn\u00e9es sous r\u00e9serve de modifications intervenues depuis leur mise en ligne.<\/p>\n<h2>&nbsp;<\/h2>\n<h2><strong>LIMITATIONS CONTRACTUELLES SUR LES DONN\u00c9ES TECHNIQUES<\/strong><\/h2>\n<p>Le site utilise la technologie JavaScript.<\/p>\n<p>Le site ne peut \u00eatre tenu responsable des dommages mat\u00e9riels li\u00e9s \u00e0 l&#8217;utilisation du site. En outre, l&#8217;utilisateur du site s&#8217;engage \u00e0 acc\u00e9der au site en utilisant un mat\u00e9riel r\u00e9cent, ne contenant pas de virus et avec un navigateur de derni\u00e8re g\u00e9n\u00e9ration mis \u00e0 jour.<\/p>\n<h2>&nbsp;<\/h2>\n<h2><strong>PROPRI\u00c9T\u00c9 INTELLECTUELLE ET CONTRE CONTRE CONTRE PROPRI\u00c9T\u00c9<\/strong><\/h2>\n<p><strong>Piston Addict<\/strong> est propri\u00e9taire des droits de propri\u00e9t\u00e9 intellectuelle ou d\u00e9tient les droits d&#8217;usage sur tous les \u00e9l\u00e9ments accessibles sur le site, notamment les textes, images, graphismes, logo, ic\u00f4nes, sons, logiciels.<\/p>\n<p>Toute reproduction, repr\u00e9sentation, modification, publication, adaptation de tout ou partie des \u00e9l\u00e9ments du site, quel que soit le moyen ou le proc\u00e9d\u00e9 utilis\u00e9, est interdite, sauf autorisation \u00e9crite pr\u00e9alable de <strong>Piston Addict<\/strong>.<\/p>\n<p>Toute utilisation non autoris\u00e9e du site ou de l&#8217;un des \u00e9l\u00e9ments qu&#8217;il contient sera consid\u00e9r\u00e9e comme constitutive d&#8217;une contrefa\u00e7on et poursuivie conform\u00e9ment aux dispositions des articles L.335-2 et suivants du Code de la propri\u00e9t\u00e9 intellectuelle.<\/p>\n<h2>&nbsp;<\/h2>\n<h2><strong>LIMITATIONS DE RESPONSABILIT\u00c9<\/strong><\/h2>\n<p><strong>Piston Addict<\/strong> ne pourra \u00eatre tenue responsable des dommages directs et indirects caus\u00e9s au mat\u00e9riel de l&#8217;utilisateur, lors de l&#8217;acc\u00e8s au site https:\/\/www.pistonaddict.com, et r\u00e9sultant soit de l&#8217;utilisation d&#8217;un mat\u00e9riel ne r\u00e9pondant pas aux sp\u00e9cifications indiqu\u00e9es au point 4, soit de l&#8217;apparition d&#8217;un bug ou d&#8217;une incompatibilit\u00e9.<\/p>\n<p><strong>Piston Addict<\/strong> ne pourra \u00e9galement \u00eatre tenu responsable des dommages indirects (tels que perte de march\u00e9 ou perte d&#8217;une chance) cons\u00e9cutifs \u00e0 l&#8217;utilisation du site https:\/\/www.pistonaddict.com. Des espaces interactifs (possibilit\u00e9 de poser des questions dans l&#8217;espace contact) sont \u00e0 la disposition des utilisateurs.<\/p>\n<p><strong>Piston Addict<\/strong> se r\u00e9serve le droit de supprimer, sans mise en demeure pr\u00e9alable, tout contenu d\u00e9pos\u00e9 dans cet espace qui contreviendrait \u00e0 la l\u00e9gislation applicable en France, en particulier aux dispositions relatives \u00e0 la protection des donn\u00e9es.<\/p>\n<p>Le cas \u00e9ch\u00e9ant, <strong>Piston Addict<\/strong> se r\u00e9serve \u00e9galement la possibilit\u00e9 de mettre en cause la responsabilit\u00e9 civile et\/ou p\u00e9nale de l&#8217;utilisateur, notamment en cas de message \u00e0 caract\u00e8re raciste, injurieux, diffamant, ou pornographique, quel que soit le support utilis\u00e9 (texte, photographie&#8230;).<\/p>\n<h2>&nbsp;<\/h2>\n<h2><strong>LA GESTION DES DONN\u00c9ES PERSONNELLES<\/strong><\/h2>\n<p>En France, les donn\u00e9es personnelles sont notamment prot\u00e9g\u00e9es par la loi n\u00b0 78-87 du 6 janvier 1978, la loi n\u00b0 2004-801 du 6 ao\u00fbt 2004, l&#8217;article L. 226-13 du Code p\u00e9nal et la directive europ\u00e9enne du 24 octobre 1995 et par le r\u00e8glement (UE) 2016\/679 du Parlement europ\u00e9en et du Conseil du 27 avril 2016.<\/p>\n<p>Lors de l&#8217;utilisation du site https:\/\/www.pistonaddict.com, les \u00e9l\u00e9ments suivants peuvent \u00eatre collect\u00e9s : l&#8217;URL des liens par l&#8217;interm\u00e9diaire desquels l&#8217;utilisateur a acc\u00e9d\u00e9 au site https:\/\/www.pistonaddict.com , le fournisseur d&#8217;acc\u00e8s de l&#8217;utilisateur, l&#8217;adresse de protocole Internet (IP) de l&#8217;utilisateur.<\/p>\n<p>En tout \u00e9tat de cause <strong>Piston Addict<\/strong> ne collecte des informations personnelles relatives \u00e0 l&#8217;utilisateur que pour le besoin de certains services propos\u00e9s par le site https:\/\/www.pistonaddict.com.<\/p>\n<p>L&#8217;utilisateur fournit ces informations en toute connaissance de cause, notamment lorsqu&#8217;il les saisit lui-m\u00eame. Il est alors pr\u00e9cis\u00e9 \u00e0 l&#8217;utilisateur du site https:\/\/www.pistonaddict.com l&#8217;obligation ou non de fournir ces informations. Conform\u00e9ment aux dispositions des articles 38 et suivants de la loi 78-17 du 6 janvier 1978 relative \u00e0 l&#8217;informatique, aux fichiers et aux libert\u00e9s ainsi qu&#8217;aux dispositions du chapitre 3 du R\u00e8glement G\u00e9n\u00e9ral sur la Protection des Donn\u00e9es, tout utilisateur dispose d&#8217;un droit d&#8217;acc\u00e8s, de rectification et d&#8217;opposition aux donn\u00e9es personnelles le concernant, en effectuant sa demande \u00e9crite et sign\u00e9e, accompagn\u00e9e d&#8217;une copie du titre d&#8217;identit\u00e9 avec signature du titulaire de la pi\u00e8ce, en pr\u00e9cisant l&#8217;adresse \u00e0 laquelle la r\u00e9ponse doit \u00eatre envoy\u00e9e.<\/p>\n<p>Aucune information personnelle de l&#8217;utilisateur du site https:\/\/www.pistonaddict.com n&#8217;est publi\u00e9e \u00e0 l&#8217;insu de l&#8217;utilisateur, \u00e9chang\u00e9e, transf\u00e9r\u00e9e, c\u00e9d\u00e9e ou vendue sur un support quelconque \u00e0 des tiers.<\/p>\n<p>Seule l&#8217;hypoth\u00e8se du rachat de <strong>Piston Addict<\/strong> et de ses droits permettrait la transmission des dites informations \u00e0 l&#8217;\u00e9ventuel acqu\u00e9reur qui serait \u00e0 son tour tenu de la m\u00eame obligation de conservation et de modification des donn\u00e9es vis \u00e0 vis de l&#8217;utilisateur du site. https:\/\/www.pistonaddict.com.<\/p>\n<p>Le site n&#8217;est pas d\u00e9clar\u00e9 \u00e0 la CNIL car il ne collecte pas d&#8217;informations personnelles sans le consentement des personnes concern\u00e9es. Les bases de donn\u00e9es sont prot\u00e9g\u00e9es par les dispositions de la loi du 1er juillet 1998 transposant la directive 96\/9 du 11 mars 1996 relative \u00e0 la protection juridique des bases de donn\u00e9es.<\/p>\n<p><span lang=\"en\">Pour exercer vos droits sur vos donn\u00e9es personnelles ou pour toute question les concernant, vous pouvez contacter notre d\u00e9l\u00e9gu\u00e9 \u00e0 la protection des donn\u00e9es \u00e0 l&#8217;adresse suivante : dpo@pistonaddict.com.<\/span><\/p>\n<h2>&nbsp;<\/h2>\n<h2><strong>LIENS HYPERTEXTES ET COOKIES<\/strong><\/h2>\n<p>Le site https:\/\/www.pistonaddict.com contient un certain nombre de liens hypertextes vers d&#8217;autres sites, mis en place avec l&#8217;autorisation de <strong>Piston Addict<\/strong>. Cependant, <strong>Piston Addict<\/strong> n&#8217;a pas la possibilit\u00e9 de v\u00e9rifier le contenu des sites ainsi visit\u00e9s, et n&#8217;assumera en cons\u00e9quence aucune responsabilit\u00e9 de ce fait.<\/p>\n<p>La navigation sur le site https:\/\/www.pistonaddict.com est susceptible de provoquer l&#8217;installation de cookie(s) sur l&#8217;ordinateur de l&#8217;utilisateur. Un cookie est un petit fichier, qui ne permet pas d&#8217;identifier l&#8217;utilisateur, mais qui enregistre des informations relatives \u00e0 la navigation d&#8217;un ordinateur sur un site.<\/p>\n<p>Les donn\u00e9es ainsi obtenues sont destin\u00e9es \u00e0 faciliter la navigation ult\u00e9rieure sur le site, et sont \u00e9galement destin\u00e9es \u00e0 permettre diverses mesures de fr\u00e9quentation.<\/p>\n<p>Le refus d&#8217;installer un cookie peut rendre impossible l&#8217;acc\u00e8s \u00e0 certains services. Toutefois, l&#8217;utilisateur peut configurer son ordinateur de la mani\u00e8re suivante pour refuser l&#8217;installation de cookies :<\/p>\n<ul>\n<li>Sous Internet Explorer : onglet outil (pictogramme en forme de roue dent\u00e9e en haut \u00e0 droite) \/ options internet. Cliquez sur Confidentialit\u00e9 et choisissez Bloquer tous les cookies. Valider sur Ok.<\/li>\n<li>Sous Firefox : en haut de la fen\u00eatre du navigateur, cliquez sur le bouton Firefox, puis allez dans l&#8217;onglet Options. Cliquez sur l&#8217;onglet Confidentialit\u00e9. D\u00e9finissez les r\u00e8gles de r\u00e9tention sur : utiliser les param\u00e8tres personnalis\u00e9s pour l&#8217;historique. Enfin, d\u00e9cochez la case pour d\u00e9sactiver les cookies.<\/li>\n<li>Sous Safari : Cliquez en haut \u00e0 droite du navigateur sur l&#8217;ic\u00f4ne du menu (symbolis\u00e9 par un rouage). S\u00e9lectionnez Param\u00e8tres. Cliquez sur Afficher les param\u00e8tres avanc\u00e9s. Dans la section &#8220;Confidentialit\u00e9&#8221;, cliquez sur &#8220;Param\u00e8tres de contenu&#8221;. Dans la section &#8220;Cookies&#8221;, vous pouvez bloquer les cookies.<\/li>\n<li>Dans Chrome : Cliquez en haut \u00e0 droite du navigateur sur l&#8217;ic\u00f4ne du menu (symbolis\u00e9 par trois lignes horizontales). S\u00e9lectionnez Param\u00e8tres. Cliquez sur Afficher les param\u00e8tres avanc\u00e9s. Dans la section &#8220;Confidentialit\u00e9&#8221;, cliquez sur &#8220;Pr\u00e9f\u00e9rences&#8221;. Dans l&#8217;onglet &#8220;Confidentialit\u00e9&#8221;, vous pouvez bloquer les cookies.<\/li>\n<\/ul>\n<h2>&nbsp;<\/h2>\n<h2><strong>LOI APPLICABLE ET ATTRIBUTION DE JURIDICTION<\/strong><\/h2>\n<p>Tout litige en relation avec l&#8217;utilisation du site https:\/\/www.pistonaddict.com est soumis au droit suisse. La comp\u00e9tence exclusive est donn\u00e9e aux tribunaux comp\u00e9tents de Gen\u00e8ve.<\/p>\n<h2>&nbsp;<\/h2>\n<h2><strong>LES PRINCIPALES LOIS CONCERN\u00c9ES<\/strong><\/h2>\n<p>Loi n\u00b0 78-87 du 6 janvier 1978, notamment modifi\u00e9e par la loi n\u00b0 2004-801 du 6 ao\u00fbt 2004 relative \u00e0 l&#8217;informatique, aux fichiers et aux libert\u00e9s. Loi n\u00b0 2004-575 du 21 juin 2004 pour la confiance dans l&#8217;\u00e9conomie num\u00e9rique. Sections 2, 3, 4 et 5 du chapitre 3 du r\u00e8glement g\u00e9n\u00e9ral sur la protection des donn\u00e9es.<\/p>\n<h2>&nbsp;<\/h2>\n<h2><strong>LEXICON<\/strong><\/h2>\n<p>Utilisateur : internaute se connectant, utilisant le site pr\u00e9cit\u00e9.<\/p>\n<p>Informations personnelles : &#8221; les informations qui permettent, sous quelque forme que ce soit, directement ou indirectement, l&#8217;identification des personnes physiques auxquelles elles s&#8217;appliquent &#8221; (article 4 de la loi n\u00b0 78-17 du 6 janvier 1978).<\/p>\n<h2>&nbsp;<\/h2>\n<h2>DROITS D&#8217;AUTEUR<\/h2>\n<p><a title=\"key icons\" href=\"https:\/\/www.flaticon.com\/free-icons\/key\">Ic\u00f4nes cl\u00e9s cr\u00e9\u00e9es par Good Ware &#8211; Flaticon<br><\/a><\/p>\n<p><strong>Piston Addict<\/strong> est une marque d\u00e9pos\u00e9e, tous droits r\u00e9serv\u00e9s.<\/p>\t\t\t\t\t\t<\/div>\n\t\t\t\t<\/div>\n\t\t\t\t\t<\/div>\n\t\t<\/div>\n\t\t\t\t\t<\/div>\n\t\t<\/section>\n\t\t\t\t<\/div>\n\t\t","protected":false},"excerpt":{"rendered":"<p>PR\u00c9SENTATION DU SITE WEB En vertu de l&#8217;article 6 de la loi n\u00b0 2004-575 du 21 juin 2004 pour la confiance dans l&#8217;\u00e9conomie num\u00e9rique et en application du R\u00e8glement g\u00e9n\u00e9ral sur la protection des donn\u00e9es [R\u00e8glement (UE) 2016\/679], il est pr\u00e9cis\u00e9 aux utilisateurs du site : https:\/\/www.pistonaddict.com, l&#8217;identit\u00e9 des diff\u00e9rents intervenants dans le cadre de &#8230; <a title=\"Mentions l\u00e9gales\" class=\"read-more\" href=\"https:\/\/pistonaddict.com\/fr\/mentions-legales\/\">Lire la suite<span class=\"screen-reader-text\">Mentions l\u00e9gales<\/span><\/a><\/p>\n","protected":false},"author":1,"featured_media":0,"parent":0,"menu_order":0,"comment_status":"closed","ping_status":"closed","template":"","meta":{"inline_featured_image":false,"footnotes":""},"acf":[],"yoast_head":"<!-- This site is optimized with the Yoast SEO plugin v22.5 - https:\/\/yoast.com\/wordpress\/plugins\/seo\/ -->\n<title>Mentions l\u00e9gales - Piston Addict<\/title>\n<meta name=\"robots\" content=\"index, follow, max-snippet:-1, max-image-preview:large, max-video-preview:-1\" \/>\n<link rel=\"canonical\" href=\"https:\/\/pistonaddict.com\/fr\/mentions-legales\/\" \/>\n<meta property=\"og:locale\" content=\"fr_FR\" \/>\n<meta property=\"og:type\" content=\"article\" \/>\n<meta property=\"og:title\" content=\"Mentions l\u00e9gales - Piston Addict\" \/>\n<meta property=\"og:description\" content=\"PR\u00c9SENTATION DU SITE WEB En vertu de l&#8217;article 6 de la loi n\u00b0 2004-575 du 21 juin 2004 pour la confiance dans l&#8217;\u00e9conomie num\u00e9rique et en application du R\u00e8glement g\u00e9n\u00e9ral sur la protection des donn\u00e9es [R\u00e8glement (UE) 2016\/679], il est pr\u00e9cis\u00e9 aux utilisateurs du site : https:\/\/www.pistonaddict.com, l&#8217;identit\u00e9 des diff\u00e9rents intervenants dans le cadre de ... Lire la suiteMentions l\u00e9gales\" \/>\n<meta property=\"og:url\" content=\"https:\/\/pistonaddict.com\/fr\/mentions-legales\/\" \/>\n<meta property=\"og:site_name\" content=\"Piston Addict\" \/>\n<meta property=\"article:modified_time\" content=\"2024-10-26T06:17:33+00:00\" \/>\n<meta name=\"twitter:card\" content=\"summary_large_image\" \/>\n<meta name=\"twitter:label1\" content=\"Dur\u00e9e de lecture estim\u00e9e\" \/>\n\t<meta name=\"twitter:data1\" content=\"8 minutes\" \/>\n<script type=\"application\/ld+json\" class=\"yoast-schema-graph\">{\"@context\":\"https:\/\/schema.org\",\"@graph\":[{\"@type\":\"WebPage\",\"@id\":\"https:\/\/pistonaddict.com\/fr\/mentions-legales\/\",\"url\":\"https:\/\/pistonaddict.com\/fr\/mentions-legales\/\",\"name\":\"Mentions l\u00e9gales - Piston Addict\",\"isPartOf\":{\"@id\":\"https:\/\/pistonaddict.com\/fr\/#website\"},\"datePublished\":\"2022-04-29T09:18:33+00:00\",\"dateModified\":\"2024-10-26T06:17:33+00:00\",\"breadcrumb\":{\"@id\":\"https:\/\/pistonaddict.com\/fr\/mentions-legales\/#breadcrumb\"},\"inLanguage\":\"fr-FR\",\"potentialAction\":[{\"@type\":\"ReadAction\",\"target\":[\"https:\/\/pistonaddict.com\/fr\/mentions-legales\/\"]}]},{\"@type\":\"BreadcrumbList\",\"@id\":\"https:\/\/pistonaddict.com\/fr\/mentions-legales\/#breadcrumb\",\"itemListElement\":[{\"@type\":\"ListItem\",\"position\":1,\"name\":\"Homepage\",\"item\":\"https:\/\/pistonaddict.com\/fr\/page-daccueil\/\"},{\"@type\":\"ListItem\",\"position\":2,\"name\":\"Mentions l\u00e9gales\"}]},{\"@type\":\"WebSite\",\"@id\":\"https:\/\/pistonaddict.com\/fr\/#website\",\"url\":\"https:\/\/pistonaddict.com\/fr\/\",\"name\":\"Piston Addict\",\"description\":\"Only interesting vehicles\",\"publisher\":{\"@id\":\"https:\/\/pistonaddict.com\/fr\/#organization\"},\"potentialAction\":[{\"@type\":\"SearchAction\",\"target\":{\"@type\":\"EntryPoint\",\"urlTemplate\":\"https:\/\/pistonaddict.com\/fr\/?s={search_term_string}\"},\"query-input\":\"required name=search_term_string\"}],\"inLanguage\":\"fr-FR\"},{\"@type\":\"Organization\",\"@id\":\"https:\/\/pistonaddict.com\/fr\/#organization\",\"name\":\"Piston Addict\",\"url\":\"https:\/\/pistonaddict.com\/fr\/\",\"logo\":{\"@type\":\"ImageObject\",\"inLanguage\":\"fr-FR\",\"@id\":\"https:\/\/pistonaddict.com\/fr\/#\/schema\/logo\/image\/\",\"url\":\"https:\/\/pistonaddict.com\/wp-content\/uploads\/2022\/07\/logo-6.png\",\"contentUrl\":\"https:\/\/pistonaddict.com\/wp-content\/uploads\/2022\/07\/logo-6.png\",\"width\":970,\"height\":200,\"caption\":\"Piston Addict\"},\"image\":{\"@id\":\"https:\/\/pistonaddict.com\/fr\/#\/schema\/logo\/image\/\"}}]}<\/script>\n<!-- \/ Yoast SEO plugin. -->","yoast_head_json":{"title":"Mentions l\u00e9gales - Piston Addict","robots":{"index":"index","follow":"follow","max-snippet":"max-snippet:-1","max-image-preview":"max-image-preview:large","max-video-preview":"max-video-preview:-1"},"canonical":"https:\/\/pistonaddict.com\/fr\/mentions-legales\/","og_locale":"fr_FR","og_type":"article","og_title":"Mentions l\u00e9gales - Piston Addict","og_description":"PR\u00c9SENTATION DU SITE WEB En vertu de l&#8217;article 6 de la loi n\u00b0 2004-575 du 21 juin 2004 pour la confiance dans l&#8217;\u00e9conomie num\u00e9rique et en application du R\u00e8glement g\u00e9n\u00e9ral sur la protection des donn\u00e9es [R\u00e8glement (UE) 2016\/679], il est pr\u00e9cis\u00e9 aux utilisateurs du site : https:\/\/www.pistonaddict.com, l&#8217;identit\u00e9 des diff\u00e9rents intervenants dans le cadre de ... Lire la suiteMentions l\u00e9gales","og_url":"https:\/\/pistonaddict.com\/fr\/mentions-legales\/","og_site_name":"Piston Addict","article_modified_time":"2024-10-26T06:17:33+00:00","twitter_card":"summary_large_image","twitter_misc":{"Dur\u00e9e de lecture estim\u00e9e":"8 minutes"},"schema":{"@context":"https:\/\/schema.org","@graph":[{"@type":"WebPage","@id":"https:\/\/pistonaddict.com\/fr\/mentions-legales\/","url":"https:\/\/pistonaddict.com\/fr\/mentions-legales\/","name":"Mentions l\u00e9gales - Piston Addict","isPartOf":{"@id":"https:\/\/pistonaddict.com\/fr\/#website"},"datePublished":"2022-04-29T09:18:33+00:00","dateModified":"2024-10-26T06:17:33+00:00","breadcrumb":{"@id":"https:\/\/pistonaddict.com\/fr\/mentions-legales\/#breadcrumb"},"inLanguage":"fr-FR","potentialAction":[{"@type":"ReadAction","target":["https:\/\/pistonaddict.com\/fr\/mentions-legales\/"]}]},{"@type":"BreadcrumbList","@id":"https:\/\/pistonaddict.com\/fr\/mentions-legales\/#breadcrumb","itemListElement":[{"@type":"ListItem","position":1,"name":"Homepage","item":"https:\/\/pistonaddict.com\/fr\/page-daccueil\/"},{"@type":"ListItem","position":2,"name":"Mentions l\u00e9gales"}]},{"@type":"WebSite","@id":"https:\/\/pistonaddict.com\/fr\/#website","url":"https:\/\/pistonaddict.com\/fr\/","name":"Piston Addict","description":"Only interesting vehicles","publisher":{"@id":"https:\/\/pistonaddict.com\/fr\/#organization"},"potentialAction":[{"@type":"SearchAction","target":{"@type":"EntryPoint","urlTemplate":"https:\/\/pistonaddict.com\/fr\/?s={search_term_string}"},"query-input":"required name=search_term_string"}],"inLanguage":"fr-FR"},{"@type":"Organization","@id":"https:\/\/pistonaddict.com\/fr\/#organization","name":"Piston Addict","url":"https:\/\/pistonaddict.com\/fr\/","logo":{"@type":"ImageObject","inLanguage":"fr-FR","@id":"https:\/\/pistonaddict.com\/fr\/#\/schema\/logo\/image\/","url":"https:\/\/pistonaddict.com\/wp-content\/uploads\/2022\/07\/logo-6.png","contentUrl":"https:\/\/pistonaddict.com\/wp-content\/uploads\/2022\/07\/logo-6.png","width":970,"height":200,"caption":"Piston Addict"},"image":{"@id":"https:\/\/pistonaddict.com\/fr\/#\/schema\/logo\/image\/"}}]}},"_links":{"self":[{"href":"https:\/\/pistonaddict.com\/fr\/wp-json\/wp\/v2\/pages\/331"}],"collection":[{"href":"https:\/\/pistonaddict.com\/fr\/wp-json\/wp\/v2\/pages"}],"about":[{"href":"https:\/\/pistonaddict.com\/fr\/wp-json\/wp\/v2\/types\/page"}],"author":[{"embeddable":true,"href":"https:\/\/pistonaddict.com\/fr\/wp-json\/wp\/v2\/users\/1"}],"replies":[{"embeddable":true,"href":"https:\/\/pistonaddict.com\/fr\/wp-json\/wp\/v2\/comments?post=331"}],"version-history":[{"count":33,"href":"https:\/\/pistonaddict.com\/fr\/wp-json\/wp\/v2\/pages\/331\/revisions"}],"predecessor-version":[{"id":111609,"href":"https:\/\/pistonaddict.com\/fr\/wp-json\/wp\/v2\/pages\/331\/revisions\/111609"}],"wp:attachment":[{"href":"https:\/\/pistonaddict.com\/fr\/wp-json\/wp\/v2\/media?parent=331"}],"curies":[{"name":"wp","href":"https:\/\/api.w.org\/{rel}","templated":true}]}}