{"id":26222,"date":"2022-04-29T11:20:06","date_gmt":"2022-04-29T09:20:06","guid":{"rendered":"https:\/\/pistonaddict.com\/regles-relatives-aux-commentaires\/"},"modified":"2023-02-05T11:11:46","modified_gmt":"2023-02-05T10:11:46","slug":"regles-relatives-aux-commentaires","status":"publish","type":"page","link":"https:\/\/pistonaddict.com\/fr\/regles-relatives-aux-commentaires\/","title":{"rendered":"R\u00e8gles relatives aux commentaires"},"content":{"rendered":"\t\t<div data-elementor-type=\"wp-page\" data-elementor-id=\"26222\" class=\"elementor elementor-26222 elementor-3043\">\n\t\t\t\t\t\t<section class=\"elementor-section elementor-top-section elementor-element elementor-element-01b8fa5 elementor-section-boxed elementor-section-height-default elementor-section-height-default\" data-id=\"01b8fa5\" data-element_type=\"section\">\n\t\t\t\t\t\t<div class=\"elementor-container elementor-column-gap-default\">\n\t\t\t\t\t<div class=\"elementor-column elementor-col-100 elementor-top-column elementor-element elementor-element-19e2c1c\" data-id=\"19e2c1c\" data-element_type=\"column\">\n\t\t\t<div class=\"elementor-widget-wrap elementor-element-populated\">\n\t\t\t\t\t\t<div class=\"elementor-element elementor-element-9413b6d elementor-widget elementor-widget-text-editor\" data-id=\"9413b6d\" data-element_type=\"widget\" data-widget_type=\"text-editor.default\">\n\t\t\t\t<div class=\"elementor-widget-container\">\n\t\t\t<style>\/*! elementor - v3.21.0 - 18-04-2024 *\/\n.elementor-widget-text-editor.elementor-drop-cap-view-stacked .elementor-drop-cap{background-color:#69727d;color:#fff}.elementor-widget-text-editor.elementor-drop-cap-view-framed .elementor-drop-cap{color:#69727d;border:3px solid;background-color:transparent}.elementor-widget-text-editor:not(.elementor-drop-cap-view-default) .elementor-drop-cap{margin-top:8px}.elementor-widget-text-editor:not(.elementor-drop-cap-view-default) .elementor-drop-cap-letter{width:1em;height:1em}.elementor-widget-text-editor .elementor-drop-cap{float:left;text-align:center;line-height:1;font-size:50px}.elementor-widget-text-editor .elementor-drop-cap-letter{display:inline-block}<\/style>\t\t\t\t<\/p>\n<h2> <\/h2>\n<h2>R\u00e8gle 1. Soyez constructif et non n\u00e9gatif<\/h2>\n<p>Il est plus facile de dire que vous n&#8217;aimez pas quelque chose, et parfois cela peut \u00eatre justifi\u00e9. En revanche, il est plus int\u00e9ressant de dire comment vous pourriez l&#8217;am\u00e9liorer. La valeur r\u00e9elle est ajout\u00e9e lorsque vous pouvez pr\u00e9ciser ce qui ne va pas et comment l&#8217;embellir.<\/p>\n<h2> <\/h2>\n<h2>R\u00e8gle 2. L&#8217;exp\u00e9rience gagne<\/h2>\n<p>Les autres lecteurs accordent beaucoup plus d&#8217;importance \u00e0 votre opinion si elle provient d&#8217;une exp\u00e9rience pertinente. Si vous connaissez l&#8217;histoire d&#8217;un v\u00e9hicule particulier, ou si vous en savez beaucoup sur la marque ou le mod\u00e8le en question, vous avez beaucoup plus de chances d&#8217;\u00eatre int\u00e9ressant.<\/p>\n<h2> <\/h2>\n<h2>R\u00e8gle 3. Parlez des voitures, pas des autres<\/h2>\n<p>Tout le monde a le droit d&#8217;avoir une opinion, m\u00eame si vous n&#8217;\u00eates pas d&#8217;accord avec elle. Les critiques sur le caract\u00e8re, les go\u00fbts ou la nature g\u00e9n\u00e9rale des autres membres n&#8217;ont pas leur place.<\/p>\n<h2> <\/h2>\n<h2>R\u00e8gle 4. Le march\u00e9 fixe le prix<\/h2>\n<p>Piston Addict est un march\u00e9 libre o\u00f9 le vendeur et l&#8217;acheteur d\u00e9terminent le prix, donc dire que quelque chose est trop cher ou trop bon march\u00e9 ne veut rien dire du tout. Un objet vaut ce que quelqu&#8217;un est pr\u00eat \u00e0 payer.<\/p>\n<h2> <\/h2>\n<h2>R\u00e8gle 5. Si vous n&#8217;avez pas lu tous les autres commentaires, vous n&#8217;\u00eates pas pr\u00eat \u00e0 laisser le v\u00f4tre.<\/h2>\n<p>C&#8217;est l&#8217;\u00e9quivalent num\u00e9rique d&#8217;\u00e9couter avant de parler.<\/p>\n<h2> <\/h2>\n<h2>R\u00e8gle 6. Aucun achat, vente ou information de contact n&#8217;est autoris\u00e9 dans la section des commentaires.<\/h2>\n<p>Si vous avez une voiture \u00e0 vendre, veuillez nous la soumettre via le formulaire de soumission. Demandes d&#8217;achat, adresses \u00e9lectroniques et num\u00e9ros de t\u00e9l\u00e9phone publi\u00e9s dans les commentaires  <br \/>sera supprim\u00e9.<\/p>\n<h2> <\/h2>\n<h2>R\u00e8gle 7. Tout le monde est le bienvenu<\/h2>\n<p>Les membres de notre communaut\u00e9 sont aussi divers que la s\u00e9lection de voitures que nous proposons. Les commentaires politiques, misogynes ou homophobes ne sont pas autoris\u00e9s.<\/p>\n<h2> <\/h2>\n<h2>Fonctionnalit\u00e9 des commentaires<\/h2>\n<p><strong>Modification des commentaires :<\/strong> les commentaires peuvent \u00eatre modifi\u00e9s par leur auteur apr\u00e8s leur publication, sans limite de temps. Cliquez sur le lien rouge &#8220;Modifier&#8221; pr\u00e9vu \u00e0 cet effet.<\/p>\n<p><strong>Signaler comme non constructif :<\/strong> Si un commentaire enfreint les r\u00e8gles ci-dessus, veuillez cliquer sur le lien &#8220;Signaler&#8221; pour qu&#8217;il soit revu ou supprim\u00e9. Nous examinons tous les commentaires signal\u00e9s et prenons la d\u00e9cision finale quant \u00e0 leur r\u00e9int\u00e9gration ou leur suppression.<br \/>Nous voulons que la conversation sur ce site soit de qualit\u00e9.<\/p>\n<p><strong>Premiers commentaires : Tous les premiers<\/strong> commentaires sont mod\u00e9r\u00e9s, et un commentaire ne sera pas publi\u00e9 sur le site avant d&#8217;avoir \u00e9t\u00e9 examin\u00e9 par le personnel de Piston Addict. Apr\u00e8s avoir post\u00e9 un commentaire pour la premi\u00e8re fois, celui-ci ne sera plus mod\u00e9r\u00e9.<\/p>\n\t\t\t\t\t\t<\/div>\n\t\t\t\t<\/div>\n\t\t\t\t\t<\/div>\n\t\t<\/div>\n\t\t\t\t\t<\/div>\n\t\t<\/section>\n\t\t\t\t<\/div>\n\t\t","protected":false},"excerpt":{"rendered":"<p>R\u00e8gle 1. Soyez constructif et non n\u00e9gatif Il est plus facile de dire que vous n&#8217;aimez pas quelque chose, et parfois cela peut \u00eatre justifi\u00e9. En revanche, il est plus int\u00e9ressant de dire comment vous pourriez l&#8217;am\u00e9liorer. La valeur r\u00e9elle est ajout\u00e9e lorsque vous pouvez pr\u00e9ciser ce qui ne va pas et comment l&#8217;embellir. R\u00e8gle &#8230; <a title=\"R\u00e8gles relatives aux commentaires\" class=\"read-more\" href=\"https:\/\/pistonaddict.com\/fr\/regles-relatives-aux-commentaires\/\">Lire la suite<span class=\"screen-reader-text\">R\u00e8gles relatives aux commentaires<\/span><\/a><\/p>\n","protected":false},"author":1,"featured_media":0,"parent":0,"menu_order":0,"comment_status":"closed","ping_status":"closed","template":"","meta":{"inline_featured_image":false,"footnotes":""},"acf":[],"yoast_head":"<!-- This site is optimized with the Yoast SEO plugin v22.5 - https:\/\/yoast.com\/wordpress\/plugins\/seo\/ -->\n<title>R\u00e8gles relatives aux commentaires - Piston Addict<\/title>\n<meta name=\"robots\" content=\"index, follow, max-snippet:-1, max-image-preview:large, max-video-preview:-1\" \/>\n<link rel=\"canonical\" href=\"https:\/\/pistonaddict.com\/fr\/regles-relatives-aux-commentaires\/\" \/>\n<meta property=\"og:locale\" content=\"fr_FR\" \/>\n<meta property=\"og:type\" content=\"article\" \/>\n<meta property=\"og:title\" content=\"R\u00e8gles relatives aux commentaires - Piston Addict\" \/>\n<meta property=\"og:description\" content=\"R\u00e8gle 1. Soyez constructif et non n\u00e9gatif Il est plus facile de dire que vous n&#8217;aimez pas quelque chose, et parfois cela peut \u00eatre justifi\u00e9. En revanche, il est plus int\u00e9ressant de dire comment vous pourriez l&#8217;am\u00e9liorer. La valeur r\u00e9elle est ajout\u00e9e lorsque vous pouvez pr\u00e9ciser ce qui ne va pas et comment l&#8217;embellir. R\u00e8gle ... Lire la suiteR\u00e8gles relatives aux commentaires\" \/>\n<meta property=\"og:url\" content=\"https:\/\/pistonaddict.com\/fr\/regles-relatives-aux-commentaires\/\" \/>\n<meta property=\"og:site_name\" content=\"Piston Addict\" \/>\n<meta property=\"article:modified_time\" content=\"2023-02-05T10:11:46+00:00\" \/>\n<meta name=\"twitter:card\" content=\"summary_large_image\" \/>\n<meta name=\"twitter:label1\" content=\"Dur\u00e9e de lecture estim\u00e9e\" \/>\n\t<meta name=\"twitter:data1\" content=\"2 minutes\" \/>\n<script type=\"application\/ld+json\" class=\"yoast-schema-graph\">{\"@context\":\"https:\/\/schema.org\",\"@graph\":[{\"@type\":\"WebPage\",\"@id\":\"https:\/\/pistonaddict.com\/fr\/regles-relatives-aux-commentaires\/\",\"url\":\"https:\/\/pistonaddict.com\/fr\/regles-relatives-aux-commentaires\/\",\"name\":\"R\u00e8gles relatives aux commentaires - Piston Addict\",\"isPartOf\":{\"@id\":\"https:\/\/pistonaddict.com\/fr\/#website\"},\"datePublished\":\"2022-04-29T09:20:06+00:00\",\"dateModified\":\"2023-02-05T10:11:46+00:00\",\"breadcrumb\":{\"@id\":\"https:\/\/pistonaddict.com\/fr\/regles-relatives-aux-commentaires\/#breadcrumb\"},\"inLanguage\":\"fr-FR\",\"potentialAction\":[{\"@type\":\"ReadAction\",\"target\":[\"https:\/\/pistonaddict.com\/fr\/regles-relatives-aux-commentaires\/\"]}]},{\"@type\":\"BreadcrumbList\",\"@id\":\"https:\/\/pistonaddict.com\/fr\/regles-relatives-aux-commentaires\/#breadcrumb\",\"itemListElement\":[{\"@type\":\"ListItem\",\"position\":1,\"name\":\"Homepage\",\"item\":\"https:\/\/pistonaddict.com\/fr\/page-daccueil\/\"},{\"@type\":\"ListItem\",\"position\":2,\"name\":\"R\u00e8gles relatives aux commentaires\"}]},{\"@type\":\"WebSite\",\"@id\":\"https:\/\/pistonaddict.com\/fr\/#website\",\"url\":\"https:\/\/pistonaddict.com\/fr\/\",\"name\":\"Piston Addict\",\"description\":\"Only interesting vehicles\",\"publisher\":{\"@id\":\"https:\/\/pistonaddict.com\/fr\/#organization\"},\"potentialAction\":[{\"@type\":\"SearchAction\",\"target\":{\"@type\":\"EntryPoint\",\"urlTemplate\":\"https:\/\/pistonaddict.com\/fr\/?s={search_term_string}\"},\"query-input\":\"required name=search_term_string\"}],\"inLanguage\":\"fr-FR\"},{\"@type\":\"Organization\",\"@id\":\"https:\/\/pistonaddict.com\/fr\/#organization\",\"name\":\"Piston Addict\",\"url\":\"https:\/\/pistonaddict.com\/fr\/\",\"logo\":{\"@type\":\"ImageObject\",\"inLanguage\":\"fr-FR\",\"@id\":\"https:\/\/pistonaddict.com\/fr\/#\/schema\/logo\/image\/\",\"url\":\"https:\/\/pistonaddict.com\/wp-content\/uploads\/2022\/07\/logo-6.png\",\"contentUrl\":\"https:\/\/pistonaddict.com\/wp-content\/uploads\/2022\/07\/logo-6.png\",\"width\":970,\"height\":200,\"caption\":\"Piston Addict\"},\"image\":{\"@id\":\"https:\/\/pistonaddict.com\/fr\/#\/schema\/logo\/image\/\"}}]}<\/script>\n<!-- \/ Yoast SEO plugin. -->","yoast_head_json":{"title":"R\u00e8gles relatives aux commentaires - Piston Addict","robots":{"index":"index","follow":"follow","max-snippet":"max-snippet:-1","max-image-preview":"max-image-preview:large","max-video-preview":"max-video-preview:-1"},"canonical":"https:\/\/pistonaddict.com\/fr\/regles-relatives-aux-commentaires\/","og_locale":"fr_FR","og_type":"article","og_title":"R\u00e8gles relatives aux commentaires - Piston Addict","og_description":"R\u00e8gle 1. Soyez constructif et non n\u00e9gatif Il est plus facile de dire que vous n&#8217;aimez pas quelque chose, et parfois cela peut \u00eatre justifi\u00e9. En revanche, il est plus int\u00e9ressant de dire comment vous pourriez l&#8217;am\u00e9liorer. La valeur r\u00e9elle est ajout\u00e9e lorsque vous pouvez pr\u00e9ciser ce qui ne va pas et comment l&#8217;embellir. R\u00e8gle ... Lire la suiteR\u00e8gles relatives aux commentaires","og_url":"https:\/\/pistonaddict.com\/fr\/regles-relatives-aux-commentaires\/","og_site_name":"Piston Addict","article_modified_time":"2023-02-05T10:11:46+00:00","twitter_card":"summary_large_image","twitter_misc":{"Dur\u00e9e de lecture estim\u00e9e":"2 minutes"},"schema":{"@context":"https:\/\/schema.org","@graph":[{"@type":"WebPage","@id":"https:\/\/pistonaddict.com\/fr\/regles-relatives-aux-commentaires\/","url":"https:\/\/pistonaddict.com\/fr\/regles-relatives-aux-commentaires\/","name":"R\u00e8gles relatives aux commentaires - Piston Addict","isPartOf":{"@id":"https:\/\/pistonaddict.com\/fr\/#website"},"datePublished":"2022-04-29T09:20:06+00:00","dateModified":"2023-02-05T10:11:46+00:00","breadcrumb":{"@id":"https:\/\/pistonaddict.com\/fr\/regles-relatives-aux-commentaires\/#breadcrumb"},"inLanguage":"fr-FR","potentialAction":[{"@type":"ReadAction","target":["https:\/\/pistonaddict.com\/fr\/regles-relatives-aux-commentaires\/"]}]},{"@type":"BreadcrumbList","@id":"https:\/\/pistonaddict.com\/fr\/regles-relatives-aux-commentaires\/#breadcrumb","itemListElement":[{"@type":"ListItem","position":1,"name":"Homepage","item":"https:\/\/pistonaddict.com\/fr\/page-daccueil\/"},{"@type":"ListItem","position":2,"name":"R\u00e8gles relatives aux commentaires"}]},{"@type":"WebSite","@id":"https:\/\/pistonaddict.com\/fr\/#website","url":"https:\/\/pistonaddict.com\/fr\/","name":"Piston Addict","description":"Only interesting vehicles","publisher":{"@id":"https:\/\/pistonaddict.com\/fr\/#organization"},"potentialAction":[{"@type":"SearchAction","target":{"@type":"EntryPoint","urlTemplate":"https:\/\/pistonaddict.com\/fr\/?s={search_term_string}"},"query-input":"required name=search_term_string"}],"inLanguage":"fr-FR"},{"@type":"Organization","@id":"https:\/\/pistonaddict.com\/fr\/#organization","name":"Piston Addict","url":"https:\/\/pistonaddict.com\/fr\/","logo":{"@type":"ImageObject","inLanguage":"fr-FR","@id":"https:\/\/pistonaddict.com\/fr\/#\/schema\/logo\/image\/","url":"https:\/\/pistonaddict.com\/wp-content\/uploads\/2022\/07\/logo-6.png","contentUrl":"https:\/\/pistonaddict.com\/wp-content\/uploads\/2022\/07\/logo-6.png","width":970,"height":200,"caption":"Piston Addict"},"image":{"@id":"https:\/\/pistonaddict.com\/fr\/#\/schema\/logo\/image\/"}}]}},"_links":{"self":[{"href":"https:\/\/pistonaddict.com\/fr\/wp-json\/wp\/v2\/pages\/26222"}],"collection":[{"href":"https:\/\/pistonaddict.com\/fr\/wp-json\/wp\/v2\/pages"}],"about":[{"href":"https:\/\/pistonaddict.com\/fr\/wp-json\/wp\/v2\/types\/page"}],"author":[{"embeddable":true,"href":"https:\/\/pistonaddict.com\/fr\/wp-json\/wp\/v2\/users\/1"}],"replies":[{"embeddable":true,"href":"https:\/\/pistonaddict.com\/fr\/wp-json\/wp\/v2\/comments?post=26222"}],"version-history":[{"count":1,"href":"https:\/\/pistonaddict.com\/fr\/wp-json\/wp\/v2\/pages\/26222\/revisions"}],"predecessor-version":[{"id":26226,"href":"https:\/\/pistonaddict.com\/fr\/wp-json\/wp\/v2\/pages\/26222\/revisions\/26226"}],"wp:attachment":[{"href":"https:\/\/pistonaddict.com\/fr\/wp-json\/wp\/v2\/media?parent=26222"}],"curies":[{"name":"wp","href":"https:\/\/api.w.org\/{rel}","templated":true}]}}