{"id":98269,"date":"2024-03-20T15:15:43","date_gmt":"2024-03-20T14:15:43","guid":{"rendered":"https:\/\/pistonaddict.com\/product\/porsche-997-targa\/"},"modified":"2024-03-20T15:24:07","modified_gmt":"2024-03-20T14:24:07","slug":"porsche-997-targa","status":"publish","type":"product","link":"https:\/\/pistonaddict.com\/fi\/product\/porsche-997-targa\/","title":{"rendered":"Porsche 997 Targa 4S"},"content":{"rendered":"<p><strong>Auton historia<\/strong><\/p>\n<p>Ikonisen Porsche 911:n kuudes sukupolvi esiteltiin vuonna 2004, ja se tunnettiin sis\u00e4isesti nimell\u00e4 997. Sen edelt\u00e4j\u00e4, 996, on edelleen yksi kiistellyimmist\u00e4 koskaan valmistetuista 911-malleista, erityisesti sen muotoilun ja vesij\u00e4\u00e4hdytteisten moottoreiden k\u00e4ytt\u00f6\u00f6noton vuoksi. 997-mallia kuitenkin kehuttiin yleisesti sen selkeist\u00e4 linjoista sek\u00e4 tekniikan ja tehon parannuksista. Vaikka 997-mallissa on joitakin mekaanisia yht\u00e4l\u00e4isyyksi\u00e4 ja sama alusta kuin 996-mallissa, se oli paljon parempi ja p\u00e4tev\u00e4mpi auto, ja lis\u00e4ksi se oli modernimpi ja kauniimpi. Ei ole mik\u00e4\u00e4n yll\u00e4tys, ett\u00e4 myyntiluvut osoittivat 997:n olleen myyntimenestys, sill\u00e4 sit\u00e4 valmistettiin yli 212 000 kappaletta yhdeks\u00e4n vuoden aikana. T\u00e4m\u00e4 yksil\u00f6 on kuitenkin melko harvinainen, eik\u00e4 ainoastaan siksi, ett\u00e4 se on aikaisempi 997.1-malli, vaan my\u00f6s siksi, ett\u00e4 se on harvinainen Targa-korimalli. Vuonna 2008 Targa 4S:\u00e4\u00e4 toimitettiin vain 1426 kappaletta, ja hyvin harvoissa oli 6-vaihteinen manuaalivaihteisto. Yhteens\u00e4 997-sukupolven Targa 4S:\u00e4\u00e4 valmistettiin vain noin 8 400 kappaletta. 3,8-litrainen 3,6 litran ahtomoottori antoi 350 hevosvoimaa kaikille nelj\u00e4lle py\u00f6r\u00e4lle, mik\u00e4 johti vaikuttavaan kiihtyvyyteen ja loistavaan tienpit\u00e4vyyteen kaikissa olosuhteissa. Vahvan suorituskyvyn yhdist\u00e4minen lasikaton ilmavaan tuntumaan ja manuaalivaihteiston mekaaniseen tuntumaan tekee t\u00e4st\u00e4 autosta uskomattoman mielenkiintoisen kenelle tahansa todelliselle ker\u00e4ilij\u00e4lle.<\/p>\n<p><strong>Sisustus<\/strong><\/p>\n<p>Viimeistelty mustalla nahalla, jossa on harvinainen ja valinnainen nahkainen kojelauta, vuoden 2008 Porsche Targa 4S:n sisustus on t\u00e4ydellisess\u00e4 kunnossa ilman vaurioita ja v\u00e4h\u00e4isi\u00e4 kulumisen merkkej\u00e4. T\u00e4ss\u00e4 esimerkiss\u00e4 on paljon toivottuja lis\u00e4varusteita, kuten vakionopeudens\u00e4\u00e4din, premium-\u00e4\u00e4nentoistoj\u00e4rjestelm\u00e4, s\u00e4hk\u00f6toimiset ja l\u00e4mmitett\u00e4v\u00e4t nahkaiset urheiluistuimet, monitoimiohjauspy\u00f6r\u00e4, navigointij\u00e4rjestelm\u00e4 ja niin edelleen. Kaikki toimii niin kuin pit\u00e4\u00e4kin, samoin kuin lasikatto, eik\u00e4 muutoksia ole tehty. Verrattuna muihin aikakauden 911-malleihin Targa on melko ainutlaatuinen, sill\u00e4 se tarjoaa avoauton avoilmatunnelman mutta coupen mukavuuden ja ymp\u00e4rivuotisen k\u00e4ytett\u00e4vyyden.<\/p>\n<p><strong>Auton kunto<\/strong><\/p>\n<p>Hieman yli 110 000 kilometri\u00e4 uudesta ja kaksi huolellista omistajaa, t\u00e4m\u00e4 Porsche 911 Targa 4S on vaikuttavassa kunnossa ja huolellisesti huollettu. Kirjanpidon mukaan viimeinen suuri huolto tehtiin vuoden 2022 lopulla, ja jarrut huollettiin vain muutama p\u00e4iv\u00e4 sitten, maaliskuussa 2024. Kaikki huoltotiedot ovat saatavilla, mik\u00e4 osoittaa, kuinka huolellisesti autosta on huolehdittu. T\u00e4m\u00e4 auto toimitettiin Belgiaan.<\/p>\n<p><strong>Ulkoasu ja py\u00f6r\u00e4t<\/strong><\/p>\n<p>T\u00e4m\u00e4 tietty esimerkki maalattiin ammattitaidolla alkuper\u00e4iseen tummanharmaaseen v\u00e4riin, joka n\u00e4ytt\u00e4\u00e4 t\u00e4ydelliselt\u00e4 ja sopii alkuper\u00e4isiin vanteisiin ja mustaan sisustukseen. Kuten CarVerticalissa mainittiin, ainoa mainitsemisen arvoinen yksityiskohta on takapuskurin pieni vaurio, joka korjattiin, kuten kuvista n\u00e4kyy. Bridgestone-renkaat, jotka ovat oikeiden eritelmien mukaiset, ovat vuodelta 2018 ja vain hieman kuluneet.<\/p>\n<p><strong>Dokumentaatio<\/strong><\/p>\n<p>J\u00e4lleenmyyj\u00e4 myy t\u00e4t\u00e4 autoa asianmukaisilla asiakirjoilla, ja se sijaitsee Belgiassa. <a href=\"https:\/\/pistonaddict.com\/wp-content\/uploads\/2024\/03\/CarVertical-Porsche.pdf\">CarVertical-raportti<\/a> on puhdas, omistus tai oikeudellisia ongelmia. S\u00e4\u00e4nn\u00f6llisest\u00e4 huollosta on kirjanpito ja kuitit.<\/p>\n","protected":false},"excerpt":{"rendered":"<p>997-sukupolvi on ollut yh\u00e4 suositumpi 911-harrastajien keskuudessa, sill\u00e4 se on t\u00e4ydellinen tasapaino klassisen 911-tuntuman, kompaktin koon, kommunikatiivisen alustan sek\u00e4 modernin teknologian ja ominaisuuksien v\u00e4lill\u00e4. T\u00e4m\u00e4 tarkoittaa, ett\u00e4 t\u00e4m\u00e4 on seuraava suuri asia 911-maailmassa, ja hinnat nousevat. Oletetaan, ett\u00e4 haluat hyp\u00e4t\u00e4 mukaan 997-kelkkaan. Siin\u00e4 tapauksessa mik\u00e4\u00e4n ei ole parempaa kuin eritt\u00e4in toivottava harvinainen korimalli, jossa on toivottava k\u00e4sivaihteisto, joka on valmis nauttimaan perusteellisesti.<\/p>\n","protected":false},"featured_media":97672,"comment_status":"open","ping_status":"closed","template":"","meta":{"inline_featured_image":false},"product_cat":[745],"product_tag":[3939,3940,986,2306,3936],"acf":[],"yoast_head":"<!-- This site is optimized with the Yoast SEO plugin v22.5 - https:\/\/yoast.com\/wordpress\/plugins\/seo\/ -->\n<title>Porsche 997 Targa 4S - Piston Addict<\/title>\n<meta name=\"robots\" content=\"index, follow, max-snippet:-1, max-image-preview:large, max-video-preview:-1\" \/>\n<link rel=\"canonical\" href=\"https:\/\/pistonaddict.com\/fi\/product\/porsche-997-targa\/\" \/>\n<meta property=\"og:locale\" content=\"fi_FI\" \/>\n<meta property=\"og:type\" content=\"article\" \/>\n<meta property=\"og:title\" content=\"Porsche 997 Targa 4S - Piston Addict\" \/>\n<meta property=\"og:description\" content=\"997-sukupolvi on ollut yh\u00e4 suositumpi 911-harrastajien keskuudessa, sill\u00e4 se on t\u00e4ydellinen tasapaino klassisen 911-tuntuman, kompaktin koon, kommunikatiivisen alustan sek\u00e4 modernin teknologian ja ominaisuuksien v\u00e4lill\u00e4. T\u00e4m\u00e4 tarkoittaa, ett\u00e4 t\u00e4m\u00e4 on seuraava suuri asia 911-maailmassa, ja hinnat nousevat. Oletetaan, ett\u00e4 haluat hyp\u00e4t\u00e4 mukaan 997-kelkkaan. Siin\u00e4 tapauksessa mik\u00e4\u00e4n ei ole parempaa kuin eritt\u00e4in toivottava harvinainen korimalli, jossa on toivottava k\u00e4sivaihteisto, joka on valmis nauttimaan perusteellisesti.\" \/>\n<meta property=\"og:url\" content=\"https:\/\/pistonaddict.com\/fi\/product\/porsche-997-targa\/\" \/>\n<meta property=\"og:site_name\" content=\"Piston Addict\" \/>\n<meta property=\"article:modified_time\" content=\"2024-03-20T14:24:07+00:00\" \/>\n<meta property=\"og:image\" content=\"https:\/\/pistonaddict.com\/wp-content\/uploads\/2024\/03\/1-1-1024x611.png\" \/>\n\t<meta property=\"og:image:width\" content=\"1024\" \/>\n\t<meta property=\"og:image:height\" content=\"611\" \/>\n\t<meta property=\"og:image:type\" content=\"image\/png\" \/>\n<meta name=\"twitter:card\" content=\"summary_large_image\" \/>\n<meta name=\"twitter:label1\" content=\"Arvioitu lukuaika\" \/>\n\t<meta name=\"twitter:data1\" content=\"2 minutes\" \/>\n<script type=\"application\/ld+json\" class=\"yoast-schema-graph\">{\"@context\":\"https:\/\/schema.org\",\"@graph\":[{\"@type\":\"WebPage\",\"@id\":\"https:\/\/pistonaddict.com\/fi\/product\/porsche-997-targa\/\",\"url\":\"https:\/\/pistonaddict.com\/fi\/product\/porsche-997-targa\/\",\"name\":\"Porsche 997 Targa 4S - Piston Addict\",\"isPartOf\":{\"@id\":\"https:\/\/pistonaddict.com\/fi\/#website\"},\"primaryImageOfPage\":{\"@id\":\"https:\/\/pistonaddict.com\/fi\/product\/porsche-997-targa\/#primaryimage\"},\"image\":{\"@id\":\"https:\/\/pistonaddict.com\/fi\/product\/porsche-997-targa\/#primaryimage\"},\"thumbnailUrl\":\"https:\/\/pistonaddict.com\/wp-content\/uploads\/2024\/03\/1-1.png\",\"datePublished\":\"2024-03-20T14:15:43+00:00\",\"dateModified\":\"2024-03-20T14:24:07+00:00\",\"breadcrumb\":{\"@id\":\"https:\/\/pistonaddict.com\/fi\/product\/porsche-997-targa\/#breadcrumb\"},\"inLanguage\":\"fi\",\"potentialAction\":[{\"@type\":\"ReadAction\",\"target\":[\"https:\/\/pistonaddict.com\/fi\/product\/porsche-997-targa\/\"]}]},{\"@type\":\"ImageObject\",\"inLanguage\":\"fi\",\"@id\":\"https:\/\/pistonaddict.com\/fi\/product\/porsche-997-targa\/#primaryimage\",\"url\":\"https:\/\/pistonaddict.com\/wp-content\/uploads\/2024\/03\/1-1.png\",\"contentUrl\":\"https:\/\/pistonaddict.com\/wp-content\/uploads\/2024\/03\/1-1.png\",\"width\":2778,\"height\":1657},{\"@type\":\"BreadcrumbList\",\"@id\":\"https:\/\/pistonaddict.com\/fi\/product\/porsche-997-targa\/#breadcrumb\",\"itemListElement\":[{\"@type\":\"ListItem\",\"position\":1,\"name\":\"Kotisivu\",\"item\":\"https:\/\/pistonaddict.com\/fi\/kotisivu-2\/\"},{\"@type\":\"ListItem\",\"position\":2,\"name\":\"Auctions\",\"item\":\"https:\/\/pistonaddict.com\/auctions-listing\/\"},{\"@type\":\"ListItem\",\"position\":3,\"name\":\"Porsche 997 Targa 4S\"}]},{\"@type\":\"WebSite\",\"@id\":\"https:\/\/pistonaddict.com\/fi\/#website\",\"url\":\"https:\/\/pistonaddict.com\/fi\/\",\"name\":\"Piston Addict\",\"description\":\"Only interesting vehicles\",\"publisher\":{\"@id\":\"https:\/\/pistonaddict.com\/fi\/#organization\"},\"potentialAction\":[{\"@type\":\"SearchAction\",\"target\":{\"@type\":\"EntryPoint\",\"urlTemplate\":\"https:\/\/pistonaddict.com\/fi\/?s={search_term_string}\"},\"query-input\":\"required name=search_term_string\"}],\"inLanguage\":\"fi\"},{\"@type\":\"Organization\",\"@id\":\"https:\/\/pistonaddict.com\/fi\/#organization\",\"name\":\"Piston Addict\",\"url\":\"https:\/\/pistonaddict.com\/fi\/\",\"logo\":{\"@type\":\"ImageObject\",\"inLanguage\":\"fi\",\"@id\":\"https:\/\/pistonaddict.com\/fi\/#\/schema\/logo\/image\/\",\"url\":\"https:\/\/pistonaddict.com\/wp-content\/uploads\/2022\/07\/logo-6.png\",\"contentUrl\":\"https:\/\/pistonaddict.com\/wp-content\/uploads\/2022\/07\/logo-6.png\",\"width\":970,\"height\":200,\"caption\":\"Piston Addict\"},\"image\":{\"@id\":\"https:\/\/pistonaddict.com\/fi\/#\/schema\/logo\/image\/\"}}]}<\/script>\n<!-- \/ Yoast SEO plugin. -->","yoast_head_json":{"title":"Porsche 997 Targa 4S - Piston Addict","robots":{"index":"index","follow":"follow","max-snippet":"max-snippet:-1","max-image-preview":"max-image-preview:large","max-video-preview":"max-video-preview:-1"},"canonical":"https:\/\/pistonaddict.com\/fi\/product\/porsche-997-targa\/","og_locale":"fi_FI","og_type":"article","og_title":"Porsche 997 Targa 4S - Piston Addict","og_description":"997-sukupolvi on ollut yh\u00e4 suositumpi 911-harrastajien keskuudessa, sill\u00e4 se on t\u00e4ydellinen tasapaino klassisen 911-tuntuman, kompaktin koon, kommunikatiivisen alustan sek\u00e4 modernin teknologian ja ominaisuuksien v\u00e4lill\u00e4. T\u00e4m\u00e4 tarkoittaa, ett\u00e4 t\u00e4m\u00e4 on seuraava suuri asia 911-maailmassa, ja hinnat nousevat. Oletetaan, ett\u00e4 haluat hyp\u00e4t\u00e4 mukaan 997-kelkkaan. Siin\u00e4 tapauksessa mik\u00e4\u00e4n ei ole parempaa kuin eritt\u00e4in toivottava harvinainen korimalli, jossa on toivottava k\u00e4sivaihteisto, joka on valmis nauttimaan perusteellisesti.","og_url":"https:\/\/pistonaddict.com\/fi\/product\/porsche-997-targa\/","og_site_name":"Piston Addict","article_modified_time":"2024-03-20T14:24:07+00:00","og_image":[{"width":1024,"height":611,"url":"https:\/\/pistonaddict.com\/wp-content\/uploads\/2024\/03\/1-1-1024x611.png","type":"image\/png"}],"twitter_card":"summary_large_image","twitter_misc":{"Arvioitu lukuaika":"2 minutes"},"schema":{"@context":"https:\/\/schema.org","@graph":[{"@type":"WebPage","@id":"https:\/\/pistonaddict.com\/fi\/product\/porsche-997-targa\/","url":"https:\/\/pistonaddict.com\/fi\/product\/porsche-997-targa\/","name":"Porsche 997 Targa 4S - Piston Addict","isPartOf":{"@id":"https:\/\/pistonaddict.com\/fi\/#website"},"primaryImageOfPage":{"@id":"https:\/\/pistonaddict.com\/fi\/product\/porsche-997-targa\/#primaryimage"},"image":{"@id":"https:\/\/pistonaddict.com\/fi\/product\/porsche-997-targa\/#primaryimage"},"thumbnailUrl":"https:\/\/pistonaddict.com\/wp-content\/uploads\/2024\/03\/1-1.png","datePublished":"2024-03-20T14:15:43+00:00","dateModified":"2024-03-20T14:24:07+00:00","breadcrumb":{"@id":"https:\/\/pistonaddict.com\/fi\/product\/porsche-997-targa\/#breadcrumb"},"inLanguage":"fi","potentialAction":[{"@type":"ReadAction","target":["https:\/\/pistonaddict.com\/fi\/product\/porsche-997-targa\/"]}]},{"@type":"ImageObject","inLanguage":"fi","@id":"https:\/\/pistonaddict.com\/fi\/product\/porsche-997-targa\/#primaryimage","url":"https:\/\/pistonaddict.com\/wp-content\/uploads\/2024\/03\/1-1.png","contentUrl":"https:\/\/pistonaddict.com\/wp-content\/uploads\/2024\/03\/1-1.png","width":2778,"height":1657},{"@type":"BreadcrumbList","@id":"https:\/\/pistonaddict.com\/fi\/product\/porsche-997-targa\/#breadcrumb","itemListElement":[{"@type":"ListItem","position":1,"name":"Kotisivu","item":"https:\/\/pistonaddict.com\/fi\/kotisivu-2\/"},{"@type":"ListItem","position":2,"name":"Auctions","item":"https:\/\/pistonaddict.com\/auctions-listing\/"},{"@type":"ListItem","position":3,"name":"Porsche 997 Targa 4S"}]},{"@type":"WebSite","@id":"https:\/\/pistonaddict.com\/fi\/#website","url":"https:\/\/pistonaddict.com\/fi\/","name":"Piston Addict","description":"Only interesting vehicles","publisher":{"@id":"https:\/\/pistonaddict.com\/fi\/#organization"},"potentialAction":[{"@type":"SearchAction","target":{"@type":"EntryPoint","urlTemplate":"https:\/\/pistonaddict.com\/fi\/?s={search_term_string}"},"query-input":"required name=search_term_string"}],"inLanguage":"fi"},{"@type":"Organization","@id":"https:\/\/pistonaddict.com\/fi\/#organization","name":"Piston Addict","url":"https:\/\/pistonaddict.com\/fi\/","logo":{"@type":"ImageObject","inLanguage":"fi","@id":"https:\/\/pistonaddict.com\/fi\/#\/schema\/logo\/image\/","url":"https:\/\/pistonaddict.com\/wp-content\/uploads\/2022\/07\/logo-6.png","contentUrl":"https:\/\/pistonaddict.com\/wp-content\/uploads\/2022\/07\/logo-6.png","width":970,"height":200,"caption":"Piston Addict"},"image":{"@id":"https:\/\/pistonaddict.com\/fi\/#\/schema\/logo\/image\/"}}]}},"_links":{"self":[{"href":"https:\/\/pistonaddict.com\/fi\/wp-json\/wp\/v2\/product\/98269"}],"collection":[{"href":"https:\/\/pistonaddict.com\/fi\/wp-json\/wp\/v2\/product"}],"about":[{"href":"https:\/\/pistonaddict.com\/fi\/wp-json\/wp\/v2\/types\/product"}],"replies":[{"embeddable":true,"href":"https:\/\/pistonaddict.com\/fi\/wp-json\/wp\/v2\/comments?post=98269"}],"wp:featuredmedia":[{"embeddable":true,"href":"https:\/\/pistonaddict.com\/fi\/wp-json\/wp\/v2\/media\/97672"}],"wp:attachment":[{"href":"https:\/\/pistonaddict.com\/fi\/wp-json\/wp\/v2\/media?parent=98269"}],"wp:term":[{"taxonomy":"product_cat","embeddable":true,"href":"https:\/\/pistonaddict.com\/fi\/wp-json\/wp\/v2\/product_cat?post=98269"},{"taxonomy":"product_tag","embeddable":true,"href":"https:\/\/pistonaddict.com\/fi\/wp-json\/wp\/v2\/product_tag?post=98269"}],"curies":[{"name":"wp","href":"https:\/\/api.w.org\/{rel}","templated":true}]}}