{"id":97453,"date":"2024-03-15T18:51:57","date_gmt":"2024-03-15T17:51:57","guid":{"rendered":"https:\/\/pistonaddict.com\/product\/bmw-m4-kilpailu\/"},"modified":"2024-03-20T14:16:45","modified_gmt":"2024-03-20T13:16:45","slug":"bmw-m4-kilpailu","status":"publish","type":"product","link":"https:\/\/pistonaddict.com\/fi\/product\/bmw-m4-kilpailu\/","title":{"rendered":"BMW M4 Kilpailu"},"content":{"rendered":"<h2>Ulkoasu<\/h2>\n<p>Aloitetaan auton v\u00e4rist\u00e4 &#8211; ruskeaksi kutsuminen olisi ainakin sanottuna ep\u00e4reilua. BMW nimesi sen Sepangin pronssiksi, ja jotta voisit arvostaa sit\u00e4 t\u00e4ysin, sinun on n\u00e4ht\u00e4v\u00e4 auto auringonpaisteessa. M4:n silmiinpist\u00e4vin piirre on kuitenkin sen hiilikuidusta valmistettu taittuva katto, joka tekee siit\u00e4 sek\u00e4 kevyen ett\u00e4 tukevan. Sen ansiosta t\u00e4m\u00e4 BMW voi muuttua coupe-tyyppisest\u00e4 urheiluautosta tyylikk\u00e4\u00e4ksi kaupunkiautoksi napin painalluksella.<\/p>\n<p>Muita huomionarvoisia yksityiskohtia ovat Xenon-ajovalot edess\u00e4, 19-tuumaiset py\u00f6r\u00e4t, joissa on Michelin Pilot Sport -renkaat sivussa, ja kaksi pakoputkea takana. Kuten muissakin M4-autoissa, t\u00e4ss\u00e4kin autossa on aggressiiviset puskurit, tuuletusaukot lokasuojissa ja konepelti, jossa on pullistuma keskell\u00e4.<\/p>\n<h2>Sisustus<\/h2>\n<p>Sis\u00e4tiloissa huomio kiinnittyy ensimm\u00e4iseksi istuimiin, jotka on verhoiltu pehme\u00e4ll\u00e4 ruskealla nahalla ja valkoisilla tikkauksilla. Sen lis\u00e4ksi, ett\u00e4 ne ovat urheilulliset ja tukevat, kuten niiden ulkon\u00e4k\u00f6 saattaa antaa ymm\u00e4rt\u00e4\u00e4, ne ovat my\u00f6s eritt\u00e4in mukavat. Kun istut, l\u00f6yd\u00e4t itsesi BMW:lle tyypillisen kolmipilarisen ohjauspy\u00f6r\u00e4n takaa ja kojelaudasta, jossa on yksinkertainen mittaristo. Siihen kuuluu nopeusmittari, joka p\u00e4\u00e4ttyy 330 km\/h:n merkkiin, kierroslukumittari, joka ulottuu 8000 kierrokseen saakka, sek\u00e4 polttoaineen m\u00e4\u00e4r\u00e4n ja moottorin l\u00e4mp\u00f6tilan mittarit. Ja jos et halua katsoa alasp\u00e4in kovassa kaarreajossa, tuulilasissa on Head-Up-n\u00e4ytt\u00f6, joka n\u00e4ytt\u00e4\u00e4 kaikki t\u00e4rke\u00e4t tiedot.<\/p>\n<h2>Mekaniikka<\/h2>\n<p>Upeaa ulkon\u00e4k\u00f6\u00e4 lukuun ottamatta jokaisen BMW:n on oltava \u00e4\u00e4rimm\u00e4inen ajokone. T\u00e4ll\u00e4 M4:ll\u00e4 on useita \u00e4ssi\u00e4 hihassaan, jotka auttavat sit\u00e4 t\u00e4ytt\u00e4m\u00e4\u00e4n n\u00e4m\u00e4 odotukset. Ensinn\u00e4kin konepellin alla on n\u00e4ytt\u00e4v\u00e4 kaksoisturboahdettu suorakaasu-kuutosmoottori, joka kehitt\u00e4\u00e4 rauhoittavat 450 hevosvoimaa. Voima siirtyy takapy\u00f6rille 7-vaihteisen kaksoiskytkinvaihteiston ja elektronisesti ohjatun rajoitetun luiston tasauspy\u00f6r\u00e4st\u00f6n kautta.<\/p>\n<p>Kaiken t\u00e4m\u00e4n voiman ja tekniikan ansiosta M4 saavuttaa 100 km\/h nopeuden helposti noin 4 sekunnissa ja kiihtyy 250 km\/h nopeuteen. Ja se kulkisi luultavasti paljon nopeammin ilman elektronista rajoitinta. Jotta kaikki pysyisi vauhdissa hallinnassa, autossa on j\u00e4ykistetty jousitus ja valtavat jarrut.<\/p>\n<h2>Ajoneuvon historia<\/h2>\n<p>Lopuksi kerromme muutaman sanan BMW M4:n nykykunnosta, jota myyj\u00e4 kuvailee moitteettomaksi. Ja kuvien ja videon perusteella se on sit\u00e4, eik\u00e4 n\u00e4kyvi\u00e4 vaurioita ole havaittavissa. Valtuutettu BMW-j\u00e4lleenmyyj\u00e4 on huoltanut ja tarkastanut auton s\u00e4\u00e4nn\u00f6llisesti, ja viimeinen huolto tehtiin kes\u00e4kuussa 2022.<\/p>\n<p>Myyj\u00e4n mukaan autoa, joka on t\u00e4ll\u00e4 hetkell\u00e4 Belgiassa, ei ole k\u00e4ytetty radalla eik\u00e4 se ole ollut osallisena onnettomuuksissa, ja <a href=\"https:\/\/pistonaddict.com\/wp-content\/uploads\/2024\/03\/CarVerticalBMWM4.pdf\">CarVertical Vehicle History Report<\/a> vahvistaa t\u00e4m\u00e4n.<\/p>\n<p><strong>Katso kylm\u00e4k\u00e4ynnistysvideo t\u00e4st\u00e4 upeasta<\/strong> <strong>BMW M4 Competitionista<\/strong>:<\/p>\n<p><iframe title=\"Cold Start Video of the BMW M4 Competition\" width=\"1200\" height=\"675\" src=\"https:\/\/www.youtube.com\/embed\/-weepN3iz9c?feature=oembed\" frameborder=\"0\" allow=\"accelerometer; autoplay; clipboard-write; encrypted-media; gyroscope; picture-in-picture; web-share\" allowfullscreen><\/iframe><\/p>\n","protected":false},"excerpt":{"rendered":"<p>Jos etsit jotain, joka kiert\u00e4\u00e4 radan enn\u00e4tysvauhtia, tarvitset urheiluauton. Toisaalta, jos haluat mukavasti ajella pitkin katua aurinkoisena p\u00e4iv\u00e4n\u00e4, tyylik\u00e4s avoauto on paras vaihtoehto. Mutta jos haluat jotain, joka tekee molempia, pid\u00e4t varmasti t\u00e4st\u00e4 huutokaupattavasta BMW M4 Competition -autosta. Se on uudenveroisessa kunnossa, sill\u00e4 on yksi edellinen omistaja ja kellossa on 74.000 km.<\/p>\n","protected":false},"featured_media":96741,"comment_status":"open","ping_status":"closed","template":"","meta":{"inline_featured_image":false},"product_cat":[745],"product_tag":[3141,3124,933,3123],"acf":[],"yoast_head":"<!-- This site is optimized with the Yoast SEO plugin v22.5 - https:\/\/yoast.com\/wordpress\/plugins\/seo\/ -->\n<title>BMW M4 Kilpailu - Piston Addict<\/title>\n<meta name=\"robots\" content=\"index, follow, max-snippet:-1, max-image-preview:large, max-video-preview:-1\" \/>\n<link rel=\"canonical\" href=\"https:\/\/pistonaddict.com\/fi\/product\/bmw-m4-kilpailu\/\" \/>\n<meta property=\"og:locale\" content=\"fi_FI\" \/>\n<meta property=\"og:type\" content=\"article\" \/>\n<meta property=\"og:title\" content=\"BMW M4 Kilpailu - Piston Addict\" \/>\n<meta property=\"og:description\" content=\"Jos etsit jotain, joka kiert\u00e4\u00e4 radan enn\u00e4tysvauhtia, tarvitset urheiluauton. Toisaalta, jos haluat mukavasti ajella pitkin katua aurinkoisena p\u00e4iv\u00e4n\u00e4, tyylik\u00e4s avoauto on paras vaihtoehto. Mutta jos haluat jotain, joka tekee molempia, pid\u00e4t varmasti t\u00e4st\u00e4 huutokaupattavasta BMW M4 Competition -autosta. Se on uudenveroisessa kunnossa, sill\u00e4 on yksi edellinen omistaja ja kellossa on 74.000 km.\" \/>\n<meta property=\"og:url\" content=\"https:\/\/pistonaddict.com\/fi\/product\/bmw-m4-kilpailu\/\" \/>\n<meta property=\"og:site_name\" content=\"Piston Addict\" \/>\n<meta property=\"article:modified_time\" content=\"2024-03-20T13:16:45+00:00\" \/>\n<meta property=\"og:image\" content=\"https:\/\/pistonaddict.com\/wp-content\/uploads\/2024\/03\/1-1024x612.png\" \/>\n\t<meta property=\"og:image:width\" content=\"1024\" \/>\n\t<meta property=\"og:image:height\" content=\"612\" \/>\n\t<meta property=\"og:image:type\" content=\"image\/png\" \/>\n<meta name=\"twitter:card\" content=\"summary_large_image\" \/>\n<meta name=\"twitter:label1\" content=\"Arvioitu lukuaika\" \/>\n\t<meta name=\"twitter:data1\" content=\"2 minutes\" \/>\n<script type=\"application\/ld+json\" class=\"yoast-schema-graph\">{\"@context\":\"https:\/\/schema.org\",\"@graph\":[{\"@type\":\"WebPage\",\"@id\":\"https:\/\/pistonaddict.com\/fi\/product\/bmw-m4-kilpailu\/\",\"url\":\"https:\/\/pistonaddict.com\/fi\/product\/bmw-m4-kilpailu\/\",\"name\":\"BMW M4 Kilpailu - Piston Addict\",\"isPartOf\":{\"@id\":\"https:\/\/pistonaddict.com\/fi\/#website\"},\"primaryImageOfPage\":{\"@id\":\"https:\/\/pistonaddict.com\/fi\/product\/bmw-m4-kilpailu\/#primaryimage\"},\"image\":{\"@id\":\"https:\/\/pistonaddict.com\/fi\/product\/bmw-m4-kilpailu\/#primaryimage\"},\"thumbnailUrl\":\"https:\/\/pistonaddict.com\/wp-content\/uploads\/2024\/03\/1.png\",\"datePublished\":\"2024-03-15T17:51:57+00:00\",\"dateModified\":\"2024-03-20T13:16:45+00:00\",\"breadcrumb\":{\"@id\":\"https:\/\/pistonaddict.com\/fi\/product\/bmw-m4-kilpailu\/#breadcrumb\"},\"inLanguage\":\"fi\",\"potentialAction\":[{\"@type\":\"ReadAction\",\"target\":[\"https:\/\/pistonaddict.com\/fi\/product\/bmw-m4-kilpailu\/\"]}]},{\"@type\":\"ImageObject\",\"inLanguage\":\"fi\",\"@id\":\"https:\/\/pistonaddict.com\/fi\/product\/bmw-m4-kilpailu\/#primaryimage\",\"url\":\"https:\/\/pistonaddict.com\/wp-content\/uploads\/2024\/03\/1.png\",\"contentUrl\":\"https:\/\/pistonaddict.com\/wp-content\/uploads\/2024\/03\/1.png\",\"width\":2778,\"height\":1660},{\"@type\":\"BreadcrumbList\",\"@id\":\"https:\/\/pistonaddict.com\/fi\/product\/bmw-m4-kilpailu\/#breadcrumb\",\"itemListElement\":[{\"@type\":\"ListItem\",\"position\":1,\"name\":\"Kotisivu\",\"item\":\"https:\/\/pistonaddict.com\/fi\/kotisivu-2\/\"},{\"@type\":\"ListItem\",\"position\":2,\"name\":\"Auctions\",\"item\":\"https:\/\/pistonaddict.com\/auctions-listing\/\"},{\"@type\":\"ListItem\",\"position\":3,\"name\":\"BMW M4 Kilpailu\"}]},{\"@type\":\"WebSite\",\"@id\":\"https:\/\/pistonaddict.com\/fi\/#website\",\"url\":\"https:\/\/pistonaddict.com\/fi\/\",\"name\":\"Piston Addict\",\"description\":\"Only interesting vehicles\",\"publisher\":{\"@id\":\"https:\/\/pistonaddict.com\/fi\/#organization\"},\"potentialAction\":[{\"@type\":\"SearchAction\",\"target\":{\"@type\":\"EntryPoint\",\"urlTemplate\":\"https:\/\/pistonaddict.com\/fi\/?s={search_term_string}\"},\"query-input\":\"required name=search_term_string\"}],\"inLanguage\":\"fi\"},{\"@type\":\"Organization\",\"@id\":\"https:\/\/pistonaddict.com\/fi\/#organization\",\"name\":\"Piston Addict\",\"url\":\"https:\/\/pistonaddict.com\/fi\/\",\"logo\":{\"@type\":\"ImageObject\",\"inLanguage\":\"fi\",\"@id\":\"https:\/\/pistonaddict.com\/fi\/#\/schema\/logo\/image\/\",\"url\":\"https:\/\/pistonaddict.com\/wp-content\/uploads\/2022\/07\/logo-6.png\",\"contentUrl\":\"https:\/\/pistonaddict.com\/wp-content\/uploads\/2022\/07\/logo-6.png\",\"width\":970,\"height\":200,\"caption\":\"Piston Addict\"},\"image\":{\"@id\":\"https:\/\/pistonaddict.com\/fi\/#\/schema\/logo\/image\/\"}}]}<\/script>\n<!-- \/ Yoast SEO plugin. -->","yoast_head_json":{"title":"BMW M4 Kilpailu - Piston Addict","robots":{"index":"index","follow":"follow","max-snippet":"max-snippet:-1","max-image-preview":"max-image-preview:large","max-video-preview":"max-video-preview:-1"},"canonical":"https:\/\/pistonaddict.com\/fi\/product\/bmw-m4-kilpailu\/","og_locale":"fi_FI","og_type":"article","og_title":"BMW M4 Kilpailu - Piston Addict","og_description":"Jos etsit jotain, joka kiert\u00e4\u00e4 radan enn\u00e4tysvauhtia, tarvitset urheiluauton. Toisaalta, jos haluat mukavasti ajella pitkin katua aurinkoisena p\u00e4iv\u00e4n\u00e4, tyylik\u00e4s avoauto on paras vaihtoehto. Mutta jos haluat jotain, joka tekee molempia, pid\u00e4t varmasti t\u00e4st\u00e4 huutokaupattavasta BMW M4 Competition -autosta. Se on uudenveroisessa kunnossa, sill\u00e4 on yksi edellinen omistaja ja kellossa on 74.000 km.","og_url":"https:\/\/pistonaddict.com\/fi\/product\/bmw-m4-kilpailu\/","og_site_name":"Piston Addict","article_modified_time":"2024-03-20T13:16:45+00:00","og_image":[{"width":1024,"height":612,"url":"https:\/\/pistonaddict.com\/wp-content\/uploads\/2024\/03\/1-1024x612.png","type":"image\/png"}],"twitter_card":"summary_large_image","twitter_misc":{"Arvioitu lukuaika":"2 minutes"},"schema":{"@context":"https:\/\/schema.org","@graph":[{"@type":"WebPage","@id":"https:\/\/pistonaddict.com\/fi\/product\/bmw-m4-kilpailu\/","url":"https:\/\/pistonaddict.com\/fi\/product\/bmw-m4-kilpailu\/","name":"BMW M4 Kilpailu - Piston Addict","isPartOf":{"@id":"https:\/\/pistonaddict.com\/fi\/#website"},"primaryImageOfPage":{"@id":"https:\/\/pistonaddict.com\/fi\/product\/bmw-m4-kilpailu\/#primaryimage"},"image":{"@id":"https:\/\/pistonaddict.com\/fi\/product\/bmw-m4-kilpailu\/#primaryimage"},"thumbnailUrl":"https:\/\/pistonaddict.com\/wp-content\/uploads\/2024\/03\/1.png","datePublished":"2024-03-15T17:51:57+00:00","dateModified":"2024-03-20T13:16:45+00:00","breadcrumb":{"@id":"https:\/\/pistonaddict.com\/fi\/product\/bmw-m4-kilpailu\/#breadcrumb"},"inLanguage":"fi","potentialAction":[{"@type":"ReadAction","target":["https:\/\/pistonaddict.com\/fi\/product\/bmw-m4-kilpailu\/"]}]},{"@type":"ImageObject","inLanguage":"fi","@id":"https:\/\/pistonaddict.com\/fi\/product\/bmw-m4-kilpailu\/#primaryimage","url":"https:\/\/pistonaddict.com\/wp-content\/uploads\/2024\/03\/1.png","contentUrl":"https:\/\/pistonaddict.com\/wp-content\/uploads\/2024\/03\/1.png","width":2778,"height":1660},{"@type":"BreadcrumbList","@id":"https:\/\/pistonaddict.com\/fi\/product\/bmw-m4-kilpailu\/#breadcrumb","itemListElement":[{"@type":"ListItem","position":1,"name":"Kotisivu","item":"https:\/\/pistonaddict.com\/fi\/kotisivu-2\/"},{"@type":"ListItem","position":2,"name":"Auctions","item":"https:\/\/pistonaddict.com\/auctions-listing\/"},{"@type":"ListItem","position":3,"name":"BMW M4 Kilpailu"}]},{"@type":"WebSite","@id":"https:\/\/pistonaddict.com\/fi\/#website","url":"https:\/\/pistonaddict.com\/fi\/","name":"Piston Addict","description":"Only interesting vehicles","publisher":{"@id":"https:\/\/pistonaddict.com\/fi\/#organization"},"potentialAction":[{"@type":"SearchAction","target":{"@type":"EntryPoint","urlTemplate":"https:\/\/pistonaddict.com\/fi\/?s={search_term_string}"},"query-input":"required name=search_term_string"}],"inLanguage":"fi"},{"@type":"Organization","@id":"https:\/\/pistonaddict.com\/fi\/#organization","name":"Piston Addict","url":"https:\/\/pistonaddict.com\/fi\/","logo":{"@type":"ImageObject","inLanguage":"fi","@id":"https:\/\/pistonaddict.com\/fi\/#\/schema\/logo\/image\/","url":"https:\/\/pistonaddict.com\/wp-content\/uploads\/2022\/07\/logo-6.png","contentUrl":"https:\/\/pistonaddict.com\/wp-content\/uploads\/2022\/07\/logo-6.png","width":970,"height":200,"caption":"Piston Addict"},"image":{"@id":"https:\/\/pistonaddict.com\/fi\/#\/schema\/logo\/image\/"}}]}},"_links":{"self":[{"href":"https:\/\/pistonaddict.com\/fi\/wp-json\/wp\/v2\/product\/97453"}],"collection":[{"href":"https:\/\/pistonaddict.com\/fi\/wp-json\/wp\/v2\/product"}],"about":[{"href":"https:\/\/pistonaddict.com\/fi\/wp-json\/wp\/v2\/types\/product"}],"replies":[{"embeddable":true,"href":"https:\/\/pistonaddict.com\/fi\/wp-json\/wp\/v2\/comments?post=97453"}],"wp:featuredmedia":[{"embeddable":true,"href":"https:\/\/pistonaddict.com\/fi\/wp-json\/wp\/v2\/media\/96741"}],"wp:attachment":[{"href":"https:\/\/pistonaddict.com\/fi\/wp-json\/wp\/v2\/media?parent=97453"}],"wp:term":[{"taxonomy":"product_cat","embeddable":true,"href":"https:\/\/pistonaddict.com\/fi\/wp-json\/wp\/v2\/product_cat?post=97453"},{"taxonomy":"product_tag","embeddable":true,"href":"https:\/\/pistonaddict.com\/fi\/wp-json\/wp\/v2\/product_tag?post=97453"}],"curies":[{"name":"wp","href":"https:\/\/api.w.org\/{rel}","templated":true}]}}