{"id":96727,"date":"2024-03-15T17:17:18","date_gmt":"2024-03-15T16:17:18","guid":{"rendered":"https:\/\/pistonaddict.com\/product\/amg-sls-roadster\/"},"modified":"2024-03-19T16:40:28","modified_gmt":"2024-03-19T15:40:28","slug":"amg-sls-roadster","status":"publish","type":"product","link":"https:\/\/pistonaddict.com\/fi\/product\/amg-sls-roadster\/","title":{"rendered":"AMG SLS Roadster"},"content":{"rendered":"<p><strong>Auton historia<\/strong><\/p>\n<p>Automaailma h\u00e4mm\u00e4styi, kun Mercedes esitteli ikonisen SLS AMG:n vuonna 2010. L\u00e4hestymistavaltaan klassinen, mutta toteutukseltaan t\u00e4ysin moderni t\u00e4ysiverinen urheiluauto, joka selv\u00e4sti ammensi inspiraatiota merkin loistavasta menneisyydest\u00e4 ja legendaarisesta 300 SL Gullwingista. Vaikka Mercedes katsoi menneisyyteen autoa suunnitellessaan, yhti\u00f6 t\u00e4ht\u00e4si tulevaisuuteen modernilla alustarakenteella, sis\u00e4tilojen ominaisuuksilla, mukavuudella ja voimansiirrolla. Pitk\u00e4n konepellin alla oli 6,2-litrainen V8-moottori (koodinimi M156), joka tuotti 571 hevosvoimaa, jotka l\u00e4hetettiin takapy\u00f6rille p\u00e4tev\u00e4n 7-vaihteisen kaksoiskytkinvaihteiston v\u00e4lityksell\u00e4. Tuloksena oli auto, joka n\u00e4ytt\u00e4\u00e4 upealta ja on silti superautonopea. Vain 3,8 sekunnin aika 0-100 km\/h ja yli 310 km\/h huippunopeus osoittavat, miksi Mercedes SLS AMG on aikakautensa nopeimpia autoja.<\/p>\n<p>Mielenkiintoista on, ett\u00e4 t\u00e4m\u00e4n uskomattoman koneen tuotanto j\u00e4i suhteellisen lyhyeksi, ja malli lopetettiin vuonna 2014. Jotkut sanovat, ett\u00e4 Mercedes teki t\u00e4m\u00e4n tarkoituksella varmistaakseen hienoimman nykyaikaisen urheiluautonsa yksinoikeuden ja harvinaisuuden. N\u00e4m\u00e4 huhut saattavat pit\u00e4\u00e4 paikkansa, sill\u00e4 yhti\u00f6 ei ole koskaan virallisesti paljastanut tarkkoja tuotantolukuja. Valistuneen arvion mukaan toimitettiin noin 8 000 coupea ja noin 4 000 roadsteria. T\u00e4m\u00e4 auto on yksi n\u00e4ist\u00e4 4 000:sta, mik\u00e4 tekee siit\u00e4 entist\u00e4kin eksklusiivisemman ja myyttisemm\u00e4n.<\/p>\n<p><strong>Sisustus<\/strong><\/p>\n<p>T\u00e4m\u00e4n SLS AMG Roadsterin sis\u00e4tilat on viimeistelty mustalla nahalla ja nahkaisella kojelaudalla, ja ne ovat t\u00e4ydellisess\u00e4 kunnossa ilman k\u00e4yt\u00f6n j\u00e4lki\u00e4. Istuimet ja ovikortit ovat merkitsem\u00e4tt\u00f6m\u00e4t; kaikki ominaisuudet toimivat yhdess\u00e4 navigointij\u00e4rjestelm\u00e4n, premium-\u00e4\u00e4nentoiston sek\u00e4 l\u00e4mmitett\u00e4vien ja s\u00e4hk\u00f6s\u00e4\u00e4t\u00f6isten urheiluistuinten kanssa. Avoauton katto on uudenveroisessa kunnossa, ja se avautuu ja sulkeutuu t\u00e4ydellisesti.<\/p>\n<p><strong>Kunto<\/strong><\/p>\n<p>Olemme aina innoissamme voidessamme tarjota uudenveroisia ajoneuvoja, ja t\u00e4m\u00e4 2012 Mercedes SLS AMG Roadster on yksi niist\u00e4. Vain 19 000 kilometri\u00e4 uudesta ajettu auto oli hyvin v\u00e4h\u00e4n k\u00e4ytetty ensimm\u00e4isen ja ainoan omistajansa k\u00e4siss\u00e4 ja ajoi keskim\u00e4\u00e4rin alle 2000 km vuodessa. Se tarkoittaa, ett\u00e4 se on mekaanisesti ja esteettisesti huippukunnossa, ja se on t\u00e4ysin alkuper\u00e4inen tehtaalta. Viimeisin suuri huolto tehtiin vuonna 2018, ja jarrut huollettiin hiljattain maaliskuussa 2024. Mercedes-j\u00e4lleenmyyj\u00e4 hoiti autoa huolellisesti.<\/p>\n<p><strong>Ulkoasu ja py\u00f6r\u00e4t<\/strong><\/p>\n<p>Kun autoa on ajettu niin v\u00e4h\u00e4n kilometrej\u00e4 ja siit\u00e4 on pidetty pakkomielteist\u00e4 huolta, ei ole mik\u00e4\u00e4n yll\u00e4tys, ett\u00e4 kori on uudenveroinen ilman naarmuja tai kolhuja. Se on viimeistelty klassisen Mercedes-hopean v\u00e4riseksi (joka muistuttaa Silver Arrow -kilpa-autoja), ja se n\u00e4ytt\u00e4\u00e4 upealta mustan sisustan kanssa. Alkuper\u00e4iset 19-tuumaiset vanteet ovat tallella, ja ne on p\u00e4\u00e4llystetty Continental ContiSport Contact -suorituskumilla (DOT 2017), joista on k\u00e4ytetty noin 50 prosenttia.<\/p>\n<p><strong>Dokumentaatio<\/strong><\/p>\n<p>J\u00e4lleenmyyj\u00e4 myy t\u00e4m\u00e4n ajoneuvon alkuper\u00e4isen omistajan puolesta Belgiassa sijaitsevan ajoneuvon asianmukaisin asiakirjoin. <a href=\"https:\/\/pistonaddict.com\/wp-content\/uploads\/2024\/03\/CarVerticalAMG.pdf\">CarVerticalin raportti<\/a> on puhdas, eik\u00e4 siin\u00e4 ole todisteita onnettomuuksista, onnettomuuskorjauksista, omistajuudesta tai oikeudellisista ongelmista. S\u00e4\u00e4nn\u00f6llisest\u00e4 huollosta on kirjanpito ja kuitit.<\/p>\n<p><strong>Katso kylm\u00e4k\u00e4ynnistysvideo t\u00e4st\u00e4 upeasta AMG SLS Roadsterista :<\/strong><\/p>\n<p><iframe title=\"Cold Start Video of the AMG SLS Roadster\" width=\"1200\" height=\"675\" src=\"https:\/\/www.youtube.com\/embed\/vjLjXYVelXI?feature=oembed\" frameborder=\"0\" allow=\"accelerometer; autoplay; clipboard-write; encrypted-media; gyroscope; picture-in-picture; web-share\" allowfullscreen><\/iframe><\/p>\n","protected":false},"excerpt":{"rendered":"<p>Kun tarkastellaan Stuttgartin moderneja klassikkoja, mik\u00e4\u00e4n ei p\u00e4\u00e4se l\u00e4hellek\u00e4\u00e4n Mercedes SLS AMG:t\u00e4. Retro-futuristinen muotoilu, mahtava 6,2-litrainen V8-moottori edess\u00e4 ja ylivertainen suorituskyky tekev\u00e4t SLS:st\u00e4 Mercedeksen halutuimman urheiluauton sitten 1950-luvun alkuper\u00e4isen auton, joka aloitti linjan. SLS on kaikin puolin hieno auto, joka tulee harvoin myyntiin, mik\u00e4 tekee t\u00e4st\u00e4 v\u00e4h\u00e4kilometrisest\u00e4, yhden omistajan omistamasta ja k\u00e4yt\u00e4nn\u00f6ss\u00e4 uudesta autosta harvinaisemman ja viel\u00e4 ainutlaatuisemman.<\/p>\n","protected":false},"featured_media":95992,"comment_status":"open","ping_status":"closed","template":"","meta":{"inline_featured_image":false},"product_cat":[745],"product_tag":[3082,2772,3080,933],"acf":[],"yoast_head":"<!-- This site is optimized with the Yoast SEO plugin v22.5 - https:\/\/yoast.com\/wordpress\/plugins\/seo\/ -->\n<title>AMG SLS Roadster - Piston Addict<\/title>\n<meta name=\"robots\" content=\"index, follow, max-snippet:-1, max-image-preview:large, max-video-preview:-1\" \/>\n<link rel=\"canonical\" href=\"https:\/\/pistonaddict.com\/fi\/product\/amg-sls-roadster\/\" \/>\n<meta property=\"og:locale\" content=\"fi_FI\" \/>\n<meta property=\"og:type\" content=\"article\" \/>\n<meta property=\"og:title\" content=\"AMG SLS Roadster - Piston Addict\" \/>\n<meta property=\"og:description\" content=\"Kun tarkastellaan Stuttgartin moderneja klassikkoja, mik\u00e4\u00e4n ei p\u00e4\u00e4se l\u00e4hellek\u00e4\u00e4n Mercedes SLS AMG:t\u00e4. Retro-futuristinen muotoilu, mahtava 6,2-litrainen V8-moottori edess\u00e4 ja ylivertainen suorituskyky tekev\u00e4t SLS:st\u00e4 Mercedeksen halutuimman urheiluauton sitten 1950-luvun alkuper\u00e4isen auton, joka aloitti linjan. SLS on kaikin puolin hieno auto, joka tulee harvoin myyntiin, mik\u00e4 tekee t\u00e4st\u00e4 v\u00e4h\u00e4kilometrisest\u00e4, yhden omistajan omistamasta ja k\u00e4yt\u00e4nn\u00f6ss\u00e4 uudesta autosta harvinaisemman ja viel\u00e4 ainutlaatuisemman.\" \/>\n<meta property=\"og:url\" content=\"https:\/\/pistonaddict.com\/fi\/product\/amg-sls-roadster\/\" \/>\n<meta property=\"og:site_name\" content=\"Piston Addict\" \/>\n<meta property=\"article:modified_time\" content=\"2024-03-19T15:40:28+00:00\" \/>\n<meta property=\"og:image\" content=\"https:\/\/pistonaddict.com\/wp-content\/uploads\/2024\/03\/1-scaled.jpg\" \/>\n\t<meta property=\"og:image:width\" content=\"2560\" \/>\n\t<meta property=\"og:image:height\" content=\"1527\" \/>\n\t<meta property=\"og:image:type\" content=\"image\/jpeg\" \/>\n<meta name=\"twitter:card\" content=\"summary_large_image\" \/>\n<meta name=\"twitter:label1\" content=\"Arvioitu lukuaika\" \/>\n\t<meta name=\"twitter:data1\" content=\"2 minutes\" \/>\n<script type=\"application\/ld+json\" class=\"yoast-schema-graph\">{\"@context\":\"https:\/\/schema.org\",\"@graph\":[{\"@type\":\"WebPage\",\"@id\":\"https:\/\/pistonaddict.com\/fi\/product\/amg-sls-roadster\/\",\"url\":\"https:\/\/pistonaddict.com\/fi\/product\/amg-sls-roadster\/\",\"name\":\"AMG SLS Roadster - Piston Addict\",\"isPartOf\":{\"@id\":\"https:\/\/pistonaddict.com\/fi\/#website\"},\"primaryImageOfPage\":{\"@id\":\"https:\/\/pistonaddict.com\/fi\/product\/amg-sls-roadster\/#primaryimage\"},\"image\":{\"@id\":\"https:\/\/pistonaddict.com\/fi\/product\/amg-sls-roadster\/#primaryimage\"},\"thumbnailUrl\":\"https:\/\/pistonaddict.com\/wp-content\/uploads\/2024\/03\/1-scaled.jpg\",\"datePublished\":\"2024-03-15T16:17:18+00:00\",\"dateModified\":\"2024-03-19T15:40:28+00:00\",\"breadcrumb\":{\"@id\":\"https:\/\/pistonaddict.com\/fi\/product\/amg-sls-roadster\/#breadcrumb\"},\"inLanguage\":\"fi\",\"potentialAction\":[{\"@type\":\"ReadAction\",\"target\":[\"https:\/\/pistonaddict.com\/fi\/product\/amg-sls-roadster\/\"]}]},{\"@type\":\"ImageObject\",\"inLanguage\":\"fi\",\"@id\":\"https:\/\/pistonaddict.com\/fi\/product\/amg-sls-roadster\/#primaryimage\",\"url\":\"https:\/\/pistonaddict.com\/wp-content\/uploads\/2024\/03\/1-scaled.jpg\",\"contentUrl\":\"https:\/\/pistonaddict.com\/wp-content\/uploads\/2024\/03\/1-scaled.jpg\",\"width\":2560,\"height\":1527},{\"@type\":\"BreadcrumbList\",\"@id\":\"https:\/\/pistonaddict.com\/fi\/product\/amg-sls-roadster\/#breadcrumb\",\"itemListElement\":[{\"@type\":\"ListItem\",\"position\":1,\"name\":\"Kotisivu\",\"item\":\"https:\/\/pistonaddict.com\/fi\/kotisivu-2\/\"},{\"@type\":\"ListItem\",\"position\":2,\"name\":\"Auctions\",\"item\":\"https:\/\/pistonaddict.com\/auctions-listing\/\"},{\"@type\":\"ListItem\",\"position\":3,\"name\":\"AMG SLS Roadster\"}]},{\"@type\":\"WebSite\",\"@id\":\"https:\/\/pistonaddict.com\/fi\/#website\",\"url\":\"https:\/\/pistonaddict.com\/fi\/\",\"name\":\"Piston Addict\",\"description\":\"Only interesting vehicles\",\"publisher\":{\"@id\":\"https:\/\/pistonaddict.com\/fi\/#organization\"},\"potentialAction\":[{\"@type\":\"SearchAction\",\"target\":{\"@type\":\"EntryPoint\",\"urlTemplate\":\"https:\/\/pistonaddict.com\/fi\/?s={search_term_string}\"},\"query-input\":\"required name=search_term_string\"}],\"inLanguage\":\"fi\"},{\"@type\":\"Organization\",\"@id\":\"https:\/\/pistonaddict.com\/fi\/#organization\",\"name\":\"Piston Addict\",\"url\":\"https:\/\/pistonaddict.com\/fi\/\",\"logo\":{\"@type\":\"ImageObject\",\"inLanguage\":\"fi\",\"@id\":\"https:\/\/pistonaddict.com\/fi\/#\/schema\/logo\/image\/\",\"url\":\"https:\/\/pistonaddict.com\/wp-content\/uploads\/2022\/07\/logo-6.png\",\"contentUrl\":\"https:\/\/pistonaddict.com\/wp-content\/uploads\/2022\/07\/logo-6.png\",\"width\":970,\"height\":200,\"caption\":\"Piston Addict\"},\"image\":{\"@id\":\"https:\/\/pistonaddict.com\/fi\/#\/schema\/logo\/image\/\"}}]}<\/script>\n<!-- \/ Yoast SEO plugin. -->","yoast_head_json":{"title":"AMG SLS Roadster - Piston Addict","robots":{"index":"index","follow":"follow","max-snippet":"max-snippet:-1","max-image-preview":"max-image-preview:large","max-video-preview":"max-video-preview:-1"},"canonical":"https:\/\/pistonaddict.com\/fi\/product\/amg-sls-roadster\/","og_locale":"fi_FI","og_type":"article","og_title":"AMG SLS Roadster - Piston Addict","og_description":"Kun tarkastellaan Stuttgartin moderneja klassikkoja, mik\u00e4\u00e4n ei p\u00e4\u00e4se l\u00e4hellek\u00e4\u00e4n Mercedes SLS AMG:t\u00e4. Retro-futuristinen muotoilu, mahtava 6,2-litrainen V8-moottori edess\u00e4 ja ylivertainen suorituskyky tekev\u00e4t SLS:st\u00e4 Mercedeksen halutuimman urheiluauton sitten 1950-luvun alkuper\u00e4isen auton, joka aloitti linjan. SLS on kaikin puolin hieno auto, joka tulee harvoin myyntiin, mik\u00e4 tekee t\u00e4st\u00e4 v\u00e4h\u00e4kilometrisest\u00e4, yhden omistajan omistamasta ja k\u00e4yt\u00e4nn\u00f6ss\u00e4 uudesta autosta harvinaisemman ja viel\u00e4 ainutlaatuisemman.","og_url":"https:\/\/pistonaddict.com\/fi\/product\/amg-sls-roadster\/","og_site_name":"Piston Addict","article_modified_time":"2024-03-19T15:40:28+00:00","og_image":[{"width":2560,"height":1527,"url":"https:\/\/pistonaddict.com\/wp-content\/uploads\/2024\/03\/1-scaled.jpg","type":"image\/jpeg"}],"twitter_card":"summary_large_image","twitter_misc":{"Arvioitu lukuaika":"2 minutes"},"schema":{"@context":"https:\/\/schema.org","@graph":[{"@type":"WebPage","@id":"https:\/\/pistonaddict.com\/fi\/product\/amg-sls-roadster\/","url":"https:\/\/pistonaddict.com\/fi\/product\/amg-sls-roadster\/","name":"AMG SLS Roadster - Piston Addict","isPartOf":{"@id":"https:\/\/pistonaddict.com\/fi\/#website"},"primaryImageOfPage":{"@id":"https:\/\/pistonaddict.com\/fi\/product\/amg-sls-roadster\/#primaryimage"},"image":{"@id":"https:\/\/pistonaddict.com\/fi\/product\/amg-sls-roadster\/#primaryimage"},"thumbnailUrl":"https:\/\/pistonaddict.com\/wp-content\/uploads\/2024\/03\/1-scaled.jpg","datePublished":"2024-03-15T16:17:18+00:00","dateModified":"2024-03-19T15:40:28+00:00","breadcrumb":{"@id":"https:\/\/pistonaddict.com\/fi\/product\/amg-sls-roadster\/#breadcrumb"},"inLanguage":"fi","potentialAction":[{"@type":"ReadAction","target":["https:\/\/pistonaddict.com\/fi\/product\/amg-sls-roadster\/"]}]},{"@type":"ImageObject","inLanguage":"fi","@id":"https:\/\/pistonaddict.com\/fi\/product\/amg-sls-roadster\/#primaryimage","url":"https:\/\/pistonaddict.com\/wp-content\/uploads\/2024\/03\/1-scaled.jpg","contentUrl":"https:\/\/pistonaddict.com\/wp-content\/uploads\/2024\/03\/1-scaled.jpg","width":2560,"height":1527},{"@type":"BreadcrumbList","@id":"https:\/\/pistonaddict.com\/fi\/product\/amg-sls-roadster\/#breadcrumb","itemListElement":[{"@type":"ListItem","position":1,"name":"Kotisivu","item":"https:\/\/pistonaddict.com\/fi\/kotisivu-2\/"},{"@type":"ListItem","position":2,"name":"Auctions","item":"https:\/\/pistonaddict.com\/auctions-listing\/"},{"@type":"ListItem","position":3,"name":"AMG SLS Roadster"}]},{"@type":"WebSite","@id":"https:\/\/pistonaddict.com\/fi\/#website","url":"https:\/\/pistonaddict.com\/fi\/","name":"Piston Addict","description":"Only interesting vehicles","publisher":{"@id":"https:\/\/pistonaddict.com\/fi\/#organization"},"potentialAction":[{"@type":"SearchAction","target":{"@type":"EntryPoint","urlTemplate":"https:\/\/pistonaddict.com\/fi\/?s={search_term_string}"},"query-input":"required name=search_term_string"}],"inLanguage":"fi"},{"@type":"Organization","@id":"https:\/\/pistonaddict.com\/fi\/#organization","name":"Piston Addict","url":"https:\/\/pistonaddict.com\/fi\/","logo":{"@type":"ImageObject","inLanguage":"fi","@id":"https:\/\/pistonaddict.com\/fi\/#\/schema\/logo\/image\/","url":"https:\/\/pistonaddict.com\/wp-content\/uploads\/2022\/07\/logo-6.png","contentUrl":"https:\/\/pistonaddict.com\/wp-content\/uploads\/2022\/07\/logo-6.png","width":970,"height":200,"caption":"Piston Addict"},"image":{"@id":"https:\/\/pistonaddict.com\/fi\/#\/schema\/logo\/image\/"}}]}},"_links":{"self":[{"href":"https:\/\/pistonaddict.com\/fi\/wp-json\/wp\/v2\/product\/96727"}],"collection":[{"href":"https:\/\/pistonaddict.com\/fi\/wp-json\/wp\/v2\/product"}],"about":[{"href":"https:\/\/pistonaddict.com\/fi\/wp-json\/wp\/v2\/types\/product"}],"replies":[{"embeddable":true,"href":"https:\/\/pistonaddict.com\/fi\/wp-json\/wp\/v2\/comments?post=96727"}],"wp:featuredmedia":[{"embeddable":true,"href":"https:\/\/pistonaddict.com\/fi\/wp-json\/wp\/v2\/media\/95992"}],"wp:attachment":[{"href":"https:\/\/pistonaddict.com\/fi\/wp-json\/wp\/v2\/media?parent=96727"}],"wp:term":[{"taxonomy":"product_cat","embeddable":true,"href":"https:\/\/pistonaddict.com\/fi\/wp-json\/wp\/v2\/product_cat?post=96727"},{"taxonomy":"product_tag","embeddable":true,"href":"https:\/\/pistonaddict.com\/fi\/wp-json\/wp\/v2\/product_tag?post=96727"}],"curies":[{"name":"wp","href":"https:\/\/api.w.org\/{rel}","templated":true}]}}