{"id":94117,"date":"2024-02-28T13:52:28","date_gmt":"2024-02-28T12:52:28","guid":{"rendered":"https:\/\/pistonaddict.com\/product\/fisker-karma\/"},"modified":"2024-03-19T16:38:50","modified_gmt":"2024-03-19T15:38:50","slug":"fisker-karma","status":"publish","type":"product","link":"https:\/\/pistonaddict.com\/fi\/product\/fisker-karma\/","title":{"rendered":"Fisker Karma"},"content":{"rendered":"<h2>Ulkoasu<\/h2>\n<p>Ulkopuolella Karman etuosassa on matala nokka, jossa on leve\u00e4t s\u00e4leik\u00f6t ja pitk\u00e4nomaiset Xenon-ajovalot, jotka antavat autolle aggressiivisen ilmeen. T\u00e4m\u00e4 teema jatkuu sivuilla, joissa lihaksikasta siluettia hallitsevat massiiviset, 22-tuumaisten py\u00f6rien ymp\u00e4rille k\u00e4\u00e4rityt lokasuojat. Italialaisen superauton leve\u00e4ss\u00e4 takaosassa yksityiskohdat, kuten tyylikk\u00e4\u00e4t takavalot ja kaiuttimet paikassa, jossa odottaisi n\u00e4kev\u00e4ns\u00e4 kromatuilla korkkeilla varustetut pakoputken k\u00e4rjet, antavat karmalle ainutlaatuisen maantieilmeen.<\/p>\n<p>Auto on maalattu Deep Ocean blue -v\u00e4rill\u00e4, joka n\u00e4ytt\u00e4\u00e4 upealta kirkkaina p\u00e4ivin\u00e4, kun auringons\u00e4teet tuovat sen hilseilevyyden esiin. Auringosta puheen ollen &#8211; Karman kattoon on integroitu aurinkopaneeleita, joten se voi ladata itse\u00e4\u00e4n vain pys\u00e4k\u00f6im\u00e4ll\u00e4 auton ulos.<\/p>\n<h2>Sisustus<\/h2>\n<p>Kun olet autossa sis\u00e4ll\u00e4, l\u00f6yd\u00e4t itsesi nelipilarisen nahkaisen ohjauspy\u00f6r\u00e4n takaa, jota kehyst\u00e4\u00e4 tyylik\u00e4s ja futuristinen mittaristo. Vasemmalla on nopeusmittari, joka ulottuu 220 km\/h:iin. Oikealla puolella on kuitenkin kierroslukumittarin sijasta akun kapasiteetin n\u00e4ytt\u00f6 ja tieto siit\u00e4, ladataanko akkua vai k\u00e4ytet\u00e4\u00e4nk\u00f6 s\u00e4hk\u00f6\u00e4 kiihdytykseen. Kojelaudassa on kosketusn\u00e4ytt\u00f6, joka toimii stereoiden, navigoinnin ja ilmastoinnin ohjauskeskuksena.<\/p>\n<p>Koko sis\u00e4tilat on sisustettu puun, nahan ja pehme\u00e4n Alcantaran yhdistelm\u00e4ll\u00e4, mik\u00e4 antaa autolle hienon tunnelman ja ulkon\u00e4\u00f6n. Yksi asia, joka her\u00e4tt\u00e4\u00e4 huomiota, on massiivinen keskitunneli, joka on v\u00e4ltt\u00e4m\u00e4t\u00f6n, koska sinne sijoitetaan akut.<\/p>\n<h2>Mekaniikka<\/h2>\n<p>Niin upealta kuin se n\u00e4ytt\u00e4\u00e4kin sis\u00e4lt\u00e4 ja ulkoa, Fiskerin mekaaninen perusta on kaikkein vaikuttavin. Jos avaat konepellin, sen alta l\u00f6ytyy moottori, aivan kuten muissakin autoissa. T\u00e4t\u00e4 turboahdettua 4-sylinterist\u00e4 yksikk\u00f6\u00e4 ei kuitenkaan k\u00e4ytet\u00e4 py\u00f6rien voimanl\u00e4hteen\u00e4. Sen sijaan se toimii generaattorina, joka lataa akut, kun ne tarvitsevat t\u00e4ydennyst\u00e4.<\/p>\n<p>Autoa liikuttaa kaksi s\u00e4hk\u00f6moottoria, jotka toimivat pareittain ja luovuttavat voiman takapy\u00f6rille rajoitetun luiston tasauspy\u00f6r\u00e4st\u00f6n kautta. T\u00e4m\u00e4 yhdistelm\u00e4 tuottaa jopa 409 hevosvoimaa ja huikeat 1300 N-m v\u00e4\u00e4nt\u00f6\u00e4, mik\u00e4 antaa Karman suorituskyvylle sen ulkon\u00e4k\u00f6\u00e4 vastaavan suorituskyvyn.<\/p>\n<p>Koska Fisker ei halunnut auton olevan liian raskas, koska se vaarantaisi auton k\u00e4sitelt\u00e4vyyden, akut ja niist\u00e4 johtuva toimintas\u00e4de t\u00e4yss\u00e4hk\u00f6isess\u00e4 ajossa eiv\u00e4t ole liian laajoja. T\u00e4yteen ladattuna Karma pystyy kulkemaan noin 80 kilometri\u00e4 pelk\u00e4ll\u00e4 s\u00e4hk\u00f6ll\u00e4. Mutta rehellisesti sanottuna t\u00e4m\u00e4 on luultavasti enemm\u00e4n kuin tarpeeksi useimpiin p\u00e4ivitt\u00e4isiin ty\u00f6matkoihin, ja varageneraattorina on aina bensiinik\u00e4ytt\u00f6inen moottori.<\/p>\n<h2>Ajoneuvon historia<\/h2>\n<p>Lopuksi muutama sana Fiskerin kunnosta, jota myyj\u00e4 kuvailee erinomaiseksi. Rehellisesti sanottuna kuvat ja lyhyt video kertovat saman tarinan. Auto huollettiin viimeksi marraskuussa 2023, eik\u00e4 siin\u00e4 ole puutteita tai vikoja, lukuun ottamatta kojelaudan rengaspainevaroitusta. T\u00e4m\u00e4 johtuu ilmeisesti siit\u00e4, ett\u00e4 ajoneuvossa on t\u00e4ll\u00e4 hetkell\u00e4 21-tuumaiset j\u00e4lkiasenteiset Schmid-py\u00f6r\u00e4t, kun taas TPMS-j\u00e4rjestelm\u00e4 on ohjelmoitu toimimaan alkuper\u00e4isten 22-tuumaisten kes\u00e4vanteiden kanssa. Omistaja sanoo, ett\u00e4 auto voidaan kalibroida uudelleen, jotta se tunnistaa vaihtoehtoiset rengaskoot, mutta h\u00e4n ei ole vaivautunut tekem\u00e4\u00e4n sit\u00e4, koska h\u00e4n ajaa autolla harvoin talvella. Lis\u00e4ksi kaikki turvatyynyt vaihdettiin vuonna 2022 osana Takatan suurta turvatyynyjen takaisinkutsua.<\/p>\n<p>Koska kyseess\u00e4 on s\u00e4hk\u00f6hybridiauto, akkujen kunto saattaa her\u00e4tt\u00e4\u00e4 huolta, sill\u00e4 niiden vaihtaminen on eritt\u00e4in kallista. Myyj\u00e4n mukaan ei kuitenkaan ole mit\u00e4\u00e4n syyt\u00e4 huoleen, sill\u00e4 Fisker Karman sertifioitu teknikko on tarkastanut akun elokuussa 2023 ja vahvistanut, ett\u00e4 akku on edelleen t\u00e4ysin toimintakykyinen. Auton mukana toimitetaan alkuper\u00e4inen mobiililaturi, joka liitet\u00e4\u00e4n 220 V:n pistorasiaan, ja k\u00e4sik\u00e4ytt\u00f6inen OBD2-koodinlukija. It\u00e4vallan tekninen tarkastus on hyv\u00e4ksytysti suoritettu, ja se on voimassa elokuuhun 2024 saakka.<\/p>\n<p>Yksi tulevaisuuden huoltoa koskeva huomautus &#8211; vaikka ainoa Euroopassa toimiva valtuutettu j\u00e4lleenmyyj\u00e4 on Alankomaissa, on olemassa mahdollisuus saada heid\u00e4n ammattitaitoinen asiantuntijansa lenn\u00e4tetty\u00e4 paikallesi, jossa h\u00e4n huolehtii kaikista tarvittavista toimenpiteist\u00e4 (edellytt\u00e4en, ett\u00e4 korjaus voidaan tehd\u00e4 paikan p\u00e4\u00e4ll\u00e4).<\/p>\n<p>Lopuksi myyj\u00e4, joka osti sen vuonna 2019, sanoo, ett\u00e4 autolla ei ole koskaan ollut onnettomuutta eik\u00e4 sit\u00e4 ole k\u00e4ytetty kilparadalla, mink\u00e4 voi lis\u00e4ksi vahvistaa vastaavalla <a href=\"https:\/\/pistonaddict.com\/wp-content\/uploads\/2024\/02\/FiskerKarma.pdf\">Vehicle History Report -raportilla<\/a>. Mainitsemisen arvoista on my\u00f6s se, ett\u00e4 myyj\u00e4 toimittaa <a href=\"https:\/\/pistonaddict.com\/wp-content\/uploads\/2024\/02\/CoC1-rotated.jpg\">vaatimustenmukaisuustodistuksen<\/a>, jos ostaja haluaa siirt\u00e4\u00e4 ajoneuvon It\u00e4vallan ulkopuolelle, jossa t\u00e4m\u00e4 Fisker on ollut rekister\u00f6ity alusta alkaen.<\/p>\n<p><strong><br \/>\nKatso kylm\u00e4k\u00e4ynnistysvideo t\u00e4st\u00e4 upeasta Fisker Karma :<\/strong><\/p>\n<p><iframe title=\"Cold Start Video of the Fisker Karma\" width=\"1200\" height=\"675\" src=\"https:\/\/www.youtube.com\/embed\/Ct2_uFf2FEw?feature=oembed\" frameborder=\"0\" allow=\"accelerometer; autoplay; clipboard-write; encrypted-media; gyroscope; picture-in-picture; web-share\" allowfullscreen><\/iframe><\/p>\n","protected":false},"excerpt":{"rendered":"<p>Jos etsit urheiluautoa, johon mahtuu nelj\u00e4 henkil\u00f6\u00e4 ja heid\u00e4n matkatavaransa, tarjolla on paljon vaihtoehtoja. Mutta jos haluat jotain, joka erottaa sinut valtavirran malleista, saatat pit\u00e4\u00e4 Fisker Karmasta. Se tarjoaa kaikki s\u00e4hk\u00f6auton edut ilman et\u00e4isyysongelmia ja niihin yleens\u00e4 liittyv\u00e4\u00e4 lis\u00e4painoa. Kaiken t\u00e4m\u00e4n tekniikan lis\u00e4ksi kaikki t\u00e4m\u00e4 on k\u00e4\u00e4ritty n\u00e4ytt\u00e4v\u00e4n n\u00e4k\u00f6iseen runkoon. Ja t\u00e4\u00e4ll\u00e4 myynniss\u00e4 on vuoden 2012 malli, jonka omistaja on myynyt ja jolla on t\u00e4h\u00e4n menness\u00e4 ajettu 67 000 kilometri\u00e4. Katsotaanpa tarkemmin, mit\u00e4 sill\u00e4 on tarjottavanaan.<\/p>\n","protected":false},"featured_media":93018,"comment_status":"open","ping_status":"closed","template":"","meta":{"inline_featured_image":false},"product_cat":[745],"product_tag":[2772,3043,933,1786,1781,2989],"acf":[],"yoast_head":"<!-- This site is optimized with the Yoast SEO plugin v22.5 - https:\/\/yoast.com\/wordpress\/plugins\/seo\/ -->\n<title>Fisker Karma - Piston Addict<\/title>\n<meta name=\"robots\" content=\"index, follow, max-snippet:-1, max-image-preview:large, max-video-preview:-1\" \/>\n<link rel=\"canonical\" href=\"https:\/\/pistonaddict.com\/fi\/product\/fisker-karma\/\" \/>\n<meta property=\"og:locale\" content=\"fi_FI\" \/>\n<meta property=\"og:type\" content=\"article\" \/>\n<meta property=\"og:title\" content=\"Fisker Karma - Piston Addict\" \/>\n<meta property=\"og:description\" content=\"Jos etsit urheiluautoa, johon mahtuu nelj\u00e4 henkil\u00f6\u00e4 ja heid\u00e4n matkatavaransa, tarjolla on paljon vaihtoehtoja. Mutta jos haluat jotain, joka erottaa sinut valtavirran malleista, saatat pit\u00e4\u00e4 Fisker Karmasta. Se tarjoaa kaikki s\u00e4hk\u00f6auton edut ilman et\u00e4isyysongelmia ja niihin yleens\u00e4 liittyv\u00e4\u00e4 lis\u00e4painoa. Kaiken t\u00e4m\u00e4n tekniikan lis\u00e4ksi kaikki t\u00e4m\u00e4 on k\u00e4\u00e4ritty n\u00e4ytt\u00e4v\u00e4n n\u00e4k\u00f6iseen runkoon. Ja t\u00e4\u00e4ll\u00e4 myynniss\u00e4 on vuoden 2012 malli, jonka omistaja on myynyt ja jolla on t\u00e4h\u00e4n menness\u00e4 ajettu 67 000 kilometri\u00e4. Katsotaanpa tarkemmin, mit\u00e4 sill\u00e4 on tarjottavanaan.\" \/>\n<meta property=\"og:url\" content=\"https:\/\/pistonaddict.com\/fi\/product\/fisker-karma\/\" \/>\n<meta property=\"og:site_name\" content=\"Piston Addict\" \/>\n<meta property=\"article:modified_time\" content=\"2024-03-19T15:38:50+00:00\" \/>\n<meta property=\"og:image\" content=\"https:\/\/pistonaddict.com\/wp-content\/uploads\/2024\/02\/1.jpg\" \/>\n\t<meta property=\"og:image:width\" content=\"1280\" \/>\n\t<meta property=\"og:image:height\" content=\"960\" \/>\n\t<meta property=\"og:image:type\" content=\"image\/jpeg\" \/>\n<meta name=\"twitter:card\" content=\"summary_large_image\" \/>\n<meta name=\"twitter:label1\" content=\"Arvioitu lukuaika\" \/>\n\t<meta name=\"twitter:data1\" content=\"3 minutes\" \/>\n<script type=\"application\/ld+json\" class=\"yoast-schema-graph\">{\"@context\":\"https:\/\/schema.org\",\"@graph\":[{\"@type\":\"WebPage\",\"@id\":\"https:\/\/pistonaddict.com\/fi\/product\/fisker-karma\/\",\"url\":\"https:\/\/pistonaddict.com\/fi\/product\/fisker-karma\/\",\"name\":\"Fisker Karma - Piston Addict\",\"isPartOf\":{\"@id\":\"https:\/\/pistonaddict.com\/fi\/#website\"},\"primaryImageOfPage\":{\"@id\":\"https:\/\/pistonaddict.com\/fi\/product\/fisker-karma\/#primaryimage\"},\"image\":{\"@id\":\"https:\/\/pistonaddict.com\/fi\/product\/fisker-karma\/#primaryimage\"},\"thumbnailUrl\":\"https:\/\/pistonaddict.com\/wp-content\/uploads\/2024\/02\/1.jpg\",\"datePublished\":\"2024-02-28T12:52:28+00:00\",\"dateModified\":\"2024-03-19T15:38:50+00:00\",\"breadcrumb\":{\"@id\":\"https:\/\/pistonaddict.com\/fi\/product\/fisker-karma\/#breadcrumb\"},\"inLanguage\":\"fi\",\"potentialAction\":[{\"@type\":\"ReadAction\",\"target\":[\"https:\/\/pistonaddict.com\/fi\/product\/fisker-karma\/\"]}]},{\"@type\":\"ImageObject\",\"inLanguage\":\"fi\",\"@id\":\"https:\/\/pistonaddict.com\/fi\/product\/fisker-karma\/#primaryimage\",\"url\":\"https:\/\/pistonaddict.com\/wp-content\/uploads\/2024\/02\/1.jpg\",\"contentUrl\":\"https:\/\/pistonaddict.com\/wp-content\/uploads\/2024\/02\/1.jpg\",\"width\":1280,\"height\":960},{\"@type\":\"BreadcrumbList\",\"@id\":\"https:\/\/pistonaddict.com\/fi\/product\/fisker-karma\/#breadcrumb\",\"itemListElement\":[{\"@type\":\"ListItem\",\"position\":1,\"name\":\"Kotisivu\",\"item\":\"https:\/\/pistonaddict.com\/fi\/kotisivu-2\/\"},{\"@type\":\"ListItem\",\"position\":2,\"name\":\"Auctions\",\"item\":\"https:\/\/pistonaddict.com\/auctions-listing\/\"},{\"@type\":\"ListItem\",\"position\":3,\"name\":\"Fisker Karma\"}]},{\"@type\":\"WebSite\",\"@id\":\"https:\/\/pistonaddict.com\/fi\/#website\",\"url\":\"https:\/\/pistonaddict.com\/fi\/\",\"name\":\"Piston Addict\",\"description\":\"Only interesting vehicles\",\"publisher\":{\"@id\":\"https:\/\/pistonaddict.com\/fi\/#organization\"},\"potentialAction\":[{\"@type\":\"SearchAction\",\"target\":{\"@type\":\"EntryPoint\",\"urlTemplate\":\"https:\/\/pistonaddict.com\/fi\/?s={search_term_string}\"},\"query-input\":\"required name=search_term_string\"}],\"inLanguage\":\"fi\"},{\"@type\":\"Organization\",\"@id\":\"https:\/\/pistonaddict.com\/fi\/#organization\",\"name\":\"Piston Addict\",\"url\":\"https:\/\/pistonaddict.com\/fi\/\",\"logo\":{\"@type\":\"ImageObject\",\"inLanguage\":\"fi\",\"@id\":\"https:\/\/pistonaddict.com\/fi\/#\/schema\/logo\/image\/\",\"url\":\"https:\/\/pistonaddict.com\/wp-content\/uploads\/2022\/07\/logo-6.png\",\"contentUrl\":\"https:\/\/pistonaddict.com\/wp-content\/uploads\/2022\/07\/logo-6.png\",\"width\":970,\"height\":200,\"caption\":\"Piston Addict\"},\"image\":{\"@id\":\"https:\/\/pistonaddict.com\/fi\/#\/schema\/logo\/image\/\"}}]}<\/script>\n<!-- \/ Yoast SEO plugin. -->","yoast_head_json":{"title":"Fisker Karma - Piston Addict","robots":{"index":"index","follow":"follow","max-snippet":"max-snippet:-1","max-image-preview":"max-image-preview:large","max-video-preview":"max-video-preview:-1"},"canonical":"https:\/\/pistonaddict.com\/fi\/product\/fisker-karma\/","og_locale":"fi_FI","og_type":"article","og_title":"Fisker Karma - Piston Addict","og_description":"Jos etsit urheiluautoa, johon mahtuu nelj\u00e4 henkil\u00f6\u00e4 ja heid\u00e4n matkatavaransa, tarjolla on paljon vaihtoehtoja. Mutta jos haluat jotain, joka erottaa sinut valtavirran malleista, saatat pit\u00e4\u00e4 Fisker Karmasta. Se tarjoaa kaikki s\u00e4hk\u00f6auton edut ilman et\u00e4isyysongelmia ja niihin yleens\u00e4 liittyv\u00e4\u00e4 lis\u00e4painoa. Kaiken t\u00e4m\u00e4n tekniikan lis\u00e4ksi kaikki t\u00e4m\u00e4 on k\u00e4\u00e4ritty n\u00e4ytt\u00e4v\u00e4n n\u00e4k\u00f6iseen runkoon. Ja t\u00e4\u00e4ll\u00e4 myynniss\u00e4 on vuoden 2012 malli, jonka omistaja on myynyt ja jolla on t\u00e4h\u00e4n menness\u00e4 ajettu 67 000 kilometri\u00e4. Katsotaanpa tarkemmin, mit\u00e4 sill\u00e4 on tarjottavanaan.","og_url":"https:\/\/pistonaddict.com\/fi\/product\/fisker-karma\/","og_site_name":"Piston Addict","article_modified_time":"2024-03-19T15:38:50+00:00","og_image":[{"width":1280,"height":960,"url":"https:\/\/pistonaddict.com\/wp-content\/uploads\/2024\/02\/1.jpg","type":"image\/jpeg"}],"twitter_card":"summary_large_image","twitter_misc":{"Arvioitu lukuaika":"3 minutes"},"schema":{"@context":"https:\/\/schema.org","@graph":[{"@type":"WebPage","@id":"https:\/\/pistonaddict.com\/fi\/product\/fisker-karma\/","url":"https:\/\/pistonaddict.com\/fi\/product\/fisker-karma\/","name":"Fisker Karma - Piston Addict","isPartOf":{"@id":"https:\/\/pistonaddict.com\/fi\/#website"},"primaryImageOfPage":{"@id":"https:\/\/pistonaddict.com\/fi\/product\/fisker-karma\/#primaryimage"},"image":{"@id":"https:\/\/pistonaddict.com\/fi\/product\/fisker-karma\/#primaryimage"},"thumbnailUrl":"https:\/\/pistonaddict.com\/wp-content\/uploads\/2024\/02\/1.jpg","datePublished":"2024-02-28T12:52:28+00:00","dateModified":"2024-03-19T15:38:50+00:00","breadcrumb":{"@id":"https:\/\/pistonaddict.com\/fi\/product\/fisker-karma\/#breadcrumb"},"inLanguage":"fi","potentialAction":[{"@type":"ReadAction","target":["https:\/\/pistonaddict.com\/fi\/product\/fisker-karma\/"]}]},{"@type":"ImageObject","inLanguage":"fi","@id":"https:\/\/pistonaddict.com\/fi\/product\/fisker-karma\/#primaryimage","url":"https:\/\/pistonaddict.com\/wp-content\/uploads\/2024\/02\/1.jpg","contentUrl":"https:\/\/pistonaddict.com\/wp-content\/uploads\/2024\/02\/1.jpg","width":1280,"height":960},{"@type":"BreadcrumbList","@id":"https:\/\/pistonaddict.com\/fi\/product\/fisker-karma\/#breadcrumb","itemListElement":[{"@type":"ListItem","position":1,"name":"Kotisivu","item":"https:\/\/pistonaddict.com\/fi\/kotisivu-2\/"},{"@type":"ListItem","position":2,"name":"Auctions","item":"https:\/\/pistonaddict.com\/auctions-listing\/"},{"@type":"ListItem","position":3,"name":"Fisker Karma"}]},{"@type":"WebSite","@id":"https:\/\/pistonaddict.com\/fi\/#website","url":"https:\/\/pistonaddict.com\/fi\/","name":"Piston Addict","description":"Only interesting vehicles","publisher":{"@id":"https:\/\/pistonaddict.com\/fi\/#organization"},"potentialAction":[{"@type":"SearchAction","target":{"@type":"EntryPoint","urlTemplate":"https:\/\/pistonaddict.com\/fi\/?s={search_term_string}"},"query-input":"required name=search_term_string"}],"inLanguage":"fi"},{"@type":"Organization","@id":"https:\/\/pistonaddict.com\/fi\/#organization","name":"Piston Addict","url":"https:\/\/pistonaddict.com\/fi\/","logo":{"@type":"ImageObject","inLanguage":"fi","@id":"https:\/\/pistonaddict.com\/fi\/#\/schema\/logo\/image\/","url":"https:\/\/pistonaddict.com\/wp-content\/uploads\/2022\/07\/logo-6.png","contentUrl":"https:\/\/pistonaddict.com\/wp-content\/uploads\/2022\/07\/logo-6.png","width":970,"height":200,"caption":"Piston Addict"},"image":{"@id":"https:\/\/pistonaddict.com\/fi\/#\/schema\/logo\/image\/"}}]}},"_links":{"self":[{"href":"https:\/\/pistonaddict.com\/fi\/wp-json\/wp\/v2\/product\/94117"}],"collection":[{"href":"https:\/\/pistonaddict.com\/fi\/wp-json\/wp\/v2\/product"}],"about":[{"href":"https:\/\/pistonaddict.com\/fi\/wp-json\/wp\/v2\/types\/product"}],"replies":[{"embeddable":true,"href":"https:\/\/pistonaddict.com\/fi\/wp-json\/wp\/v2\/comments?post=94117"}],"wp:featuredmedia":[{"embeddable":true,"href":"https:\/\/pistonaddict.com\/fi\/wp-json\/wp\/v2\/media\/93018"}],"wp:attachment":[{"href":"https:\/\/pistonaddict.com\/fi\/wp-json\/wp\/v2\/media?parent=94117"}],"wp:term":[{"taxonomy":"product_cat","embeddable":true,"href":"https:\/\/pistonaddict.com\/fi\/wp-json\/wp\/v2\/product_cat?post=94117"},{"taxonomy":"product_tag","embeddable":true,"href":"https:\/\/pistonaddict.com\/fi\/wp-json\/wp\/v2\/product_tag?post=94117"}],"curies":[{"name":"wp","href":"https:\/\/api.w.org\/{rel}","templated":true}]}}