{"id":92882,"date":"2024-02-23T14:19:05","date_gmt":"2024-02-23T13:19:05","guid":{"rendered":"https:\/\/pistonaddict.com\/product\/volkswagen-1303-avoauto-triple-white-beetle-kolminkertainen-valkoinen\/"},"modified":"2024-03-20T09:46:52","modified_gmt":"2024-03-20T08:46:52","slug":"volkswagen-1303-convertible-triple-white-beetle","status":"publish","type":"product","link":"https:\/\/pistonaddict.com\/fi\/product\/volkswagen-1303-convertible-triple-white-beetle\/","title":{"rendered":"Volkswagen 1303 Avoauto Triple White Beetle, kolminkertainen valkoinen"},"content":{"rendered":"<p>Jos tavallinen Volkswagen Beetle oli s\u00e4\u00e4st\u00f6malli, joka sai maailman py\u00f6rille, sen avoautoversio oli aina hienostuneempi ja arvostetumpi. Ensinn\u00e4kin kuuluisan Karmann-korinvalmistaja valmisti sen, ja siin\u00e4 oli monia muutoksia vakiomalliin verrattuna. Kyseess\u00e4 ei ollut pelkk\u00e4 pudotuskattoinen Beetle, vaan t\u00e4ysin erilainen auto, jossa oli parannuksia alustassa, erilaiset ovet, tuulilasit ja erityispaneelit. Volkswagen Beetle Convertible sai pitk\u00e4n tuotantokautensa loppupuolella p\u00e4ivitetyn moottorin, etulevyjarrut ja lis\u00e4\u00e4 ominaisuuksia, jotka tekiv\u00e4t siit\u00e4 paremman ja p\u00e4tev\u00e4mm\u00e4n avoauton. T\u00e4n\u00e4\u00e4n voimme ylpe\u00e4n\u00e4 esitell\u00e4 t\u00e4llaisen auton. Volkswagen 1303 Cabrio vuodelta 1979, jossa on ainutlaatuinen, kolminkertainen valkoinen v\u00e4rimaailma, 1,6-litrainen polttoaineruiskutusmoottori ja t\u00e4ysin alkuper\u00e4isess\u00e4 kunnossa. Alun perin Yhdysvalloissa myytyj\u00e4 my\u00f6h\u00e4ismallin Beetle-avoautoja markkinoitiin Super Beetle -nimell\u00e4, ja ne kuuluvat halutuimpiin yksil\u00f6ihin parempien varusteiden ja 48 hv:n moottorin ansiosta, ja niiden huippunopeus oli 130 km\/h. T\u00e4m\u00e4 auto valmistettiin joulukuussa 1979, joten se on yksi viimeisist\u00e4 Beetle-avoautoista, joiden tuotanto loppui vuoden 1980 alussa. Volkswagen myi vuonna 1980 vain 4 572 1303 Cabriolettia, joista vain harvat olivat Tripple-White -v\u00e4risi\u00e4, ja t\u00e4m\u00e4 on yksi niist\u00e4. N\u00e4iss\u00e4 my\u00f6h\u00e4isiss\u00e4 malleissa on useita ainutlaatuisia muotoiluominaisuuksia, jotka tekev\u00e4t niist\u00e4 entist\u00e4kin k\u00e4yt\u00e4nn\u00f6llisempi\u00e4 ja miellytt\u00e4v\u00e4mpi\u00e4. Esimerkiksi isompi tavaratila ja hieman kaareva tuulilasi v\u00e4hent\u00e4v\u00e4t tuulen melua, l\u00e4hinn\u00e4 ajettaessa katto alas laskettuna.<\/p>\n<p><strong>Sisustus<\/strong><\/p>\n<p>Valkoiset vinyyliistuimet ovat erinomaisessa kunnossa, ja t\u00e4m\u00e4n silmiinpist\u00e4v\u00e4n Beetlen sisustus on t\u00e4ysin alkuper\u00e4inen. Puuverhoillun kojelaudan, ainutlaatuisen ohjauspy\u00f6r\u00e4n ja parannetun ergonomian ansiosta t\u00e4m\u00e4 on kaikkien klassisten Beetlejen hienostunein kuljettajaymp\u00e4rist\u00f6. Kojelauta ei ole s\u00e4r\u00f6ill\u00e4; audioj\u00e4rjestelm\u00e4 on vieh\u00e4tt\u00e4v\u00e4 80-luvun Blaupunkt-kasettilaite.<\/p>\n<p><strong>Auton kunto<\/strong><\/p>\n<p>Vain 94 000 kilometri\u00e4 ajettu ja pari huolellista omistajaa omistanut 1303 Convertible on hy\u00f6tynyt kunnostuksesta, ja siin\u00e4 on s\u00e4ilytetty alkuper\u00e4inen, numeroiden mukainen moottori ja vaihteisto. Yleiskunto on l\u00e4hes t\u00e4ydellinen, kaikki on kunnossa eik\u00e4 ruostepilkkuja tai v\u00e4rimuutoksia ole. Viimeisin huolto tehtiin lokakuussa 2023, ja auto l\u00e4p\u00e4isi vuoden 2024 teknisen katsastuksen ongelmitta. T\u00e4m\u00e4nkaltaisissa autoissa vinyylikatto on usein ongelmallinen, mutta voimme iloksemme kertoa, ett\u00e4 t\u00e4m\u00e4kin on t\u00e4ydellisess\u00e4 kunnossa ilman repe\u00e4mi\u00e4 tai vuotoja. Alusta on yht\u00e4 puhdas kuin runko, eik\u00e4 siin\u00e4 ole ruosteongelmia. Auto on kunnostettu ammattimaisesti ja alkuper\u00e4isill\u00e4 osilla, ja VW-asiantuntija on huoltanut sit\u00e4. Entis\u00f6innin j\u00e4lkeen ajoneuvoa on s\u00e4ilytetty ilmastoidussa autotallissa.<\/p>\n<p><strong>Ulkoasu ja py\u00f6r\u00e4t<\/strong><\/p>\n<p>Allekirjoitus valkoinen v\u00e4ri on ihanteellisessa kunnossa, ja kolminkertainen valkoinen v\u00e4rimaailma on alkuper\u00e4inen ja harvinainen. Vanteet ovat alkuper\u00e4iset 15-tuumaiset, kromatuilla navatulpilla varustetut vanteet, jotka on k\u00e4\u00e4ritty upouusiin (DOT 2023) ja sopivan kokoisiin (175\/70\/R15) renkaisiin.<\/p>\n<p><strong>Dokumentaatio<\/strong><\/p>\n<p>Yksityinen myyj\u00e4 myy t\u00e4t\u00e4 ajoneuvoa asianmukaisilla asiakirjoilla Alankomaissa. <strong>Alankomaiden MOT (APK) on voimassa elokuuhun 2024 asti<\/strong>. S\u00e4\u00e4nn\u00f6llisest\u00e4 huollosta, myyntilaskuista ja kuiteista on kirjanpito. Asiakirjat sis\u00e4lt\u00e4v\u00e4t alkuper\u00e4isen omistajan tittelin, esitteet, <a href=\"https:\/\/pistonaddict.com\/wp-content\/uploads\/2024\/02\/Zertificat.pdf\" target=\"blank\" rel=\"noopener\">VW classic -asiantuntemuksen<\/a> ja rekister\u00f6intipaperit. T\u00e4h\u00e4n malliin ei ole saatavana tehdastakuuta.<\/p>\n<p><strong><br \/>\nKatso kylm\u00e4k\u00e4ynnistys video t\u00e4st\u00e4 kauniista avoauto Beetle Triple White :<\/strong><\/p>\n<p>&nbsp;<\/p>\n<p><iframe title=\"Cold Start Video of the Volkswagen Coccinelle\/Beetle Cabriolet 1.6 Triple White\" width=\"1200\" height=\"675\" src=\"https:\/\/www.youtube.com\/embed\/G0rjRvyjhRo?feature=oembed\" frameborder=\"0\" allow=\"accelerometer; autoplay; clipboard-write; encrypted-media; gyroscope; picture-in-picture; web-share\" allowfullscreen><\/iframe><\/p>\n<p><strong> <\/strong><\/p>\n","protected":false},"excerpt":{"rendered":"<p>Volkswagenin samanniminen Beetle oli yksi 20. vuosisadan jumaloitavista autoista, ja se on edelleen yksi parhaista klassikkok\u00e4ynnistysautoista. Sen avoautoversio on kuitenkin paljon harvinaisempi, siistimpi ja t\u00e4ydellinen avoautoiluun rannikolla, jossa kuullaan erehtym\u00e4tt\u00f6m\u00e4n tasanelosen \u00e4\u00e4niraita. Jos olet ihastunut klassiseen Beetle-linjaan, mutta etsit autoa, jossa on parempi ajettavuus ja teho, t\u00e4m\u00e4 on t\u00e4ydellinen auto sinulle. Halutumpi, my\u00f6hempi 1303 Cabrio -malli, jossa on tehokkaampi ja polttoainesuihkutettu moottori, valmiina kes\u00e4kaudeksi.<\/p>\n","protected":false},"featured_media":92681,"comment_status":"open","ping_status":"closed","template":"","meta":{"inline_featured_image":false},"product_cat":[745],"product_tag":[2952,986,2949],"acf":[],"yoast_head":"<!-- This site is optimized with the Yoast SEO plugin v22.5 - https:\/\/yoast.com\/wordpress\/plugins\/seo\/ -->\n<title>Volkswagen 1303 Avoauto Triple White Beetle, kolminkertainen valkoinen - Piston Addict<\/title>\n<meta name=\"robots\" content=\"index, follow, max-snippet:-1, max-image-preview:large, max-video-preview:-1\" \/>\n<link rel=\"canonical\" href=\"https:\/\/pistonaddict.com\/fi\/product\/volkswagen-1303-convertible-triple-white-beetle\/\" \/>\n<meta property=\"og:locale\" content=\"fi_FI\" \/>\n<meta property=\"og:type\" content=\"article\" \/>\n<meta property=\"og:title\" content=\"Volkswagen 1303 Avoauto Triple White Beetle, kolminkertainen valkoinen - Piston Addict\" \/>\n<meta property=\"og:description\" content=\"Volkswagenin samanniminen Beetle oli yksi 20. vuosisadan jumaloitavista autoista, ja se on edelleen yksi parhaista klassikkok\u00e4ynnistysautoista. Sen avoautoversio on kuitenkin paljon harvinaisempi, siistimpi ja t\u00e4ydellinen avoautoiluun rannikolla, jossa kuullaan erehtym\u00e4tt\u00f6m\u00e4n tasanelosen \u00e4\u00e4niraita. Jos olet ihastunut klassiseen Beetle-linjaan, mutta etsit autoa, jossa on parempi ajettavuus ja teho, t\u00e4m\u00e4 on t\u00e4ydellinen auto sinulle. Halutumpi, my\u00f6hempi 1303 Cabrio -malli, jossa on tehokkaampi ja polttoainesuihkutettu moottori, valmiina kes\u00e4kaudeksi.\" \/>\n<meta property=\"og:url\" content=\"https:\/\/pistonaddict.com\/fi\/product\/volkswagen-1303-convertible-triple-white-beetle\/\" \/>\n<meta property=\"og:site_name\" content=\"Piston Addict\" \/>\n<meta property=\"article:modified_time\" content=\"2024-03-20T08:46:52+00:00\" \/>\n<meta property=\"og:image\" content=\"https:\/\/pistonaddict.com\/wp-content\/uploads\/2024\/02\/b2c02738-a5a6-4266-893c-b51da700edcd-1.jpg\" \/>\n\t<meta property=\"og:image:width\" content=\"1600\" \/>\n\t<meta property=\"og:image:height\" content=\"1200\" \/>\n\t<meta property=\"og:image:type\" content=\"image\/jpeg\" \/>\n<meta name=\"twitter:card\" content=\"summary_large_image\" \/>\n<meta name=\"twitter:label1\" content=\"Arvioitu lukuaika\" \/>\n\t<meta name=\"twitter:data1\" content=\"2 minutes\" \/>\n<script type=\"application\/ld+json\" class=\"yoast-schema-graph\">{\"@context\":\"https:\/\/schema.org\",\"@graph\":[{\"@type\":\"WebPage\",\"@id\":\"https:\/\/pistonaddict.com\/fi\/product\/volkswagen-1303-convertible-triple-white-beetle\/\",\"url\":\"https:\/\/pistonaddict.com\/fi\/product\/volkswagen-1303-convertible-triple-white-beetle\/\",\"name\":\"Volkswagen 1303 Avoauto Triple White Beetle, kolminkertainen valkoinen - Piston Addict\",\"isPartOf\":{\"@id\":\"https:\/\/pistonaddict.com\/fi\/#website\"},\"primaryImageOfPage\":{\"@id\":\"https:\/\/pistonaddict.com\/fi\/product\/volkswagen-1303-convertible-triple-white-beetle\/#primaryimage\"},\"image\":{\"@id\":\"https:\/\/pistonaddict.com\/fi\/product\/volkswagen-1303-convertible-triple-white-beetle\/#primaryimage\"},\"thumbnailUrl\":\"https:\/\/pistonaddict.com\/wp-content\/uploads\/2024\/02\/b2c02738-a5a6-4266-893c-b51da700edcd-1.jpg\",\"datePublished\":\"2024-02-23T13:19:05+00:00\",\"dateModified\":\"2024-03-20T08:46:52+00:00\",\"breadcrumb\":{\"@id\":\"https:\/\/pistonaddict.com\/fi\/product\/volkswagen-1303-convertible-triple-white-beetle\/#breadcrumb\"},\"inLanguage\":\"fi\",\"potentialAction\":[{\"@type\":\"ReadAction\",\"target\":[\"https:\/\/pistonaddict.com\/fi\/product\/volkswagen-1303-convertible-triple-white-beetle\/\"]}]},{\"@type\":\"ImageObject\",\"inLanguage\":\"fi\",\"@id\":\"https:\/\/pistonaddict.com\/fi\/product\/volkswagen-1303-convertible-triple-white-beetle\/#primaryimage\",\"url\":\"https:\/\/pistonaddict.com\/wp-content\/uploads\/2024\/02\/b2c02738-a5a6-4266-893c-b51da700edcd-1.jpg\",\"contentUrl\":\"https:\/\/pistonaddict.com\/wp-content\/uploads\/2024\/02\/b2c02738-a5a6-4266-893c-b51da700edcd-1.jpg\",\"width\":1600,\"height\":1200},{\"@type\":\"BreadcrumbList\",\"@id\":\"https:\/\/pistonaddict.com\/fi\/product\/volkswagen-1303-convertible-triple-white-beetle\/#breadcrumb\",\"itemListElement\":[{\"@type\":\"ListItem\",\"position\":1,\"name\":\"Kotisivu\",\"item\":\"https:\/\/pistonaddict.com\/fi\/kotisivu-2\/\"},{\"@type\":\"ListItem\",\"position\":2,\"name\":\"Auctions\",\"item\":\"https:\/\/pistonaddict.com\/auctions-listing\/\"},{\"@type\":\"ListItem\",\"position\":3,\"name\":\"Volkswagen 1303 Avoauto Triple White Beetle, kolminkertainen valkoinen\"}]},{\"@type\":\"WebSite\",\"@id\":\"https:\/\/pistonaddict.com\/fi\/#website\",\"url\":\"https:\/\/pistonaddict.com\/fi\/\",\"name\":\"Piston Addict\",\"description\":\"Only interesting vehicles\",\"publisher\":{\"@id\":\"https:\/\/pistonaddict.com\/fi\/#organization\"},\"potentialAction\":[{\"@type\":\"SearchAction\",\"target\":{\"@type\":\"EntryPoint\",\"urlTemplate\":\"https:\/\/pistonaddict.com\/fi\/?s={search_term_string}\"},\"query-input\":\"required name=search_term_string\"}],\"inLanguage\":\"fi\"},{\"@type\":\"Organization\",\"@id\":\"https:\/\/pistonaddict.com\/fi\/#organization\",\"name\":\"Piston Addict\",\"url\":\"https:\/\/pistonaddict.com\/fi\/\",\"logo\":{\"@type\":\"ImageObject\",\"inLanguage\":\"fi\",\"@id\":\"https:\/\/pistonaddict.com\/fi\/#\/schema\/logo\/image\/\",\"url\":\"https:\/\/pistonaddict.com\/wp-content\/uploads\/2022\/07\/logo-6.png\",\"contentUrl\":\"https:\/\/pistonaddict.com\/wp-content\/uploads\/2022\/07\/logo-6.png\",\"width\":970,\"height\":200,\"caption\":\"Piston Addict\"},\"image\":{\"@id\":\"https:\/\/pistonaddict.com\/fi\/#\/schema\/logo\/image\/\"}}]}<\/script>\n<!-- \/ Yoast SEO plugin. -->","yoast_head_json":{"title":"Volkswagen 1303 Avoauto Triple White Beetle, kolminkertainen valkoinen - Piston Addict","robots":{"index":"index","follow":"follow","max-snippet":"max-snippet:-1","max-image-preview":"max-image-preview:large","max-video-preview":"max-video-preview:-1"},"canonical":"https:\/\/pistonaddict.com\/fi\/product\/volkswagen-1303-convertible-triple-white-beetle\/","og_locale":"fi_FI","og_type":"article","og_title":"Volkswagen 1303 Avoauto Triple White Beetle, kolminkertainen valkoinen - Piston Addict","og_description":"Volkswagenin samanniminen Beetle oli yksi 20. vuosisadan jumaloitavista autoista, ja se on edelleen yksi parhaista klassikkok\u00e4ynnistysautoista. Sen avoautoversio on kuitenkin paljon harvinaisempi, siistimpi ja t\u00e4ydellinen avoautoiluun rannikolla, jossa kuullaan erehtym\u00e4tt\u00f6m\u00e4n tasanelosen \u00e4\u00e4niraita. Jos olet ihastunut klassiseen Beetle-linjaan, mutta etsit autoa, jossa on parempi ajettavuus ja teho, t\u00e4m\u00e4 on t\u00e4ydellinen auto sinulle. Halutumpi, my\u00f6hempi 1303 Cabrio -malli, jossa on tehokkaampi ja polttoainesuihkutettu moottori, valmiina kes\u00e4kaudeksi.","og_url":"https:\/\/pistonaddict.com\/fi\/product\/volkswagen-1303-convertible-triple-white-beetle\/","og_site_name":"Piston Addict","article_modified_time":"2024-03-20T08:46:52+00:00","og_image":[{"width":1600,"height":1200,"url":"https:\/\/pistonaddict.com\/wp-content\/uploads\/2024\/02\/b2c02738-a5a6-4266-893c-b51da700edcd-1.jpg","type":"image\/jpeg"}],"twitter_card":"summary_large_image","twitter_misc":{"Arvioitu lukuaika":"2 minutes"},"schema":{"@context":"https:\/\/schema.org","@graph":[{"@type":"WebPage","@id":"https:\/\/pistonaddict.com\/fi\/product\/volkswagen-1303-convertible-triple-white-beetle\/","url":"https:\/\/pistonaddict.com\/fi\/product\/volkswagen-1303-convertible-triple-white-beetle\/","name":"Volkswagen 1303 Avoauto Triple White Beetle, kolminkertainen valkoinen - Piston Addict","isPartOf":{"@id":"https:\/\/pistonaddict.com\/fi\/#website"},"primaryImageOfPage":{"@id":"https:\/\/pistonaddict.com\/fi\/product\/volkswagen-1303-convertible-triple-white-beetle\/#primaryimage"},"image":{"@id":"https:\/\/pistonaddict.com\/fi\/product\/volkswagen-1303-convertible-triple-white-beetle\/#primaryimage"},"thumbnailUrl":"https:\/\/pistonaddict.com\/wp-content\/uploads\/2024\/02\/b2c02738-a5a6-4266-893c-b51da700edcd-1.jpg","datePublished":"2024-02-23T13:19:05+00:00","dateModified":"2024-03-20T08:46:52+00:00","breadcrumb":{"@id":"https:\/\/pistonaddict.com\/fi\/product\/volkswagen-1303-convertible-triple-white-beetle\/#breadcrumb"},"inLanguage":"fi","potentialAction":[{"@type":"ReadAction","target":["https:\/\/pistonaddict.com\/fi\/product\/volkswagen-1303-convertible-triple-white-beetle\/"]}]},{"@type":"ImageObject","inLanguage":"fi","@id":"https:\/\/pistonaddict.com\/fi\/product\/volkswagen-1303-convertible-triple-white-beetle\/#primaryimage","url":"https:\/\/pistonaddict.com\/wp-content\/uploads\/2024\/02\/b2c02738-a5a6-4266-893c-b51da700edcd-1.jpg","contentUrl":"https:\/\/pistonaddict.com\/wp-content\/uploads\/2024\/02\/b2c02738-a5a6-4266-893c-b51da700edcd-1.jpg","width":1600,"height":1200},{"@type":"BreadcrumbList","@id":"https:\/\/pistonaddict.com\/fi\/product\/volkswagen-1303-convertible-triple-white-beetle\/#breadcrumb","itemListElement":[{"@type":"ListItem","position":1,"name":"Kotisivu","item":"https:\/\/pistonaddict.com\/fi\/kotisivu-2\/"},{"@type":"ListItem","position":2,"name":"Auctions","item":"https:\/\/pistonaddict.com\/auctions-listing\/"},{"@type":"ListItem","position":3,"name":"Volkswagen 1303 Avoauto Triple White Beetle, kolminkertainen valkoinen"}]},{"@type":"WebSite","@id":"https:\/\/pistonaddict.com\/fi\/#website","url":"https:\/\/pistonaddict.com\/fi\/","name":"Piston Addict","description":"Only interesting vehicles","publisher":{"@id":"https:\/\/pistonaddict.com\/fi\/#organization"},"potentialAction":[{"@type":"SearchAction","target":{"@type":"EntryPoint","urlTemplate":"https:\/\/pistonaddict.com\/fi\/?s={search_term_string}"},"query-input":"required name=search_term_string"}],"inLanguage":"fi"},{"@type":"Organization","@id":"https:\/\/pistonaddict.com\/fi\/#organization","name":"Piston Addict","url":"https:\/\/pistonaddict.com\/fi\/","logo":{"@type":"ImageObject","inLanguage":"fi","@id":"https:\/\/pistonaddict.com\/fi\/#\/schema\/logo\/image\/","url":"https:\/\/pistonaddict.com\/wp-content\/uploads\/2022\/07\/logo-6.png","contentUrl":"https:\/\/pistonaddict.com\/wp-content\/uploads\/2022\/07\/logo-6.png","width":970,"height":200,"caption":"Piston Addict"},"image":{"@id":"https:\/\/pistonaddict.com\/fi\/#\/schema\/logo\/image\/"}}]}},"_links":{"self":[{"href":"https:\/\/pistonaddict.com\/fi\/wp-json\/wp\/v2\/product\/92882"}],"collection":[{"href":"https:\/\/pistonaddict.com\/fi\/wp-json\/wp\/v2\/product"}],"about":[{"href":"https:\/\/pistonaddict.com\/fi\/wp-json\/wp\/v2\/types\/product"}],"replies":[{"embeddable":true,"href":"https:\/\/pistonaddict.com\/fi\/wp-json\/wp\/v2\/comments?post=92882"}],"wp:featuredmedia":[{"embeddable":true,"href":"https:\/\/pistonaddict.com\/fi\/wp-json\/wp\/v2\/media\/92681"}],"wp:attachment":[{"href":"https:\/\/pistonaddict.com\/fi\/wp-json\/wp\/v2\/media?parent=92882"}],"wp:term":[{"taxonomy":"product_cat","embeddable":true,"href":"https:\/\/pistonaddict.com\/fi\/wp-json\/wp\/v2\/product_cat?post=92882"},{"taxonomy":"product_tag","embeddable":true,"href":"https:\/\/pistonaddict.com\/fi\/wp-json\/wp\/v2\/product_tag?post=92882"}],"curies":[{"name":"wp","href":"https:\/\/api.w.org\/{rel}","templated":true}]}}