{"id":89346,"date":"2024-01-31T11:03:43","date_gmt":"2024-01-31T10:03:43","guid":{"rendered":"https:\/\/pistonaddict.com\/product\/abarth-695-tributo-ferrari-no424\/"},"modified":"2024-03-20T09:46:36","modified_gmt":"2024-03-20T08:46:36","slug":"abarth-695-tributo-ferrari-no424","status":"publish","type":"product","link":"https:\/\/pistonaddict.com\/fi\/product\/abarth-695-tributo-ferrari-no424\/","title":{"rendered":"Abarth 695 Tributo Ferrari n\u00ba424"},"content":{"rendered":"<h2>Ulkoasu<\/h2>\n<p>695 perustuu kuuluisaan ja eritt\u00e4in suosittuun Fiat 500 -malliin, eik\u00e4 sit\u00e4 tarvitse juurikaan esitell\u00e4. Abarth on lis\u00e4nnyt massiiviset puskurit eteen ja taakse, joihin on liitetty yhteensopivat kynnyskannet, takaspoileri ja kaksoispakoputki. Ja viel\u00e4 enemm\u00e4n mausteeksi siihen asennettiin yksityiskohtia, kuten hiilikuituiset peilien suojukset ja huomiota her\u00e4tt\u00e4v\u00e4 <em>Tributo Ferrari<\/em> -merkki takanelj\u00e4nneksen paneeleihin.<br \/>\nT\u00e4m\u00e4 Abart 695 on maalattu tulenpunaiseksi ja siin\u00e4 on harmaat kilpa-ajokaistaleet, jotka alkavat konepellilt\u00e4, ulottuvat katon yli ja p\u00e4\u00e4ttyv\u00e4t takaluukkuun. Kuinka paljon autolla on ajettu &#8211; tai tarkemmin sanottuna ei ole ajettu &#8211; siit\u00e4 kertovat parhaiten 17-tuumaiset vanteet, joissa on edelleen tehdasasenteiset Michelin Pilot -renkaat.<\/p>\n<h2>Sisustus<\/h2>\n<p>Auton sis\u00e4tilat paljastavat nopeasti sen todellisen luonteen, kuten ulkoinenkin puoli. Ensinn\u00e4kin Sabeltin valmistamissa etuistuimissa on hiilikuiturakenne, ja ne ovat eritt\u00e4in tukevat. Kun kuljettaja istuu autossa, h\u00e4n l\u00f6yt\u00e4\u00e4 itsens\u00e4 kolmipilarisen nahkaisen ohjauspy\u00f6r\u00e4n takaa, jossa on punaiset korostukset ja tikkaukset. Koska t\u00e4m\u00e4 Abart on automaattivaihteistolla varustettu malli, keskikonsolissa ei ole vaihdevipua, vaan siin\u00e4 on vain useita painikkeita peruutuksen, ajon tai vapaa-asennon valitsemista varten. Ohjauspy\u00f6r\u00e4ss\u00e4 on kuitenkin my\u00f6s ohjauspy\u00f6r\u00e4, kun kuljettaja haluaa vaihtaa vaihteita manuaalisesti.<\/p>\n<p>Koko sis\u00e4tilat on peitetty hienoilla yksityiskohdilla, kuten hiilikuitukoristeilla, ilmastointilaitteella, USB-liit\u00e4nn\u00e4ll\u00e4 varustetulla stereolla ja <em>Tributo Ferrari<\/em> -merkeill\u00e4 kaikkialla.<\/p>\n<h2>Mekaniikka<\/h2>\n<p>T\u00e4ss\u00e4 aggressiivisen n\u00e4k\u00f6isess\u00e4 italialaisessa sportsterissa on 1,4-litrainen turbomoottori, josta Abarthin insin\u00f6\u00f6rit saivat puristettua ulos h\u00e4mm\u00e4stytt\u00e4v\u00e4t 180 hevosvoimaa. Voima siirtyy etupy\u00f6rille puoliautomaattisen MTA-vaihteiston kautta, joka toimii sek\u00e4 automaatti- ett\u00e4 manuaalitilassa. N\u00e4in paljon tehoa n\u00e4in kevyeen autoon saa varmasti aikaan n\u00e4ytt\u00e4vi\u00e4 suorituskykyj\u00e4, kuten yli 220 kilometrin tuntinopeuden. Jotta kaikki t\u00e4m\u00e4 pysyisi kurissa, t\u00e4m\u00e4 Abarth 695 on varustettu j\u00e4ykemm\u00e4ll\u00e4 jousituksella ja suuremmilla jarruilla.<\/p>\n<h2>Ajoneuvon historia<\/h2>\n<p>Ammattitaitoinen myyj\u00e4, joka hankki sen vasta \u00e4skett\u00e4in, kuvailee Abarthin kuntoa l\u00e4hes t\u00e4ydelliseksi. Sen lis\u00e4ksi, ett\u00e4 autossa on v\u00e4h\u00e4n kilometrej\u00e4, se on huollettu viimeksi tammikuussa 2023, jolloin vaihdettiin moottori\u00f6ljy. Sis\u00e4ll\u00e4 ja ulkona ei ole merkkej\u00e4 kulumisesta, vaurioista tai ruostumisesta, ja ainoat visuaaliset puutteet ovat kaksi pient\u00e4 naarmua oikealla puolella. N\u00e4m\u00e4 korjataan kuitenkin ammattitaitoisesti ilman kustannuksia tulevalle omistajalle, kun auto myyd\u00e4\u00e4n.<\/p>\n<p>Myyj\u00e4n mukaan auto, joka on t\u00e4ll\u00e4 hetkell\u00e4 Espanjassa, ei ole koskaan ollut osallisena onnettomuudessa, ja sit\u00e4 todistaa vastaava <a href=\"https:\/\/pistonaddict.com\/wp-content\/uploads\/2024\/01\/carfaxAbarth695.pdf\">CARFAX<\/a> Vehicle History Report. Espanjalainen katsastustodistus (ITV) on hyv\u00e4ksytty ja voimassa joulukuuhun 2024 asti.<\/p>\n<p><strong>Katso kylm\u00e4k\u00e4ynnistysvideo t\u00e4st\u00e4 kauniista Abarth 695 Tributo Ferrarista :<\/strong><\/p>\n<p><iframe title=\"Cold Start Video of the Abarth 500 Tributo Ferrari\" width=\"1200\" height=\"675\" src=\"https:\/\/www.youtube.com\/embed\/lzDg2i_JYA4?feature=oembed\" frameborder=\"0\" allow=\"accelerometer; autoplay; clipboard-write; encrypted-media; gyroscope; picture-in-picture; web-share\" allowfullscreen><\/iframe><\/p>\n<p>&nbsp;<\/p>\n","protected":false},"excerpt":{"rendered":"<p>Pienen kaupunkiauton ei v\u00e4ltt\u00e4m\u00e4tt\u00e4 tarvitse olla vain k\u00e4yt\u00e4nn\u00f6llinen tapa liikkua ahtaissa tiloissa. Sen sijaan, kun sen konepellin alla on oikeanlaiset varusteet, se voi olla todellinen taskuraketti, joka n\u00e4ytt\u00e4\u00e4 my\u00f6s upealta, jos sen pukee asianmukaisesti. Yksi t\u00e4llainen auto on Abarth 500, joka perustuu Fiatin 60-luvun legendaarisen mallin eritt\u00e4in menestyksekk\u00e4\u00e4seen uudelleensyntymiseen. Huutokaupattavana oleva malli on kuitenkin viel\u00e4kin maustetumpi Abarth 695 -versio, joka on valmistettu vuonna 2010 ja jolla on ajettu t\u00e4h\u00e4n menness\u00e4 vain 6 800 kilometri\u00e4. Yksinoikeutta lis\u00e4\u00e4 viel\u00e4 se, ett\u00e4 kyseess\u00e4 on harvinainen Tributo Ferrari -malli, jonka tuotantom\u00e4\u00e4r\u00e4 oli rajoitettu 1 695 kappaleeseen. Katsotaanpa, mit\u00e4 t\u00e4m\u00e4 eksklusiivinen ja aggressiivisen n\u00e4k\u00f6inen auto tarjoaa&#8230;<\/p>\n","protected":false},"featured_media":89373,"comment_status":"open","ping_status":"closed","template":"","meta":{"inline_featured_image":false},"product_cat":[745],"product_tag":[2899,2901,933],"acf":[],"yoast_head":"<!-- This site is optimized with the Yoast SEO plugin v22.5 - https:\/\/yoast.com\/wordpress\/plugins\/seo\/ -->\n<title>Abarth 695 Tributo Ferrari n\u00ba424 - Piston Addict<\/title>\n<meta name=\"robots\" content=\"index, follow, max-snippet:-1, max-image-preview:large, max-video-preview:-1\" \/>\n<link rel=\"canonical\" href=\"https:\/\/pistonaddict.com\/fi\/product\/abarth-695-tributo-ferrari-no424\/\" \/>\n<meta property=\"og:locale\" content=\"fi_FI\" \/>\n<meta property=\"og:type\" content=\"article\" \/>\n<meta property=\"og:title\" content=\"Abarth 695 Tributo Ferrari n\u00ba424 - Piston Addict\" \/>\n<meta property=\"og:description\" content=\"Pienen kaupunkiauton ei v\u00e4ltt\u00e4m\u00e4tt\u00e4 tarvitse olla vain k\u00e4yt\u00e4nn\u00f6llinen tapa liikkua ahtaissa tiloissa. Sen sijaan, kun sen konepellin alla on oikeanlaiset varusteet, se voi olla todellinen taskuraketti, joka n\u00e4ytt\u00e4\u00e4 my\u00f6s upealta, jos sen pukee asianmukaisesti. Yksi t\u00e4llainen auto on Abarth 500, joka perustuu Fiatin 60-luvun legendaarisen mallin eritt\u00e4in menestyksekk\u00e4\u00e4seen uudelleensyntymiseen. Huutokaupattavana oleva malli on kuitenkin viel\u00e4kin maustetumpi Abarth 695 -versio, joka on valmistettu vuonna 2010 ja jolla on ajettu t\u00e4h\u00e4n menness\u00e4 vain 6 800 kilometri\u00e4. Yksinoikeutta lis\u00e4\u00e4 viel\u00e4 se, ett\u00e4 kyseess\u00e4 on harvinainen Tributo Ferrari -malli, jonka tuotantom\u00e4\u00e4r\u00e4 oli rajoitettu 1 695 kappaleeseen. Katsotaanpa, mit\u00e4 t\u00e4m\u00e4 eksklusiivinen ja aggressiivisen n\u00e4k\u00f6inen auto tarjoaa...\" \/>\n<meta property=\"og:url\" content=\"https:\/\/pistonaddict.com\/fi\/product\/abarth-695-tributo-ferrari-no424\/\" \/>\n<meta property=\"og:site_name\" content=\"Piston Addict\" \/>\n<meta property=\"article:modified_time\" content=\"2024-03-20T08:46:36+00:00\" \/>\n<meta property=\"og:image\" content=\"https:\/\/pistonaddict.com\/wp-content\/uploads\/2024\/01\/IMG-20240110-WA0149-1.jpg\" \/>\n\t<meta property=\"og:image:width\" content=\"1600\" \/>\n\t<meta property=\"og:image:height\" content=\"1200\" \/>\n\t<meta property=\"og:image:type\" content=\"image\/jpeg\" \/>\n<meta name=\"twitter:card\" content=\"summary_large_image\" \/>\n<meta name=\"twitter:label1\" content=\"Arvioitu lukuaika\" \/>\n\t<meta name=\"twitter:data1\" content=\"2 minutes\" \/>\n<script type=\"application\/ld+json\" class=\"yoast-schema-graph\">{\"@context\":\"https:\/\/schema.org\",\"@graph\":[{\"@type\":\"WebPage\",\"@id\":\"https:\/\/pistonaddict.com\/fi\/product\/abarth-695-tributo-ferrari-no424\/\",\"url\":\"https:\/\/pistonaddict.com\/fi\/product\/abarth-695-tributo-ferrari-no424\/\",\"name\":\"Abarth 695 Tributo Ferrari n\u00ba424 - Piston Addict\",\"isPartOf\":{\"@id\":\"https:\/\/pistonaddict.com\/fi\/#website\"},\"primaryImageOfPage\":{\"@id\":\"https:\/\/pistonaddict.com\/fi\/product\/abarth-695-tributo-ferrari-no424\/#primaryimage\"},\"image\":{\"@id\":\"https:\/\/pistonaddict.com\/fi\/product\/abarth-695-tributo-ferrari-no424\/#primaryimage\"},\"thumbnailUrl\":\"https:\/\/pistonaddict.com\/wp-content\/uploads\/2024\/01\/IMG-20240110-WA0149-1.jpg\",\"datePublished\":\"2024-01-31T10:03:43+00:00\",\"dateModified\":\"2024-03-20T08:46:36+00:00\",\"breadcrumb\":{\"@id\":\"https:\/\/pistonaddict.com\/fi\/product\/abarth-695-tributo-ferrari-no424\/#breadcrumb\"},\"inLanguage\":\"fi\",\"potentialAction\":[{\"@type\":\"ReadAction\",\"target\":[\"https:\/\/pistonaddict.com\/fi\/product\/abarth-695-tributo-ferrari-no424\/\"]}]},{\"@type\":\"ImageObject\",\"inLanguage\":\"fi\",\"@id\":\"https:\/\/pistonaddict.com\/fi\/product\/abarth-695-tributo-ferrari-no424\/#primaryimage\",\"url\":\"https:\/\/pistonaddict.com\/wp-content\/uploads\/2024\/01\/IMG-20240110-WA0149-1.jpg\",\"contentUrl\":\"https:\/\/pistonaddict.com\/wp-content\/uploads\/2024\/01\/IMG-20240110-WA0149-1.jpg\",\"width\":1600,\"height\":1200},{\"@type\":\"BreadcrumbList\",\"@id\":\"https:\/\/pistonaddict.com\/fi\/product\/abarth-695-tributo-ferrari-no424\/#breadcrumb\",\"itemListElement\":[{\"@type\":\"ListItem\",\"position\":1,\"name\":\"Kotisivu\",\"item\":\"https:\/\/pistonaddict.com\/fi\/kotisivu-2\/\"},{\"@type\":\"ListItem\",\"position\":2,\"name\":\"Auctions\",\"item\":\"https:\/\/pistonaddict.com\/auctions-listing\/\"},{\"@type\":\"ListItem\",\"position\":3,\"name\":\"Abarth 695 Tributo Ferrari n\u00ba424\"}]},{\"@type\":\"WebSite\",\"@id\":\"https:\/\/pistonaddict.com\/fi\/#website\",\"url\":\"https:\/\/pistonaddict.com\/fi\/\",\"name\":\"Piston Addict\",\"description\":\"Only interesting vehicles\",\"publisher\":{\"@id\":\"https:\/\/pistonaddict.com\/fi\/#organization\"},\"potentialAction\":[{\"@type\":\"SearchAction\",\"target\":{\"@type\":\"EntryPoint\",\"urlTemplate\":\"https:\/\/pistonaddict.com\/fi\/?s={search_term_string}\"},\"query-input\":\"required name=search_term_string\"}],\"inLanguage\":\"fi\"},{\"@type\":\"Organization\",\"@id\":\"https:\/\/pistonaddict.com\/fi\/#organization\",\"name\":\"Piston Addict\",\"url\":\"https:\/\/pistonaddict.com\/fi\/\",\"logo\":{\"@type\":\"ImageObject\",\"inLanguage\":\"fi\",\"@id\":\"https:\/\/pistonaddict.com\/fi\/#\/schema\/logo\/image\/\",\"url\":\"https:\/\/pistonaddict.com\/wp-content\/uploads\/2022\/07\/logo-6.png\",\"contentUrl\":\"https:\/\/pistonaddict.com\/wp-content\/uploads\/2022\/07\/logo-6.png\",\"width\":970,\"height\":200,\"caption\":\"Piston Addict\"},\"image\":{\"@id\":\"https:\/\/pistonaddict.com\/fi\/#\/schema\/logo\/image\/\"}}]}<\/script>\n<!-- \/ Yoast SEO plugin. -->","yoast_head_json":{"title":"Abarth 695 Tributo Ferrari n\u00ba424 - Piston Addict","robots":{"index":"index","follow":"follow","max-snippet":"max-snippet:-1","max-image-preview":"max-image-preview:large","max-video-preview":"max-video-preview:-1"},"canonical":"https:\/\/pistonaddict.com\/fi\/product\/abarth-695-tributo-ferrari-no424\/","og_locale":"fi_FI","og_type":"article","og_title":"Abarth 695 Tributo Ferrari n\u00ba424 - Piston Addict","og_description":"Pienen kaupunkiauton ei v\u00e4ltt\u00e4m\u00e4tt\u00e4 tarvitse olla vain k\u00e4yt\u00e4nn\u00f6llinen tapa liikkua ahtaissa tiloissa. Sen sijaan, kun sen konepellin alla on oikeanlaiset varusteet, se voi olla todellinen taskuraketti, joka n\u00e4ytt\u00e4\u00e4 my\u00f6s upealta, jos sen pukee asianmukaisesti. Yksi t\u00e4llainen auto on Abarth 500, joka perustuu Fiatin 60-luvun legendaarisen mallin eritt\u00e4in menestyksekk\u00e4\u00e4seen uudelleensyntymiseen. Huutokaupattavana oleva malli on kuitenkin viel\u00e4kin maustetumpi Abarth 695 -versio, joka on valmistettu vuonna 2010 ja jolla on ajettu t\u00e4h\u00e4n menness\u00e4 vain 6 800 kilometri\u00e4. Yksinoikeutta lis\u00e4\u00e4 viel\u00e4 se, ett\u00e4 kyseess\u00e4 on harvinainen Tributo Ferrari -malli, jonka tuotantom\u00e4\u00e4r\u00e4 oli rajoitettu 1 695 kappaleeseen. Katsotaanpa, mit\u00e4 t\u00e4m\u00e4 eksklusiivinen ja aggressiivisen n\u00e4k\u00f6inen auto tarjoaa...","og_url":"https:\/\/pistonaddict.com\/fi\/product\/abarth-695-tributo-ferrari-no424\/","og_site_name":"Piston Addict","article_modified_time":"2024-03-20T08:46:36+00:00","og_image":[{"width":1600,"height":1200,"url":"https:\/\/pistonaddict.com\/wp-content\/uploads\/2024\/01\/IMG-20240110-WA0149-1.jpg","type":"image\/jpeg"}],"twitter_card":"summary_large_image","twitter_misc":{"Arvioitu lukuaika":"2 minutes"},"schema":{"@context":"https:\/\/schema.org","@graph":[{"@type":"WebPage","@id":"https:\/\/pistonaddict.com\/fi\/product\/abarth-695-tributo-ferrari-no424\/","url":"https:\/\/pistonaddict.com\/fi\/product\/abarth-695-tributo-ferrari-no424\/","name":"Abarth 695 Tributo Ferrari n\u00ba424 - Piston Addict","isPartOf":{"@id":"https:\/\/pistonaddict.com\/fi\/#website"},"primaryImageOfPage":{"@id":"https:\/\/pistonaddict.com\/fi\/product\/abarth-695-tributo-ferrari-no424\/#primaryimage"},"image":{"@id":"https:\/\/pistonaddict.com\/fi\/product\/abarth-695-tributo-ferrari-no424\/#primaryimage"},"thumbnailUrl":"https:\/\/pistonaddict.com\/wp-content\/uploads\/2024\/01\/IMG-20240110-WA0149-1.jpg","datePublished":"2024-01-31T10:03:43+00:00","dateModified":"2024-03-20T08:46:36+00:00","breadcrumb":{"@id":"https:\/\/pistonaddict.com\/fi\/product\/abarth-695-tributo-ferrari-no424\/#breadcrumb"},"inLanguage":"fi","potentialAction":[{"@type":"ReadAction","target":["https:\/\/pistonaddict.com\/fi\/product\/abarth-695-tributo-ferrari-no424\/"]}]},{"@type":"ImageObject","inLanguage":"fi","@id":"https:\/\/pistonaddict.com\/fi\/product\/abarth-695-tributo-ferrari-no424\/#primaryimage","url":"https:\/\/pistonaddict.com\/wp-content\/uploads\/2024\/01\/IMG-20240110-WA0149-1.jpg","contentUrl":"https:\/\/pistonaddict.com\/wp-content\/uploads\/2024\/01\/IMG-20240110-WA0149-1.jpg","width":1600,"height":1200},{"@type":"BreadcrumbList","@id":"https:\/\/pistonaddict.com\/fi\/product\/abarth-695-tributo-ferrari-no424\/#breadcrumb","itemListElement":[{"@type":"ListItem","position":1,"name":"Kotisivu","item":"https:\/\/pistonaddict.com\/fi\/kotisivu-2\/"},{"@type":"ListItem","position":2,"name":"Auctions","item":"https:\/\/pistonaddict.com\/auctions-listing\/"},{"@type":"ListItem","position":3,"name":"Abarth 695 Tributo Ferrari n\u00ba424"}]},{"@type":"WebSite","@id":"https:\/\/pistonaddict.com\/fi\/#website","url":"https:\/\/pistonaddict.com\/fi\/","name":"Piston Addict","description":"Only interesting vehicles","publisher":{"@id":"https:\/\/pistonaddict.com\/fi\/#organization"},"potentialAction":[{"@type":"SearchAction","target":{"@type":"EntryPoint","urlTemplate":"https:\/\/pistonaddict.com\/fi\/?s={search_term_string}"},"query-input":"required name=search_term_string"}],"inLanguage":"fi"},{"@type":"Organization","@id":"https:\/\/pistonaddict.com\/fi\/#organization","name":"Piston Addict","url":"https:\/\/pistonaddict.com\/fi\/","logo":{"@type":"ImageObject","inLanguage":"fi","@id":"https:\/\/pistonaddict.com\/fi\/#\/schema\/logo\/image\/","url":"https:\/\/pistonaddict.com\/wp-content\/uploads\/2022\/07\/logo-6.png","contentUrl":"https:\/\/pistonaddict.com\/wp-content\/uploads\/2022\/07\/logo-6.png","width":970,"height":200,"caption":"Piston Addict"},"image":{"@id":"https:\/\/pistonaddict.com\/fi\/#\/schema\/logo\/image\/"}}]}},"_links":{"self":[{"href":"https:\/\/pistonaddict.com\/fi\/wp-json\/wp\/v2\/product\/89346"}],"collection":[{"href":"https:\/\/pistonaddict.com\/fi\/wp-json\/wp\/v2\/product"}],"about":[{"href":"https:\/\/pistonaddict.com\/fi\/wp-json\/wp\/v2\/types\/product"}],"replies":[{"embeddable":true,"href":"https:\/\/pistonaddict.com\/fi\/wp-json\/wp\/v2\/comments?post=89346"}],"wp:featuredmedia":[{"embeddable":true,"href":"https:\/\/pistonaddict.com\/fi\/wp-json\/wp\/v2\/media\/89373"}],"wp:attachment":[{"href":"https:\/\/pistonaddict.com\/fi\/wp-json\/wp\/v2\/media?parent=89346"}],"wp:term":[{"taxonomy":"product_cat","embeddable":true,"href":"https:\/\/pistonaddict.com\/fi\/wp-json\/wp\/v2\/product_cat?post=89346"},{"taxonomy":"product_tag","embeddable":true,"href":"https:\/\/pistonaddict.com\/fi\/wp-json\/wp\/v2\/product_tag?post=89346"}],"curies":[{"name":"wp","href":"https:\/\/api.w.org\/{rel}","templated":true}]}}