{"id":79066,"date":"2023-12-13T14:41:14","date_gmt":"2023-12-13T13:41:14","guid":{"rendered":"https:\/\/pistonaddict.com\/product\/alpine-a110\/"},"modified":"2024-03-20T09:42:59","modified_gmt":"2024-03-20T08:42:59","slug":"alpine-a110","status":"publish","type":"product","link":"https:\/\/pistonaddict.com\/fi\/product\/alpine-a110\/","title":{"rendered":"Alpine A110"},"content":{"rendered":"<p><strong>Auton historia<\/strong><\/p>\n<p>60- ja 70-luvuilla kasvaneille urheiluautojen yst\u00e4ville Alpinen nimi on synonyymi rallimestaruuksille, vahvalle suorituskyvylle ja vertaansa vailla olevalle katu-uskottavuudelle. Vaikka Alpine k\u00e4ytti Renaultin vakiokomponentteja, autot olivat l\u00e4hes superautomaisia, ja ne olivat harrastajien suosikkeja ulkon\u00e4k\u00f6ns\u00e4 ja ajodynamiikkansa ansiosta. Mutta 90-luvun alussa br\u00e4ndi katosi, ja kaikki muut kuin kaikkein kovimmat fanit unohtivat sen l\u00e4hes kokonaan. Onneksi Renault ymm\u00e4rsi, miten merkitt\u00e4v\u00e4 potentiaali t\u00e4ss\u00e4 legendaarisessa nimess\u00e4 todella on, ja investoi voimakkaasti upouuteen malliin, jossa on t\u00e4ysin alumiininen kori, keskelle sijoitettu moottori ja nopea kaksoiskytkinvaihteisto. Yhdist\u00e4m\u00e4ll\u00e4 ikoninen ja retro-futuristinen ulkon\u00e4k\u00f6 Clio RS:n moottoriin ja r\u00e4\u00e4t\u00e4l\u00f6ityihin kori- ja jousitusasetuksiin luotiin v\u00e4litt\u00f6m\u00e4sti klassikko ja mahdollisesti vuosikymmenen paras urheiluauto. 1,8-litrainen turboahdettu moottori, joka l\u00e4hett\u00e4\u00e4 voiman takapy\u00f6rille, saa t\u00e4m\u00e4n upean kaksipaikkaisen auton nopeutumaan vakuuttavasti 4,5 sekunnissa 0-100 km\/h (60 mph). Numerot eiv\u00e4t kuitenkaan tee oikeutta t\u00e4lle autolle. Vain hieman yli tonnin omapainonsa ansiosta Alpine A110 lent\u00e4\u00e4 mutkien yli ja on k\u00e4sitelt\u00e4viss\u00e4 kuin unelma. Verraton ajodynamiikka on juuri se syy, miksi se on monien aikakauslehtien arvostelujen suosikki.<\/p>\n<p><strong>Sisustus<\/strong><\/p>\n<p>Koska t\u00e4m\u00e4 malli on suhteellisen uusi ja sill\u00e4 on v\u00e4h\u00e4n kilometrej\u00e4, nahkasisustus on uudenveroisessa kunnossa ilman kulumisen merkkej\u00e4. Kokeneet ostajat huomaavat, ett\u00e4 valinnaiset &#8220;GT&#8221;-istuimet ovat mukana, mik\u00e4 on tervetullut lis\u00e4ys, samoin kuin muutamat hiiliter\u00e4ksiset koristeosat moottoriurheiluilmeen luomiseksi. T\u00e4rkeint\u00e4 on kuitenkin Focalin premium-audioj\u00e4rjestelm\u00e4, joka on harvinainen lis\u00e4varuste.<\/p>\n<p><strong>Kunto<\/strong><\/p>\n<p>Kyseinen yksil\u00f6 toimitettiin uutena vuonna 2021, ja sen j\u00e4lkeen sill\u00e4 on ajettu hieman yli 30 000 kilometri\u00e4. Se on hyvin hoidettu auto, jota on k\u00e4ytetty iloajoon, aivan kuten sen rakentajat ovat sen keksineet. Kaksi huolehtivaa omistajaa ei ole koskaan j\u00e4ljitt\u00e4nyt tai vahingoittanut sit\u00e4 uudesta l\u00e4htien. Alkuper\u00e4inen omistaja oli itse asiassa Alpine Spainin kaupallinen johtaja. Viimeisin huolto tehtiin marraskuussa 2023, ja jarrut huollettiin vasta joulukuussa 2023. Edellinen \u00f6ljynvaihto tehtiin syyskuussa. <strong>T\u00e4ll\u00e4 Alpine A110:ll\u00e4 on viel\u00e4 tehdastakuu marraskuuhun 2024 asti, joten kaikki huollot on suoritettu virallisessa huoltoliikkeess\u00e4 Espanjassa<\/strong>.<\/p>\n<p><strong> <\/strong><strong>Ulkoasu ja py\u00f6r\u00e4t<\/strong><\/p>\n<p>Valkoiseksi maalattu ja eritt\u00e4in mielenkiintoisella grafiikkapaketilla varustettu Alpine A110 saa ainutlaatuisen ulkon\u00e4\u00f6n vain Alpineille tarkoitetuilla 18-tuumaisilla erikoisvanteilla. Runko on vertaansa vailla vaurioita, kolhuja tai naarmuja, ja renkaat ovat myyj\u00e4n mukaan kunnossa, 50 % k\u00e4ytettyj\u00e4. Renkaat ovat Michelin Pilot Sport -renkaat, ja ne on valmistettu vuoden 2021 lopulla.<\/p>\n<p><strong>Dokumentaatio<\/strong><\/p>\n<p>J\u00e4lleenmyyj\u00e4 myy t\u00e4t\u00e4 ajoneuvoa asianmukaisilla asiakirjoilla, jotka sijaitsevat Espanjassa. <a href=\"https:\/\/pistonaddict.com\/wp-content\/uploads\/2023\/12\/AlpineA110.pdf\">CarFax-raportti<\/a> on puhdas; ei todisteita onnettomuuksista, onnettomuuskorjauksista, omistuksesta tai oikeudellisista ongelmista. S\u00e4\u00e4nn\u00f6llisest\u00e4 huollosta, myyntilaskuista ja kuiteista on kirjanpito. T\u00e4ll\u00e4 Alpine A110:ll\u00e4 on edelleen tehdastakuu, joka on siirrett\u00e4viss\u00e4 seuraavalle omistajalle.<\/p>\n<p><strong>Katso t\u00e4m\u00e4n kauniin Alpine A110:n kylm\u00e4k\u00e4ynnistysvideo:<\/strong><\/p>\n<p><iframe title=\"Cold Start Video of this great Alpine A110 for auction sale\" width=\"1200\" height=\"675\" src=\"https:\/\/www.youtube.com\/embed\/FlqeDNY4UtI?feature=oembed\" frameborder=\"0\" allow=\"accelerometer; autoplay; clipboard-write; encrypted-media; gyroscope; picture-in-picture; web-share\" allowfullscreen><\/iframe><\/p>\n","protected":false},"excerpt":{"rendered":"<p>Parin viime vuoden kuumin urheiluauto ei ole Ferrari, Lamborghini tai McLaren. Se on Alpine A110, jossa on r\u00e4\u00e4t\u00e4l\u00f6ity, eritt\u00e4in kevyt kori, reipas nelisylinterinen turboahdin ja eloisa suorituskyky. T\u00e4m\u00e4 kaksipaikkainen auto muistutti urheiluautojen faneja siit\u00e4, mist\u00e4 ajamisessa on kyse, ja palautti legendaarisen merkin voittoisasti markkinoille. T\u00e4n\u00e4\u00e4n esittelemme ylpe\u00e4n\u00e4 yhden t\u00e4m\u00e4n eritt\u00e4in vaikutusvaltaisen urheiluauton parhaista esimerkeist\u00e4.<\/p>\n","protected":false},"featured_media":78353,"comment_status":"open","ping_status":"closed","template":"","meta":{"inline_featured_image":false},"product_cat":[745],"product_tag":[2838,2835,933],"acf":[],"yoast_head":"<!-- This site is optimized with the Yoast SEO plugin v22.5 - https:\/\/yoast.com\/wordpress\/plugins\/seo\/ -->\n<title>huutokauppa - Piston Addict<\/title>\n<meta name=\"robots\" content=\"index, follow, max-snippet:-1, max-image-preview:large, max-video-preview:-1\" \/>\n<link rel=\"canonical\" href=\"https:\/\/pistonaddict.com\/fi\/product\/alpine-a110\/\" \/>\n<meta property=\"og:locale\" content=\"fi_FI\" \/>\n<meta property=\"og:type\" content=\"article\" \/>\n<meta property=\"og:title\" content=\"huutokauppa - Piston Addict\" \/>\n<meta property=\"og:description\" content=\"Parin viime vuoden kuumin urheiluauto ei ole Ferrari, Lamborghini tai McLaren. Se on Alpine A110, jossa on r\u00e4\u00e4t\u00e4l\u00f6ity, eritt\u00e4in kevyt kori, reipas nelisylinterinen turboahdin ja eloisa suorituskyky. T\u00e4m\u00e4 kaksipaikkainen auto muistutti urheiluautojen faneja siit\u00e4, mist\u00e4 ajamisessa on kyse, ja palautti legendaarisen merkin voittoisasti markkinoille. T\u00e4n\u00e4\u00e4n esittelemme ylpe\u00e4n\u00e4 yhden t\u00e4m\u00e4n eritt\u00e4in vaikutusvaltaisen urheiluauton parhaista esimerkeist\u00e4.\" \/>\n<meta property=\"og:url\" content=\"https:\/\/pistonaddict.com\/fi\/product\/alpine-a110\/\" \/>\n<meta property=\"og:site_name\" content=\"Piston Addict\" \/>\n<meta property=\"article:modified_time\" content=\"2024-03-20T08:42:59+00:00\" \/>\n<meta property=\"og:image\" content=\"https:\/\/pistonaddict.com\/wp-content\/uploads\/2023\/12\/4517LTW_01.jpg\" \/>\n\t<meta property=\"og:image:width\" content=\"1440\" \/>\n\t<meta property=\"og:image:height\" content=\"1080\" \/>\n\t<meta property=\"og:image:type\" content=\"image\/jpeg\" \/>\n<meta name=\"twitter:card\" content=\"summary_large_image\" \/>\n<meta name=\"twitter:label1\" content=\"Arvioitu lukuaika\" \/>\n\t<meta name=\"twitter:data1\" content=\"2 minutes\" \/>\n<script type=\"application\/ld+json\" class=\"yoast-schema-graph\">{\"@context\":\"https:\/\/schema.org\",\"@graph\":[{\"@type\":\"WebPage\",\"@id\":\"https:\/\/pistonaddict.com\/fi\/product\/alpine-a110\/\",\"url\":\"https:\/\/pistonaddict.com\/fi\/product\/alpine-a110\/\",\"name\":\"huutokauppa - Piston Addict\",\"isPartOf\":{\"@id\":\"https:\/\/pistonaddict.com\/fi\/#website\"},\"primaryImageOfPage\":{\"@id\":\"https:\/\/pistonaddict.com\/fi\/product\/alpine-a110\/#primaryimage\"},\"image\":{\"@id\":\"https:\/\/pistonaddict.com\/fi\/product\/alpine-a110\/#primaryimage\"},\"thumbnailUrl\":\"https:\/\/pistonaddict.com\/wp-content\/uploads\/2023\/12\/4517LTW_01.jpg\",\"datePublished\":\"2023-12-13T13:41:14+00:00\",\"dateModified\":\"2024-03-20T08:42:59+00:00\",\"breadcrumb\":{\"@id\":\"https:\/\/pistonaddict.com\/fi\/product\/alpine-a110\/#breadcrumb\"},\"inLanguage\":\"fi\",\"potentialAction\":[{\"@type\":\"ReadAction\",\"target\":[\"https:\/\/pistonaddict.com\/fi\/product\/alpine-a110\/\"]}]},{\"@type\":\"ImageObject\",\"inLanguage\":\"fi\",\"@id\":\"https:\/\/pistonaddict.com\/fi\/product\/alpine-a110\/#primaryimage\",\"url\":\"https:\/\/pistonaddict.com\/wp-content\/uploads\/2023\/12\/4517LTW_01.jpg\",\"contentUrl\":\"https:\/\/pistonaddict.com\/wp-content\/uploads\/2023\/12\/4517LTW_01.jpg\",\"width\":1440,\"height\":1080},{\"@type\":\"BreadcrumbList\",\"@id\":\"https:\/\/pistonaddict.com\/fi\/product\/alpine-a110\/#breadcrumb\",\"itemListElement\":[{\"@type\":\"ListItem\",\"position\":1,\"name\":\"Kotisivu\",\"item\":\"https:\/\/pistonaddict.com\/fi\/kotisivu-2\/\"},{\"@type\":\"ListItem\",\"position\":2,\"name\":\"Auctions\",\"item\":\"https:\/\/pistonaddict.com\/auctions-listing\/\"},{\"@type\":\"ListItem\",\"position\":3,\"name\":\"Alpine A110\"}]},{\"@type\":\"WebSite\",\"@id\":\"https:\/\/pistonaddict.com\/fi\/#website\",\"url\":\"https:\/\/pistonaddict.com\/fi\/\",\"name\":\"Piston Addict\",\"description\":\"Only interesting vehicles\",\"publisher\":{\"@id\":\"https:\/\/pistonaddict.com\/fi\/#organization\"},\"potentialAction\":[{\"@type\":\"SearchAction\",\"target\":{\"@type\":\"EntryPoint\",\"urlTemplate\":\"https:\/\/pistonaddict.com\/fi\/?s={search_term_string}\"},\"query-input\":\"required name=search_term_string\"}],\"inLanguage\":\"fi\"},{\"@type\":\"Organization\",\"@id\":\"https:\/\/pistonaddict.com\/fi\/#organization\",\"name\":\"Piston Addict\",\"url\":\"https:\/\/pistonaddict.com\/fi\/\",\"logo\":{\"@type\":\"ImageObject\",\"inLanguage\":\"fi\",\"@id\":\"https:\/\/pistonaddict.com\/fi\/#\/schema\/logo\/image\/\",\"url\":\"https:\/\/pistonaddict.com\/wp-content\/uploads\/2022\/07\/logo-6.png\",\"contentUrl\":\"https:\/\/pistonaddict.com\/wp-content\/uploads\/2022\/07\/logo-6.png\",\"width\":970,\"height\":200,\"caption\":\"Piston Addict\"},\"image\":{\"@id\":\"https:\/\/pistonaddict.com\/fi\/#\/schema\/logo\/image\/\"}}]}<\/script>\n<!-- \/ Yoast SEO plugin. -->","yoast_head_json":{"title":"huutokauppa - Piston Addict","robots":{"index":"index","follow":"follow","max-snippet":"max-snippet:-1","max-image-preview":"max-image-preview:large","max-video-preview":"max-video-preview:-1"},"canonical":"https:\/\/pistonaddict.com\/fi\/product\/alpine-a110\/","og_locale":"fi_FI","og_type":"article","og_title":"huutokauppa - Piston Addict","og_description":"Parin viime vuoden kuumin urheiluauto ei ole Ferrari, Lamborghini tai McLaren. Se on Alpine A110, jossa on r\u00e4\u00e4t\u00e4l\u00f6ity, eritt\u00e4in kevyt kori, reipas nelisylinterinen turboahdin ja eloisa suorituskyky. T\u00e4m\u00e4 kaksipaikkainen auto muistutti urheiluautojen faneja siit\u00e4, mist\u00e4 ajamisessa on kyse, ja palautti legendaarisen merkin voittoisasti markkinoille. T\u00e4n\u00e4\u00e4n esittelemme ylpe\u00e4n\u00e4 yhden t\u00e4m\u00e4n eritt\u00e4in vaikutusvaltaisen urheiluauton parhaista esimerkeist\u00e4.","og_url":"https:\/\/pistonaddict.com\/fi\/product\/alpine-a110\/","og_site_name":"Piston Addict","article_modified_time":"2024-03-20T08:42:59+00:00","og_image":[{"width":1440,"height":1080,"url":"https:\/\/pistonaddict.com\/wp-content\/uploads\/2023\/12\/4517LTW_01.jpg","type":"image\/jpeg"}],"twitter_card":"summary_large_image","twitter_misc":{"Arvioitu lukuaika":"2 minutes"},"schema":{"@context":"https:\/\/schema.org","@graph":[{"@type":"WebPage","@id":"https:\/\/pistonaddict.com\/fi\/product\/alpine-a110\/","url":"https:\/\/pistonaddict.com\/fi\/product\/alpine-a110\/","name":"huutokauppa - Piston Addict","isPartOf":{"@id":"https:\/\/pistonaddict.com\/fi\/#website"},"primaryImageOfPage":{"@id":"https:\/\/pistonaddict.com\/fi\/product\/alpine-a110\/#primaryimage"},"image":{"@id":"https:\/\/pistonaddict.com\/fi\/product\/alpine-a110\/#primaryimage"},"thumbnailUrl":"https:\/\/pistonaddict.com\/wp-content\/uploads\/2023\/12\/4517LTW_01.jpg","datePublished":"2023-12-13T13:41:14+00:00","dateModified":"2024-03-20T08:42:59+00:00","breadcrumb":{"@id":"https:\/\/pistonaddict.com\/fi\/product\/alpine-a110\/#breadcrumb"},"inLanguage":"fi","potentialAction":[{"@type":"ReadAction","target":["https:\/\/pistonaddict.com\/fi\/product\/alpine-a110\/"]}]},{"@type":"ImageObject","inLanguage":"fi","@id":"https:\/\/pistonaddict.com\/fi\/product\/alpine-a110\/#primaryimage","url":"https:\/\/pistonaddict.com\/wp-content\/uploads\/2023\/12\/4517LTW_01.jpg","contentUrl":"https:\/\/pistonaddict.com\/wp-content\/uploads\/2023\/12\/4517LTW_01.jpg","width":1440,"height":1080},{"@type":"BreadcrumbList","@id":"https:\/\/pistonaddict.com\/fi\/product\/alpine-a110\/#breadcrumb","itemListElement":[{"@type":"ListItem","position":1,"name":"Kotisivu","item":"https:\/\/pistonaddict.com\/fi\/kotisivu-2\/"},{"@type":"ListItem","position":2,"name":"Auctions","item":"https:\/\/pistonaddict.com\/auctions-listing\/"},{"@type":"ListItem","position":3,"name":"Alpine A110"}]},{"@type":"WebSite","@id":"https:\/\/pistonaddict.com\/fi\/#website","url":"https:\/\/pistonaddict.com\/fi\/","name":"Piston Addict","description":"Only interesting vehicles","publisher":{"@id":"https:\/\/pistonaddict.com\/fi\/#organization"},"potentialAction":[{"@type":"SearchAction","target":{"@type":"EntryPoint","urlTemplate":"https:\/\/pistonaddict.com\/fi\/?s={search_term_string}"},"query-input":"required name=search_term_string"}],"inLanguage":"fi"},{"@type":"Organization","@id":"https:\/\/pistonaddict.com\/fi\/#organization","name":"Piston Addict","url":"https:\/\/pistonaddict.com\/fi\/","logo":{"@type":"ImageObject","inLanguage":"fi","@id":"https:\/\/pistonaddict.com\/fi\/#\/schema\/logo\/image\/","url":"https:\/\/pistonaddict.com\/wp-content\/uploads\/2022\/07\/logo-6.png","contentUrl":"https:\/\/pistonaddict.com\/wp-content\/uploads\/2022\/07\/logo-6.png","width":970,"height":200,"caption":"Piston Addict"},"image":{"@id":"https:\/\/pistonaddict.com\/fi\/#\/schema\/logo\/image\/"}}]}},"_links":{"self":[{"href":"https:\/\/pistonaddict.com\/fi\/wp-json\/wp\/v2\/product\/79066"}],"collection":[{"href":"https:\/\/pistonaddict.com\/fi\/wp-json\/wp\/v2\/product"}],"about":[{"href":"https:\/\/pistonaddict.com\/fi\/wp-json\/wp\/v2\/types\/product"}],"replies":[{"embeddable":true,"href":"https:\/\/pistonaddict.com\/fi\/wp-json\/wp\/v2\/comments?post=79066"}],"wp:featuredmedia":[{"embeddable":true,"href":"https:\/\/pistonaddict.com\/fi\/wp-json\/wp\/v2\/media\/78353"}],"wp:attachment":[{"href":"https:\/\/pistonaddict.com\/fi\/wp-json\/wp\/v2\/media?parent=79066"}],"wp:term":[{"taxonomy":"product_cat","embeddable":true,"href":"https:\/\/pistonaddict.com\/fi\/wp-json\/wp\/v2\/product_cat?post=79066"},{"taxonomy":"product_tag","embeddable":true,"href":"https:\/\/pistonaddict.com\/fi\/wp-json\/wp\/v2\/product_tag?post=79066"}],"curies":[{"name":"wp","href":"https:\/\/api.w.org\/{rel}","templated":true}]}}