{"id":78320,"date":"2023-12-13T10:17:52","date_gmt":"2023-12-13T09:17:52","guid":{"rendered":"https:\/\/pistonaddict.com\/product\/fisker-karma-signature-edition\/"},"modified":"2024-03-20T09:42:46","modified_gmt":"2024-03-20T08:42:46","slug":"fisker-karma-signature-edition","status":"publish","type":"product","link":"https:\/\/pistonaddict.com\/fi\/product\/fisker-karma-signature-edition\/","title":{"rendered":"Fisker Karma Signature Edition"},"content":{"rendered":"<p><strong>Auton historia<\/strong><\/p>\n<p>Ennen kuin Karma r\u00e4j\u00e4hti markkinoille vuonna 2011, hybridit olivat melko tylsi\u00e4 ja j\u00e4nnitt\u00e4m\u00e4tt\u00f6mi\u00e4 ajoneuvoja. Mutta sitten Fisker esitteli Karman, jonka muotoilu, matala siluetti, lihaksikas asento ja ainutlaatuiset muodot olivat silmiinpist\u00e4vi\u00e4. Se oli ja on edelleen jotain poikkeuksellista. Viettelev\u00e4n korin alla on runsaasti innovatiivista tekniikkaa. P\u00e4\u00e4moottori on GM:n 2,0-litrainen turbomoottori, jossa on 260 hv ja kaksi s\u00e4hk\u00f6moottoria taka-akselilla. 20,1 kWh:n akkupaketti sy\u00f6tt\u00e4\u00e4 s\u00e4hk\u00f6moottoreita, joiden teho on 120 kW (403 hv).<\/p>\n<p>Mielenkiintoista on, ett\u00e4 akut on sijoitettu auton keskelle, mik\u00e4 antaa karmalle matalan painopisteen ja erinomaisen tienpidon. My\u00f6s toimintaperiaate on ainutlaatuinen. Automaattivaihteisen ajoneuvon toimintas\u00e4de oli noin 80 kilometri\u00e4 pelk\u00e4ll\u00e4 s\u00e4hk\u00f6ll\u00e4. Kun akut tyhjenev\u00e4t, kuljettaja k\u00e4ynnist\u00e4\u00e4 bensiinimoottorin, joka antaa s\u00e4hk\u00f6moottoreita sy\u00f6tt\u00e4v\u00e4lle generaattorille virtaa. Karma on siis bensiini-s\u00e4hk\u00f6hybridi, jossa korostuu vahvasti s\u00e4hk\u00f6inen osuus. T\u00e4m\u00e4 malli toimitettiin Fiskerin perheenj\u00e4senelle ja yhdelle alkuper\u00e4isist\u00e4 sijoittajista, mik\u00e4 tekee siit\u00e4 poikkeuksellisen osan yrityksen historiaa.<\/p>\n<p><strong>Sisustus<\/strong><\/p>\n<p>T\u00e4m\u00e4n esimerkin sis\u00e4tiloissa on mustan ja ruskehtavan nahan yhdistelm\u00e4, mik\u00e4 tekee siit\u00e4 vieh\u00e4tt\u00e4v\u00e4n paikan. Istuimissa ei ole naarmuja, ja kaikki toimii. Se on varustettu valinnaisella infotainment-j\u00e4rjestelm\u00e4ll\u00e4, jossa on n\u00e4ytt\u00f6 kojelaudassa.<\/p>\n<p><strong>Kunto<\/strong><\/p>\n<p>80 000 km, koko huoltohistoria, vain yksi omistaja, t\u00e4m\u00e4 Karma on ihanteellisessa kunnossa. Ei ole onnettomuuksia tai vaurioita, ja sis\u00e4tilat ovat uudenveroisessa kunnossa. Mielenkiintoista on, ett\u00e4 Karma on varustettu aurinkopaneelikatolla, joka muuntaa aurinkoenergian s\u00e4hk\u00f6ksi ja sammuttaa akun tarvittaessa. T\u00e4ss\u00e4 esimerkiss\u00e4 aurinkokatto on olemassa ja t\u00e4ysin toimintakunnossa. <strong>T\u00e4m\u00e4 yksil\u00f6 on #61 sadasta Signature Edition -paketin kanssa tehdyst\u00e4 yksil\u00f6st\u00e4<\/strong>, mik\u00e4 on t\u00e4rke\u00e4\u00e4, koska sen historiaa voidaan seurata Fisker-yhteis\u00f6ss\u00e4. Koska t\u00e4ll\u00e4 esimerkill\u00e4 on historiallista merkityst\u00e4, sit\u00e4 on huoltanut yksi maailman parhaista Fisker-asiantuntijoista, ja siit\u00e4 on saatavilla s\u00e4\u00e4nn\u00f6lliset huoltotiedot. Viimeisin huolto ja \u00f6ljynvaihto tehtiin lokakuussa 2023, ja jarrut uusittiin vain muutama p\u00e4iv\u00e4 sitten joulukuussa 2023.<\/p>\n<p><strong>Ulkoasu ja py\u00f6r\u00e4t<\/strong><\/p>\n<p>Ainutlaatuinen hopea maali sopii t\u00e4ydellisesti kaksiv\u00e4riseen sisustukseen ilman naarmuja ja kolhuja. Auto toimitetaan t\u00e4ydellisess\u00e4 kunnossa olevilla 21-tuumaisilla talvirenkailla. 22-tuumaiset kes\u00e4renkailla varustetut py\u00f6r\u00e4t ovat lis\u00e4maksullisia. Renkaat ovat vuodelta 2023.<\/p>\n<p><strong>Dokumentaatio<\/strong><\/p>\n<p>Yksityinen myyj\u00e4 myy t\u00e4m\u00e4n ajoneuvon asianmukaisilla asiakirjoilla, jotka sijaitsevat Saksassa. <a href=\"https:\/\/pistonaddict.com\/wp-content\/uploads\/2023\/12\/FiskerKarma.pdf\">CarVertical-raportti<\/a> on puhdas; ei todisteita onnettomuuksista, onnettomuuskorjauksista, omistusoikeudesta tai oikeudellisista ongelmista. S\u00e4\u00e4nn\u00f6llisest\u00e4 huollosta, myyntilaskuista ja kuiteista on kirjanpito. T\u00e4h\u00e4n malliin ei ole saatavana tehdastakuuta.<\/p>\n<p><strong><br \/>\nKatso kylm\u00e4k\u00e4ynnistysvideo t\u00e4st\u00e4 kauniista Fisker Karma silver Signature :<\/strong><\/p>\n<p><iframe title=\"Cold Start Video of the Fisker Karma Signature for auction sale\" width=\"1200\" height=\"675\" src=\"https:\/\/www.youtube.com\/embed\/sOmYYpDT2U8?feature=oembed\" frameborder=\"0\" allow=\"accelerometer; autoplay; clipboard-write; encrypted-media; gyroscope; picture-in-picture; web-share\" allowfullscreen><\/iframe><\/p>\n","protected":false},"excerpt":{"rendered":"<p>Fisker Karma on paitsi vallankumouksellinen hybridi my\u00f6s yksi 2000-luvun siisteimmist\u00e4 autoista. Sit\u00e4 valmistettiin vain hieman yli 3000 kappaletta, joten se on harvinainen, mutta t\u00e4m\u00e4 on viel\u00e4 harvinaisempi. T\u00e4n\u00e4\u00e4n tarjoamamme hopeanv\u00e4rinen 2012 Karma on yksi sadasta Signature Edition -mallista, ja yrityksen omistaja Henrik Fisker on jopa signeerannut sen henkil\u00f6kohtaisesti. Jos etsit ker\u00e4ilij\u00e4n unelmaa, t\u00e4m\u00e4 on se.<\/p>\n","protected":false},"featured_media":77661,"comment_status":"open","ping_status":"closed","template":"","meta":{"inline_featured_image":false},"product_cat":[745],"product_tag":[2772,2773,933,1786,1781],"acf":[],"yoast_head":"<!-- This site is optimized with the Yoast SEO plugin v22.5 - https:\/\/yoast.com\/wordpress\/plugins\/seo\/ -->\n<title>huutokauppa - Piston Addict<\/title>\n<meta name=\"robots\" content=\"index, follow, max-snippet:-1, max-image-preview:large, max-video-preview:-1\" \/>\n<link rel=\"canonical\" href=\"https:\/\/pistonaddict.com\/fi\/product\/fisker-karma-signature-edition\/\" \/>\n<meta property=\"og:locale\" content=\"fi_FI\" \/>\n<meta property=\"og:type\" content=\"article\" \/>\n<meta property=\"og:title\" content=\"huutokauppa - Piston Addict\" \/>\n<meta property=\"og:description\" content=\"Fisker Karma on paitsi vallankumouksellinen hybridi my\u00f6s yksi 2000-luvun siisteimmist\u00e4 autoista. Sit\u00e4 valmistettiin vain hieman yli 3000 kappaletta, joten se on harvinainen, mutta t\u00e4m\u00e4 on viel\u00e4 harvinaisempi. T\u00e4n\u00e4\u00e4n tarjoamamme hopeanv\u00e4rinen 2012 Karma on yksi sadasta Signature Edition -mallista, ja yrityksen omistaja Henrik Fisker on jopa signeerannut sen henkil\u00f6kohtaisesti. Jos etsit ker\u00e4ilij\u00e4n unelmaa, t\u00e4m\u00e4 on se.\" \/>\n<meta property=\"og:url\" content=\"https:\/\/pistonaddict.com\/fi\/product\/fisker-karma-signature-edition\/\" \/>\n<meta property=\"og:site_name\" content=\"Piston Addict\" \/>\n<meta property=\"article:modified_time\" content=\"2024-03-20T08:42:46+00:00\" \/>\n<meta property=\"og:image\" content=\"https:\/\/pistonaddict.com\/wp-content\/uploads\/2023\/12\/20210129_085341.jpg\" \/>\n\t<meta property=\"og:image:width\" content=\"1762\" \/>\n\t<meta property=\"og:image:height\" content=\"752\" \/>\n\t<meta property=\"og:image:type\" content=\"image\/jpeg\" \/>\n<meta name=\"twitter:card\" content=\"summary_large_image\" \/>\n<meta name=\"twitter:label1\" content=\"Arvioitu lukuaika\" \/>\n\t<meta name=\"twitter:data1\" content=\"2 minutes\" \/>\n<script type=\"application\/ld+json\" class=\"yoast-schema-graph\">{\"@context\":\"https:\/\/schema.org\",\"@graph\":[{\"@type\":\"WebPage\",\"@id\":\"https:\/\/pistonaddict.com\/fi\/product\/fisker-karma-signature-edition\/\",\"url\":\"https:\/\/pistonaddict.com\/fi\/product\/fisker-karma-signature-edition\/\",\"name\":\"huutokauppa - Piston Addict\",\"isPartOf\":{\"@id\":\"https:\/\/pistonaddict.com\/fi\/#website\"},\"primaryImageOfPage\":{\"@id\":\"https:\/\/pistonaddict.com\/fi\/product\/fisker-karma-signature-edition\/#primaryimage\"},\"image\":{\"@id\":\"https:\/\/pistonaddict.com\/fi\/product\/fisker-karma-signature-edition\/#primaryimage\"},\"thumbnailUrl\":\"https:\/\/pistonaddict.com\/wp-content\/uploads\/2023\/12\/20210129_085341.jpg\",\"datePublished\":\"2023-12-13T09:17:52+00:00\",\"dateModified\":\"2024-03-20T08:42:46+00:00\",\"breadcrumb\":{\"@id\":\"https:\/\/pistonaddict.com\/fi\/product\/fisker-karma-signature-edition\/#breadcrumb\"},\"inLanguage\":\"fi\",\"potentialAction\":[{\"@type\":\"ReadAction\",\"target\":[\"https:\/\/pistonaddict.com\/fi\/product\/fisker-karma-signature-edition\/\"]}]},{\"@type\":\"ImageObject\",\"inLanguage\":\"fi\",\"@id\":\"https:\/\/pistonaddict.com\/fi\/product\/fisker-karma-signature-edition\/#primaryimage\",\"url\":\"https:\/\/pistonaddict.com\/wp-content\/uploads\/2023\/12\/20210129_085341.jpg\",\"contentUrl\":\"https:\/\/pistonaddict.com\/wp-content\/uploads\/2023\/12\/20210129_085341.jpg\",\"width\":1762,\"height\":752},{\"@type\":\"BreadcrumbList\",\"@id\":\"https:\/\/pistonaddict.com\/fi\/product\/fisker-karma-signature-edition\/#breadcrumb\",\"itemListElement\":[{\"@type\":\"ListItem\",\"position\":1,\"name\":\"Kotisivu\",\"item\":\"https:\/\/pistonaddict.com\/fi\/kotisivu-2\/\"},{\"@type\":\"ListItem\",\"position\":2,\"name\":\"Auctions\",\"item\":\"https:\/\/pistonaddict.com\/auctions-listing\/\"},{\"@type\":\"ListItem\",\"position\":3,\"name\":\"Fisker Karma Signature Edition\"}]},{\"@type\":\"WebSite\",\"@id\":\"https:\/\/pistonaddict.com\/fi\/#website\",\"url\":\"https:\/\/pistonaddict.com\/fi\/\",\"name\":\"Piston Addict\",\"description\":\"Only interesting vehicles\",\"publisher\":{\"@id\":\"https:\/\/pistonaddict.com\/fi\/#organization\"},\"potentialAction\":[{\"@type\":\"SearchAction\",\"target\":{\"@type\":\"EntryPoint\",\"urlTemplate\":\"https:\/\/pistonaddict.com\/fi\/?s={search_term_string}\"},\"query-input\":\"required name=search_term_string\"}],\"inLanguage\":\"fi\"},{\"@type\":\"Organization\",\"@id\":\"https:\/\/pistonaddict.com\/fi\/#organization\",\"name\":\"Piston Addict\",\"url\":\"https:\/\/pistonaddict.com\/fi\/\",\"logo\":{\"@type\":\"ImageObject\",\"inLanguage\":\"fi\",\"@id\":\"https:\/\/pistonaddict.com\/fi\/#\/schema\/logo\/image\/\",\"url\":\"https:\/\/pistonaddict.com\/wp-content\/uploads\/2022\/07\/logo-6.png\",\"contentUrl\":\"https:\/\/pistonaddict.com\/wp-content\/uploads\/2022\/07\/logo-6.png\",\"width\":970,\"height\":200,\"caption\":\"Piston Addict\"},\"image\":{\"@id\":\"https:\/\/pistonaddict.com\/fi\/#\/schema\/logo\/image\/\"}}]}<\/script>\n<!-- \/ Yoast SEO plugin. -->","yoast_head_json":{"title":"huutokauppa - Piston Addict","robots":{"index":"index","follow":"follow","max-snippet":"max-snippet:-1","max-image-preview":"max-image-preview:large","max-video-preview":"max-video-preview:-1"},"canonical":"https:\/\/pistonaddict.com\/fi\/product\/fisker-karma-signature-edition\/","og_locale":"fi_FI","og_type":"article","og_title":"huutokauppa - Piston Addict","og_description":"Fisker Karma on paitsi vallankumouksellinen hybridi my\u00f6s yksi 2000-luvun siisteimmist\u00e4 autoista. Sit\u00e4 valmistettiin vain hieman yli 3000 kappaletta, joten se on harvinainen, mutta t\u00e4m\u00e4 on viel\u00e4 harvinaisempi. T\u00e4n\u00e4\u00e4n tarjoamamme hopeanv\u00e4rinen 2012 Karma on yksi sadasta Signature Edition -mallista, ja yrityksen omistaja Henrik Fisker on jopa signeerannut sen henkil\u00f6kohtaisesti. Jos etsit ker\u00e4ilij\u00e4n unelmaa, t\u00e4m\u00e4 on se.","og_url":"https:\/\/pistonaddict.com\/fi\/product\/fisker-karma-signature-edition\/","og_site_name":"Piston Addict","article_modified_time":"2024-03-20T08:42:46+00:00","og_image":[{"width":1762,"height":752,"url":"https:\/\/pistonaddict.com\/wp-content\/uploads\/2023\/12\/20210129_085341.jpg","type":"image\/jpeg"}],"twitter_card":"summary_large_image","twitter_misc":{"Arvioitu lukuaika":"2 minutes"},"schema":{"@context":"https:\/\/schema.org","@graph":[{"@type":"WebPage","@id":"https:\/\/pistonaddict.com\/fi\/product\/fisker-karma-signature-edition\/","url":"https:\/\/pistonaddict.com\/fi\/product\/fisker-karma-signature-edition\/","name":"huutokauppa - Piston Addict","isPartOf":{"@id":"https:\/\/pistonaddict.com\/fi\/#website"},"primaryImageOfPage":{"@id":"https:\/\/pistonaddict.com\/fi\/product\/fisker-karma-signature-edition\/#primaryimage"},"image":{"@id":"https:\/\/pistonaddict.com\/fi\/product\/fisker-karma-signature-edition\/#primaryimage"},"thumbnailUrl":"https:\/\/pistonaddict.com\/wp-content\/uploads\/2023\/12\/20210129_085341.jpg","datePublished":"2023-12-13T09:17:52+00:00","dateModified":"2024-03-20T08:42:46+00:00","breadcrumb":{"@id":"https:\/\/pistonaddict.com\/fi\/product\/fisker-karma-signature-edition\/#breadcrumb"},"inLanguage":"fi","potentialAction":[{"@type":"ReadAction","target":["https:\/\/pistonaddict.com\/fi\/product\/fisker-karma-signature-edition\/"]}]},{"@type":"ImageObject","inLanguage":"fi","@id":"https:\/\/pistonaddict.com\/fi\/product\/fisker-karma-signature-edition\/#primaryimage","url":"https:\/\/pistonaddict.com\/wp-content\/uploads\/2023\/12\/20210129_085341.jpg","contentUrl":"https:\/\/pistonaddict.com\/wp-content\/uploads\/2023\/12\/20210129_085341.jpg","width":1762,"height":752},{"@type":"BreadcrumbList","@id":"https:\/\/pistonaddict.com\/fi\/product\/fisker-karma-signature-edition\/#breadcrumb","itemListElement":[{"@type":"ListItem","position":1,"name":"Kotisivu","item":"https:\/\/pistonaddict.com\/fi\/kotisivu-2\/"},{"@type":"ListItem","position":2,"name":"Auctions","item":"https:\/\/pistonaddict.com\/auctions-listing\/"},{"@type":"ListItem","position":3,"name":"Fisker Karma Signature Edition"}]},{"@type":"WebSite","@id":"https:\/\/pistonaddict.com\/fi\/#website","url":"https:\/\/pistonaddict.com\/fi\/","name":"Piston Addict","description":"Only interesting vehicles","publisher":{"@id":"https:\/\/pistonaddict.com\/fi\/#organization"},"potentialAction":[{"@type":"SearchAction","target":{"@type":"EntryPoint","urlTemplate":"https:\/\/pistonaddict.com\/fi\/?s={search_term_string}"},"query-input":"required name=search_term_string"}],"inLanguage":"fi"},{"@type":"Organization","@id":"https:\/\/pistonaddict.com\/fi\/#organization","name":"Piston Addict","url":"https:\/\/pistonaddict.com\/fi\/","logo":{"@type":"ImageObject","inLanguage":"fi","@id":"https:\/\/pistonaddict.com\/fi\/#\/schema\/logo\/image\/","url":"https:\/\/pistonaddict.com\/wp-content\/uploads\/2022\/07\/logo-6.png","contentUrl":"https:\/\/pistonaddict.com\/wp-content\/uploads\/2022\/07\/logo-6.png","width":970,"height":200,"caption":"Piston Addict"},"image":{"@id":"https:\/\/pistonaddict.com\/fi\/#\/schema\/logo\/image\/"}}]}},"_links":{"self":[{"href":"https:\/\/pistonaddict.com\/fi\/wp-json\/wp\/v2\/product\/78320"}],"collection":[{"href":"https:\/\/pistonaddict.com\/fi\/wp-json\/wp\/v2\/product"}],"about":[{"href":"https:\/\/pistonaddict.com\/fi\/wp-json\/wp\/v2\/types\/product"}],"replies":[{"embeddable":true,"href":"https:\/\/pistonaddict.com\/fi\/wp-json\/wp\/v2\/comments?post=78320"}],"wp:featuredmedia":[{"embeddable":true,"href":"https:\/\/pistonaddict.com\/fi\/wp-json\/wp\/v2\/media\/77661"}],"wp:attachment":[{"href":"https:\/\/pistonaddict.com\/fi\/wp-json\/wp\/v2\/media?parent=78320"}],"wp:term":[{"taxonomy":"product_cat","embeddable":true,"href":"https:\/\/pistonaddict.com\/fi\/wp-json\/wp\/v2\/product_cat?post=78320"},{"taxonomy":"product_tag","embeddable":true,"href":"https:\/\/pistonaddict.com\/fi\/wp-json\/wp\/v2\/product_tag?post=78320"}],"curies":[{"name":"wp","href":"https:\/\/api.w.org\/{rel}","templated":true}]}}