{"id":77357,"date":"2023-12-11T15:55:41","date_gmt":"2023-12-11T14:55:41","guid":{"rendered":"https:\/\/pistonaddict.com\/product\/abarth-124-spider\/"},"modified":"2024-03-20T09:41:27","modified_gmt":"2024-03-20T08:41:27","slug":"abarth-124-spider","status":"publish","type":"product","link":"https:\/\/pistonaddict.com\/fi\/product\/abarth-124-spider\/","title":{"rendered":"Abarth 124 Spider"},"content":{"rendered":"<h2>Ulkoasu<\/h2>\n<p>Ulkopuolelta n\u00e4kee heti ensi silm\u00e4yksell\u00e4, ett\u00e4 kyseess\u00e4 on muutakin kuin tavallinen 124 Spider. T\u00e4ss\u00e4 mustaksi maalatussa roadsterissa on aggressiivisemmat puskurit, ksenon-ajovalot ja kaksipuolinen pakoputki takana, jossa on kaksi kromattua k\u00e4rke\u00e4 kummallakin puolella. Kaikki n\u00e4m\u00e4 yksityiskohdat antavat autolle vaikuttavan l\u00e4sn\u00e4olon tiell\u00e4, joka erottaa sen selv\u00e4sti lempe\u00e4st\u00e4 serkustaan. Ja jos t\u00e4m\u00e4 ei viel\u00e4 riit\u00e4, Abarthin 70-vuotisjuhlavuotta juhlistava merkki kyljess\u00e4 korostaa varmasti t\u00e4m\u00e4n mallin yksinoikeutta.<\/p>\n<p>T\u00e4ss\u00e4 Abarth 124 Spiderissa on 17-tuumaiset vanteet, joissa on Bridgestonen renkaat, jotka saattavat olla jo vanhentuneet. Vanteet antavat my\u00f6s selke\u00e4n n\u00e4kym\u00e4n massiivisiin punaisiin Brembon jarrusatuloihin, jotka lupaavat erinomaista jarrutustehoa.<\/p>\n<h2>Sisustus<\/h2>\n<p>Ulkon\u00e4\u00f6n tavoin sis\u00e4tiloissa on useita huomiota her\u00e4tt\u00e4vi\u00e4 yksityiskohtia, jotka osoittavat selv\u00e4sti auton alkuper\u00e4n. Aluksi pari mukavaa mokkanahkap\u00e4\u00e4llysteist\u00e4 istuinta, joiden selk\u00e4nojaan on ommeltu massiivinen punainen Abart-kirjoitus. Punaiset yksityiskohdat korostavat my\u00f6s ohjauspy\u00f6r\u00e4\u00e4 ja sen takana olevaa mittaristoa, jota hallitsee kierroslukumittari, joka ulottuu 8000 kierrokseen asti. Minimalistinen kojelauta sis\u00e4lt\u00e4\u00e4 vain v\u00e4ltt\u00e4m\u00e4tt\u00f6mimm\u00e4t asiat, kuten ilmastoinnin s\u00e4\u00e4timet ja keskelle asennetun n\u00e4yt\u00f6n, joten on selv\u00e4\u00e4, ett\u00e4 t\u00e4m\u00e4 auto on tehty ensisijaisesti ajamista varten.<\/p>\n<h2>Mekaniikka<\/h2>\n<p>Ensi silm\u00e4yksell\u00e4 konepellin alla oleva 1,4-litrainen moottori ei ehk\u00e4 vaikuta niin vakuuttavalta kuin voisi odottaa. Turboahtimen ja kekseli\u00e4\u00e4n polttoaineenhallinnan ansiosta, jotka nostavat tehon 170 hevosvoimaan, t\u00e4m\u00e4 sile\u00e4 nelisylinterinen yksikk\u00f6 on kuitenkin melkoinen voimanpes\u00e4. Vaihteisto &#8211; perinteinen kuusivaihteinen manuaalivaihteisto &#8211; on toinen yksityiskohta, joka paljastaa Spiderin todellisen luonteen. T\u00e4m\u00e4 voimansiirtokonfiguraatio yhdistettyn\u00e4 erinomaiseen jousitukseen ja kyvykk\u00e4isiin jarruihin tekee siit\u00e4 kunnon kuljettajan auton, joka on suunniteltu ottamaan vastaan kaikki mutkaiset tiet.<\/p>\n<h2>Ajoneuvon historia<\/h2>\n<p>Lopuksi pari sanaa t\u00e4m\u00e4n Abarth Spiderin nykytilasta. Viimeisin m\u00e4\u00e4r\u00e4aikaishuolto, johon sis\u00e4ltyi \u00f6ljynvaihto, tehtiin tammikuussa 2023. Hiljattain, joulukuussa, jarrut uusittiin. Toimitettujen valokuvien ja vastaavan videon perusteella auto vaikuttaa uudenveroiselta, eik\u00e4 siin\u00e4 ole n\u00e4kyvi\u00e4 vaurioita tai kulumisj\u00e4lki\u00e4.<\/p>\n<p>Lis\u00e4ksi myyj\u00e4 sanoo, ett\u00e4 autoa, joka on t\u00e4ll\u00e4 hetkell\u00e4 Italiassa, ei ole k\u00e4ytetty radalla eik\u00e4 se ole ollut osallisena onnettomuuksissa, ja <a href=\"https:\/\/pistonaddict.com\/wp-content\/uploads\/2023\/12\/abarthspider.pdf\">CARFAX<\/a> Vehicle History Report vahvistaa t\u00e4m\u00e4n.<\/p>\n<p><strong><br \/>\nKatso kylm\u00e4k\u00e4ynnistysvideo t\u00e4st\u00e4 kauniista Abarth 124 Spiderista :<\/strong><\/p>\n<p><iframe title=\"Cold Start Video of the Abarth 124 Spider for auction sale\" width=\"1200\" height=\"675\" src=\"https:\/\/www.youtube.com\/embed\/wZs51_ew1WU?feature=oembed\" frameborder=\"0\" allow=\"accelerometer; autoplay; clipboard-write; encrypted-media; gyroscope; picture-in-picture; web-share\" allowfullscreen><\/iframe><\/p>\n","protected":false},"excerpt":{"rendered":"<p>Jos haluat auton, joka n\u00e4ytt\u00e4\u00e4 hyv\u00e4lt\u00e4, on hauska ajaa ja jonka kanssa on helppo el\u00e4\u00e4, sinun kannattaa harkita roadsterin hankkimista. Tarjolla on useita suhteellisen uusia malleja, joista yksi on 124 Spider, joka jakaa mekaanisen perustan nykyisin ehk\u00e4 tunnetuimman roadsterin &#8211; Mazda MX5:n &#8211; kanssa. N\u00e4in ollen se edustaa ainutlaatuista italialaisen tyylin ja japanilaisen tarkan teknologian yhdistelm\u00e4\u00e4.<\/p>\n<p>Ja kun Fiatin oma viritt\u00e4j\u00e4 maustaa kaiken t\u00e4m\u00e4n, saat tulisen <strong>Abarth 124 Spiderin<\/strong>, josta yksi on huutokaupattavana t\u00e4\u00e4ll\u00e4 sivustollamme. T\u00e4m\u00e4 moitteeton vuoden 2019 malli on ajanut vain hieman yli 23 000 kilometri\u00e4 ja etsii parhaillaan uutta omistajaa. Tyylikk\u00e4\u00e4n ulkon\u00e4\u00f6n ja miellytt\u00e4v\u00e4n suorituskyvyn lis\u00e4ksi se k\u00e4tkee hihaansa viel\u00e4 yhden \u00e4ss\u00e4n.<\/p>\n","protected":false},"featured_media":77139,"comment_status":"open","ping_status":"closed","template":"","meta":{"inline_featured_image":false},"product_cat":[745],"product_tag":[2702,2708,2697,986],"acf":[],"yoast_head":"<!-- This site is optimized with the Yoast SEO plugin v22.5 - https:\/\/yoast.com\/wordpress\/plugins\/seo\/ -->\n<title>huutokauppa - Piston Addict<\/title>\n<meta name=\"robots\" content=\"index, follow, max-snippet:-1, max-image-preview:large, max-video-preview:-1\" \/>\n<link rel=\"canonical\" href=\"https:\/\/pistonaddict.com\/fi\/product\/abarth-124-spider\/\" \/>\n<meta property=\"og:locale\" content=\"fi_FI\" \/>\n<meta property=\"og:type\" content=\"article\" \/>\n<meta property=\"og:title\" content=\"huutokauppa - Piston Addict\" \/>\n<meta property=\"og:description\" content=\"Jos haluat auton, joka n\u00e4ytt\u00e4\u00e4 hyv\u00e4lt\u00e4, on hauska ajaa ja jonka kanssa on helppo el\u00e4\u00e4, sinun kannattaa harkita roadsterin hankkimista. Tarjolla on useita suhteellisen uusia malleja, joista yksi on 124 Spider, joka jakaa mekaanisen perustan nykyisin ehk\u00e4 tunnetuimman roadsterin - Mazda MX5:n - kanssa. N\u00e4in ollen se edustaa ainutlaatuista italialaisen tyylin ja japanilaisen tarkan teknologian yhdistelm\u00e4\u00e4. Ja kun Fiatin oma viritt\u00e4j\u00e4 maustaa kaiken t\u00e4m\u00e4n, saat tulisen Abarth 124 Spiderin, josta yksi on huutokaupattavana t\u00e4\u00e4ll\u00e4 sivustollamme. T\u00e4m\u00e4 moitteeton vuoden 2019 malli on ajanut vain hieman yli 23 000 kilometri\u00e4 ja etsii parhaillaan uutta omistajaa. Tyylikk\u00e4\u00e4n ulkon\u00e4\u00f6n ja miellytt\u00e4v\u00e4n suorituskyvyn lis\u00e4ksi se k\u00e4tkee hihaansa viel\u00e4 yhden \u00e4ss\u00e4n.\" \/>\n<meta property=\"og:url\" content=\"https:\/\/pistonaddict.com\/fi\/product\/abarth-124-spider\/\" \/>\n<meta property=\"og:site_name\" content=\"Piston Addict\" \/>\n<meta property=\"article:modified_time\" content=\"2024-03-20T08:41:27+00:00\" \/>\n<meta property=\"og:image\" content=\"https:\/\/pistonaddict.com\/wp-content\/uploads\/2023\/12\/image00020-scaled.jpeg\" \/>\n\t<meta property=\"og:image:width\" content=\"2560\" \/>\n\t<meta property=\"og:image:height\" content=\"1920\" \/>\n\t<meta property=\"og:image:type\" content=\"image\/jpeg\" \/>\n<meta name=\"twitter:card\" content=\"summary_large_image\" \/>\n<meta name=\"twitter:label1\" content=\"Arvioitu lukuaika\" \/>\n\t<meta name=\"twitter:data1\" content=\"2 minutes\" \/>\n<script type=\"application\/ld+json\" class=\"yoast-schema-graph\">{\"@context\":\"https:\/\/schema.org\",\"@graph\":[{\"@type\":\"WebPage\",\"@id\":\"https:\/\/pistonaddict.com\/fi\/product\/abarth-124-spider\/\",\"url\":\"https:\/\/pistonaddict.com\/fi\/product\/abarth-124-spider\/\",\"name\":\"huutokauppa - Piston Addict\",\"isPartOf\":{\"@id\":\"https:\/\/pistonaddict.com\/fi\/#website\"},\"primaryImageOfPage\":{\"@id\":\"https:\/\/pistonaddict.com\/fi\/product\/abarth-124-spider\/#primaryimage\"},\"image\":{\"@id\":\"https:\/\/pistonaddict.com\/fi\/product\/abarth-124-spider\/#primaryimage\"},\"thumbnailUrl\":\"https:\/\/pistonaddict.com\/wp-content\/uploads\/2023\/12\/image00020-scaled.jpeg\",\"datePublished\":\"2023-12-11T14:55:41+00:00\",\"dateModified\":\"2024-03-20T08:41:27+00:00\",\"breadcrumb\":{\"@id\":\"https:\/\/pistonaddict.com\/fi\/product\/abarth-124-spider\/#breadcrumb\"},\"inLanguage\":\"fi\",\"potentialAction\":[{\"@type\":\"ReadAction\",\"target\":[\"https:\/\/pistonaddict.com\/fi\/product\/abarth-124-spider\/\"]}]},{\"@type\":\"ImageObject\",\"inLanguage\":\"fi\",\"@id\":\"https:\/\/pistonaddict.com\/fi\/product\/abarth-124-spider\/#primaryimage\",\"url\":\"https:\/\/pistonaddict.com\/wp-content\/uploads\/2023\/12\/image00020-scaled.jpeg\",\"contentUrl\":\"https:\/\/pistonaddict.com\/wp-content\/uploads\/2023\/12\/image00020-scaled.jpeg\",\"width\":2560,\"height\":1920},{\"@type\":\"BreadcrumbList\",\"@id\":\"https:\/\/pistonaddict.com\/fi\/product\/abarth-124-spider\/#breadcrumb\",\"itemListElement\":[{\"@type\":\"ListItem\",\"position\":1,\"name\":\"Kotisivu\",\"item\":\"https:\/\/pistonaddict.com\/fi\/kotisivu-2\/\"},{\"@type\":\"ListItem\",\"position\":2,\"name\":\"Auctions\",\"item\":\"https:\/\/pistonaddict.com\/auctions-listing\/\"},{\"@type\":\"ListItem\",\"position\":3,\"name\":\"Abarth 124 Spider\"}]},{\"@type\":\"WebSite\",\"@id\":\"https:\/\/pistonaddict.com\/fi\/#website\",\"url\":\"https:\/\/pistonaddict.com\/fi\/\",\"name\":\"Piston Addict\",\"description\":\"Only interesting vehicles\",\"publisher\":{\"@id\":\"https:\/\/pistonaddict.com\/fi\/#organization\"},\"potentialAction\":[{\"@type\":\"SearchAction\",\"target\":{\"@type\":\"EntryPoint\",\"urlTemplate\":\"https:\/\/pistonaddict.com\/fi\/?s={search_term_string}\"},\"query-input\":\"required name=search_term_string\"}],\"inLanguage\":\"fi\"},{\"@type\":\"Organization\",\"@id\":\"https:\/\/pistonaddict.com\/fi\/#organization\",\"name\":\"Piston Addict\",\"url\":\"https:\/\/pistonaddict.com\/fi\/\",\"logo\":{\"@type\":\"ImageObject\",\"inLanguage\":\"fi\",\"@id\":\"https:\/\/pistonaddict.com\/fi\/#\/schema\/logo\/image\/\",\"url\":\"https:\/\/pistonaddict.com\/wp-content\/uploads\/2022\/07\/logo-6.png\",\"contentUrl\":\"https:\/\/pistonaddict.com\/wp-content\/uploads\/2022\/07\/logo-6.png\",\"width\":970,\"height\":200,\"caption\":\"Piston Addict\"},\"image\":{\"@id\":\"https:\/\/pistonaddict.com\/fi\/#\/schema\/logo\/image\/\"}}]}<\/script>\n<!-- \/ Yoast SEO plugin. -->","yoast_head_json":{"title":"huutokauppa - Piston Addict","robots":{"index":"index","follow":"follow","max-snippet":"max-snippet:-1","max-image-preview":"max-image-preview:large","max-video-preview":"max-video-preview:-1"},"canonical":"https:\/\/pistonaddict.com\/fi\/product\/abarth-124-spider\/","og_locale":"fi_FI","og_type":"article","og_title":"huutokauppa - Piston Addict","og_description":"Jos haluat auton, joka n\u00e4ytt\u00e4\u00e4 hyv\u00e4lt\u00e4, on hauska ajaa ja jonka kanssa on helppo el\u00e4\u00e4, sinun kannattaa harkita roadsterin hankkimista. Tarjolla on useita suhteellisen uusia malleja, joista yksi on 124 Spider, joka jakaa mekaanisen perustan nykyisin ehk\u00e4 tunnetuimman roadsterin - Mazda MX5:n - kanssa. N\u00e4in ollen se edustaa ainutlaatuista italialaisen tyylin ja japanilaisen tarkan teknologian yhdistelm\u00e4\u00e4. Ja kun Fiatin oma viritt\u00e4j\u00e4 maustaa kaiken t\u00e4m\u00e4n, saat tulisen Abarth 124 Spiderin, josta yksi on huutokaupattavana t\u00e4\u00e4ll\u00e4 sivustollamme. T\u00e4m\u00e4 moitteeton vuoden 2019 malli on ajanut vain hieman yli 23 000 kilometri\u00e4 ja etsii parhaillaan uutta omistajaa. Tyylikk\u00e4\u00e4n ulkon\u00e4\u00f6n ja miellytt\u00e4v\u00e4n suorituskyvyn lis\u00e4ksi se k\u00e4tkee hihaansa viel\u00e4 yhden \u00e4ss\u00e4n.","og_url":"https:\/\/pistonaddict.com\/fi\/product\/abarth-124-spider\/","og_site_name":"Piston Addict","article_modified_time":"2024-03-20T08:41:27+00:00","og_image":[{"width":2560,"height":1920,"url":"https:\/\/pistonaddict.com\/wp-content\/uploads\/2023\/12\/image00020-scaled.jpeg","type":"image\/jpeg"}],"twitter_card":"summary_large_image","twitter_misc":{"Arvioitu lukuaika":"2 minutes"},"schema":{"@context":"https:\/\/schema.org","@graph":[{"@type":"WebPage","@id":"https:\/\/pistonaddict.com\/fi\/product\/abarth-124-spider\/","url":"https:\/\/pistonaddict.com\/fi\/product\/abarth-124-spider\/","name":"huutokauppa - Piston Addict","isPartOf":{"@id":"https:\/\/pistonaddict.com\/fi\/#website"},"primaryImageOfPage":{"@id":"https:\/\/pistonaddict.com\/fi\/product\/abarth-124-spider\/#primaryimage"},"image":{"@id":"https:\/\/pistonaddict.com\/fi\/product\/abarth-124-spider\/#primaryimage"},"thumbnailUrl":"https:\/\/pistonaddict.com\/wp-content\/uploads\/2023\/12\/image00020-scaled.jpeg","datePublished":"2023-12-11T14:55:41+00:00","dateModified":"2024-03-20T08:41:27+00:00","breadcrumb":{"@id":"https:\/\/pistonaddict.com\/fi\/product\/abarth-124-spider\/#breadcrumb"},"inLanguage":"fi","potentialAction":[{"@type":"ReadAction","target":["https:\/\/pistonaddict.com\/fi\/product\/abarth-124-spider\/"]}]},{"@type":"ImageObject","inLanguage":"fi","@id":"https:\/\/pistonaddict.com\/fi\/product\/abarth-124-spider\/#primaryimage","url":"https:\/\/pistonaddict.com\/wp-content\/uploads\/2023\/12\/image00020-scaled.jpeg","contentUrl":"https:\/\/pistonaddict.com\/wp-content\/uploads\/2023\/12\/image00020-scaled.jpeg","width":2560,"height":1920},{"@type":"BreadcrumbList","@id":"https:\/\/pistonaddict.com\/fi\/product\/abarth-124-spider\/#breadcrumb","itemListElement":[{"@type":"ListItem","position":1,"name":"Kotisivu","item":"https:\/\/pistonaddict.com\/fi\/kotisivu-2\/"},{"@type":"ListItem","position":2,"name":"Auctions","item":"https:\/\/pistonaddict.com\/auctions-listing\/"},{"@type":"ListItem","position":3,"name":"Abarth 124 Spider"}]},{"@type":"WebSite","@id":"https:\/\/pistonaddict.com\/fi\/#website","url":"https:\/\/pistonaddict.com\/fi\/","name":"Piston Addict","description":"Only interesting vehicles","publisher":{"@id":"https:\/\/pistonaddict.com\/fi\/#organization"},"potentialAction":[{"@type":"SearchAction","target":{"@type":"EntryPoint","urlTemplate":"https:\/\/pistonaddict.com\/fi\/?s={search_term_string}"},"query-input":"required name=search_term_string"}],"inLanguage":"fi"},{"@type":"Organization","@id":"https:\/\/pistonaddict.com\/fi\/#organization","name":"Piston Addict","url":"https:\/\/pistonaddict.com\/fi\/","logo":{"@type":"ImageObject","inLanguage":"fi","@id":"https:\/\/pistonaddict.com\/fi\/#\/schema\/logo\/image\/","url":"https:\/\/pistonaddict.com\/wp-content\/uploads\/2022\/07\/logo-6.png","contentUrl":"https:\/\/pistonaddict.com\/wp-content\/uploads\/2022\/07\/logo-6.png","width":970,"height":200,"caption":"Piston Addict"},"image":{"@id":"https:\/\/pistonaddict.com\/fi\/#\/schema\/logo\/image\/"}}]}},"_links":{"self":[{"href":"https:\/\/pistonaddict.com\/fi\/wp-json\/wp\/v2\/product\/77357"}],"collection":[{"href":"https:\/\/pistonaddict.com\/fi\/wp-json\/wp\/v2\/product"}],"about":[{"href":"https:\/\/pistonaddict.com\/fi\/wp-json\/wp\/v2\/types\/product"}],"replies":[{"embeddable":true,"href":"https:\/\/pistonaddict.com\/fi\/wp-json\/wp\/v2\/comments?post=77357"}],"wp:featuredmedia":[{"embeddable":true,"href":"https:\/\/pistonaddict.com\/fi\/wp-json\/wp\/v2\/media\/77139"}],"wp:attachment":[{"href":"https:\/\/pistonaddict.com\/fi\/wp-json\/wp\/v2\/media?parent=77357"}],"wp:term":[{"taxonomy":"product_cat","embeddable":true,"href":"https:\/\/pistonaddict.com\/fi\/wp-json\/wp\/v2\/product_cat?post=77357"},{"taxonomy":"product_tag","embeddable":true,"href":"https:\/\/pistonaddict.com\/fi\/wp-json\/wp\/v2\/product_tag?post=77357"}],"curies":[{"name":"wp","href":"https:\/\/api.w.org\/{rel}","templated":true}]}}