{"id":76297,"date":"2023-12-01T10:53:23","date_gmt":"2023-12-01T09:53:23","guid":{"rendered":"https:\/\/pistonaddict.com\/product\/ferrari-488-gtb\/"},"modified":"2023-12-20T11:45:36","modified_gmt":"2023-12-20T10:45:36","slug":"ferrari-488-gtb","status":"publish","type":"product","link":"https:\/\/pistonaddict.com\/fi\/product\/ferrari-488-gtb\/","title":{"rendered":"Ferrari 488 GTB"},"content":{"rendered":"<p><strong>Auton historia<\/strong><\/p>\n<p>Vuonna 2015 Ferrari esitteli 458 Italia -mallin korvaavan 488 GTB:n, joka oli ensimm\u00e4inen turboahdettu V8-keskimoottorinen Ferrari sitten legendaarisen F40:n. Vaikka 488 GTB:n iskutilavuus oli pienempi, sill\u00e4 siin\u00e4 oli vain 3,9-litrainen V8-moottori, siin\u00e4 oli 100 hevosvoimaa enemm\u00e4n kuin 458 Italiassa, eli h\u00e4mm\u00e4stytt\u00e4v\u00e4t 670 hv. Viel\u00e4 j\u00e4nnitt\u00e4v\u00e4mp\u00e4\u00e4 oli kuitenkin v\u00e4\u00e4nt\u00f6momentti, joka on vaikuttava 760 Nm ja takaa salamannopean kiihtyvyyden, v\u00e4litt\u00f6m\u00e4n kaasuvasteen ja uskomattoman ajodynamiikan. Sata km\/h saavutetaan vain 3 sekunnissa, ja 330 km\/h huippunopeus kuulostaa uskomattomalta. Tarjoamamme 488 GTB on pienell\u00e4 ajokilometrim\u00e4\u00e4r\u00e4ll\u00e4, j\u00e4nnitt\u00e4vill\u00e4 lis\u00e4varusteilla ja hiilipohjaisilla jarruilla varustettu todellinen kuljettajan spekseill\u00e4 varustettu malli, joka on valmis h\u00e4mm\u00e4stytt\u00e4m\u00e4\u00e4n sinut pelk\u00e4ll\u00e4 teholla, hienostuneisuudella ja h\u00e4vitt\u00e4j\u00e4n ajodynamiikalla.<\/p>\n<p><strong>Sisustus<\/strong><\/p>\n<p>Koska t\u00e4t\u00e4 Ferraria on pidetty huolellisesti, musta nahka ja Alcantara-sisustus ovat eritt\u00e4in hyv\u00e4ss\u00e4 kunnossa ilman k\u00e4yt\u00f6n j\u00e4lki\u00e4. T\u00e4m\u00e4n auton alkuper\u00e4inen omistaja valitsi suorituskykyisi\u00e4 lis\u00e4varusteita, kuten hiilipohjaiset istuimet, joissa on nahan ja Alcantaran yhdistelm\u00e4, digitaalin\u00e4ytt\u00f6 ohjauspy\u00f6r\u00e4ss\u00e4 ja hiilipohjaiset sisustusesineet. Kaikki n\u00e4m\u00e4 n\u00e4ytt\u00e4v\u00e4t t\u00e4ysin hyvilt\u00e4, ilman naarmuja, ja lis\u00e4\u00e4v\u00e4t auton suorituskyky\u00e4. Muutoksia ei ole tehty, ja kaikki toimii t\u00e4ysin odotetusti.<\/p>\n<p><strong>Kunto<\/strong><\/p>\n<p>Alun perin t\u00e4m\u00e4 Ferrari 488 GTB toimitettiin huhtikuussa 2016 ensimm\u00e4iselle omistajalleen Ranskaan, ja myyj\u00e4 hankki sen vuonna 2022. T\u00e4m\u00e4 superauto on moitteettomassa kunnossa, ja mittarissa on vain 20 500 kilometri\u00e4. Autoa ei ole koskaan ajettu kilpaa, sit\u00e4 ei ole seurattu eik\u00e4 se ole ollut osallisena onnettomuuksissa. Aina huolellisesti huollettu, jarrut uusittu marraskuun lopussa 2023 ja viimeinen t\u00e4ydellinen huolto suoritettu saman vuoden toukokuussa. Tulevat omistajat ovat iloisia siit\u00e4, ett\u00e4 t\u00e4m\u00e4 esimerkki kuuluu laajennetun Ferrari-takuun (Ferrari Power) piiriin, joka on siirrett\u00e4viss\u00e4. Valtuutettu j\u00e4lleenmyyj\u00e4 on aina suorittanut huollon, ja se on dokumentoitu. Yksi t\u00e4m\u00e4n auton myyntivaltti on kuitenkin sen pitk\u00e4 lis\u00e4varustelista. <strong>T\u00e4ss\u00e4 488 GTB:ss\u00e4 on ATF-j\u00e4rjestelm\u00e4, keraamiset jarrut maalatuilla jarrusatuloilla, hiilikuituiset ovipaneelit ja istuimet, etu- ja takapuolen PDC, jousitusnostin ja hiilikuituiset lis\u00e4osat<\/strong>. Kaikki t\u00e4m\u00e4 tekee siit\u00e4 ainutlaatuisen auton, jolla on ihanteelliset kuljettajan ominaisuudet.<\/p>\n<p><strong>Ulkoasu ja py\u00f6r\u00e4t<\/strong><\/p>\n<p>T\u00e4m\u00e4 488 GTB on viimeistelty silmiinpist\u00e4v\u00e4\u00e4n Grigio Silverstone -v\u00e4ris\u00e4vyyn, ja sen sis\u00e4tilat ovat mustat, mik\u00e4 tekee siit\u00e4 melkoisen n\u00e4ytt\u00e4v\u00e4n. Vaikka se ei olekaan punainen, se on viel\u00e4 kauniimpi ja hienovaraisempi tummanharmaana. Tietenkin kori on ilman naarmuja ja kolhuja. Tehtaan 20-tuumaisilla vanteilla, jotka on k\u00e4\u00e4ritty upouusiin ja oikeisiin Pirellin renkaisiin, t\u00e4m\u00e4 upea 488 GTB on valmis muuntamaan 670 hv:n tehonsa ainutlaatuiseksi ajokokemukseksi.<\/p>\n<p><strong> <\/strong><strong>Dokumentaatio<\/strong><\/p>\n<p>Ammattilainen myy t\u00e4m\u00e4n ajoneuvon asianmukaiset asiakirjat, sijaitsee Ranskassa. <a href=\"https:\/\/pistonaddict.com\/wp-content\/uploads\/2023\/12\/Ferrari488GTB.pdf\" target=\"_blank\" rel=\"noopener\">CarVertical-raportti<\/a> on puhdas; ei todisteita onnettomuuksista, onnettomuuskorjauksista, omistusoikeudesta tai oikeudellisista ongelmista. S\u00e4\u00e4nn\u00f6llisest\u00e4 huollosta, myyntilaskuista ja kuiteista on kirjanpito. <strong>T\u00e4m\u00e4n mallin laajennettu tehdastakuu 12 kuukaudeksi<\/strong> ja vaatimustenmukaisuustodistus (arvoltaan 2000 euroa) ovat lis\u00e4todiste siit\u00e4, ett\u00e4 kyseess\u00e4 on huippuluokan ker\u00e4ilyauto.<\/p>\n<p><strong><br \/>\nKatso t\u00e4m\u00e4n kauniin Ferrari 488 GTB:n kylm\u00e4k\u00e4ynnistysvideo :<\/strong><\/p>\n<p><iframe title=\"Cold Start Video of the Ferrari 488 GTB for auction sale\" width=\"1200\" height=\"675\" src=\"https:\/\/www.youtube.com\/embed\/_SyEnhUZHXQ?feature=oembed\" frameborder=\"0\" allow=\"accelerometer; autoplay; clipboard-write; encrypted-media; gyroscope; picture-in-picture; web-share\" allowfullscreen><\/iframe><\/p>\n","protected":false},"excerpt":{"rendered":"<p>Jos Ferrari 458 Italia oli t\u00e4ydellisyytt\u00e4 luonnollisesti puhaltava malli, sen seuraaja 488 Italia oli turboahdettu mestariteos. 458 Italia asetti eritt\u00e4in korkeat standardit keskimoottoristen urheiluautojen luokalle, mutta Ferrari onnistui ylitt\u00e4m\u00e4\u00e4n odotukset 488 GTB:ll\u00e4. Uskomattoman voimakas, aggressiivinen ja nopea 488 GTB on todellinen tuntijan urheiluauto, joka viihtyy yht\u00e4 hyvin Autobahnilla kuin radallakin. Myynniss\u00e4 oleva esimerkki on yksi parhaista saatavilla olevista.<\/p>\n","protected":false},"featured_media":75672,"comment_status":"open","ping_status":"closed","template":"","meta":{"inline_featured_image":false},"product_cat":[745],"product_tag":[2679,2232,933,2678],"acf":[],"yoast_head":"<!-- This site is optimized with the Yoast SEO plugin v22.5 - https:\/\/yoast.com\/wordpress\/plugins\/seo\/ -->\n<title>huutokauppa - Piston Addict<\/title>\n<meta name=\"robots\" content=\"index, follow, max-snippet:-1, max-image-preview:large, max-video-preview:-1\" \/>\n<link rel=\"canonical\" href=\"https:\/\/pistonaddict.com\/fi\/product\/ferrari-488-gtb\/\" \/>\n<meta property=\"og:locale\" content=\"fi_FI\" \/>\n<meta property=\"og:type\" content=\"article\" \/>\n<meta property=\"og:title\" content=\"huutokauppa - Piston Addict\" \/>\n<meta property=\"og:description\" content=\"Jos Ferrari 458 Italia oli t\u00e4ydellisyytt\u00e4 luonnollisesti puhaltava malli, sen seuraaja 488 Italia oli turboahdettu mestariteos. 458 Italia asetti eritt\u00e4in korkeat standardit keskimoottoristen urheiluautojen luokalle, mutta Ferrari onnistui ylitt\u00e4m\u00e4\u00e4n odotukset 488 GTB:ll\u00e4. Uskomattoman voimakas, aggressiivinen ja nopea 488 GTB on todellinen tuntijan urheiluauto, joka viihtyy yht\u00e4 hyvin Autobahnilla kuin radallakin. Myynniss\u00e4 oleva esimerkki on yksi parhaista saatavilla olevista.\" \/>\n<meta property=\"og:url\" content=\"https:\/\/pistonaddict.com\/fi\/product\/ferrari-488-gtb\/\" \/>\n<meta property=\"og:site_name\" content=\"Piston Addict\" \/>\n<meta property=\"article:modified_time\" content=\"2023-12-20T10:45:36+00:00\" \/>\n<meta property=\"og:image\" content=\"https:\/\/pistonaddict.com\/wp-content\/uploads\/2023\/12\/IMG_0075-1024x765.png\" \/>\n\t<meta property=\"og:image:width\" content=\"1024\" \/>\n\t<meta property=\"og:image:height\" content=\"765\" \/>\n\t<meta property=\"og:image:type\" content=\"image\/png\" \/>\n<meta name=\"twitter:card\" content=\"summary_large_image\" \/>\n<meta name=\"twitter:label1\" content=\"Arvioitu lukuaika\" \/>\n\t<meta name=\"twitter:data1\" content=\"2 minutes\" \/>\n<script type=\"application\/ld+json\" class=\"yoast-schema-graph\">{\"@context\":\"https:\/\/schema.org\",\"@graph\":[{\"@type\":\"WebPage\",\"@id\":\"https:\/\/pistonaddict.com\/fi\/product\/ferrari-488-gtb\/\",\"url\":\"https:\/\/pistonaddict.com\/fi\/product\/ferrari-488-gtb\/\",\"name\":\"huutokauppa - Piston Addict\",\"isPartOf\":{\"@id\":\"https:\/\/pistonaddict.com\/fi\/#website\"},\"primaryImageOfPage\":{\"@id\":\"https:\/\/pistonaddict.com\/fi\/product\/ferrari-488-gtb\/#primaryimage\"},\"image\":{\"@id\":\"https:\/\/pistonaddict.com\/fi\/product\/ferrari-488-gtb\/#primaryimage\"},\"thumbnailUrl\":\"https:\/\/pistonaddict.com\/wp-content\/uploads\/2023\/12\/IMG_0075.png\",\"datePublished\":\"2023-12-01T09:53:23+00:00\",\"dateModified\":\"2023-12-20T10:45:36+00:00\",\"breadcrumb\":{\"@id\":\"https:\/\/pistonaddict.com\/fi\/product\/ferrari-488-gtb\/#breadcrumb\"},\"inLanguage\":\"fi\",\"potentialAction\":[{\"@type\":\"ReadAction\",\"target\":[\"https:\/\/pistonaddict.com\/fi\/product\/ferrari-488-gtb\/\"]}]},{\"@type\":\"ImageObject\",\"inLanguage\":\"fi\",\"@id\":\"https:\/\/pistonaddict.com\/fi\/product\/ferrari-488-gtb\/#primaryimage\",\"url\":\"https:\/\/pistonaddict.com\/wp-content\/uploads\/2023\/12\/IMG_0075.png\",\"contentUrl\":\"https:\/\/pistonaddict.com\/wp-content\/uploads\/2023\/12\/IMG_0075.png\",\"width\":2160,\"height\":1614},{\"@type\":\"BreadcrumbList\",\"@id\":\"https:\/\/pistonaddict.com\/fi\/product\/ferrari-488-gtb\/#breadcrumb\",\"itemListElement\":[{\"@type\":\"ListItem\",\"position\":1,\"name\":\"Kotisivu\",\"item\":\"https:\/\/pistonaddict.com\/fi\/kotisivu-2\/\"},{\"@type\":\"ListItem\",\"position\":2,\"name\":\"Auctions\",\"item\":\"https:\/\/pistonaddict.com\/auctions-listing\/\"},{\"@type\":\"ListItem\",\"position\":3,\"name\":\"Ferrari 488 GTB\"}]},{\"@type\":\"WebSite\",\"@id\":\"https:\/\/pistonaddict.com\/fi\/#website\",\"url\":\"https:\/\/pistonaddict.com\/fi\/\",\"name\":\"Piston Addict\",\"description\":\"Only interesting vehicles\",\"publisher\":{\"@id\":\"https:\/\/pistonaddict.com\/fi\/#organization\"},\"potentialAction\":[{\"@type\":\"SearchAction\",\"target\":{\"@type\":\"EntryPoint\",\"urlTemplate\":\"https:\/\/pistonaddict.com\/fi\/?s={search_term_string}\"},\"query-input\":\"required name=search_term_string\"}],\"inLanguage\":\"fi\"},{\"@type\":\"Organization\",\"@id\":\"https:\/\/pistonaddict.com\/fi\/#organization\",\"name\":\"Piston Addict\",\"url\":\"https:\/\/pistonaddict.com\/fi\/\",\"logo\":{\"@type\":\"ImageObject\",\"inLanguage\":\"fi\",\"@id\":\"https:\/\/pistonaddict.com\/fi\/#\/schema\/logo\/image\/\",\"url\":\"https:\/\/pistonaddict.com\/wp-content\/uploads\/2022\/07\/logo-6.png\",\"contentUrl\":\"https:\/\/pistonaddict.com\/wp-content\/uploads\/2022\/07\/logo-6.png\",\"width\":970,\"height\":200,\"caption\":\"Piston Addict\"},\"image\":{\"@id\":\"https:\/\/pistonaddict.com\/fi\/#\/schema\/logo\/image\/\"}}]}<\/script>\n<!-- \/ Yoast SEO plugin. -->","yoast_head_json":{"title":"huutokauppa - Piston Addict","robots":{"index":"index","follow":"follow","max-snippet":"max-snippet:-1","max-image-preview":"max-image-preview:large","max-video-preview":"max-video-preview:-1"},"canonical":"https:\/\/pistonaddict.com\/fi\/product\/ferrari-488-gtb\/","og_locale":"fi_FI","og_type":"article","og_title":"huutokauppa - Piston Addict","og_description":"Jos Ferrari 458 Italia oli t\u00e4ydellisyytt\u00e4 luonnollisesti puhaltava malli, sen seuraaja 488 Italia oli turboahdettu mestariteos. 458 Italia asetti eritt\u00e4in korkeat standardit keskimoottoristen urheiluautojen luokalle, mutta Ferrari onnistui ylitt\u00e4m\u00e4\u00e4n odotukset 488 GTB:ll\u00e4. Uskomattoman voimakas, aggressiivinen ja nopea 488 GTB on todellinen tuntijan urheiluauto, joka viihtyy yht\u00e4 hyvin Autobahnilla kuin radallakin. Myynniss\u00e4 oleva esimerkki on yksi parhaista saatavilla olevista.","og_url":"https:\/\/pistonaddict.com\/fi\/product\/ferrari-488-gtb\/","og_site_name":"Piston Addict","article_modified_time":"2023-12-20T10:45:36+00:00","og_image":[{"width":1024,"height":765,"url":"https:\/\/pistonaddict.com\/wp-content\/uploads\/2023\/12\/IMG_0075-1024x765.png","type":"image\/png"}],"twitter_card":"summary_large_image","twitter_misc":{"Arvioitu lukuaika":"2 minutes"},"schema":{"@context":"https:\/\/schema.org","@graph":[{"@type":"WebPage","@id":"https:\/\/pistonaddict.com\/fi\/product\/ferrari-488-gtb\/","url":"https:\/\/pistonaddict.com\/fi\/product\/ferrari-488-gtb\/","name":"huutokauppa - Piston Addict","isPartOf":{"@id":"https:\/\/pistonaddict.com\/fi\/#website"},"primaryImageOfPage":{"@id":"https:\/\/pistonaddict.com\/fi\/product\/ferrari-488-gtb\/#primaryimage"},"image":{"@id":"https:\/\/pistonaddict.com\/fi\/product\/ferrari-488-gtb\/#primaryimage"},"thumbnailUrl":"https:\/\/pistonaddict.com\/wp-content\/uploads\/2023\/12\/IMG_0075.png","datePublished":"2023-12-01T09:53:23+00:00","dateModified":"2023-12-20T10:45:36+00:00","breadcrumb":{"@id":"https:\/\/pistonaddict.com\/fi\/product\/ferrari-488-gtb\/#breadcrumb"},"inLanguage":"fi","potentialAction":[{"@type":"ReadAction","target":["https:\/\/pistonaddict.com\/fi\/product\/ferrari-488-gtb\/"]}]},{"@type":"ImageObject","inLanguage":"fi","@id":"https:\/\/pistonaddict.com\/fi\/product\/ferrari-488-gtb\/#primaryimage","url":"https:\/\/pistonaddict.com\/wp-content\/uploads\/2023\/12\/IMG_0075.png","contentUrl":"https:\/\/pistonaddict.com\/wp-content\/uploads\/2023\/12\/IMG_0075.png","width":2160,"height":1614},{"@type":"BreadcrumbList","@id":"https:\/\/pistonaddict.com\/fi\/product\/ferrari-488-gtb\/#breadcrumb","itemListElement":[{"@type":"ListItem","position":1,"name":"Kotisivu","item":"https:\/\/pistonaddict.com\/fi\/kotisivu-2\/"},{"@type":"ListItem","position":2,"name":"Auctions","item":"https:\/\/pistonaddict.com\/auctions-listing\/"},{"@type":"ListItem","position":3,"name":"Ferrari 488 GTB"}]},{"@type":"WebSite","@id":"https:\/\/pistonaddict.com\/fi\/#website","url":"https:\/\/pistonaddict.com\/fi\/","name":"Piston Addict","description":"Only interesting vehicles","publisher":{"@id":"https:\/\/pistonaddict.com\/fi\/#organization"},"potentialAction":[{"@type":"SearchAction","target":{"@type":"EntryPoint","urlTemplate":"https:\/\/pistonaddict.com\/fi\/?s={search_term_string}"},"query-input":"required name=search_term_string"}],"inLanguage":"fi"},{"@type":"Organization","@id":"https:\/\/pistonaddict.com\/fi\/#organization","name":"Piston Addict","url":"https:\/\/pistonaddict.com\/fi\/","logo":{"@type":"ImageObject","inLanguage":"fi","@id":"https:\/\/pistonaddict.com\/fi\/#\/schema\/logo\/image\/","url":"https:\/\/pistonaddict.com\/wp-content\/uploads\/2022\/07\/logo-6.png","contentUrl":"https:\/\/pistonaddict.com\/wp-content\/uploads\/2022\/07\/logo-6.png","width":970,"height":200,"caption":"Piston Addict"},"image":{"@id":"https:\/\/pistonaddict.com\/fi\/#\/schema\/logo\/image\/"}}]}},"_links":{"self":[{"href":"https:\/\/pistonaddict.com\/fi\/wp-json\/wp\/v2\/product\/76297"}],"collection":[{"href":"https:\/\/pistonaddict.com\/fi\/wp-json\/wp\/v2\/product"}],"about":[{"href":"https:\/\/pistonaddict.com\/fi\/wp-json\/wp\/v2\/types\/product"}],"replies":[{"embeddable":true,"href":"https:\/\/pistonaddict.com\/fi\/wp-json\/wp\/v2\/comments?post=76297"}],"wp:featuredmedia":[{"embeddable":true,"href":"https:\/\/pistonaddict.com\/fi\/wp-json\/wp\/v2\/media\/75672"}],"wp:attachment":[{"href":"https:\/\/pistonaddict.com\/fi\/wp-json\/wp\/v2\/media?parent=76297"}],"wp:term":[{"taxonomy":"product_cat","embeddable":true,"href":"https:\/\/pistonaddict.com\/fi\/wp-json\/wp\/v2\/product_cat?post=76297"},{"taxonomy":"product_tag","embeddable":true,"href":"https:\/\/pistonaddict.com\/fi\/wp-json\/wp\/v2\/product_tag?post=76297"}],"curies":[{"name":"wp","href":"https:\/\/api.w.org\/{rel}","templated":true}]}}