{"id":75653,"date":"2023-12-01T10:02:11","date_gmt":"2023-12-01T09:02:11","guid":{"rendered":"https:\/\/pistonaddict.com\/product\/ferrari-458-italia\/"},"modified":"2023-12-20T09:59:17","modified_gmt":"2023-12-20T08:59:17","slug":"ferrari-458-italia","status":"publish","type":"product","link":"https:\/\/pistonaddict.com\/fi\/product\/ferrari-458-italia\/","title":{"rendered":"Ferrari 458 Italia"},"content":{"rendered":"<p><strong>Auton historia<\/strong><\/p>\n<p>458 Italia esiteltiin vuonna 2009, ja se merkitsi uutta aikakautta t\u00e4lle legendaariselle merkille, sill\u00e4 se esitteli uuden muotoilukielen, 4,5-litraisen V8-moottorin, elektronisen tasauspy\u00f6r\u00e4st\u00f6n ja 7-vaihteisen kaksoiskytkin-automaatin ainoana moottorivaihtoehtona. Takapy\u00f6rille l\u00e4hetetyn 570 hv:n ja 9 000 kierroksen punaisen linjan ansiosta 458 Italia tarjosi l\u00e4hes Formula 1 -ajodynamiikkaa samalla \u00e4\u00e4nentoistolla ja j\u00e4nnityksell\u00e4. Lehtien testaajat julistivat 458:n heti alusta alkaen yhdeksi parhaista tarjolla olevista maantieajoon tarkoitetuista Ferrareista &#8211; t\u00e4m\u00e4 oli suuri kehu, mutta ei syytt\u00e4. Se on huikean nopea italialainen ori, jonka nopeus 0-100 km\/h on alle 4 sekuntia ja huippunopeus yli 320 km\/h. T\u00e4m\u00e4 Ferrari 458 valmistettiin vuonna 2011, ja nykyinen myyj\u00e4 hankki sen vuonna 2022. Eritt\u00e4in mielenkiintoinen joukko vaihtoehtoja, klassinen punamusta maalaus, alhainen ajokilometrien m\u00e4\u00e4r\u00e4 ja viimeaikainen huolto, se on valmis nauttimaan perusteellisesti uuden omistajan. T\u00e4m\u00e4n auton alkuper\u00e4inen omistaja keskittyi mukavuusvaihtoehtoihin, kuten mukautuvaan etuvaloj\u00e4rjestelm\u00e4\u00e4n, l\u00e4mmitettyihin istuimiin, PDC-j\u00e4rjestelm\u00e4\u00e4n, joka helpottaa liikkumista ja pys\u00e4k\u00f6inti\u00e4, s\u00e4hk\u00f6isesti s\u00e4\u00e4dett\u00e4v\u00e4\u00e4n ohjauspylv\u00e4\u00e4seen ja paljon muuta. Kaikki t\u00e4m\u00e4 tekee t\u00e4st\u00e4 458 Italiasta eritt\u00e4in hyvin varustellun ja k\u00e4ytt\u00e4j\u00e4yst\u00e4v\u00e4llisen esimerkin.<\/p>\n<p><strong>Sisustus<\/strong><\/p>\n<p>Koska t\u00e4t\u00e4 Ferraria pidettiin huolellisesti, musta nahkasisustus on eritt\u00e4in hyv\u00e4ss\u00e4 kunnossa ja siin\u00e4 on vain v\u00e4h\u00e4n k\u00e4yt\u00f6n j\u00e4lki\u00e4. Istuimet, joissa on punaiset tikkaukset, ovat ihanteellisessa kunnossa, ja alkuper\u00e4inen omistaja valinnut tyylikk\u00e4\u00e4n ilmeen, joka ei koskaan mene pois muodista. Muutoksia ei ole tehty, ja sis\u00e4tilat n\u00e4ytt\u00e4v\u00e4t aivan uusilta.<\/p>\n<p><strong>Kunto<\/strong><\/p>\n<p>Vain 25 500 kilometri\u00e4 ajettu Ferrari 458 Italia on moitteeton ja kaikki sen k\u00e4ytt\u00e4j\u00e4t ovat pit\u00e4neet siit\u00e4 huolellista huolta. Kaikki huoltotoimenpiteet on tehty ajallaan, viimeisin \u00f6ljynvaihto ja huolto tehtiin toukokuussa 2023 ja jarrut huollettiin vain muutama p\u00e4iv\u00e4 sitten marraskuun 2023 lopussa. Viel\u00e4 t\u00e4rke\u00e4mp\u00e4\u00e4 t\u00e4ss\u00e4 nimenomaisessa esimerkiss\u00e4 on kuitenkin se, ett\u00e4 kaikki 458 Italia -mallin tehtaan suorittamat takaisinkutsut ovat olleet virallisten j\u00e4lleenmyyjien suorittamia, ja ne on todistettu asiakirjoin. Auto toimitettiin alun perin Alankomaihin, ja valtuutettu Ferrari-j\u00e4lleenmyyj\u00e4 suoritti takaisinkutsuhuollon. Vuonna 2019 vaihdettiin matkustajan puoleinen turvatyyny, ja vuonna 2022 vaihdettiin jarrunestes\u00e4ili\u00f6n korkki. Tehdas on hyv\u00e4ksynyt ja dokumentoinut kaikki n\u00e4m\u00e4 takaisinkutsutoimenpiteet. Se osoittaa, ett\u00e4 kaikki omistajat ovat omistautuneita harrastajia. <strong>T\u00e4ll\u00e4 autolla on laajennettu Ferrari New Power -takuu seuraavaksi 12 kuukaudeksi<\/strong>.<\/p>\n<p><strong> <\/strong><strong>Ulkoasu ja py\u00f6r\u00e4t<\/strong><\/p>\n<p>Rosso Corsa on Ferrarin yleisin v\u00e4ri, mutta t\u00e4m\u00e4 legendaarinen s\u00e4vy sopii t\u00e4ydellisesti yhteen 458 Italian viettelevien linjojen kanssa. Alkuper\u00e4inen maali on ehj\u00e4, kolhuja ja naarmuja ei ole, ja auto on t\u00e4ysin edustuskelpoinen. 20-tuumaisilla tehtaan alkuper\u00e4isill\u00e4 vanteilla ja upouusilla Michelinin renkailla varustettu auto on valmis antamaan t\u00e4yden suorituskykyns\u00e4. Yksi huomionarvoisista lis\u00e4varusteista t\u00e4ss\u00e4 autossa on keraamiset jarrut, jotka takaavat uskomattoman jarrutustehon.<\/p>\n<p><strong>Dokumentaatio<\/strong><\/p>\n<p>T\u00e4m\u00e4n ajoneuvon myy ammattilainen, jolla on asianmukaiset asiakirjat, ja se sijaitsee Ranskassa. <a href=\"https:\/\/pistonaddict.com\/wp-content\/uploads\/2023\/12\/CarVertical458.pdf\" target=\"_blank\" rel=\"noopener\">CarVertical-raportti<\/a> on puhdas; ei todisteita onnettomuuksista, onnettomuuskorjauksista, omistusoikeudesta tai oikeudellisista ongelmista. S\u00e4\u00e4nn\u00f6llisest\u00e4 huollosta on tallenteet sek\u00e4 alkuper\u00e4iset tehtaan esitteet, myyntilaskut ja kuitit. Laajennettu tehdastakuu (Ferrari Power), joka koskee t\u00e4t\u00e4 mallia 12 kuukauden ajan, ja vaatimustenmukaisuustodistus (arvoltaan 2000 euroa) ovat lis\u00e4todiste siit\u00e4, ett\u00e4 kyseess\u00e4 on huippuluokan ker\u00e4ilyauto.<\/p>\n<p><strong>Katso kylm\u00e4k\u00e4ynnistysvideo t\u00e4st\u00e4 kauniista Ferrari 458 Italiasta :<\/strong><\/p>\n<p><iframe title=\"Cold Start Video of the Ferrari 458 Italia for auction sale\" width=\"1200\" height=\"675\" src=\"https:\/\/www.youtube.com\/embed\/BEdW3ySb03E?feature=oembed\" frameborder=\"0\" allow=\"accelerometer; autoplay; clipboard-write; encrypted-media; gyroscope; picture-in-picture; web-share\" allowfullscreen><\/iframe><\/p>\n","protected":false},"excerpt":{"rendered":"<p>Ferrari on aina ollut autojen tekniikan ja suorituskyvyn k\u00e4rjess\u00e4, ja se on ottanut turboahtimen vakiovarusteeksi kaikkiin malleihinsa hybridivoimansiirron ohella. Lyhyen hetken ajan Ferrari tuotti kuitenkin t\u00e4ysin modernin urheiluauton, jonka voimanl\u00e4hteen\u00e4 oli huutava imumoottori, jossa yhdistyiv\u00e4t t\u00e4ydellisesti nykyaikainen teknologia, korkea kierrosluku ja eritt\u00e4in voimakas moottori, joka antoi vanhan koulukunnan vieh\u00e4tt\u00e4v\u00e4n tunnelman. Kyll\u00e4, puhumme 458 Italiasta, ja olemme ylpeit\u00e4 voidessamme tarjota sinulle yhden markkinoiden parhaista esimerkeist\u00e4.<\/p>\n","protected":false},"featured_media":75539,"comment_status":"open","ping_status":"closed","template":"","meta":{"inline_featured_image":false},"product_cat":[745],"product_tag":[2615,2614,933,2611],"acf":[],"yoast_head":"<!-- This site is optimized with the Yoast SEO plugin v22.5 - https:\/\/yoast.com\/wordpress\/plugins\/seo\/ -->\n<title>huutokauppa - Piston Addict<\/title>\n<meta name=\"robots\" content=\"index, follow, max-snippet:-1, max-image-preview:large, max-video-preview:-1\" \/>\n<link rel=\"canonical\" href=\"https:\/\/pistonaddict.com\/fi\/product\/ferrari-458-italia\/\" \/>\n<meta property=\"og:locale\" content=\"fi_FI\" \/>\n<meta property=\"og:type\" content=\"article\" \/>\n<meta property=\"og:title\" content=\"huutokauppa - Piston Addict\" \/>\n<meta property=\"og:description\" content=\"Ferrari on aina ollut autojen tekniikan ja suorituskyvyn k\u00e4rjess\u00e4, ja se on ottanut turboahtimen vakiovarusteeksi kaikkiin malleihinsa hybridivoimansiirron ohella. Lyhyen hetken ajan Ferrari tuotti kuitenkin t\u00e4ysin modernin urheiluauton, jonka voimanl\u00e4hteen\u00e4 oli huutava imumoottori, jossa yhdistyiv\u00e4t t\u00e4ydellisesti nykyaikainen teknologia, korkea kierrosluku ja eritt\u00e4in voimakas moottori, joka antoi vanhan koulukunnan vieh\u00e4tt\u00e4v\u00e4n tunnelman. Kyll\u00e4, puhumme 458 Italiasta, ja olemme ylpeit\u00e4 voidessamme tarjota sinulle yhden markkinoiden parhaista esimerkeist\u00e4.\" \/>\n<meta property=\"og:url\" content=\"https:\/\/pistonaddict.com\/fi\/product\/ferrari-458-italia\/\" \/>\n<meta property=\"og:site_name\" content=\"Piston Addict\" \/>\n<meta property=\"article:modified_time\" content=\"2023-12-20T08:59:17+00:00\" \/>\n<meta property=\"og:image\" content=\"https:\/\/pistonaddict.com\/wp-content\/uploads\/2023\/12\/IMG_0124.jpeg\" \/>\n\t<meta property=\"og:image:width\" content=\"1885\" \/>\n\t<meta property=\"og:image:height\" content=\"1207\" \/>\n\t<meta property=\"og:image:type\" content=\"image\/jpeg\" \/>\n<meta name=\"twitter:card\" content=\"summary_large_image\" \/>\n<meta name=\"twitter:label1\" content=\"Arvioitu lukuaika\" \/>\n\t<meta name=\"twitter:data1\" content=\"3 minutes\" \/>\n<script type=\"application\/ld+json\" class=\"yoast-schema-graph\">{\"@context\":\"https:\/\/schema.org\",\"@graph\":[{\"@type\":\"WebPage\",\"@id\":\"https:\/\/pistonaddict.com\/fi\/product\/ferrari-458-italia\/\",\"url\":\"https:\/\/pistonaddict.com\/fi\/product\/ferrari-458-italia\/\",\"name\":\"huutokauppa - Piston Addict\",\"isPartOf\":{\"@id\":\"https:\/\/pistonaddict.com\/fi\/#website\"},\"primaryImageOfPage\":{\"@id\":\"https:\/\/pistonaddict.com\/fi\/product\/ferrari-458-italia\/#primaryimage\"},\"image\":{\"@id\":\"https:\/\/pistonaddict.com\/fi\/product\/ferrari-458-italia\/#primaryimage\"},\"thumbnailUrl\":\"https:\/\/pistonaddict.com\/wp-content\/uploads\/2023\/12\/IMG_0124.jpeg\",\"datePublished\":\"2023-12-01T09:02:11+00:00\",\"dateModified\":\"2023-12-20T08:59:17+00:00\",\"breadcrumb\":{\"@id\":\"https:\/\/pistonaddict.com\/fi\/product\/ferrari-458-italia\/#breadcrumb\"},\"inLanguage\":\"fi\",\"potentialAction\":[{\"@type\":\"ReadAction\",\"target\":[\"https:\/\/pistonaddict.com\/fi\/product\/ferrari-458-italia\/\"]}]},{\"@type\":\"ImageObject\",\"inLanguage\":\"fi\",\"@id\":\"https:\/\/pistonaddict.com\/fi\/product\/ferrari-458-italia\/#primaryimage\",\"url\":\"https:\/\/pistonaddict.com\/wp-content\/uploads\/2023\/12\/IMG_0124.jpeg\",\"contentUrl\":\"https:\/\/pistonaddict.com\/wp-content\/uploads\/2023\/12\/IMG_0124.jpeg\",\"width\":1885,\"height\":1207},{\"@type\":\"BreadcrumbList\",\"@id\":\"https:\/\/pistonaddict.com\/fi\/product\/ferrari-458-italia\/#breadcrumb\",\"itemListElement\":[{\"@type\":\"ListItem\",\"position\":1,\"name\":\"Kotisivu\",\"item\":\"https:\/\/pistonaddict.com\/fi\/kotisivu-2\/\"},{\"@type\":\"ListItem\",\"position\":2,\"name\":\"Auctions\",\"item\":\"https:\/\/pistonaddict.com\/auctions-listing\/\"},{\"@type\":\"ListItem\",\"position\":3,\"name\":\"Ferrari 458 Italia\"}]},{\"@type\":\"WebSite\",\"@id\":\"https:\/\/pistonaddict.com\/fi\/#website\",\"url\":\"https:\/\/pistonaddict.com\/fi\/\",\"name\":\"Piston Addict\",\"description\":\"Only interesting vehicles\",\"publisher\":{\"@id\":\"https:\/\/pistonaddict.com\/fi\/#organization\"},\"potentialAction\":[{\"@type\":\"SearchAction\",\"target\":{\"@type\":\"EntryPoint\",\"urlTemplate\":\"https:\/\/pistonaddict.com\/fi\/?s={search_term_string}\"},\"query-input\":\"required name=search_term_string\"}],\"inLanguage\":\"fi\"},{\"@type\":\"Organization\",\"@id\":\"https:\/\/pistonaddict.com\/fi\/#organization\",\"name\":\"Piston Addict\",\"url\":\"https:\/\/pistonaddict.com\/fi\/\",\"logo\":{\"@type\":\"ImageObject\",\"inLanguage\":\"fi\",\"@id\":\"https:\/\/pistonaddict.com\/fi\/#\/schema\/logo\/image\/\",\"url\":\"https:\/\/pistonaddict.com\/wp-content\/uploads\/2022\/07\/logo-6.png\",\"contentUrl\":\"https:\/\/pistonaddict.com\/wp-content\/uploads\/2022\/07\/logo-6.png\",\"width\":970,\"height\":200,\"caption\":\"Piston Addict\"},\"image\":{\"@id\":\"https:\/\/pistonaddict.com\/fi\/#\/schema\/logo\/image\/\"}}]}<\/script>\n<!-- \/ Yoast SEO plugin. -->","yoast_head_json":{"title":"huutokauppa - Piston Addict","robots":{"index":"index","follow":"follow","max-snippet":"max-snippet:-1","max-image-preview":"max-image-preview:large","max-video-preview":"max-video-preview:-1"},"canonical":"https:\/\/pistonaddict.com\/fi\/product\/ferrari-458-italia\/","og_locale":"fi_FI","og_type":"article","og_title":"huutokauppa - Piston Addict","og_description":"Ferrari on aina ollut autojen tekniikan ja suorituskyvyn k\u00e4rjess\u00e4, ja se on ottanut turboahtimen vakiovarusteeksi kaikkiin malleihinsa hybridivoimansiirron ohella. Lyhyen hetken ajan Ferrari tuotti kuitenkin t\u00e4ysin modernin urheiluauton, jonka voimanl\u00e4hteen\u00e4 oli huutava imumoottori, jossa yhdistyiv\u00e4t t\u00e4ydellisesti nykyaikainen teknologia, korkea kierrosluku ja eritt\u00e4in voimakas moottori, joka antoi vanhan koulukunnan vieh\u00e4tt\u00e4v\u00e4n tunnelman. Kyll\u00e4, puhumme 458 Italiasta, ja olemme ylpeit\u00e4 voidessamme tarjota sinulle yhden markkinoiden parhaista esimerkeist\u00e4.","og_url":"https:\/\/pistonaddict.com\/fi\/product\/ferrari-458-italia\/","og_site_name":"Piston Addict","article_modified_time":"2023-12-20T08:59:17+00:00","og_image":[{"width":1885,"height":1207,"url":"https:\/\/pistonaddict.com\/wp-content\/uploads\/2023\/12\/IMG_0124.jpeg","type":"image\/jpeg"}],"twitter_card":"summary_large_image","twitter_misc":{"Arvioitu lukuaika":"3 minutes"},"schema":{"@context":"https:\/\/schema.org","@graph":[{"@type":"WebPage","@id":"https:\/\/pistonaddict.com\/fi\/product\/ferrari-458-italia\/","url":"https:\/\/pistonaddict.com\/fi\/product\/ferrari-458-italia\/","name":"huutokauppa - Piston Addict","isPartOf":{"@id":"https:\/\/pistonaddict.com\/fi\/#website"},"primaryImageOfPage":{"@id":"https:\/\/pistonaddict.com\/fi\/product\/ferrari-458-italia\/#primaryimage"},"image":{"@id":"https:\/\/pistonaddict.com\/fi\/product\/ferrari-458-italia\/#primaryimage"},"thumbnailUrl":"https:\/\/pistonaddict.com\/wp-content\/uploads\/2023\/12\/IMG_0124.jpeg","datePublished":"2023-12-01T09:02:11+00:00","dateModified":"2023-12-20T08:59:17+00:00","breadcrumb":{"@id":"https:\/\/pistonaddict.com\/fi\/product\/ferrari-458-italia\/#breadcrumb"},"inLanguage":"fi","potentialAction":[{"@type":"ReadAction","target":["https:\/\/pistonaddict.com\/fi\/product\/ferrari-458-italia\/"]}]},{"@type":"ImageObject","inLanguage":"fi","@id":"https:\/\/pistonaddict.com\/fi\/product\/ferrari-458-italia\/#primaryimage","url":"https:\/\/pistonaddict.com\/wp-content\/uploads\/2023\/12\/IMG_0124.jpeg","contentUrl":"https:\/\/pistonaddict.com\/wp-content\/uploads\/2023\/12\/IMG_0124.jpeg","width":1885,"height":1207},{"@type":"BreadcrumbList","@id":"https:\/\/pistonaddict.com\/fi\/product\/ferrari-458-italia\/#breadcrumb","itemListElement":[{"@type":"ListItem","position":1,"name":"Kotisivu","item":"https:\/\/pistonaddict.com\/fi\/kotisivu-2\/"},{"@type":"ListItem","position":2,"name":"Auctions","item":"https:\/\/pistonaddict.com\/auctions-listing\/"},{"@type":"ListItem","position":3,"name":"Ferrari 458 Italia"}]},{"@type":"WebSite","@id":"https:\/\/pistonaddict.com\/fi\/#website","url":"https:\/\/pistonaddict.com\/fi\/","name":"Piston Addict","description":"Only interesting vehicles","publisher":{"@id":"https:\/\/pistonaddict.com\/fi\/#organization"},"potentialAction":[{"@type":"SearchAction","target":{"@type":"EntryPoint","urlTemplate":"https:\/\/pistonaddict.com\/fi\/?s={search_term_string}"},"query-input":"required name=search_term_string"}],"inLanguage":"fi"},{"@type":"Organization","@id":"https:\/\/pistonaddict.com\/fi\/#organization","name":"Piston Addict","url":"https:\/\/pistonaddict.com\/fi\/","logo":{"@type":"ImageObject","inLanguage":"fi","@id":"https:\/\/pistonaddict.com\/fi\/#\/schema\/logo\/image\/","url":"https:\/\/pistonaddict.com\/wp-content\/uploads\/2022\/07\/logo-6.png","contentUrl":"https:\/\/pistonaddict.com\/wp-content\/uploads\/2022\/07\/logo-6.png","width":970,"height":200,"caption":"Piston Addict"},"image":{"@id":"https:\/\/pistonaddict.com\/fi\/#\/schema\/logo\/image\/"}}]}},"_links":{"self":[{"href":"https:\/\/pistonaddict.com\/fi\/wp-json\/wp\/v2\/product\/75653"}],"collection":[{"href":"https:\/\/pistonaddict.com\/fi\/wp-json\/wp\/v2\/product"}],"about":[{"href":"https:\/\/pistonaddict.com\/fi\/wp-json\/wp\/v2\/types\/product"}],"replies":[{"embeddable":true,"href":"https:\/\/pistonaddict.com\/fi\/wp-json\/wp\/v2\/comments?post=75653"}],"wp:featuredmedia":[{"embeddable":true,"href":"https:\/\/pistonaddict.com\/fi\/wp-json\/wp\/v2\/media\/75539"}],"wp:attachment":[{"href":"https:\/\/pistonaddict.com\/fi\/wp-json\/wp\/v2\/media?parent=75653"}],"wp:term":[{"taxonomy":"product_cat","embeddable":true,"href":"https:\/\/pistonaddict.com\/fi\/wp-json\/wp\/v2\/product_cat?post=75653"},{"taxonomy":"product_tag","embeddable":true,"href":"https:\/\/pistonaddict.com\/fi\/wp-json\/wp\/v2\/product_tag?post=75653"}],"curies":[{"name":"wp","href":"https:\/\/api.w.org\/{rel}","templated":true}]}}