{"id":72240,"date":"2023-11-17T17:40:02","date_gmt":"2023-11-17T16:40:02","guid":{"rendered":"https:\/\/pistonaddict.com\/product\/land-rover-defender-p90e-electric\/"},"modified":"2024-03-19T16:59:35","modified_gmt":"2024-03-19T15:59:35","slug":"land-rover-defender-p90e-sahkoinen","status":"publish","type":"product","link":"https:\/\/pistonaddict.com\/fi\/product\/land-rover-defender-p90e-sahkoinen\/","title":{"rendered":"Land Rover Defender P90E Electric"},"content":{"rendered":"<p><strong>Auton historia<\/strong><\/p>\n<p>Land Rover Defender on maastoajoneuvojen maailmassa kiistaton ikoni. Todellinen autosankari ja malli, joka edelleen symboloi karuutta, luotettavuutta ja kaikkialle menev\u00e4\u00e4 asennetta. Siksi se on edelleen miljoonien maastoautofanien unelma-auto maailmanlaajuisesti. Klassiset mallit, niin siistej\u00e4 ja vieh\u00e4tt\u00e4vi\u00e4 kuin ne ovatkin, ovat kuitenkin vanhentuneita nykyp\u00e4iv\u00e4n liikenteess\u00e4 ja ymp\u00e4rist\u00f6st\u00e4 huolehtivassa maailmassa. Sveitsil\u00e4inen Revive-yritys on l\u00f6yt\u00e4nyt ratkaisun t\u00e4h\u00e4n ongelmaan ja muuttanut t\u00e4m\u00e4n esimerkin nykyaikaiseksi s\u00e4hk\u00f6k\u00e4ytt\u00f6iseksi, mik\u00e4 on muuttanut t\u00e4m\u00e4n klassikkoajoneuvon tunnelman t\u00e4ysin ja parantanut sen ominaisuuksia. T\u00e4m\u00e4 yksil\u00f6 valmistettiin vuonna 1999 haluttuna kolmiovisena, ja se toimitettiin uutena Sveitsiin. Myyj\u00e4 hankki sen vuonna 2021, ja Revive suoritti vuonna 2022 perusteellisen j\u00e4lkiasennusprosessin, jonka tuloksena syntyi Sveitsin ensimm\u00e4inen Defender EV -muunnos. Alkuper\u00e4inen dieselmoottori korvattiin Netgain Hyper 9 -s\u00e4hk\u00f6moottorilla, jonka teho on 66 kW (100 hv) ja johon liittyy 44 kWh:n akku. Mielenkiintoista on, ett\u00e4 s\u00e4hk\u00f6moottori on liitetty alkuper\u00e4iseen manuaalivaihteistoon ja 4&#215;4-ajoon. T\u00e4ss\u00e4 Defenderiss\u00e4 on ainutlaatuinen yhdistelm\u00e4 s\u00e4hk\u00f6voimaa ja stick shift -vaihteistoa, parannettu suorituskyky, suurempi v\u00e4\u00e4nt\u00f6momentti ja noin 120-130 kilometrin toimintas\u00e4de (jopa 80 mailia).<\/p>\n<p><strong>Sisustus<\/strong><\/p>\n<p>Keskin\u00e4ytt\u00f6\u00e4 lukuun ottamatta t\u00e4m\u00e4n ainutlaatuisen Land Rover Defenderin sis\u00e4tilat ovat aikakauden mukaiset ja erinomaisessa kunnossa. Istuimet on p\u00e4\u00e4llystetty kankaalla, ja takana on siistit rumble-istuimet. Kojelauta n\u00e4ytt\u00e4\u00e4 samalta kuin alkuper\u00e4inen. Siin\u00e4 on muutama lis\u00e4kytkin, p\u00e4ivitetty audioj\u00e4rjestelm\u00e4 ja polttoainemittari, joka on muunnettu n\u00e4ytt\u00e4m\u00e4\u00e4n akuissa olevan s\u00e4hk\u00f6n m\u00e4\u00e4r\u00e4\u00e4, mik\u00e4 on erinomainen yksityiskohta. Vaikka Defenderiss\u00e4 on nyt akkupaketti, se ei ole menett\u00e4nyt mit\u00e4\u00e4n k\u00e4yt\u00e4nn\u00f6llisyydest\u00e4\u00e4n tai sis\u00e4tilastaan.<\/p>\n<p><strong> <\/strong><strong>Kunto<\/strong><\/p>\n<p>T\u00e4m\u00e4 legendaarinen maastoauto on ajanut 187 654 kilometri\u00e4 uudesta ajoneuvosta siihen asti, kun Revive muutti sen. T\u00e4m\u00e4 tietty esimerkki on valittu sen kunnon, vaurioitumattomuuden tai ruostumattomuuden vuoksi, jotka ovat kaikki yleisi\u00e4 klassisia Defender-ongelmia. Defenderill\u00e4 on ajettu muuntamisen j\u00e4lkeen l\u00e4hes 10 000 kilometri\u00e4, ja se on valmis ajamaan viel\u00e4 paljon enemm\u00e4n, koska sen moottori on aivan uusi. T\u00e4ll\u00e4 hetkell\u00e4 matkamittarissa on hieman yli 197 500 kilometri\u00e4. Auton mukana toimitetaan kattava dokumentaatio sek\u00e4 Revive-yhti\u00f6n asiakirjat ja takuu. Ajoneuvo huollettiin perusteellisesti juuri ennen muuntoprosessia 2022, ja jarrut uusittiin vain muutama p\u00e4iv\u00e4 sitten marraskuussa 2023. On t\u00e4rke\u00e4\u00e4 sanoa, ett\u00e4 t\u00e4m\u00e4 Defender on l\u00e4p\u00e4issyt sveitsil\u00e4isen teknisen katsastuksen, se on rekister\u00f6ity ja sill\u00e4 on kolmen vuoden takuu Revivelt\u00e4, mik\u00e4 osoittaa, ett\u00e4 ajoneuvon yleiskunto on fantastinen ja ett\u00e4 se soveltuu ehdottomasti kaikkeen k\u00e4ytt\u00f6\u00f6n maastossa ja maastossa.<\/p>\n<p><strong> <\/strong><strong>Ulkoasu ja py\u00f6r\u00e4t<\/strong><\/p>\n<p>Ulkopuolelta t\u00e4m\u00e4 Defender EV n\u00e4ytt\u00e4\u00e4 samalta kuin mik\u00e4 tahansa muu saman vuosikerran Land Rover, ja ainoat asiat, jotka erottavat sen muista, ovat tarrat ja latausportti polttoaineen t\u00e4ytt\u00f6aukon sijasta. Alkuper\u00e4isill\u00e4 16-tuumaisilla vanteilla, jotka on p\u00e4\u00e4llystetty Nokianin maastorenkailla (vuodelta 2021), se pystyy liikkumaan miss\u00e4 tahansa maastossa. Autossa ei ole kolhuja, naarmuja tai ruostetta, ja harmaa maali on alkuper\u00e4inen.<\/p>\n<p><strong> <\/strong><strong>Dokumentaatio<\/strong><\/p>\n<p>Omistaja myy t\u00e4m\u00e4n ajoneuvon asianmukaiset asiakirjat, ja sijaitsee Sveitsiss\u00e4. <a href=\"https:\/\/pistonaddict.com\/wp-content\/uploads\/2023\/11\/CarVertical.pdf\">Car Vertical<\/a> -raportti on puhdas; ei todisteita onnettomuuksista, onnettomuuskorjauksista, omistuksesta tai oikeudellisista ongelmista. S\u00e4\u00e4nn\u00f6llisest\u00e4 huollosta on tiedot, alkuper\u00e4iset tehtaan esitteet, myyntikirjat ja kuitit.  <strong>Auton mukana toimitetaan Reviven asianmukaiset asiakirjat, kirjallinen kolmen vuoden takuu s\u00e4hk\u00f6moottorille ja akulle sek\u00e4 Sveitsin viranomaisten suorittama tekninen tarkastus. Auton mukana toimitetaan my\u00f6s kattava k\u00e4ytt\u00f6opas ja vakuutusasiakirjat.<\/strong>. Kaikki t\u00e4m\u00e4 tarkoittaa sit\u00e4, ett\u00e4 t\u00e4m\u00e4 Defender EV on t\u00e4ysin tieliikennelupa, valmis vientiin ja sit\u00e4 voi k\u00e4ytt\u00e4\u00e4 miss\u00e4 tahansa.<\/p>\n<p><strong>Katso kylm\u00e4k\u00e4ynnistysvideo t\u00e4st\u00e4 eritt\u00e4in mielenkiintoisesta Land Rover Defender t\u00e4yss\u00e4hk\u00f6isest\u00e4 :<\/strong><\/p>\n<p><iframe title=\"Cold Start Video of the Land Rover Defender full Electric for auction sale\" width=\"1200\" height=\"900\" src=\"https:\/\/www.youtube.com\/embed\/8ZfpIXIwhOI?feature=oembed\" frameborder=\"0\" allow=\"accelerometer; autoplay; clipboard-write; encrypted-media; gyroscope; picture-in-picture; web-share\" allowfullscreen><\/iframe><\/p>\n<p><strong> <\/strong><\/p>\n","protected":false},"excerpt":{"rendered":"<p>Yksi s\u00e4hk\u00f6autojen vallankumouksen j\u00e4nnitt\u00e4vimmist\u00e4 puolista on se, ett\u00e4 voimme keksi\u00e4 klassisia autoja uudelleen ja antaa niille uuden el\u00e4m\u00e4n. Klassisen ajoneuvon j\u00e4lkiasennus ultramodernilla s\u00e4hk\u00f6isell\u00e4 voimansiirrolla on askel restaurointia pidemm\u00e4lle ja ainutlaatuinen tapa yhdist\u00e4\u00e4 tunnistettava muoto 21. vuosisadan teknologiaan. T\u00e4n\u00e4\u00e4n esittelemme ylpe\u00e4n\u00e4 t\u00e4llaisen auton &#8211; Land Rover Defender EV:n, joka on ensimm\u00e4inen sveitsil\u00e4isen Revive-yhti\u00f6n s\u00e4hk\u00f6autoksi muuntama klassinen Defender.<\/p>\n","protected":false},"featured_media":71385,"comment_status":"open","ping_status":"closed","template":"","meta":{"inline_featured_image":false},"product_cat":[745],"product_tag":[2576,2488,2483,2492],"acf":[],"yoast_head":"<!-- This site is optimized with the Yoast SEO plugin v22.5 - https:\/\/yoast.com\/wordpress\/plugins\/seo\/ -->\n<title>huutokauppa - Piston Addict<\/title>\n<meta name=\"robots\" content=\"index, follow, max-snippet:-1, max-image-preview:large, max-video-preview:-1\" \/>\n<link rel=\"canonical\" href=\"https:\/\/pistonaddict.com\/fi\/product\/land-rover-defender-p90e-sahkoinen\/\" \/>\n<meta property=\"og:locale\" content=\"fi_FI\" \/>\n<meta property=\"og:type\" content=\"article\" \/>\n<meta property=\"og:title\" content=\"huutokauppa - Piston Addict\" \/>\n<meta property=\"og:description\" content=\"Yksi s\u00e4hk\u00f6autojen vallankumouksen j\u00e4nnitt\u00e4vimmist\u00e4 puolista on se, ett\u00e4 voimme keksi\u00e4 klassisia autoja uudelleen ja antaa niille uuden el\u00e4m\u00e4n. Klassisen ajoneuvon j\u00e4lkiasennus ultramodernilla s\u00e4hk\u00f6isell\u00e4 voimansiirrolla on askel restaurointia pidemm\u00e4lle ja ainutlaatuinen tapa yhdist\u00e4\u00e4 tunnistettava muoto 21. vuosisadan teknologiaan. T\u00e4n\u00e4\u00e4n esittelemme ylpe\u00e4n\u00e4 t\u00e4llaisen auton - Land Rover Defender EV:n, joka on ensimm\u00e4inen sveitsil\u00e4isen Revive-yhti\u00f6n s\u00e4hk\u00f6autoksi muuntama klassinen Defender.\" \/>\n<meta property=\"og:url\" content=\"https:\/\/pistonaddict.com\/fi\/product\/land-rover-defender-p90e-sahkoinen\/\" \/>\n<meta property=\"og:site_name\" content=\"Piston Addict\" \/>\n<meta property=\"article:modified_time\" content=\"2024-03-19T15:59:35+00:00\" \/>\n<meta property=\"og:image\" content=\"https:\/\/pistonaddict.com\/wp-content\/uploads\/2023\/11\/def-05.jpg\" \/>\n\t<meta property=\"og:image:width\" content=\"2560\" \/>\n\t<meta property=\"og:image:height\" content=\"1440\" \/>\n\t<meta property=\"og:image:type\" content=\"image\/jpeg\" \/>\n<meta name=\"twitter:card\" content=\"summary_large_image\" \/>\n<meta name=\"twitter:label1\" content=\"Arvioitu lukuaika\" \/>\n\t<meta name=\"twitter:data1\" content=\"3 minutes\" \/>\n<script type=\"application\/ld+json\" class=\"yoast-schema-graph\">{\"@context\":\"https:\/\/schema.org\",\"@graph\":[{\"@type\":\"WebPage\",\"@id\":\"https:\/\/pistonaddict.com\/fi\/product\/land-rover-defender-p90e-sahkoinen\/\",\"url\":\"https:\/\/pistonaddict.com\/fi\/product\/land-rover-defender-p90e-sahkoinen\/\",\"name\":\"huutokauppa - Piston Addict\",\"isPartOf\":{\"@id\":\"https:\/\/pistonaddict.com\/fi\/#website\"},\"primaryImageOfPage\":{\"@id\":\"https:\/\/pistonaddict.com\/fi\/product\/land-rover-defender-p90e-sahkoinen\/#primaryimage\"},\"image\":{\"@id\":\"https:\/\/pistonaddict.com\/fi\/product\/land-rover-defender-p90e-sahkoinen\/#primaryimage\"},\"thumbnailUrl\":\"https:\/\/pistonaddict.com\/wp-content\/uploads\/2023\/11\/def-05.jpg\",\"datePublished\":\"2023-11-17T16:40:02+00:00\",\"dateModified\":\"2024-03-19T15:59:35+00:00\",\"breadcrumb\":{\"@id\":\"https:\/\/pistonaddict.com\/fi\/product\/land-rover-defender-p90e-sahkoinen\/#breadcrumb\"},\"inLanguage\":\"fi\",\"potentialAction\":[{\"@type\":\"ReadAction\",\"target\":[\"https:\/\/pistonaddict.com\/fi\/product\/land-rover-defender-p90e-sahkoinen\/\"]}]},{\"@type\":\"ImageObject\",\"inLanguage\":\"fi\",\"@id\":\"https:\/\/pistonaddict.com\/fi\/product\/land-rover-defender-p90e-sahkoinen\/#primaryimage\",\"url\":\"https:\/\/pistonaddict.com\/wp-content\/uploads\/2023\/11\/def-05.jpg\",\"contentUrl\":\"https:\/\/pistonaddict.com\/wp-content\/uploads\/2023\/11\/def-05.jpg\",\"width\":2560,\"height\":1440},{\"@type\":\"BreadcrumbList\",\"@id\":\"https:\/\/pistonaddict.com\/fi\/product\/land-rover-defender-p90e-sahkoinen\/#breadcrumb\",\"itemListElement\":[{\"@type\":\"ListItem\",\"position\":1,\"name\":\"Kotisivu\",\"item\":\"https:\/\/pistonaddict.com\/fi\/kotisivu-2\/\"},{\"@type\":\"ListItem\",\"position\":2,\"name\":\"Auctions\",\"item\":\"https:\/\/pistonaddict.com\/auctions-listing\/\"},{\"@type\":\"ListItem\",\"position\":3,\"name\":\"Land Rover Defender P90E Electric\"}]},{\"@type\":\"WebSite\",\"@id\":\"https:\/\/pistonaddict.com\/fi\/#website\",\"url\":\"https:\/\/pistonaddict.com\/fi\/\",\"name\":\"Piston Addict\",\"description\":\"Only interesting vehicles\",\"publisher\":{\"@id\":\"https:\/\/pistonaddict.com\/fi\/#organization\"},\"potentialAction\":[{\"@type\":\"SearchAction\",\"target\":{\"@type\":\"EntryPoint\",\"urlTemplate\":\"https:\/\/pistonaddict.com\/fi\/?s={search_term_string}\"},\"query-input\":\"required name=search_term_string\"}],\"inLanguage\":\"fi\"},{\"@type\":\"Organization\",\"@id\":\"https:\/\/pistonaddict.com\/fi\/#organization\",\"name\":\"Piston Addict\",\"url\":\"https:\/\/pistonaddict.com\/fi\/\",\"logo\":{\"@type\":\"ImageObject\",\"inLanguage\":\"fi\",\"@id\":\"https:\/\/pistonaddict.com\/fi\/#\/schema\/logo\/image\/\",\"url\":\"https:\/\/pistonaddict.com\/wp-content\/uploads\/2022\/07\/logo-6.png\",\"contentUrl\":\"https:\/\/pistonaddict.com\/wp-content\/uploads\/2022\/07\/logo-6.png\",\"width\":970,\"height\":200,\"caption\":\"Piston Addict\"},\"image\":{\"@id\":\"https:\/\/pistonaddict.com\/fi\/#\/schema\/logo\/image\/\"}}]}<\/script>\n<!-- \/ Yoast SEO plugin. -->","yoast_head_json":{"title":"huutokauppa - Piston Addict","robots":{"index":"index","follow":"follow","max-snippet":"max-snippet:-1","max-image-preview":"max-image-preview:large","max-video-preview":"max-video-preview:-1"},"canonical":"https:\/\/pistonaddict.com\/fi\/product\/land-rover-defender-p90e-sahkoinen\/","og_locale":"fi_FI","og_type":"article","og_title":"huutokauppa - Piston Addict","og_description":"Yksi s\u00e4hk\u00f6autojen vallankumouksen j\u00e4nnitt\u00e4vimmist\u00e4 puolista on se, ett\u00e4 voimme keksi\u00e4 klassisia autoja uudelleen ja antaa niille uuden el\u00e4m\u00e4n. Klassisen ajoneuvon j\u00e4lkiasennus ultramodernilla s\u00e4hk\u00f6isell\u00e4 voimansiirrolla on askel restaurointia pidemm\u00e4lle ja ainutlaatuinen tapa yhdist\u00e4\u00e4 tunnistettava muoto 21. vuosisadan teknologiaan. T\u00e4n\u00e4\u00e4n esittelemme ylpe\u00e4n\u00e4 t\u00e4llaisen auton - Land Rover Defender EV:n, joka on ensimm\u00e4inen sveitsil\u00e4isen Revive-yhti\u00f6n s\u00e4hk\u00f6autoksi muuntama klassinen Defender.","og_url":"https:\/\/pistonaddict.com\/fi\/product\/land-rover-defender-p90e-sahkoinen\/","og_site_name":"Piston Addict","article_modified_time":"2024-03-19T15:59:35+00:00","og_image":[{"width":2560,"height":1440,"url":"https:\/\/pistonaddict.com\/wp-content\/uploads\/2023\/11\/def-05.jpg","type":"image\/jpeg"}],"twitter_card":"summary_large_image","twitter_misc":{"Arvioitu lukuaika":"3 minutes"},"schema":{"@context":"https:\/\/schema.org","@graph":[{"@type":"WebPage","@id":"https:\/\/pistonaddict.com\/fi\/product\/land-rover-defender-p90e-sahkoinen\/","url":"https:\/\/pistonaddict.com\/fi\/product\/land-rover-defender-p90e-sahkoinen\/","name":"huutokauppa - Piston Addict","isPartOf":{"@id":"https:\/\/pistonaddict.com\/fi\/#website"},"primaryImageOfPage":{"@id":"https:\/\/pistonaddict.com\/fi\/product\/land-rover-defender-p90e-sahkoinen\/#primaryimage"},"image":{"@id":"https:\/\/pistonaddict.com\/fi\/product\/land-rover-defender-p90e-sahkoinen\/#primaryimage"},"thumbnailUrl":"https:\/\/pistonaddict.com\/wp-content\/uploads\/2023\/11\/def-05.jpg","datePublished":"2023-11-17T16:40:02+00:00","dateModified":"2024-03-19T15:59:35+00:00","breadcrumb":{"@id":"https:\/\/pistonaddict.com\/fi\/product\/land-rover-defender-p90e-sahkoinen\/#breadcrumb"},"inLanguage":"fi","potentialAction":[{"@type":"ReadAction","target":["https:\/\/pistonaddict.com\/fi\/product\/land-rover-defender-p90e-sahkoinen\/"]}]},{"@type":"ImageObject","inLanguage":"fi","@id":"https:\/\/pistonaddict.com\/fi\/product\/land-rover-defender-p90e-sahkoinen\/#primaryimage","url":"https:\/\/pistonaddict.com\/wp-content\/uploads\/2023\/11\/def-05.jpg","contentUrl":"https:\/\/pistonaddict.com\/wp-content\/uploads\/2023\/11\/def-05.jpg","width":2560,"height":1440},{"@type":"BreadcrumbList","@id":"https:\/\/pistonaddict.com\/fi\/product\/land-rover-defender-p90e-sahkoinen\/#breadcrumb","itemListElement":[{"@type":"ListItem","position":1,"name":"Kotisivu","item":"https:\/\/pistonaddict.com\/fi\/kotisivu-2\/"},{"@type":"ListItem","position":2,"name":"Auctions","item":"https:\/\/pistonaddict.com\/auctions-listing\/"},{"@type":"ListItem","position":3,"name":"Land Rover Defender P90E Electric"}]},{"@type":"WebSite","@id":"https:\/\/pistonaddict.com\/fi\/#website","url":"https:\/\/pistonaddict.com\/fi\/","name":"Piston Addict","description":"Only interesting vehicles","publisher":{"@id":"https:\/\/pistonaddict.com\/fi\/#organization"},"potentialAction":[{"@type":"SearchAction","target":{"@type":"EntryPoint","urlTemplate":"https:\/\/pistonaddict.com\/fi\/?s={search_term_string}"},"query-input":"required name=search_term_string"}],"inLanguage":"fi"},{"@type":"Organization","@id":"https:\/\/pistonaddict.com\/fi\/#organization","name":"Piston Addict","url":"https:\/\/pistonaddict.com\/fi\/","logo":{"@type":"ImageObject","inLanguage":"fi","@id":"https:\/\/pistonaddict.com\/fi\/#\/schema\/logo\/image\/","url":"https:\/\/pistonaddict.com\/wp-content\/uploads\/2022\/07\/logo-6.png","contentUrl":"https:\/\/pistonaddict.com\/wp-content\/uploads\/2022\/07\/logo-6.png","width":970,"height":200,"caption":"Piston Addict"},"image":{"@id":"https:\/\/pistonaddict.com\/fi\/#\/schema\/logo\/image\/"}}]}},"_links":{"self":[{"href":"https:\/\/pistonaddict.com\/fi\/wp-json\/wp\/v2\/product\/72240"}],"collection":[{"href":"https:\/\/pistonaddict.com\/fi\/wp-json\/wp\/v2\/product"}],"about":[{"href":"https:\/\/pistonaddict.com\/fi\/wp-json\/wp\/v2\/types\/product"}],"replies":[{"embeddable":true,"href":"https:\/\/pistonaddict.com\/fi\/wp-json\/wp\/v2\/comments?post=72240"}],"wp:featuredmedia":[{"embeddable":true,"href":"https:\/\/pistonaddict.com\/fi\/wp-json\/wp\/v2\/media\/71385"}],"wp:attachment":[{"href":"https:\/\/pistonaddict.com\/fi\/wp-json\/wp\/v2\/media?parent=72240"}],"wp:term":[{"taxonomy":"product_cat","embeddable":true,"href":"https:\/\/pistonaddict.com\/fi\/wp-json\/wp\/v2\/product_cat?post=72240"},{"taxonomy":"product_tag","embeddable":true,"href":"https:\/\/pistonaddict.com\/fi\/wp-json\/wp\/v2\/product_tag?post=72240"}],"curies":[{"name":"wp","href":"https:\/\/api.w.org\/{rel}","templated":true}]}}