{"id":69410,"date":"2023-11-09T17:05:55","date_gmt":"2023-11-09T16:05:55","guid":{"rendered":"https:\/\/pistonaddict.com\/product\/mini-rover-1-3-mpi-silverstone\/"},"modified":"2023-12-20T09:54:03","modified_gmt":"2023-12-20T08:54:03","slug":"mini-rover-1-3-mpi-hopeakivi","status":"publish","type":"product","link":"https:\/\/pistonaddict.com\/fi\/product\/mini-rover-1-3-mpi-hopeakivi\/","title":{"rendered":"Mini Rover 1.3 Silverstone"},"content":{"rendered":"<h2>Ulkoasu<\/h2>\n<p>Ulkopuolella t\u00e4m\u00e4n mustan 2-ovisen viistoper\u00e4n tuttua muotoa on maustettu yksityiskohdilla, kuten kromatulla s\u00e4leik\u00f6ll\u00e4, konepellin kilpauraidoilla ja valkoiseksi maalatulla katolla. Lis\u00e4ksi edess\u00e4 on pari sumuvaloja, jotka parantavat sek\u00e4 n\u00e4kyvyytt\u00e4 ett\u00e4 ulkon\u00e4k\u00f6\u00e4. T\u00e4h\u00e4n liittyy valkoiset k\u00e4\u00e4ntymisvalot ymp\u00e4riins\u00e4, mik\u00e4 on paljon parempi vaihtoehto kuin vanhanaikaiset keltaiset valot. Takana on keskell\u00e4 kromatulla k\u00e4rjell\u00e4 varustettu pakoputki.<\/p>\n<p>Lopuksi on viel\u00e4 mainittava py\u00f6r\u00e4koteloiden levennykset, jotka korostavat auton aggressiivista ulkon\u00e4k\u00f6\u00e4 entisest\u00e4\u00e4n. T\u00e4m\u00e4 muutos ei kuitenkaan ole vain n\u00e4yttely\u00e4 varten, sill\u00e4 se oli v\u00e4ltt\u00e4m\u00e4t\u00f6n, jotta leveille, urheilullisille vanteille olisi tarpeeksi tilaa. Renkaista puheen ollen on syyt\u00e4 mainita, ett\u00e4 t\u00e4m\u00e4n auton 13-tuumaiset vanteet eiv\u00e4t ole vakiovanteet. Mutta myyj\u00e4 sanoo, ett\u00e4 my\u00f6s n\u00e4m\u00e4 toimitetaan.<\/p>\n<h2>Sisustus<\/h2>\n<p>Kun olet istunut autoon, l\u00f6yd\u00e4t itsesi tyypillisen Mini-kulmikkaan kolmisokkelisen nahkaisen ohjauspy\u00f6r\u00e4n takaa. Sen takana on mittaristo, jonka nopeusmittari p\u00e4\u00e4ttyy 180 km\/h:iin ja jonka kierroslukumittari ulottuu 8 000 kierrokseen saakka. Odotetusti kojelauta &#8211; joka on valmistettu aidosta puusta &#8211; on niukasti varusteltu ja tarjoaa vain v\u00e4ltt\u00e4m\u00e4tt\u00f6mimm\u00e4t asiat. T\u00e4h\u00e4n kuuluvat valokatkaisimet, tuuletuss\u00e4\u00e4timet ja stereop\u00e4\u00e4yksikk\u00f6, joka t\u00e4ss\u00e4 tapauksessa on j\u00e4lkiasenteinen Sony-laite.<\/p>\n<p>Sis\u00e4tilojen muut osat viittaavat vahvasti auton urheilulliseen luonteeseen, ja etuistuimet ovat kaikkein vakuuttavimmat. Mustan nahan ja harmaan kankaan yhdistelm\u00e4\u00e4n pukeutuneena ne tarjoavat riitt\u00e4v\u00e4sti tukea, kun Mini on parhaimmillaan tiukoissa mutkissa. Takaistuimet ja sivupaneeli on verhoiltu samalla tyylill\u00e4, ja punainen lattiamatto viimeistelee silmiinpist\u00e4v\u00e4n ulkon\u00e4\u00f6n. Lopuksi myyj\u00e4 vaihtaa kattopellin ennen auton luovutusta, koska alkuper\u00e4inen on vaurioitunut juuri aurinkosuojien yl\u00e4puolella (katso kuva).<\/p>\n<h2>Mekaniikka<\/h2>\n<p>T\u00e4ss\u00e4 Mini Cooperissa on 1.3 4-sylinterinen moottori, joka py\u00f6ritt\u00e4\u00e4 etupy\u00f6ri\u00e4 4-vaihteisen manuaalivaihteiston kautta. Vaikka moottorin peruskokoonpano on per\u00e4isin 60-luvulta, t\u00e4ss\u00e4 mallissa on Roverin elektroninen polttoaineen ruiskutus, joka tekee autosta luotettavamman ja miellytt\u00e4v\u00e4mm\u00e4n ajaa.<\/p>\n<p>Mini Cooperin teho on vain 63 hevosvoimaa, mik\u00e4 ei ehk\u00e4 tunnu paljolta. Sen on kuitenkin kestett\u00e4v\u00e4 vain 685 kiloa, niin paljon t\u00e4m\u00e4 auto painaa. Kaiken kaikkiaan, vaikka Mini ei todenn\u00e4k\u00f6isesti olekaan hurjan nopea suoralla, se on uskomattoman hauska mutkissa. Se on yksi niist\u00e4 asioista, jotka tekiv\u00e4t siit\u00e4 alun perin niin erityisen ja kuuluisan.<\/p>\n<h2>Ajoneuvon historia<\/h2>\n<p>Lopuksi muutama sana Minin nykykunnosta, jota myyj\u00e4 kuvailee eritt\u00e4in hyv\u00e4ksi. Auto huollettiin viimeksi kes\u00e4kuussa 2023, jolloin tehtiin m\u00e4\u00e4r\u00e4aikaishuolto ja asennettiin uudet jarrut. Lis\u00e4ksi koko pakoputki katalysaattori mukaan lukien on uusi. Kuvien perusteella auto n\u00e4ytt\u00e4\u00e4 uudenveroiselta sek\u00e4 ulko- ett\u00e4 sis\u00e4puolelta. Lis\u00e4ksi ammattitaitoinen myyj\u00e4, joka on auton viides omistaja, sanoo, ett\u00e4 autossa ei ole koskaan ollut onnettomuutta, mink\u00e4 voi lis\u00e4ksi vahvistaa vastaavalla <a href=\"https:\/\/pistonaddict.com\/wp-content\/uploads\/2023\/11\/CARFAX-Vehicle-History-Report-ROVER-MINI.pdf\">CARFAX<\/a> Vehicle History Report -raportilla. Viimeinen tekninen tarkastus on suoritettu ja hyv\u00e4ksytty 6. lokakuuta 2023.<\/p>\n<p><strong><br \/>\nKatso kylm\u00e4k\u00e4ynnistysvideo t\u00e4st\u00e4 s\u00f6p\u00f6st\u00e4 Mini Rover Silverstonesta :<\/strong><\/p>\n<p><iframe title=\"Cold Start Video of the Austin Mini Silverstone for auction sale\" width=\"1200\" height=\"675\" src=\"https:\/\/www.youtube.com\/embed\/NW_53HH3Wg4?feature=oembed\" frameborder=\"0\" allow=\"accelerometer; autoplay; clipboard-write; encrypted-media; gyroscope; picture-in-picture; web-share\" allowfullscreen><\/iframe><\/p>\n","protected":false},"excerpt":{"rendered":"<p>Jos etsit pient\u00e4, k\u00e4yt\u00e4nn\u00f6llist\u00e4 ja ketter\u00e4\u00e4 klassikkoautoa, alkuper\u00e4isen Minin on oltava listasi k\u00e4rjess\u00e4. Koko pitk\u00e4n tuotantokautensa ajan t\u00e4st\u00e4 auto-ikonista oli saatavana useita eri versioita, joista urheilullinen Cooper oli luultavasti halutuin. T\u00e4ss\u00e4 autossa yhdistyv\u00e4t alkuper\u00e4isen Minin luonne, hienot visuaaliset yksityiskohdat ja j\u00e4nnitt\u00e4v\u00e4 ajokokemus. Ja t\u00e4\u00e4ll\u00e4 on myynniss\u00e4 vuoden 1993 Mini Cooper, joka on erinomaisessa kunnossa ja jolla on ajettu t\u00e4h\u00e4n menness\u00e4 74 000 kilometri\u00e4. Lis\u00e4ksi se, ett\u00e4 se on yksi vain 400:sta valmistetusta Silverstone-esimerkist\u00e4, antaa sille yksinoikeuden. Katsotaanpa tarkemmin, mit\u00e4 sill\u00e4 on tarjottavanaan.<\/p>\n","protected":false},"featured_media":67408,"comment_status":"open","ping_status":"closed","template":"","meta":{"inline_featured_image":false},"product_cat":[745],"product_tag":[2434,986,2439],"acf":[],"yoast_head":"<!-- This site is optimized with the Yoast SEO plugin v22.5 - https:\/\/yoast.com\/wordpress\/plugins\/seo\/ -->\n<title>huutokauppa - Piston Addict<\/title>\n<meta name=\"robots\" content=\"index, follow, max-snippet:-1, max-image-preview:large, max-video-preview:-1\" \/>\n<link rel=\"canonical\" href=\"https:\/\/pistonaddict.com\/fi\/product\/mini-rover-1-3-mpi-hopeakivi\/\" \/>\n<meta property=\"og:locale\" content=\"fi_FI\" \/>\n<meta property=\"og:type\" content=\"article\" \/>\n<meta property=\"og:title\" content=\"huutokauppa - Piston Addict\" \/>\n<meta property=\"og:description\" content=\"Jos etsit pient\u00e4, k\u00e4yt\u00e4nn\u00f6llist\u00e4 ja ketter\u00e4\u00e4 klassikkoautoa, alkuper\u00e4isen Minin on oltava listasi k\u00e4rjess\u00e4. Koko pitk\u00e4n tuotantokautensa ajan t\u00e4st\u00e4 auto-ikonista oli saatavana useita eri versioita, joista urheilullinen Cooper oli luultavasti halutuin. T\u00e4ss\u00e4 autossa yhdistyv\u00e4t alkuper\u00e4isen Minin luonne, hienot visuaaliset yksityiskohdat ja j\u00e4nnitt\u00e4v\u00e4 ajokokemus. Ja t\u00e4\u00e4ll\u00e4 on myynniss\u00e4 vuoden 1993 Mini Cooper, joka on erinomaisessa kunnossa ja jolla on ajettu t\u00e4h\u00e4n menness\u00e4 74 000 kilometri\u00e4. Lis\u00e4ksi se, ett\u00e4 se on yksi vain 400:sta valmistetusta Silverstone-esimerkist\u00e4, antaa sille yksinoikeuden. Katsotaanpa tarkemmin, mit\u00e4 sill\u00e4 on tarjottavanaan.\" \/>\n<meta property=\"og:url\" content=\"https:\/\/pistonaddict.com\/fi\/product\/mini-rover-1-3-mpi-hopeakivi\/\" \/>\n<meta property=\"og:site_name\" content=\"Piston Addict\" \/>\n<meta property=\"article:modified_time\" content=\"2023-12-20T08:54:03+00:00\" \/>\n<meta property=\"og:image\" content=\"https:\/\/pistonaddict.com\/wp-content\/uploads\/2023\/11\/IMG_5534-scaled.jpeg\" \/>\n\t<meta property=\"og:image:width\" content=\"2560\" \/>\n\t<meta property=\"og:image:height\" content=\"1920\" \/>\n\t<meta property=\"og:image:type\" content=\"image\/jpeg\" \/>\n<meta name=\"twitter:card\" content=\"summary_large_image\" \/>\n<meta name=\"twitter:label1\" content=\"Arvioitu lukuaika\" \/>\n\t<meta name=\"twitter:data1\" content=\"2 minutes\" \/>\n<script type=\"application\/ld+json\" class=\"yoast-schema-graph\">{\"@context\":\"https:\/\/schema.org\",\"@graph\":[{\"@type\":\"WebPage\",\"@id\":\"https:\/\/pistonaddict.com\/fi\/product\/mini-rover-1-3-mpi-hopeakivi\/\",\"url\":\"https:\/\/pistonaddict.com\/fi\/product\/mini-rover-1-3-mpi-hopeakivi\/\",\"name\":\"huutokauppa - Piston Addict\",\"isPartOf\":{\"@id\":\"https:\/\/pistonaddict.com\/fi\/#website\"},\"primaryImageOfPage\":{\"@id\":\"https:\/\/pistonaddict.com\/fi\/product\/mini-rover-1-3-mpi-hopeakivi\/#primaryimage\"},\"image\":{\"@id\":\"https:\/\/pistonaddict.com\/fi\/product\/mini-rover-1-3-mpi-hopeakivi\/#primaryimage\"},\"thumbnailUrl\":\"https:\/\/pistonaddict.com\/wp-content\/uploads\/2023\/11\/IMG_5534-scaled.jpeg\",\"datePublished\":\"2023-11-09T16:05:55+00:00\",\"dateModified\":\"2023-12-20T08:54:03+00:00\",\"breadcrumb\":{\"@id\":\"https:\/\/pistonaddict.com\/fi\/product\/mini-rover-1-3-mpi-hopeakivi\/#breadcrumb\"},\"inLanguage\":\"fi\",\"potentialAction\":[{\"@type\":\"ReadAction\",\"target\":[\"https:\/\/pistonaddict.com\/fi\/product\/mini-rover-1-3-mpi-hopeakivi\/\"]}]},{\"@type\":\"ImageObject\",\"inLanguage\":\"fi\",\"@id\":\"https:\/\/pistonaddict.com\/fi\/product\/mini-rover-1-3-mpi-hopeakivi\/#primaryimage\",\"url\":\"https:\/\/pistonaddict.com\/wp-content\/uploads\/2023\/11\/IMG_5534-scaled.jpeg\",\"contentUrl\":\"https:\/\/pistonaddict.com\/wp-content\/uploads\/2023\/11\/IMG_5534-scaled.jpeg\",\"width\":2560,\"height\":1920},{\"@type\":\"BreadcrumbList\",\"@id\":\"https:\/\/pistonaddict.com\/fi\/product\/mini-rover-1-3-mpi-hopeakivi\/#breadcrumb\",\"itemListElement\":[{\"@type\":\"ListItem\",\"position\":1,\"name\":\"Kotisivu\",\"item\":\"https:\/\/pistonaddict.com\/fi\/kotisivu-2\/\"},{\"@type\":\"ListItem\",\"position\":2,\"name\":\"Auctions\",\"item\":\"https:\/\/pistonaddict.com\/auctions-listing\/\"},{\"@type\":\"ListItem\",\"position\":3,\"name\":\"Mini Rover 1.3 Silverstone\"}]},{\"@type\":\"WebSite\",\"@id\":\"https:\/\/pistonaddict.com\/fi\/#website\",\"url\":\"https:\/\/pistonaddict.com\/fi\/\",\"name\":\"Piston Addict\",\"description\":\"Only interesting vehicles\",\"publisher\":{\"@id\":\"https:\/\/pistonaddict.com\/fi\/#organization\"},\"potentialAction\":[{\"@type\":\"SearchAction\",\"target\":{\"@type\":\"EntryPoint\",\"urlTemplate\":\"https:\/\/pistonaddict.com\/fi\/?s={search_term_string}\"},\"query-input\":\"required name=search_term_string\"}],\"inLanguage\":\"fi\"},{\"@type\":\"Organization\",\"@id\":\"https:\/\/pistonaddict.com\/fi\/#organization\",\"name\":\"Piston Addict\",\"url\":\"https:\/\/pistonaddict.com\/fi\/\",\"logo\":{\"@type\":\"ImageObject\",\"inLanguage\":\"fi\",\"@id\":\"https:\/\/pistonaddict.com\/fi\/#\/schema\/logo\/image\/\",\"url\":\"https:\/\/pistonaddict.com\/wp-content\/uploads\/2022\/07\/logo-6.png\",\"contentUrl\":\"https:\/\/pistonaddict.com\/wp-content\/uploads\/2022\/07\/logo-6.png\",\"width\":970,\"height\":200,\"caption\":\"Piston Addict\"},\"image\":{\"@id\":\"https:\/\/pistonaddict.com\/fi\/#\/schema\/logo\/image\/\"}}]}<\/script>\n<!-- \/ Yoast SEO plugin. -->","yoast_head_json":{"title":"huutokauppa - Piston Addict","robots":{"index":"index","follow":"follow","max-snippet":"max-snippet:-1","max-image-preview":"max-image-preview:large","max-video-preview":"max-video-preview:-1"},"canonical":"https:\/\/pistonaddict.com\/fi\/product\/mini-rover-1-3-mpi-hopeakivi\/","og_locale":"fi_FI","og_type":"article","og_title":"huutokauppa - Piston Addict","og_description":"Jos etsit pient\u00e4, k\u00e4yt\u00e4nn\u00f6llist\u00e4 ja ketter\u00e4\u00e4 klassikkoautoa, alkuper\u00e4isen Minin on oltava listasi k\u00e4rjess\u00e4. Koko pitk\u00e4n tuotantokautensa ajan t\u00e4st\u00e4 auto-ikonista oli saatavana useita eri versioita, joista urheilullinen Cooper oli luultavasti halutuin. T\u00e4ss\u00e4 autossa yhdistyv\u00e4t alkuper\u00e4isen Minin luonne, hienot visuaaliset yksityiskohdat ja j\u00e4nnitt\u00e4v\u00e4 ajokokemus. Ja t\u00e4\u00e4ll\u00e4 on myynniss\u00e4 vuoden 1993 Mini Cooper, joka on erinomaisessa kunnossa ja jolla on ajettu t\u00e4h\u00e4n menness\u00e4 74 000 kilometri\u00e4. Lis\u00e4ksi se, ett\u00e4 se on yksi vain 400:sta valmistetusta Silverstone-esimerkist\u00e4, antaa sille yksinoikeuden. Katsotaanpa tarkemmin, mit\u00e4 sill\u00e4 on tarjottavanaan.","og_url":"https:\/\/pistonaddict.com\/fi\/product\/mini-rover-1-3-mpi-hopeakivi\/","og_site_name":"Piston Addict","article_modified_time":"2023-12-20T08:54:03+00:00","og_image":[{"width":2560,"height":1920,"url":"https:\/\/pistonaddict.com\/wp-content\/uploads\/2023\/11\/IMG_5534-scaled.jpeg","type":"image\/jpeg"}],"twitter_card":"summary_large_image","twitter_misc":{"Arvioitu lukuaika":"2 minutes"},"schema":{"@context":"https:\/\/schema.org","@graph":[{"@type":"WebPage","@id":"https:\/\/pistonaddict.com\/fi\/product\/mini-rover-1-3-mpi-hopeakivi\/","url":"https:\/\/pistonaddict.com\/fi\/product\/mini-rover-1-3-mpi-hopeakivi\/","name":"huutokauppa - Piston Addict","isPartOf":{"@id":"https:\/\/pistonaddict.com\/fi\/#website"},"primaryImageOfPage":{"@id":"https:\/\/pistonaddict.com\/fi\/product\/mini-rover-1-3-mpi-hopeakivi\/#primaryimage"},"image":{"@id":"https:\/\/pistonaddict.com\/fi\/product\/mini-rover-1-3-mpi-hopeakivi\/#primaryimage"},"thumbnailUrl":"https:\/\/pistonaddict.com\/wp-content\/uploads\/2023\/11\/IMG_5534-scaled.jpeg","datePublished":"2023-11-09T16:05:55+00:00","dateModified":"2023-12-20T08:54:03+00:00","breadcrumb":{"@id":"https:\/\/pistonaddict.com\/fi\/product\/mini-rover-1-3-mpi-hopeakivi\/#breadcrumb"},"inLanguage":"fi","potentialAction":[{"@type":"ReadAction","target":["https:\/\/pistonaddict.com\/fi\/product\/mini-rover-1-3-mpi-hopeakivi\/"]}]},{"@type":"ImageObject","inLanguage":"fi","@id":"https:\/\/pistonaddict.com\/fi\/product\/mini-rover-1-3-mpi-hopeakivi\/#primaryimage","url":"https:\/\/pistonaddict.com\/wp-content\/uploads\/2023\/11\/IMG_5534-scaled.jpeg","contentUrl":"https:\/\/pistonaddict.com\/wp-content\/uploads\/2023\/11\/IMG_5534-scaled.jpeg","width":2560,"height":1920},{"@type":"BreadcrumbList","@id":"https:\/\/pistonaddict.com\/fi\/product\/mini-rover-1-3-mpi-hopeakivi\/#breadcrumb","itemListElement":[{"@type":"ListItem","position":1,"name":"Kotisivu","item":"https:\/\/pistonaddict.com\/fi\/kotisivu-2\/"},{"@type":"ListItem","position":2,"name":"Auctions","item":"https:\/\/pistonaddict.com\/auctions-listing\/"},{"@type":"ListItem","position":3,"name":"Mini Rover 1.3 Silverstone"}]},{"@type":"WebSite","@id":"https:\/\/pistonaddict.com\/fi\/#website","url":"https:\/\/pistonaddict.com\/fi\/","name":"Piston Addict","description":"Only interesting vehicles","publisher":{"@id":"https:\/\/pistonaddict.com\/fi\/#organization"},"potentialAction":[{"@type":"SearchAction","target":{"@type":"EntryPoint","urlTemplate":"https:\/\/pistonaddict.com\/fi\/?s={search_term_string}"},"query-input":"required name=search_term_string"}],"inLanguage":"fi"},{"@type":"Organization","@id":"https:\/\/pistonaddict.com\/fi\/#organization","name":"Piston Addict","url":"https:\/\/pistonaddict.com\/fi\/","logo":{"@type":"ImageObject","inLanguage":"fi","@id":"https:\/\/pistonaddict.com\/fi\/#\/schema\/logo\/image\/","url":"https:\/\/pistonaddict.com\/wp-content\/uploads\/2022\/07\/logo-6.png","contentUrl":"https:\/\/pistonaddict.com\/wp-content\/uploads\/2022\/07\/logo-6.png","width":970,"height":200,"caption":"Piston Addict"},"image":{"@id":"https:\/\/pistonaddict.com\/fi\/#\/schema\/logo\/image\/"}}]}},"_links":{"self":[{"href":"https:\/\/pistonaddict.com\/fi\/wp-json\/wp\/v2\/product\/69410"}],"collection":[{"href":"https:\/\/pistonaddict.com\/fi\/wp-json\/wp\/v2\/product"}],"about":[{"href":"https:\/\/pistonaddict.com\/fi\/wp-json\/wp\/v2\/types\/product"}],"replies":[{"embeddable":true,"href":"https:\/\/pistonaddict.com\/fi\/wp-json\/wp\/v2\/comments?post=69410"}],"wp:featuredmedia":[{"embeddable":true,"href":"https:\/\/pistonaddict.com\/fi\/wp-json\/wp\/v2\/media\/67408"}],"wp:attachment":[{"href":"https:\/\/pistonaddict.com\/fi\/wp-json\/wp\/v2\/media?parent=69410"}],"wp:term":[{"taxonomy":"product_cat","embeddable":true,"href":"https:\/\/pistonaddict.com\/fi\/wp-json\/wp\/v2\/product_cat?post=69410"},{"taxonomy":"product_tag","embeddable":true,"href":"https:\/\/pistonaddict.com\/fi\/wp-json\/wp\/v2\/product_tag?post=69410"}],"curies":[{"name":"wp","href":"https:\/\/api.w.org\/{rel}","templated":true}]}}