{"id":67045,"date":"2023-11-07T14:48:12","date_gmt":"2023-11-07T13:48:12","guid":{"rendered":"https:\/\/pistonaddict.com\/product\/ferrari-348-tb\/"},"modified":"2024-03-20T09:39:18","modified_gmt":"2024-03-20T08:39:18","slug":"ferrari-348-tb","status":"publish","type":"product","link":"https:\/\/pistonaddict.com\/fi\/product\/ferrari-348-tb\/","title":{"rendered":"Ferrari 348 TB"},"content":{"rendered":"<p><strong>Auton historia<\/strong><\/p>\n<p>348 TB esiteltiin vuonna 1989, ja se oli suuri edistysaskel suorituskyvyss\u00e4 ja tekniikassa edelt\u00e4jiins\u00e4 verrattuna. Se oli my\u00f6s yksi &#8220;Enzo&#8221;-kauden viimeisist\u00e4 malleista, sill\u00e4 se hyv\u00e4ksyttiin tuotantoon juuri ennen legendaarisen Ferrari-pomon kuolemaa. Sen 3,4-litrainen V8-moottori tarjosi 300 hv:n tehon, joka tarjosi riemastuttavan suorituskyvyn. T\u00e4m\u00e4 auto toimitettiin uutena Sveitsiin vuonna 1991, ja nykyinen omistaja hankki sen vuonna 2023. <strong>T\u00e4m\u00e4n Ferrari 348 TB:n tekee kuitenkin niin mielenkiintoiseksi se, ett\u00e4 siihen on asennettu Challenge-sarja<\/strong>. 90-luvun alussa Ferrari aloitti kuuluisan 348 Challenge -kilpailusarjansa omistajille, jotka halusivat ajaa autoillaan kilpaa. Osallistuaksesi kilpailuun sinun oli joko ostettava 348 Challenge tehtaalta (niit\u00e4 valmistettiin noin 50 kappaletta) tai tilattava Challenge-sarja Ferrari-j\u00e4lleenmyyj\u00e4lt\u00e4si. <strong>Challenge-malliin kuului 320 hv:n moottori, paremmat jarrut, istuimet, pienempi akku, turvah\u00e4kki ja liukkaat renkaat<\/strong>. Ferrari-j\u00e4lleenmyyj\u00e4 muutti t\u00e4m\u00e4n yksil\u00f6n vuoden 1995 lopulla, mutta se ei koskaan kilpaillut, koska Ferrari Challenge -sarjassa siirryttiin Ferrari 355 -malliin kaudella 1996. Prosessi on t\u00e4ysin dokumentoitu laskujen ja kuittien avulla,<strong> joten t\u00e4m\u00e4 keltainen 348 on yksi noin 150:st\u00e4 autosta, jotka j\u00e4lleenmyyj\u00e4t ovat muuntaneet maailmanlaajuisesti, ja luultavasti ainoa, jolla ei ole kilpa-ajohistoriaa!<\/strong><\/p>\n<p><strong>Sisustus<\/strong><\/p>\n<p>Koska t\u00e4t\u00e4 Ferraria pidettiin huolellisesti, musta nahkasisustus on eritt\u00e4in hyv\u00e4ss\u00e4 kunnossa ja siin\u00e4 on vain v\u00e4h\u00e4n k\u00e4yt\u00f6n j\u00e4lki\u00e4. Edellinen omistaja poisti turvah\u00e4kin ja laittoi takaisin alkuper\u00e4iset istuimet, jolloin autoon on paljon helpompi p\u00e4\u00e4st\u00e4 sis\u00e4\u00e4n ja ulos. Kojelaudassa ei ole halkeamia, ja kaikki mittarit ja painikkeet toimivat. Muutoksia ei ole tehty lukuun ottamatta CD-soitinta, joka sopii t\u00e4ydellisesti t\u00e4m\u00e4n auton 90-luvun tunnelmaan.<\/p>\n<p><strong>Kunto<\/strong><\/p>\n<p>Vain 55.721 kilometri\u00e4 uudesta, t\u00e4m\u00e4 Ferrari 348 TB Challenge on moitteettomassa kunnossa ja huolellisesti hoidettu kaikki sen k\u00e4ytt\u00e4j\u00e4t. Ajoneuvoa oli ilmeisesti k\u00e4ytetty v\u00e4h\u00e4n ja se oli hyvin huollettu, kuten kirjanpidosta k\u00e4y ilmi. T\u00e4m\u00e4n auton mukana toimitettu huoltohistoriatiedosto on uskomaton, ja siin\u00e4 on alkuper\u00e4inen kauppakirja ja omistajat 90-luvulta. Viimeisin huolto tehtiin elokuussa 2023, ja jarrut huollettiin vain muutama p\u00e4iv\u00e4 sitten marraskuussa 2023. Myyj\u00e4n mukaan seuraava huolto olisi jakohihna, jonka heid\u00e4n mekaanikkonsa voivat suorittaa 3000 euron lis\u00e4kustannuksella. Autossa ei ole vuotoja, ja sen alla auto on yht\u00e4 puhdas kuin sis\u00e4tilat. Auto on valmis ajettavaksi minne tahansa, ja se on luultavasti yksi hienoimmista esimerkkeist\u00e4 kuljettajan laatuun sopivasta Ferrari 348 TB Challenge -autosta, jonka tulet kohtaamaan.<\/p>\n<p><strong>Ulkoasu ja py\u00f6r\u00e4t<\/strong><\/p>\n<p>Giallo keltainen maali on t\u00e4ydellisess\u00e4 kunnossa ilman naarmuja ja kolhuja. Maalin paksuusmittari osoittaa, ett\u00e4 v\u00e4ri on yhten\u00e4inen, mik\u00e4 tarkoittaa, ett\u00e4 vaurioita ei ole korjattu ja koria ei ole t\u00e4ytetty. Ainoa auton korissa n\u00e4kyv\u00e4 vaurio on kuljettajan ovien ymp\u00e4rill\u00e4 olevat s\u00e4\u00e4suojat, joissa on kulumisen merkkej\u00e4, mik\u00e4 on odotettavissa auton i\u00e4n huomioon ottaen. Ajanmukaiset 17-tuumaiset OZ-kevytmetallivanteet ovat Challenge-erikoisvarusteita, ja ne n\u00e4ytt\u00e4v\u00e4t hyv\u00e4lt\u00e4. Michelin Pilot Sport on vanhempi, mutta ei kulunut loppuun.<\/p>\n<p><strong> <\/strong><strong>Dokumentaatio<\/strong><\/p>\n<p>J\u00e4lleenmyyj\u00e4 myy t\u00e4m\u00e4n ajoneuvon asianmukaisin asiakirjoin, ja se sijaitsee Espanjassa. <a href=\"https:\/\/pistonaddict.com\/wp-content\/uploads\/2023\/11\/CARFAX-Vehicle-History-Report-FERRARI-348-tb.pdf\">CarFax-raportti<\/a> on puhdas; ei todisteita onnettomuuksista, onnettomuuskorjauksista, omistuksesta tai oikeudellisista ongelmista. S\u00e4\u00e4nn\u00f6llisest\u00e4 huollosta on tallenteet sek\u00e4 alkuper\u00e4iset tehtaan esitteet, myyntikirjat, kuitit ja teknisen tarkastuksen hyv\u00e4ksynt\u00e4 on voimassa elokuuhun 2024 asti. Asiakirjojen m\u00e4\u00e4r\u00e4 on yksinkertaisesti h\u00e4mm\u00e4stytt\u00e4v\u00e4, ja harvoin n\u00e4kee autoa, jossa on n\u00e4in paljon papereita, jotka osoittavat, ett\u00e4 siit\u00e4 on pidetty hyv\u00e4\u00e4 huolta.<\/p>\n<p><strong><br \/>\nKatso kylm\u00e4k\u00e4ynnistysvideo t\u00e4st\u00e4 kauniista Ferrari 348 TB:st\u00e4 :<\/strong><\/p>\n<p><iframe title=\"Cold Start Video of the Ferrari F348 TB for auction sale\" width=\"1200\" height=\"675\" src=\"https:\/\/www.youtube.com\/embed\/VcqnL6NA2Yk?feature=oembed\" frameborder=\"0\" allow=\"accelerometer; autoplay; clipboard-write; encrypted-media; gyroscope; picture-in-picture; web-share\" allowfullscreen><\/iframe><\/p>\n","protected":false},"excerpt":{"rendered":"<p>Ferrarilla ajaminen on aina mielenkiintoinen asia. 60-luvun autot ovat nyky\u00e4\u00e4n liian arvokkaita, jotta niit\u00e4 voitaisiin k\u00e4ytt\u00e4\u00e4 maanteill\u00e4, ja nykyinen autovalikoima on l\u00e4hes liian nopea nykyajan liikenteeseen. On kuitenkin viel\u00e4 malleja, jotka voivat tarjota sinulle kaiken sen j\u00e4nnityksen, jota italialaisen t\u00e4ysverisen urheiluauton omistaminen tarjoaa, sek\u00e4 V8-luonnonmoottorin jyrin\u00e4n ja vertaansa vailla olevan ajodynamiikan. Esittelemme ylpeydell\u00e4 yhden erityisen ajoneuvon ihanteellisessa kunnossa, jossa on j\u00e4nnitt\u00e4v\u00e4 moottoriurheiluyhteys ja mielett\u00f6m\u00e4t asiakirjat.<\/p>\n","protected":false},"featured_media":64583,"comment_status":"open","ping_status":"closed","template":"","meta":{"inline_featured_image":false},"product_cat":[745],"product_tag":[2373,2372,986],"acf":[],"yoast_head":"<!-- This site is optimized with the Yoast SEO plugin v22.5 - https:\/\/yoast.com\/wordpress\/plugins\/seo\/ -->\n<title>huutokauppa - Piston Addict<\/title>\n<meta name=\"robots\" content=\"index, follow, max-snippet:-1, max-image-preview:large, max-video-preview:-1\" \/>\n<link rel=\"canonical\" href=\"https:\/\/pistonaddict.com\/fi\/product\/ferrari-348-tb\/\" \/>\n<meta property=\"og:locale\" content=\"fi_FI\" \/>\n<meta property=\"og:type\" content=\"article\" \/>\n<meta property=\"og:title\" content=\"huutokauppa - Piston Addict\" \/>\n<meta property=\"og:description\" content=\"Ferrarilla ajaminen on aina mielenkiintoinen asia. 60-luvun autot ovat nyky\u00e4\u00e4n liian arvokkaita, jotta niit\u00e4 voitaisiin k\u00e4ytt\u00e4\u00e4 maanteill\u00e4, ja nykyinen autovalikoima on l\u00e4hes liian nopea nykyajan liikenteeseen. On kuitenkin viel\u00e4 malleja, jotka voivat tarjota sinulle kaiken sen j\u00e4nnityksen, jota italialaisen t\u00e4ysverisen urheiluauton omistaminen tarjoaa, sek\u00e4 V8-luonnonmoottorin jyrin\u00e4n ja vertaansa vailla olevan ajodynamiikan. Esittelemme ylpeydell\u00e4 yhden erityisen ajoneuvon ihanteellisessa kunnossa, jossa on j\u00e4nnitt\u00e4v\u00e4 moottoriurheiluyhteys ja mielett\u00f6m\u00e4t asiakirjat.\" \/>\n<meta property=\"og:url\" content=\"https:\/\/pistonaddict.com\/fi\/product\/ferrari-348-tb\/\" \/>\n<meta property=\"og:site_name\" content=\"Piston Addict\" \/>\n<meta property=\"article:modified_time\" content=\"2024-03-20T08:39:18+00:00\" \/>\n<meta property=\"og:image\" content=\"https:\/\/pistonaddict.com\/wp-content\/uploads\/2023\/11\/IMG7107-scaled.jpg\" \/>\n\t<meta property=\"og:image:width\" content=\"2560\" \/>\n\t<meta property=\"og:image:height\" content=\"1709\" \/>\n\t<meta property=\"og:image:type\" content=\"image\/jpeg\" \/>\n<meta name=\"twitter:card\" content=\"summary_large_image\" \/>\n<meta name=\"twitter:label1\" content=\"Arvioitu lukuaika\" \/>\n\t<meta name=\"twitter:data1\" content=\"3 minutes\" \/>\n<script type=\"application\/ld+json\" class=\"yoast-schema-graph\">{\"@context\":\"https:\/\/schema.org\",\"@graph\":[{\"@type\":\"WebPage\",\"@id\":\"https:\/\/pistonaddict.com\/fi\/product\/ferrari-348-tb\/\",\"url\":\"https:\/\/pistonaddict.com\/fi\/product\/ferrari-348-tb\/\",\"name\":\"huutokauppa - Piston Addict\",\"isPartOf\":{\"@id\":\"https:\/\/pistonaddict.com\/fi\/#website\"},\"primaryImageOfPage\":{\"@id\":\"https:\/\/pistonaddict.com\/fi\/product\/ferrari-348-tb\/#primaryimage\"},\"image\":{\"@id\":\"https:\/\/pistonaddict.com\/fi\/product\/ferrari-348-tb\/#primaryimage\"},\"thumbnailUrl\":\"https:\/\/pistonaddict.com\/wp-content\/uploads\/2023\/11\/IMG7107-scaled.jpg\",\"datePublished\":\"2023-11-07T13:48:12+00:00\",\"dateModified\":\"2024-03-20T08:39:18+00:00\",\"breadcrumb\":{\"@id\":\"https:\/\/pistonaddict.com\/fi\/product\/ferrari-348-tb\/#breadcrumb\"},\"inLanguage\":\"fi\",\"potentialAction\":[{\"@type\":\"ReadAction\",\"target\":[\"https:\/\/pistonaddict.com\/fi\/product\/ferrari-348-tb\/\"]}]},{\"@type\":\"ImageObject\",\"inLanguage\":\"fi\",\"@id\":\"https:\/\/pistonaddict.com\/fi\/product\/ferrari-348-tb\/#primaryimage\",\"url\":\"https:\/\/pistonaddict.com\/wp-content\/uploads\/2023\/11\/IMG7107-scaled.jpg\",\"contentUrl\":\"https:\/\/pistonaddict.com\/wp-content\/uploads\/2023\/11\/IMG7107-scaled.jpg\",\"width\":2560,\"height\":1709},{\"@type\":\"BreadcrumbList\",\"@id\":\"https:\/\/pistonaddict.com\/fi\/product\/ferrari-348-tb\/#breadcrumb\",\"itemListElement\":[{\"@type\":\"ListItem\",\"position\":1,\"name\":\"Kotisivu\",\"item\":\"https:\/\/pistonaddict.com\/fi\/kotisivu-2\/\"},{\"@type\":\"ListItem\",\"position\":2,\"name\":\"Auctions\",\"item\":\"https:\/\/pistonaddict.com\/auctions-listing\/\"},{\"@type\":\"ListItem\",\"position\":3,\"name\":\"Ferrari 348 TB\"}]},{\"@type\":\"WebSite\",\"@id\":\"https:\/\/pistonaddict.com\/fi\/#website\",\"url\":\"https:\/\/pistonaddict.com\/fi\/\",\"name\":\"Piston Addict\",\"description\":\"Only interesting vehicles\",\"publisher\":{\"@id\":\"https:\/\/pistonaddict.com\/fi\/#organization\"},\"potentialAction\":[{\"@type\":\"SearchAction\",\"target\":{\"@type\":\"EntryPoint\",\"urlTemplate\":\"https:\/\/pistonaddict.com\/fi\/?s={search_term_string}\"},\"query-input\":\"required name=search_term_string\"}],\"inLanguage\":\"fi\"},{\"@type\":\"Organization\",\"@id\":\"https:\/\/pistonaddict.com\/fi\/#organization\",\"name\":\"Piston Addict\",\"url\":\"https:\/\/pistonaddict.com\/fi\/\",\"logo\":{\"@type\":\"ImageObject\",\"inLanguage\":\"fi\",\"@id\":\"https:\/\/pistonaddict.com\/fi\/#\/schema\/logo\/image\/\",\"url\":\"https:\/\/pistonaddict.com\/wp-content\/uploads\/2022\/07\/logo-6.png\",\"contentUrl\":\"https:\/\/pistonaddict.com\/wp-content\/uploads\/2022\/07\/logo-6.png\",\"width\":970,\"height\":200,\"caption\":\"Piston Addict\"},\"image\":{\"@id\":\"https:\/\/pistonaddict.com\/fi\/#\/schema\/logo\/image\/\"}}]}<\/script>\n<!-- \/ Yoast SEO plugin. -->","yoast_head_json":{"title":"huutokauppa - Piston Addict","robots":{"index":"index","follow":"follow","max-snippet":"max-snippet:-1","max-image-preview":"max-image-preview:large","max-video-preview":"max-video-preview:-1"},"canonical":"https:\/\/pistonaddict.com\/fi\/product\/ferrari-348-tb\/","og_locale":"fi_FI","og_type":"article","og_title":"huutokauppa - Piston Addict","og_description":"Ferrarilla ajaminen on aina mielenkiintoinen asia. 60-luvun autot ovat nyky\u00e4\u00e4n liian arvokkaita, jotta niit\u00e4 voitaisiin k\u00e4ytt\u00e4\u00e4 maanteill\u00e4, ja nykyinen autovalikoima on l\u00e4hes liian nopea nykyajan liikenteeseen. On kuitenkin viel\u00e4 malleja, jotka voivat tarjota sinulle kaiken sen j\u00e4nnityksen, jota italialaisen t\u00e4ysverisen urheiluauton omistaminen tarjoaa, sek\u00e4 V8-luonnonmoottorin jyrin\u00e4n ja vertaansa vailla olevan ajodynamiikan. Esittelemme ylpeydell\u00e4 yhden erityisen ajoneuvon ihanteellisessa kunnossa, jossa on j\u00e4nnitt\u00e4v\u00e4 moottoriurheiluyhteys ja mielett\u00f6m\u00e4t asiakirjat.","og_url":"https:\/\/pistonaddict.com\/fi\/product\/ferrari-348-tb\/","og_site_name":"Piston Addict","article_modified_time":"2024-03-20T08:39:18+00:00","og_image":[{"width":2560,"height":1709,"url":"https:\/\/pistonaddict.com\/wp-content\/uploads\/2023\/11\/IMG7107-scaled.jpg","type":"image\/jpeg"}],"twitter_card":"summary_large_image","twitter_misc":{"Arvioitu lukuaika":"3 minutes"},"schema":{"@context":"https:\/\/schema.org","@graph":[{"@type":"WebPage","@id":"https:\/\/pistonaddict.com\/fi\/product\/ferrari-348-tb\/","url":"https:\/\/pistonaddict.com\/fi\/product\/ferrari-348-tb\/","name":"huutokauppa - Piston Addict","isPartOf":{"@id":"https:\/\/pistonaddict.com\/fi\/#website"},"primaryImageOfPage":{"@id":"https:\/\/pistonaddict.com\/fi\/product\/ferrari-348-tb\/#primaryimage"},"image":{"@id":"https:\/\/pistonaddict.com\/fi\/product\/ferrari-348-tb\/#primaryimage"},"thumbnailUrl":"https:\/\/pistonaddict.com\/wp-content\/uploads\/2023\/11\/IMG7107-scaled.jpg","datePublished":"2023-11-07T13:48:12+00:00","dateModified":"2024-03-20T08:39:18+00:00","breadcrumb":{"@id":"https:\/\/pistonaddict.com\/fi\/product\/ferrari-348-tb\/#breadcrumb"},"inLanguage":"fi","potentialAction":[{"@type":"ReadAction","target":["https:\/\/pistonaddict.com\/fi\/product\/ferrari-348-tb\/"]}]},{"@type":"ImageObject","inLanguage":"fi","@id":"https:\/\/pistonaddict.com\/fi\/product\/ferrari-348-tb\/#primaryimage","url":"https:\/\/pistonaddict.com\/wp-content\/uploads\/2023\/11\/IMG7107-scaled.jpg","contentUrl":"https:\/\/pistonaddict.com\/wp-content\/uploads\/2023\/11\/IMG7107-scaled.jpg","width":2560,"height":1709},{"@type":"BreadcrumbList","@id":"https:\/\/pistonaddict.com\/fi\/product\/ferrari-348-tb\/#breadcrumb","itemListElement":[{"@type":"ListItem","position":1,"name":"Kotisivu","item":"https:\/\/pistonaddict.com\/fi\/kotisivu-2\/"},{"@type":"ListItem","position":2,"name":"Auctions","item":"https:\/\/pistonaddict.com\/auctions-listing\/"},{"@type":"ListItem","position":3,"name":"Ferrari 348 TB"}]},{"@type":"WebSite","@id":"https:\/\/pistonaddict.com\/fi\/#website","url":"https:\/\/pistonaddict.com\/fi\/","name":"Piston Addict","description":"Only interesting vehicles","publisher":{"@id":"https:\/\/pistonaddict.com\/fi\/#organization"},"potentialAction":[{"@type":"SearchAction","target":{"@type":"EntryPoint","urlTemplate":"https:\/\/pistonaddict.com\/fi\/?s={search_term_string}"},"query-input":"required name=search_term_string"}],"inLanguage":"fi"},{"@type":"Organization","@id":"https:\/\/pistonaddict.com\/fi\/#organization","name":"Piston Addict","url":"https:\/\/pistonaddict.com\/fi\/","logo":{"@type":"ImageObject","inLanguage":"fi","@id":"https:\/\/pistonaddict.com\/fi\/#\/schema\/logo\/image\/","url":"https:\/\/pistonaddict.com\/wp-content\/uploads\/2022\/07\/logo-6.png","contentUrl":"https:\/\/pistonaddict.com\/wp-content\/uploads\/2022\/07\/logo-6.png","width":970,"height":200,"caption":"Piston Addict"},"image":{"@id":"https:\/\/pistonaddict.com\/fi\/#\/schema\/logo\/image\/"}}]}},"_links":{"self":[{"href":"https:\/\/pistonaddict.com\/fi\/wp-json\/wp\/v2\/product\/67045"}],"collection":[{"href":"https:\/\/pistonaddict.com\/fi\/wp-json\/wp\/v2\/product"}],"about":[{"href":"https:\/\/pistonaddict.com\/fi\/wp-json\/wp\/v2\/types\/product"}],"replies":[{"embeddable":true,"href":"https:\/\/pistonaddict.com\/fi\/wp-json\/wp\/v2\/comments?post=67045"}],"wp:featuredmedia":[{"embeddable":true,"href":"https:\/\/pistonaddict.com\/fi\/wp-json\/wp\/v2\/media\/64583"}],"wp:attachment":[{"href":"https:\/\/pistonaddict.com\/fi\/wp-json\/wp\/v2\/media?parent=67045"}],"wp:term":[{"taxonomy":"product_cat","embeddable":true,"href":"https:\/\/pistonaddict.com\/fi\/wp-json\/wp\/v2\/product_cat?post=67045"},{"taxonomy":"product_tag","embeddable":true,"href":"https:\/\/pistonaddict.com\/fi\/wp-json\/wp\/v2\/product_tag?post=67045"}],"curies":[{"name":"wp","href":"https:\/\/api.w.org\/{rel}","templated":true}]}}