{"id":62901,"date":"2023-10-25T19:30:40","date_gmt":"2023-10-25T17:30:40","guid":{"rendered":"https:\/\/pistonaddict.com\/product\/porsche-911-996-targa\/"},"modified":"2024-03-20T09:39:43","modified_gmt":"2024-03-20T08:39:43","slug":"porsche-911-996-targa","status":"publish","type":"product","link":"https:\/\/pistonaddict.com\/fi\/product\/porsche-911-996-targa\/","title":{"rendered":"Porsche 911 (996) Targa"},"content":{"rendered":"<p><strong>Auton historia<\/strong><\/p>\n<p>Kyseess\u00e4 on 911 Targa, jota valmistettiin vuonna 2004. Ainutlaatuiseksi sen tekee se, ett\u00e4 Targa oli 996:n korimalleista ylivoimaisesti harvinaisin; vain 5 125 autoa toimitettiin avattavilla lasikatoilla ja erilaisilla C-pilareilla varustettuna. Viettelev\u00e4n tummansiniseen s\u00e4vyyn viimeistelty ja vaalealla sisustalla varustettu 911 Targa toimitettiin uutena Espanjaan, ja nykyinen omistaja hankki sen vuonna 2023. Sen voimanl\u00e4hteen\u00e4 on 3,6-litrainen, luonnollisesti puhallettava kuusimoottorinen tasakone, joka on vesij\u00e4\u00e4hdytteinen (yksi 996-sukupolvien kiistakysymyksist\u00e4). Siin\u00e4 on kuitenkin 6-vaihteinen manuaalivaihteisto, mik\u00e4 tekee siit\u00e4 viel\u00e4 harvinaisemman ja pakollisen hankintahy\u00f6dyn kaikille 911-mallien ker\u00e4ilij\u00f6ille. 320 hv:n ja kevyen korin ansiosta t\u00e4m\u00e4 911 Targa on valmis hypp\u00e4\u00e4m\u00e4\u00e4n 100 km\/h:n nopeuteen vain 5,2 sekunnissa ja saavuttamaan huippunopeuden 285 km\/h. Mielenkiintoista on, ett\u00e4 t\u00e4m\u00e4n mallin manuaalivaihteinen versio on huomattavasti nopeampi kuin automaattivaihteinen, mik\u00e4 tekee t\u00e4st\u00e4 autosta entist\u00e4kin halutumman. Se, ett\u00e4 siin\u00e4 on kaikki avoauton edut, erinomainen n\u00e4kyvyys ja ulkoilmatunnelma sek\u00e4 coupen k\u00e4yt\u00e4nn\u00f6llisyys ja mukavuus, tekee t\u00e4st\u00e4 sinisest\u00e4 911 Targasta eritt\u00e4in monipuolisen kuljettajan koneen, jossa on kaikki t\u00e4rke\u00e4t tasakuutos\u00e4\u00e4net ja manuaalivaihteisto.<\/p>\n<p><strong>Sisustus<\/strong><\/p>\n<p>Koska kyseess\u00e4 on matalien kilometrien esimerkki, sis\u00e4tilat ovat moitteettomassa kunnossa, t\u00e4ysin alkuper\u00e4iset, ja niiss\u00e4 on toivottavia lis\u00e4varusteita. Viimeistelty Savannah harmaa v\u00e4ri, se on infotainment-j\u00e4rjestelm\u00e4, premium audio 6 CD-laturit (ajan oikea), nahka, ja elektronisesti s\u00e4\u00e4dett\u00e4v\u00e4t istuimet. Porschen sis\u00e4tilojen laatu on tunnettu koko alalla, eik\u00e4 t\u00e4m\u00e4 vuoden 2004 911 Targa poikkea t\u00e4st\u00e4. Nahka on t\u00e4ydellisess\u00e4 kunnossa; kojelaudassa, ovikortissa tai keskikonsolissa ei ole naarmuja. My\u00f6s takaistuimet ovat k\u00e4ytt\u00f6kelpoisia, ja ne sopivat erinomaisesti lapsille.<\/p>\n<p><strong>Kunto<\/strong><\/p>\n<p>Vain 39 037 kilometri\u00e4 uudesta, t\u00e4m\u00e4 911 Targa on moitteettomassa kunnossa ja huolella hoidettu kaikki sen k\u00e4ytt\u00e4j\u00e4t. Ajoneuvoa oli ilmeisesti k\u00e4ytetty v\u00e4h\u00e4n ja se oli hyvin huollettu, kuten kirjanpidosta k\u00e4y ilmi. Nykyinen omistaja on j\u00e4lleenmyyj\u00e4 Espanjassa, ja viimeisin huolto tehtiin huhtikuussa 2023, ja jarrut huollettiin vain muutama p\u00e4iv\u00e4 sitten lokakuussa 2023. Porschen alapuoli on alumiinia, joten se ei voi ruostua. Kuitenkin, kuten viimeisiss\u00e4 kuvissa alapuolelta n\u00e4kyy, on jonkin verran kuivaa likaa, jonka myyj\u00e4 puhdistaa ostajalle, kun huutokauppa on p\u00e4\u00e4ttynyt. Auto on valmis ajettavaksi minne tahansa, ja se on luultavasti yksi hienoimmista manuaalivaihteistolla varustetuista 911 996 Targa -autoista, joita sinulla on koskaan mahdollisuus l\u00f6yt\u00e4\u00e4.<\/p>\n<p><strong>Ulkoasu ja py\u00f6r\u00e4t<\/strong><\/p>\n<p>T\u00e4m\u00e4 911 Targa, jonka kori on keskiy\u00f6nsininen ja sis\u00e4tilat harmaat, on upean n\u00e4k\u00f6inen kone ilman naarmuja, vaurioita tai kolhuja. Liikkuva kalusto koostuu 18-tuumaisista tehtaan toimittamista vanteista, jotka on p\u00e4\u00e4llystetty Bridgestone Potenza -suorituskumilla. Renkaat ovat vuodelta 2020 ja niill\u00e4 on ajettu hyvin v\u00e4h\u00e4n kilometrej\u00e4. Muutoksia ei ole tehty, ja t\u00e4m\u00e4 996 Targa on toimitetussa kunnossa.<\/p>\n<p><strong>Dokumentaatio<\/strong><\/p>\n<p>J\u00e4lleenmyyj\u00e4 myy t\u00e4m\u00e4n ajoneuvon asianmukaisin asiakirjoin, ja se sijaitsee Espanjassa. CarFax-raportti on puhdas; ei todisteita onnettomuuksista, onnettomuuskorjauksista, omistuksesta tai oikeudellisista ongelmista. S\u00e4\u00e4nn\u00f6llisest\u00e4 huollosta on tallenteet sek\u00e4 alkuper\u00e4iset tehtaan esitteet ja kuitit.<\/p>\n<p><strong>Katso kylm\u00e4k\u00e4ynnistysvideo t\u00e4st\u00e4 kauniista Porsche 911 Targasta :<\/strong><\/p>\n<p><iframe title=\"Cold Start Video of the Porsche 911 996 Targa for auction sale\" width=\"1200\" height=\"675\" src=\"https:\/\/www.youtube.com\/embed\/pOCqegVAqt8?feature=oembed\" frameborder=\"0\" allow=\"accelerometer; autoplay; clipboard-write; encrypted-media; gyroscope; picture-in-picture; web-share\" allowfullscreen><\/iframe><\/p>\n","protected":false},"excerpt":{"rendered":"<p>Kunnioitetun Porsche 911:n 996-sukupolvi oli hyvin kiistanalainen, kun se julkaistiin 90-luvun lopulla. Sittemmin se on kuitenkin tunnustettu olennaiseksi osaksi 911-legendaa, eritt\u00e4in t\u00e4rke\u00e4ksi malliksi yhti\u00f6lle ja nykyajan ensimm\u00e4iseksi 911-malliksi. Tyypillisen muotoilunsa, laajan mallivalikoimansa ja teknisten ominaisuuksiensa ansiosta ker\u00e4ilij\u00e4t ovat alkaneet l\u00f6yt\u00e4\u00e4 996 911 -mallin todellisia helmi\u00e4. T\u00e4n\u00e4\u00e4n voimme ylpe\u00e4n\u00e4 esitell\u00e4 t\u00e4llaisen mallin, harvinaisen ja ihanteellisen mallin, joka her\u00e4tt\u00e4\u00e4 kaikkien 911-harrastajien huomion.<\/p>\n","protected":false},"featured_media":59801,"comment_status":"open","ping_status":"closed","template":"","meta":{"inline_featured_image":false},"product_cat":[745],"product_tag":[2355,2307,986,2306],"acf":[],"yoast_head":"<!-- This site is optimized with the Yoast SEO plugin v22.5 - https:\/\/yoast.com\/wordpress\/plugins\/seo\/ -->\n<title>huutokauppa - Piston Addict<\/title>\n<meta name=\"robots\" content=\"index, follow, max-snippet:-1, max-image-preview:large, max-video-preview:-1\" \/>\n<link rel=\"canonical\" href=\"https:\/\/pistonaddict.com\/fi\/product\/porsche-911-996-targa\/\" \/>\n<meta property=\"og:locale\" content=\"fi_FI\" \/>\n<meta property=\"og:type\" content=\"article\" \/>\n<meta property=\"og:title\" content=\"huutokauppa - Piston Addict\" \/>\n<meta property=\"og:description\" content=\"Kunnioitetun Porsche 911:n 996-sukupolvi oli hyvin kiistanalainen, kun se julkaistiin 90-luvun lopulla. Sittemmin se on kuitenkin tunnustettu olennaiseksi osaksi 911-legendaa, eritt\u00e4in t\u00e4rke\u00e4ksi malliksi yhti\u00f6lle ja nykyajan ensimm\u00e4iseksi 911-malliksi. Tyypillisen muotoilunsa, laajan mallivalikoimansa ja teknisten ominaisuuksiensa ansiosta ker\u00e4ilij\u00e4t ovat alkaneet l\u00f6yt\u00e4\u00e4 996 911 -mallin todellisia helmi\u00e4. T\u00e4n\u00e4\u00e4n voimme ylpe\u00e4n\u00e4 esitell\u00e4 t\u00e4llaisen mallin, harvinaisen ja ihanteellisen mallin, joka her\u00e4tt\u00e4\u00e4 kaikkien 911-harrastajien huomion.\" \/>\n<meta property=\"og:url\" content=\"https:\/\/pistonaddict.com\/fi\/product\/porsche-911-996-targa\/\" \/>\n<meta property=\"og:site_name\" content=\"Piston Addict\" \/>\n<meta property=\"article:modified_time\" content=\"2024-03-20T08:39:43+00:00\" \/>\n<meta property=\"og:image\" content=\"https:\/\/pistonaddict.com\/wp-content\/uploads\/2023\/10\/image00032-1-scaled.jpeg\" \/>\n\t<meta property=\"og:image:width\" content=\"2560\" \/>\n\t<meta property=\"og:image:height\" content=\"1920\" \/>\n\t<meta property=\"og:image:type\" content=\"image\/jpeg\" \/>\n<meta name=\"twitter:card\" content=\"summary_large_image\" \/>\n<meta name=\"twitter:label1\" content=\"Arvioitu lukuaika\" \/>\n\t<meta name=\"twitter:data1\" content=\"2 minutes\" \/>\n<script type=\"application\/ld+json\" class=\"yoast-schema-graph\">{\"@context\":\"https:\/\/schema.org\",\"@graph\":[{\"@type\":\"WebPage\",\"@id\":\"https:\/\/pistonaddict.com\/fi\/product\/porsche-911-996-targa\/\",\"url\":\"https:\/\/pistonaddict.com\/fi\/product\/porsche-911-996-targa\/\",\"name\":\"huutokauppa - Piston Addict\",\"isPartOf\":{\"@id\":\"https:\/\/pistonaddict.com\/fi\/#website\"},\"primaryImageOfPage\":{\"@id\":\"https:\/\/pistonaddict.com\/fi\/product\/porsche-911-996-targa\/#primaryimage\"},\"image\":{\"@id\":\"https:\/\/pistonaddict.com\/fi\/product\/porsche-911-996-targa\/#primaryimage\"},\"thumbnailUrl\":\"https:\/\/pistonaddict.com\/wp-content\/uploads\/2023\/10\/image00032-1-scaled.jpeg\",\"datePublished\":\"2023-10-25T17:30:40+00:00\",\"dateModified\":\"2024-03-20T08:39:43+00:00\",\"breadcrumb\":{\"@id\":\"https:\/\/pistonaddict.com\/fi\/product\/porsche-911-996-targa\/#breadcrumb\"},\"inLanguage\":\"fi\",\"potentialAction\":[{\"@type\":\"ReadAction\",\"target\":[\"https:\/\/pistonaddict.com\/fi\/product\/porsche-911-996-targa\/\"]}]},{\"@type\":\"ImageObject\",\"inLanguage\":\"fi\",\"@id\":\"https:\/\/pistonaddict.com\/fi\/product\/porsche-911-996-targa\/#primaryimage\",\"url\":\"https:\/\/pistonaddict.com\/wp-content\/uploads\/2023\/10\/image00032-1-scaled.jpeg\",\"contentUrl\":\"https:\/\/pistonaddict.com\/wp-content\/uploads\/2023\/10\/image00032-1-scaled.jpeg\",\"width\":2560,\"height\":1920},{\"@type\":\"BreadcrumbList\",\"@id\":\"https:\/\/pistonaddict.com\/fi\/product\/porsche-911-996-targa\/#breadcrumb\",\"itemListElement\":[{\"@type\":\"ListItem\",\"position\":1,\"name\":\"Kotisivu\",\"item\":\"https:\/\/pistonaddict.com\/fi\/kotisivu-2\/\"},{\"@type\":\"ListItem\",\"position\":2,\"name\":\"Auctions\",\"item\":\"https:\/\/pistonaddict.com\/auctions-listing\/\"},{\"@type\":\"ListItem\",\"position\":3,\"name\":\"Porsche 911 (996) Targa\"}]},{\"@type\":\"WebSite\",\"@id\":\"https:\/\/pistonaddict.com\/fi\/#website\",\"url\":\"https:\/\/pistonaddict.com\/fi\/\",\"name\":\"Piston Addict\",\"description\":\"Only interesting vehicles\",\"publisher\":{\"@id\":\"https:\/\/pistonaddict.com\/fi\/#organization\"},\"potentialAction\":[{\"@type\":\"SearchAction\",\"target\":{\"@type\":\"EntryPoint\",\"urlTemplate\":\"https:\/\/pistonaddict.com\/fi\/?s={search_term_string}\"},\"query-input\":\"required name=search_term_string\"}],\"inLanguage\":\"fi\"},{\"@type\":\"Organization\",\"@id\":\"https:\/\/pistonaddict.com\/fi\/#organization\",\"name\":\"Piston Addict\",\"url\":\"https:\/\/pistonaddict.com\/fi\/\",\"logo\":{\"@type\":\"ImageObject\",\"inLanguage\":\"fi\",\"@id\":\"https:\/\/pistonaddict.com\/fi\/#\/schema\/logo\/image\/\",\"url\":\"https:\/\/pistonaddict.com\/wp-content\/uploads\/2022\/07\/logo-6.png\",\"contentUrl\":\"https:\/\/pistonaddict.com\/wp-content\/uploads\/2022\/07\/logo-6.png\",\"width\":970,\"height\":200,\"caption\":\"Piston Addict\"},\"image\":{\"@id\":\"https:\/\/pistonaddict.com\/fi\/#\/schema\/logo\/image\/\"}}]}<\/script>\n<!-- \/ Yoast SEO plugin. -->","yoast_head_json":{"title":"huutokauppa - Piston Addict","robots":{"index":"index","follow":"follow","max-snippet":"max-snippet:-1","max-image-preview":"max-image-preview:large","max-video-preview":"max-video-preview:-1"},"canonical":"https:\/\/pistonaddict.com\/fi\/product\/porsche-911-996-targa\/","og_locale":"fi_FI","og_type":"article","og_title":"huutokauppa - Piston Addict","og_description":"Kunnioitetun Porsche 911:n 996-sukupolvi oli hyvin kiistanalainen, kun se julkaistiin 90-luvun lopulla. Sittemmin se on kuitenkin tunnustettu olennaiseksi osaksi 911-legendaa, eritt\u00e4in t\u00e4rke\u00e4ksi malliksi yhti\u00f6lle ja nykyajan ensimm\u00e4iseksi 911-malliksi. Tyypillisen muotoilunsa, laajan mallivalikoimansa ja teknisten ominaisuuksiensa ansiosta ker\u00e4ilij\u00e4t ovat alkaneet l\u00f6yt\u00e4\u00e4 996 911 -mallin todellisia helmi\u00e4. T\u00e4n\u00e4\u00e4n voimme ylpe\u00e4n\u00e4 esitell\u00e4 t\u00e4llaisen mallin, harvinaisen ja ihanteellisen mallin, joka her\u00e4tt\u00e4\u00e4 kaikkien 911-harrastajien huomion.","og_url":"https:\/\/pistonaddict.com\/fi\/product\/porsche-911-996-targa\/","og_site_name":"Piston Addict","article_modified_time":"2024-03-20T08:39:43+00:00","og_image":[{"width":2560,"height":1920,"url":"https:\/\/pistonaddict.com\/wp-content\/uploads\/2023\/10\/image00032-1-scaled.jpeg","type":"image\/jpeg"}],"twitter_card":"summary_large_image","twitter_misc":{"Arvioitu lukuaika":"2 minutes"},"schema":{"@context":"https:\/\/schema.org","@graph":[{"@type":"WebPage","@id":"https:\/\/pistonaddict.com\/fi\/product\/porsche-911-996-targa\/","url":"https:\/\/pistonaddict.com\/fi\/product\/porsche-911-996-targa\/","name":"huutokauppa - Piston Addict","isPartOf":{"@id":"https:\/\/pistonaddict.com\/fi\/#website"},"primaryImageOfPage":{"@id":"https:\/\/pistonaddict.com\/fi\/product\/porsche-911-996-targa\/#primaryimage"},"image":{"@id":"https:\/\/pistonaddict.com\/fi\/product\/porsche-911-996-targa\/#primaryimage"},"thumbnailUrl":"https:\/\/pistonaddict.com\/wp-content\/uploads\/2023\/10\/image00032-1-scaled.jpeg","datePublished":"2023-10-25T17:30:40+00:00","dateModified":"2024-03-20T08:39:43+00:00","breadcrumb":{"@id":"https:\/\/pistonaddict.com\/fi\/product\/porsche-911-996-targa\/#breadcrumb"},"inLanguage":"fi","potentialAction":[{"@type":"ReadAction","target":["https:\/\/pistonaddict.com\/fi\/product\/porsche-911-996-targa\/"]}]},{"@type":"ImageObject","inLanguage":"fi","@id":"https:\/\/pistonaddict.com\/fi\/product\/porsche-911-996-targa\/#primaryimage","url":"https:\/\/pistonaddict.com\/wp-content\/uploads\/2023\/10\/image00032-1-scaled.jpeg","contentUrl":"https:\/\/pistonaddict.com\/wp-content\/uploads\/2023\/10\/image00032-1-scaled.jpeg","width":2560,"height":1920},{"@type":"BreadcrumbList","@id":"https:\/\/pistonaddict.com\/fi\/product\/porsche-911-996-targa\/#breadcrumb","itemListElement":[{"@type":"ListItem","position":1,"name":"Kotisivu","item":"https:\/\/pistonaddict.com\/fi\/kotisivu-2\/"},{"@type":"ListItem","position":2,"name":"Auctions","item":"https:\/\/pistonaddict.com\/auctions-listing\/"},{"@type":"ListItem","position":3,"name":"Porsche 911 (996) Targa"}]},{"@type":"WebSite","@id":"https:\/\/pistonaddict.com\/fi\/#website","url":"https:\/\/pistonaddict.com\/fi\/","name":"Piston Addict","description":"Only interesting vehicles","publisher":{"@id":"https:\/\/pistonaddict.com\/fi\/#organization"},"potentialAction":[{"@type":"SearchAction","target":{"@type":"EntryPoint","urlTemplate":"https:\/\/pistonaddict.com\/fi\/?s={search_term_string}"},"query-input":"required name=search_term_string"}],"inLanguage":"fi"},{"@type":"Organization","@id":"https:\/\/pistonaddict.com\/fi\/#organization","name":"Piston Addict","url":"https:\/\/pistonaddict.com\/fi\/","logo":{"@type":"ImageObject","inLanguage":"fi","@id":"https:\/\/pistonaddict.com\/fi\/#\/schema\/logo\/image\/","url":"https:\/\/pistonaddict.com\/wp-content\/uploads\/2022\/07\/logo-6.png","contentUrl":"https:\/\/pistonaddict.com\/wp-content\/uploads\/2022\/07\/logo-6.png","width":970,"height":200,"caption":"Piston Addict"},"image":{"@id":"https:\/\/pistonaddict.com\/fi\/#\/schema\/logo\/image\/"}}]}},"_links":{"self":[{"href":"https:\/\/pistonaddict.com\/fi\/wp-json\/wp\/v2\/product\/62901"}],"collection":[{"href":"https:\/\/pistonaddict.com\/fi\/wp-json\/wp\/v2\/product"}],"about":[{"href":"https:\/\/pistonaddict.com\/fi\/wp-json\/wp\/v2\/types\/product"}],"replies":[{"embeddable":true,"href":"https:\/\/pistonaddict.com\/fi\/wp-json\/wp\/v2\/comments?post=62901"}],"wp:featuredmedia":[{"embeddable":true,"href":"https:\/\/pistonaddict.com\/fi\/wp-json\/wp\/v2\/media\/59801"}],"wp:attachment":[{"href":"https:\/\/pistonaddict.com\/fi\/wp-json\/wp\/v2\/media?parent=62901"}],"wp:term":[{"taxonomy":"product_cat","embeddable":true,"href":"https:\/\/pistonaddict.com\/fi\/wp-json\/wp\/v2\/product_cat?post=62901"},{"taxonomy":"product_tag","embeddable":true,"href":"https:\/\/pistonaddict.com\/fi\/wp-json\/wp\/v2\/product_tag?post=62901"}],"curies":[{"name":"wp","href":"https:\/\/api.w.org\/{rel}","templated":true}]}}