{"id":55255,"date":"2023-10-13T09:36:04","date_gmt":"2023-10-13T07:36:04","guid":{"rendered":"https:\/\/pistonaddict.com\/product\/porsche-cayman-s-3-4-325-cv\/"},"modified":"2024-03-19T17:03:51","modified_gmt":"2024-03-19T16:03:51","slug":"porsche-cayman-s-3-4-325-cv","status":"publish","type":"product","link":"https:\/\/pistonaddict.com\/fi\/product\/porsche-cayman-s-3-4-325-cv\/","title":{"rendered":"Porsche Cayman S 3.4 325 CV"},"content":{"rendered":"<p><strong>Auton historia<\/strong><\/p>\n<p>T\u00e4m\u00e4 valkoinen 2016 Cayman S myytiin alun perin Saksassa, mutta se siirrettiin Italiaan, jonne nykyinen omistaja, urheiluautojen j\u00e4lleenmyyj\u00e4, toi sen. Vuosi 2016 on 981-sukupolven Caymanin viimeinen vuosi, mik\u00e4 on merkitt\u00e4v\u00e4\u00e4 useista syist\u00e4. P\u00e4\u00e4asiassa siksi, ett\u00e4 Cayman S:ss\u00e4 on Porsche 911 Carrerasta per\u00e4isin oleva uudistettu 3,4-litrainen tasakuutosmoottori, joka vastaa yhteen nykyaikaisen Porsche-yhteis\u00f6n merkitt\u00e4vimmist\u00e4 kiistoista. Vuosikausia liikkui huhuja, joiden mukaan Porsche ei uskaltanut laittaa 911-moottoria Caymaniin, koska se pelk\u00e4si, ett\u00e4 se voisi tarjota viel\u00e4 paremman ajokokemuksen. T\u00e4m\u00e4 on ensimm\u00e4inen Cayman, jossa on 911-moottori. 325 hv:n teholla, salamannopealla 7-vaihteisella PDK-vaihteistolla ja tehtaalla erityisesti viritetyll\u00e4 jousituksella vuoden 2016 Cayman S saavuttaa 100 km\/h (60 mph) nopeuden vain 4,8 sekunnissa matkalla 283 km\/h (176 mph) huippunopeuteen. Kyse ei kuitenkaan ole numeroista, vaikka ne ovatkin fantastisia. Cayman S:ss\u00e4 on keskelle asennettu moottori, kevyt kori, tarkka ohjaus ja erinomaiset jarrut, mink\u00e4 vuoksi se hermostuttaa niin monia 911:n omistajia. Kovavauhtisen ja luonnollisesti hengitt\u00e4v\u00e4n moottorin, ketter\u00e4n alustan ja t\u00e4ydellisen ajodynamiikan yhdistelm\u00e4 on edelleen yksi kaikkien aikojen ihanteellisimmista kuljettajan autoista urheiluautoilijoiden keskuudessa.<\/p>\n<p><strong>Sisustus<\/strong><\/p>\n<p>Koska t\u00e4m\u00e4 2016 Porsche Cayman S on v\u00e4h\u00e4n ajettu, sis\u00e4tilat ovat odotetusti merkitsem\u00e4tt\u00f6m\u00e4t ja erinomaisessa kunnossa. Alkuper\u00e4inen omistaja tarkastaa sen huolellisesti muutamalla toivottavalla vaihtoehdolla, joita seuraava omistaja arvostaa. Elektronisesti s\u00e4\u00e4dett\u00e4v\u00e4t urheiluistuimet, infotainment-j\u00e4rjestelm\u00e4, jossa on integroitu digitaalin\u00e4ytt\u00f6, ja monitoimiohjauspy\u00f6r\u00e4 nostavat ajokokemuksen seuraavalle tasolle. Sis\u00e4tilojen Porsche-tyylinen laatu on n\u00e4kyviss\u00e4, samoin kuin erinomainen istuvuus ja viimeistely.<\/p>\n<p><strong>Kunto<\/strong><\/p>\n<p>T\u00e4m\u00e4 moitteeton Porsche Cayman S on ajanut vain hieman yli 33 000 kilometri\u00e4 viimeisten seitsem\u00e4n vuoden aikana. N\u00e4in alhainen ajokilometrim\u00e4\u00e4r\u00e4, pari huolellista omistajaa ja asianmukaiset huoltotiedot takaavat, ett\u00e4 auto on kauttaaltaan t\u00e4ydellisess\u00e4 kunnossa. Myyj\u00e4 on eritt\u00e4in hyv\u00e4maineinen urheiluautojen j\u00e4lleenmyyj\u00e4 Italiassa, ja he ovat niin luottavaisia t\u00e4m\u00e4n Cayman S:n yleiseen kuntoon, ett\u00e4 <strong>autolla on 12 kuukauden takuu<\/strong>, mik\u00e4 on eritt\u00e4in t\u00e4rke\u00e4\u00e4 ja erottaa t\u00e4m\u00e4n ajoneuvon vastaavista, joita saatat l\u00f6yt\u00e4\u00e4 myyt\u00e4v\u00e4n\u00e4. Huoltotiedot ja vuonna 2021 tehdyt merkitt\u00e4v\u00e4t huoltotoimenpiteet on kirjattu.<\/p>\n<p><strong>Ulkoasu ja py\u00f6r\u00e4t<\/strong><\/p>\n<p>Tyylikk\u00e4\u00e4ss\u00e4 valkoisessa ulkopinnassa ei ole naarmuja tai kolhuja, ja t\u00e4ss\u00e4 autossa on mielenkiintoisia graafisia yksityiskohtia keinupaneeleissa, jotka ovat tehtaan alkuper\u00e4isi\u00e4 ja osoittavat, ett\u00e4 t\u00e4m\u00e4 Cayman ei ole perusmalli. Urheiluautoilmeen viimeistelev\u00e4t 20-tuumaiset vanteet, jotka ovat samat, joita k\u00e4ytet\u00e4\u00e4n kauden 911:ss\u00e4, ja jotka on k\u00e4\u00e4ritty l\u00e4hes uusiin Michelin Pilot Sport 4S -renkaisiin, jotka tunnetaan harrastajakuskien valintana. Muutoksia ei ole tehty, ja t\u00e4m\u00e4 Cayman on ihanteellisessa alkuper\u00e4isess\u00e4 kunnossa.<\/p>\n<p><strong>Dokumentaatio<\/strong><\/p>\n<p>J\u00e4lleenmyyj\u00e4 myy t\u00e4m\u00e4n ajoneuvon asianmukaisin asiakirjoin, ja se sijaitsee Italiassa. <a href=\"https:\/\/pistonaddict.com\/wp-content\/uploads\/2023\/10\/CARFAX-Vehicle-History-Report-PORSCHE-WP0ZZZ98ZGK181513.pdf\" target=\"_blank\" rel=\"noopener\">CarFax-raportti<\/a> on puhdas; ei todisteita onnettomuuksista, onnettomuuskorjauksista, omistuksesta tai oikeudellisista ongelmista. Myyj\u00e4 kuitenkin ilmoitti meille, ett\u00e4 yksi onnettomuus tapahtuu vuonna 2017 moottoripy\u00f6r\u00e4n kanssa, ja kyseinen osa, etuhuppu, korjattiin tietenkin. S\u00e4\u00e4nn\u00f6llisest\u00e4 huollosta on tallenteet sek\u00e4 alkuper\u00e4iset tehtaan esitteet ja kuitit. J\u00e4lleenmyyj\u00e4n 12 kuukauden takuu sis\u00e4ltyy kauppaan.  <strong>Jos asut Euroopassa, myyj\u00e4 voi lis\u00e4ksi hoitaa kuljetuksen puolestasi ja tuoda ajoneuvon kotiisi.<\/strong><\/p>\n<p><strong> <\/strong><\/p>\n<p>Katso l\u00f6yt\u00f6video t\u00e4st\u00e4 kauniista Porsche Cayman S :<\/p>\n<p><iframe title=\"Video of the Porsche Cayman S for auction sale\" width=\"1200\" height=\"675\" src=\"https:\/\/www.youtube.com\/embed\/-29PE_JnFJM?feature=oembed\" frameborder=\"0\" allow=\"accelerometer; autoplay; clipboard-write; encrypted-media; gyroscope; picture-in-picture; web-share\" allowfullscreen><\/iframe><\/p>\n","protected":false},"excerpt":{"rendered":"<p>Yhti\u00f6n\u00e4, joka on aina pyrkinyt tavoittelemaan urheiluautojen t\u00e4ydellisyytt\u00e4, Porsche vastasi kritiikkiin parhaalla mahdollisella tavalla &#8211; esittelem\u00e4ll\u00e4 omistautuneen kuljettajan mallin, jota kaikki rakastavat ja ylist\u00e4v\u00e4t. Kun ensimm\u00e4isen sukupolven Cayman esiteltiin, se oli kaikki, mit\u00e4 harrastajat halusivat. Siin\u00e4 oli 90 prosenttia Porsche 911:n tuntumasta 60 prosenttia halvemmalla. Cayman oli kevyempi, tarkempi ja miellytt\u00e4v\u00e4mpi auto, kun taas sen S-versio oli t\u00e4ydellisen tasapainoinen urheiluauto. T\u00e4ss\u00e4 on yksi erityisen mielenkiintoinen esimerkki, joka on ihanteellisessa kunnossa. <strong>Sinun on <a href=\"https:\/\/pistonaddict.com\/fi\/tilini\/\">luotava tili<\/a> p\u00e4\u00e4st\u00e4ksesi t\u00e4h\u00e4n huutokauppaan.<\/strong><\/p>\n","protected":false},"featured_media":55120,"comment_status":"open","ping_status":"closed","template":"","meta":{"inline_featured_image":false},"product_cat":[745],"product_tag":[2232,2231,933,2230],"acf":[],"yoast_head":"<!-- This site is optimized with the Yoast SEO plugin v22.5 - https:\/\/yoast.com\/wordpress\/plugins\/seo\/ -->\n<title>huutokauppa - Piston Addict<\/title>\n<meta name=\"robots\" content=\"index, follow, max-snippet:-1, max-image-preview:large, max-video-preview:-1\" \/>\n<link rel=\"canonical\" href=\"https:\/\/pistonaddict.com\/fi\/product\/porsche-cayman-s-3-4-325-cv\/\" \/>\n<meta property=\"og:locale\" content=\"fi_FI\" \/>\n<meta property=\"og:type\" content=\"article\" \/>\n<meta property=\"og:title\" content=\"huutokauppa - Piston Addict\" \/>\n<meta property=\"og:description\" content=\"Yhti\u00f6n\u00e4, joka on aina pyrkinyt tavoittelemaan urheiluautojen t\u00e4ydellisyytt\u00e4, Porsche vastasi kritiikkiin parhaalla mahdollisella tavalla - esittelem\u00e4ll\u00e4 omistautuneen kuljettajan mallin, jota kaikki rakastavat ja ylist\u00e4v\u00e4t. Kun ensimm\u00e4isen sukupolven Cayman esiteltiin, se oli kaikki, mit\u00e4 harrastajat halusivat. Siin\u00e4 oli 90 prosenttia Porsche 911:n tuntumasta 60 prosenttia halvemmalla. Cayman oli kevyempi, tarkempi ja miellytt\u00e4v\u00e4mpi auto, kun taas sen S-versio oli t\u00e4ydellisen tasapainoinen urheiluauto. T\u00e4ss\u00e4 on yksi erityisen mielenkiintoinen esimerkki, joka on ihanteellisessa kunnossa. Sinun on luotava tili p\u00e4\u00e4st\u00e4ksesi t\u00e4h\u00e4n huutokauppaan.\" \/>\n<meta property=\"og:url\" content=\"https:\/\/pistonaddict.com\/fi\/product\/porsche-cayman-s-3-4-325-cv\/\" \/>\n<meta property=\"og:site_name\" content=\"Piston Addict\" \/>\n<meta property=\"article:modified_time\" content=\"2024-03-19T16:03:51+00:00\" \/>\n<meta property=\"og:image\" content=\"https:\/\/pistonaddict.com\/wp-content\/uploads\/2023\/10\/CAYMAN-1.png\" \/>\n\t<meta property=\"og:image:width\" content=\"1887\" \/>\n\t<meta property=\"og:image:height\" content=\"781\" \/>\n\t<meta property=\"og:image:type\" content=\"image\/png\" \/>\n<meta name=\"twitter:card\" content=\"summary_large_image\" \/>\n<meta name=\"twitter:label1\" content=\"Arvioitu lukuaika\" \/>\n\t<meta name=\"twitter:data1\" content=\"3 minutes\" \/>\n<script type=\"application\/ld+json\" class=\"yoast-schema-graph\">{\"@context\":\"https:\/\/schema.org\",\"@graph\":[{\"@type\":\"WebPage\",\"@id\":\"https:\/\/pistonaddict.com\/fi\/product\/porsche-cayman-s-3-4-325-cv\/\",\"url\":\"https:\/\/pistonaddict.com\/fi\/product\/porsche-cayman-s-3-4-325-cv\/\",\"name\":\"huutokauppa - Piston Addict\",\"isPartOf\":{\"@id\":\"https:\/\/pistonaddict.com\/fi\/#website\"},\"primaryImageOfPage\":{\"@id\":\"https:\/\/pistonaddict.com\/fi\/product\/porsche-cayman-s-3-4-325-cv\/#primaryimage\"},\"image\":{\"@id\":\"https:\/\/pistonaddict.com\/fi\/product\/porsche-cayman-s-3-4-325-cv\/#primaryimage\"},\"thumbnailUrl\":\"https:\/\/pistonaddict.com\/wp-content\/uploads\/2023\/10\/CAYMAN-1.png\",\"datePublished\":\"2023-10-13T07:36:04+00:00\",\"dateModified\":\"2024-03-19T16:03:51+00:00\",\"breadcrumb\":{\"@id\":\"https:\/\/pistonaddict.com\/fi\/product\/porsche-cayman-s-3-4-325-cv\/#breadcrumb\"},\"inLanguage\":\"fi\",\"potentialAction\":[{\"@type\":\"ReadAction\",\"target\":[\"https:\/\/pistonaddict.com\/fi\/product\/porsche-cayman-s-3-4-325-cv\/\"]}]},{\"@type\":\"ImageObject\",\"inLanguage\":\"fi\",\"@id\":\"https:\/\/pistonaddict.com\/fi\/product\/porsche-cayman-s-3-4-325-cv\/#primaryimage\",\"url\":\"https:\/\/pistonaddict.com\/wp-content\/uploads\/2023\/10\/CAYMAN-1.png\",\"contentUrl\":\"https:\/\/pistonaddict.com\/wp-content\/uploads\/2023\/10\/CAYMAN-1.png\",\"width\":1887,\"height\":781},{\"@type\":\"BreadcrumbList\",\"@id\":\"https:\/\/pistonaddict.com\/fi\/product\/porsche-cayman-s-3-4-325-cv\/#breadcrumb\",\"itemListElement\":[{\"@type\":\"ListItem\",\"position\":1,\"name\":\"Kotisivu\",\"item\":\"https:\/\/pistonaddict.com\/fi\/kotisivu-2\/\"},{\"@type\":\"ListItem\",\"position\":2,\"name\":\"Auctions\",\"item\":\"https:\/\/pistonaddict.com\/auctions-listing\/\"},{\"@type\":\"ListItem\",\"position\":3,\"name\":\"Porsche Cayman S 3.4 325 CV\"}]},{\"@type\":\"WebSite\",\"@id\":\"https:\/\/pistonaddict.com\/fi\/#website\",\"url\":\"https:\/\/pistonaddict.com\/fi\/\",\"name\":\"Piston Addict\",\"description\":\"Only interesting vehicles\",\"publisher\":{\"@id\":\"https:\/\/pistonaddict.com\/fi\/#organization\"},\"potentialAction\":[{\"@type\":\"SearchAction\",\"target\":{\"@type\":\"EntryPoint\",\"urlTemplate\":\"https:\/\/pistonaddict.com\/fi\/?s={search_term_string}\"},\"query-input\":\"required name=search_term_string\"}],\"inLanguage\":\"fi\"},{\"@type\":\"Organization\",\"@id\":\"https:\/\/pistonaddict.com\/fi\/#organization\",\"name\":\"Piston Addict\",\"url\":\"https:\/\/pistonaddict.com\/fi\/\",\"logo\":{\"@type\":\"ImageObject\",\"inLanguage\":\"fi\",\"@id\":\"https:\/\/pistonaddict.com\/fi\/#\/schema\/logo\/image\/\",\"url\":\"https:\/\/pistonaddict.com\/wp-content\/uploads\/2022\/07\/logo-6.png\",\"contentUrl\":\"https:\/\/pistonaddict.com\/wp-content\/uploads\/2022\/07\/logo-6.png\",\"width\":970,\"height\":200,\"caption\":\"Piston Addict\"},\"image\":{\"@id\":\"https:\/\/pistonaddict.com\/fi\/#\/schema\/logo\/image\/\"}}]}<\/script>\n<!-- \/ Yoast SEO plugin. -->","yoast_head_json":{"title":"huutokauppa - Piston Addict","robots":{"index":"index","follow":"follow","max-snippet":"max-snippet:-1","max-image-preview":"max-image-preview:large","max-video-preview":"max-video-preview:-1"},"canonical":"https:\/\/pistonaddict.com\/fi\/product\/porsche-cayman-s-3-4-325-cv\/","og_locale":"fi_FI","og_type":"article","og_title":"huutokauppa - Piston Addict","og_description":"Yhti\u00f6n\u00e4, joka on aina pyrkinyt tavoittelemaan urheiluautojen t\u00e4ydellisyytt\u00e4, Porsche vastasi kritiikkiin parhaalla mahdollisella tavalla - esittelem\u00e4ll\u00e4 omistautuneen kuljettajan mallin, jota kaikki rakastavat ja ylist\u00e4v\u00e4t. Kun ensimm\u00e4isen sukupolven Cayman esiteltiin, se oli kaikki, mit\u00e4 harrastajat halusivat. Siin\u00e4 oli 90 prosenttia Porsche 911:n tuntumasta 60 prosenttia halvemmalla. Cayman oli kevyempi, tarkempi ja miellytt\u00e4v\u00e4mpi auto, kun taas sen S-versio oli t\u00e4ydellisen tasapainoinen urheiluauto. T\u00e4ss\u00e4 on yksi erityisen mielenkiintoinen esimerkki, joka on ihanteellisessa kunnossa. Sinun on luotava tili p\u00e4\u00e4st\u00e4ksesi t\u00e4h\u00e4n huutokauppaan.","og_url":"https:\/\/pistonaddict.com\/fi\/product\/porsche-cayman-s-3-4-325-cv\/","og_site_name":"Piston Addict","article_modified_time":"2024-03-19T16:03:51+00:00","og_image":[{"width":1887,"height":781,"url":"https:\/\/pistonaddict.com\/wp-content\/uploads\/2023\/10\/CAYMAN-1.png","type":"image\/png"}],"twitter_card":"summary_large_image","twitter_misc":{"Arvioitu lukuaika":"3 minutes"},"schema":{"@context":"https:\/\/schema.org","@graph":[{"@type":"WebPage","@id":"https:\/\/pistonaddict.com\/fi\/product\/porsche-cayman-s-3-4-325-cv\/","url":"https:\/\/pistonaddict.com\/fi\/product\/porsche-cayman-s-3-4-325-cv\/","name":"huutokauppa - Piston Addict","isPartOf":{"@id":"https:\/\/pistonaddict.com\/fi\/#website"},"primaryImageOfPage":{"@id":"https:\/\/pistonaddict.com\/fi\/product\/porsche-cayman-s-3-4-325-cv\/#primaryimage"},"image":{"@id":"https:\/\/pistonaddict.com\/fi\/product\/porsche-cayman-s-3-4-325-cv\/#primaryimage"},"thumbnailUrl":"https:\/\/pistonaddict.com\/wp-content\/uploads\/2023\/10\/CAYMAN-1.png","datePublished":"2023-10-13T07:36:04+00:00","dateModified":"2024-03-19T16:03:51+00:00","breadcrumb":{"@id":"https:\/\/pistonaddict.com\/fi\/product\/porsche-cayman-s-3-4-325-cv\/#breadcrumb"},"inLanguage":"fi","potentialAction":[{"@type":"ReadAction","target":["https:\/\/pistonaddict.com\/fi\/product\/porsche-cayman-s-3-4-325-cv\/"]}]},{"@type":"ImageObject","inLanguage":"fi","@id":"https:\/\/pistonaddict.com\/fi\/product\/porsche-cayman-s-3-4-325-cv\/#primaryimage","url":"https:\/\/pistonaddict.com\/wp-content\/uploads\/2023\/10\/CAYMAN-1.png","contentUrl":"https:\/\/pistonaddict.com\/wp-content\/uploads\/2023\/10\/CAYMAN-1.png","width":1887,"height":781},{"@type":"BreadcrumbList","@id":"https:\/\/pistonaddict.com\/fi\/product\/porsche-cayman-s-3-4-325-cv\/#breadcrumb","itemListElement":[{"@type":"ListItem","position":1,"name":"Kotisivu","item":"https:\/\/pistonaddict.com\/fi\/kotisivu-2\/"},{"@type":"ListItem","position":2,"name":"Auctions","item":"https:\/\/pistonaddict.com\/auctions-listing\/"},{"@type":"ListItem","position":3,"name":"Porsche Cayman S 3.4 325 CV"}]},{"@type":"WebSite","@id":"https:\/\/pistonaddict.com\/fi\/#website","url":"https:\/\/pistonaddict.com\/fi\/","name":"Piston Addict","description":"Only interesting vehicles","publisher":{"@id":"https:\/\/pistonaddict.com\/fi\/#organization"},"potentialAction":[{"@type":"SearchAction","target":{"@type":"EntryPoint","urlTemplate":"https:\/\/pistonaddict.com\/fi\/?s={search_term_string}"},"query-input":"required name=search_term_string"}],"inLanguage":"fi"},{"@type":"Organization","@id":"https:\/\/pistonaddict.com\/fi\/#organization","name":"Piston Addict","url":"https:\/\/pistonaddict.com\/fi\/","logo":{"@type":"ImageObject","inLanguage":"fi","@id":"https:\/\/pistonaddict.com\/fi\/#\/schema\/logo\/image\/","url":"https:\/\/pistonaddict.com\/wp-content\/uploads\/2022\/07\/logo-6.png","contentUrl":"https:\/\/pistonaddict.com\/wp-content\/uploads\/2022\/07\/logo-6.png","width":970,"height":200,"caption":"Piston Addict"},"image":{"@id":"https:\/\/pistonaddict.com\/fi\/#\/schema\/logo\/image\/"}}]}},"_links":{"self":[{"href":"https:\/\/pistonaddict.com\/fi\/wp-json\/wp\/v2\/product\/55255"}],"collection":[{"href":"https:\/\/pistonaddict.com\/fi\/wp-json\/wp\/v2\/product"}],"about":[{"href":"https:\/\/pistonaddict.com\/fi\/wp-json\/wp\/v2\/types\/product"}],"replies":[{"embeddable":true,"href":"https:\/\/pistonaddict.com\/fi\/wp-json\/wp\/v2\/comments?post=55255"}],"wp:featuredmedia":[{"embeddable":true,"href":"https:\/\/pistonaddict.com\/fi\/wp-json\/wp\/v2\/media\/55120"}],"wp:attachment":[{"href":"https:\/\/pistonaddict.com\/fi\/wp-json\/wp\/v2\/media?parent=55255"}],"wp:term":[{"taxonomy":"product_cat","embeddable":true,"href":"https:\/\/pistonaddict.com\/fi\/wp-json\/wp\/v2\/product_cat?post=55255"},{"taxonomy":"product_tag","embeddable":true,"href":"https:\/\/pistonaddict.com\/fi\/wp-json\/wp\/v2\/product_tag?post=55255"}],"curies":[{"name":"wp","href":"https:\/\/api.w.org\/{rel}","templated":true}]}}