{"id":53487,"date":"2023-10-06T11:28:15","date_gmt":"2023-10-06T09:28:15","guid":{"rendered":"https:\/\/pistonaddict.com\/product\/porsche-911-carrera-2-cabrio-997\/"},"modified":"2023-12-20T09:47:12","modified_gmt":"2023-12-20T08:47:12","slug":"porsche-911-carrera-2-cabrio-997","status":"publish","type":"product","link":"https:\/\/pistonaddict.com\/fi\/product\/porsche-911-carrera-2-cabrio-997\/","title":{"rendered":"Porsche 911 Carrera 2 Cabrio (997)"},"content":{"rendered":"<p><strong>Auton historia<\/strong><\/p>\n<p>T\u00e4m\u00e4 &#8220;Guards Red&#8221; Porsche 911 Carrera 2 Cabrio valmistettiin joulukuussa 2006, ja se myytiin uutena Espanjassa, jossa se vietti koko el\u00e4m\u00e4ns\u00e4. Nykyinen omistaja hankki sen vuonna 2021. T\u00e4m\u00e4 avoauto on malliesimerkki 997-sukupolven Carrera 2 -mallista, joka tunnetaan kevyest\u00e4 rakenteestaan, korkeakierroksisista moottoreistaan ja tinkim\u00e4tt\u00f6m\u00e4st\u00e4 ajotuntumastaan. Porsche-puristit kritisoivat usein seuraavia 911-malleja liian suuriksi ja raskaiksi, mutta kaikki olivat yht\u00e4 mielt\u00e4 siit\u00e4, ett\u00e4 997 oli viimeinen klassisen mallisarjan auto. Se tarjoaa ketter\u00e4n alustan, luontaisesti puhallettavat moottorit, omaleimaisen \u00e4\u00e4nen ja ainutlaatuisen k\u00e4sitelt\u00e4vyyden, erityisesti RWD-muodossa, kuten t\u00e4ss\u00e4 autossa. T\u00e4m\u00e4n mallin <strong>voimanl\u00e4hteen\u00e4 on 3,6-litrainen<\/strong> <strong>kuusimoottorinen tasakone, joka tuottaa 325 hevosvoimaa<\/strong> ja on suorituskyvylt\u00e4\u00e4n enemm\u00e4n kuin kunnioitettava. Sprintti 0-100 km\/h on mahdollista vain 4,8 sekunnissa, ja huippunopeus on yli 280 km\/h (177 mph). Oleellista on kuitenkin 6-vaihteinen manuaalivaihteisto, joka muuttaa t\u00e4m\u00e4n punaisen cabrioletin v\u00e4litt\u00f6m\u00e4sti tavallisesta 911:st\u00e4 harvinaiseksi ker\u00e4ilyharvinaisuudeksi. Manuaalivaihteisto on eritt\u00e4in toivottava lis\u00e4varuste, joka auttaa autoa saavuttamaan t\u00e4yden suorituskykymahdollisuutensa ja tekee jokaisesta ajosta unohtumattoman kokemuksen.<\/p>\n<p><strong>Sisustus<\/strong><\/p>\n<p>Luonnonruskea sisustus yhdistyy n\u00e4ytt\u00e4v\u00e4sti punaiseen ulkokuoreen, ja se erottaa t\u00e4m\u00e4n mallin entisest\u00e4\u00e4n muista 911-malleista. Sisustus on moitteettomassa kunnossa, eik\u00e4 nahkaistuimissa ole naarmuja. Se on my\u00f6s hyvin varusteltu valinnaisilla urheiluistuimilla, Bose-\u00e4\u00e4nentoistoj\u00e4rjestelm\u00e4ll\u00e4 ja yhteensopivalla ohjauspy\u00f6r\u00e4ll\u00e4. Ainoa ei-alkuper\u00e4inen osa on kosketusn\u00e4yt\u00f6ll\u00e4 varustettu Kenwoodin p\u00e4\u00e4laite, mutta tyylik\u00e4s p\u00e4ivitys sopii t\u00e4ydellisesti kojelaudan muotoiluun. Vaikka t\u00e4t\u00e4 avoautoa on ajettu viikonloppuristeilij\u00e4n\u00e4 aurinkoisessa Espanjassa, upeassa ruskehtavassa sisustuksessa ei ole merkkej\u00e4 auringon aiheuttamista vaurioista.<\/p>\n<p><strong>Kunto<\/strong><\/p>\n<p>Vain 43000 kilometri\u00e4 uudesta, auton yleinen kunto on moitteeton, eik\u00e4 ajoneuvossa ole onnettomuuksia tai vaurioita. Viimeinen moottorihuolto tehtiin vuonna 2022, ja jarrut huollettiin lokakuussa 2023. Auto puhdistettiin perusteellisesti, ja \u00f6ljyanalyysi osoitti, ett\u00e4 moottori ja voimansiirto olivat ihanteellisessa kunnossa. 911-autoilla on aina ollut hyv\u00e4 maine laadusta, ja kun niit\u00e4 huolletaan ja hoidetaan huolellisesti, kuten t\u00e4t\u00e4 autoa, ne voivat kest\u00e4\u00e4 koko elini\u00e4n.<\/p>\n<p><strong>Ulkoasu ja py\u00f6r\u00e4t  <\/strong><\/p>\n<p>Punainen kori on t\u00e4ydellisess\u00e4 kunnossa ilman naarmuja tai kolhuja, eik\u00e4 avoauton katossa ole vaurioita. V\u00e4riyhdistelm\u00e4 on erinomainen ja tekee t\u00e4st\u00e4 esimerkist\u00e4 erottuvan joukosta. T\u00e4ss\u00e4 911 Carrera 2:ssa on Porschen tunnusomaiset 19-tuumaiset &#8220;Lobster Claw&#8221; -vanteet, jotka on k\u00e4\u00e4ritty upouusiin Michelin Pilot Sport -renkaisiin.<\/p>\n<p><strong>Dokumentaatio:<\/strong><\/p>\n<p>T\u00e4m\u00e4n ajoneuvon myy Espanjassa sijaitseva j\u00e4lleenmyyj\u00e4, jolla on asianmukaiset asiakirjat. CarFax-raportti on puhdas; ei todisteita onnettomuuksista, onnettomuuskorjauksista, omistuksesta tai oikeudellisista ongelmista. S\u00e4\u00e4nn\u00f6llisest\u00e4 huollosta on tallenteet sek\u00e4 alkuper\u00e4iset tehtaan esitteet ja kuitit. Espanjan tekninen tarkastus (ITV) sis\u00e4ltyy asiakirjoihin, ja auto l\u00e4p\u00e4isi sen kiitett\u00e4v\u00e4sti. Tarkista <a href=\"https:\/\/pistonaddict.com\/wp-content\/uploads\/2023\/10\/CARFAX-Vehicle-History-Report-PORSCHE-911.pdf\">CarFax-asiakirja<\/a> t\u00e4st\u00e4 kauniista avoauto Porsche 911 Carrera.<\/p>\n<p><strong>Luottokorttij\u00e4lki\/pid\u00e4tys (vapautuu automaattisesti) vaaditaan, jotta voit osallistua t\u00e4m\u00e4n premium-ajoneuvon huutokauppaan.<\/strong><\/p>\n<p>Katso kylm\u00e4k\u00e4ynnistysvideo t\u00e4st\u00e4 kauniista Porsche 911 Carrera avoautosta :<\/p>\n<p><iframe title=\"Cold Start Video of the Porsche 911 Carrera Cabrio 325 CV\" width=\"1200\" height=\"675\" src=\"https:\/\/www.youtube.com\/embed\/FNuC3o32Erw?feature=oembed\" frameborder=\"0\" allow=\"accelerometer; autoplay; clipboard-write; encrypted-media; gyroscope; picture-in-picture; web-share\" allowfullscreen><\/iframe><\/p>\n","protected":false},"excerpt":{"rendered":"<p>Porsche 911:ll\u00e4 on erityinen asema urheiluautojen maailmassa. Sit\u00e4 ei en\u00e4\u00e4 pidet\u00e4 pelkk\u00e4n\u00e4 ajoneuvona, sill\u00e4 se ylitt\u00e4\u00e4 autoteollisuuden rajat ja siit\u00e4 on tullut kulttuurisymboli ja maailmanlaajuisesti tunnustettu muoto. Sukupolviensa aikana 911 on kehittynyt pienest\u00e4 urheilukupeesta nykyp\u00e4iv\u00e4n ylelliseksi GT-autoksi. Oletetaan kuitenkin, ett\u00e4 kaipaat 911-tuntumaa, luonnollisesti imusarjan bokserimoottorin murinaa ja puhdasta ajotuntumaa. T\u00e4ss\u00e4 tapauksessa 997-sukupolvi on viimeinen, joka tarjoaa kaikki n\u00e4m\u00e4 toivotut klassiset ominaisuudet nykyaikaisessa paketissa. Se on t\u00e4ydellisyytt\u00e4 nelj\u00e4ll\u00e4 py\u00f6r\u00e4ll\u00e4 avoautomuodossa ja manuaalivaihteistolla.<\/p>\n","protected":false},"featured_media":53267,"comment_status":"open","ping_status":"closed","template":"","meta":{"inline_featured_image":false},"product_cat":[745],"product_tag":[2097,818,2093,986,2095,817],"acf":[],"yoast_head":"<!-- This site is optimized with the Yoast SEO plugin v22.5 - https:\/\/yoast.com\/wordpress\/plugins\/seo\/ -->\n<title>huutokauppa - Piston Addict<\/title>\n<meta name=\"robots\" content=\"index, follow, max-snippet:-1, max-image-preview:large, max-video-preview:-1\" \/>\n<link rel=\"canonical\" href=\"https:\/\/pistonaddict.com\/fi\/product\/porsche-911-carrera-2-cabrio-997\/\" \/>\n<meta property=\"og:locale\" content=\"fi_FI\" \/>\n<meta property=\"og:type\" content=\"article\" \/>\n<meta property=\"og:title\" content=\"huutokauppa - Piston Addict\" \/>\n<meta property=\"og:description\" content=\"Porsche 911:ll\u00e4 on erityinen asema urheiluautojen maailmassa. Sit\u00e4 ei en\u00e4\u00e4 pidet\u00e4 pelkk\u00e4n\u00e4 ajoneuvona, sill\u00e4 se ylitt\u00e4\u00e4 autoteollisuuden rajat ja siit\u00e4 on tullut kulttuurisymboli ja maailmanlaajuisesti tunnustettu muoto. Sukupolviensa aikana 911 on kehittynyt pienest\u00e4 urheilukupeesta nykyp\u00e4iv\u00e4n ylelliseksi GT-autoksi. Oletetaan kuitenkin, ett\u00e4 kaipaat 911-tuntumaa, luonnollisesti imusarjan bokserimoottorin murinaa ja puhdasta ajotuntumaa. T\u00e4ss\u00e4 tapauksessa 997-sukupolvi on viimeinen, joka tarjoaa kaikki n\u00e4m\u00e4 toivotut klassiset ominaisuudet nykyaikaisessa paketissa. Se on t\u00e4ydellisyytt\u00e4 nelj\u00e4ll\u00e4 py\u00f6r\u00e4ll\u00e4 avoautomuodossa ja manuaalivaihteistolla.\" \/>\n<meta property=\"og:url\" content=\"https:\/\/pistonaddict.com\/fi\/product\/porsche-911-carrera-2-cabrio-997\/\" \/>\n<meta property=\"og:site_name\" content=\"Piston Addict\" \/>\n<meta property=\"article:modified_time\" content=\"2023-12-20T08:47:12+00:00\" \/>\n<meta property=\"og:image\" content=\"https:\/\/pistonaddict.com\/wp-content\/uploads\/2023\/10\/20220624_201726_resized-copia.jpg\" \/>\n\t<meta property=\"og:image:width\" content=\"1008\" \/>\n\t<meta property=\"og:image:height\" content=\"567\" \/>\n\t<meta property=\"og:image:type\" content=\"image\/jpeg\" \/>\n<meta name=\"twitter:card\" content=\"summary_large_image\" \/>\n<meta name=\"twitter:label1\" content=\"Arvioitu lukuaika\" \/>\n\t<meta name=\"twitter:data1\" content=\"2 minutes\" \/>\n<script type=\"application\/ld+json\" class=\"yoast-schema-graph\">{\"@context\":\"https:\/\/schema.org\",\"@graph\":[{\"@type\":\"WebPage\",\"@id\":\"https:\/\/pistonaddict.com\/fi\/product\/porsche-911-carrera-2-cabrio-997\/\",\"url\":\"https:\/\/pistonaddict.com\/fi\/product\/porsche-911-carrera-2-cabrio-997\/\",\"name\":\"huutokauppa - Piston Addict\",\"isPartOf\":{\"@id\":\"https:\/\/pistonaddict.com\/fi\/#website\"},\"primaryImageOfPage\":{\"@id\":\"https:\/\/pistonaddict.com\/fi\/product\/porsche-911-carrera-2-cabrio-997\/#primaryimage\"},\"image\":{\"@id\":\"https:\/\/pistonaddict.com\/fi\/product\/porsche-911-carrera-2-cabrio-997\/#primaryimage\"},\"thumbnailUrl\":\"https:\/\/pistonaddict.com\/wp-content\/uploads\/2023\/10\/20220624_201726_resized-copia.jpg\",\"datePublished\":\"2023-10-06T09:28:15+00:00\",\"dateModified\":\"2023-12-20T08:47:12+00:00\",\"breadcrumb\":{\"@id\":\"https:\/\/pistonaddict.com\/fi\/product\/porsche-911-carrera-2-cabrio-997\/#breadcrumb\"},\"inLanguage\":\"fi\",\"potentialAction\":[{\"@type\":\"ReadAction\",\"target\":[\"https:\/\/pistonaddict.com\/fi\/product\/porsche-911-carrera-2-cabrio-997\/\"]}]},{\"@type\":\"ImageObject\",\"inLanguage\":\"fi\",\"@id\":\"https:\/\/pistonaddict.com\/fi\/product\/porsche-911-carrera-2-cabrio-997\/#primaryimage\",\"url\":\"https:\/\/pistonaddict.com\/wp-content\/uploads\/2023\/10\/20220624_201726_resized-copia.jpg\",\"contentUrl\":\"https:\/\/pistonaddict.com\/wp-content\/uploads\/2023\/10\/20220624_201726_resized-copia.jpg\",\"width\":1008,\"height\":567},{\"@type\":\"BreadcrumbList\",\"@id\":\"https:\/\/pistonaddict.com\/fi\/product\/porsche-911-carrera-2-cabrio-997\/#breadcrumb\",\"itemListElement\":[{\"@type\":\"ListItem\",\"position\":1,\"name\":\"Kotisivu\",\"item\":\"https:\/\/pistonaddict.com\/fi\/kotisivu-2\/\"},{\"@type\":\"ListItem\",\"position\":2,\"name\":\"Auctions\",\"item\":\"https:\/\/pistonaddict.com\/auctions-listing\/\"},{\"@type\":\"ListItem\",\"position\":3,\"name\":\"Porsche 911 Carrera 2 Cabrio (997)\"}]},{\"@type\":\"WebSite\",\"@id\":\"https:\/\/pistonaddict.com\/fi\/#website\",\"url\":\"https:\/\/pistonaddict.com\/fi\/\",\"name\":\"Piston Addict\",\"description\":\"Only interesting vehicles\",\"publisher\":{\"@id\":\"https:\/\/pistonaddict.com\/fi\/#organization\"},\"potentialAction\":[{\"@type\":\"SearchAction\",\"target\":{\"@type\":\"EntryPoint\",\"urlTemplate\":\"https:\/\/pistonaddict.com\/fi\/?s={search_term_string}\"},\"query-input\":\"required name=search_term_string\"}],\"inLanguage\":\"fi\"},{\"@type\":\"Organization\",\"@id\":\"https:\/\/pistonaddict.com\/fi\/#organization\",\"name\":\"Piston Addict\",\"url\":\"https:\/\/pistonaddict.com\/fi\/\",\"logo\":{\"@type\":\"ImageObject\",\"inLanguage\":\"fi\",\"@id\":\"https:\/\/pistonaddict.com\/fi\/#\/schema\/logo\/image\/\",\"url\":\"https:\/\/pistonaddict.com\/wp-content\/uploads\/2022\/07\/logo-6.png\",\"contentUrl\":\"https:\/\/pistonaddict.com\/wp-content\/uploads\/2022\/07\/logo-6.png\",\"width\":970,\"height\":200,\"caption\":\"Piston Addict\"},\"image\":{\"@id\":\"https:\/\/pistonaddict.com\/fi\/#\/schema\/logo\/image\/\"}}]}<\/script>\n<!-- \/ Yoast SEO plugin. -->","yoast_head_json":{"title":"huutokauppa - Piston Addict","robots":{"index":"index","follow":"follow","max-snippet":"max-snippet:-1","max-image-preview":"max-image-preview:large","max-video-preview":"max-video-preview:-1"},"canonical":"https:\/\/pistonaddict.com\/fi\/product\/porsche-911-carrera-2-cabrio-997\/","og_locale":"fi_FI","og_type":"article","og_title":"huutokauppa - Piston Addict","og_description":"Porsche 911:ll\u00e4 on erityinen asema urheiluautojen maailmassa. Sit\u00e4 ei en\u00e4\u00e4 pidet\u00e4 pelkk\u00e4n\u00e4 ajoneuvona, sill\u00e4 se ylitt\u00e4\u00e4 autoteollisuuden rajat ja siit\u00e4 on tullut kulttuurisymboli ja maailmanlaajuisesti tunnustettu muoto. Sukupolviensa aikana 911 on kehittynyt pienest\u00e4 urheilukupeesta nykyp\u00e4iv\u00e4n ylelliseksi GT-autoksi. Oletetaan kuitenkin, ett\u00e4 kaipaat 911-tuntumaa, luonnollisesti imusarjan bokserimoottorin murinaa ja puhdasta ajotuntumaa. T\u00e4ss\u00e4 tapauksessa 997-sukupolvi on viimeinen, joka tarjoaa kaikki n\u00e4m\u00e4 toivotut klassiset ominaisuudet nykyaikaisessa paketissa. Se on t\u00e4ydellisyytt\u00e4 nelj\u00e4ll\u00e4 py\u00f6r\u00e4ll\u00e4 avoautomuodossa ja manuaalivaihteistolla.","og_url":"https:\/\/pistonaddict.com\/fi\/product\/porsche-911-carrera-2-cabrio-997\/","og_site_name":"Piston Addict","article_modified_time":"2023-12-20T08:47:12+00:00","og_image":[{"width":1008,"height":567,"url":"https:\/\/pistonaddict.com\/wp-content\/uploads\/2023\/10\/20220624_201726_resized-copia.jpg","type":"image\/jpeg"}],"twitter_card":"summary_large_image","twitter_misc":{"Arvioitu lukuaika":"2 minutes"},"schema":{"@context":"https:\/\/schema.org","@graph":[{"@type":"WebPage","@id":"https:\/\/pistonaddict.com\/fi\/product\/porsche-911-carrera-2-cabrio-997\/","url":"https:\/\/pistonaddict.com\/fi\/product\/porsche-911-carrera-2-cabrio-997\/","name":"huutokauppa - Piston Addict","isPartOf":{"@id":"https:\/\/pistonaddict.com\/fi\/#website"},"primaryImageOfPage":{"@id":"https:\/\/pistonaddict.com\/fi\/product\/porsche-911-carrera-2-cabrio-997\/#primaryimage"},"image":{"@id":"https:\/\/pistonaddict.com\/fi\/product\/porsche-911-carrera-2-cabrio-997\/#primaryimage"},"thumbnailUrl":"https:\/\/pistonaddict.com\/wp-content\/uploads\/2023\/10\/20220624_201726_resized-copia.jpg","datePublished":"2023-10-06T09:28:15+00:00","dateModified":"2023-12-20T08:47:12+00:00","breadcrumb":{"@id":"https:\/\/pistonaddict.com\/fi\/product\/porsche-911-carrera-2-cabrio-997\/#breadcrumb"},"inLanguage":"fi","potentialAction":[{"@type":"ReadAction","target":["https:\/\/pistonaddict.com\/fi\/product\/porsche-911-carrera-2-cabrio-997\/"]}]},{"@type":"ImageObject","inLanguage":"fi","@id":"https:\/\/pistonaddict.com\/fi\/product\/porsche-911-carrera-2-cabrio-997\/#primaryimage","url":"https:\/\/pistonaddict.com\/wp-content\/uploads\/2023\/10\/20220624_201726_resized-copia.jpg","contentUrl":"https:\/\/pistonaddict.com\/wp-content\/uploads\/2023\/10\/20220624_201726_resized-copia.jpg","width":1008,"height":567},{"@type":"BreadcrumbList","@id":"https:\/\/pistonaddict.com\/fi\/product\/porsche-911-carrera-2-cabrio-997\/#breadcrumb","itemListElement":[{"@type":"ListItem","position":1,"name":"Kotisivu","item":"https:\/\/pistonaddict.com\/fi\/kotisivu-2\/"},{"@type":"ListItem","position":2,"name":"Auctions","item":"https:\/\/pistonaddict.com\/auctions-listing\/"},{"@type":"ListItem","position":3,"name":"Porsche 911 Carrera 2 Cabrio (997)"}]},{"@type":"WebSite","@id":"https:\/\/pistonaddict.com\/fi\/#website","url":"https:\/\/pistonaddict.com\/fi\/","name":"Piston Addict","description":"Only interesting vehicles","publisher":{"@id":"https:\/\/pistonaddict.com\/fi\/#organization"},"potentialAction":[{"@type":"SearchAction","target":{"@type":"EntryPoint","urlTemplate":"https:\/\/pistonaddict.com\/fi\/?s={search_term_string}"},"query-input":"required name=search_term_string"}],"inLanguage":"fi"},{"@type":"Organization","@id":"https:\/\/pistonaddict.com\/fi\/#organization","name":"Piston Addict","url":"https:\/\/pistonaddict.com\/fi\/","logo":{"@type":"ImageObject","inLanguage":"fi","@id":"https:\/\/pistonaddict.com\/fi\/#\/schema\/logo\/image\/","url":"https:\/\/pistonaddict.com\/wp-content\/uploads\/2022\/07\/logo-6.png","contentUrl":"https:\/\/pistonaddict.com\/wp-content\/uploads\/2022\/07\/logo-6.png","width":970,"height":200,"caption":"Piston Addict"},"image":{"@id":"https:\/\/pistonaddict.com\/fi\/#\/schema\/logo\/image\/"}}]}},"_links":{"self":[{"href":"https:\/\/pistonaddict.com\/fi\/wp-json\/wp\/v2\/product\/53487"}],"collection":[{"href":"https:\/\/pistonaddict.com\/fi\/wp-json\/wp\/v2\/product"}],"about":[{"href":"https:\/\/pistonaddict.com\/fi\/wp-json\/wp\/v2\/types\/product"}],"replies":[{"embeddable":true,"href":"https:\/\/pistonaddict.com\/fi\/wp-json\/wp\/v2\/comments?post=53487"}],"wp:featuredmedia":[{"embeddable":true,"href":"https:\/\/pistonaddict.com\/fi\/wp-json\/wp\/v2\/media\/53267"}],"wp:attachment":[{"href":"https:\/\/pistonaddict.com\/fi\/wp-json\/wp\/v2\/media?parent=53487"}],"wp:term":[{"taxonomy":"product_cat","embeddable":true,"href":"https:\/\/pistonaddict.com\/fi\/wp-json\/wp\/v2\/product_cat?post=53487"},{"taxonomy":"product_tag","embeddable":true,"href":"https:\/\/pistonaddict.com\/fi\/wp-json\/wp\/v2\/product_tag?post=53487"}],"curies":[{"name":"wp","href":"https:\/\/api.w.org\/{rel}","templated":true}]}}