{"id":47827,"date":"2024-01-16T09:00:29","date_gmt":"2024-01-16T08:00:29","guid":{"rendered":"https:\/\/pistonaddict.com\/product\/morgan-roadster-v6-3-0\/"},"modified":"2024-03-20T09:43:39","modified_gmt":"2024-03-20T08:43:39","slug":"morgan-roadster-v6-3-0","status":"publish","type":"product","link":"https:\/\/pistonaddict.com\/fi\/product\/morgan-roadster-v6-3-0\/","title":{"rendered":"Morgan Roadster V6 3.0"},"content":{"rendered":"<p><strong>Auton historia<\/strong><\/p>\n<p>T\u00e4m\u00e4n tyylikk\u00e4\u00e4n roadsterin nykyinen omistaja hankki auton vuonna 2010, jolloin se oli vain kolme vuotta vanha. Se toimitettiin uutena, ja se vietti koko el\u00e4m\u00e4ns\u00e4 Espanjassa, jossa sit\u00e4 k\u00e4ytettiin rentouttaviin ajeluihin rannikkoa pitkin. T\u00e4m\u00e4 Morganin kunnianarvoisen roadsterin sukupolvi esiteltiin vuonna 2004, ja vaikka se oli ulkoisesti l\u00e4hes erottamaton, se sis\u00e4lsi eritt\u00e4in tervetulleen parannuksen pitk\u00e4n konepellin alla &#8211; Fordin Duratec 3,0-litraisen V6-moottorin. 24 venttiilin, modernin rakenteen ja vertaansa vailla olevan luotettavuuden ansiosta Fordin V6-moottori on l\u00e4hes kaikin puolin parempi kuin Morganin k\u00e4ytt\u00e4m\u00e4 vanha Rover V8-moottori. T\u00e4m\u00e4 moottori tuottaa kunnioitettavat 223 hevosvoimaa, ja koska V6-moottori on lyhyempi kuin V8-moottori, se on sijoitettu enemm\u00e4n auton keskelle, mik\u00e4 parantaa auton k\u00e4sitelt\u00e4vyytt\u00e4. Kuten luultavasti tied\u00e4t, yksi Morganin ainutlaatuisen ajodynamiikan salaisuuksista on sen osittain puusta valmistettu alusta. Kun k\u00e4yt\u00f6ss\u00e4si on siis vajaan tonnin painoinen roadster, ajokokemus on el\u00e4v\u00e4 ja huomaat jokaisen yksityiskohdan ajossa, kiihtyvyydess\u00e4 ja k\u00e4sitelt\u00e4vyydess\u00e4. Se muuten saavuttaa 100 km\/h 5,5 sekunnissa, mik\u00e4 tekee siit\u00e4 eritt\u00e4in j\u00e4nnitt\u00e4v\u00e4n ajettavan.<\/p>\n<p><strong>Kunto<\/strong><\/p>\n<p>T\u00e4ll\u00e4 Morgan Roadsterilla on ajettu vain hieman yli 41 000 kilometri\u00e4, ja sill\u00e4 on kaksi omistajaa uudesta l\u00e4htien. Yleiskunto on eritt\u00e4in hyv\u00e4, eik\u00e4 siin\u00e4 ole vaurioita, kolareita tai ulkopuolisia korjauksia. Sit\u00e4 huollettiin s\u00e4\u00e4nn\u00f6llisesti ilman muutoksia moottoriin, koriin tai jousitukseen. Omistaja kunnosti hiljattain jarrut ja teki \u00f6ljyanalyysin, jonka tulos oli negatiivinen, mik\u00e4 tarkoittaa, ett\u00e4 moottori on t\u00e4ydellisess\u00e4 kunnossa. Se on odotettavissa, sill\u00e4 Fordin 3,0-litrainen V6-moottori on tunnettu kest\u00e4vyydest\u00e4\u00e4n ja pitk\u00e4ik\u00e4isyydest\u00e4\u00e4n.<\/p>\n<p><strong>Sisustus<\/strong><\/p>\n<p>Yksi Morgan Roadsterin parhaista ominaisuuksista oli sen klassinen mutta tyylik\u00e4s sisustus, ja t\u00e4ss\u00e4 tapauksessa sit\u00e4 on parannettu legendaarisella Moto-Litan puisella ohjauspy\u00f6r\u00e4ll\u00e4. Puisessa kojelaudassa on t\u00e4ydellinen mittaristo, audioj\u00e4rjestelm\u00e4 ja kello. Samalla istuimet on verhoiltu kauniilla beigell\u00e4 nahalla, joka on ihanteellisessa kunnossa ja sopii t\u00e4ydellisesti ulkov\u00e4riin. Musta avoauto katto on my\u00f6s hyv\u00e4ss\u00e4 kunnossa ja harvoin k\u00e4ytetty, koska ajoneuvo on varastoitu autotallissa ja ajettu kauniilla s\u00e4\u00e4ll\u00e4. Mukana on my\u00f6s alkuper\u00e4inen Morganin sis\u00e4kansi.<\/p>\n<p><strong>Ulkoasu ja py\u00f6r\u00e4t<\/strong><\/p>\n<p>Virallisesti Connaught Green, mutta tunnetumpi nimell\u00e4 BRG (British Racing Green), t\u00e4m\u00e4 Morgan on viimeistelty kaikkein halutuimmalla v\u00e4rill\u00e4. Klassinen tumma s\u00e4vy, joka sopii t\u00e4ydellisesti beigeen sisustukseen, on paras mahdollinen varustelu kaikille klassisille brittil\u00e4isille roadstereille. Runko on t\u00e4ydellisess\u00e4 kunnossa ilman naarmuja tai v\u00e4rimuutoksia ja j\u00e4nnitt\u00e4vill\u00e4 yksityiskohdilla, kuten sumuvaloilla, merkinn\u00f6ill\u00e4 ja nahkav\u00f6ill\u00e4, jotka pit\u00e4v\u00e4t konepellin paikallaan (konepellin tarra voidaan helposti poistaa). Ulkon\u00e4k\u00f6\u00e4 t\u00e4ydent\u00e4v\u00e4t 18-tuumaiset lankavanteet, jotka on k\u00e4\u00e4ritty Yokohaman renkaisiin, sek\u00e4 taakse asennettu t\u00e4ysikokoinen varapy\u00f6r\u00e4. Vanteet saattavat n\u00e4ytt\u00e4\u00e4 silt\u00e4, ett\u00e4 ne ovat 40-luvulta, mutta ne ovat upouusia ja rakkaudella uudelleen valmistettuja osia, jotka on suunniteltu nykyaikaiselle kumille.<\/p>\n<p><strong>Dokumentaatio<\/strong><\/p>\n<p>T\u00e4m\u00e4 on yksityisomistuksessa oleva ajoneuvo, jolla on asianmukaiset asiakirjat ja joka sijaitsee Palma de Mallorcalla, Espanjassa. Raportit ovat puhtaat; ei todisteita onnettomuuksista, onnettomuuskorjauksista, omistuksesta tai oikeudellisista ongelmista. S\u00e4\u00e4nn\u00f6llisest\u00e4 huollosta on tiedot vuodelta 2020.<br \/>\nVoit tarkistaa t\u00e4m\u00e4n Morgan Roadster V6 -avoauton CarFaxin <a href=\"https:\/\/pistonaddict.com\/wp-content\/uploads\/2023\/08\/CARFAX-Vehicle-History-Report-MORGAN-ROADSTER-Convertible-2007.pdf\">t\u00e4\u00e4lt\u00e4<\/a>. <strong>Espanjan MOT (ITV) hyv\u00e4ksytty ja voimassa 4. elokuuta 2024 asti<\/strong>.<\/p>\n<p><strong>Varusteet ja lis\u00e4varusteet<\/strong><\/p>\n<p>&#8211; Motolita klassinen puinen ohjauspy\u00f6r\u00e4<br \/>\n&#8211; Puinen kojelauta<br \/>\n&#8211; Ter\u00e4ksinen vaihteenvaihtonuppi<br \/>\n&#8211; Nahkaovien sivutaskut<br \/>\n&#8211; Morganin kilven poikkipalkin koristeet<br \/>\n&#8211; Sis\u00e4tilojen lukituslistat Morganin kilvell\u00e4<br \/>\n&#8211; Kello<br \/>\n&#8211; Radio CD\/MP3 Blaupunkt<br \/>\n&#8211; 2 ylim\u00e4\u00e4r\u00e4ist\u00e4 etuvaloa<br \/>\n&#8211; Sis\u00e4tilojen nahkavy\u00f6, joka on vuorattu lampaannahalla konepellin p\u00e4\u00e4ll\u00e4.<br \/>\n&#8211; Musta nahkaiset aurinkovarjot<br \/>\n&#8211; Akun varkaudenesto<br \/>\n&#8211; Etupalkki merkkej\u00e4\/kilpi\u00e4 varten<br \/>\n&#8211; Musta nahkainen hupun suojus Morganin kilvell\u00e4<br \/>\n&#8211; 2 mustaa nahkaverhoilua metakrylaatti-ikkunoita varten, joissa on Morganin kilpi<br \/>\n&#8211; Auton sis\u00e4tilojen suojapeite (sininen kangas), jossa on Morganin kilpi.<\/p>\n<p><strong>Tarkista Kylm\u00e4k\u00e4ynnistys video t\u00e4m\u00e4n kauniin Morgan Roadster V6 avoauto :<\/strong><\/p>\n<p><iframe title=\"Cold Start : Morgan Roadster V6 3.0 on PistonAddict.com\" width=\"1200\" height=\"675\" src=\"https:\/\/www.youtube.com\/embed\/yLSfe-ePOFg?start=29&#038;feature=oembed\" frameborder=\"0\" allow=\"accelerometer; autoplay; clipboard-write; encrypted-media; gyroscope; picture-in-picture; web-share\" allowfullscreen><\/iframe><\/p>\n","protected":false},"excerpt":{"rendered":"<p>Monien brittil\u00e4isten klassikoiden joukossa Morgan Roadster on kiistatta brittil\u00e4isen vieh\u00e4tyksen ruumiillistuma autojen muodossa. Ajaton muotoilu, joka juontaa juurensa roadstereiden alkuaikoihin, ja vuodesta 1950 l\u00e4htien katkeamaton mallilinja tekev\u00e4t modernista Morgan Plus Sixist\u00e4 vastustamattoman yhdistelm\u00e4n ainutlaatuista rakennetta, mittatilausty\u00f6n\u00e4 ja k\u00e4sity\u00f6n\u00e4 tehty\u00e4 tuotantoa sek\u00e4 voimakasta V6-kuutosmoottoria, joka tekee t\u00e4st\u00e4 aidosta klassikosta kyvykk\u00e4\u00e4n avoimeen urheiluautoon.<\/p>\n","protected":false},"featured_media":46729,"comment_status":"open","ping_status":"closed","template":"","meta":{"inline_featured_image":false},"product_cat":[745],"product_tag":[2005,2003,986,1998,2000],"acf":[],"yoast_head":"<!-- This site is optimized with the Yoast SEO plugin v22.5 - https:\/\/yoast.com\/wordpress\/plugins\/seo\/ -->\n<title>huutokauppa - Piston Addict<\/title>\n<meta name=\"description\" content=\"Mahtava Morgan Roadster V6 3.0 vuodelta 2007 erinomaisessa kunnossa huutokaupassa myynniss\u00e4 PistonAddict.comissa\" \/>\n<meta name=\"robots\" content=\"index, follow, max-snippet:-1, max-image-preview:large, max-video-preview:-1\" \/>\n<link rel=\"canonical\" href=\"https:\/\/pistonaddict.com\/fi\/product\/morgan-roadster-v6-3-0\/\" \/>\n<meta property=\"og:locale\" content=\"fi_FI\" \/>\n<meta property=\"og:type\" content=\"article\" \/>\n<meta property=\"og:title\" content=\"huutokauppa - Piston Addict\" \/>\n<meta property=\"og:description\" content=\"Mahtava Morgan Roadster V6 3.0 vuodelta 2007 erinomaisessa kunnossa huutokaupassa myynniss\u00e4 PistonAddict.comissa\" \/>\n<meta property=\"og:url\" content=\"https:\/\/pistonaddict.com\/fi\/product\/morgan-roadster-v6-3-0\/\" \/>\n<meta property=\"og:site_name\" content=\"Piston Addict\" \/>\n<meta property=\"article:modified_time\" content=\"2024-03-20T08:43:39+00:00\" \/>\n<meta property=\"og:image\" content=\"https:\/\/pistonaddict.com\/wp-content\/uploads\/2023\/08\/DSC0169-scaled.jpg\" \/>\n\t<meta property=\"og:image:width\" content=\"2560\" \/>\n\t<meta property=\"og:image:height\" content=\"1707\" \/>\n\t<meta property=\"og:image:type\" content=\"image\/jpeg\" \/>\n<meta name=\"twitter:card\" content=\"summary_large_image\" \/>\n<meta name=\"twitter:label1\" content=\"Arvioitu lukuaika\" \/>\n\t<meta name=\"twitter:data1\" content=\"3 minutes\" \/>\n<script type=\"application\/ld+json\" class=\"yoast-schema-graph\">{\"@context\":\"https:\/\/schema.org\",\"@graph\":[{\"@type\":\"WebPage\",\"@id\":\"https:\/\/pistonaddict.com\/fi\/product\/morgan-roadster-v6-3-0\/\",\"url\":\"https:\/\/pistonaddict.com\/fi\/product\/morgan-roadster-v6-3-0\/\",\"name\":\"huutokauppa - Piston Addict\",\"isPartOf\":{\"@id\":\"https:\/\/pistonaddict.com\/fi\/#website\"},\"primaryImageOfPage\":{\"@id\":\"https:\/\/pistonaddict.com\/fi\/product\/morgan-roadster-v6-3-0\/#primaryimage\"},\"image\":{\"@id\":\"https:\/\/pistonaddict.com\/fi\/product\/morgan-roadster-v6-3-0\/#primaryimage\"},\"thumbnailUrl\":\"https:\/\/pistonaddict.com\/wp-content\/uploads\/2023\/08\/DSC0169-scaled.jpg\",\"datePublished\":\"2024-01-16T08:00:29+00:00\",\"dateModified\":\"2024-03-20T08:43:39+00:00\",\"description\":\"Mahtava Morgan Roadster V6 3.0 vuodelta 2007 erinomaisessa kunnossa huutokaupassa myynniss\u00e4 PistonAddict.comissa\",\"breadcrumb\":{\"@id\":\"https:\/\/pistonaddict.com\/fi\/product\/morgan-roadster-v6-3-0\/#breadcrumb\"},\"inLanguage\":\"fi\",\"potentialAction\":[{\"@type\":\"ReadAction\",\"target\":[\"https:\/\/pistonaddict.com\/fi\/product\/morgan-roadster-v6-3-0\/\"]}]},{\"@type\":\"ImageObject\",\"inLanguage\":\"fi\",\"@id\":\"https:\/\/pistonaddict.com\/fi\/product\/morgan-roadster-v6-3-0\/#primaryimage\",\"url\":\"https:\/\/pistonaddict.com\/wp-content\/uploads\/2023\/08\/DSC0169-scaled.jpg\",\"contentUrl\":\"https:\/\/pistonaddict.com\/wp-content\/uploads\/2023\/08\/DSC0169-scaled.jpg\",\"width\":2560,\"height\":1707},{\"@type\":\"BreadcrumbList\",\"@id\":\"https:\/\/pistonaddict.com\/fi\/product\/morgan-roadster-v6-3-0\/#breadcrumb\",\"itemListElement\":[{\"@type\":\"ListItem\",\"position\":1,\"name\":\"Kotisivu\",\"item\":\"https:\/\/pistonaddict.com\/fi\/kotisivu-2\/\"},{\"@type\":\"ListItem\",\"position\":2,\"name\":\"Auctions\",\"item\":\"https:\/\/pistonaddict.com\/auctions-listing\/\"},{\"@type\":\"ListItem\",\"position\":3,\"name\":\"Morgan Roadster V6 3.0\"}]},{\"@type\":\"WebSite\",\"@id\":\"https:\/\/pistonaddict.com\/fi\/#website\",\"url\":\"https:\/\/pistonaddict.com\/fi\/\",\"name\":\"Piston Addict\",\"description\":\"Only interesting vehicles\",\"publisher\":{\"@id\":\"https:\/\/pistonaddict.com\/fi\/#organization\"},\"potentialAction\":[{\"@type\":\"SearchAction\",\"target\":{\"@type\":\"EntryPoint\",\"urlTemplate\":\"https:\/\/pistonaddict.com\/fi\/?s={search_term_string}\"},\"query-input\":\"required name=search_term_string\"}],\"inLanguage\":\"fi\"},{\"@type\":\"Organization\",\"@id\":\"https:\/\/pistonaddict.com\/fi\/#organization\",\"name\":\"Piston Addict\",\"url\":\"https:\/\/pistonaddict.com\/fi\/\",\"logo\":{\"@type\":\"ImageObject\",\"inLanguage\":\"fi\",\"@id\":\"https:\/\/pistonaddict.com\/fi\/#\/schema\/logo\/image\/\",\"url\":\"https:\/\/pistonaddict.com\/wp-content\/uploads\/2022\/07\/logo-6.png\",\"contentUrl\":\"https:\/\/pistonaddict.com\/wp-content\/uploads\/2022\/07\/logo-6.png\",\"width\":970,\"height\":200,\"caption\":\"Piston Addict\"},\"image\":{\"@id\":\"https:\/\/pistonaddict.com\/fi\/#\/schema\/logo\/image\/\"}}]}<\/script>\n<!-- \/ Yoast SEO plugin. -->","yoast_head_json":{"title":"huutokauppa - Piston Addict","description":"Mahtava Morgan Roadster V6 3.0 vuodelta 2007 erinomaisessa kunnossa huutokaupassa myynniss\u00e4 PistonAddict.comissa","robots":{"index":"index","follow":"follow","max-snippet":"max-snippet:-1","max-image-preview":"max-image-preview:large","max-video-preview":"max-video-preview:-1"},"canonical":"https:\/\/pistonaddict.com\/fi\/product\/morgan-roadster-v6-3-0\/","og_locale":"fi_FI","og_type":"article","og_title":"huutokauppa - Piston Addict","og_description":"Mahtava Morgan Roadster V6 3.0 vuodelta 2007 erinomaisessa kunnossa huutokaupassa myynniss\u00e4 PistonAddict.comissa","og_url":"https:\/\/pistonaddict.com\/fi\/product\/morgan-roadster-v6-3-0\/","og_site_name":"Piston Addict","article_modified_time":"2024-03-20T08:43:39+00:00","og_image":[{"width":2560,"height":1707,"url":"https:\/\/pistonaddict.com\/wp-content\/uploads\/2023\/08\/DSC0169-scaled.jpg","type":"image\/jpeg"}],"twitter_card":"summary_large_image","twitter_misc":{"Arvioitu lukuaika":"3 minutes"},"schema":{"@context":"https:\/\/schema.org","@graph":[{"@type":"WebPage","@id":"https:\/\/pistonaddict.com\/fi\/product\/morgan-roadster-v6-3-0\/","url":"https:\/\/pistonaddict.com\/fi\/product\/morgan-roadster-v6-3-0\/","name":"huutokauppa - Piston Addict","isPartOf":{"@id":"https:\/\/pistonaddict.com\/fi\/#website"},"primaryImageOfPage":{"@id":"https:\/\/pistonaddict.com\/fi\/product\/morgan-roadster-v6-3-0\/#primaryimage"},"image":{"@id":"https:\/\/pistonaddict.com\/fi\/product\/morgan-roadster-v6-3-0\/#primaryimage"},"thumbnailUrl":"https:\/\/pistonaddict.com\/wp-content\/uploads\/2023\/08\/DSC0169-scaled.jpg","datePublished":"2024-01-16T08:00:29+00:00","dateModified":"2024-03-20T08:43:39+00:00","description":"Mahtava Morgan Roadster V6 3.0 vuodelta 2007 erinomaisessa kunnossa huutokaupassa myynniss\u00e4 PistonAddict.comissa","breadcrumb":{"@id":"https:\/\/pistonaddict.com\/fi\/product\/morgan-roadster-v6-3-0\/#breadcrumb"},"inLanguage":"fi","potentialAction":[{"@type":"ReadAction","target":["https:\/\/pistonaddict.com\/fi\/product\/morgan-roadster-v6-3-0\/"]}]},{"@type":"ImageObject","inLanguage":"fi","@id":"https:\/\/pistonaddict.com\/fi\/product\/morgan-roadster-v6-3-0\/#primaryimage","url":"https:\/\/pistonaddict.com\/wp-content\/uploads\/2023\/08\/DSC0169-scaled.jpg","contentUrl":"https:\/\/pistonaddict.com\/wp-content\/uploads\/2023\/08\/DSC0169-scaled.jpg","width":2560,"height":1707},{"@type":"BreadcrumbList","@id":"https:\/\/pistonaddict.com\/fi\/product\/morgan-roadster-v6-3-0\/#breadcrumb","itemListElement":[{"@type":"ListItem","position":1,"name":"Kotisivu","item":"https:\/\/pistonaddict.com\/fi\/kotisivu-2\/"},{"@type":"ListItem","position":2,"name":"Auctions","item":"https:\/\/pistonaddict.com\/auctions-listing\/"},{"@type":"ListItem","position":3,"name":"Morgan Roadster V6 3.0"}]},{"@type":"WebSite","@id":"https:\/\/pistonaddict.com\/fi\/#website","url":"https:\/\/pistonaddict.com\/fi\/","name":"Piston Addict","description":"Only interesting vehicles","publisher":{"@id":"https:\/\/pistonaddict.com\/fi\/#organization"},"potentialAction":[{"@type":"SearchAction","target":{"@type":"EntryPoint","urlTemplate":"https:\/\/pistonaddict.com\/fi\/?s={search_term_string}"},"query-input":"required name=search_term_string"}],"inLanguage":"fi"},{"@type":"Organization","@id":"https:\/\/pistonaddict.com\/fi\/#organization","name":"Piston Addict","url":"https:\/\/pistonaddict.com\/fi\/","logo":{"@type":"ImageObject","inLanguage":"fi","@id":"https:\/\/pistonaddict.com\/fi\/#\/schema\/logo\/image\/","url":"https:\/\/pistonaddict.com\/wp-content\/uploads\/2022\/07\/logo-6.png","contentUrl":"https:\/\/pistonaddict.com\/wp-content\/uploads\/2022\/07\/logo-6.png","width":970,"height":200,"caption":"Piston Addict"},"image":{"@id":"https:\/\/pistonaddict.com\/fi\/#\/schema\/logo\/image\/"}}]}},"_links":{"self":[{"href":"https:\/\/pistonaddict.com\/fi\/wp-json\/wp\/v2\/product\/47827"}],"collection":[{"href":"https:\/\/pistonaddict.com\/fi\/wp-json\/wp\/v2\/product"}],"about":[{"href":"https:\/\/pistonaddict.com\/fi\/wp-json\/wp\/v2\/types\/product"}],"replies":[{"embeddable":true,"href":"https:\/\/pistonaddict.com\/fi\/wp-json\/wp\/v2\/comments?post=47827"}],"wp:featuredmedia":[{"embeddable":true,"href":"https:\/\/pistonaddict.com\/fi\/wp-json\/wp\/v2\/media\/46729"}],"wp:attachment":[{"href":"https:\/\/pistonaddict.com\/fi\/wp-json\/wp\/v2\/media?parent=47827"}],"wp:term":[{"taxonomy":"product_cat","embeddable":true,"href":"https:\/\/pistonaddict.com\/fi\/wp-json\/wp\/v2\/product_cat?post=47827"},{"taxonomy":"product_tag","embeddable":true,"href":"https:\/\/pistonaddict.com\/fi\/wp-json\/wp\/v2\/product_tag?post=47827"}],"curies":[{"name":"wp","href":"https:\/\/api.w.org\/{rel}","templated":true}]}}