{"id":45996,"date":"2023-06-16T15:02:15","date_gmt":"2023-06-16T13:02:15","guid":{"rendered":"https:\/\/pistonaddict.com\/product\/audi-r8-v10-red-dynamite\/"},"modified":"2023-12-20T09:45:09","modified_gmt":"2023-12-20T08:45:09","slug":"audi-r8-v10-red-dynamite","status":"publish","type":"product","link":"https:\/\/pistonaddict.com\/fi\/product\/audi-r8-v10-red-dynamite\/","title":{"rendered":"Audi R8 V10 Red Dynamite"},"content":{"rendered":"<h2>Ulkoasu<\/h2>\n<p>Kirkkaanpunainen viimeistely ja mustat yksityiskohdat, Kirkkaanpunaiseksi maalattu Audi R8 ei j\u00e4\u00e4 huomaamatta miss\u00e4\u00e4n, miss\u00e4 tahansa se esiintyykin. Lis\u00e4ksi esimerkiksi kromattu s\u00e4leikk\u00f6 ja hiilikuituiset peilien suojukset vain parantavat sen ulkon\u00e4k\u00f6\u00e4. Rehellisesti sanottuna R8 on kuitenkin upea auto kaikissa v\u00e4reiss\u00e4 ja riippumatta t\u00e4llaisten yksityiskohtien olemassaolosta.<\/p>\n<p>Lopputulos on, ett\u00e4 saksalaiset suunnittelijat ovat saavuttaneet R8:ssa l\u00e4hes t\u00e4ydellisen yhdistelm\u00e4n aggressiivisuutta ja hienovaraisuutta. On vaikea uskoa, ett\u00e4 alla on enemm\u00e4n tai v\u00e4hemm\u00e4n Lamborgini Aventador, joka on paljon n\u00e4ytt\u00e4v\u00e4mpi ja r\u00e4ike\u00e4mpi. Jos siis etsit suorituskykyist\u00e4 urheiluautoa, mutta et halua n\u00e4ytt\u00e4\u00e4 pr\u00f6yst\u00e4ilij\u00e4lt\u00e4, R8 on yksi parhaista vaihtoehdoista. Joitakin muita huomionarvoisia yksityiskohtia t\u00e4ss\u00e4 2-paikkaisessa autossa ovat massiivinen takaspoileri ja tehtaalla asennetut 20-tuumaiset vanteet, joissa on upouudet Good Year Eagle -renkaat.<\/p>\n<h2>Sisustus<\/h2>\n<p>T\u00e4m\u00e4n R8:n sis\u00e4tiloja hallitsee mustan nahan, punaisten tikkausten ja hiilikuitukoristeiden yhdistelm\u00e4. Istuimet, jotka n\u00e4ytt\u00e4v\u00e4t silt\u00e4 kuin ne olisivat juuri l\u00e4hteneet tehtaalta, ovat tukevat ja mukavat samaan aikaan. Lis\u00e4ksi on nahkaverhoiltu 3-puolainen ohjauspy\u00f6r\u00e4, jossa on ohjauspainikkeet kaikkia t\u00e4rkeit\u00e4 toimintoja varten. N\u00e4ihin kuuluu tavallisten, esimerkiksi stereo- tai matkatietokoneiden painikkeiden lis\u00e4ksi my\u00f6s painike ajotilan valintaa, k\u00e4ynnistyksen ohjausta ja pakokaasun virityst\u00e4 varten.<\/p>\n<p>Ohjauspy\u00f6r\u00e4n takana on digitaalinen mittaristo, joka voi n\u00e4ytt\u00e4\u00e4 perustietojen lis\u00e4ksi paljon muutakin. Siihen kuuluvat navigointi, peruutuskamera ja stereot, jotka on muuten valmistanut maailmankuulu Bang&amp;Olufsen.<\/p>\n<h2>Mekaniikka<\/h2>\n<p>Hienovaraisen ja tyylikk\u00e4\u00e4n ulkokuoren alla t\u00e4m\u00e4n toisen sukupolven R8:n runko on j\u00e4ykempi ja kevyempi alumiinista ja hiilikuidusta. Auton merkitt\u00e4vin osa on kuitenkin odotetusti sen moottori, tehokas 5,2-litrainen V10-moottori. Audi kutsuu sit\u00e4 Plus-malliksi, ja se tuottaa 610 hevosvoimaa ja 560 Nm v\u00e4\u00e4nt\u00f6\u00e4, jotka v\u00e4littyv\u00e4t kaikille py\u00f6rille Quattro-j\u00e4rjestelm\u00e4n ja 7-vaihteisen automaatin kautta. Kaiken t\u00e4m\u00e4n ansiosta R8 kiihtyy 0-100:een noin 3 sekunnissa ja saavuttaa 329 km\/h huippunopeuden. Ja jotta jarrutusvoima vastaisi t\u00e4t\u00e4 nopeutta, ymp\u00e4rill\u00e4 on massiiviset jarrut.<\/p>\n<h2>Ajoneuvon historia<\/h2>\n<p>Myyj\u00e4n mukaan t\u00e4m\u00e4 Audi R8 on huollettu viimeksi lokakuussa 2022, ja jarrut on uusittu vain muutama p\u00e4iv\u00e4 sitten. Lis\u00e4ksi kojelaudassa ei ole tiedossa vikoja tai varoituksia. Lopuksi, toimitettujen valokuvien perusteella ei ole mit\u00e4\u00e4n korin puutteita, joista olisi ilmoitettava.<\/p>\n<p>&nbsp;<\/p>\n<p><strong>Luottokorttij\u00e4lki\/haltija vaaditaan, jotta voit p\u00e4\u00e4st\u00e4 t\u00e4m\u00e4n premium-ajoneuvon huutokauppaan.<\/strong><\/p>\n","protected":false},"excerpt":{"rendered":"<p>T\u00e4ss\u00e4 myynniss\u00e4 oleva auto on kiistatta yksi luokkansa suorituskykyisimmist\u00e4 malleista &#8211; ikoninen Audi R8. Se oli ja on edelleen Ingolstadtin valmistajan ensimm\u00e4inen yritys superautomarkkinoilla, ja se osoittautui valtavaksi menestykseksi. Myyj\u00e4n mukaan t\u00e4m\u00e4 ajoneuvo on t\u00e4ysin huollettu, eik\u00e4 sill\u00e4 ole ollut onnettomuuksia, ja CarVerticalin raportti tukee t\u00e4t\u00e4. Lis\u00e4ksi sill\u00e4 on ajettu t\u00e4h\u00e4n menness\u00e4 alle 50 000 kilometri\u00e4, mik\u00e4 ei ole paljon t\u00e4llaiselle autolle. T\u00e4m\u00e4 <strong>Audi R8 V10 plus Quattro <\/strong>vuodelta 2015 sijaitsee t\u00e4ll\u00e4 hetkell\u00e4 Belgiassa, jossa se on ollut rekister\u00f6ity alusta l\u00e4htien. Voit tehd\u00e4 tarjouksen kyseisest\u00e4 autosta <a href=\"https:\/\/pistonaddict.com\/contact-us\/\">ottamalla meihin yhteytt\u00e4<\/a>.<\/p>\n","protected":false},"featured_media":43347,"comment_status":"open","ping_status":"closed","template":"","meta":{"inline_featured_image":false},"product_cat":[745],"product_tag":[1939,1942,933],"acf":[],"yoast_head":"<!-- This site is optimized with the Yoast SEO plugin v22.5 - https:\/\/yoast.com\/wordpress\/plugins\/seo\/ -->\n<title>huutokauppa - Piston Addict<\/title>\n<meta name=\"description\" content=\"T\u00e4ss\u00e4 huutokaupassa myyt\u00e4v\u00e4 auto on kiistatta yksi luokkansa suorituskykyisimmist\u00e4 malleista - ikoninen Audi R8 V10.\" \/>\n<meta name=\"robots\" content=\"index, follow, max-snippet:-1, max-image-preview:large, max-video-preview:-1\" \/>\n<link rel=\"canonical\" href=\"https:\/\/pistonaddict.com\/fi\/product\/audi-r8-v10-red-dynamite\/\" \/>\n<meta property=\"og:locale\" content=\"fi_FI\" \/>\n<meta property=\"og:type\" content=\"article\" \/>\n<meta property=\"og:title\" content=\"huutokauppa - Piston Addict\" \/>\n<meta property=\"og:description\" content=\"T\u00e4ss\u00e4 huutokaupassa myyt\u00e4v\u00e4 auto on kiistatta yksi luokkansa suorituskykyisimmist\u00e4 malleista - ikoninen Audi R8 V10.\" \/>\n<meta property=\"og:url\" content=\"https:\/\/pistonaddict.com\/fi\/product\/audi-r8-v10-red-dynamite\/\" \/>\n<meta property=\"og:site_name\" content=\"Piston Addict\" \/>\n<meta property=\"article:modified_time\" content=\"2023-12-20T08:45:09+00:00\" \/>\n<meta property=\"og:image\" content=\"https:\/\/pistonaddict.com\/wp-content\/uploads\/2023\/06\/DSC_0412.jpg\" \/>\n\t<meta property=\"og:image:width\" content=\"2048\" \/>\n\t<meta property=\"og:image:height\" content=\"1365\" \/>\n\t<meta property=\"og:image:type\" content=\"image\/jpeg\" \/>\n<meta name=\"twitter:card\" content=\"summary_large_image\" \/>\n<meta name=\"twitter:label1\" content=\"Arvioitu lukuaika\" \/>\n\t<meta name=\"twitter:data1\" content=\"2 minutes\" \/>\n<script type=\"application\/ld+json\" class=\"yoast-schema-graph\">{\"@context\":\"https:\/\/schema.org\",\"@graph\":[{\"@type\":\"WebPage\",\"@id\":\"https:\/\/pistonaddict.com\/fi\/product\/audi-r8-v10-red-dynamite\/\",\"url\":\"https:\/\/pistonaddict.com\/fi\/product\/audi-r8-v10-red-dynamite\/\",\"name\":\"huutokauppa - Piston Addict\",\"isPartOf\":{\"@id\":\"https:\/\/pistonaddict.com\/fi\/#website\"},\"primaryImageOfPage\":{\"@id\":\"https:\/\/pistonaddict.com\/fi\/product\/audi-r8-v10-red-dynamite\/#primaryimage\"},\"image\":{\"@id\":\"https:\/\/pistonaddict.com\/fi\/product\/audi-r8-v10-red-dynamite\/#primaryimage\"},\"thumbnailUrl\":\"https:\/\/pistonaddict.com\/wp-content\/uploads\/2023\/06\/DSC_0412.jpg\",\"datePublished\":\"2023-06-16T13:02:15+00:00\",\"dateModified\":\"2023-12-20T08:45:09+00:00\",\"description\":\"T\u00e4ss\u00e4 huutokaupassa myyt\u00e4v\u00e4 auto on kiistatta yksi luokkansa suorituskykyisimmist\u00e4 malleista - ikoninen Audi R8 V10.\",\"breadcrumb\":{\"@id\":\"https:\/\/pistonaddict.com\/fi\/product\/audi-r8-v10-red-dynamite\/#breadcrumb\"},\"inLanguage\":\"fi\",\"potentialAction\":[{\"@type\":\"ReadAction\",\"target\":[\"https:\/\/pistonaddict.com\/fi\/product\/audi-r8-v10-red-dynamite\/\"]}]},{\"@type\":\"ImageObject\",\"inLanguage\":\"fi\",\"@id\":\"https:\/\/pistonaddict.com\/fi\/product\/audi-r8-v10-red-dynamite\/#primaryimage\",\"url\":\"https:\/\/pistonaddict.com\/wp-content\/uploads\/2023\/06\/DSC_0412.jpg\",\"contentUrl\":\"https:\/\/pistonaddict.com\/wp-content\/uploads\/2023\/06\/DSC_0412.jpg\",\"width\":2048,\"height\":1365},{\"@type\":\"BreadcrumbList\",\"@id\":\"https:\/\/pistonaddict.com\/fi\/product\/audi-r8-v10-red-dynamite\/#breadcrumb\",\"itemListElement\":[{\"@type\":\"ListItem\",\"position\":1,\"name\":\"Kotisivu\",\"item\":\"https:\/\/pistonaddict.com\/fi\/kotisivu-2\/\"},{\"@type\":\"ListItem\",\"position\":2,\"name\":\"Auctions\",\"item\":\"https:\/\/pistonaddict.com\/auctions-listing\/\"},{\"@type\":\"ListItem\",\"position\":3,\"name\":\"Audi R8 V10 Red Dynamite\"}]},{\"@type\":\"WebSite\",\"@id\":\"https:\/\/pistonaddict.com\/fi\/#website\",\"url\":\"https:\/\/pistonaddict.com\/fi\/\",\"name\":\"Piston Addict\",\"description\":\"Only interesting vehicles\",\"publisher\":{\"@id\":\"https:\/\/pistonaddict.com\/fi\/#organization\"},\"potentialAction\":[{\"@type\":\"SearchAction\",\"target\":{\"@type\":\"EntryPoint\",\"urlTemplate\":\"https:\/\/pistonaddict.com\/fi\/?s={search_term_string}\"},\"query-input\":\"required name=search_term_string\"}],\"inLanguage\":\"fi\"},{\"@type\":\"Organization\",\"@id\":\"https:\/\/pistonaddict.com\/fi\/#organization\",\"name\":\"Piston Addict\",\"url\":\"https:\/\/pistonaddict.com\/fi\/\",\"logo\":{\"@type\":\"ImageObject\",\"inLanguage\":\"fi\",\"@id\":\"https:\/\/pistonaddict.com\/fi\/#\/schema\/logo\/image\/\",\"url\":\"https:\/\/pistonaddict.com\/wp-content\/uploads\/2022\/07\/logo-6.png\",\"contentUrl\":\"https:\/\/pistonaddict.com\/wp-content\/uploads\/2022\/07\/logo-6.png\",\"width\":970,\"height\":200,\"caption\":\"Piston Addict\"},\"image\":{\"@id\":\"https:\/\/pistonaddict.com\/fi\/#\/schema\/logo\/image\/\"}}]}<\/script>\n<!-- \/ Yoast SEO plugin. -->","yoast_head_json":{"title":"huutokauppa - Piston Addict","description":"T\u00e4ss\u00e4 huutokaupassa myyt\u00e4v\u00e4 auto on kiistatta yksi luokkansa suorituskykyisimmist\u00e4 malleista - ikoninen Audi R8 V10.","robots":{"index":"index","follow":"follow","max-snippet":"max-snippet:-1","max-image-preview":"max-image-preview:large","max-video-preview":"max-video-preview:-1"},"canonical":"https:\/\/pistonaddict.com\/fi\/product\/audi-r8-v10-red-dynamite\/","og_locale":"fi_FI","og_type":"article","og_title":"huutokauppa - Piston Addict","og_description":"T\u00e4ss\u00e4 huutokaupassa myyt\u00e4v\u00e4 auto on kiistatta yksi luokkansa suorituskykyisimmist\u00e4 malleista - ikoninen Audi R8 V10.","og_url":"https:\/\/pistonaddict.com\/fi\/product\/audi-r8-v10-red-dynamite\/","og_site_name":"Piston Addict","article_modified_time":"2023-12-20T08:45:09+00:00","og_image":[{"width":2048,"height":1365,"url":"https:\/\/pistonaddict.com\/wp-content\/uploads\/2023\/06\/DSC_0412.jpg","type":"image\/jpeg"}],"twitter_card":"summary_large_image","twitter_misc":{"Arvioitu lukuaika":"2 minutes"},"schema":{"@context":"https:\/\/schema.org","@graph":[{"@type":"WebPage","@id":"https:\/\/pistonaddict.com\/fi\/product\/audi-r8-v10-red-dynamite\/","url":"https:\/\/pistonaddict.com\/fi\/product\/audi-r8-v10-red-dynamite\/","name":"huutokauppa - Piston Addict","isPartOf":{"@id":"https:\/\/pistonaddict.com\/fi\/#website"},"primaryImageOfPage":{"@id":"https:\/\/pistonaddict.com\/fi\/product\/audi-r8-v10-red-dynamite\/#primaryimage"},"image":{"@id":"https:\/\/pistonaddict.com\/fi\/product\/audi-r8-v10-red-dynamite\/#primaryimage"},"thumbnailUrl":"https:\/\/pistonaddict.com\/wp-content\/uploads\/2023\/06\/DSC_0412.jpg","datePublished":"2023-06-16T13:02:15+00:00","dateModified":"2023-12-20T08:45:09+00:00","description":"T\u00e4ss\u00e4 huutokaupassa myyt\u00e4v\u00e4 auto on kiistatta yksi luokkansa suorituskykyisimmist\u00e4 malleista - ikoninen Audi R8 V10.","breadcrumb":{"@id":"https:\/\/pistonaddict.com\/fi\/product\/audi-r8-v10-red-dynamite\/#breadcrumb"},"inLanguage":"fi","potentialAction":[{"@type":"ReadAction","target":["https:\/\/pistonaddict.com\/fi\/product\/audi-r8-v10-red-dynamite\/"]}]},{"@type":"ImageObject","inLanguage":"fi","@id":"https:\/\/pistonaddict.com\/fi\/product\/audi-r8-v10-red-dynamite\/#primaryimage","url":"https:\/\/pistonaddict.com\/wp-content\/uploads\/2023\/06\/DSC_0412.jpg","contentUrl":"https:\/\/pistonaddict.com\/wp-content\/uploads\/2023\/06\/DSC_0412.jpg","width":2048,"height":1365},{"@type":"BreadcrumbList","@id":"https:\/\/pistonaddict.com\/fi\/product\/audi-r8-v10-red-dynamite\/#breadcrumb","itemListElement":[{"@type":"ListItem","position":1,"name":"Kotisivu","item":"https:\/\/pistonaddict.com\/fi\/kotisivu-2\/"},{"@type":"ListItem","position":2,"name":"Auctions","item":"https:\/\/pistonaddict.com\/auctions-listing\/"},{"@type":"ListItem","position":3,"name":"Audi R8 V10 Red Dynamite"}]},{"@type":"WebSite","@id":"https:\/\/pistonaddict.com\/fi\/#website","url":"https:\/\/pistonaddict.com\/fi\/","name":"Piston Addict","description":"Only interesting vehicles","publisher":{"@id":"https:\/\/pistonaddict.com\/fi\/#organization"},"potentialAction":[{"@type":"SearchAction","target":{"@type":"EntryPoint","urlTemplate":"https:\/\/pistonaddict.com\/fi\/?s={search_term_string}"},"query-input":"required name=search_term_string"}],"inLanguage":"fi"},{"@type":"Organization","@id":"https:\/\/pistonaddict.com\/fi\/#organization","name":"Piston Addict","url":"https:\/\/pistonaddict.com\/fi\/","logo":{"@type":"ImageObject","inLanguage":"fi","@id":"https:\/\/pistonaddict.com\/fi\/#\/schema\/logo\/image\/","url":"https:\/\/pistonaddict.com\/wp-content\/uploads\/2022\/07\/logo-6.png","contentUrl":"https:\/\/pistonaddict.com\/wp-content\/uploads\/2022\/07\/logo-6.png","width":970,"height":200,"caption":"Piston Addict"},"image":{"@id":"https:\/\/pistonaddict.com\/fi\/#\/schema\/logo\/image\/"}}]}},"_links":{"self":[{"href":"https:\/\/pistonaddict.com\/fi\/wp-json\/wp\/v2\/product\/45996"}],"collection":[{"href":"https:\/\/pistonaddict.com\/fi\/wp-json\/wp\/v2\/product"}],"about":[{"href":"https:\/\/pistonaddict.com\/fi\/wp-json\/wp\/v2\/types\/product"}],"replies":[{"embeddable":true,"href":"https:\/\/pistonaddict.com\/fi\/wp-json\/wp\/v2\/comments?post=45996"}],"wp:featuredmedia":[{"embeddable":true,"href":"https:\/\/pistonaddict.com\/fi\/wp-json\/wp\/v2\/media\/43347"}],"wp:attachment":[{"href":"https:\/\/pistonaddict.com\/fi\/wp-json\/wp\/v2\/media?parent=45996"}],"wp:term":[{"taxonomy":"product_cat","embeddable":true,"href":"https:\/\/pistonaddict.com\/fi\/wp-json\/wp\/v2\/product_cat?post=45996"},{"taxonomy":"product_tag","embeddable":true,"href":"https:\/\/pistonaddict.com\/fi\/wp-json\/wp\/v2\/product_tag?post=45996"}],"curies":[{"name":"wp","href":"https:\/\/api.w.org\/{rel}","templated":true}]}}