{"id":41966,"date":"2023-06-12T14:22:37","date_gmt":"2023-06-12T12:22:37","guid":{"rendered":"https:\/\/pistonaddict.com\/product\/audi-r8-4-2-fsi-v8\/"},"modified":"2024-03-20T09:14:27","modified_gmt":"2024-03-20T08:14:27","slug":"audi-r8-4-2-fsi-v8","status":"publish","type":"product","link":"https:\/\/pistonaddict.com\/fi\/product\/audi-r8-4-2-fsi-v8\/","title":{"rendered":"Audi R8 4.2 FSI V8"},"content":{"rendered":"<p><strong>Mallin historia<\/strong><\/p>\n<p>R8 aiheutti melkoisen sensaation, kun se julkaistiin vuonna 2007, eik\u00e4 se ollut vain Audin ensimm\u00e4inen superauto, vaan se oli my\u00f6s uskomattoman menestyksek\u00e4s ajattoman muotoilunsa ja upean voimansiirronsa ansiosta, joka koostui korkeakierroksisesta V8-moottorista (my\u00f6hemmin V10) ja kuuluisasta Quattro- nelivetoj\u00e4rjestelm\u00e4st\u00e4. R8:n ilmestyminen sai kilpailijat hyvin hermostuneiksi, sill\u00e4 asiakkaat saivat vihdoin mahdollisuuden ostaa eritt\u00e4in suorituskykyisen koneen, jossa on AWD-veto ja Audi-laatu. Siksi ensimm\u00e4isen sukupolven R8 oli valtava menestys, ja sit\u00e4 valmistettiin l\u00e4hes 30 000 kappaletta. Kyseess\u00e4 on vuoden 2014 malli, mik\u00e4 tarkoittaa, ett\u00e4 kyseess\u00e4 on my\u00f6h\u00e4isempi ja halutumpi versio, joka on hy\u00f6tynyt pienest\u00e4 uudistuksesta, paremmista ominaisuuksista ja hienostuneesta mekaniikasta. Voimasta vastaa 4,2-litrainen FSI V8 -moottori, joka tuottaa 430 hv ja l\u00e4hett\u00e4\u00e4 sen kaikille nelj\u00e4lle py\u00f6r\u00e4lle 7-vaihteisen S Tronic -kaksoiskytkin-automaattivaihteiston v\u00e4lityksell\u00e4. T\u00e4m\u00e4 yhdistelm\u00e4 kykenee 4,2 sekunnin 0-100 km\/h -aikaan ja hieman yli 300 km\/h huippunopeuteen, mik\u00e4 nostaa R8:n superautoluokkaan.<\/p>\n<p><strong>Kunto<\/strong><\/p>\n<p>Vain 43 649 km mittarissa, t\u00e4m\u00e4 R8 on kauttaaltaan ihanteellisessa kunnossa. Se toimitettiin ensimm\u00e4isen kerran vuoden 2014 lopulla alkuper\u00e4iselle omistajalleen Alankomaihin, ja nykyiset omistajat hankkivat sen vuonna 2021. T\u00e4m\u00e4 Audi R8 ei ole koskaan k\u00e4ytetty radalla, ja s\u00e4\u00e4nn\u00f6llisesti huollettu huoltotiedot myyj\u00e4. Lis\u00e4ksi t\u00e4m\u00e4 esimerkki on t\u00e4ysin vakiovarusteinen, ilman mit\u00e4\u00e4n muutoksia tai tarpeettomia lis\u00e4osia. Kaikki tehtaan varusteet ja ominaisuudet ovat l\u00e4sn\u00e4 ja toimivat. Viimeisin huolto ja \u00f6ljynvaihto tehtiin lokakuun lopussa 2022, ja jarrut uusittiin kes\u00e4kuussa 2023. Niin sanottu &#8220;pitk\u00e4n k\u00e4ytt\u00f6i\u00e4n&#8221; huolto on suoritettu, ja sytytystulpat on vaihdettu. <strong>T\u00e4ll\u00e4 R8:lla on 6 kuukauden Bovag-takuu<\/strong>, mik\u00e4 osoittaa, ett\u00e4 se on moitteettomassa kunnossa.<\/p>\n<p><strong>Ulkoasu ja py\u00f6r\u00e4t<\/strong><\/p>\n<p>T\u00e4m\u00e4 R8 on maalattu tyylikk\u00e4\u00e4seen Panther Black -v\u00e4riin, ja siihen on saatavana lis\u00e4varusteena hiilikuitupaketti, jossa on hiilikuidusta valmistetut ulko- ja sis\u00e4tilojen lis\u00e4osat. Auton korissa ei ole vaurioita, naarmuja tai v\u00e4rimuutoksia, ja maali on t\u00e4ydellisess\u00e4 kunnossa. Ainoa asia, joka on koskettanut t\u00e4m\u00e4n R8: n ulkopuolista, on korjattu s\u00e4ili\u00f6n luukku (polttoainekorkin luukku), jonka on suorittanut sertifioitu j\u00e4lleenmyyj\u00e4 (lasku 5. toukokuuta 2021). Ulkon\u00e4k\u00f6\u00e4 parantavat lis\u00e4varusteena saatavat 20-tuumaiset vanteet, jotka on k\u00e4\u00e4ritty tuoreisiin Pirelli P Zero -renkaisiin.<\/p>\n<p><strong>Sisustus<\/strong><\/p>\n<p>Sis\u00e4tiloissa ei ole kulumisen merkkej\u00e4, ja niiss\u00e4 on hiilikuituvahvikkeet osana tehtaan sisustuspakettia, ja ne on p\u00e4\u00e4llystetty yhteensopivalla mustalla nahalla ja Alcantaralla. Istuimissa on lis\u00e4varusteena l\u00e4mmitys, ja kaikki j\u00e4rjestelm\u00e4t (audio, infotainment, HVAC) ovat t\u00e4ydellisess\u00e4 kunnossa. Osana varusteluetteloa on syyt\u00e4 mainita, ett\u00e4 t\u00e4ss\u00e4 R8:ssa on vakionopeudens\u00e4\u00e4din, sadetunnistimella toimivat pyyhkij\u00e4t, Bang and Olufsen -audioj\u00e4rjestelm\u00e4, automaattisesti himmentyv\u00e4t peilit, navigointi, LED-valaistus ja paljon muuta.<\/p>\n<p><strong>Dokumentaatio<\/strong><\/p>\n<p>T\u00e4m\u00e4 k\u00e4ytetty ajoneuvo, jolla on asianmukaiset asiakirjat, sijaitsee Alankomaissa. CarFax-raportti on puhdas, oikeudellisia ongelmia ei ole. S\u00e4\u00e4nn\u00f6llisest\u00e4 kunnossapidosta ja muutamista pienist\u00e4 korjauksista on tiedot. On eritt\u00e4in t\u00e4rke\u00e4\u00e4 mainita, ett\u00e4 t\u00e4ss\u00e4 Audi R8:ssa on BPM-korvaus. BPM-palautus on Alankomaiden ylellisyysveron palautus vienti\u00e4 varten. <strong> Se tarkoittaa, ett\u00e4 jos ostaja asuu miss\u00e4 tahansa muussa Euroopan unionin maassa (paitsi Alankomaissa) ja rekister\u00f6i auton kotimaassaan 13 viikon kuluessa sen ostamisesta, ostaja saa 5 967 euroa takaisin<\/strong>, mik\u00e4 on eritt\u00e4in k\u00e4tev\u00e4\u00e4.<br \/>\nKatso <a href=\"https:\/\/pistonaddict.com\/wp-content\/uploads\/2023\/06\/CARFAX-Vehicle-History-Report-AUDI-R8.pdf\">t\u00e4m\u00e4n Audi R8:n CarFax<\/a>.<\/p>\n<p><strong>Luottokorttij\u00e4lki\/pid\u00e4tys (vapautuu automaattisesti) vaaditaan, jotta voit osallistua t\u00e4m\u00e4n premium-ajoneuvon huutokauppaan.<\/strong><\/p>\n<p>Katso upean Audi R8:n kylm\u00e4k\u00e4ynnistysvideo t\u00e4\u00e4lt\u00e4 :<\/p>\n<p><iframe title=\"Cold Start video of the Audi R8 4.2 FSI V8 on auction sale\" width=\"1200\" height=\"675\" src=\"https:\/\/www.youtube.com\/embed\/GyBid0aFEiA?feature=oembed\" frameborder=\"0\" allow=\"accelerometer; autoplay; clipboard-write; encrypted-media; gyroscope; picture-in-picture; web-share\" allowfullscreen><\/iframe><\/p>\n","protected":false},"excerpt":{"rendered":"<p>Usein kuulee termin &#8220;jokap\u00e4iv\u00e4inen superauto&#8221;, mutta vain harvat autot todella tarjoavat vakuuttavaa suorituskyky\u00e4, k\u00e4ytett\u00e4vyytt\u00e4 ja luotettavuutta jokap\u00e4iv\u00e4isess\u00e4 k\u00e4yt\u00f6ss\u00e4. Vuoden 2014 Audi R8 on todellinen helmi. Tehokkaan 4,2-litraisen V8-moottorin, hyvin varustellun sisustan ja t\u00e4ydellisen ajodynamiikan ansiosta se on auto, josta voit nauttia p\u00e4ivitt\u00e4in ja silti nauttia kaikista t\u00e4ysverisen superauton ajamisen eduista. Voit tehd\u00e4 tarjouksen kyseisest\u00e4 autosta <a href=\"https:\/\/pistonaddict.com\/contact-us\/\">ottamalla meihin yhteytt\u00e4<\/a>.<\/p>\n","protected":false},"featured_media":41836,"comment_status":"open","ping_status":"closed","template":"","meta":{"inline_featured_image":false},"product_cat":[745],"product_tag":[1878,1876,933],"acf":[],"yoast_head":"<!-- This site is optimized with the Yoast SEO plugin v22.5 - https:\/\/yoast.com\/wordpress\/plugins\/seo\/ -->\n<title>huutokauppa - Piston Addict<\/title>\n<meta name=\"description\" content=\"T\u00e4m\u00e4 Audi R8 on vuoden 2014 malli, mik\u00e4 tarkoittaa, ett\u00e4 se on my\u00f6h\u00e4isempi ja halutumpi versio, joka on hy\u00f6tynyt pienest\u00e4 uudistuksesta, paremmista ominaisuuksista ja hienostuneesta mekaniikasta. Voimasta vastaa 4,2-litrainen FSI V8 -moottori, joka tuottaa 430 hv ja l\u00e4hett\u00e4\u00e4 sen kaikille nelj\u00e4lle py\u00f6r\u00e4lle 7-vaihteisen S Tronic -kaksoiskytkin-automaattivaihteiston v\u00e4lityksell\u00e4.\" \/>\n<meta name=\"robots\" content=\"index, follow, max-snippet:-1, max-image-preview:large, max-video-preview:-1\" \/>\n<link rel=\"canonical\" href=\"https:\/\/pistonaddict.com\/fi\/product\/audi-r8-4-2-fsi-v8\/\" \/>\n<meta property=\"og:locale\" content=\"fi_FI\" \/>\n<meta property=\"og:type\" content=\"article\" \/>\n<meta property=\"og:title\" content=\"huutokauppa - Piston Addict\" \/>\n<meta property=\"og:description\" content=\"T\u00e4m\u00e4 Audi R8 on vuoden 2014 malli, mik\u00e4 tarkoittaa, ett\u00e4 se on my\u00f6h\u00e4isempi ja halutumpi versio, joka on hy\u00f6tynyt pienest\u00e4 uudistuksesta, paremmista ominaisuuksista ja hienostuneesta mekaniikasta. Voimasta vastaa 4,2-litrainen FSI V8 -moottori, joka tuottaa 430 hv ja l\u00e4hett\u00e4\u00e4 sen kaikille nelj\u00e4lle py\u00f6r\u00e4lle 7-vaihteisen S Tronic -kaksoiskytkin-automaattivaihteiston v\u00e4lityksell\u00e4.\" \/>\n<meta property=\"og:url\" content=\"https:\/\/pistonaddict.com\/fi\/product\/audi-r8-4-2-fsi-v8\/\" \/>\n<meta property=\"og:site_name\" content=\"Piston Addict\" \/>\n<meta property=\"article:modified_time\" content=\"2024-03-20T08:14:27+00:00\" \/>\n<meta property=\"og:image\" content=\"https:\/\/pistonaddict.com\/wp-content\/uploads\/2023\/06\/foto-5.jpg\" \/>\n\t<meta property=\"og:image:width\" content=\"1024\" \/>\n\t<meta property=\"og:image:height\" content=\"683\" \/>\n\t<meta property=\"og:image:type\" content=\"image\/jpeg\" \/>\n<meta name=\"twitter:card\" content=\"summary_large_image\" \/>\n<meta name=\"twitter:label1\" content=\"Arvioitu lukuaika\" \/>\n\t<meta name=\"twitter:data1\" content=\"3 minutes\" \/>\n<script type=\"application\/ld+json\" class=\"yoast-schema-graph\">{\"@context\":\"https:\/\/schema.org\",\"@graph\":[{\"@type\":\"WebPage\",\"@id\":\"https:\/\/pistonaddict.com\/fi\/product\/audi-r8-4-2-fsi-v8\/\",\"url\":\"https:\/\/pistonaddict.com\/fi\/product\/audi-r8-4-2-fsi-v8\/\",\"name\":\"huutokauppa - Piston Addict\",\"isPartOf\":{\"@id\":\"https:\/\/pistonaddict.com\/fi\/#website\"},\"primaryImageOfPage\":{\"@id\":\"https:\/\/pistonaddict.com\/fi\/product\/audi-r8-4-2-fsi-v8\/#primaryimage\"},\"image\":{\"@id\":\"https:\/\/pistonaddict.com\/fi\/product\/audi-r8-4-2-fsi-v8\/#primaryimage\"},\"thumbnailUrl\":\"https:\/\/pistonaddict.com\/wp-content\/uploads\/2023\/06\/foto-5.jpg\",\"datePublished\":\"2023-06-12T12:22:37+00:00\",\"dateModified\":\"2024-03-20T08:14:27+00:00\",\"description\":\"T\u00e4m\u00e4 Audi R8 on vuoden 2014 malli, mik\u00e4 tarkoittaa, ett\u00e4 se on my\u00f6h\u00e4isempi ja halutumpi versio, joka on hy\u00f6tynyt pienest\u00e4 uudistuksesta, paremmista ominaisuuksista ja hienostuneesta mekaniikasta. Voimasta vastaa 4,2-litrainen FSI V8 -moottori, joka tuottaa 430 hv ja l\u00e4hett\u00e4\u00e4 sen kaikille nelj\u00e4lle py\u00f6r\u00e4lle 7-vaihteisen S Tronic -kaksoiskytkin-automaattivaihteiston v\u00e4lityksell\u00e4.\",\"breadcrumb\":{\"@id\":\"https:\/\/pistonaddict.com\/fi\/product\/audi-r8-4-2-fsi-v8\/#breadcrumb\"},\"inLanguage\":\"fi\",\"potentialAction\":[{\"@type\":\"ReadAction\",\"target\":[\"https:\/\/pistonaddict.com\/fi\/product\/audi-r8-4-2-fsi-v8\/\"]}]},{\"@type\":\"ImageObject\",\"inLanguage\":\"fi\",\"@id\":\"https:\/\/pistonaddict.com\/fi\/product\/audi-r8-4-2-fsi-v8\/#primaryimage\",\"url\":\"https:\/\/pistonaddict.com\/wp-content\/uploads\/2023\/06\/foto-5.jpg\",\"contentUrl\":\"https:\/\/pistonaddict.com\/wp-content\/uploads\/2023\/06\/foto-5.jpg\",\"width\":1024,\"height\":683},{\"@type\":\"BreadcrumbList\",\"@id\":\"https:\/\/pistonaddict.com\/fi\/product\/audi-r8-4-2-fsi-v8\/#breadcrumb\",\"itemListElement\":[{\"@type\":\"ListItem\",\"position\":1,\"name\":\"Kotisivu\",\"item\":\"https:\/\/pistonaddict.com\/fi\/kotisivu-2\/\"},{\"@type\":\"ListItem\",\"position\":2,\"name\":\"Auctions\",\"item\":\"https:\/\/pistonaddict.com\/auctions-listing\/\"},{\"@type\":\"ListItem\",\"position\":3,\"name\":\"Audi R8 4.2 FSI V8\"}]},{\"@type\":\"WebSite\",\"@id\":\"https:\/\/pistonaddict.com\/fi\/#website\",\"url\":\"https:\/\/pistonaddict.com\/fi\/\",\"name\":\"Piston Addict\",\"description\":\"Only interesting vehicles\",\"publisher\":{\"@id\":\"https:\/\/pistonaddict.com\/fi\/#organization\"},\"potentialAction\":[{\"@type\":\"SearchAction\",\"target\":{\"@type\":\"EntryPoint\",\"urlTemplate\":\"https:\/\/pistonaddict.com\/fi\/?s={search_term_string}\"},\"query-input\":\"required name=search_term_string\"}],\"inLanguage\":\"fi\"},{\"@type\":\"Organization\",\"@id\":\"https:\/\/pistonaddict.com\/fi\/#organization\",\"name\":\"Piston Addict\",\"url\":\"https:\/\/pistonaddict.com\/fi\/\",\"logo\":{\"@type\":\"ImageObject\",\"inLanguage\":\"fi\",\"@id\":\"https:\/\/pistonaddict.com\/fi\/#\/schema\/logo\/image\/\",\"url\":\"https:\/\/pistonaddict.com\/wp-content\/uploads\/2022\/07\/logo-6.png\",\"contentUrl\":\"https:\/\/pistonaddict.com\/wp-content\/uploads\/2022\/07\/logo-6.png\",\"width\":970,\"height\":200,\"caption\":\"Piston Addict\"},\"image\":{\"@id\":\"https:\/\/pistonaddict.com\/fi\/#\/schema\/logo\/image\/\"}}]}<\/script>\n<!-- \/ Yoast SEO plugin. -->","yoast_head_json":{"title":"huutokauppa - Piston Addict","description":"T\u00e4m\u00e4 Audi R8 on vuoden 2014 malli, mik\u00e4 tarkoittaa, ett\u00e4 se on my\u00f6h\u00e4isempi ja halutumpi versio, joka on hy\u00f6tynyt pienest\u00e4 uudistuksesta, paremmista ominaisuuksista ja hienostuneesta mekaniikasta. Voimasta vastaa 4,2-litrainen FSI V8 -moottori, joka tuottaa 430 hv ja l\u00e4hett\u00e4\u00e4 sen kaikille nelj\u00e4lle py\u00f6r\u00e4lle 7-vaihteisen S Tronic -kaksoiskytkin-automaattivaihteiston v\u00e4lityksell\u00e4.","robots":{"index":"index","follow":"follow","max-snippet":"max-snippet:-1","max-image-preview":"max-image-preview:large","max-video-preview":"max-video-preview:-1"},"canonical":"https:\/\/pistonaddict.com\/fi\/product\/audi-r8-4-2-fsi-v8\/","og_locale":"fi_FI","og_type":"article","og_title":"huutokauppa - Piston Addict","og_description":"T\u00e4m\u00e4 Audi R8 on vuoden 2014 malli, mik\u00e4 tarkoittaa, ett\u00e4 se on my\u00f6h\u00e4isempi ja halutumpi versio, joka on hy\u00f6tynyt pienest\u00e4 uudistuksesta, paremmista ominaisuuksista ja hienostuneesta mekaniikasta. Voimasta vastaa 4,2-litrainen FSI V8 -moottori, joka tuottaa 430 hv ja l\u00e4hett\u00e4\u00e4 sen kaikille nelj\u00e4lle py\u00f6r\u00e4lle 7-vaihteisen S Tronic -kaksoiskytkin-automaattivaihteiston v\u00e4lityksell\u00e4.","og_url":"https:\/\/pistonaddict.com\/fi\/product\/audi-r8-4-2-fsi-v8\/","og_site_name":"Piston Addict","article_modified_time":"2024-03-20T08:14:27+00:00","og_image":[{"width":1024,"height":683,"url":"https:\/\/pistonaddict.com\/wp-content\/uploads\/2023\/06\/foto-5.jpg","type":"image\/jpeg"}],"twitter_card":"summary_large_image","twitter_misc":{"Arvioitu lukuaika":"3 minutes"},"schema":{"@context":"https:\/\/schema.org","@graph":[{"@type":"WebPage","@id":"https:\/\/pistonaddict.com\/fi\/product\/audi-r8-4-2-fsi-v8\/","url":"https:\/\/pistonaddict.com\/fi\/product\/audi-r8-4-2-fsi-v8\/","name":"huutokauppa - Piston Addict","isPartOf":{"@id":"https:\/\/pistonaddict.com\/fi\/#website"},"primaryImageOfPage":{"@id":"https:\/\/pistonaddict.com\/fi\/product\/audi-r8-4-2-fsi-v8\/#primaryimage"},"image":{"@id":"https:\/\/pistonaddict.com\/fi\/product\/audi-r8-4-2-fsi-v8\/#primaryimage"},"thumbnailUrl":"https:\/\/pistonaddict.com\/wp-content\/uploads\/2023\/06\/foto-5.jpg","datePublished":"2023-06-12T12:22:37+00:00","dateModified":"2024-03-20T08:14:27+00:00","description":"T\u00e4m\u00e4 Audi R8 on vuoden 2014 malli, mik\u00e4 tarkoittaa, ett\u00e4 se on my\u00f6h\u00e4isempi ja halutumpi versio, joka on hy\u00f6tynyt pienest\u00e4 uudistuksesta, paremmista ominaisuuksista ja hienostuneesta mekaniikasta. Voimasta vastaa 4,2-litrainen FSI V8 -moottori, joka tuottaa 430 hv ja l\u00e4hett\u00e4\u00e4 sen kaikille nelj\u00e4lle py\u00f6r\u00e4lle 7-vaihteisen S Tronic -kaksoiskytkin-automaattivaihteiston v\u00e4lityksell\u00e4.","breadcrumb":{"@id":"https:\/\/pistonaddict.com\/fi\/product\/audi-r8-4-2-fsi-v8\/#breadcrumb"},"inLanguage":"fi","potentialAction":[{"@type":"ReadAction","target":["https:\/\/pistonaddict.com\/fi\/product\/audi-r8-4-2-fsi-v8\/"]}]},{"@type":"ImageObject","inLanguage":"fi","@id":"https:\/\/pistonaddict.com\/fi\/product\/audi-r8-4-2-fsi-v8\/#primaryimage","url":"https:\/\/pistonaddict.com\/wp-content\/uploads\/2023\/06\/foto-5.jpg","contentUrl":"https:\/\/pistonaddict.com\/wp-content\/uploads\/2023\/06\/foto-5.jpg","width":1024,"height":683},{"@type":"BreadcrumbList","@id":"https:\/\/pistonaddict.com\/fi\/product\/audi-r8-4-2-fsi-v8\/#breadcrumb","itemListElement":[{"@type":"ListItem","position":1,"name":"Kotisivu","item":"https:\/\/pistonaddict.com\/fi\/kotisivu-2\/"},{"@type":"ListItem","position":2,"name":"Auctions","item":"https:\/\/pistonaddict.com\/auctions-listing\/"},{"@type":"ListItem","position":3,"name":"Audi R8 4.2 FSI V8"}]},{"@type":"WebSite","@id":"https:\/\/pistonaddict.com\/fi\/#website","url":"https:\/\/pistonaddict.com\/fi\/","name":"Piston Addict","description":"Only interesting vehicles","publisher":{"@id":"https:\/\/pistonaddict.com\/fi\/#organization"},"potentialAction":[{"@type":"SearchAction","target":{"@type":"EntryPoint","urlTemplate":"https:\/\/pistonaddict.com\/fi\/?s={search_term_string}"},"query-input":"required name=search_term_string"}],"inLanguage":"fi"},{"@type":"Organization","@id":"https:\/\/pistonaddict.com\/fi\/#organization","name":"Piston Addict","url":"https:\/\/pistonaddict.com\/fi\/","logo":{"@type":"ImageObject","inLanguage":"fi","@id":"https:\/\/pistonaddict.com\/fi\/#\/schema\/logo\/image\/","url":"https:\/\/pistonaddict.com\/wp-content\/uploads\/2022\/07\/logo-6.png","contentUrl":"https:\/\/pistonaddict.com\/wp-content\/uploads\/2022\/07\/logo-6.png","width":970,"height":200,"caption":"Piston Addict"},"image":{"@id":"https:\/\/pistonaddict.com\/fi\/#\/schema\/logo\/image\/"}}]}},"_links":{"self":[{"href":"https:\/\/pistonaddict.com\/fi\/wp-json\/wp\/v2\/product\/41966"}],"collection":[{"href":"https:\/\/pistonaddict.com\/fi\/wp-json\/wp\/v2\/product"}],"about":[{"href":"https:\/\/pistonaddict.com\/fi\/wp-json\/wp\/v2\/types\/product"}],"replies":[{"embeddable":true,"href":"https:\/\/pistonaddict.com\/fi\/wp-json\/wp\/v2\/comments?post=41966"}],"wp:featuredmedia":[{"embeddable":true,"href":"https:\/\/pistonaddict.com\/fi\/wp-json\/wp\/v2\/media\/41836"}],"wp:attachment":[{"href":"https:\/\/pistonaddict.com\/fi\/wp-json\/wp\/v2\/media?parent=41966"}],"wp:term":[{"taxonomy":"product_cat","embeddable":true,"href":"https:\/\/pistonaddict.com\/fi\/wp-json\/wp\/v2\/product_cat?post=41966"},{"taxonomy":"product_tag","embeddable":true,"href":"https:\/\/pistonaddict.com\/fi\/wp-json\/wp\/v2\/product_tag?post=41966"}],"curies":[{"name":"wp","href":"https:\/\/api.w.org\/{rel}","templated":true}]}}