{"id":39228,"date":"2023-04-19T17:31:19","date_gmt":"2023-04-19T15:31:19","guid":{"rendered":"https:\/\/pistonaddict.com\/product\/mclaren-720s\/"},"modified":"2024-03-19T17:51:07","modified_gmt":"2024-03-19T16:51:07","slug":"mclaren-720s","status":"publish","type":"product","link":"https:\/\/pistonaddict.com\/fi\/product\/mclaren-720s\/","title":{"rendered":"McLaren 720S"},"content":{"rendered":"<h2>Ulkoasu<\/h2>\n<p>Kirkkaan oranssiksi maalattu McLaren 720S k\u00e4\u00e4nt\u00e4\u00e4 varmasti katseet kaikkialla, miss\u00e4 se esiintyy. Mutta toisaalta se olisi sama miss\u00e4 tahansa muussa v\u00e4riss\u00e4, kiitos sen upean, haihenkisen muotoilun. Aggressiivinen etuosa, virtaviivainen siluetti ja k\u00e4yt\u00e4nn\u00f6lliset mutta hauskat perhosovet tekev\u00e4t siit\u00e4 vaikuttavan joka kulmasta. Siihen kuuluvat massiiviset ilmakaukalot sivuilla, verkkopeitteinen moottoritila, joka hohtaa, kun sytytysvirta on p\u00e4\u00e4ll\u00e4, ja takaspoileri, joka ponnahtaa yl\u00f6s jarrutettaessa voimakkaasti. Jarrutuksessa k\u00e4ytet\u00e4\u00e4n massiivisia keraamisia levyj\u00e4, jotka istuvat auton mustien 19-tuumaisten py\u00f6rien ja Pirelli P Zero -renkaiden takana.<\/p>\n<p>Silti t\u00e4m\u00e4 2-paikkainen auto ei n\u00e4yt\u00e4 silt\u00e4 kuin se n\u00e4ytt\u00e4\u00e4 vain n\u00e4yttely\u00e4 varten, sill\u00e4 suurin osa sen korin muodoista on muotoiltu aerodynamiikan parantamiseksi ja downforce-voiman tuottamiseksi. McLaren 720S osoittaa, ett\u00e4 muoto ja toiminta voidaan yhdist\u00e4\u00e4 t\u00e4ydellisess\u00e4 harmoniassa.<\/p>\n<h2>Sisustus<\/h2>\n<p>McLarenin Alcantaraan ja hiilikuituun puetut sis\u00e4tilat paljastavat entisest\u00e4\u00e4n, kuinka ratasuuntautunut t\u00e4m\u00e4 auto on. Ensimm\u00e4isen\u00e4 on pari urheilullisia istuimia, jotka on muotoiltu pit\u00e4m\u00e4\u00e4n kuljettaja ja matkustaja tiukasti kiinnitettyin\u00e4 jyrkiss\u00e4 mutkissa. Sitten on kolmikantainen nahkaverhoiltu ohjauspy\u00f6r\u00e4, joka kehyst\u00e4\u00e4 digitaalista mittaristoa. Kun se on vakiotilassa, se n\u00e4ytt\u00e4\u00e4 erilaisia moottorin ja ajoneuvon parametreja, kuten nopeuden ja moottorin l\u00e4mp\u00f6tilan. Mutta kun Track-tila kytket\u00e4\u00e4n p\u00e4\u00e4lle, koko ohjausryhm\u00e4 kallistuu alasp\u00e4in, jolloin sen yl\u00e4reunasta paljastuu pieni n\u00e4ytt\u00f6, joka n\u00e4ytt\u00e4\u00e4 vain kierroslukumittarin, nopeuden ja valitun vaihteen. Keskikonsoli on niukka mutta toimiva, ja siin\u00e4 on keskeiset s\u00e4\u00e4timet ja painikkeet sek\u00e4 kuljettajalle suunnattu kosketusn\u00e4ytt\u00f6.<\/p>\n<h2>Mekaniikka<\/h2>\n<p>Tyylikk\u00e4\u00e4n ja aerodynaamisesti muotoillun kuoren alla 720S:ss\u00e4 on hiilikuituinen monokokki-alusta, jota McLaren kutsuu MonoCageksi. T\u00e4m\u00e4 F1:st\u00e4 inspiraationsa saanut rakenne on paitsi kevyt, my\u00f6s eritt\u00e4in j\u00e4ykk\u00e4, mik\u00e4 v\u00e4hent\u00e4\u00e4 korin taipumista raskaissa kaarreajoissa.<\/p>\n<p>Jokaisen superurheiluauton syd\u00e4n on moottori, joka McLarenilla on asennettu heti istuinten taakse. Tehdasversiossa V8-kaksoisturboahdettu V8 kehitt\u00e4\u00e4 720 hevosvoimaa &#8211; luku, jolle auto on velkaa nimens\u00e4 &#8211; ja h\u00e4mm\u00e4stytt\u00e4v\u00e4t 770 Nm v\u00e4\u00e4nt\u00f6\u00e4. Voima l\u00e4hetet\u00e4\u00e4n takapy\u00f6rille nopean 7-vaihteisen kaksoiskytkinvaihteiston kautta.<\/p>\n<p>Ja kaikki t\u00e4m\u00e4 vain 1 400 kiloa painavassa autossa on enemm\u00e4n kuin tarpeeksi ylivoimaiseen k\u00e4sittelyyn ja suorituskykyyn. Lukuina t\u00e4m\u00e4 tarkoittaisi 0-100 kiihtyvyytt\u00e4 2,9 sekunnissa ja 212 mailia tunnissa olevaa huippunopeutta. Kyseess\u00e4 ei kuitenkaan ole tavallinen, tehtaalla viritetty McLaren 720S. Sen sijaan sen omistaja on varustanut sen Litchfield Custom Tune -virityksell\u00e4, joka nostaa moottorin tehon 800 hevosvoimaan.<\/p>\n<h2>Ajoneuvon historia<\/h2>\n<p>Myyj\u00e4 ilmoittaa, ett\u00e4 kaikki huoltoty\u00f6t on tehty s\u00e4\u00e4nn\u00f6llisesti, ja viimeinen huolto tehtiin lokakuussa 2022. T\u00e4ll\u00e4 hetkell\u00e4 kojelaudassa ei ole tiedossa vikoja tai varoituksia. Toimitettujen valokuvien perusteella ei my\u00f6sk\u00e4\u00e4n ole mit\u00e4\u00e4n korin puutteita, joista olisi ilmoitettava.<\/p>\n","protected":false},"excerpt":{"rendered":"<p>T\u00e4\u00e4ll\u00e4 on myynniss\u00e4 McLaren 720S, joka on kiistatta yksi luokkansa suorituskykyisimmist\u00e4 autoista. Turboahdetun V8-moottorin ja huipputeknisen jousituksen ansiosta t\u00e4m\u00e4 coupe on hurjan nopea suorilla ja mutkissa. Huutokauppaavan ammattimyyj\u00e4n mukaan t\u00e4m\u00e4 vuoden 2017 McLaren 720S on moitteeton, t\u00e4ysin huollettu, eik\u00e4 se ole ollut osallisena onnettomuuksissa. T\u00e4h\u00e4n menness\u00e4 se on ajanut hieman yli 4000 kilometri\u00e4, ja se sijaitsee t\u00e4ll\u00e4 hetkell\u00e4 Yhdistyneess\u00e4 kuningaskunnassa.<\/p>\n","protected":false},"featured_media":39154,"comment_status":"open","ping_status":"closed","template":"","meta":{"inline_featured_image":false},"product_cat":[745],"product_tag":[1669,1666,933,1664],"acf":[],"yoast_head":"<!-- This site is optimized with the Yoast SEO plugin v22.5 - https:\/\/yoast.com\/wordpress\/plugins\/seo\/ -->\n<title>huutokauppa - Piston Addict<\/title>\n<meta name=\"description\" content=\"Katso t\u00e4m\u00e4 McLaren 720S huutokaupassa myyt\u00e4v\u00e4n\u00e4 PistonAddict.com-sivustolla.\" \/>\n<meta name=\"robots\" content=\"index, follow, max-snippet:-1, max-image-preview:large, max-video-preview:-1\" \/>\n<link rel=\"canonical\" href=\"https:\/\/pistonaddict.com\/fi\/product\/mclaren-720s\/\" \/>\n<meta property=\"og:locale\" content=\"fi_FI\" \/>\n<meta property=\"og:type\" content=\"article\" \/>\n<meta property=\"og:title\" content=\"huutokauppa - Piston Addict\" \/>\n<meta property=\"og:description\" content=\"Katso t\u00e4m\u00e4 McLaren 720S huutokaupassa myyt\u00e4v\u00e4n\u00e4 PistonAddict.com-sivustolla.\" \/>\n<meta property=\"og:url\" content=\"https:\/\/pistonaddict.com\/fi\/product\/mclaren-720s\/\" \/>\n<meta property=\"og:site_name\" content=\"Piston Addict\" \/>\n<meta property=\"article:modified_time\" content=\"2024-03-19T16:51:07+00:00\" \/>\n<meta property=\"og:image\" content=\"https:\/\/pistonaddict.com\/wp-content\/uploads\/2023\/04\/LuxurycarLondonApril11PistonAddict_0851-scaled.jpg\" \/>\n\t<meta property=\"og:image:width\" content=\"2560\" \/>\n\t<meta property=\"og:image:height\" content=\"1534\" \/>\n\t<meta property=\"og:image:type\" content=\"image\/jpeg\" \/>\n<meta name=\"twitter:card\" content=\"summary_large_image\" \/>\n<meta name=\"twitter:label1\" content=\"Arvioitu lukuaika\" \/>\n\t<meta name=\"twitter:data1\" content=\"2 minutes\" \/>\n<script type=\"application\/ld+json\" class=\"yoast-schema-graph\">{\"@context\":\"https:\/\/schema.org\",\"@graph\":[{\"@type\":\"WebPage\",\"@id\":\"https:\/\/pistonaddict.com\/fi\/product\/mclaren-720s\/\",\"url\":\"https:\/\/pistonaddict.com\/fi\/product\/mclaren-720s\/\",\"name\":\"huutokauppa - Piston Addict\",\"isPartOf\":{\"@id\":\"https:\/\/pistonaddict.com\/fi\/#website\"},\"primaryImageOfPage\":{\"@id\":\"https:\/\/pistonaddict.com\/fi\/product\/mclaren-720s\/#primaryimage\"},\"image\":{\"@id\":\"https:\/\/pistonaddict.com\/fi\/product\/mclaren-720s\/#primaryimage\"},\"thumbnailUrl\":\"https:\/\/pistonaddict.com\/wp-content\/uploads\/2023\/04\/LuxurycarLondonApril11PistonAddict_0851-scaled.jpg\",\"datePublished\":\"2023-04-19T15:31:19+00:00\",\"dateModified\":\"2024-03-19T16:51:07+00:00\",\"description\":\"Katso t\u00e4m\u00e4 McLaren 720S huutokaupassa myyt\u00e4v\u00e4n\u00e4 PistonAddict.com-sivustolla.\",\"breadcrumb\":{\"@id\":\"https:\/\/pistonaddict.com\/fi\/product\/mclaren-720s\/#breadcrumb\"},\"inLanguage\":\"fi\",\"potentialAction\":[{\"@type\":\"ReadAction\",\"target\":[\"https:\/\/pistonaddict.com\/fi\/product\/mclaren-720s\/\"]}]},{\"@type\":\"ImageObject\",\"inLanguage\":\"fi\",\"@id\":\"https:\/\/pistonaddict.com\/fi\/product\/mclaren-720s\/#primaryimage\",\"url\":\"https:\/\/pistonaddict.com\/wp-content\/uploads\/2023\/04\/LuxurycarLondonApril11PistonAddict_0851-scaled.jpg\",\"contentUrl\":\"https:\/\/pistonaddict.com\/wp-content\/uploads\/2023\/04\/LuxurycarLondonApril11PistonAddict_0851-scaled.jpg\",\"width\":2560,\"height\":1534},{\"@type\":\"BreadcrumbList\",\"@id\":\"https:\/\/pistonaddict.com\/fi\/product\/mclaren-720s\/#breadcrumb\",\"itemListElement\":[{\"@type\":\"ListItem\",\"position\":1,\"name\":\"Kotisivu\",\"item\":\"https:\/\/pistonaddict.com\/fi\/kotisivu-2\/\"},{\"@type\":\"ListItem\",\"position\":2,\"name\":\"Auctions\",\"item\":\"https:\/\/pistonaddict.com\/auctions-listing\/\"},{\"@type\":\"ListItem\",\"position\":3,\"name\":\"McLaren 720S\"}]},{\"@type\":\"WebSite\",\"@id\":\"https:\/\/pistonaddict.com\/fi\/#website\",\"url\":\"https:\/\/pistonaddict.com\/fi\/\",\"name\":\"Piston Addict\",\"description\":\"Only interesting vehicles\",\"publisher\":{\"@id\":\"https:\/\/pistonaddict.com\/fi\/#organization\"},\"potentialAction\":[{\"@type\":\"SearchAction\",\"target\":{\"@type\":\"EntryPoint\",\"urlTemplate\":\"https:\/\/pistonaddict.com\/fi\/?s={search_term_string}\"},\"query-input\":\"required name=search_term_string\"}],\"inLanguage\":\"fi\"},{\"@type\":\"Organization\",\"@id\":\"https:\/\/pistonaddict.com\/fi\/#organization\",\"name\":\"Piston Addict\",\"url\":\"https:\/\/pistonaddict.com\/fi\/\",\"logo\":{\"@type\":\"ImageObject\",\"inLanguage\":\"fi\",\"@id\":\"https:\/\/pistonaddict.com\/fi\/#\/schema\/logo\/image\/\",\"url\":\"https:\/\/pistonaddict.com\/wp-content\/uploads\/2022\/07\/logo-6.png\",\"contentUrl\":\"https:\/\/pistonaddict.com\/wp-content\/uploads\/2022\/07\/logo-6.png\",\"width\":970,\"height\":200,\"caption\":\"Piston Addict\"},\"image\":{\"@id\":\"https:\/\/pistonaddict.com\/fi\/#\/schema\/logo\/image\/\"}}]}<\/script>\n<!-- \/ Yoast SEO plugin. -->","yoast_head_json":{"title":"huutokauppa - Piston Addict","description":"Katso t\u00e4m\u00e4 McLaren 720S huutokaupassa myyt\u00e4v\u00e4n\u00e4 PistonAddict.com-sivustolla.","robots":{"index":"index","follow":"follow","max-snippet":"max-snippet:-1","max-image-preview":"max-image-preview:large","max-video-preview":"max-video-preview:-1"},"canonical":"https:\/\/pistonaddict.com\/fi\/product\/mclaren-720s\/","og_locale":"fi_FI","og_type":"article","og_title":"huutokauppa - Piston Addict","og_description":"Katso t\u00e4m\u00e4 McLaren 720S huutokaupassa myyt\u00e4v\u00e4n\u00e4 PistonAddict.com-sivustolla.","og_url":"https:\/\/pistonaddict.com\/fi\/product\/mclaren-720s\/","og_site_name":"Piston Addict","article_modified_time":"2024-03-19T16:51:07+00:00","og_image":[{"width":2560,"height":1534,"url":"https:\/\/pistonaddict.com\/wp-content\/uploads\/2023\/04\/LuxurycarLondonApril11PistonAddict_0851-scaled.jpg","type":"image\/jpeg"}],"twitter_card":"summary_large_image","twitter_misc":{"Arvioitu lukuaika":"2 minutes"},"schema":{"@context":"https:\/\/schema.org","@graph":[{"@type":"WebPage","@id":"https:\/\/pistonaddict.com\/fi\/product\/mclaren-720s\/","url":"https:\/\/pistonaddict.com\/fi\/product\/mclaren-720s\/","name":"huutokauppa - Piston Addict","isPartOf":{"@id":"https:\/\/pistonaddict.com\/fi\/#website"},"primaryImageOfPage":{"@id":"https:\/\/pistonaddict.com\/fi\/product\/mclaren-720s\/#primaryimage"},"image":{"@id":"https:\/\/pistonaddict.com\/fi\/product\/mclaren-720s\/#primaryimage"},"thumbnailUrl":"https:\/\/pistonaddict.com\/wp-content\/uploads\/2023\/04\/LuxurycarLondonApril11PistonAddict_0851-scaled.jpg","datePublished":"2023-04-19T15:31:19+00:00","dateModified":"2024-03-19T16:51:07+00:00","description":"Katso t\u00e4m\u00e4 McLaren 720S huutokaupassa myyt\u00e4v\u00e4n\u00e4 PistonAddict.com-sivustolla.","breadcrumb":{"@id":"https:\/\/pistonaddict.com\/fi\/product\/mclaren-720s\/#breadcrumb"},"inLanguage":"fi","potentialAction":[{"@type":"ReadAction","target":["https:\/\/pistonaddict.com\/fi\/product\/mclaren-720s\/"]}]},{"@type":"ImageObject","inLanguage":"fi","@id":"https:\/\/pistonaddict.com\/fi\/product\/mclaren-720s\/#primaryimage","url":"https:\/\/pistonaddict.com\/wp-content\/uploads\/2023\/04\/LuxurycarLondonApril11PistonAddict_0851-scaled.jpg","contentUrl":"https:\/\/pistonaddict.com\/wp-content\/uploads\/2023\/04\/LuxurycarLondonApril11PistonAddict_0851-scaled.jpg","width":2560,"height":1534},{"@type":"BreadcrumbList","@id":"https:\/\/pistonaddict.com\/fi\/product\/mclaren-720s\/#breadcrumb","itemListElement":[{"@type":"ListItem","position":1,"name":"Kotisivu","item":"https:\/\/pistonaddict.com\/fi\/kotisivu-2\/"},{"@type":"ListItem","position":2,"name":"Auctions","item":"https:\/\/pistonaddict.com\/auctions-listing\/"},{"@type":"ListItem","position":3,"name":"McLaren 720S"}]},{"@type":"WebSite","@id":"https:\/\/pistonaddict.com\/fi\/#website","url":"https:\/\/pistonaddict.com\/fi\/","name":"Piston Addict","description":"Only interesting vehicles","publisher":{"@id":"https:\/\/pistonaddict.com\/fi\/#organization"},"potentialAction":[{"@type":"SearchAction","target":{"@type":"EntryPoint","urlTemplate":"https:\/\/pistonaddict.com\/fi\/?s={search_term_string}"},"query-input":"required name=search_term_string"}],"inLanguage":"fi"},{"@type":"Organization","@id":"https:\/\/pistonaddict.com\/fi\/#organization","name":"Piston Addict","url":"https:\/\/pistonaddict.com\/fi\/","logo":{"@type":"ImageObject","inLanguage":"fi","@id":"https:\/\/pistonaddict.com\/fi\/#\/schema\/logo\/image\/","url":"https:\/\/pistonaddict.com\/wp-content\/uploads\/2022\/07\/logo-6.png","contentUrl":"https:\/\/pistonaddict.com\/wp-content\/uploads\/2022\/07\/logo-6.png","width":970,"height":200,"caption":"Piston Addict"},"image":{"@id":"https:\/\/pistonaddict.com\/fi\/#\/schema\/logo\/image\/"}}]}},"_links":{"self":[{"href":"https:\/\/pistonaddict.com\/fi\/wp-json\/wp\/v2\/product\/39228"}],"collection":[{"href":"https:\/\/pistonaddict.com\/fi\/wp-json\/wp\/v2\/product"}],"about":[{"href":"https:\/\/pistonaddict.com\/fi\/wp-json\/wp\/v2\/types\/product"}],"replies":[{"embeddable":true,"href":"https:\/\/pistonaddict.com\/fi\/wp-json\/wp\/v2\/comments?post=39228"}],"wp:featuredmedia":[{"embeddable":true,"href":"https:\/\/pistonaddict.com\/fi\/wp-json\/wp\/v2\/media\/39154"}],"wp:attachment":[{"href":"https:\/\/pistonaddict.com\/fi\/wp-json\/wp\/v2\/media?parent=39228"}],"wp:term":[{"taxonomy":"product_cat","embeddable":true,"href":"https:\/\/pistonaddict.com\/fi\/wp-json\/wp\/v2\/product_cat?post=39228"},{"taxonomy":"product_tag","embeddable":true,"href":"https:\/\/pistonaddict.com\/fi\/wp-json\/wp\/v2\/product_tag?post=39228"}],"curies":[{"name":"wp","href":"https:\/\/api.w.org\/{rel}","templated":true}]}}