{"id":37951,"date":"2023-04-19T16:55:04","date_gmt":"2023-04-19T14:55:04","guid":{"rendered":"https:\/\/pistonaddict.com\/product\/ferrari-412\/"},"modified":"2024-03-19T17:51:00","modified_gmt":"2024-03-19T16:51:00","slug":"ferrari-412","status":"publish","type":"product","link":"https:\/\/pistonaddict.com\/fi\/product\/ferrari-412\/","title":{"rendered":"Ferrari 412"},"content":{"rendered":"<p><strong>Auton historia<\/strong><\/p>\n<p>Ferrari 412 esiteltiin vuonna 1985 yhti\u00f6n GT-huipputuotteena, jossa oli tilaa nelj\u00e4lle matkustajalle ja tilava tavaratila. Se on varustettu klassisella Colombo V12-moottorilla, jonka tilavuus on 4,9 litraa, ja se on yksi Ferrari GT:n klassisen aikakauden viimeisist\u00e4 versioista. 340 hv:n teholla, joka antaa voimaa takapy\u00f6rille Borg-Warnerin automaattivaihteiston kautta, t\u00e4m\u00e4 Ferrari 412 saavuttaa 100 km\/h nopeuden vain 6,5 sekunnissa ja kiihtyy 260 km\/h huippunopeuteen asti. T\u00e4m\u00e4 malli on yksi viimeisist\u00e4 valmistetuista, ja se toimitettiin ensimm\u00e4iselle omistajalleen marraskuussa 1988. Tuotanto p\u00e4\u00e4ttyi vuonna 1989, kun 576 autoa oli toimitettu, ja vain 306:ssa oli automaattivaihteisto. Viimeisin huolto suoritettiin huhtikuussa 2021, eik\u00e4 autoa ole sen j\u00e4lkeen juurikaan k\u00e4ytetty.<\/p>\n<p><strong>Auton kunto<\/strong><\/p>\n<p>T\u00e4m\u00e4n tyylikk\u00e4\u00e4n GT:n tekee niin houkuttelevaksi sen kunto. Alle 37 000 kilometri\u00e4 uudesta, se on t\u00e4ydellisesti s\u00e4ilynyt esimerkki 80-luvun Ferrari eleganssista. T\u00e4t\u00e4 autoa ei ole koskaan entis\u00f6ity, ja se on huomattavassa alkuper\u00e4isess\u00e4 kunnossaan, aina alkuper\u00e4isi\u00e4 vanteita, ty\u00f6kalupakkia (arvostettu yksityiskohta Ferrari-ker\u00e4ilij\u00f6iden keskuudessa) ja tehdaskorrekteja renkaita my\u00f6ten, jotka ovat melko harvinaisia nyky\u00e4\u00e4n. T\u00e4m\u00e4 Ferrari 412 on asianmukaisesti huollettu ja autotallissa pidetty, mik\u00e4 on yksi syy siihen, ett\u00e4 se n\u00e4ytt\u00e4\u00e4 kuin uudelta. Alustassa ei ole \u00f6ljyvuotoja, moottoritila on siisti, ja kaikki alkuper\u00e4iset leimat ja merkinn\u00e4t ovat tallella.<\/p>\n<p><strong>Sisustus<\/strong><\/p>\n<p>T\u00e4m\u00e4n vuoden 1988 Ferrari 412:n sis\u00e4tilat on odotetusti p\u00e4\u00e4llystetty nahalla, ja mustan ulkokuoren ja ruskeanruskeiden istuinten v\u00e4riyhdistelm\u00e4 on erityisen vieh\u00e4tt\u00e4v\u00e4. N\u00e4kyvi\u00e4 vaurioita ei ole, ja istuimet, ovikortit ja kojelauta ovat moitteettomassa kunnossa. Ylellisen\u00e4 GT:n\u00e4, jollainen t\u00e4m\u00e4 Ferrari 412 varmasti on, sis\u00e4tilat ovat tietenkin t\u00e4ynn\u00e4 mukavuuksia, s\u00e4hk\u00f6isi\u00e4 lis\u00e4varusteita ja toimivaa ilmastointia. Ainoa asia, joka ei ole alkuper\u00e4inen, on audioj\u00e4rjestelm\u00e4n p\u00e4\u00e4yksikk\u00f6, joka on vaihdettu nykyaikaiseen.<\/p>\n<p><strong>Ulkoasu ja py\u00f6r\u00e4t<\/strong><\/p>\n<p>Kaikki ulkoverhoilut, listat ja muoviosat ovat t\u00e4ydellisess\u00e4 kunnossa, eik\u00e4 autossa ole ruostetta, kuten hyvin hoidetulta ajoneuvolta voi odottaa. Naarmuja tai kolhuja ei ole, ja maali on ihanteellisessa kunnossa. Mielenkiintoista on, ett\u00e4 autossa on alkuper\u00e4iset vanteet ja TRX-kumi, jotka siin\u00e4 oli uutena. Jotkut Ferrari 412:n omistajat vaihtoivat vanteet uudenaikaisempiin, koska TRX-renkaita on vaikea l\u00f6yt\u00e4\u00e4, mutta t\u00e4m\u00e4n yksil\u00f6n omistaja pysyi uskollisena alkuper\u00e4iselle spesifikaatiolle, mik\u00e4 on hieno piirre ja osoittaa, kuinka hyvin autosta on pidetty huolta.<\/p>\n<p><strong>Dokumentaatio<\/strong><\/p>\n<p>T\u00e4m\u00e4 on yksityisomistuksessa oleva ajoneuvo, jolla on asianmukaiset asiakirjat ja joka sijaitsee Lontoossa, Yhdistyneess\u00e4 kuningaskunnassa. CarVerticalin raportti on puhdas; todisteita onnettomuuksista, onnettomuuskorjauksista tai oikeudellisista ongelmista ei ole. S\u00e4\u00e4nn\u00f6llisest\u00e4 kunnossapidosta on kirjaa.<\/p>\n","protected":false},"excerpt":{"rendered":"<p>Ferrarin V12 GT:t olivat aina ylevi\u00e4 ajokoneita, jotka pystyiv\u00e4t hypp\u00e4\u00e4m\u00e4\u00e4n mantereita suurella nopeudella ja tarjoamaan vaikuttavaa mukavuutta, eik\u00e4 t\u00e4m\u00e4 vuoden 1988 412 ole poikkeus. Haluttu my\u00f6h\u00e4ismalli sis\u00e4lt\u00e4\u00e4 kaikki erinomaisen sijoitus-Ferrarin ainekset: tehokas V12-moottori, t\u00e4ydellinen v\u00e4riyhdistelm\u00e4 ja moitteeton kunto, vain 37 000 kilometri\u00e4 uudesta.<\/p>\n","protected":false},"featured_media":37875,"comment_status":"open","ping_status":"closed","template":"","meta":{"inline_featured_image":false},"product_cat":[745],"product_tag":[1586,1589,933,1588],"acf":[],"yoast_head":"<!-- This site is optimized with the Yoast SEO plugin v22.5 - https:\/\/yoast.com\/wordpress\/plugins\/seo\/ -->\n<title>huutokauppa - Piston Addict<\/title>\n<meta name=\"description\" content=\"Tarkista t\u00e4m\u00e4 Ferrari 412 huutokaupassa myyt\u00e4v\u00e4n\u00e4 PistonAddict.com automaattivaihteistolla ja vain 36 971 km.\" \/>\n<meta name=\"robots\" content=\"index, follow, max-snippet:-1, max-image-preview:large, max-video-preview:-1\" \/>\n<link rel=\"canonical\" href=\"https:\/\/pistonaddict.com\/fi\/product\/ferrari-412\/\" \/>\n<meta property=\"og:locale\" content=\"fi_FI\" \/>\n<meta property=\"og:type\" content=\"article\" \/>\n<meta property=\"og:title\" content=\"huutokauppa - Piston Addict\" \/>\n<meta property=\"og:description\" content=\"Tarkista t\u00e4m\u00e4 Ferrari 412 huutokaupassa myyt\u00e4v\u00e4n\u00e4 PistonAddict.com automaattivaihteistolla ja vain 36 971 km.\" \/>\n<meta property=\"og:url\" content=\"https:\/\/pistonaddict.com\/fi\/product\/ferrari-412\/\" \/>\n<meta property=\"og:site_name\" content=\"Piston Addict\" \/>\n<meta property=\"article:modified_time\" content=\"2024-03-19T16:51:00+00:00\" \/>\n<meta property=\"og:image\" content=\"https:\/\/pistonaddict.com\/wp-content\/uploads\/2023\/04\/LuxurycarLondonApril11PistonAddict_0358-scaled.jpg\" \/>\n\t<meta property=\"og:image:width\" content=\"2560\" \/>\n\t<meta property=\"og:image:height\" content=\"1737\" \/>\n\t<meta property=\"og:image:type\" content=\"image\/jpeg\" \/>\n<meta name=\"twitter:card\" content=\"summary_large_image\" \/>\n<meta name=\"twitter:label1\" content=\"Arvioitu lukuaika\" \/>\n\t<meta name=\"twitter:data1\" content=\"2 minutes\" \/>\n<script type=\"application\/ld+json\" class=\"yoast-schema-graph\">{\"@context\":\"https:\/\/schema.org\",\"@graph\":[{\"@type\":\"WebPage\",\"@id\":\"https:\/\/pistonaddict.com\/fi\/product\/ferrari-412\/\",\"url\":\"https:\/\/pistonaddict.com\/fi\/product\/ferrari-412\/\",\"name\":\"huutokauppa - Piston Addict\",\"isPartOf\":{\"@id\":\"https:\/\/pistonaddict.com\/fi\/#website\"},\"primaryImageOfPage\":{\"@id\":\"https:\/\/pistonaddict.com\/fi\/product\/ferrari-412\/#primaryimage\"},\"image\":{\"@id\":\"https:\/\/pistonaddict.com\/fi\/product\/ferrari-412\/#primaryimage\"},\"thumbnailUrl\":\"https:\/\/pistonaddict.com\/wp-content\/uploads\/2023\/04\/LuxurycarLondonApril11PistonAddict_0358-scaled.jpg\",\"datePublished\":\"2023-04-19T14:55:04+00:00\",\"dateModified\":\"2024-03-19T16:51:00+00:00\",\"description\":\"Tarkista t\u00e4m\u00e4 Ferrari 412 huutokaupassa myyt\u00e4v\u00e4n\u00e4 PistonAddict.com automaattivaihteistolla ja vain 36 971 km.\",\"breadcrumb\":{\"@id\":\"https:\/\/pistonaddict.com\/fi\/product\/ferrari-412\/#breadcrumb\"},\"inLanguage\":\"fi\",\"potentialAction\":[{\"@type\":\"ReadAction\",\"target\":[\"https:\/\/pistonaddict.com\/fi\/product\/ferrari-412\/\"]}]},{\"@type\":\"ImageObject\",\"inLanguage\":\"fi\",\"@id\":\"https:\/\/pistonaddict.com\/fi\/product\/ferrari-412\/#primaryimage\",\"url\":\"https:\/\/pistonaddict.com\/wp-content\/uploads\/2023\/04\/LuxurycarLondonApril11PistonAddict_0358-scaled.jpg\",\"contentUrl\":\"https:\/\/pistonaddict.com\/wp-content\/uploads\/2023\/04\/LuxurycarLondonApril11PistonAddict_0358-scaled.jpg\",\"width\":2560,\"height\":1737},{\"@type\":\"BreadcrumbList\",\"@id\":\"https:\/\/pistonaddict.com\/fi\/product\/ferrari-412\/#breadcrumb\",\"itemListElement\":[{\"@type\":\"ListItem\",\"position\":1,\"name\":\"Kotisivu\",\"item\":\"https:\/\/pistonaddict.com\/fi\/kotisivu-2\/\"},{\"@type\":\"ListItem\",\"position\":2,\"name\":\"Auctions\",\"item\":\"https:\/\/pistonaddict.com\/auctions-listing\/\"},{\"@type\":\"ListItem\",\"position\":3,\"name\":\"Ferrari 412\"}]},{\"@type\":\"WebSite\",\"@id\":\"https:\/\/pistonaddict.com\/fi\/#website\",\"url\":\"https:\/\/pistonaddict.com\/fi\/\",\"name\":\"Piston Addict\",\"description\":\"Only interesting vehicles\",\"publisher\":{\"@id\":\"https:\/\/pistonaddict.com\/fi\/#organization\"},\"potentialAction\":[{\"@type\":\"SearchAction\",\"target\":{\"@type\":\"EntryPoint\",\"urlTemplate\":\"https:\/\/pistonaddict.com\/fi\/?s={search_term_string}\"},\"query-input\":\"required name=search_term_string\"}],\"inLanguage\":\"fi\"},{\"@type\":\"Organization\",\"@id\":\"https:\/\/pistonaddict.com\/fi\/#organization\",\"name\":\"Piston Addict\",\"url\":\"https:\/\/pistonaddict.com\/fi\/\",\"logo\":{\"@type\":\"ImageObject\",\"inLanguage\":\"fi\",\"@id\":\"https:\/\/pistonaddict.com\/fi\/#\/schema\/logo\/image\/\",\"url\":\"https:\/\/pistonaddict.com\/wp-content\/uploads\/2022\/07\/logo-6.png\",\"contentUrl\":\"https:\/\/pistonaddict.com\/wp-content\/uploads\/2022\/07\/logo-6.png\",\"width\":970,\"height\":200,\"caption\":\"Piston Addict\"},\"image\":{\"@id\":\"https:\/\/pistonaddict.com\/fi\/#\/schema\/logo\/image\/\"}}]}<\/script>\n<!-- \/ Yoast SEO plugin. -->","yoast_head_json":{"title":"huutokauppa - Piston Addict","description":"Tarkista t\u00e4m\u00e4 Ferrari 412 huutokaupassa myyt\u00e4v\u00e4n\u00e4 PistonAddict.com automaattivaihteistolla ja vain 36 971 km.","robots":{"index":"index","follow":"follow","max-snippet":"max-snippet:-1","max-image-preview":"max-image-preview:large","max-video-preview":"max-video-preview:-1"},"canonical":"https:\/\/pistonaddict.com\/fi\/product\/ferrari-412\/","og_locale":"fi_FI","og_type":"article","og_title":"huutokauppa - Piston Addict","og_description":"Tarkista t\u00e4m\u00e4 Ferrari 412 huutokaupassa myyt\u00e4v\u00e4n\u00e4 PistonAddict.com automaattivaihteistolla ja vain 36 971 km.","og_url":"https:\/\/pistonaddict.com\/fi\/product\/ferrari-412\/","og_site_name":"Piston Addict","article_modified_time":"2024-03-19T16:51:00+00:00","og_image":[{"width":2560,"height":1737,"url":"https:\/\/pistonaddict.com\/wp-content\/uploads\/2023\/04\/LuxurycarLondonApril11PistonAddict_0358-scaled.jpg","type":"image\/jpeg"}],"twitter_card":"summary_large_image","twitter_misc":{"Arvioitu lukuaika":"2 minutes"},"schema":{"@context":"https:\/\/schema.org","@graph":[{"@type":"WebPage","@id":"https:\/\/pistonaddict.com\/fi\/product\/ferrari-412\/","url":"https:\/\/pistonaddict.com\/fi\/product\/ferrari-412\/","name":"huutokauppa - Piston Addict","isPartOf":{"@id":"https:\/\/pistonaddict.com\/fi\/#website"},"primaryImageOfPage":{"@id":"https:\/\/pistonaddict.com\/fi\/product\/ferrari-412\/#primaryimage"},"image":{"@id":"https:\/\/pistonaddict.com\/fi\/product\/ferrari-412\/#primaryimage"},"thumbnailUrl":"https:\/\/pistonaddict.com\/wp-content\/uploads\/2023\/04\/LuxurycarLondonApril11PistonAddict_0358-scaled.jpg","datePublished":"2023-04-19T14:55:04+00:00","dateModified":"2024-03-19T16:51:00+00:00","description":"Tarkista t\u00e4m\u00e4 Ferrari 412 huutokaupassa myyt\u00e4v\u00e4n\u00e4 PistonAddict.com automaattivaihteistolla ja vain 36 971 km.","breadcrumb":{"@id":"https:\/\/pistonaddict.com\/fi\/product\/ferrari-412\/#breadcrumb"},"inLanguage":"fi","potentialAction":[{"@type":"ReadAction","target":["https:\/\/pistonaddict.com\/fi\/product\/ferrari-412\/"]}]},{"@type":"ImageObject","inLanguage":"fi","@id":"https:\/\/pistonaddict.com\/fi\/product\/ferrari-412\/#primaryimage","url":"https:\/\/pistonaddict.com\/wp-content\/uploads\/2023\/04\/LuxurycarLondonApril11PistonAddict_0358-scaled.jpg","contentUrl":"https:\/\/pistonaddict.com\/wp-content\/uploads\/2023\/04\/LuxurycarLondonApril11PistonAddict_0358-scaled.jpg","width":2560,"height":1737},{"@type":"BreadcrumbList","@id":"https:\/\/pistonaddict.com\/fi\/product\/ferrari-412\/#breadcrumb","itemListElement":[{"@type":"ListItem","position":1,"name":"Kotisivu","item":"https:\/\/pistonaddict.com\/fi\/kotisivu-2\/"},{"@type":"ListItem","position":2,"name":"Auctions","item":"https:\/\/pistonaddict.com\/auctions-listing\/"},{"@type":"ListItem","position":3,"name":"Ferrari 412"}]},{"@type":"WebSite","@id":"https:\/\/pistonaddict.com\/fi\/#website","url":"https:\/\/pistonaddict.com\/fi\/","name":"Piston Addict","description":"Only interesting vehicles","publisher":{"@id":"https:\/\/pistonaddict.com\/fi\/#organization"},"potentialAction":[{"@type":"SearchAction","target":{"@type":"EntryPoint","urlTemplate":"https:\/\/pistonaddict.com\/fi\/?s={search_term_string}"},"query-input":"required name=search_term_string"}],"inLanguage":"fi"},{"@type":"Organization","@id":"https:\/\/pistonaddict.com\/fi\/#organization","name":"Piston Addict","url":"https:\/\/pistonaddict.com\/fi\/","logo":{"@type":"ImageObject","inLanguage":"fi","@id":"https:\/\/pistonaddict.com\/fi\/#\/schema\/logo\/image\/","url":"https:\/\/pistonaddict.com\/wp-content\/uploads\/2022\/07\/logo-6.png","contentUrl":"https:\/\/pistonaddict.com\/wp-content\/uploads\/2022\/07\/logo-6.png","width":970,"height":200,"caption":"Piston Addict"},"image":{"@id":"https:\/\/pistonaddict.com\/fi\/#\/schema\/logo\/image\/"}}]}},"_links":{"self":[{"href":"https:\/\/pistonaddict.com\/fi\/wp-json\/wp\/v2\/product\/37951"}],"collection":[{"href":"https:\/\/pistonaddict.com\/fi\/wp-json\/wp\/v2\/product"}],"about":[{"href":"https:\/\/pistonaddict.com\/fi\/wp-json\/wp\/v2\/types\/product"}],"replies":[{"embeddable":true,"href":"https:\/\/pistonaddict.com\/fi\/wp-json\/wp\/v2\/comments?post=37951"}],"wp:featuredmedia":[{"embeddable":true,"href":"https:\/\/pistonaddict.com\/fi\/wp-json\/wp\/v2\/media\/37875"}],"wp:attachment":[{"href":"https:\/\/pistonaddict.com\/fi\/wp-json\/wp\/v2\/media?parent=37951"}],"wp:term":[{"taxonomy":"product_cat","embeddable":true,"href":"https:\/\/pistonaddict.com\/fi\/wp-json\/wp\/v2\/product_cat?post=37951"},{"taxonomy":"product_tag","embeddable":true,"href":"https:\/\/pistonaddict.com\/fi\/wp-json\/wp\/v2\/product_tag?post=37951"}],"curies":[{"name":"wp","href":"https:\/\/api.w.org\/{rel}","templated":true}]}}