{"id":35647,"date":"2023-04-19T15:45:16","date_gmt":"2023-04-19T13:45:16","guid":{"rendered":"https:\/\/pistonaddict.com\/product\/bmw-m4\/"},"modified":"2024-03-19T17:51:24","modified_gmt":"2024-03-19T16:51:24","slug":"bmw-m4","status":"publish","type":"product","link":"https:\/\/pistonaddict.com\/fi\/product\/bmw-m4\/","title":{"rendered":"BMW M4"},"content":{"rendered":"<p><strong>Auton historia<\/strong><\/p>\n<p>F82-sarjan M4 oli BMW:lle suuri askel, kun se debytoi vuonna 2014. Se oli ensimm\u00e4inen M-tuote, jossa oli turboahdettu kuusisylinterinen moottori, s\u00e4hk\u00f6inen ohjaustehostin ja runsaasti hiilikuitua auton rakenteissa. Tuloksena oli fantastinen ajokone, jossa oli 425 hv varastomuodossa, tasapainoinen jousitus ja upea suorituskyky. F82 oli my\u00f6s ensimm\u00e4inen malli, jossa k\u00e4ytettiin M4-nime\u00e4, joka oli M3:n coupe-version nimitys. T\u00e4m\u00e4 tietty esimerkki on valmistettu vuonna 2017, ja se on halutumpi ja paranneltu my\u00f6hempi malli. Kiinnostavinta t\u00e4ss\u00e4 autossa on kuitenkin sen tekniset tiedot, kunto ja ajokilometrit. Vain hieman yli 2000 mailia (3500 km) ajettuaan se on k\u00e4yt\u00e4nn\u00f6ss\u00e4 aivan uusi auto, joten se on sijoitusluokan ajoneuvo. T\u00e4m\u00e4 M4 on kuitenkin my\u00f6s runsaasti lis\u00e4varusteltu ja tyylikk\u00e4\u00e4sti muokattu, jotta se tarjoaa enemm\u00e4n tehoa, paremman k\u00e4sitelt\u00e4vyyden ja vaikuttavan ajodynamiikan. Sen tilasi uutena BMW:n VIP-asiakas, joka tiesi tarkkaan, miten t\u00e4ydellisen M4:n pit\u00e4isi olla.<\/p>\n<p><strong> <\/strong><strong>Kunto<\/strong><\/p>\n<p>Minimaalinen ajokilometrim\u00e4\u00e4r\u00e4 takaa, ett\u00e4 t\u00e4m\u00e4 M4 on t\u00e4ydellisess\u00e4 kunnossa ilman mekaanisia vikoja, onnettomuusvaurioita ja viimeisint\u00e4 huoltoa, joka suoritettiin helmikuussa 2022. Tehdasvarusteiden vaikuttavan luettelon lis\u00e4ksi t\u00e4ss\u00e4 ajoneuvossa on kuitenkin jousitusmuutoksia, ja se istuu alempana kuin varastossa, mik\u00e4 takaa entist\u00e4kin paremman k\u00e4sitelt\u00e4vyyden ja ajotuntuman. Se on kuitenkin vasta alkua, ja t\u00e4m\u00e4n auton alkuper\u00e4inen omistaja asensi Akrapovi\u010din titaanipakoputkiston, jossa on hiilikuituk\u00e4rjet ja joka tehostaa kuuluisan kuutosmoottorin \u00e4\u00e4nt\u00e4. Ulkoasun parannusta t\u00e4ydennettiin etupuolen hiilidioksidi-splitterill\u00e4, takaspoilerilla ja j\u00e4lkiasennetuilla vanteilla. Mielenkiintoista on, ett\u00e4 vaikka 425 hv on melko paljon, alkuper\u00e4inen omistaja paransi suorituskyky\u00e4, ja moottori tuottaa nyt 510 hv, mik\u00e4 tekee t\u00e4st\u00e4 M4:st\u00e4 todella p\u00e4tev\u00e4n auton. Vaihteistona on BMW:n 7-vaihteinen DCT-automaatti, joka on \u00e4lyk\u00e4s valinta, jossa yhdistyv\u00e4t mukavuus ja suorituskyky. T\u00e4m\u00e4 ajoneuvo on varustettu valinnaisilla keraamisilla jarrulevyill\u00e4.<\/p>\n<p><strong>Sisustus<\/strong><\/p>\n<p>Sis\u00e4tilat on verhoiltu mustalla nahalla, M-kohtaisilla istuimilla ja hiiliter\u00e4ksisill\u00e4 korostuksilla, eik\u00e4 niiss\u00e4 n\u00e4y k\u00e4yt\u00f6n j\u00e4lki\u00e4. T\u00e4ydellisen istuma-asennon, ensiluokkaisen \u00e4\u00e4nentoistoj\u00e4rjestelm\u00e4n ja BMW:n kuuluisan iDrive-infotainment-j\u00e4rjestelm\u00e4n ansiosta t\u00e4ss\u00e4 M4:ss\u00e4 on ilo viett\u00e4\u00e4 aikaa ja kulkea kilometrej\u00e4 h\u00e4mm\u00e4stytt\u00e4v\u00e4ll\u00e4 nopeudella. Sis\u00e4tiloihin ei ole tehty muutoksia, ja lis\u00e4varusteiden ja mukavuuksien luettelo on laaja.<\/p>\n<p><strong>Ulkoasu ja py\u00f6r\u00e4t<\/strong><\/p>\n<p>T\u00e4m\u00e4 M4 on viimeistelty Austin Yellow Metallic -v\u00e4ris\u00e4vyyn, ja sen ulkopinta on tahraton, ja kaikki verhoilut ovat tallella eik\u00e4 niiss\u00e4 ole merkint\u00f6j\u00e4. Hiilipalat ovat osa M Performance Accessories -lis\u00e4varustekatalogia, ja ne sopivat t\u00e4ydellisesti. Huomattava yksityiskohta ovat HRE:n j\u00e4lkimarkkinapy\u00f6r\u00e4t, jotka sopivat ulkoasuun ja ovat kevyemm\u00e4t ja vahvemmat kuin tehtaan vanteet.<\/p>\n<p><strong>Dokumentaatio<\/strong><\/p>\n<p>T\u00e4m\u00e4 on yksityisomistuksessa oleva ajoneuvo, jolla on asianmukaiset asiakirjat ja joka sijaitsee Lontoossa, Yhdistyneess\u00e4 kuningaskunnassa. CarVerticalin raportti on puhdas; todisteita onnettomuuksista, onnettomuuskorjauksista tai oikeudellisista ongelmista ei ole. S\u00e4\u00e4nn\u00f6llisest\u00e4 kunnossapidosta on kirjaa.<\/p>\n","protected":false},"excerpt":{"rendered":"<p>BMW M4:\u00e4\u00e4 arvostetaan suorituskykyisten autojen yst\u00e4vien keskuudessa hyv\u00e4st\u00e4 syyst\u00e4. Mik\u00e4\u00e4n muu auto luokassaan ei pysty tarjoamaan vaikuttavaa urheiluautodynamiikkaa ja jokap\u00e4iv\u00e4ist\u00e4 k\u00e4ytett\u00e4vyytt\u00e4 kuin F82-sarjan M4. T\u00e4m\u00e4 auto on t\u00e4ydellinen esimerkki, jota on hieman muutettu, jotta ajaminen olisi entist\u00e4kin parempaa, ja jonka ajokilometrit ovat minimaaliset, josta on pidetty hyv\u00e4\u00e4 huolta ja joka on valmis seuraavaa omistajaa varten.<\/p>\n","protected":false},"featured_media":35428,"comment_status":"open","ping_status":"closed","template":"","meta":{"inline_featured_image":false},"product_cat":[745],"product_tag":[1411,933,1407,1409],"acf":[],"yoast_head":"<!-- This site is optimized with the Yoast SEO plugin v22.5 - https:\/\/yoast.com\/wordpress\/plugins\/seo\/ -->\n<title>huutokauppa - Piston Addict<\/title>\n<meta name=\"description\" content=\"Tarkista t\u00e4m\u00e4 BMW M4 huutokauppa myyt\u00e4v\u00e4n\u00e4 PistonAddict.com automaattivaihteistolla ja vain 2053 mailia.\" \/>\n<meta name=\"robots\" content=\"index, follow, max-snippet:-1, max-image-preview:large, max-video-preview:-1\" \/>\n<link rel=\"canonical\" href=\"https:\/\/pistonaddict.com\/fi\/product\/bmw-m4\/\" \/>\n<meta property=\"og:locale\" content=\"fi_FI\" \/>\n<meta property=\"og:type\" content=\"article\" \/>\n<meta property=\"og:title\" content=\"huutokauppa - Piston Addict\" \/>\n<meta property=\"og:description\" content=\"Tarkista t\u00e4m\u00e4 BMW M4 huutokauppa myyt\u00e4v\u00e4n\u00e4 PistonAddict.com automaattivaihteistolla ja vain 2053 mailia.\" \/>\n<meta property=\"og:url\" content=\"https:\/\/pistonaddict.com\/fi\/product\/bmw-m4\/\" \/>\n<meta property=\"og:site_name\" content=\"Piston Addict\" \/>\n<meta property=\"article:modified_time\" content=\"2024-03-19T16:51:24+00:00\" \/>\n<meta property=\"og:image\" content=\"https:\/\/pistonaddict.com\/wp-content\/uploads\/2023\/04\/LuxurycarLondonApril11PistonAddict_0647-scaled.jpg\" \/>\n\t<meta property=\"og:image:width\" content=\"2560\" \/>\n\t<meta property=\"og:image:height\" content=\"1708\" \/>\n\t<meta property=\"og:image:type\" content=\"image\/jpeg\" \/>\n<meta name=\"twitter:card\" content=\"summary_large_image\" \/>\n<meta name=\"twitter:label1\" content=\"Arvioitu lukuaika\" \/>\n\t<meta name=\"twitter:data1\" content=\"2 minutes\" \/>\n<script type=\"application\/ld+json\" class=\"yoast-schema-graph\">{\"@context\":\"https:\/\/schema.org\",\"@graph\":[{\"@type\":\"WebPage\",\"@id\":\"https:\/\/pistonaddict.com\/fi\/product\/bmw-m4\/\",\"url\":\"https:\/\/pistonaddict.com\/fi\/product\/bmw-m4\/\",\"name\":\"huutokauppa - Piston Addict\",\"isPartOf\":{\"@id\":\"https:\/\/pistonaddict.com\/fi\/#website\"},\"primaryImageOfPage\":{\"@id\":\"https:\/\/pistonaddict.com\/fi\/product\/bmw-m4\/#primaryimage\"},\"image\":{\"@id\":\"https:\/\/pistonaddict.com\/fi\/product\/bmw-m4\/#primaryimage\"},\"thumbnailUrl\":\"https:\/\/pistonaddict.com\/wp-content\/uploads\/2023\/04\/LuxurycarLondonApril11PistonAddict_0647-scaled.jpg\",\"datePublished\":\"2023-04-19T13:45:16+00:00\",\"dateModified\":\"2024-03-19T16:51:24+00:00\",\"description\":\"Tarkista t\u00e4m\u00e4 BMW M4 huutokauppa myyt\u00e4v\u00e4n\u00e4 PistonAddict.com automaattivaihteistolla ja vain 2053 mailia.\",\"breadcrumb\":{\"@id\":\"https:\/\/pistonaddict.com\/fi\/product\/bmw-m4\/#breadcrumb\"},\"inLanguage\":\"fi\",\"potentialAction\":[{\"@type\":\"ReadAction\",\"target\":[\"https:\/\/pistonaddict.com\/fi\/product\/bmw-m4\/\"]}]},{\"@type\":\"ImageObject\",\"inLanguage\":\"fi\",\"@id\":\"https:\/\/pistonaddict.com\/fi\/product\/bmw-m4\/#primaryimage\",\"url\":\"https:\/\/pistonaddict.com\/wp-content\/uploads\/2023\/04\/LuxurycarLondonApril11PistonAddict_0647-scaled.jpg\",\"contentUrl\":\"https:\/\/pistonaddict.com\/wp-content\/uploads\/2023\/04\/LuxurycarLondonApril11PistonAddict_0647-scaled.jpg\",\"width\":2560,\"height\":1708},{\"@type\":\"BreadcrumbList\",\"@id\":\"https:\/\/pistonaddict.com\/fi\/product\/bmw-m4\/#breadcrumb\",\"itemListElement\":[{\"@type\":\"ListItem\",\"position\":1,\"name\":\"Kotisivu\",\"item\":\"https:\/\/pistonaddict.com\/fi\/kotisivu-2\/\"},{\"@type\":\"ListItem\",\"position\":2,\"name\":\"Auctions\",\"item\":\"https:\/\/pistonaddict.com\/auctions-listing\/\"},{\"@type\":\"ListItem\",\"position\":3,\"name\":\"BMW M4\"}]},{\"@type\":\"WebSite\",\"@id\":\"https:\/\/pistonaddict.com\/fi\/#website\",\"url\":\"https:\/\/pistonaddict.com\/fi\/\",\"name\":\"Piston Addict\",\"description\":\"Only interesting vehicles\",\"publisher\":{\"@id\":\"https:\/\/pistonaddict.com\/fi\/#organization\"},\"potentialAction\":[{\"@type\":\"SearchAction\",\"target\":{\"@type\":\"EntryPoint\",\"urlTemplate\":\"https:\/\/pistonaddict.com\/fi\/?s={search_term_string}\"},\"query-input\":\"required name=search_term_string\"}],\"inLanguage\":\"fi\"},{\"@type\":\"Organization\",\"@id\":\"https:\/\/pistonaddict.com\/fi\/#organization\",\"name\":\"Piston Addict\",\"url\":\"https:\/\/pistonaddict.com\/fi\/\",\"logo\":{\"@type\":\"ImageObject\",\"inLanguage\":\"fi\",\"@id\":\"https:\/\/pistonaddict.com\/fi\/#\/schema\/logo\/image\/\",\"url\":\"https:\/\/pistonaddict.com\/wp-content\/uploads\/2022\/07\/logo-6.png\",\"contentUrl\":\"https:\/\/pistonaddict.com\/wp-content\/uploads\/2022\/07\/logo-6.png\",\"width\":970,\"height\":200,\"caption\":\"Piston Addict\"},\"image\":{\"@id\":\"https:\/\/pistonaddict.com\/fi\/#\/schema\/logo\/image\/\"}}]}<\/script>\n<!-- \/ Yoast SEO plugin. -->","yoast_head_json":{"title":"huutokauppa - Piston Addict","description":"Tarkista t\u00e4m\u00e4 BMW M4 huutokauppa myyt\u00e4v\u00e4n\u00e4 PistonAddict.com automaattivaihteistolla ja vain 2053 mailia.","robots":{"index":"index","follow":"follow","max-snippet":"max-snippet:-1","max-image-preview":"max-image-preview:large","max-video-preview":"max-video-preview:-1"},"canonical":"https:\/\/pistonaddict.com\/fi\/product\/bmw-m4\/","og_locale":"fi_FI","og_type":"article","og_title":"huutokauppa - Piston Addict","og_description":"Tarkista t\u00e4m\u00e4 BMW M4 huutokauppa myyt\u00e4v\u00e4n\u00e4 PistonAddict.com automaattivaihteistolla ja vain 2053 mailia.","og_url":"https:\/\/pistonaddict.com\/fi\/product\/bmw-m4\/","og_site_name":"Piston Addict","article_modified_time":"2024-03-19T16:51:24+00:00","og_image":[{"width":2560,"height":1708,"url":"https:\/\/pistonaddict.com\/wp-content\/uploads\/2023\/04\/LuxurycarLondonApril11PistonAddict_0647-scaled.jpg","type":"image\/jpeg"}],"twitter_card":"summary_large_image","twitter_misc":{"Arvioitu lukuaika":"2 minutes"},"schema":{"@context":"https:\/\/schema.org","@graph":[{"@type":"WebPage","@id":"https:\/\/pistonaddict.com\/fi\/product\/bmw-m4\/","url":"https:\/\/pistonaddict.com\/fi\/product\/bmw-m4\/","name":"huutokauppa - Piston Addict","isPartOf":{"@id":"https:\/\/pistonaddict.com\/fi\/#website"},"primaryImageOfPage":{"@id":"https:\/\/pistonaddict.com\/fi\/product\/bmw-m4\/#primaryimage"},"image":{"@id":"https:\/\/pistonaddict.com\/fi\/product\/bmw-m4\/#primaryimage"},"thumbnailUrl":"https:\/\/pistonaddict.com\/wp-content\/uploads\/2023\/04\/LuxurycarLondonApril11PistonAddict_0647-scaled.jpg","datePublished":"2023-04-19T13:45:16+00:00","dateModified":"2024-03-19T16:51:24+00:00","description":"Tarkista t\u00e4m\u00e4 BMW M4 huutokauppa myyt\u00e4v\u00e4n\u00e4 PistonAddict.com automaattivaihteistolla ja vain 2053 mailia.","breadcrumb":{"@id":"https:\/\/pistonaddict.com\/fi\/product\/bmw-m4\/#breadcrumb"},"inLanguage":"fi","potentialAction":[{"@type":"ReadAction","target":["https:\/\/pistonaddict.com\/fi\/product\/bmw-m4\/"]}]},{"@type":"ImageObject","inLanguage":"fi","@id":"https:\/\/pistonaddict.com\/fi\/product\/bmw-m4\/#primaryimage","url":"https:\/\/pistonaddict.com\/wp-content\/uploads\/2023\/04\/LuxurycarLondonApril11PistonAddict_0647-scaled.jpg","contentUrl":"https:\/\/pistonaddict.com\/wp-content\/uploads\/2023\/04\/LuxurycarLondonApril11PistonAddict_0647-scaled.jpg","width":2560,"height":1708},{"@type":"BreadcrumbList","@id":"https:\/\/pistonaddict.com\/fi\/product\/bmw-m4\/#breadcrumb","itemListElement":[{"@type":"ListItem","position":1,"name":"Kotisivu","item":"https:\/\/pistonaddict.com\/fi\/kotisivu-2\/"},{"@type":"ListItem","position":2,"name":"Auctions","item":"https:\/\/pistonaddict.com\/auctions-listing\/"},{"@type":"ListItem","position":3,"name":"BMW M4"}]},{"@type":"WebSite","@id":"https:\/\/pistonaddict.com\/fi\/#website","url":"https:\/\/pistonaddict.com\/fi\/","name":"Piston Addict","description":"Only interesting vehicles","publisher":{"@id":"https:\/\/pistonaddict.com\/fi\/#organization"},"potentialAction":[{"@type":"SearchAction","target":{"@type":"EntryPoint","urlTemplate":"https:\/\/pistonaddict.com\/fi\/?s={search_term_string}"},"query-input":"required name=search_term_string"}],"inLanguage":"fi"},{"@type":"Organization","@id":"https:\/\/pistonaddict.com\/fi\/#organization","name":"Piston Addict","url":"https:\/\/pistonaddict.com\/fi\/","logo":{"@type":"ImageObject","inLanguage":"fi","@id":"https:\/\/pistonaddict.com\/fi\/#\/schema\/logo\/image\/","url":"https:\/\/pistonaddict.com\/wp-content\/uploads\/2022\/07\/logo-6.png","contentUrl":"https:\/\/pistonaddict.com\/wp-content\/uploads\/2022\/07\/logo-6.png","width":970,"height":200,"caption":"Piston Addict"},"image":{"@id":"https:\/\/pistonaddict.com\/fi\/#\/schema\/logo\/image\/"}}]}},"_links":{"self":[{"href":"https:\/\/pistonaddict.com\/fi\/wp-json\/wp\/v2\/product\/35647"}],"collection":[{"href":"https:\/\/pistonaddict.com\/fi\/wp-json\/wp\/v2\/product"}],"about":[{"href":"https:\/\/pistonaddict.com\/fi\/wp-json\/wp\/v2\/types\/product"}],"replies":[{"embeddable":true,"href":"https:\/\/pistonaddict.com\/fi\/wp-json\/wp\/v2\/comments?post=35647"}],"wp:featuredmedia":[{"embeddable":true,"href":"https:\/\/pistonaddict.com\/fi\/wp-json\/wp\/v2\/media\/35428"}],"wp:attachment":[{"href":"https:\/\/pistonaddict.com\/fi\/wp-json\/wp\/v2\/media?parent=35647"}],"wp:term":[{"taxonomy":"product_cat","embeddable":true,"href":"https:\/\/pistonaddict.com\/fi\/wp-json\/wp\/v2\/product_cat?post=35647"},{"taxonomy":"product_tag","embeddable":true,"href":"https:\/\/pistonaddict.com\/fi\/wp-json\/wp\/v2\/product_tag?post=35647"}],"curies":[{"name":"wp","href":"https:\/\/api.w.org\/{rel}","templated":true}]}}