{"id":34599,"date":"2023-04-19T15:06:28","date_gmt":"2023-04-19T13:06:28","guid":{"rendered":"https:\/\/pistonaddict.com\/product\/bentley-flying-spur\/"},"modified":"2024-03-19T17:48:54","modified_gmt":"2024-03-19T16:48:54","slug":"bentley-flying-spur","status":"publish","type":"product","link":"https:\/\/pistonaddict.com\/fi\/product\/bentley-flying-spur\/","title":{"rendered":"Bentley Flying Spur"},"content":{"rendered":"<p><strong>Auton historia<\/strong><\/p>\n<p>T\u00e4m\u00e4 Flying Spur on yksi ensimm\u00e4isist\u00e4 t\u00e4llaisista autoista, jotka toimitetaan vuoden 2020 lopulla tunnetuille Bentleyn VIP-asiakkaille. Se on yhden omistajan auto, ja sill\u00e4 on ajettu vain 8359 km. T\u00e4m\u00e4 Flying Spur on viimeistelty halutulla vihre\u00e4ll\u00e4 v\u00e4rill\u00e4, jossa on yhteensopiva ruskehtava nahkaverhoilu, ja se on First Edition -malli, johon on asennettu black-out-ulkoverhoilupaketti. Bentleyn maailmassa First Edition -mallit ovat aina kaikkein halutuimpia, koska niiss\u00e4 on erityisi\u00e4 ja ainutlaatuisia v\u00e4rivalintoja, hienoja yksityiskohtia ja varusteita, jotka ovat usein lis\u00e4varusteena vakiovarusteisissa autoissa.<\/p>\n<p><strong>Auton kunto<\/strong><\/p>\n<p>Alkuper\u00e4inen ja nykyinen omistaja ei ainoastaan ostanut First Edition -pakettia, vaan lis\u00e4si my\u00f6s lukuisia ominaisuuksia ja varusteita jo ennest\u00e4\u00e4n vaikuttaviin teknisiin tietoihin. Lis\u00e4varusteena saatava 6,0-litrainen W12-moottori tuottaa 626 hevosvoimaa, ja sen avulla t\u00e4m\u00e4 superluksus sedan saavuttaa vaikuttavan 3,5 sekunnin 0-100 km\/h-sprintin. Viel\u00e4 kiehtovampaa on huippunopeus, ja jos l\u00f6yd\u00e4t itsesi moottoritien rajoittamattomalta osuudelta, voit saavuttaa 333 km\/h! Olemme varmoja, ett\u00e4 Flying Spur on vakaa ja mukava jopa t\u00e4ll\u00e4 nopeudella.<\/p>\n<p><strong>Ulkoasu ja py\u00f6r\u00e4t<\/strong><\/p>\n<p>Koska huolellinen huolto, ilmastoitu autotalli, ja v\u00e4h\u00e4n kilometrej\u00e4, t\u00e4m\u00e4 Flying Spur myyd\u00e4\u00e4n t\u00e4ydellisess\u00e4 kunnossa maali, ei vaurioita ulkopuolella (tai sis\u00e4tilojen), ja alkuper\u00e4inen py\u00f6r\u00e4t. Yksi pienist\u00e4 mutta mielenkiintoisista yksityiskohdista on musta katto, joka sopii t\u00e4ydellisesti yhteen mustan ulkoverhoilun kanssa ja korostaa entisest\u00e4\u00e4n t\u00e4m\u00e4n tyylikk\u00e4\u00e4n sedanin urheilullisuutta.<\/p>\n<p><strong>Sisustus<\/strong><\/p>\n<p>Yksi t\u00e4m\u00e4n auton kiehtovimmista osista on sis\u00e4tilat. T\u00e4m\u00e4 Flying Spur on suunniteltu t\u00e4ydelliseksi yhdistelm\u00e4ksi modernia teknologiaa ja klassista ylellisyytt\u00e4, ja se on p\u00e4\u00e4llystetty halutulla ruskehtavalla nahalla, jossa on vihre\u00e4\u00e4 nahkaa ja puisia inserttej\u00e4. T\u00e4ynn\u00e4 kaikenlaisia mukavuuksia, ja joistakin kromatuista koristeosista l\u00f6ytyy suojakalvo, joka osoittaa, ett\u00e4 t\u00e4t\u00e4 autoa on tuskin k\u00e4ytetty.<\/p>\n<p><strong>Dokumentaatio<\/strong><\/p>\n<p>T\u00e4m\u00e4 on yksityisomistuksessa oleva ajoneuvo, jolla on asianmukaiset asiakirjat ja joka sijaitsee Lontoossa, Yhdistyneess\u00e4 kuningaskunnassa. CarVerticalin raportti on puhdas; todisteita onnettomuuksista, onnettomuuskorjauksista tai oikeudellisista ongelmista ei ole. S\u00e4\u00e4nn\u00f6llisest\u00e4 kunnossapidosta on kirjaa.<\/p>\n","protected":false},"excerpt":{"rendered":"<p>Monien kilpailijoidensa tavoin Bentley on l\u00e4hitulevaisuudessa siirtym\u00e4ss\u00e4 EV-malleihin. T\u00e4m\u00e4 voi siis olla viimeinen tilaisuus hankkia t\u00e4m\u00e4n Flying Spur -auton kaltainen majesteettinen, polttomoottorik\u00e4ytt\u00f6inen luksusauto, joka on eritt\u00e4in halutun n\u00e4k\u00f6inen ja uudenveroisessa kunnossa. T\u00e4m\u00e4 ainutlaatuinen yksil\u00f6, jonka voimanl\u00e4hteen\u00e4 on tunnusomainen W12-moottori, sopii erinomaisesti vaativille Bentley-asiantuntijoille.<\/p>\n","protected":false},"featured_media":34083,"comment_status":"open","ping_status":"closed","template":"","meta":{"inline_featured_image":false},"product_cat":[745],"product_tag":[1367,933,1361,1364],"acf":[],"yoast_head":"<!-- This site is optimized with the Yoast SEO plugin v22.5 - https:\/\/yoast.com\/wordpress\/plugins\/seo\/ -->\n<title>huutokauppa - Piston Addict<\/title>\n<meta name=\"description\" content=\"Tarkista t\u00e4m\u00e4 Bentley Flying Spur huutokauppa PistonAddict.comissa, jossa on automaattivaihteisto ja vain 8359 km.\" \/>\n<meta name=\"robots\" content=\"index, follow, max-snippet:-1, max-image-preview:large, max-video-preview:-1\" \/>\n<link rel=\"canonical\" href=\"https:\/\/pistonaddict.com\/fi\/product\/bentley-flying-spur\/\" \/>\n<meta property=\"og:locale\" content=\"fi_FI\" \/>\n<meta property=\"og:type\" content=\"article\" \/>\n<meta property=\"og:title\" content=\"huutokauppa - Piston Addict\" \/>\n<meta property=\"og:description\" content=\"Tarkista t\u00e4m\u00e4 Bentley Flying Spur huutokauppa PistonAddict.comissa, jossa on automaattivaihteisto ja vain 8359 km.\" \/>\n<meta property=\"og:url\" content=\"https:\/\/pistonaddict.com\/fi\/product\/bentley-flying-spur\/\" \/>\n<meta property=\"og:site_name\" content=\"Piston Addict\" \/>\n<meta property=\"article:modified_time\" content=\"2024-03-19T16:48:54+00:00\" \/>\n<meta property=\"og:image\" content=\"https:\/\/pistonaddict.com\/wp-content\/uploads\/2023\/04\/LuxurycarLondonApril11PistonAddict_0433-scaled.jpg\" \/>\n\t<meta property=\"og:image:width\" content=\"2560\" \/>\n\t<meta property=\"og:image:height\" content=\"1505\" \/>\n\t<meta property=\"og:image:type\" content=\"image\/jpeg\" \/>\n<meta name=\"twitter:card\" content=\"summary_large_image\" \/>\n<meta name=\"twitter:label1\" content=\"Arvioitu lukuaika\" \/>\n\t<meta name=\"twitter:data1\" content=\"2 minutes\" \/>\n<script type=\"application\/ld+json\" class=\"yoast-schema-graph\">{\"@context\":\"https:\/\/schema.org\",\"@graph\":[{\"@type\":\"WebPage\",\"@id\":\"https:\/\/pistonaddict.com\/fi\/product\/bentley-flying-spur\/\",\"url\":\"https:\/\/pistonaddict.com\/fi\/product\/bentley-flying-spur\/\",\"name\":\"huutokauppa - Piston Addict\",\"isPartOf\":{\"@id\":\"https:\/\/pistonaddict.com\/fi\/#website\"},\"primaryImageOfPage\":{\"@id\":\"https:\/\/pistonaddict.com\/fi\/product\/bentley-flying-spur\/#primaryimage\"},\"image\":{\"@id\":\"https:\/\/pistonaddict.com\/fi\/product\/bentley-flying-spur\/#primaryimage\"},\"thumbnailUrl\":\"https:\/\/pistonaddict.com\/wp-content\/uploads\/2023\/04\/LuxurycarLondonApril11PistonAddict_0433-scaled.jpg\",\"datePublished\":\"2023-04-19T13:06:28+00:00\",\"dateModified\":\"2024-03-19T16:48:54+00:00\",\"description\":\"Tarkista t\u00e4m\u00e4 Bentley Flying Spur huutokauppa PistonAddict.comissa, jossa on automaattivaihteisto ja vain 8359 km.\",\"breadcrumb\":{\"@id\":\"https:\/\/pistonaddict.com\/fi\/product\/bentley-flying-spur\/#breadcrumb\"},\"inLanguage\":\"fi\",\"potentialAction\":[{\"@type\":\"ReadAction\",\"target\":[\"https:\/\/pistonaddict.com\/fi\/product\/bentley-flying-spur\/\"]}]},{\"@type\":\"ImageObject\",\"inLanguage\":\"fi\",\"@id\":\"https:\/\/pistonaddict.com\/fi\/product\/bentley-flying-spur\/#primaryimage\",\"url\":\"https:\/\/pistonaddict.com\/wp-content\/uploads\/2023\/04\/LuxurycarLondonApril11PistonAddict_0433-scaled.jpg\",\"contentUrl\":\"https:\/\/pistonaddict.com\/wp-content\/uploads\/2023\/04\/LuxurycarLondonApril11PistonAddict_0433-scaled.jpg\",\"width\":2560,\"height\":1505},{\"@type\":\"BreadcrumbList\",\"@id\":\"https:\/\/pistonaddict.com\/fi\/product\/bentley-flying-spur\/#breadcrumb\",\"itemListElement\":[{\"@type\":\"ListItem\",\"position\":1,\"name\":\"Kotisivu\",\"item\":\"https:\/\/pistonaddict.com\/fi\/kotisivu-2\/\"},{\"@type\":\"ListItem\",\"position\":2,\"name\":\"Auctions\",\"item\":\"https:\/\/pistonaddict.com\/auctions-listing\/\"},{\"@type\":\"ListItem\",\"position\":3,\"name\":\"Bentley Flying Spur\"}]},{\"@type\":\"WebSite\",\"@id\":\"https:\/\/pistonaddict.com\/fi\/#website\",\"url\":\"https:\/\/pistonaddict.com\/fi\/\",\"name\":\"Piston Addict\",\"description\":\"Only interesting vehicles\",\"publisher\":{\"@id\":\"https:\/\/pistonaddict.com\/fi\/#organization\"},\"potentialAction\":[{\"@type\":\"SearchAction\",\"target\":{\"@type\":\"EntryPoint\",\"urlTemplate\":\"https:\/\/pistonaddict.com\/fi\/?s={search_term_string}\"},\"query-input\":\"required name=search_term_string\"}],\"inLanguage\":\"fi\"},{\"@type\":\"Organization\",\"@id\":\"https:\/\/pistonaddict.com\/fi\/#organization\",\"name\":\"Piston Addict\",\"url\":\"https:\/\/pistonaddict.com\/fi\/\",\"logo\":{\"@type\":\"ImageObject\",\"inLanguage\":\"fi\",\"@id\":\"https:\/\/pistonaddict.com\/fi\/#\/schema\/logo\/image\/\",\"url\":\"https:\/\/pistonaddict.com\/wp-content\/uploads\/2022\/07\/logo-6.png\",\"contentUrl\":\"https:\/\/pistonaddict.com\/wp-content\/uploads\/2022\/07\/logo-6.png\",\"width\":970,\"height\":200,\"caption\":\"Piston Addict\"},\"image\":{\"@id\":\"https:\/\/pistonaddict.com\/fi\/#\/schema\/logo\/image\/\"}}]}<\/script>\n<!-- \/ Yoast SEO plugin. -->","yoast_head_json":{"title":"huutokauppa - Piston Addict","description":"Tarkista t\u00e4m\u00e4 Bentley Flying Spur huutokauppa PistonAddict.comissa, jossa on automaattivaihteisto ja vain 8359 km.","robots":{"index":"index","follow":"follow","max-snippet":"max-snippet:-1","max-image-preview":"max-image-preview:large","max-video-preview":"max-video-preview:-1"},"canonical":"https:\/\/pistonaddict.com\/fi\/product\/bentley-flying-spur\/","og_locale":"fi_FI","og_type":"article","og_title":"huutokauppa - Piston Addict","og_description":"Tarkista t\u00e4m\u00e4 Bentley Flying Spur huutokauppa PistonAddict.comissa, jossa on automaattivaihteisto ja vain 8359 km.","og_url":"https:\/\/pistonaddict.com\/fi\/product\/bentley-flying-spur\/","og_site_name":"Piston Addict","article_modified_time":"2024-03-19T16:48:54+00:00","og_image":[{"width":2560,"height":1505,"url":"https:\/\/pistonaddict.com\/wp-content\/uploads\/2023\/04\/LuxurycarLondonApril11PistonAddict_0433-scaled.jpg","type":"image\/jpeg"}],"twitter_card":"summary_large_image","twitter_misc":{"Arvioitu lukuaika":"2 minutes"},"schema":{"@context":"https:\/\/schema.org","@graph":[{"@type":"WebPage","@id":"https:\/\/pistonaddict.com\/fi\/product\/bentley-flying-spur\/","url":"https:\/\/pistonaddict.com\/fi\/product\/bentley-flying-spur\/","name":"huutokauppa - Piston Addict","isPartOf":{"@id":"https:\/\/pistonaddict.com\/fi\/#website"},"primaryImageOfPage":{"@id":"https:\/\/pistonaddict.com\/fi\/product\/bentley-flying-spur\/#primaryimage"},"image":{"@id":"https:\/\/pistonaddict.com\/fi\/product\/bentley-flying-spur\/#primaryimage"},"thumbnailUrl":"https:\/\/pistonaddict.com\/wp-content\/uploads\/2023\/04\/LuxurycarLondonApril11PistonAddict_0433-scaled.jpg","datePublished":"2023-04-19T13:06:28+00:00","dateModified":"2024-03-19T16:48:54+00:00","description":"Tarkista t\u00e4m\u00e4 Bentley Flying Spur huutokauppa PistonAddict.comissa, jossa on automaattivaihteisto ja vain 8359 km.","breadcrumb":{"@id":"https:\/\/pistonaddict.com\/fi\/product\/bentley-flying-spur\/#breadcrumb"},"inLanguage":"fi","potentialAction":[{"@type":"ReadAction","target":["https:\/\/pistonaddict.com\/fi\/product\/bentley-flying-spur\/"]}]},{"@type":"ImageObject","inLanguage":"fi","@id":"https:\/\/pistonaddict.com\/fi\/product\/bentley-flying-spur\/#primaryimage","url":"https:\/\/pistonaddict.com\/wp-content\/uploads\/2023\/04\/LuxurycarLondonApril11PistonAddict_0433-scaled.jpg","contentUrl":"https:\/\/pistonaddict.com\/wp-content\/uploads\/2023\/04\/LuxurycarLondonApril11PistonAddict_0433-scaled.jpg","width":2560,"height":1505},{"@type":"BreadcrumbList","@id":"https:\/\/pistonaddict.com\/fi\/product\/bentley-flying-spur\/#breadcrumb","itemListElement":[{"@type":"ListItem","position":1,"name":"Kotisivu","item":"https:\/\/pistonaddict.com\/fi\/kotisivu-2\/"},{"@type":"ListItem","position":2,"name":"Auctions","item":"https:\/\/pistonaddict.com\/auctions-listing\/"},{"@type":"ListItem","position":3,"name":"Bentley Flying Spur"}]},{"@type":"WebSite","@id":"https:\/\/pistonaddict.com\/fi\/#website","url":"https:\/\/pistonaddict.com\/fi\/","name":"Piston Addict","description":"Only interesting vehicles","publisher":{"@id":"https:\/\/pistonaddict.com\/fi\/#organization"},"potentialAction":[{"@type":"SearchAction","target":{"@type":"EntryPoint","urlTemplate":"https:\/\/pistonaddict.com\/fi\/?s={search_term_string}"},"query-input":"required name=search_term_string"}],"inLanguage":"fi"},{"@type":"Organization","@id":"https:\/\/pistonaddict.com\/fi\/#organization","name":"Piston Addict","url":"https:\/\/pistonaddict.com\/fi\/","logo":{"@type":"ImageObject","inLanguage":"fi","@id":"https:\/\/pistonaddict.com\/fi\/#\/schema\/logo\/image\/","url":"https:\/\/pistonaddict.com\/wp-content\/uploads\/2022\/07\/logo-6.png","contentUrl":"https:\/\/pistonaddict.com\/wp-content\/uploads\/2022\/07\/logo-6.png","width":970,"height":200,"caption":"Piston Addict"},"image":{"@id":"https:\/\/pistonaddict.com\/fi\/#\/schema\/logo\/image\/"}}]}},"_links":{"self":[{"href":"https:\/\/pistonaddict.com\/fi\/wp-json\/wp\/v2\/product\/34599"}],"collection":[{"href":"https:\/\/pistonaddict.com\/fi\/wp-json\/wp\/v2\/product"}],"about":[{"href":"https:\/\/pistonaddict.com\/fi\/wp-json\/wp\/v2\/types\/product"}],"replies":[{"embeddable":true,"href":"https:\/\/pistonaddict.com\/fi\/wp-json\/wp\/v2\/comments?post=34599"}],"wp:featuredmedia":[{"embeddable":true,"href":"https:\/\/pistonaddict.com\/fi\/wp-json\/wp\/v2\/media\/34083"}],"wp:attachment":[{"href":"https:\/\/pistonaddict.com\/fi\/wp-json\/wp\/v2\/media?parent=34599"}],"wp:term":[{"taxonomy":"product_cat","embeddable":true,"href":"https:\/\/pistonaddict.com\/fi\/wp-json\/wp\/v2\/product_cat?post=34599"},{"taxonomy":"product_tag","embeddable":true,"href":"https:\/\/pistonaddict.com\/fi\/wp-json\/wp\/v2\/product_tag?post=34599"}],"curies":[{"name":"wp","href":"https:\/\/api.w.org\/{rel}","templated":true}]}}