{"id":34043,"date":"2023-04-19T10:37:02","date_gmt":"2023-04-19T08:37:02","guid":{"rendered":"https:\/\/pistonaddict.com\/product\/porsche-gt3-touring\/"},"modified":"2024-03-19T17:27:29","modified_gmt":"2024-03-19T16:27:29","slug":"porsche-gt3-touring","status":"publish","type":"product","link":"https:\/\/pistonaddict.com\/fi\/product\/porsche-gt3-touring\/","title":{"rendered":"Porsche GT3 Touring"},"content":{"rendered":"<h2>Ulkoasu<\/h2>\n<p>Ulkopuolelta t\u00e4m\u00e4 harmaanv\u00e4rinen Touring-malli jakaa useimmat muotoilun yksityiskohdat 911 RS3:n kanssa, johon se perustuu. Siihen kuuluvat ksenon-ajovalot, joissa on LED-halot, suuret ilmanottoaukot edess\u00e4 sek\u00e4 leve\u00e4mm\u00e4t koripaneelit ja puskurit. N\u00e4iden kahden auton erona on kuitenkin Touringin massiivinen takasiipi tai sen n\u00e4enn\u00e4inen puuttuminen. Sen sijaan t\u00e4ss\u00e4 mallissa on sis\u00e4\u00e4nvedett\u00e4v\u00e4 takaspoileri, joka avautuu 75 kilometrin tuntinopeudella ja tuo lis\u00e4\u00e4 downforcea. Matalissa nopeuksissa spoileri on kuitenkin sis\u00e4\u00e4nvedetty ja sulautuu auton siluettiin, mik\u00e4 antaa autolle tyylikk\u00e4\u00e4n ja virtaviivaisen ilmeen. T\u00e4ss\u00e4 Porschessa on tehdasvalmisteiset 19-tuumaiset vanteet ja Dunlop Sport Maxx Race 2 -renkaat, jotka sopivat siihen ihanteellisesti.<\/p>\n<h2>Sisustus<\/h2>\n<p>Sis\u00e4tiloissa t\u00e4ss\u00e4 Porschessa on kevyet kauhaistuimet, jotka on p\u00e4\u00e4llystetty mustalla nahalla, jossa on tummanharmaat kangassis\u00e4kkeet. Keltaiset turvavy\u00f6t ovat mukava yksityiskohta, joka antaa sis\u00e4tiloille eloisamman ilmeen. Toisin kuin <em>tavallisessa<\/em> 911-mallissa, takana ei ole istuimia. Sis\u00e4tiloissa kuljettaja l\u00f6yt\u00e4\u00e4 kolmikierroksisen nahkaisen ohjauspy\u00f6r\u00e4n ja sen takana Porschen tunnusomaisen mittariston. Siihen kuuluu keskelle asennettu kierroslukumittari, joka ulottuu 10 000 kierrokseen, nopeusmittari ja useita muita mittareita. Keskell\u00e4 olevaa konsolia hallitsee suuri kosketusn\u00e4ytt\u00f6, johon on integroitu stereot, peruutuskameran n\u00e4ytt\u00f6 ja navigointi. Lopuksi, kuten useimmissa muissa GT3-malleissa, t\u00e4ss\u00e4 Porschessa on sekuntikello kojelaudan yl\u00e4osassa, mik\u00e4 on hy\u00f6dyllist\u00e4 ajoitettuja kierroksia teht\u00e4ess\u00e4.<\/p>\n<h2>Mekaniikka<\/h2>\n<p>Vaikka t\u00e4m\u00e4 Touring on n\u00e4enn\u00e4isesti leppoisa malli, se kuuluu silti arvostettuun GT3-mallistoon. Se tarkoittaa, ett\u00e4 siin\u00e4 on sama 4,0-litrainen, luonnollisesti imetty tasakuutosmoottori, joka kehitt\u00e4\u00e4 500 hevosvoimaa ja 469 Nm v\u00e4\u00e4nt\u00f6\u00e4. Mutta toisin kuin useimmissa GT3-malliston autoissa, joissa k\u00e4ytet\u00e4\u00e4n kaksoiskytkin-automaattivaihteistoa, t\u00e4ss\u00e4 autossa on perinteisempi kuusivaihteinen manuaalivaihteisto. Voima l\u00e4hetet\u00e4\u00e4n takapy\u00f6rille rajoitetun luiston tasauspy\u00f6r\u00e4st\u00f6n kautta, mik\u00e4 parantaa pitoa erityisesti liukkaissa olosuhteissa. Kaiken t\u00e4m\u00e4n ansiosta t\u00e4m\u00e4 Porsche kiihtyy 0-100 vain 3,4 sekunnissa, ja sen huippunopeus on 196 MPH. Ja kun sen on pys\u00e4hdytt\u00e4v\u00e4, valtavat jarrut varmistavat, ett\u00e4 se tapahtuu mahdollisimman nopeasti.<\/p>\n<h2>Ajoneuvon historia<\/h2>\n<p>Porsche r\u00e4\u00e4t\u00e4l\u00f6i t\u00e4m\u00e4n 911 GT3 Touringin er\u00e4\u00e4lle VIP-asiakkaalleen, joka tilasi sen osana laajempaa kokoelmaa. Vaikka auto on Yhdistyneess\u00e4 kuningaskunnassa, se on vasemmanpuoleisella ohjauksella ja Luxemburgin rekisterikilvill\u00e4 varustettu malli. Se huollettiin viimeksi vain muutama kuukausi sitten helmikuussa, ja nyt se on t\u00e4ysin valmis tien p\u00e4\u00e4lle.<\/p>\n","protected":false},"excerpt":{"rendered":"<p>T\u00e4m\u00e4 Porsche 911 GT3 Touring sopii t\u00e4ydellisesti henkil\u00f6lle, joka etsii eleganttia ja sulavaa autoa, joka pystyy tarjoamaan huimaa suorituskyky\u00e4. Vaikka t\u00e4m\u00e4 2-ovinen coupe n\u00e4ytt\u00e4\u00e4kin ulkoisesti hienovaraiselta tai jopa vaatimattomalta, sen alla on todellinen t\u00e4ysverinen kilpa-auto. Ja siksi se on yht\u00e4 hyv\u00e4, kun se ajelee moottoritiell\u00e4 tai r\u00e4j\u00e4ytt\u00e4\u00e4 radalla. T\u00e4m\u00e4 Porsche on valmistettu vuonna 2018 yhten\u00e4 991.2-malliston viimeisist\u00e4 autoista, ja sill\u00e4 on ajettu vain 1 400 kilometri\u00e4. Lis\u00e4ksi myyj\u00e4 kertoo, ett\u00e4 se on hiljattain huollettu ja kuvailee sit\u00e4 <em>uudeksi<\/em>.<\/p>\n","protected":false},"featured_media":33484,"comment_status":"open","ping_status":"closed","template":"","meta":{"inline_featured_image":false},"product_cat":[745],"product_tag":[1289,933,1175,817],"acf":[],"yoast_head":"<!-- This site is optimized with the Yoast SEO plugin v22.5 - https:\/\/yoast.com\/wordpress\/plugins\/seo\/ -->\n<title>huutokauppa - Piston Addict<\/title>\n<meta name=\"description\" content=\"Tarkista t\u00e4m\u00e4 Porsche GT3 Touring huutokauppa myyt\u00e4v\u00e4n\u00e4 PistonAddict.com automaattivaihteistolla ja vain 1414 mailia.\" \/>\n<meta name=\"robots\" content=\"index, follow, max-snippet:-1, max-image-preview:large, max-video-preview:-1\" \/>\n<link rel=\"canonical\" href=\"https:\/\/pistonaddict.com\/fi\/product\/porsche-gt3-touring\/\" \/>\n<meta property=\"og:locale\" content=\"fi_FI\" \/>\n<meta property=\"og:type\" content=\"article\" \/>\n<meta property=\"og:title\" content=\"huutokauppa - Piston Addict\" \/>\n<meta property=\"og:description\" content=\"Tarkista t\u00e4m\u00e4 Porsche GT3 Touring huutokauppa myyt\u00e4v\u00e4n\u00e4 PistonAddict.com automaattivaihteistolla ja vain 1414 mailia.\" \/>\n<meta property=\"og:url\" content=\"https:\/\/pistonaddict.com\/fi\/product\/porsche-gt3-touring\/\" \/>\n<meta property=\"og:site_name\" content=\"Piston Addict\" \/>\n<meta property=\"article:modified_time\" content=\"2024-03-19T16:27:29+00:00\" \/>\n<meta property=\"og:image\" content=\"https:\/\/pistonaddict.com\/wp-content\/uploads\/2023\/04\/LuxurycarLondonApril11PistonAddict_0868-2-scaled.jpg\" \/>\n\t<meta property=\"og:image:width\" content=\"2560\" \/>\n\t<meta property=\"og:image:height\" content=\"1673\" \/>\n\t<meta property=\"og:image:type\" content=\"image\/jpeg\" \/>\n<meta name=\"twitter:card\" content=\"summary_large_image\" \/>\n<meta name=\"twitter:label1\" content=\"Arvioitu lukuaika\" \/>\n\t<meta name=\"twitter:data1\" content=\"2 minutes\" \/>\n<script type=\"application\/ld+json\" class=\"yoast-schema-graph\">{\"@context\":\"https:\/\/schema.org\",\"@graph\":[{\"@type\":\"WebPage\",\"@id\":\"https:\/\/pistonaddict.com\/fi\/product\/porsche-gt3-touring\/\",\"url\":\"https:\/\/pistonaddict.com\/fi\/product\/porsche-gt3-touring\/\",\"name\":\"huutokauppa - Piston Addict\",\"isPartOf\":{\"@id\":\"https:\/\/pistonaddict.com\/fi\/#website\"},\"primaryImageOfPage\":{\"@id\":\"https:\/\/pistonaddict.com\/fi\/product\/porsche-gt3-touring\/#primaryimage\"},\"image\":{\"@id\":\"https:\/\/pistonaddict.com\/fi\/product\/porsche-gt3-touring\/#primaryimage\"},\"thumbnailUrl\":\"https:\/\/pistonaddict.com\/wp-content\/uploads\/2023\/04\/LuxurycarLondonApril11PistonAddict_0868-2-scaled.jpg\",\"datePublished\":\"2023-04-19T08:37:02+00:00\",\"dateModified\":\"2024-03-19T16:27:29+00:00\",\"description\":\"Tarkista t\u00e4m\u00e4 Porsche GT3 Touring huutokauppa myyt\u00e4v\u00e4n\u00e4 PistonAddict.com automaattivaihteistolla ja vain 1414 mailia.\",\"breadcrumb\":{\"@id\":\"https:\/\/pistonaddict.com\/fi\/product\/porsche-gt3-touring\/#breadcrumb\"},\"inLanguage\":\"fi\",\"potentialAction\":[{\"@type\":\"ReadAction\",\"target\":[\"https:\/\/pistonaddict.com\/fi\/product\/porsche-gt3-touring\/\"]}]},{\"@type\":\"ImageObject\",\"inLanguage\":\"fi\",\"@id\":\"https:\/\/pistonaddict.com\/fi\/product\/porsche-gt3-touring\/#primaryimage\",\"url\":\"https:\/\/pistonaddict.com\/wp-content\/uploads\/2023\/04\/LuxurycarLondonApril11PistonAddict_0868-2-scaled.jpg\",\"contentUrl\":\"https:\/\/pistonaddict.com\/wp-content\/uploads\/2023\/04\/LuxurycarLondonApril11PistonAddict_0868-2-scaled.jpg\",\"width\":2560,\"height\":1673},{\"@type\":\"BreadcrumbList\",\"@id\":\"https:\/\/pistonaddict.com\/fi\/product\/porsche-gt3-touring\/#breadcrumb\",\"itemListElement\":[{\"@type\":\"ListItem\",\"position\":1,\"name\":\"Kotisivu\",\"item\":\"https:\/\/pistonaddict.com\/fi\/kotisivu-2\/\"},{\"@type\":\"ListItem\",\"position\":2,\"name\":\"Auctions\",\"item\":\"https:\/\/pistonaddict.com\/auctions-listing\/\"},{\"@type\":\"ListItem\",\"position\":3,\"name\":\"Porsche GT3 Touring\"}]},{\"@type\":\"WebSite\",\"@id\":\"https:\/\/pistonaddict.com\/fi\/#website\",\"url\":\"https:\/\/pistonaddict.com\/fi\/\",\"name\":\"Piston Addict\",\"description\":\"Only interesting vehicles\",\"publisher\":{\"@id\":\"https:\/\/pistonaddict.com\/fi\/#organization\"},\"potentialAction\":[{\"@type\":\"SearchAction\",\"target\":{\"@type\":\"EntryPoint\",\"urlTemplate\":\"https:\/\/pistonaddict.com\/fi\/?s={search_term_string}\"},\"query-input\":\"required name=search_term_string\"}],\"inLanguage\":\"fi\"},{\"@type\":\"Organization\",\"@id\":\"https:\/\/pistonaddict.com\/fi\/#organization\",\"name\":\"Piston Addict\",\"url\":\"https:\/\/pistonaddict.com\/fi\/\",\"logo\":{\"@type\":\"ImageObject\",\"inLanguage\":\"fi\",\"@id\":\"https:\/\/pistonaddict.com\/fi\/#\/schema\/logo\/image\/\",\"url\":\"https:\/\/pistonaddict.com\/wp-content\/uploads\/2022\/07\/logo-6.png\",\"contentUrl\":\"https:\/\/pistonaddict.com\/wp-content\/uploads\/2022\/07\/logo-6.png\",\"width\":970,\"height\":200,\"caption\":\"Piston Addict\"},\"image\":{\"@id\":\"https:\/\/pistonaddict.com\/fi\/#\/schema\/logo\/image\/\"}}]}<\/script>\n<!-- \/ Yoast SEO plugin. -->","yoast_head_json":{"title":"huutokauppa - Piston Addict","description":"Tarkista t\u00e4m\u00e4 Porsche GT3 Touring huutokauppa myyt\u00e4v\u00e4n\u00e4 PistonAddict.com automaattivaihteistolla ja vain 1414 mailia.","robots":{"index":"index","follow":"follow","max-snippet":"max-snippet:-1","max-image-preview":"max-image-preview:large","max-video-preview":"max-video-preview:-1"},"canonical":"https:\/\/pistonaddict.com\/fi\/product\/porsche-gt3-touring\/","og_locale":"fi_FI","og_type":"article","og_title":"huutokauppa - Piston Addict","og_description":"Tarkista t\u00e4m\u00e4 Porsche GT3 Touring huutokauppa myyt\u00e4v\u00e4n\u00e4 PistonAddict.com automaattivaihteistolla ja vain 1414 mailia.","og_url":"https:\/\/pistonaddict.com\/fi\/product\/porsche-gt3-touring\/","og_site_name":"Piston Addict","article_modified_time":"2024-03-19T16:27:29+00:00","og_image":[{"width":2560,"height":1673,"url":"https:\/\/pistonaddict.com\/wp-content\/uploads\/2023\/04\/LuxurycarLondonApril11PistonAddict_0868-2-scaled.jpg","type":"image\/jpeg"}],"twitter_card":"summary_large_image","twitter_misc":{"Arvioitu lukuaika":"2 minutes"},"schema":{"@context":"https:\/\/schema.org","@graph":[{"@type":"WebPage","@id":"https:\/\/pistonaddict.com\/fi\/product\/porsche-gt3-touring\/","url":"https:\/\/pistonaddict.com\/fi\/product\/porsche-gt3-touring\/","name":"huutokauppa - Piston Addict","isPartOf":{"@id":"https:\/\/pistonaddict.com\/fi\/#website"},"primaryImageOfPage":{"@id":"https:\/\/pistonaddict.com\/fi\/product\/porsche-gt3-touring\/#primaryimage"},"image":{"@id":"https:\/\/pistonaddict.com\/fi\/product\/porsche-gt3-touring\/#primaryimage"},"thumbnailUrl":"https:\/\/pistonaddict.com\/wp-content\/uploads\/2023\/04\/LuxurycarLondonApril11PistonAddict_0868-2-scaled.jpg","datePublished":"2023-04-19T08:37:02+00:00","dateModified":"2024-03-19T16:27:29+00:00","description":"Tarkista t\u00e4m\u00e4 Porsche GT3 Touring huutokauppa myyt\u00e4v\u00e4n\u00e4 PistonAddict.com automaattivaihteistolla ja vain 1414 mailia.","breadcrumb":{"@id":"https:\/\/pistonaddict.com\/fi\/product\/porsche-gt3-touring\/#breadcrumb"},"inLanguage":"fi","potentialAction":[{"@type":"ReadAction","target":["https:\/\/pistonaddict.com\/fi\/product\/porsche-gt3-touring\/"]}]},{"@type":"ImageObject","inLanguage":"fi","@id":"https:\/\/pistonaddict.com\/fi\/product\/porsche-gt3-touring\/#primaryimage","url":"https:\/\/pistonaddict.com\/wp-content\/uploads\/2023\/04\/LuxurycarLondonApril11PistonAddict_0868-2-scaled.jpg","contentUrl":"https:\/\/pistonaddict.com\/wp-content\/uploads\/2023\/04\/LuxurycarLondonApril11PistonAddict_0868-2-scaled.jpg","width":2560,"height":1673},{"@type":"BreadcrumbList","@id":"https:\/\/pistonaddict.com\/fi\/product\/porsche-gt3-touring\/#breadcrumb","itemListElement":[{"@type":"ListItem","position":1,"name":"Kotisivu","item":"https:\/\/pistonaddict.com\/fi\/kotisivu-2\/"},{"@type":"ListItem","position":2,"name":"Auctions","item":"https:\/\/pistonaddict.com\/auctions-listing\/"},{"@type":"ListItem","position":3,"name":"Porsche GT3 Touring"}]},{"@type":"WebSite","@id":"https:\/\/pistonaddict.com\/fi\/#website","url":"https:\/\/pistonaddict.com\/fi\/","name":"Piston Addict","description":"Only interesting vehicles","publisher":{"@id":"https:\/\/pistonaddict.com\/fi\/#organization"},"potentialAction":[{"@type":"SearchAction","target":{"@type":"EntryPoint","urlTemplate":"https:\/\/pistonaddict.com\/fi\/?s={search_term_string}"},"query-input":"required name=search_term_string"}],"inLanguage":"fi"},{"@type":"Organization","@id":"https:\/\/pistonaddict.com\/fi\/#organization","name":"Piston Addict","url":"https:\/\/pistonaddict.com\/fi\/","logo":{"@type":"ImageObject","inLanguage":"fi","@id":"https:\/\/pistonaddict.com\/fi\/#\/schema\/logo\/image\/","url":"https:\/\/pistonaddict.com\/wp-content\/uploads\/2022\/07\/logo-6.png","contentUrl":"https:\/\/pistonaddict.com\/wp-content\/uploads\/2022\/07\/logo-6.png","width":970,"height":200,"caption":"Piston Addict"},"image":{"@id":"https:\/\/pistonaddict.com\/fi\/#\/schema\/logo\/image\/"}}]}},"_links":{"self":[{"href":"https:\/\/pistonaddict.com\/fi\/wp-json\/wp\/v2\/product\/34043"}],"collection":[{"href":"https:\/\/pistonaddict.com\/fi\/wp-json\/wp\/v2\/product"}],"about":[{"href":"https:\/\/pistonaddict.com\/fi\/wp-json\/wp\/v2\/types\/product"}],"replies":[{"embeddable":true,"href":"https:\/\/pistonaddict.com\/fi\/wp-json\/wp\/v2\/comments?post=34043"}],"wp:featuredmedia":[{"embeddable":true,"href":"https:\/\/pistonaddict.com\/fi\/wp-json\/wp\/v2\/media\/33484"}],"wp:attachment":[{"href":"https:\/\/pistonaddict.com\/fi\/wp-json\/wp\/v2\/media?parent=34043"}],"wp:term":[{"taxonomy":"product_cat","embeddable":true,"href":"https:\/\/pistonaddict.com\/fi\/wp-json\/wp\/v2\/product_cat?post=34043"},{"taxonomy":"product_tag","embeddable":true,"href":"https:\/\/pistonaddict.com\/fi\/wp-json\/wp\/v2\/product_tag?post=34043"}],"curies":[{"name":"wp","href":"https:\/\/api.w.org\/{rel}","templated":true}]}}