{"id":33343,"date":"2023-04-19T09:41:30","date_gmt":"2023-04-19T07:41:30","guid":{"rendered":"https:\/\/pistonaddict.com\/product\/jensen-interceptor\/"},"modified":"2024-03-19T17:48:49","modified_gmt":"2024-03-19T16:48:49","slug":"jensen-interceptor","status":"publish","type":"product","link":"https:\/\/pistonaddict.com\/fi\/product\/jensen-interceptor\/","title":{"rendered":"Jensen Interceptor R Mk3"},"content":{"rendered":"<p><strong>Auton historia<\/strong><\/p>\n<p>T\u00e4m\u00e4 Jensen Interceptor toimitettiin alkuper\u00e4iselle omistajalleen maaliskuussa 1972. Sen voimanl\u00e4hteen\u00e4 oli massiivinen 440 CID Chrysler V8 -moottori, joka tuotti vain 280 hevosvoimaa tuon ajan tiukentuvien p\u00e4\u00e4st\u00f6normien vuoksi. Mk3-mallit (esiteltiin vuonna 1971) tunnettiin pehmeist\u00e4 sis\u00e4tiloistaan, pitk\u00e4st\u00e4 vakiovarustelistasta ja pehme\u00e4st\u00e4 ajodynamiikasta. Useimmat Interceptorit jatkoivat el\u00e4m\u00e4\u00e4ns\u00e4 osana klassikkoautojen kokoelmia, mutta t\u00e4m\u00e4 yksil\u00f6 sai laajan uudistuksen, uuden el\u00e4m\u00e4n ja massiivisen tehop\u00e4ivityksen. Se muuttuu 70-luvun cruiserista 21. vuosisadan muskelikoneeksi, joka on valmis yll\u00e4tt\u00e4m\u00e4\u00e4n Porschen omistajat maantiell\u00e4. Brittil\u00e4inen yritys JIR teki t\u00e4ydellisen muodonmuutoksen, jossa s\u00e4ilytettiin alkuper\u00e4iset linjat mutta parannettiin laajasti mekaniikkaa.<\/p>\n<p><strong>Auton kunto<\/strong><\/p>\n<p>T\u00e4m\u00e4 Jensen Interceptor R on alle 10 000 kilometri\u00e4 t\u00e4ysin uusittu ja on kauttaaltaan moitteettomassa kunnossa. Koska kyseess\u00e4 on malliesimerkki onnistuneesta restomodista, tekniset tiedot ovat erityisen mielenkiintoiset. T\u00e4m\u00e4n auton rakentaminen maksoi yli 200 000 puntaa, joten muutosten, mukautettujen komponenttien ja ainutlaatuisten osien luettelo on laaja. Juuri t\u00e4t\u00e4 Interceptor R:\u00e4\u00e4 pidet\u00e4\u00e4n yleisesti maailman kehittyneimp\u00e4n\u00e4 Jensenin\u00e4. Konepellin alla on Corvette ZR1:n 6,2-litrainen V8-kone, joka tuottaa yli 600 hevosvoimaa ja l\u00e4hett\u00e4\u00e4 voiman takapy\u00f6rille 6-vaihteisen automaattivaihteiston kautta. T\u00e4llainen teho vaati AP-jarruja, uudistettua jousitusta ja paljon muuta. Tuloksena on upea kone, joka saavuttaa 100 km:n nopeuden vain reilussa 4 sekunnissa ja kulkee mukavasti suurilla nopeuksilla.<\/p>\n<p><strong>Sisustus<\/strong><\/p>\n<p>Sis\u00e4tilojen osalta v\u00e4h\u00e4ttely oli avainasemassa klassisen kojelaudan asettelun ja verhoilun mutta p\u00e4ivitettyjen istuinten, tekniikan ja hienoimman nahkaverhoilun ansiosta. Viininpunainen v\u00e4ri sopii t\u00e4ydellisesti kaksiv\u00e4riseen ulkokuoreen. Klassisten Jensenien omistajat kertoisivat, ett\u00e4 n\u00e4iss\u00e4 autoissa oli hankalaa elektroniikkaa ja usein monimutkaisia j\u00e4rjestelmi\u00e4, kun ne olivat uusia. Onneksi t\u00e4m\u00e4 esimerkki hy\u00f6tyi t\u00e4ydellisest\u00e4 uudistuksesta, nykyaikaisista komponenteista, ominaisuuksista, toimivasta ilmastoinnista ja premium-\u00e4\u00e4nentoistoj\u00e4rjestelm\u00e4st\u00e4.<\/p>\n<p><strong>Ulkoasu ja py\u00f6r\u00e4t<\/strong><\/p>\n<p>T\u00e4m\u00e4 tyylik\u00e4s, kaksiv\u00e4rinen Interceptor R vuodelta 1972 n\u00e4ytt\u00e4\u00e4 melko tavanomaiselta, mutta heti kun katsot yksityiskohtia, huomaat, ett\u00e4 se on kaikkea muuta. Vanteet on valmistettu mittatilausty\u00f6n\u00e4, ja ne muistuttavat l\u00e4heisesti alkuper\u00e4ist\u00e4 mallia, mutta ovat leve\u00e4mm\u00e4t ja suuremmat. Sivusaukko lis\u00e4ttiin tehokkaan moottorin j\u00e4\u00e4hdytt\u00e4miseksi, ja eri s\u00e4leikk\u00f6 ja merkit lis\u00e4ttiin hienovaraisesti. Klassisista Interceptoreista jotain tiet\u00e4v\u00e4t tiet\u00e4v\u00e4t, ett\u00e4 n\u00e4m\u00e4 autot olivat alttiita ruostumiselle, mutta t\u00e4m\u00e4 esimerkki on kaikkien tehtyjen t\u00f6iden j\u00e4lkeen k\u00e4yt\u00e4nn\u00f6ss\u00e4 uusi ajoneuvo, jossa ei ole mit\u00e4\u00e4n t\u00e4llaisia ongelmia.<\/p>\n<p><strong>  Dokumentaatio<\/strong><\/p>\n<p>T\u00e4m\u00e4 on yksityisomistuksessa oleva ajoneuvo, jolla on asianmukaiset asiakirjat ja joka sijaitsee Lontoossa, Yhdistyneess\u00e4 kuningaskunnassa. CarVerticalin raportti on puhdas; todisteita onnettomuuksista, onnettomuuskorjauksista tai oikeudellisista ongelmista ei ole. S\u00e4\u00e4nn\u00f6llisest\u00e4 kunnossapidosta on kirjaa. Tulevien omistajien on hyv\u00e4 tiet\u00e4\u00e4, ett\u00e4 t\u00e4m\u00e4 yksil\u00f6 on julkkisten auto, sill\u00e4 kuuluisa Jeremy Clarkson testasi sit\u00e4 ja se esiteltiin Top Gear -ohjelmassa vuosina 2011\/2012.<\/p>\n","protected":false},"excerpt":{"rendered":"<p>Vaikka t\u00e4m\u00e4 kaunis Interceptor n\u00e4ytt\u00e4\u00e4kin ulkoisesti melko tavalliselta, sill\u00e4 on j\u00e4nnitt\u00e4v\u00e4 salaisuus. Kompressorilla ladattu V8-moottori, jossa on 600 hv ja huikea suorituskyky, k\u00e4\u00e4rittyn\u00e4 yhteen 70-luvun kauneimmista malleista. T\u00e4m\u00e4 on kunnon brittil\u00e4inen restomod GT, jossa on amerikkalainen syd\u00e4n, ja se on valmis ohittamaan kaiken tiell\u00e4\u00e4n olevan.<\/p>\n","protected":false},"featured_media":32666,"comment_status":"open","ping_status":"closed","template":"","meta":{"inline_featured_image":false},"product_cat":[745],"product_tag":[1260,933,1102,1101],"acf":[],"yoast_head":"<!-- This site is optimized with the Yoast SEO plugin v22.5 - https:\/\/yoast.com\/wordpress\/plugins\/seo\/ -->\n<title>huutokauppa - Piston Addict<\/title>\n<meta name=\"description\" content=\"Katso t\u00e4m\u00e4 Jensen Interceptor R MK3 huutokaupattavana PistonAddict.com-sivustolla.\" \/>\n<meta name=\"robots\" content=\"index, follow, max-snippet:-1, max-image-preview:large, max-video-preview:-1\" \/>\n<link rel=\"canonical\" href=\"https:\/\/pistonaddict.com\/fi\/product\/jensen-interceptor\/\" \/>\n<meta property=\"og:locale\" content=\"fi_FI\" \/>\n<meta property=\"og:type\" content=\"article\" \/>\n<meta property=\"og:title\" content=\"huutokauppa - Piston Addict\" \/>\n<meta property=\"og:description\" content=\"Katso t\u00e4m\u00e4 Jensen Interceptor R MK3 huutokaupattavana PistonAddict.com-sivustolla.\" \/>\n<meta property=\"og:url\" content=\"https:\/\/pistonaddict.com\/fi\/product\/jensen-interceptor\/\" \/>\n<meta property=\"og:site_name\" content=\"Piston Addict\" \/>\n<meta property=\"article:modified_time\" content=\"2024-03-19T16:48:49+00:00\" \/>\n<meta property=\"og:image\" content=\"https:\/\/pistonaddict.com\/wp-content\/uploads\/2023\/04\/LuxurycarLondonApril11PistonAddict_0906-scaled.jpg\" \/>\n\t<meta property=\"og:image:width\" content=\"2560\" \/>\n\t<meta property=\"og:image:height\" content=\"1505\" \/>\n\t<meta property=\"og:image:type\" content=\"image\/jpeg\" \/>\n<meta name=\"twitter:card\" content=\"summary_large_image\" \/>\n<meta name=\"twitter:label1\" content=\"Arvioitu lukuaika\" \/>\n\t<meta name=\"twitter:data1\" content=\"2 minutes\" \/>\n<script type=\"application\/ld+json\" class=\"yoast-schema-graph\">{\"@context\":\"https:\/\/schema.org\",\"@graph\":[{\"@type\":\"WebPage\",\"@id\":\"https:\/\/pistonaddict.com\/fi\/product\/jensen-interceptor\/\",\"url\":\"https:\/\/pistonaddict.com\/fi\/product\/jensen-interceptor\/\",\"name\":\"huutokauppa - Piston Addict\",\"isPartOf\":{\"@id\":\"https:\/\/pistonaddict.com\/fi\/#website\"},\"primaryImageOfPage\":{\"@id\":\"https:\/\/pistonaddict.com\/fi\/product\/jensen-interceptor\/#primaryimage\"},\"image\":{\"@id\":\"https:\/\/pistonaddict.com\/fi\/product\/jensen-interceptor\/#primaryimage\"},\"thumbnailUrl\":\"https:\/\/pistonaddict.com\/wp-content\/uploads\/2023\/04\/LuxurycarLondonApril11PistonAddict_0906-scaled.jpg\",\"datePublished\":\"2023-04-19T07:41:30+00:00\",\"dateModified\":\"2024-03-19T16:48:49+00:00\",\"description\":\"Katso t\u00e4m\u00e4 Jensen Interceptor R MK3 huutokaupattavana PistonAddict.com-sivustolla.\",\"breadcrumb\":{\"@id\":\"https:\/\/pistonaddict.com\/fi\/product\/jensen-interceptor\/#breadcrumb\"},\"inLanguage\":\"fi\",\"potentialAction\":[{\"@type\":\"ReadAction\",\"target\":[\"https:\/\/pistonaddict.com\/fi\/product\/jensen-interceptor\/\"]}]},{\"@type\":\"ImageObject\",\"inLanguage\":\"fi\",\"@id\":\"https:\/\/pistonaddict.com\/fi\/product\/jensen-interceptor\/#primaryimage\",\"url\":\"https:\/\/pistonaddict.com\/wp-content\/uploads\/2023\/04\/LuxurycarLondonApril11PistonAddict_0906-scaled.jpg\",\"contentUrl\":\"https:\/\/pistonaddict.com\/wp-content\/uploads\/2023\/04\/LuxurycarLondonApril11PistonAddict_0906-scaled.jpg\",\"width\":2560,\"height\":1505},{\"@type\":\"BreadcrumbList\",\"@id\":\"https:\/\/pistonaddict.com\/fi\/product\/jensen-interceptor\/#breadcrumb\",\"itemListElement\":[{\"@type\":\"ListItem\",\"position\":1,\"name\":\"Kotisivu\",\"item\":\"https:\/\/pistonaddict.com\/fi\/kotisivu-2\/\"},{\"@type\":\"ListItem\",\"position\":2,\"name\":\"Auctions\",\"item\":\"https:\/\/pistonaddict.com\/auctions-listing\/\"},{\"@type\":\"ListItem\",\"position\":3,\"name\":\"Jensen Interceptor R Mk3\"}]},{\"@type\":\"WebSite\",\"@id\":\"https:\/\/pistonaddict.com\/fi\/#website\",\"url\":\"https:\/\/pistonaddict.com\/fi\/\",\"name\":\"Piston Addict\",\"description\":\"Only interesting vehicles\",\"publisher\":{\"@id\":\"https:\/\/pistonaddict.com\/fi\/#organization\"},\"potentialAction\":[{\"@type\":\"SearchAction\",\"target\":{\"@type\":\"EntryPoint\",\"urlTemplate\":\"https:\/\/pistonaddict.com\/fi\/?s={search_term_string}\"},\"query-input\":\"required name=search_term_string\"}],\"inLanguage\":\"fi\"},{\"@type\":\"Organization\",\"@id\":\"https:\/\/pistonaddict.com\/fi\/#organization\",\"name\":\"Piston Addict\",\"url\":\"https:\/\/pistonaddict.com\/fi\/\",\"logo\":{\"@type\":\"ImageObject\",\"inLanguage\":\"fi\",\"@id\":\"https:\/\/pistonaddict.com\/fi\/#\/schema\/logo\/image\/\",\"url\":\"https:\/\/pistonaddict.com\/wp-content\/uploads\/2022\/07\/logo-6.png\",\"contentUrl\":\"https:\/\/pistonaddict.com\/wp-content\/uploads\/2022\/07\/logo-6.png\",\"width\":970,\"height\":200,\"caption\":\"Piston Addict\"},\"image\":{\"@id\":\"https:\/\/pistonaddict.com\/fi\/#\/schema\/logo\/image\/\"}}]}<\/script>\n<!-- \/ Yoast SEO plugin. -->","yoast_head_json":{"title":"huutokauppa - Piston Addict","description":"Katso t\u00e4m\u00e4 Jensen Interceptor R MK3 huutokaupattavana PistonAddict.com-sivustolla.","robots":{"index":"index","follow":"follow","max-snippet":"max-snippet:-1","max-image-preview":"max-image-preview:large","max-video-preview":"max-video-preview:-1"},"canonical":"https:\/\/pistonaddict.com\/fi\/product\/jensen-interceptor\/","og_locale":"fi_FI","og_type":"article","og_title":"huutokauppa - Piston Addict","og_description":"Katso t\u00e4m\u00e4 Jensen Interceptor R MK3 huutokaupattavana PistonAddict.com-sivustolla.","og_url":"https:\/\/pistonaddict.com\/fi\/product\/jensen-interceptor\/","og_site_name":"Piston Addict","article_modified_time":"2024-03-19T16:48:49+00:00","og_image":[{"width":2560,"height":1505,"url":"https:\/\/pistonaddict.com\/wp-content\/uploads\/2023\/04\/LuxurycarLondonApril11PistonAddict_0906-scaled.jpg","type":"image\/jpeg"}],"twitter_card":"summary_large_image","twitter_misc":{"Arvioitu lukuaika":"2 minutes"},"schema":{"@context":"https:\/\/schema.org","@graph":[{"@type":"WebPage","@id":"https:\/\/pistonaddict.com\/fi\/product\/jensen-interceptor\/","url":"https:\/\/pistonaddict.com\/fi\/product\/jensen-interceptor\/","name":"huutokauppa - Piston Addict","isPartOf":{"@id":"https:\/\/pistonaddict.com\/fi\/#website"},"primaryImageOfPage":{"@id":"https:\/\/pistonaddict.com\/fi\/product\/jensen-interceptor\/#primaryimage"},"image":{"@id":"https:\/\/pistonaddict.com\/fi\/product\/jensen-interceptor\/#primaryimage"},"thumbnailUrl":"https:\/\/pistonaddict.com\/wp-content\/uploads\/2023\/04\/LuxurycarLondonApril11PistonAddict_0906-scaled.jpg","datePublished":"2023-04-19T07:41:30+00:00","dateModified":"2024-03-19T16:48:49+00:00","description":"Katso t\u00e4m\u00e4 Jensen Interceptor R MK3 huutokaupattavana PistonAddict.com-sivustolla.","breadcrumb":{"@id":"https:\/\/pistonaddict.com\/fi\/product\/jensen-interceptor\/#breadcrumb"},"inLanguage":"fi","potentialAction":[{"@type":"ReadAction","target":["https:\/\/pistonaddict.com\/fi\/product\/jensen-interceptor\/"]}]},{"@type":"ImageObject","inLanguage":"fi","@id":"https:\/\/pistonaddict.com\/fi\/product\/jensen-interceptor\/#primaryimage","url":"https:\/\/pistonaddict.com\/wp-content\/uploads\/2023\/04\/LuxurycarLondonApril11PistonAddict_0906-scaled.jpg","contentUrl":"https:\/\/pistonaddict.com\/wp-content\/uploads\/2023\/04\/LuxurycarLondonApril11PistonAddict_0906-scaled.jpg","width":2560,"height":1505},{"@type":"BreadcrumbList","@id":"https:\/\/pistonaddict.com\/fi\/product\/jensen-interceptor\/#breadcrumb","itemListElement":[{"@type":"ListItem","position":1,"name":"Kotisivu","item":"https:\/\/pistonaddict.com\/fi\/kotisivu-2\/"},{"@type":"ListItem","position":2,"name":"Auctions","item":"https:\/\/pistonaddict.com\/auctions-listing\/"},{"@type":"ListItem","position":3,"name":"Jensen Interceptor R Mk3"}]},{"@type":"WebSite","@id":"https:\/\/pistonaddict.com\/fi\/#website","url":"https:\/\/pistonaddict.com\/fi\/","name":"Piston Addict","description":"Only interesting vehicles","publisher":{"@id":"https:\/\/pistonaddict.com\/fi\/#organization"},"potentialAction":[{"@type":"SearchAction","target":{"@type":"EntryPoint","urlTemplate":"https:\/\/pistonaddict.com\/fi\/?s={search_term_string}"},"query-input":"required name=search_term_string"}],"inLanguage":"fi"},{"@type":"Organization","@id":"https:\/\/pistonaddict.com\/fi\/#organization","name":"Piston Addict","url":"https:\/\/pistonaddict.com\/fi\/","logo":{"@type":"ImageObject","inLanguage":"fi","@id":"https:\/\/pistonaddict.com\/fi\/#\/schema\/logo\/image\/","url":"https:\/\/pistonaddict.com\/wp-content\/uploads\/2022\/07\/logo-6.png","contentUrl":"https:\/\/pistonaddict.com\/wp-content\/uploads\/2022\/07\/logo-6.png","width":970,"height":200,"caption":"Piston Addict"},"image":{"@id":"https:\/\/pistonaddict.com\/fi\/#\/schema\/logo\/image\/"}}]}},"_links":{"self":[{"href":"https:\/\/pistonaddict.com\/fi\/wp-json\/wp\/v2\/product\/33343"}],"collection":[{"href":"https:\/\/pistonaddict.com\/fi\/wp-json\/wp\/v2\/product"}],"about":[{"href":"https:\/\/pistonaddict.com\/fi\/wp-json\/wp\/v2\/types\/product"}],"replies":[{"embeddable":true,"href":"https:\/\/pistonaddict.com\/fi\/wp-json\/wp\/v2\/comments?post=33343"}],"wp:featuredmedia":[{"embeddable":true,"href":"https:\/\/pistonaddict.com\/fi\/wp-json\/wp\/v2\/media\/32666"}],"wp:attachment":[{"href":"https:\/\/pistonaddict.com\/fi\/wp-json\/wp\/v2\/media?parent=33343"}],"wp:term":[{"taxonomy":"product_cat","embeddable":true,"href":"https:\/\/pistonaddict.com\/fi\/wp-json\/wp\/v2\/product_cat?post=33343"},{"taxonomy":"product_tag","embeddable":true,"href":"https:\/\/pistonaddict.com\/fi\/wp-json\/wp\/v2\/product_tag?post=33343"}],"curies":[{"name":"wp","href":"https:\/\/api.w.org\/{rel}","templated":true}]}}