{"id":32590,"date":"2023-04-18T18:05:14","date_gmt":"2023-04-18T16:05:14","guid":{"rendered":"https:\/\/pistonaddict.com\/product\/maserati-ghibli-ss-49-litraa\/"},"modified":"2024-03-19T17:37:32","modified_gmt":"2024-03-19T16:37:32","slug":"maserati-ghibli-ss-49-litraa","status":"publish","type":"product","link":"https:\/\/pistonaddict.com\/fi\/product\/maserati-ghibli-ss-49-litraa\/","title":{"rendered":"Maserati Ghibli SS 4,9 litraa"},"content":{"rendered":"<h2>Ulkoasu<\/h2>\n<p>T\u00e4ss\u00e4 huutokaupassa myyt\u00e4v\u00e4 auto on v\u00e4rilt\u00e4\u00e4n sininen, ja siin\u00e4 on houkuttelevat pop-up-ajovalot edess\u00e4. Mutta se, mik\u00e4 tekee t\u00e4st\u00e4 Sypderist\u00e4 niin houkuttelevan ja silm\u00e4\u00e4npist\u00e4v\u00e4n, on sen tyylik\u00e4s siluetti. Yksi alan suurimmista nimist\u00e4, Giorgetto Giugiaro, on suunnitellut t\u00e4m\u00e4n 2-ovisen roadsterin, jolla on matala, haita muistuttava nokka, lihaksikkaat py\u00f6r\u00e4nkotelot ja kalteva takaosa. Siksi se on ihanteellinen rennolle bulevardiristeilylle tai maisemallisille rannikkoteille. Ja ep\u00e4suotuisalla s\u00e4\u00e4ll\u00e4 v\u00e4rikoodatun tonneau-peitteen alle piilotettu kokoontaitettava pehme\u00e4 katto on k\u00e4tev\u00e4. Autossa on Ruote Borranin valmistamat 15-tuumaiset lankavanteet ja aikakauden mukaiset Michelin Radial X -renkaat. Muita huomionarvoisia yksityiskohtia ovat kromatut puskurit ja toiminnalliset tuuletusaukot konepelliss\u00e4 ja lokasuojissa.<\/p>\n<h2>Sisustus<\/h2>\n<p>T\u00e4m\u00e4n Maseratin sis\u00e4tiloissa on kaksi mukavaa mutta tukevaa istuinta, jotka on p\u00e4\u00e4llystetty pehme\u00e4ll\u00e4 vaaleanruskealla nahalla. Samaa silm\u00e4\u00e4 miellytt\u00e4v\u00e4\u00e4 materiaalia on k\u00e4ytetty suurimman osan sis\u00e4tilojen verhoilussa lukuun ottamatta kojelaudan yl\u00e4osaa, joka on p\u00e4\u00e4llystetty mustalla mokkanahalla. Myyj\u00e4n toimittamien valokuvien perusteella sis\u00e4tilat ovat moitteettomassa kunnossa. Sis\u00e4ll\u00e4 kuljettaja saa hallintaansa kauniin puisen ohjauspy\u00f6r\u00e4n, jonka keskell\u00e4 on kolme ruostumattomasta ter\u00e4ksest\u00e4 valmistettua py\u00f6r\u00e4\u00e4. Sen takana on mittaristo, jossa kierroslukumittari on punaisella linjalla 5 5555 kierrosta minuutissa ja nopeusmittari, jonka loppuluku on 300 km\/h. Niiden lis\u00e4ksi t\u00e4ss\u00e4 Ghibliss\u00e4 on viisi keskelle asennettua mittaria, jotka n\u00e4ytt\u00e4v\u00e4t elint\u00e4rke\u00e4t parametrit, kuten \u00f6ljynpaineen, l\u00e4mp\u00f6tilan ja polttoaineen m\u00e4\u00e4r\u00e4n. T\u00e4ll\u00e4 hetkell\u00e4 matkamittarissa on noin 13 000 km.<\/p>\n<h2>Mekaniikka<\/h2>\n<p>Myynniss\u00e4 oleva auto on SS-malli, eli siin\u00e4 on suurempi ja tehokkaampi 4,9-litrainen V8-moottori. Nelj\u00e4n Weberin kaksoiskurkkukaasuttimen sy\u00f6tt\u00e4m\u00e4 moottori kehitt\u00e4\u00e4 335 hevosvoimaa ja hieman yli 480 Nm:n v\u00e4\u00e4nt\u00f6momentin, joka l\u00e4hetet\u00e4\u00e4n takapy\u00f6rille viisivaihteisen manuaalivaihteiston kautta. T\u00e4m\u00e4 riitt\u00e4\u00e4 nostamaan t\u00e4m\u00e4n Ghibli SS -roadsterin maksiminopeudeksi 280 MPH, mik\u00e4 tekee siit\u00e4 aikansa nopeimman Maseratin. Mekaniikan lis\u00e4ksi autossa on ter\u00e4sputkirunko, joka takaa keveyden ja rakenteellisen j\u00e4ykkyyden.<\/p>\n<h2>Ajoneuvon historia<\/h2>\n<p>Mainittu Spyder muuntaminen tehtiin erikoistunut korjaamo Mondena, taataan ty\u00f6n laatu. T\u00e4m\u00e4 on suosittu muutos Ghiblin omistajien keskuudessa, koska Maserati rakensi alle 50 tehdasvalmisteista Spydi\u00e4. Lis\u00e4ksi auto on l\u00e4pik\u00e4ynyt perusteellisen restauroinnin, jonka on tehnyt Furlonger Cars, hyv\u00e4maineinen Ashfordissa sijaitseva italialaisiin superautoihin perehtynyt restauroija.<\/p>\n<p>Omistajan mukaan kaikki huoltoty\u00f6t on tehty s\u00e4\u00e4nn\u00f6llisesti, ja viimeinen huolto tehtiin kes\u00e4kuussa 2021. T\u00e4ll\u00e4 hetkell\u00e4 ei ole tiedossa vikoja tai ongelmia mink\u00e4\u00e4n sen komponentin kanssa. Lis\u00e4ksi autossa ei ole havaittavia naarmuja, lommoja tai muita korin puutteita.<\/p>\n","protected":false},"excerpt":{"rendered":"<p>T\u00e4m\u00e4 vuoden 1971 Maserati Ghibli SS avoauto, jolla on ajettu hieman yli 13 000 kilometri\u00e4, myyd\u00e4\u00e4n yksityisesti omistajan toimesta. Sen voimanl\u00e4hteen\u00e4 on V8-moottori, joka on yhdistetty viisivaihteiseen manuaalivaihteistoon. Vaikka t\u00e4m\u00e4 auto on ulkon\u00e4\u00f6llisesti identtinen ikonisen Spyder-mallin kanssa, se aloitti coupe-mallina, joka muutettiin vasta my\u00f6hemmin nykyiseen muotoonsa. Sen lis\u00e4ksi, ett\u00e4 auto on l\u00e4hes moitteettomassa kunnossa, se on my\u00f6s t\u00e4ysin huollettu, eik\u00e4 se ole omistajan mukaan ollut osallisena onnettomuuksissa, ja se sijaitsee t\u00e4ll\u00e4 hetkell\u00e4 Yhdistyneess\u00e4 kuningaskunnassa.<\/p>\n","protected":false},"featured_media":32148,"comment_status":"open","ping_status":"closed","template":"","meta":{"inline_featured_image":false},"product_cat":[745],"product_tag":[1245,1086,986,1085],"acf":[],"yoast_head":"<!-- This site is optimized with the Yoast SEO plugin v22.5 - https:\/\/yoast.com\/wordpress\/plugins\/seo\/ -->\n<title>huutokauppa - Piston Addict<\/title>\n<meta name=\"description\" content=\"Tarkista t\u00e4m\u00e4 Maserati Ghibli SS 4.9 litraa huutokauppa myyt\u00e4v\u00e4n\u00e4 PistonAddict.com manuaalivaihteisto ja vain 13 220 km.\" \/>\n<meta name=\"robots\" content=\"index, follow, max-snippet:-1, max-image-preview:large, max-video-preview:-1\" \/>\n<link rel=\"canonical\" href=\"https:\/\/pistonaddict.com\/fi\/product\/maserati-ghibli-ss-49-litraa\/\" \/>\n<meta property=\"og:locale\" content=\"fi_FI\" \/>\n<meta property=\"og:type\" content=\"article\" \/>\n<meta property=\"og:title\" content=\"huutokauppa - Piston Addict\" \/>\n<meta property=\"og:description\" content=\"Tarkista t\u00e4m\u00e4 Maserati Ghibli SS 4.9 litraa huutokauppa myyt\u00e4v\u00e4n\u00e4 PistonAddict.com manuaalivaihteisto ja vain 13 220 km.\" \/>\n<meta property=\"og:url\" content=\"https:\/\/pistonaddict.com\/fi\/product\/maserati-ghibli-ss-49-litraa\/\" \/>\n<meta property=\"og:site_name\" content=\"Piston Addict\" \/>\n<meta property=\"article:modified_time\" content=\"2024-03-19T16:37:32+00:00\" \/>\n<meta property=\"og:image\" content=\"https:\/\/pistonaddict.com\/wp-content\/uploads\/2023\/04\/Maserati13-scaled.jpg\" \/>\n\t<meta property=\"og:image:width\" content=\"2560\" \/>\n\t<meta property=\"og:image:height\" content=\"1609\" \/>\n\t<meta property=\"og:image:type\" content=\"image\/jpeg\" \/>\n<meta name=\"twitter:card\" content=\"summary_large_image\" \/>\n<meta name=\"twitter:label1\" content=\"Arvioitu lukuaika\" \/>\n\t<meta name=\"twitter:data1\" content=\"2 minutes\" \/>\n<script type=\"application\/ld+json\" class=\"yoast-schema-graph\">{\"@context\":\"https:\/\/schema.org\",\"@graph\":[{\"@type\":\"WebPage\",\"@id\":\"https:\/\/pistonaddict.com\/fi\/product\/maserati-ghibli-ss-49-litraa\/\",\"url\":\"https:\/\/pistonaddict.com\/fi\/product\/maserati-ghibli-ss-49-litraa\/\",\"name\":\"huutokauppa - Piston Addict\",\"isPartOf\":{\"@id\":\"https:\/\/pistonaddict.com\/fi\/#website\"},\"primaryImageOfPage\":{\"@id\":\"https:\/\/pistonaddict.com\/fi\/product\/maserati-ghibli-ss-49-litraa\/#primaryimage\"},\"image\":{\"@id\":\"https:\/\/pistonaddict.com\/fi\/product\/maserati-ghibli-ss-49-litraa\/#primaryimage\"},\"thumbnailUrl\":\"https:\/\/pistonaddict.com\/wp-content\/uploads\/2023\/04\/Maserati13-scaled.jpg\",\"datePublished\":\"2023-04-18T16:05:14+00:00\",\"dateModified\":\"2024-03-19T16:37:32+00:00\",\"description\":\"Tarkista t\u00e4m\u00e4 Maserati Ghibli SS 4.9 litraa huutokauppa myyt\u00e4v\u00e4n\u00e4 PistonAddict.com manuaalivaihteisto ja vain 13 220 km.\",\"breadcrumb\":{\"@id\":\"https:\/\/pistonaddict.com\/fi\/product\/maserati-ghibli-ss-49-litraa\/#breadcrumb\"},\"inLanguage\":\"fi\",\"potentialAction\":[{\"@type\":\"ReadAction\",\"target\":[\"https:\/\/pistonaddict.com\/fi\/product\/maserati-ghibli-ss-49-litraa\/\"]}]},{\"@type\":\"ImageObject\",\"inLanguage\":\"fi\",\"@id\":\"https:\/\/pistonaddict.com\/fi\/product\/maserati-ghibli-ss-49-litraa\/#primaryimage\",\"url\":\"https:\/\/pistonaddict.com\/wp-content\/uploads\/2023\/04\/Maserati13-scaled.jpg\",\"contentUrl\":\"https:\/\/pistonaddict.com\/wp-content\/uploads\/2023\/04\/Maserati13-scaled.jpg\",\"width\":2560,\"height\":1609},{\"@type\":\"BreadcrumbList\",\"@id\":\"https:\/\/pistonaddict.com\/fi\/product\/maserati-ghibli-ss-49-litraa\/#breadcrumb\",\"itemListElement\":[{\"@type\":\"ListItem\",\"position\":1,\"name\":\"Kotisivu\",\"item\":\"https:\/\/pistonaddict.com\/fi\/kotisivu-2\/\"},{\"@type\":\"ListItem\",\"position\":2,\"name\":\"Auctions\",\"item\":\"https:\/\/pistonaddict.com\/auctions-listing\/\"},{\"@type\":\"ListItem\",\"position\":3,\"name\":\"Maserati Ghibli SS 4,9 litraa\"}]},{\"@type\":\"WebSite\",\"@id\":\"https:\/\/pistonaddict.com\/fi\/#website\",\"url\":\"https:\/\/pistonaddict.com\/fi\/\",\"name\":\"Piston Addict\",\"description\":\"Only interesting vehicles\",\"publisher\":{\"@id\":\"https:\/\/pistonaddict.com\/fi\/#organization\"},\"potentialAction\":[{\"@type\":\"SearchAction\",\"target\":{\"@type\":\"EntryPoint\",\"urlTemplate\":\"https:\/\/pistonaddict.com\/fi\/?s={search_term_string}\"},\"query-input\":\"required name=search_term_string\"}],\"inLanguage\":\"fi\"},{\"@type\":\"Organization\",\"@id\":\"https:\/\/pistonaddict.com\/fi\/#organization\",\"name\":\"Piston Addict\",\"url\":\"https:\/\/pistonaddict.com\/fi\/\",\"logo\":{\"@type\":\"ImageObject\",\"inLanguage\":\"fi\",\"@id\":\"https:\/\/pistonaddict.com\/fi\/#\/schema\/logo\/image\/\",\"url\":\"https:\/\/pistonaddict.com\/wp-content\/uploads\/2022\/07\/logo-6.png\",\"contentUrl\":\"https:\/\/pistonaddict.com\/wp-content\/uploads\/2022\/07\/logo-6.png\",\"width\":970,\"height\":200,\"caption\":\"Piston Addict\"},\"image\":{\"@id\":\"https:\/\/pistonaddict.com\/fi\/#\/schema\/logo\/image\/\"}}]}<\/script>\n<!-- \/ Yoast SEO plugin. -->","yoast_head_json":{"title":"huutokauppa - Piston Addict","description":"Tarkista t\u00e4m\u00e4 Maserati Ghibli SS 4.9 litraa huutokauppa myyt\u00e4v\u00e4n\u00e4 PistonAddict.com manuaalivaihteisto ja vain 13 220 km.","robots":{"index":"index","follow":"follow","max-snippet":"max-snippet:-1","max-image-preview":"max-image-preview:large","max-video-preview":"max-video-preview:-1"},"canonical":"https:\/\/pistonaddict.com\/fi\/product\/maserati-ghibli-ss-49-litraa\/","og_locale":"fi_FI","og_type":"article","og_title":"huutokauppa - Piston Addict","og_description":"Tarkista t\u00e4m\u00e4 Maserati Ghibli SS 4.9 litraa huutokauppa myyt\u00e4v\u00e4n\u00e4 PistonAddict.com manuaalivaihteisto ja vain 13 220 km.","og_url":"https:\/\/pistonaddict.com\/fi\/product\/maserati-ghibli-ss-49-litraa\/","og_site_name":"Piston Addict","article_modified_time":"2024-03-19T16:37:32+00:00","og_image":[{"width":2560,"height":1609,"url":"https:\/\/pistonaddict.com\/wp-content\/uploads\/2023\/04\/Maserati13-scaled.jpg","type":"image\/jpeg"}],"twitter_card":"summary_large_image","twitter_misc":{"Arvioitu lukuaika":"2 minutes"},"schema":{"@context":"https:\/\/schema.org","@graph":[{"@type":"WebPage","@id":"https:\/\/pistonaddict.com\/fi\/product\/maserati-ghibli-ss-49-litraa\/","url":"https:\/\/pistonaddict.com\/fi\/product\/maserati-ghibli-ss-49-litraa\/","name":"huutokauppa - Piston Addict","isPartOf":{"@id":"https:\/\/pistonaddict.com\/fi\/#website"},"primaryImageOfPage":{"@id":"https:\/\/pistonaddict.com\/fi\/product\/maserati-ghibli-ss-49-litraa\/#primaryimage"},"image":{"@id":"https:\/\/pistonaddict.com\/fi\/product\/maserati-ghibli-ss-49-litraa\/#primaryimage"},"thumbnailUrl":"https:\/\/pistonaddict.com\/wp-content\/uploads\/2023\/04\/Maserati13-scaled.jpg","datePublished":"2023-04-18T16:05:14+00:00","dateModified":"2024-03-19T16:37:32+00:00","description":"Tarkista t\u00e4m\u00e4 Maserati Ghibli SS 4.9 litraa huutokauppa myyt\u00e4v\u00e4n\u00e4 PistonAddict.com manuaalivaihteisto ja vain 13 220 km.","breadcrumb":{"@id":"https:\/\/pistonaddict.com\/fi\/product\/maserati-ghibli-ss-49-litraa\/#breadcrumb"},"inLanguage":"fi","potentialAction":[{"@type":"ReadAction","target":["https:\/\/pistonaddict.com\/fi\/product\/maserati-ghibli-ss-49-litraa\/"]}]},{"@type":"ImageObject","inLanguage":"fi","@id":"https:\/\/pistonaddict.com\/fi\/product\/maserati-ghibli-ss-49-litraa\/#primaryimage","url":"https:\/\/pistonaddict.com\/wp-content\/uploads\/2023\/04\/Maserati13-scaled.jpg","contentUrl":"https:\/\/pistonaddict.com\/wp-content\/uploads\/2023\/04\/Maserati13-scaled.jpg","width":2560,"height":1609},{"@type":"BreadcrumbList","@id":"https:\/\/pistonaddict.com\/fi\/product\/maserati-ghibli-ss-49-litraa\/#breadcrumb","itemListElement":[{"@type":"ListItem","position":1,"name":"Kotisivu","item":"https:\/\/pistonaddict.com\/fi\/kotisivu-2\/"},{"@type":"ListItem","position":2,"name":"Auctions","item":"https:\/\/pistonaddict.com\/auctions-listing\/"},{"@type":"ListItem","position":3,"name":"Maserati Ghibli SS 4,9 litraa"}]},{"@type":"WebSite","@id":"https:\/\/pistonaddict.com\/fi\/#website","url":"https:\/\/pistonaddict.com\/fi\/","name":"Piston Addict","description":"Only interesting vehicles","publisher":{"@id":"https:\/\/pistonaddict.com\/fi\/#organization"},"potentialAction":[{"@type":"SearchAction","target":{"@type":"EntryPoint","urlTemplate":"https:\/\/pistonaddict.com\/fi\/?s={search_term_string}"},"query-input":"required name=search_term_string"}],"inLanguage":"fi"},{"@type":"Organization","@id":"https:\/\/pistonaddict.com\/fi\/#organization","name":"Piston Addict","url":"https:\/\/pistonaddict.com\/fi\/","logo":{"@type":"ImageObject","inLanguage":"fi","@id":"https:\/\/pistonaddict.com\/fi\/#\/schema\/logo\/image\/","url":"https:\/\/pistonaddict.com\/wp-content\/uploads\/2022\/07\/logo-6.png","contentUrl":"https:\/\/pistonaddict.com\/wp-content\/uploads\/2022\/07\/logo-6.png","width":970,"height":200,"caption":"Piston Addict"},"image":{"@id":"https:\/\/pistonaddict.com\/fi\/#\/schema\/logo\/image\/"}}]}},"_links":{"self":[{"href":"https:\/\/pistonaddict.com\/fi\/wp-json\/wp\/v2\/product\/32590"}],"collection":[{"href":"https:\/\/pistonaddict.com\/fi\/wp-json\/wp\/v2\/product"}],"about":[{"href":"https:\/\/pistonaddict.com\/fi\/wp-json\/wp\/v2\/types\/product"}],"replies":[{"embeddable":true,"href":"https:\/\/pistonaddict.com\/fi\/wp-json\/wp\/v2\/comments?post=32590"}],"wp:featuredmedia":[{"embeddable":true,"href":"https:\/\/pistonaddict.com\/fi\/wp-json\/wp\/v2\/media\/32148"}],"wp:attachment":[{"href":"https:\/\/pistonaddict.com\/fi\/wp-json\/wp\/v2\/media?parent=32590"}],"wp:term":[{"taxonomy":"product_cat","embeddable":true,"href":"https:\/\/pistonaddict.com\/fi\/wp-json\/wp\/v2\/product_cat?post=32590"},{"taxonomy":"product_tag","embeddable":true,"href":"https:\/\/pistonaddict.com\/fi\/wp-json\/wp\/v2\/product_tag?post=32590"}],"curies":[{"name":"wp","href":"https:\/\/api.w.org\/{rel}","templated":true}]}}