{"id":29716,"date":"2023-03-02T21:25:19","date_gmt":"2023-03-02T20:25:19","guid":{"rendered":"https:\/\/pistonaddict.com\/product\/1985-porsche-911-carrera-3-2-myytavana\/"},"modified":"2024-03-22T16:10:49","modified_gmt":"2024-03-22T15:10:49","slug":"1985-porsche-911-carrera-3-2-for-sale","status":"publish","type":"product","link":"https:\/\/pistonaddict.com\/fi\/product\/1985-porsche-911-carrera-3-2-for-sale\/","title":{"rendered":"1985 Porsche 911 Carrera 3.2 huutokauppa myyt\u00e4v\u00e4n\u00e4"},"content":{"rendered":"<p><strong>Auton historia<\/strong><\/p>\n<p>Myyj\u00e4 hankki t\u00e4m\u00e4n kauniin 80-luvun puoliv\u00e4lin taikaa edustavan kappaleen vuonna 1997 Luxemburgista ja toi sen Sveitsiin. T\u00e4m\u00e4 Carrera on varustettu vakiona 3,2-litraisella kuusimoottorisella tasakoneistolla, joka tuottaa 231 hv takapy\u00f6rille 5-vaihteisen manuaalivaihteiston v\u00e4lityksell\u00e4. Moottori on polttoaineen ruiskutettu ja pystyy k\u00e4ynnist\u00e4m\u00e4\u00e4n t\u00e4m\u00e4n legendaarisen urheiluauton 5,9 sekunnin 0-100 km\/h -aikaan ja edelleen kunnioitettavaan 245 km\/h (150 mph) huippunopeuteen. Moottoriin ei ole tehty mit\u00e4\u00e4n muutoksia, mutta auto on huollettu s\u00e4\u00e4nn\u00f6llisesti, ja viimeinen dokumentoitu huolto on tehty maaliskuun 2022 lopussa. T\u00e4h\u00e4n menness\u00e4 t\u00e4ll\u00e4 mustalla Porschella on ajettu 168 000 kilometri\u00e4.<\/p>\n<p><strong>Kunto<\/strong><\/p>\n<p>Ajoneuvon kori maalattiin kokonaan uudelleen ja moottori kunnostettiin alkuper\u00e4isi\u00e4 osia ja komponentteja k\u00e4ytt\u00e4en. Se on l\u00e4p\u00e4issyt sveitsil\u00e4isen teknisen tarkastuksen, ja sen tie on laillinen ja rekister\u00f6ity. Ostajaehdokkaat haluavat tiet\u00e4\u00e4, ett\u00e4 \u00f6ljyanalyysi on tehty ja ett\u00e4 tulokset ovat kunnossa. Videoista n\u00e4et, ett\u00e4 \u00f6ljynpaine ja kaikki mittarit toimivat oikein. Alustassa ei ole \u00f6ljyvuotoja, moottoritila on siisti, ja kaikki alkuper\u00e4iset leimat ja merkinn\u00e4t ovat tallella.<\/p>\n<p><strong>Sisustus<\/strong><\/p>\n<p>T\u00e4m\u00e4n vuoden 1985 Porsche 911 Carrera 3.2:n sis\u00e4tilat ovat alkuper\u00e4iset, ja istuimet ja ovikortit on p\u00e4\u00e4llystetty nahalla. Samankaltaisiin autoihin verrattuna t\u00e4ss\u00e4 kolminkertaisessa mustassa esimerkiss\u00e4 (kori, sisustus ja matot &#8211; kaikki mustat) on joitakin ker\u00e4ilij\u00f6iden toivomia lis\u00e4varusteita. Ensimm\u00e4inen niist\u00e4 on nahkaistuimet, joissa on s\u00e4hk\u00f6iset lis\u00e4varusteet. Toiseksi, t\u00e4ss\u00e4 esimerkiss\u00e4 on ilmastointi, joka on tervetullut lis\u00e4 erityisesti kuumina kes\u00e4p\u00e4ivin\u00e4. Kolmanneksi t\u00e4ss\u00e4 vuoden 1985 Carrerassa on my\u00f6s kattoluukku, s\u00e4hk\u00f6toimiset peilit ja ajovalojen pesulaitteet, jotka kaikki lis\u00e4\u00e4v\u00e4t kokemusta. Takalasi on l\u00e4mmitetty, ja autossa on j\u00e4lkiasenteinen stereop\u00e4\u00e4yksikk\u00f6 80-luvun suosikkimusiikkejasi varten. Vaihteistonuppi ei kuitenkaan ole alkuper\u00e4inen.<\/p>\n<p><strong>Ulkoasu ja py\u00f6r\u00e4t<\/strong><\/p>\n<p>Kaikki ulkoverhoilukappaleet, listat ja muoviosat n\u00e4ytt\u00e4v\u00e4t olevan t\u00e4ydellisess\u00e4 kunnossa, eik\u00e4 kattoluukun aukon ymp\u00e4rill\u00e4 ole n\u00e4kyv\u00e4\u00e4 ruostetta, joka on yleinen laji n\u00e4iss\u00e4 autoissa. Se tarkoittaa, ett\u00e4 ajoneuvosta on pidetty hyv\u00e4\u00e4 huolta ja sit\u00e4 k\u00e4ytet\u00e4\u00e4n vain satunnaisesti. Mielenkiintoista on, ett\u00e4 omistaja p\u00e4\u00e4tti parantaa t\u00e4m\u00e4n vuoden 1985 Porsche 911 Carreran kalustoa. Tehdasvalmisteisten 15-tuumaisten py\u00f6rien sijaan t\u00e4ss\u00e4 autossa on 16-tuumaiset Fuchsin alkuper\u00e4iset py\u00f6r\u00e4t, jotka on k\u00e4\u00e4ritty Pirelli P Zero -renkaisiin. Takimmaiset ovat tietysti leve\u00e4mm\u00e4t kuin etummaiset. T\u00e4m\u00e4 on yleinen muutos, joka parantaa sek\u00e4 ulkon\u00e4k\u00f6\u00e4 ett\u00e4 ajodynamiikkaa. Renkaat asennettiin vuoden 2021 puoliv\u00e4liss\u00e4. Auton mukana tulee alkuper\u00e4inen ty\u00f6kalupakki ja varapy\u00f6r\u00e4, mik\u00e4 osoittaa ker\u00e4ilij\u00f6ille suotuisan alkuper\u00e4isyyden tason.<\/p>\n<p><strong>Dokumentaatio<\/strong><\/p>\n<p>T\u00e4m\u00e4 on yksityisomistuksessa oleva ajoneuvo, jolla on asianmukaiset asiakirjat ja joka sijaitsee Genevess\u00e4, Sveitsiss\u00e4. CarVerticalin raportti on puhdas; todisteita onnettomuuksista, onnettomuuskorjauksista tai omistuksesta tai oikeudellisista ongelmista ei ole. S\u00e4\u00e4nn\u00f6llisest\u00e4 huollosta on tiedot vuodelta 2015.<\/p>\n","protected":false},"excerpt":{"rendered":"<p>T\u00e4m\u00e4 vuoden 1985 Carrera 3.2 on viimeistelty tyylikk\u00e4\u00e4seen Porschen mustaan s\u00e4vyyn, ja sen sisustus on yhteensopiva, ja se on t\u00e4ydellinen esimerkki kuljettajan laadukkaasta klassisesta 911:st\u00e4, joka on valmis uuden omistajan nautittavaksi. T\u00e4m\u00e4 Carrera on hyvin huollettu ja luotettava klassikko, jossa on runsaasti suorituskyky\u00e4 ja joka on valmis l\u00e4htem\u00e4\u00e4n kes\u00e4n Euroopan-matkalle luottavaisin mielin. Se on ulkoasultaan merkitsem\u00e4t\u00f6n, siin\u00e4 on useita toivottavia lis\u00e4varusteita ja hyvin varusteltu sisustus.<\/p>\n","protected":false},"featured_media":29662,"comment_status":"open","ping_status":"closed","template":"","meta":{"inline_featured_image":false},"product_cat":[745],"product_tag":[987,818,890,986,817],"acf":[],"yoast_head":"<!-- This site is optimized with the Yoast SEO plugin v22.5 - https:\/\/yoast.com\/wordpress\/plugins\/seo\/ -->\n<title>1985 Porsche 911 Carrera 3.2 huutokauppa myyt\u00e4v\u00e4n\u00e4 - Piston Addict<\/title>\n<meta name=\"description\" content=\"Katso t\u00e4m\u00e4 upea vuoden 1985 Porsche 911 Carrera 3.2 huutokauppa PistonAddict.comissa.\" \/>\n<meta name=\"robots\" content=\"index, follow, max-snippet:-1, max-image-preview:large, max-video-preview:-1\" \/>\n<link rel=\"canonical\" href=\"https:\/\/pistonaddict.com\/fi\/product\/1985-porsche-911-carrera-3-2-for-sale\/\" \/>\n<meta property=\"og:locale\" content=\"fi_FI\" \/>\n<meta property=\"og:type\" content=\"article\" \/>\n<meta property=\"og:title\" content=\"1985 Porsche 911 Carrera 3.2 huutokauppa myyt\u00e4v\u00e4n\u00e4 - Piston Addict\" \/>\n<meta property=\"og:description\" content=\"Katso t\u00e4m\u00e4 upea vuoden 1985 Porsche 911 Carrera 3.2 huutokauppa PistonAddict.comissa.\" \/>\n<meta property=\"og:url\" content=\"https:\/\/pistonaddict.com\/fi\/product\/1985-porsche-911-carrera-3-2-for-sale\/\" \/>\n<meta property=\"og:site_name\" content=\"Piston Addict\" \/>\n<meta property=\"article:modified_time\" content=\"2024-03-22T15:10:49+00:00\" \/>\n<meta property=\"og:image\" content=\"https:\/\/pistonaddict.com\/wp-content\/uploads\/2023\/03\/IMG_2519-scaled.jpeg\" \/>\n\t<meta property=\"og:image:width\" content=\"2560\" \/>\n\t<meta property=\"og:image:height\" content=\"1920\" \/>\n\t<meta property=\"og:image:type\" content=\"image\/jpeg\" \/>\n<meta name=\"twitter:card\" content=\"summary_large_image\" \/>\n<meta name=\"twitter:label1\" content=\"Arvioitu lukuaika\" \/>\n\t<meta name=\"twitter:data1\" content=\"2 minutes\" \/>\n<script type=\"application\/ld+json\" class=\"yoast-schema-graph\">{\"@context\":\"https:\/\/schema.org\",\"@graph\":[{\"@type\":\"WebPage\",\"@id\":\"https:\/\/pistonaddict.com\/fi\/product\/1985-porsche-911-carrera-3-2-for-sale\/\",\"url\":\"https:\/\/pistonaddict.com\/fi\/product\/1985-porsche-911-carrera-3-2-for-sale\/\",\"name\":\"1985 Porsche 911 Carrera 3.2 huutokauppa myyt\u00e4v\u00e4n\u00e4 - Piston Addict\",\"isPartOf\":{\"@id\":\"https:\/\/pistonaddict.com\/fi\/#website\"},\"primaryImageOfPage\":{\"@id\":\"https:\/\/pistonaddict.com\/fi\/product\/1985-porsche-911-carrera-3-2-for-sale\/#primaryimage\"},\"image\":{\"@id\":\"https:\/\/pistonaddict.com\/fi\/product\/1985-porsche-911-carrera-3-2-for-sale\/#primaryimage\"},\"thumbnailUrl\":\"https:\/\/pistonaddict.com\/wp-content\/uploads\/2023\/03\/IMG_2519-scaled.jpeg\",\"datePublished\":\"2023-03-02T20:25:19+00:00\",\"dateModified\":\"2024-03-22T15:10:49+00:00\",\"description\":\"Katso t\u00e4m\u00e4 upea vuoden 1985 Porsche 911 Carrera 3.2 huutokauppa PistonAddict.comissa.\",\"breadcrumb\":{\"@id\":\"https:\/\/pistonaddict.com\/fi\/product\/1985-porsche-911-carrera-3-2-for-sale\/#breadcrumb\"},\"inLanguage\":\"fi\",\"potentialAction\":[{\"@type\":\"ReadAction\",\"target\":[\"https:\/\/pistonaddict.com\/fi\/product\/1985-porsche-911-carrera-3-2-for-sale\/\"]}]},{\"@type\":\"ImageObject\",\"inLanguage\":\"fi\",\"@id\":\"https:\/\/pistonaddict.com\/fi\/product\/1985-porsche-911-carrera-3-2-for-sale\/#primaryimage\",\"url\":\"https:\/\/pistonaddict.com\/wp-content\/uploads\/2023\/03\/IMG_2519-scaled.jpeg\",\"contentUrl\":\"https:\/\/pistonaddict.com\/wp-content\/uploads\/2023\/03\/IMG_2519-scaled.jpeg\",\"width\":2560,\"height\":1920},{\"@type\":\"BreadcrumbList\",\"@id\":\"https:\/\/pistonaddict.com\/fi\/product\/1985-porsche-911-carrera-3-2-for-sale\/#breadcrumb\",\"itemListElement\":[{\"@type\":\"ListItem\",\"position\":1,\"name\":\"Kotisivu\",\"item\":\"https:\/\/pistonaddict.com\/fi\/kotisivu-2\/\"},{\"@type\":\"ListItem\",\"position\":2,\"name\":\"Auctions\",\"item\":\"https:\/\/pistonaddict.com\/auctions-listing\/\"},{\"@type\":\"ListItem\",\"position\":3,\"name\":\"1985 Porsche 911 Carrera 3.2 huutokauppa myyt\u00e4v\u00e4n\u00e4\"}]},{\"@type\":\"WebSite\",\"@id\":\"https:\/\/pistonaddict.com\/fi\/#website\",\"url\":\"https:\/\/pistonaddict.com\/fi\/\",\"name\":\"Piston Addict\",\"description\":\"Only interesting vehicles\",\"publisher\":{\"@id\":\"https:\/\/pistonaddict.com\/fi\/#organization\"},\"potentialAction\":[{\"@type\":\"SearchAction\",\"target\":{\"@type\":\"EntryPoint\",\"urlTemplate\":\"https:\/\/pistonaddict.com\/fi\/?s={search_term_string}\"},\"query-input\":\"required name=search_term_string\"}],\"inLanguage\":\"fi\"},{\"@type\":\"Organization\",\"@id\":\"https:\/\/pistonaddict.com\/fi\/#organization\",\"name\":\"Piston Addict\",\"url\":\"https:\/\/pistonaddict.com\/fi\/\",\"logo\":{\"@type\":\"ImageObject\",\"inLanguage\":\"fi\",\"@id\":\"https:\/\/pistonaddict.com\/fi\/#\/schema\/logo\/image\/\",\"url\":\"https:\/\/pistonaddict.com\/wp-content\/uploads\/2022\/07\/logo-6.png\",\"contentUrl\":\"https:\/\/pistonaddict.com\/wp-content\/uploads\/2022\/07\/logo-6.png\",\"width\":970,\"height\":200,\"caption\":\"Piston Addict\"},\"image\":{\"@id\":\"https:\/\/pistonaddict.com\/fi\/#\/schema\/logo\/image\/\"}}]}<\/script>\n<!-- \/ Yoast SEO plugin. -->","yoast_head_json":{"title":"1985 Porsche 911 Carrera 3.2 huutokauppa myyt\u00e4v\u00e4n\u00e4 - Piston Addict","description":"Katso t\u00e4m\u00e4 upea vuoden 1985 Porsche 911 Carrera 3.2 huutokauppa PistonAddict.comissa.","robots":{"index":"index","follow":"follow","max-snippet":"max-snippet:-1","max-image-preview":"max-image-preview:large","max-video-preview":"max-video-preview:-1"},"canonical":"https:\/\/pistonaddict.com\/fi\/product\/1985-porsche-911-carrera-3-2-for-sale\/","og_locale":"fi_FI","og_type":"article","og_title":"1985 Porsche 911 Carrera 3.2 huutokauppa myyt\u00e4v\u00e4n\u00e4 - Piston Addict","og_description":"Katso t\u00e4m\u00e4 upea vuoden 1985 Porsche 911 Carrera 3.2 huutokauppa PistonAddict.comissa.","og_url":"https:\/\/pistonaddict.com\/fi\/product\/1985-porsche-911-carrera-3-2-for-sale\/","og_site_name":"Piston Addict","article_modified_time":"2024-03-22T15:10:49+00:00","og_image":[{"width":2560,"height":1920,"url":"https:\/\/pistonaddict.com\/wp-content\/uploads\/2023\/03\/IMG_2519-scaled.jpeg","type":"image\/jpeg"}],"twitter_card":"summary_large_image","twitter_misc":{"Arvioitu lukuaika":"2 minutes"},"schema":{"@context":"https:\/\/schema.org","@graph":[{"@type":"WebPage","@id":"https:\/\/pistonaddict.com\/fi\/product\/1985-porsche-911-carrera-3-2-for-sale\/","url":"https:\/\/pistonaddict.com\/fi\/product\/1985-porsche-911-carrera-3-2-for-sale\/","name":"1985 Porsche 911 Carrera 3.2 huutokauppa myyt\u00e4v\u00e4n\u00e4 - Piston Addict","isPartOf":{"@id":"https:\/\/pistonaddict.com\/fi\/#website"},"primaryImageOfPage":{"@id":"https:\/\/pistonaddict.com\/fi\/product\/1985-porsche-911-carrera-3-2-for-sale\/#primaryimage"},"image":{"@id":"https:\/\/pistonaddict.com\/fi\/product\/1985-porsche-911-carrera-3-2-for-sale\/#primaryimage"},"thumbnailUrl":"https:\/\/pistonaddict.com\/wp-content\/uploads\/2023\/03\/IMG_2519-scaled.jpeg","datePublished":"2023-03-02T20:25:19+00:00","dateModified":"2024-03-22T15:10:49+00:00","description":"Katso t\u00e4m\u00e4 upea vuoden 1985 Porsche 911 Carrera 3.2 huutokauppa PistonAddict.comissa.","breadcrumb":{"@id":"https:\/\/pistonaddict.com\/fi\/product\/1985-porsche-911-carrera-3-2-for-sale\/#breadcrumb"},"inLanguage":"fi","potentialAction":[{"@type":"ReadAction","target":["https:\/\/pistonaddict.com\/fi\/product\/1985-porsche-911-carrera-3-2-for-sale\/"]}]},{"@type":"ImageObject","inLanguage":"fi","@id":"https:\/\/pistonaddict.com\/fi\/product\/1985-porsche-911-carrera-3-2-for-sale\/#primaryimage","url":"https:\/\/pistonaddict.com\/wp-content\/uploads\/2023\/03\/IMG_2519-scaled.jpeg","contentUrl":"https:\/\/pistonaddict.com\/wp-content\/uploads\/2023\/03\/IMG_2519-scaled.jpeg","width":2560,"height":1920},{"@type":"BreadcrumbList","@id":"https:\/\/pistonaddict.com\/fi\/product\/1985-porsche-911-carrera-3-2-for-sale\/#breadcrumb","itemListElement":[{"@type":"ListItem","position":1,"name":"Kotisivu","item":"https:\/\/pistonaddict.com\/fi\/kotisivu-2\/"},{"@type":"ListItem","position":2,"name":"Auctions","item":"https:\/\/pistonaddict.com\/auctions-listing\/"},{"@type":"ListItem","position":3,"name":"1985 Porsche 911 Carrera 3.2 huutokauppa myyt\u00e4v\u00e4n\u00e4"}]},{"@type":"WebSite","@id":"https:\/\/pistonaddict.com\/fi\/#website","url":"https:\/\/pistonaddict.com\/fi\/","name":"Piston Addict","description":"Only interesting vehicles","publisher":{"@id":"https:\/\/pistonaddict.com\/fi\/#organization"},"potentialAction":[{"@type":"SearchAction","target":{"@type":"EntryPoint","urlTemplate":"https:\/\/pistonaddict.com\/fi\/?s={search_term_string}"},"query-input":"required name=search_term_string"}],"inLanguage":"fi"},{"@type":"Organization","@id":"https:\/\/pistonaddict.com\/fi\/#organization","name":"Piston Addict","url":"https:\/\/pistonaddict.com\/fi\/","logo":{"@type":"ImageObject","inLanguage":"fi","@id":"https:\/\/pistonaddict.com\/fi\/#\/schema\/logo\/image\/","url":"https:\/\/pistonaddict.com\/wp-content\/uploads\/2022\/07\/logo-6.png","contentUrl":"https:\/\/pistonaddict.com\/wp-content\/uploads\/2022\/07\/logo-6.png","width":970,"height":200,"caption":"Piston Addict"},"image":{"@id":"https:\/\/pistonaddict.com\/fi\/#\/schema\/logo\/image\/"}}]}},"_links":{"self":[{"href":"https:\/\/pistonaddict.com\/fi\/wp-json\/wp\/v2\/product\/29716"}],"collection":[{"href":"https:\/\/pistonaddict.com\/fi\/wp-json\/wp\/v2\/product"}],"about":[{"href":"https:\/\/pistonaddict.com\/fi\/wp-json\/wp\/v2\/types\/product"}],"replies":[{"embeddable":true,"href":"https:\/\/pistonaddict.com\/fi\/wp-json\/wp\/v2\/comments?post=29716"}],"wp:featuredmedia":[{"embeddable":true,"href":"https:\/\/pistonaddict.com\/fi\/wp-json\/wp\/v2\/media\/29662"}],"wp:attachment":[{"href":"https:\/\/pistonaddict.com\/fi\/wp-json\/wp\/v2\/media?parent=29716"}],"wp:term":[{"taxonomy":"product_cat","embeddable":true,"href":"https:\/\/pistonaddict.com\/fi\/wp-json\/wp\/v2\/product_cat?post=29716"},{"taxonomy":"product_tag","embeddable":true,"href":"https:\/\/pistonaddict.com\/fi\/wp-json\/wp\/v2\/product_tag?post=29716"}],"curies":[{"name":"wp","href":"https:\/\/api.w.org\/{rel}","templated":true}]}}