{"id":108781,"date":"2024-06-11T17:05:07","date_gmt":"2024-06-11T15:05:07","guid":{"rendered":"https:\/\/pistonaddict.com\/product\/lamborghini-urraco-p250\/"},"modified":"2024-06-12T09:53:39","modified_gmt":"2024-06-12T07:53:39","slug":"lamborghini-urraco-p250","status":"publish","type":"product","link":"https:\/\/pistonaddict.com\/fi\/product\/lamborghini-urraco-p250\/","title":{"rendered":"Lamborghini Urraco P250"},"content":{"rendered":"<h2>Ulkoasu<\/h2>\n<p>Ulkopuolella italialaisella nelipaikkaisella autolla on kiilamainen siluetti, joka on ominainen useimmille tuon ajan superautoille. Etupuolta hallitsevat ikoniset pop-up-ajovalot, jotka ovat ehdottoman v\u00e4ltt\u00e4m\u00e4tt\u00f6m\u00e4t litte\u00e4n ja matalalle ulottuvan konepellin vuoksi. Sivuja pitkin kulkevat lihaksikkaat py\u00f6r\u00e4kotelot, joissa on alkuper\u00e4iset 14-tuumaiset kevytmetallivanteet, joihin on asennettu aikakauden mukaiset Michelin XWX -renkaat, ovat huomattavimmat. Lis\u00e4ksi tarkka silm\u00e4 huomaa takana ruostumattomasta ter\u00e4ksest\u00e4 valmistetun kaksois-ANSAn, jonka on tehnyt kuuluisa viritt\u00e4j\u00e4 Abart. T\u00e4m\u00e4 auto on maalattu tyylikk\u00e4\u00e4n hopeiseksi, mik\u00e4 antaa aggressiiviselle asenteelle tyylikk\u00e4\u00e4n lis\u00e4n.<\/p>\n<h2>Sisustus<\/h2>\n<p>Ovien avaaminen paljastaa Lambon ylenpalttisen Nero-sisustuksen, josta huomattavimmat ovat kauhalliset etuistuimet, joiden kunnon myyj\u00e4 kuvailee olevan &#8220;uudet&#8221;. Samaa kuvausta voidaan k\u00e4ytt\u00e4\u00e4 takapenkist\u00e4, joka on riitt\u00e4v\u00e4n tilava kahdelle henkil\u00f6lle. Kun kuljettaja on istuutunut, h\u00e4nt\u00e4 odottaa nelipilarinen nahkainen ohjauspy\u00f6r\u00e4, jonka takana on hienostunut mittaristo. Nopeusmittarin, joka ylt\u00e4\u00e4 280 KPH:n nopeuteen, ja 9000 kierroksen kierroslukumittarin lis\u00e4ksi mittaristossa on moottorin l\u00e4mp\u00f6tilan, \u00f6ljynpaineen ja latausj\u00e4nnitteen mittarit. Kojelauta on p\u00e4\u00e4llystetty tummanharmaalla Alcantara-nahalla, joka antaa sille pehme\u00e4n tuntuman ja tasaisen ulkon\u00e4\u00f6n, joka ei heijasta auringons\u00e4teit\u00e4.<\/p>\n<h2>Mekaniikka<\/h2>\n<p>P250-mallina t\u00e4ss\u00e4 Urracossa on 2,5-litrainen V8-moottori, joka tuottaa 250 hevosvoimaa ja yht\u00e4 vaikuttavan 220 N-m v\u00e4\u00e4nt\u00f6momentin. T\u00e4m\u00e4 voima siirret\u00e4\u00e4n 5-vaihteisen manuaalivaihteiston kautta, mik\u00e4 takaa 0-100-ajan vajaassa 7 sekunnissa ja 240 kilometrin tuntinopeuden. N\u00e4m\u00e4 suorituskykyluvut, jotka ovat vaikuttavia jopa nykyp\u00e4iv\u00e4n standardeilla mitattuna, tekiv\u00e4t Uraccosta yhden nopeimmista nelipaikkaisista autoista tuohon aikaan. K\u00e4sittely on tarkkaa erillisjousituksen ansiosta, ja tehokkaat ja kest\u00e4v\u00e4t levyjarrut kaikissa nelj\u00e4ss\u00e4 py\u00f6r\u00e4ss\u00e4 takaavat turvallisen pys\u00e4htymisen.<\/p>\n<h2>Ajoneuvon historia<\/h2>\n<p>T\u00e4ss\u00e4 esill\u00e4 oleva Lamborghini Urraco P250 on valmistettu vuonna 1975, ja sill\u00e4 on t\u00e4ll\u00e4 hetkell\u00e4 78 000 kilometri\u00e4 ajettu. Vuosien varrella autoa ei koskaan k\u00e4ytetty radalla eik\u00e4 se ollut osallisena onnettomuudessa. Vuonna 2016 sille tehtiin laaja peruskorjaus, jonka aikana moottori ja jousitus uusittiin kokonaan, ja korin pohja sai uuden ruostesuojakerroksen. Samalla sis\u00e4tilat verhoiltiin kokonaan uudelleen ja auto maalattiin uudelleen. Silm\u00e4m\u00e4\u00e4r\u00e4iset puutteet rajoittuvat kuljettajan oven pieniin vaurioihin, jotka korjataan ennen luovutusta tulevalle omistajalle. Ajoneuvo on t\u00e4ll\u00e4 hetkell\u00e4 Espanjassa, jossa se on ollut rekister\u00f6ity alusta l\u00e4htien.<\/p>\n<p><strong>Katso kylm\u00e4k\u00e4ynnistysvideo t\u00e4st\u00e4 upeasta<\/strong> <strong>Lamborghini Urraco P250<\/strong> -autosta:<\/p>\n<p><iframe title=\"Cold Start Video of the amazing Lamborghini Urraco P250\" width=\"1200\" height=\"675\" src=\"https:\/\/www.youtube.com\/embed\/wt_LCr8LgcQ?feature=oembed\" frameborder=\"0\" allow=\"accelerometer; autoplay; clipboard-write; encrypted-media; gyroscope; picture-in-picture; web-share\" referrerpolicy=\"strict-origin-when-cross-origin\" allowfullscreen><\/iframe><\/p>\n<p><strong>Ja videokierros :<\/strong><\/p>\n<p><iframe title=\"Video Tour of the Lamborghini Urraco P250\" width=\"1200\" height=\"675\" src=\"https:\/\/www.youtube.com\/embed\/azU8K1XDHOA?feature=oembed\" frameborder=\"0\" allow=\"accelerometer; autoplay; clipboard-write; encrypted-media; gyroscope; picture-in-picture; web-share\" referrerpolicy=\"strict-origin-when-cross-origin\" allowfullscreen><\/iframe><\/p>\n","protected":false},"excerpt":{"rendered":"<p>Urraco on Lamborghinin vuosina 1972-1979 valmistama urheiluauto, joka on saanut nimens\u00e4 Miuran taisteluh\u00e4rk\u00e4rodun mukaan. T\u00e4m\u00e4n Bertonen suunnitteleman nelipaikkaisen auton tarkoituksena oli haastaa Ferrari 308 GT4:n ja legendaarisen Porsche 911:n kaltaiset kilpailijat. Vaikka Urraco oli upea katsella ja helppo ajaa, se ei kuitenkaan ollut suuri myyntimenestys, sill\u00e4 sit\u00e4 valmistettiin vain 791 autoa 7 vuoden aikana. Silti n\u00e4in rajoitettu tuotantom\u00e4\u00e4r\u00e4 takaa yksinoikeuden, joten t\u00e4m\u00e4n hopeisen Lambon ostajat saavat jotain, mit\u00e4 ei n\u00e4hd\u00e4 usein.<\/p>\n","protected":false},"featured_media":108755,"comment_status":"open","ping_status":"closed","template":"","meta":{"inline_featured_image":false},"product_cat":[745],"product_tag":[4210,4213,986,4205],"acf":[],"yoast_head":"<!-- This site is optimized with the Yoast SEO plugin v22.5 - https:\/\/yoast.com\/wordpress\/plugins\/seo\/ -->\n<title>Lamborghini Urraco P250 - Piston Addict<\/title>\n<meta name=\"robots\" content=\"index, follow, max-snippet:-1, max-image-preview:large, max-video-preview:-1\" \/>\n<link rel=\"canonical\" href=\"https:\/\/pistonaddict.com\/fi\/product\/lamborghini-urraco-p250\/\" \/>\n<meta property=\"og:locale\" content=\"fi_FI\" \/>\n<meta property=\"og:type\" content=\"article\" \/>\n<meta property=\"og:title\" content=\"Lamborghini Urraco P250 - Piston Addict\" \/>\n<meta property=\"og:description\" content=\"Urraco on Lamborghinin vuosina 1972-1979 valmistama urheiluauto, joka on saanut nimens\u00e4 Miuran taisteluh\u00e4rk\u00e4rodun mukaan. T\u00e4m\u00e4n Bertonen suunnitteleman nelipaikkaisen auton tarkoituksena oli haastaa Ferrari 308 GT4:n ja legendaarisen Porsche 911:n kaltaiset kilpailijat. Vaikka Urraco oli upea katsella ja helppo ajaa, se ei kuitenkaan ollut suuri myyntimenestys, sill\u00e4 sit\u00e4 valmistettiin vain 791 autoa 7 vuoden aikana. Silti n\u00e4in rajoitettu tuotantom\u00e4\u00e4r\u00e4 takaa yksinoikeuden, joten t\u00e4m\u00e4n hopeisen Lambon ostajat saavat jotain, mit\u00e4 ei n\u00e4hd\u00e4 usein.\" \/>\n<meta property=\"og:url\" content=\"https:\/\/pistonaddict.com\/fi\/product\/lamborghini-urraco-p250\/\" \/>\n<meta property=\"og:site_name\" content=\"Piston Addict\" \/>\n<meta property=\"article:modified_time\" content=\"2024-06-12T07:53:39+00:00\" \/>\n<meta property=\"og:image\" content=\"https:\/\/pistonaddict.com\/wp-content\/uploads\/2024\/06\/IMG-20231121-WA0182.jpg\" \/>\n\t<meta property=\"og:image:width\" content=\"2048\" \/>\n\t<meta property=\"og:image:height\" content=\"1536\" \/>\n\t<meta property=\"og:image:type\" content=\"image\/jpeg\" \/>\n<meta name=\"twitter:card\" content=\"summary_large_image\" \/>\n<meta name=\"twitter:label1\" content=\"Arvioitu lukuaika\" \/>\n\t<meta name=\"twitter:data1\" content=\"2 minutes\" \/>\n<script type=\"application\/ld+json\" class=\"yoast-schema-graph\">{\"@context\":\"https:\/\/schema.org\",\"@graph\":[{\"@type\":\"WebPage\",\"@id\":\"https:\/\/pistonaddict.com\/fi\/product\/lamborghini-urraco-p250\/\",\"url\":\"https:\/\/pistonaddict.com\/fi\/product\/lamborghini-urraco-p250\/\",\"name\":\"Lamborghini Urraco P250 - Piston Addict\",\"isPartOf\":{\"@id\":\"https:\/\/pistonaddict.com\/fi\/#website\"},\"primaryImageOfPage\":{\"@id\":\"https:\/\/pistonaddict.com\/fi\/product\/lamborghini-urraco-p250\/#primaryimage\"},\"image\":{\"@id\":\"https:\/\/pistonaddict.com\/fi\/product\/lamborghini-urraco-p250\/#primaryimage\"},\"thumbnailUrl\":\"https:\/\/pistonaddict.com\/wp-content\/uploads\/2024\/06\/IMG-20231121-WA0182.jpg\",\"datePublished\":\"2024-06-11T15:05:07+00:00\",\"dateModified\":\"2024-06-12T07:53:39+00:00\",\"breadcrumb\":{\"@id\":\"https:\/\/pistonaddict.com\/fi\/product\/lamborghini-urraco-p250\/#breadcrumb\"},\"inLanguage\":\"fi\",\"potentialAction\":[{\"@type\":\"ReadAction\",\"target\":[\"https:\/\/pistonaddict.com\/fi\/product\/lamborghini-urraco-p250\/\"]}]},{\"@type\":\"ImageObject\",\"inLanguage\":\"fi\",\"@id\":\"https:\/\/pistonaddict.com\/fi\/product\/lamborghini-urraco-p250\/#primaryimage\",\"url\":\"https:\/\/pistonaddict.com\/wp-content\/uploads\/2024\/06\/IMG-20231121-WA0182.jpg\",\"contentUrl\":\"https:\/\/pistonaddict.com\/wp-content\/uploads\/2024\/06\/IMG-20231121-WA0182.jpg\",\"width\":2048,\"height\":1536},{\"@type\":\"BreadcrumbList\",\"@id\":\"https:\/\/pistonaddict.com\/fi\/product\/lamborghini-urraco-p250\/#breadcrumb\",\"itemListElement\":[{\"@type\":\"ListItem\",\"position\":1,\"name\":\"Kotisivu\",\"item\":\"https:\/\/pistonaddict.com\/fi\/kotisivu-2\/\"},{\"@type\":\"ListItem\",\"position\":2,\"name\":\"Auctions\",\"item\":\"https:\/\/pistonaddict.com\/auctions-listing\/\"},{\"@type\":\"ListItem\",\"position\":3,\"name\":\"Lamborghini Urraco P250\"}]},{\"@type\":\"WebSite\",\"@id\":\"https:\/\/pistonaddict.com\/fi\/#website\",\"url\":\"https:\/\/pistonaddict.com\/fi\/\",\"name\":\"Piston Addict\",\"description\":\"Only interesting vehicles\",\"publisher\":{\"@id\":\"https:\/\/pistonaddict.com\/fi\/#organization\"},\"potentialAction\":[{\"@type\":\"SearchAction\",\"target\":{\"@type\":\"EntryPoint\",\"urlTemplate\":\"https:\/\/pistonaddict.com\/fi\/?s={search_term_string}\"},\"query-input\":\"required name=search_term_string\"}],\"inLanguage\":\"fi\"},{\"@type\":\"Organization\",\"@id\":\"https:\/\/pistonaddict.com\/fi\/#organization\",\"name\":\"Piston Addict\",\"url\":\"https:\/\/pistonaddict.com\/fi\/\",\"logo\":{\"@type\":\"ImageObject\",\"inLanguage\":\"fi\",\"@id\":\"https:\/\/pistonaddict.com\/fi\/#\/schema\/logo\/image\/\",\"url\":\"https:\/\/pistonaddict.com\/wp-content\/uploads\/2022\/07\/logo-6.png\",\"contentUrl\":\"https:\/\/pistonaddict.com\/wp-content\/uploads\/2022\/07\/logo-6.png\",\"width\":970,\"height\":200,\"caption\":\"Piston Addict\"},\"image\":{\"@id\":\"https:\/\/pistonaddict.com\/fi\/#\/schema\/logo\/image\/\"}}]}<\/script>\n<!-- \/ Yoast SEO plugin. -->","yoast_head_json":{"title":"Lamborghini Urraco P250 - Piston Addict","robots":{"index":"index","follow":"follow","max-snippet":"max-snippet:-1","max-image-preview":"max-image-preview:large","max-video-preview":"max-video-preview:-1"},"canonical":"https:\/\/pistonaddict.com\/fi\/product\/lamborghini-urraco-p250\/","og_locale":"fi_FI","og_type":"article","og_title":"Lamborghini Urraco P250 - Piston Addict","og_description":"Urraco on Lamborghinin vuosina 1972-1979 valmistama urheiluauto, joka on saanut nimens\u00e4 Miuran taisteluh\u00e4rk\u00e4rodun mukaan. T\u00e4m\u00e4n Bertonen suunnitteleman nelipaikkaisen auton tarkoituksena oli haastaa Ferrari 308 GT4:n ja legendaarisen Porsche 911:n kaltaiset kilpailijat. Vaikka Urraco oli upea katsella ja helppo ajaa, se ei kuitenkaan ollut suuri myyntimenestys, sill\u00e4 sit\u00e4 valmistettiin vain 791 autoa 7 vuoden aikana. Silti n\u00e4in rajoitettu tuotantom\u00e4\u00e4r\u00e4 takaa yksinoikeuden, joten t\u00e4m\u00e4n hopeisen Lambon ostajat saavat jotain, mit\u00e4 ei n\u00e4hd\u00e4 usein.","og_url":"https:\/\/pistonaddict.com\/fi\/product\/lamborghini-urraco-p250\/","og_site_name":"Piston Addict","article_modified_time":"2024-06-12T07:53:39+00:00","og_image":[{"width":2048,"height":1536,"url":"https:\/\/pistonaddict.com\/wp-content\/uploads\/2024\/06\/IMG-20231121-WA0182.jpg","type":"image\/jpeg"}],"twitter_card":"summary_large_image","twitter_misc":{"Arvioitu lukuaika":"2 minutes"},"schema":{"@context":"https:\/\/schema.org","@graph":[{"@type":"WebPage","@id":"https:\/\/pistonaddict.com\/fi\/product\/lamborghini-urraco-p250\/","url":"https:\/\/pistonaddict.com\/fi\/product\/lamborghini-urraco-p250\/","name":"Lamborghini Urraco P250 - Piston Addict","isPartOf":{"@id":"https:\/\/pistonaddict.com\/fi\/#website"},"primaryImageOfPage":{"@id":"https:\/\/pistonaddict.com\/fi\/product\/lamborghini-urraco-p250\/#primaryimage"},"image":{"@id":"https:\/\/pistonaddict.com\/fi\/product\/lamborghini-urraco-p250\/#primaryimage"},"thumbnailUrl":"https:\/\/pistonaddict.com\/wp-content\/uploads\/2024\/06\/IMG-20231121-WA0182.jpg","datePublished":"2024-06-11T15:05:07+00:00","dateModified":"2024-06-12T07:53:39+00:00","breadcrumb":{"@id":"https:\/\/pistonaddict.com\/fi\/product\/lamborghini-urraco-p250\/#breadcrumb"},"inLanguage":"fi","potentialAction":[{"@type":"ReadAction","target":["https:\/\/pistonaddict.com\/fi\/product\/lamborghini-urraco-p250\/"]}]},{"@type":"ImageObject","inLanguage":"fi","@id":"https:\/\/pistonaddict.com\/fi\/product\/lamborghini-urraco-p250\/#primaryimage","url":"https:\/\/pistonaddict.com\/wp-content\/uploads\/2024\/06\/IMG-20231121-WA0182.jpg","contentUrl":"https:\/\/pistonaddict.com\/wp-content\/uploads\/2024\/06\/IMG-20231121-WA0182.jpg","width":2048,"height":1536},{"@type":"BreadcrumbList","@id":"https:\/\/pistonaddict.com\/fi\/product\/lamborghini-urraco-p250\/#breadcrumb","itemListElement":[{"@type":"ListItem","position":1,"name":"Kotisivu","item":"https:\/\/pistonaddict.com\/fi\/kotisivu-2\/"},{"@type":"ListItem","position":2,"name":"Auctions","item":"https:\/\/pistonaddict.com\/auctions-listing\/"},{"@type":"ListItem","position":3,"name":"Lamborghini Urraco P250"}]},{"@type":"WebSite","@id":"https:\/\/pistonaddict.com\/fi\/#website","url":"https:\/\/pistonaddict.com\/fi\/","name":"Piston Addict","description":"Only interesting vehicles","publisher":{"@id":"https:\/\/pistonaddict.com\/fi\/#organization"},"potentialAction":[{"@type":"SearchAction","target":{"@type":"EntryPoint","urlTemplate":"https:\/\/pistonaddict.com\/fi\/?s={search_term_string}"},"query-input":"required name=search_term_string"}],"inLanguage":"fi"},{"@type":"Organization","@id":"https:\/\/pistonaddict.com\/fi\/#organization","name":"Piston Addict","url":"https:\/\/pistonaddict.com\/fi\/","logo":{"@type":"ImageObject","inLanguage":"fi","@id":"https:\/\/pistonaddict.com\/fi\/#\/schema\/logo\/image\/","url":"https:\/\/pistonaddict.com\/wp-content\/uploads\/2022\/07\/logo-6.png","contentUrl":"https:\/\/pistonaddict.com\/wp-content\/uploads\/2022\/07\/logo-6.png","width":970,"height":200,"caption":"Piston Addict"},"image":{"@id":"https:\/\/pistonaddict.com\/fi\/#\/schema\/logo\/image\/"}}]}},"_links":{"self":[{"href":"https:\/\/pistonaddict.com\/fi\/wp-json\/wp\/v2\/product\/108781"}],"collection":[{"href":"https:\/\/pistonaddict.com\/fi\/wp-json\/wp\/v2\/product"}],"about":[{"href":"https:\/\/pistonaddict.com\/fi\/wp-json\/wp\/v2\/types\/product"}],"replies":[{"embeddable":true,"href":"https:\/\/pistonaddict.com\/fi\/wp-json\/wp\/v2\/comments?post=108781"}],"wp:featuredmedia":[{"embeddable":true,"href":"https:\/\/pistonaddict.com\/fi\/wp-json\/wp\/v2\/media\/108755"}],"wp:attachment":[{"href":"https:\/\/pistonaddict.com\/fi\/wp-json\/wp\/v2\/media?parent=108781"}],"wp:term":[{"taxonomy":"product_cat","embeddable":true,"href":"https:\/\/pistonaddict.com\/fi\/wp-json\/wp\/v2\/product_cat?post=108781"},{"taxonomy":"product_tag","embeddable":true,"href":"https:\/\/pistonaddict.com\/fi\/wp-json\/wp\/v2\/product_tag?post=108781"}],"curies":[{"name":"wp","href":"https:\/\/api.w.org\/{rel}","templated":true}]}}